{"id":8781,"date":"2022-11-03T15:58:05","date_gmt":"2022-11-03T14:58:05","guid":{"rendered":"https:\/\/softicated.com\/?post_type=product&#038;p=8781"},"modified":"2026-03-16T11:04:05","modified_gmt":"2026-03-16T10:04:05","slug":"silhouette-bronze","status":"publish","type":"product","link":"https:\/\/softicated.com\/en\/produit\/silhouette-bronze\/","title":{"rendered":"Designer table lamp - Silhouette Bronze"},"content":{"rendered":"<p>The Silhouette bronze version reinterprets the couture gesture in a deeper, denser register. Its vertical line, refined by a gentle curve, evokes the noble, timeless silhouette of a body in motion. Rising like a sculpted figure, sober yet expressive. Its base strengthens stability while suggesting fluid extension.<\/p>\n<p>Bronze, with its dark, satin tone, gives Silhouette a muted, almost mineral intensity. Unlike brighter finishes, it absorbs more light, giving the lamp a mysterious elegance, at once discreet and commanding. The fine vertical light slit stands out subtly against the dark surface like a delicately drawn luminous stroke.<\/p>\n<p>This finish emphasizes both tactile and visual character. The bronze-tinted aluminum offers a slightly textured matte look, pleasant to the touch and resistant to marks. The 7W LED source, integrated behind a concealed diffuser, creates soft, stable, shadow-free illumination.<\/p>\n<p>Equipped with Casambi Bluetooth technology, the lamp\u2019s brightness can be remotely adjusted via smartphone or tablet. With its sober, sophisticated aesthetic, the bronze version is perfectly suited to settings seeking controlled light and subtle presence : intimate lounges, elegant bedrooms, or refined reception areas.<\/p>\n<p>Treat yourself to this refined creation and let Silhouette bronze illuminate your interiors with subtlety and character.<\/p>","protected":false},"excerpt":{"rendered":"<p>La lampe Silhouette en finition bronze r\u00e9interpr\u00e8te le geste couture dans un registre plus profond, plus dense. Sa ligne verticale, affin\u00e9e par une courbure l\u00e9g\u00e8re \u00e9voque la silhouette noble et intemporelle d\u2019un corps en mouvement. Elle se dresse comme une figure sculpt\u00e9e, sobre mais expressive avec \u00e0 sa base une extension qui renforce sa stabilit\u00e9 [&hellip;]<\/p>","protected":false},"featured_media":12245,"comment_status":"closed","ping_status":"closed","template":"","meta":{"_acf_changed":false},"product_brand":[],"product_cat":[168],"product_tag":[],"collections":[],"awards":[151],"by_color":[],"class_list":{"0":"post-8781","1":"product","2":"type-product","3":"status-publish","4":"has-post-thumbnail","6":"product_cat-lampe-de-table","7":"product_shipping_class-luminaire-silhouette","8":"awards-archiproducts-2023-longlisted-product","10":"first","11":"instock","12":"shipping-taxable","13":"purchasable","14":"product-type-simple"},"acf":[],"yoast_head":"<!-- This site is optimized with the Yoast SEO Premium plugin v25.7.1 (Yoast SEO v26.9) - https:\/\/yoast.com\/product\/yoast-seo-premium-wordpress\/ -->\n<title>Lampe de table design - Silhouette Bronze - Softicated<\/title>\n<meta name=\"description\" content=\"La lampe de table silhouette est \u00e9quip\u00e9e d\u2019une source LED de 7W. Le ruban LED est recouvert d\u2019une mati\u00e8re translucide qui permet d\u2019att\u00e9nuer l&#039;intensit\u00e9...\" \/>\n<meta name=\"robots\" content=\"index, follow, max-snippet:-1, max-image-preview:large, max-video-preview:-1\" \/>\n<link rel=\"canonical\" href=\"https:\/\/softicated.com\/en\/produit\/silhouette-bronze\/\" \/>\n<meta property=\"og:locale\" content=\"en_GB\" \/>\n<meta property=\"og:type\" content=\"article\" \/>\n<meta property=\"og:title\" content=\"Lampe de table design - Silhouette Bronze\" \/>\n<meta property=\"og:description\" content=\"La lampe de table silhouette est \u00e9quip\u00e9e d\u2019une source LED de 7W. Le ruban LED est recouvert d\u2019une mati\u00e8re translucide qui permet d\u2019att\u00e9nuer l&#039;intensit\u00e9...\" \/>\n<meta property=\"og:url\" content=\"https:\/\/softicated.com\/en\/produit\/silhouette-bronze\/\" \/>\n<meta property=\"og:site_name\" content=\"Softicated\" \/>\n<meta property=\"article:publisher\" content=\"https:\/\/www.facebook.com\/Softicated\" \/>\n<meta property=\"article:modified_time\" content=\"2026-03-16T10:04:05+00:00\" \/>\n<meta property=\"og:image\" content=\"https:\/\/softicated.com\/wp-content\/uploads\/2022\/11\/preview_silhouette_bronze_on_01-1-scaled-1.webp\" \/>\n\t<meta property=\"og:image:width\" content=\"1829\" \/>\n\t<meta property=\"og:image:height\" content=\"2560\" \/>\n\t<meta property=\"og:image:type\" content=\"image\/webp\" \/>\n<meta name=\"twitter:card\" content=\"summary_large_image\" \/>\n<script type=\"application\/ld+json\" class=\"yoast-schema-graph\">{\"@context\":\"https:\/\/schema.org\",\"@graph\":[{\"@type\":\"WebPage\",\"@id\":\"https:\/\/softicated.com\/produit\/silhouette-bronze\/\",\"url\":\"https:\/\/softicated.com\/produit\/silhouette-bronze\/\",\"name\":\"Lampe de table design - Silhouette Bronze - Softicated\",\"isPartOf\":{\"@id\":\"https:\/\/softicated.com\/#website\"},\"primaryImageOfPage\":{\"@id\":\"https:\/\/softicated.com\/produit\/silhouette-bronze\/#primaryimage\"},\"image\":{\"@id\":\"https:\/\/softicated.com\/produit\/silhouette-bronze\/#primaryimage\"},\"thumbnailUrl\":\"https:\/\/softicated.com\/wp-content\/uploads\/2022\/11\/preview_silhouette_bronze_on_01-1-scaled-1.webp\",\"datePublished\":\"2022-11-03T14:58:05+00:00\",\"dateModified\":\"2026-03-16T10:04:05+00:00\",\"description\":\"La lampe de table silhouette est \u00e9quip\u00e9e d\u2019une source LED de 7W. Le ruban LED est recouvert d\u2019une mati\u00e8re translucide qui permet d\u2019att\u00e9nuer l'intensit\u00e9...\",\"breadcrumb\":{\"@id\":\"https:\/\/softicated.com\/produit\/silhouette-bronze\/#breadcrumb\"},\"inLanguage\":\"en-GB\",\"potentialAction\":[{\"@type\":\"ReadAction\",\"target\":[\"https:\/\/softicated.com\/produit\/silhouette-bronze\/\"]}]},{\"@type\":\"ImageObject\",\"inLanguage\":\"en-GB\",\"@id\":\"https:\/\/softicated.com\/produit\/silhouette-bronze\/#primaryimage\",\"url\":\"https:\/\/softicated.com\/wp-content\/uploads\/2022\/11\/preview_silhouette_bronze_on_01-1-scaled-1.webp\",\"contentUrl\":\"https:\/\/softicated.com\/wp-content\/uploads\/2022\/11\/preview_silhouette_bronze_on_01-1-scaled-1.webp\",\"width\":1829,\"height\":2560,\"caption\":\"Silhouette - Bronze\"},{\"@type\":\"BreadcrumbList\",\"@id\":\"https:\/\/softicated.com\/produit\/silhouette-bronze\/#breadcrumb\",\"itemListElement\":[{\"@type\":\"ListItem\",\"position\":1,\"name\":\"Accueil\",\"item\":\"https:\/\/softicated.com\/\"},{\"@type\":\"ListItem\",\"position\":2,\"name\":\"Produits Mobilier Premium Softicated\",\"item\":\"https:\/\/softicated.com\/produits\/\"},{\"@type\":\"ListItem\",\"position\":3,\"name\":\"Luminaire Design\",\"item\":\"https:\/\/softicated.com\/categorie-produit\/luminaire\/\"},{\"@type\":\"ListItem\",\"position\":4,\"name\":\"Lampe de table design\",\"item\":\"https:\/\/softicated.com\/categorie-produit\/luminaire\/lampe-de-table\/\"},{\"@type\":\"ListItem\",\"position\":5,\"name\":\"Silhouette Bronze\"}]},{\"@type\":\"WebSite\",\"@id\":\"https:\/\/softicated.com\/#website\",\"url\":\"https:\/\/softicated.com\/\",\"name\":\"Softicated\",\"description\":\"Cr\u00e9ateur de meubles, luminaires et tapis premium\",\"publisher\":{\"@id\":\"https:\/\/softicated.com\/#organization\"},\"potentialAction\":[{\"@type\":\"SearchAction\",\"target\":{\"@type\":\"EntryPoint\",\"urlTemplate\":\"https:\/\/softicated.com\/?s={search_term_string}\"},\"query-input\":{\"@type\":\"PropertyValueSpecification\",\"valueRequired\":true,\"valueName\":\"search_term_string\"}}],\"inLanguage\":\"en-GB\"},{\"@type\":\"Organization\",\"@id\":\"https:\/\/softicated.com\/#organization\",\"name\":\"Softicated\",\"url\":\"https:\/\/softicated.com\/\",\"logo\":{\"@type\":\"ImageObject\",\"inLanguage\":\"en-GB\",\"@id\":\"https:\/\/softicated.com\/#\/schema\/logo\/image\/\",\"url\":\"https:\/\/softicated.com\/wp-content\/uploads\/2025\/11\/logo-dark-2.svg\",\"contentUrl\":\"https:\/\/softicated.com\/wp-content\/uploads\/2025\/11\/logo-dark-2.svg\",\"caption\":\"Softicated\"},\"image\":{\"@id\":\"https:\/\/softicated.com\/#\/schema\/logo\/image\/\"},\"sameAs\":[\"https:\/\/www.facebook.com\/Softicated\",\"https:\/\/www.pinterest.com\/softicateddesign\",\"https:\/\/www.instagram.com\/softicated.design\"]}]}<\/script>\n<!-- \/ Yoast SEO Premium plugin. -->","yoast_head_json":{"title":"Designer table lamp - Silhouette Bronze - Softicated","description":"La lampe de table silhouette est \u00e9quip\u00e9e d\u2019une source LED de 7W. Le ruban LED est recouvert d\u2019une mati\u00e8re translucide qui permet d\u2019att\u00e9nuer l'intensit\u00e9...","robots":{"index":"index","follow":"follow","max-snippet":"max-snippet:-1","max-image-preview":"max-image-preview:large","max-video-preview":"max-video-preview:-1"},"canonical":"https:\/\/softicated.com\/en\/produit\/silhouette-bronze\/","og_locale":"en_GB","og_type":"article","og_title":"Lampe de table design - Silhouette Bronze","og_description":"La lampe de table silhouette est \u00e9quip\u00e9e d\u2019une source LED de 7W. Le ruban LED est recouvert d\u2019une mati\u00e8re translucide qui permet d\u2019att\u00e9nuer l'intensit\u00e9...","og_url":"https:\/\/softicated.com\/en\/produit\/silhouette-bronze\/","og_site_name":"Softicated","article_publisher":"https:\/\/www.facebook.com\/Softicated","article_modified_time":"2026-03-16T10:04:05+00:00","og_image":[{"width":1829,"height":2560,"url":"https:\/\/softicated.com\/wp-content\/uploads\/2022\/11\/preview_silhouette_bronze_on_01-1-scaled-1.webp","type":"image\/webp"}],"twitter_card":"summary_large_image","schema":{"@context":"https:\/\/schema.org","@graph":[{"@type":"WebPage","@id":"https:\/\/softicated.com\/produit\/silhouette-bronze\/","url":"https:\/\/softicated.com\/produit\/silhouette-bronze\/","name":"Designer table lamp - Silhouette Bronze - Softicated","isPartOf":{"@id":"https:\/\/softicated.com\/#website"},"primaryImageOfPage":{"@id":"https:\/\/softicated.com\/produit\/silhouette-bronze\/#primaryimage"},"image":{"@id":"https:\/\/softicated.com\/produit\/silhouette-bronze\/#primaryimage"},"thumbnailUrl":"https:\/\/softicated.com\/wp-content\/uploads\/2022\/11\/preview_silhouette_bronze_on_01-1-scaled-1.webp","datePublished":"2022-11-03T14:58:05+00:00","dateModified":"2026-03-16T10:04:05+00:00","description":"La lampe de table silhouette est \u00e9quip\u00e9e d\u2019une source LED de 7W. Le ruban LED est recouvert d\u2019une mati\u00e8re translucide qui permet d\u2019att\u00e9nuer l'intensit\u00e9...","breadcrumb":{"@id":"https:\/\/softicated.com\/produit\/silhouette-bronze\/#breadcrumb"},"inLanguage":"en-GB","potentialAction":[{"@type":"ReadAction","target":["https:\/\/softicated.com\/produit\/silhouette-bronze\/"]}]},{"@type":"ImageObject","inLanguage":"en-GB","@id":"https:\/\/softicated.com\/produit\/silhouette-bronze\/#primaryimage","url":"https:\/\/softicated.com\/wp-content\/uploads\/2022\/11\/preview_silhouette_bronze_on_01-1-scaled-1.webp","contentUrl":"https:\/\/softicated.com\/wp-content\/uploads\/2022\/11\/preview_silhouette_bronze_on_01-1-scaled-1.webp","width":1829,"height":2560,"caption":"Silhouette - Bronze"},{"@type":"BreadcrumbList","@id":"https:\/\/softicated.com\/produit\/silhouette-bronze\/#breadcrumb","itemListElement":[{"@type":"ListItem","position":1,"name":"Accueil","item":"https:\/\/softicated.com\/"},{"@type":"ListItem","position":2,"name":"Produits Mobilier Premium Softicated","item":"https:\/\/softicated.com\/produits\/"},{"@type":"ListItem","position":3,"name":"Luminaire Design","item":"https:\/\/softicated.com\/categorie-produit\/luminaire\/"},{"@type":"ListItem","position":4,"name":"Lampe de table design","item":"https:\/\/softicated.com\/categorie-produit\/luminaire\/lampe-de-table\/"},{"@type":"ListItem","position":5,"name":"Silhouette Bronze"}]},{"@type":"WebSite","@id":"https:\/\/softicated.com\/#website","url":"https:\/\/softicated.com\/","name":"Softicated","description":"Designer of premium furniture, lighting and rugs","publisher":{"@id":"https:\/\/softicated.com\/#organization"},"potentialAction":[{"@type":"SearchAction","target":{"@type":"EntryPoint","urlTemplate":"https:\/\/softicated.com\/?s={search_term_string}"},"query-input":{"@type":"PropertyValueSpecification","valueRequired":true,"valueName":"search_term_string"}}],"inLanguage":"en-GB"},{"@type":"Organization","@id":"https:\/\/softicated.com\/#organization","name":"Softicated","url":"https:\/\/softicated.com\/","logo":{"@type":"ImageObject","inLanguage":"en-GB","@id":"https:\/\/softicated.com\/#\/schema\/logo\/image\/","url":"https:\/\/softicated.com\/wp-content\/uploads\/2025\/11\/logo-dark-2.svg","contentUrl":"https:\/\/softicated.com\/wp-content\/uploads\/2025\/11\/logo-dark-2.svg","caption":"Softicated"},"image":{"@id":"https:\/\/softicated.com\/#\/schema\/logo\/image\/"},"sameAs":["https:\/\/www.facebook.com\/Softicated","https:\/\/www.pinterest.com\/softicateddesign","https:\/\/www.instagram.com\/softicated.design"]}]}},"_links":{"self":[{"href":"https:\/\/softicated.com\/en\/wp-json\/wp\/v2\/product\/8781","targetHints":{"allow":["GET"]}}],"collection":[{"href":"https:\/\/softicated.com\/en\/wp-json\/wp\/v2\/product"}],"about":[{"href":"https:\/\/softicated.com\/en\/wp-json\/wp\/v2\/types\/product"}],"replies":[{"embeddable":true,"href":"https:\/\/softicated.com\/en\/wp-json\/wp\/v2\/comments?post=8781"}],"wp:featuredmedia":[{"embeddable":true,"href":"https:\/\/softicated.com\/en\/wp-json\/wp\/v2\/media\/12245"}],"wp:attachment":[{"href":"https:\/\/softicated.com\/en\/wp-json\/wp\/v2\/media?parent=8781"}],"wp:term":[{"taxonomy":"product_brand","embeddable":true,"href":"https:\/\/softicated.com\/en\/wp-json\/wp\/v2\/product_brand?post=8781"},{"taxonomy":"product_cat","embeddable":true,"href":"https:\/\/softicated.com\/en\/wp-json\/wp\/v2\/product_cat?post=8781"},{"taxonomy":"product_tag","embeddable":true,"href":"https:\/\/softicated.com\/en\/wp-json\/wp\/v2\/product_tag?post=8781"},{"taxonomy":"collections","embeddable":true,"href":"https:\/\/softicated.com\/en\/wp-json\/wp\/v2\/collections?post=8781"},{"taxonomy":"awards","embeddable":true,"href":"https:\/\/softicated.com\/en\/wp-json\/wp\/v2\/awards?post=8781"},{"taxonomy":"by_color","embeddable":true,"href":"https:\/\/softicated.com\/en\/wp-json\/wp\/v2\/by_color?post=8781"}],"curies":[{"name":"wp","href":"https:\/\/api.w.org\/{rel}","templated":true}]}}