{"id":8717,"date":"2022-10-19T09:51:04","date_gmt":"2022-10-19T07:51:04","guid":{"rendered":"https:\/\/softicated.com\/?post_type=product&#038;p=8717"},"modified":"2026-03-24T05:37:16","modified_gmt":"2026-03-24T04:37:16","slug":"flying-fish-noir","status":"publish","type":"product","link":"https:\/\/softicated.com\/en\/produit\/flying-fish-noir\/","title":{"rendered":"Stylish beside lamp Flying Fish Black"},"content":{"rendered":"<p>Nero Marquina marble is a stone of striking elegance, characterized by its deep black color and bright white veins that form unique natural patterns. Both modern and noble, the matte-polished finish of the base enhances the subtlety, depth, and richness of this natural stone, which has been selected for its sophistication and elegance.<\/p>\n<p>The combination of Nero Marquina black marble and glossy black ceramic embodies a refined, distinctly modern aesthetic. The deep black of Nero Marquina marble, scattered with fine white veins, blends perfectly with the mirror-like shine of glossy black ceramic, enhancing this version of the Flying Fish lamp.<\/p>\n<p>This pairing of noble and refined materials plays with dark tones for a result that is both bold and timeless. Black marble, less traditional than white yet equally chic, exudes a more contemporary allure. Black, a symbol of sophistication and mystery, brings a dramatic and luxurious touch to the ceramic.<\/p>\n<p>The contrast between the organic matte texture of the marble and the perfectly smooth surface of the black ceramic gives the lamp a unique and contemporary character. Together, they create the ideal fusion for interiors seeking modernity, understated luxury, and minimalist design.<\/p>\n<p>Choosing black for the Flying Fish lamp means opting for a finish that is both timeless and modern, adding a touch of sophistication and style to your personal or professional space.<\/p>","protected":false},"excerpt":{"rendered":"<p>Le marbre Nero Marquina est une pierre d\u2019une \u00e9l\u00e9gance saisissante, caract\u00e9ris\u00e9e par son noir profond et ses veines blanches \u00e9clatantes qui dessinent des motifs naturels uniques. \u00c0 la fois moderne et noble, le pied en finition polie mate pour un rendu plus subtil r\u00e9v\u00e8le toute la profondeur et la richesse de cette pierre naturelle. Ce [&hellip;]<\/p>","protected":false},"featured_media":12256,"comment_status":"closed","ping_status":"closed","template":"","meta":{"_acf_changed":false},"product_brand":[],"product_cat":[169,168],"product_tag":[],"collections":[],"awards":[148,149,139,138,150],"by_color":[],"class_list":{"0":"post-8717","1":"product","2":"type-product","3":"status-publish","4":"has-post-thumbnail","6":"product_cat-lampe-de-chevet","7":"product_cat-lampe-de-table","8":"product_shipping_class-luminaire-flying-fish","9":"awards-big-see-awards-2023-softicated-flyingfish","10":"awards-iconic-awards-2023-softicated-flying-fish","11":"awards-ida-design-awards-gold-winner-2022","12":"awards-ida-design-awards-silver-winner-2022","13":"awards-kyoto-global-design-awards-2023-softicated-flying-fish","15":"first","16":"instock","17":"shipping-taxable","18":"purchasable","19":"product-type-simple"},"acf":[],"yoast_head":"<!-- This site is optimized with the Yoast SEO Premium plugin v25.7.1 (Yoast SEO v26.9) - https:\/\/yoast.com\/product\/yoast-seo-premium-wordpress\/ -->\n<title>Lampe de chevet design Flying Fish Noir - Softicated<\/title>\n<meta name=\"description\" content=\"Comme son nom l\u2019indique, cette lampe de table ressemble \u00e0 un poisson volant et plus particuli\u00e8rement \u00e0 une baleine. Elle est disponible en cinq coloris.\" \/>\n<meta name=\"robots\" content=\"index, follow, max-snippet:-1, max-image-preview:large, max-video-preview:-1\" \/>\n<link rel=\"canonical\" href=\"https:\/\/softicated.com\/en\/produit\/flying-fish-noir\/\" \/>\n<meta property=\"og:locale\" content=\"en_GB\" \/>\n<meta property=\"og:type\" content=\"article\" \/>\n<meta property=\"og:title\" content=\"Lampe de chevet design Flying Fish Noir\" \/>\n<meta property=\"og:description\" content=\"Comme son nom l\u2019indique, cette lampe de table ressemble \u00e0 un poisson volant et plus particuli\u00e8rement \u00e0 une baleine. Elle est disponible en cinq coloris.\" \/>\n<meta property=\"og:url\" content=\"https:\/\/softicated.com\/en\/produit\/flying-fish-noir\/\" \/>\n<meta property=\"og:site_name\" content=\"Softicated\" \/>\n<meta property=\"article:publisher\" content=\"https:\/\/www.facebook.com\/Softicated\" \/>\n<meta property=\"article:modified_time\" content=\"2026-03-24T04:37:16+00:00\" \/>\n<meta property=\"og:image\" content=\"https:\/\/softicated.com\/wp-content\/uploads\/2022\/10\/Flying_fish_black_off_01-1.webp\" \/>\n\t<meta property=\"og:image:width\" content=\"1300\" \/>\n\t<meta property=\"og:image:height\" content=\"1300\" \/>\n\t<meta property=\"og:image:type\" content=\"image\/webp\" \/>\n<meta name=\"twitter:card\" content=\"summary_large_image\" \/>\n<script type=\"application\/ld+json\" class=\"yoast-schema-graph\">{\"@context\":\"https:\/\/schema.org\",\"@graph\":[{\"@type\":\"WebPage\",\"@id\":\"https:\/\/softicated.com\/produit\/flying-fish-noir\/\",\"url\":\"https:\/\/softicated.com\/produit\/flying-fish-noir\/\",\"name\":\"Lampe de chevet design Flying Fish Noir - Softicated\",\"isPartOf\":{\"@id\":\"https:\/\/softicated.com\/#website\"},\"primaryImageOfPage\":{\"@id\":\"https:\/\/softicated.com\/produit\/flying-fish-noir\/#primaryimage\"},\"image\":{\"@id\":\"https:\/\/softicated.com\/produit\/flying-fish-noir\/#primaryimage\"},\"thumbnailUrl\":\"https:\/\/softicated.com\/wp-content\/uploads\/2022\/10\/Flying_fish_black_off_01-1.webp\",\"datePublished\":\"2022-10-19T07:51:04+00:00\",\"dateModified\":\"2026-03-24T04:37:16+00:00\",\"description\":\"Comme son nom l\u2019indique, cette lampe de table ressemble \u00e0 un poisson volant et plus particuli\u00e8rement \u00e0 une baleine. Elle est disponible en cinq coloris.\",\"breadcrumb\":{\"@id\":\"https:\/\/softicated.com\/produit\/flying-fish-noir\/#breadcrumb\"},\"inLanguage\":\"en-GB\",\"potentialAction\":[{\"@type\":\"ReadAction\",\"target\":[\"https:\/\/softicated.com\/produit\/flying-fish-noir\/\"]}]},{\"@type\":\"ImageObject\",\"inLanguage\":\"en-GB\",\"@id\":\"https:\/\/softicated.com\/produit\/flying-fish-noir\/#primaryimage\",\"url\":\"https:\/\/softicated.com\/wp-content\/uploads\/2022\/10\/Flying_fish_black_off_01-1.webp\",\"contentUrl\":\"https:\/\/softicated.com\/wp-content\/uploads\/2022\/10\/Flying_fish_black_off_01-1.webp\",\"width\":1300,\"height\":1300,\"caption\":\"Flying Fish - Noir\"},{\"@type\":\"BreadcrumbList\",\"@id\":\"https:\/\/softicated.com\/produit\/flying-fish-noir\/#breadcrumb\",\"itemListElement\":[{\"@type\":\"ListItem\",\"position\":1,\"name\":\"Accueil\",\"item\":\"https:\/\/softicated.com\/\"},{\"@type\":\"ListItem\",\"position\":2,\"name\":\"Produits Mobilier Premium Softicated\",\"item\":\"https:\/\/softicated.com\/produits\/\"},{\"@type\":\"ListItem\",\"position\":3,\"name\":\"Luminaire Design\",\"item\":\"https:\/\/softicated.com\/categorie-produit\/luminaire\/\"},{\"@type\":\"ListItem\",\"position\":4,\"name\":\"Lampe de chevet design\",\"item\":\"https:\/\/softicated.com\/categorie-produit\/luminaire\/lampe-de-chevet\/\"},{\"@type\":\"ListItem\",\"position\":5,\"name\":\"Flying Fish noir\"}]},{\"@type\":\"WebSite\",\"@id\":\"https:\/\/softicated.com\/#website\",\"url\":\"https:\/\/softicated.com\/\",\"name\":\"Softicated\",\"description\":\"Cr\u00e9ateur de meubles, luminaires et tapis premium\",\"publisher\":{\"@id\":\"https:\/\/softicated.com\/#organization\"},\"potentialAction\":[{\"@type\":\"SearchAction\",\"target\":{\"@type\":\"EntryPoint\",\"urlTemplate\":\"https:\/\/softicated.com\/?s={search_term_string}\"},\"query-input\":{\"@type\":\"PropertyValueSpecification\",\"valueRequired\":true,\"valueName\":\"search_term_string\"}}],\"inLanguage\":\"en-GB\"},{\"@type\":\"Organization\",\"@id\":\"https:\/\/softicated.com\/#organization\",\"name\":\"Softicated\",\"url\":\"https:\/\/softicated.com\/\",\"logo\":{\"@type\":\"ImageObject\",\"inLanguage\":\"en-GB\",\"@id\":\"https:\/\/softicated.com\/#\/schema\/logo\/image\/\",\"url\":\"https:\/\/softicated.com\/wp-content\/uploads\/2025\/11\/logo-dark-2.svg\",\"contentUrl\":\"https:\/\/softicated.com\/wp-content\/uploads\/2025\/11\/logo-dark-2.svg\",\"caption\":\"Softicated\"},\"image\":{\"@id\":\"https:\/\/softicated.com\/#\/schema\/logo\/image\/\"},\"sameAs\":[\"https:\/\/www.facebook.com\/Softicated\",\"https:\/\/www.pinterest.com\/softicateddesign\",\"https:\/\/www.instagram.com\/softicated.design\"]}]}<\/script>\n<!-- \/ Yoast SEO Premium plugin. -->","yoast_head_json":{"title":"Stylish beside lamp Flying Fish Black - Softicated","description":"Comme son nom l\u2019indique, cette lampe de table ressemble \u00e0 un poisson volant et plus particuli\u00e8rement \u00e0 une baleine. Elle est disponible en cinq coloris.","robots":{"index":"index","follow":"follow","max-snippet":"max-snippet:-1","max-image-preview":"max-image-preview:large","max-video-preview":"max-video-preview:-1"},"canonical":"https:\/\/softicated.com\/en\/produit\/flying-fish-noir\/","og_locale":"en_GB","og_type":"article","og_title":"Lampe de chevet design Flying Fish Noir","og_description":"Comme son nom l\u2019indique, cette lampe de table ressemble \u00e0 un poisson volant et plus particuli\u00e8rement \u00e0 une baleine. Elle est disponible en cinq coloris.","og_url":"https:\/\/softicated.com\/en\/produit\/flying-fish-noir\/","og_site_name":"Softicated","article_publisher":"https:\/\/www.facebook.com\/Softicated","article_modified_time":"2026-03-24T04:37:16+00:00","og_image":[{"width":1300,"height":1300,"url":"https:\/\/softicated.com\/wp-content\/uploads\/2022\/10\/Flying_fish_black_off_01-1.webp","type":"image\/webp"}],"twitter_card":"summary_large_image","schema":{"@context":"https:\/\/schema.org","@graph":[{"@type":"WebPage","@id":"https:\/\/softicated.com\/produit\/flying-fish-noir\/","url":"https:\/\/softicated.com\/produit\/flying-fish-noir\/","name":"Stylish beside lamp Flying Fish Black - Softicated","isPartOf":{"@id":"https:\/\/softicated.com\/#website"},"primaryImageOfPage":{"@id":"https:\/\/softicated.com\/produit\/flying-fish-noir\/#primaryimage"},"image":{"@id":"https:\/\/softicated.com\/produit\/flying-fish-noir\/#primaryimage"},"thumbnailUrl":"https:\/\/softicated.com\/wp-content\/uploads\/2022\/10\/Flying_fish_black_off_01-1.webp","datePublished":"2022-10-19T07:51:04+00:00","dateModified":"2026-03-24T04:37:16+00:00","description":"Comme son nom l\u2019indique, cette lampe de table ressemble \u00e0 un poisson volant et plus particuli\u00e8rement \u00e0 une baleine. Elle est disponible en cinq coloris.","breadcrumb":{"@id":"https:\/\/softicated.com\/produit\/flying-fish-noir\/#breadcrumb"},"inLanguage":"en-GB","potentialAction":[{"@type":"ReadAction","target":["https:\/\/softicated.com\/produit\/flying-fish-noir\/"]}]},{"@type":"ImageObject","inLanguage":"en-GB","@id":"https:\/\/softicated.com\/produit\/flying-fish-noir\/#primaryimage","url":"https:\/\/softicated.com\/wp-content\/uploads\/2022\/10\/Flying_fish_black_off_01-1.webp","contentUrl":"https:\/\/softicated.com\/wp-content\/uploads\/2022\/10\/Flying_fish_black_off_01-1.webp","width":1300,"height":1300,"caption":"Flying Fish - Noir"},{"@type":"BreadcrumbList","@id":"https:\/\/softicated.com\/produit\/flying-fish-noir\/#breadcrumb","itemListElement":[{"@type":"ListItem","position":1,"name":"Accueil","item":"https:\/\/softicated.com\/"},{"@type":"ListItem","position":2,"name":"Produits Mobilier Premium Softicated","item":"https:\/\/softicated.com\/produits\/"},{"@type":"ListItem","position":3,"name":"Luminaire Design","item":"https:\/\/softicated.com\/categorie-produit\/luminaire\/"},{"@type":"ListItem","position":4,"name":"Lampe de chevet design","item":"https:\/\/softicated.com\/categorie-produit\/luminaire\/lampe-de-chevet\/"},{"@type":"ListItem","position":5,"name":"Flying Fish noir"}]},{"@type":"WebSite","@id":"https:\/\/softicated.com\/#website","url":"https:\/\/softicated.com\/","name":"Softicated","description":"Designer of premium furniture, lighting and rugs","publisher":{"@id":"https:\/\/softicated.com\/#organization"},"potentialAction":[{"@type":"SearchAction","target":{"@type":"EntryPoint","urlTemplate":"https:\/\/softicated.com\/?s={search_term_string}"},"query-input":{"@type":"PropertyValueSpecification","valueRequired":true,"valueName":"search_term_string"}}],"inLanguage":"en-GB"},{"@type":"Organization","@id":"https:\/\/softicated.com\/#organization","name":"Softicated","url":"https:\/\/softicated.com\/","logo":{"@type":"ImageObject","inLanguage":"en-GB","@id":"https:\/\/softicated.com\/#\/schema\/logo\/image\/","url":"https:\/\/softicated.com\/wp-content\/uploads\/2025\/11\/logo-dark-2.svg","contentUrl":"https:\/\/softicated.com\/wp-content\/uploads\/2025\/11\/logo-dark-2.svg","caption":"Softicated"},"image":{"@id":"https:\/\/softicated.com\/#\/schema\/logo\/image\/"},"sameAs":["https:\/\/www.facebook.com\/Softicated","https:\/\/www.pinterest.com\/softicateddesign","https:\/\/www.instagram.com\/softicated.design"]}]}},"_links":{"self":[{"href":"https:\/\/softicated.com\/en\/wp-json\/wp\/v2\/product\/8717","targetHints":{"allow":["GET"]}}],"collection":[{"href":"https:\/\/softicated.com\/en\/wp-json\/wp\/v2\/product"}],"about":[{"href":"https:\/\/softicated.com\/en\/wp-json\/wp\/v2\/types\/product"}],"replies":[{"embeddable":true,"href":"https:\/\/softicated.com\/en\/wp-json\/wp\/v2\/comments?post=8717"}],"wp:featuredmedia":[{"embeddable":true,"href":"https:\/\/softicated.com\/en\/wp-json\/wp\/v2\/media\/12256"}],"wp:attachment":[{"href":"https:\/\/softicated.com\/en\/wp-json\/wp\/v2\/media?parent=8717"}],"wp:term":[{"taxonomy":"product_brand","embeddable":true,"href":"https:\/\/softicated.com\/en\/wp-json\/wp\/v2\/product_brand?post=8717"},{"taxonomy":"product_cat","embeddable":true,"href":"https:\/\/softicated.com\/en\/wp-json\/wp\/v2\/product_cat?post=8717"},{"taxonomy":"product_tag","embeddable":true,"href":"https:\/\/softicated.com\/en\/wp-json\/wp\/v2\/product_tag?post=8717"},{"taxonomy":"collections","embeddable":true,"href":"https:\/\/softicated.com\/en\/wp-json\/wp\/v2\/collections?post=8717"},{"taxonomy":"awards","embeddable":true,"href":"https:\/\/softicated.com\/en\/wp-json\/wp\/v2\/awards?post=8717"},{"taxonomy":"by_color","embeddable":true,"href":"https:\/\/softicated.com\/en\/wp-json\/wp\/v2\/by_color?post=8717"}],"curies":[{"name":"wp","href":"https:\/\/api.w.org\/{rel}","templated":true}]}}