{"id":8715,"date":"2022-10-19T09:48:50","date_gmt":"2022-10-19T07:48:50","guid":{"rendered":"https:\/\/softicated.com\/?post_type=product&#038;p=8715"},"modified":"2026-03-24T05:35:36","modified_gmt":"2026-03-24T04:35:36","slug":"flying-fish-cuivre","status":"publish","type":"product","link":"https:\/\/softicated.com\/en\/produit\/flying-fish-cuivre\/","title":{"rendered":"Stylish beside lamp Flying Fish Copper"},"content":{"rendered":"<p>The combination of Carrara white marble and glossy copper ceramic represents a subtle fusion of tradition and modernity.<\/p>\n<p>Carrara marble, often characterized by delicate gray veining, is an exceptional stone renowned for its purity and timeless elegance. The glossy copper ceramic adds sophistication, warmth, and character, elevating the Flying Fish table or desk lamp.<\/p>\n<p>Together, these two materials complement each other perfectly: the marble brings softness and noble character, while the copper adds grace and boldness. This pairing creates a harmonious balance that enhances the lamp\u2019s sleek, sculptural design.<\/p>\n<p>Perfectly suited to modern, industrial, or eclectic interiors, the lamp in glossy copper finish offers a distinctive alternative to traditional finishes such as chrome or gold.<\/p>\n<p>Choose the Flying Fish lamp in glossy copper and white marble for its timeless design and materials that will transcend trends while retaining their modern appeal.<\/p>","protected":false},"excerpt":{"rendered":"<p>L\u2019association du marbre blanc de Carrare et de la c\u00e9ramique cuivre brillante incarne une rencontre subtile entre tradition et modernit\u00e9. Le marbre de Carrare souvent travers\u00e9 de veines grises d\u00e9licates est une pierre d\u2019exception reconnue pour sa puret\u00e9 et son \u00e9l\u00e9gance intemporelle. La c\u00e9ramique en finition cuivre brillante est sophistiqu\u00e9e, chaleureuse et apporte caract\u00e8re et [&hellip;]<\/p>","protected":false},"featured_media":12280,"comment_status":"closed","ping_status":"closed","template":"","meta":{"_acf_changed":false},"product_brand":[],"product_cat":[169,168],"product_tag":[],"collections":[],"awards":[148,149,139,138,150],"by_color":[],"class_list":{"0":"post-8715","1":"product","2":"type-product","3":"status-publish","4":"has-post-thumbnail","6":"product_cat-lampe-de-chevet","7":"product_cat-lampe-de-table","8":"product_shipping_class-luminaire-flying-fish","9":"awards-big-see-awards-2023-softicated-flyingfish","10":"awards-iconic-awards-2023-softicated-flying-fish","11":"awards-ida-design-awards-gold-winner-2022","12":"awards-ida-design-awards-silver-winner-2022","13":"awards-kyoto-global-design-awards-2023-softicated-flying-fish","15":"first","16":"instock","17":"shipping-taxable","18":"purchasable","19":"product-type-simple"},"acf":[],"yoast_head":"<!-- This site is optimized with the Yoast SEO Premium plugin v25.7.1 (Yoast SEO v26.9) - https:\/\/yoast.com\/product\/yoast-seo-premium-wordpress\/ -->\n<title>Lampe de chevet desing Flying Fish Cuivre - Softicated<\/title>\n<meta name=\"description\" content=\"Comme son nom l\u2019indique, cette lampe de table ressemble \u00e0 un poisson volant et plus particuli\u00e8rement \u00e0 une baleine. Elle est disponible en cinq coloris.\" \/>\n<meta name=\"robots\" content=\"index, follow, max-snippet:-1, max-image-preview:large, max-video-preview:-1\" \/>\n<link rel=\"canonical\" href=\"https:\/\/softicated.com\/en\/produit\/flying-fish-cuivre\/\" \/>\n<meta property=\"og:locale\" content=\"en_GB\" \/>\n<meta property=\"og:type\" content=\"article\" \/>\n<meta property=\"og:title\" content=\"Lampe de chevet desing Flying Fish Cuivre\" \/>\n<meta property=\"og:description\" content=\"Comme son nom l\u2019indique, cette lampe de table ressemble \u00e0 un poisson volant et plus particuli\u00e8rement \u00e0 une baleine. Elle est disponible en cinq coloris.\" \/>\n<meta property=\"og:url\" content=\"https:\/\/softicated.com\/en\/produit\/flying-fish-cuivre\/\" \/>\n<meta property=\"og:site_name\" content=\"Softicated\" \/>\n<meta property=\"article:publisher\" content=\"https:\/\/www.facebook.com\/Softicated\" \/>\n<meta property=\"article:modified_time\" content=\"2026-03-24T04:35:36+00:00\" \/>\n<meta property=\"og:image\" content=\"https:\/\/softicated.com\/wp-content\/uploads\/2022\/10\/photo_2022-11-04_11-37-17.webp\" \/>\n\t<meta property=\"og:image:width\" content=\"1280\" \/>\n\t<meta property=\"og:image:height\" content=\"1280\" \/>\n\t<meta property=\"og:image:type\" content=\"image\/webp\" \/>\n<meta name=\"twitter:card\" content=\"summary_large_image\" \/>\n<script type=\"application\/ld+json\" class=\"yoast-schema-graph\">{\"@context\":\"https:\/\/schema.org\",\"@graph\":[{\"@type\":\"WebPage\",\"@id\":\"https:\/\/softicated.com\/produit\/flying-fish-cuivre\/\",\"url\":\"https:\/\/softicated.com\/produit\/flying-fish-cuivre\/\",\"name\":\"Lampe de chevet desing Flying Fish Cuivre - Softicated\",\"isPartOf\":{\"@id\":\"https:\/\/softicated.com\/#website\"},\"primaryImageOfPage\":{\"@id\":\"https:\/\/softicated.com\/produit\/flying-fish-cuivre\/#primaryimage\"},\"image\":{\"@id\":\"https:\/\/softicated.com\/produit\/flying-fish-cuivre\/#primaryimage\"},\"thumbnailUrl\":\"https:\/\/softicated.com\/wp-content\/uploads\/2022\/10\/photo_2022-11-04_11-37-17.webp\",\"datePublished\":\"2022-10-19T07:48:50+00:00\",\"dateModified\":\"2026-03-24T04:35:36+00:00\",\"description\":\"Comme son nom l\u2019indique, cette lampe de table ressemble \u00e0 un poisson volant et plus particuli\u00e8rement \u00e0 une baleine. Elle est disponible en cinq coloris.\",\"breadcrumb\":{\"@id\":\"https:\/\/softicated.com\/produit\/flying-fish-cuivre\/#breadcrumb\"},\"inLanguage\":\"en-GB\",\"potentialAction\":[{\"@type\":\"ReadAction\",\"target\":[\"https:\/\/softicated.com\/produit\/flying-fish-cuivre\/\"]}]},{\"@type\":\"ImageObject\",\"inLanguage\":\"en-GB\",\"@id\":\"https:\/\/softicated.com\/produit\/flying-fish-cuivre\/#primaryimage\",\"url\":\"https:\/\/softicated.com\/wp-content\/uploads\/2022\/10\/photo_2022-11-04_11-37-17.webp\",\"contentUrl\":\"https:\/\/softicated.com\/wp-content\/uploads\/2022\/10\/photo_2022-11-04_11-37-17.webp\",\"width\":1280,\"height\":1280,\"caption\":\"Flying Fish - Cuivre\"},{\"@type\":\"BreadcrumbList\",\"@id\":\"https:\/\/softicated.com\/produit\/flying-fish-cuivre\/#breadcrumb\",\"itemListElement\":[{\"@type\":\"ListItem\",\"position\":1,\"name\":\"Accueil\",\"item\":\"https:\/\/softicated.com\/\"},{\"@type\":\"ListItem\",\"position\":2,\"name\":\"Produits Mobilier Premium Softicated\",\"item\":\"https:\/\/softicated.com\/produits\/\"},{\"@type\":\"ListItem\",\"position\":3,\"name\":\"Luminaire Design\",\"item\":\"https:\/\/softicated.com\/categorie-produit\/luminaire\/\"},{\"@type\":\"ListItem\",\"position\":4,\"name\":\"Lampe de chevet design\",\"item\":\"https:\/\/softicated.com\/categorie-produit\/luminaire\/lampe-de-chevet\/\"},{\"@type\":\"ListItem\",\"position\":5,\"name\":\"Flying Fish Cuivre\"}]},{\"@type\":\"WebSite\",\"@id\":\"https:\/\/softicated.com\/#website\",\"url\":\"https:\/\/softicated.com\/\",\"name\":\"Softicated\",\"description\":\"Cr\u00e9ateur de meubles, luminaires et tapis premium\",\"publisher\":{\"@id\":\"https:\/\/softicated.com\/#organization\"},\"potentialAction\":[{\"@type\":\"SearchAction\",\"target\":{\"@type\":\"EntryPoint\",\"urlTemplate\":\"https:\/\/softicated.com\/?s={search_term_string}\"},\"query-input\":{\"@type\":\"PropertyValueSpecification\",\"valueRequired\":true,\"valueName\":\"search_term_string\"}}],\"inLanguage\":\"en-GB\"},{\"@type\":\"Organization\",\"@id\":\"https:\/\/softicated.com\/#organization\",\"name\":\"Softicated\",\"url\":\"https:\/\/softicated.com\/\",\"logo\":{\"@type\":\"ImageObject\",\"inLanguage\":\"en-GB\",\"@id\":\"https:\/\/softicated.com\/#\/schema\/logo\/image\/\",\"url\":\"https:\/\/softicated.com\/wp-content\/uploads\/2025\/11\/logo-dark-2.svg\",\"contentUrl\":\"https:\/\/softicated.com\/wp-content\/uploads\/2025\/11\/logo-dark-2.svg\",\"caption\":\"Softicated\"},\"image\":{\"@id\":\"https:\/\/softicated.com\/#\/schema\/logo\/image\/\"},\"sameAs\":[\"https:\/\/www.facebook.com\/Softicated\",\"https:\/\/www.pinterest.com\/softicateddesign\",\"https:\/\/www.instagram.com\/softicated.design\"]}]}<\/script>\n<!-- \/ Yoast SEO Premium plugin. -->","yoast_head_json":{"title":"Stylish beside lamp Flying Fish Copper - Softicated","description":"Comme son nom l\u2019indique, cette lampe de table ressemble \u00e0 un poisson volant et plus particuli\u00e8rement \u00e0 une baleine. Elle est disponible en cinq coloris.","robots":{"index":"index","follow":"follow","max-snippet":"max-snippet:-1","max-image-preview":"max-image-preview:large","max-video-preview":"max-video-preview:-1"},"canonical":"https:\/\/softicated.com\/en\/produit\/flying-fish-cuivre\/","og_locale":"en_GB","og_type":"article","og_title":"Lampe de chevet desing Flying Fish Cuivre","og_description":"Comme son nom l\u2019indique, cette lampe de table ressemble \u00e0 un poisson volant et plus particuli\u00e8rement \u00e0 une baleine. Elle est disponible en cinq coloris.","og_url":"https:\/\/softicated.com\/en\/produit\/flying-fish-cuivre\/","og_site_name":"Softicated","article_publisher":"https:\/\/www.facebook.com\/Softicated","article_modified_time":"2026-03-24T04:35:36+00:00","og_image":[{"width":1280,"height":1280,"url":"https:\/\/softicated.com\/wp-content\/uploads\/2022\/10\/photo_2022-11-04_11-37-17.webp","type":"image\/webp"}],"twitter_card":"summary_large_image","schema":{"@context":"https:\/\/schema.org","@graph":[{"@type":"WebPage","@id":"https:\/\/softicated.com\/produit\/flying-fish-cuivre\/","url":"https:\/\/softicated.com\/produit\/flying-fish-cuivre\/","name":"Stylish beside lamp Flying Fish Copper - Softicated","isPartOf":{"@id":"https:\/\/softicated.com\/#website"},"primaryImageOfPage":{"@id":"https:\/\/softicated.com\/produit\/flying-fish-cuivre\/#primaryimage"},"image":{"@id":"https:\/\/softicated.com\/produit\/flying-fish-cuivre\/#primaryimage"},"thumbnailUrl":"https:\/\/softicated.com\/wp-content\/uploads\/2022\/10\/photo_2022-11-04_11-37-17.webp","datePublished":"2022-10-19T07:48:50+00:00","dateModified":"2026-03-24T04:35:36+00:00","description":"Comme son nom l\u2019indique, cette lampe de table ressemble \u00e0 un poisson volant et plus particuli\u00e8rement \u00e0 une baleine. Elle est disponible en cinq coloris.","breadcrumb":{"@id":"https:\/\/softicated.com\/produit\/flying-fish-cuivre\/#breadcrumb"},"inLanguage":"en-GB","potentialAction":[{"@type":"ReadAction","target":["https:\/\/softicated.com\/produit\/flying-fish-cuivre\/"]}]},{"@type":"ImageObject","inLanguage":"en-GB","@id":"https:\/\/softicated.com\/produit\/flying-fish-cuivre\/#primaryimage","url":"https:\/\/softicated.com\/wp-content\/uploads\/2022\/10\/photo_2022-11-04_11-37-17.webp","contentUrl":"https:\/\/softicated.com\/wp-content\/uploads\/2022\/10\/photo_2022-11-04_11-37-17.webp","width":1280,"height":1280,"caption":"Flying Fish - Cuivre"},{"@type":"BreadcrumbList","@id":"https:\/\/softicated.com\/produit\/flying-fish-cuivre\/#breadcrumb","itemListElement":[{"@type":"ListItem","position":1,"name":"Accueil","item":"https:\/\/softicated.com\/"},{"@type":"ListItem","position":2,"name":"Produits Mobilier Premium Softicated","item":"https:\/\/softicated.com\/produits\/"},{"@type":"ListItem","position":3,"name":"Luminaire Design","item":"https:\/\/softicated.com\/categorie-produit\/luminaire\/"},{"@type":"ListItem","position":4,"name":"Lampe de chevet design","item":"https:\/\/softicated.com\/categorie-produit\/luminaire\/lampe-de-chevet\/"},{"@type":"ListItem","position":5,"name":"Flying Fish Cuivre"}]},{"@type":"WebSite","@id":"https:\/\/softicated.com\/#website","url":"https:\/\/softicated.com\/","name":"Softicated","description":"Designer of premium furniture, lighting and rugs","publisher":{"@id":"https:\/\/softicated.com\/#organization"},"potentialAction":[{"@type":"SearchAction","target":{"@type":"EntryPoint","urlTemplate":"https:\/\/softicated.com\/?s={search_term_string}"},"query-input":{"@type":"PropertyValueSpecification","valueRequired":true,"valueName":"search_term_string"}}],"inLanguage":"en-GB"},{"@type":"Organization","@id":"https:\/\/softicated.com\/#organization","name":"Softicated","url":"https:\/\/softicated.com\/","logo":{"@type":"ImageObject","inLanguage":"en-GB","@id":"https:\/\/softicated.com\/#\/schema\/logo\/image\/","url":"https:\/\/softicated.com\/wp-content\/uploads\/2025\/11\/logo-dark-2.svg","contentUrl":"https:\/\/softicated.com\/wp-content\/uploads\/2025\/11\/logo-dark-2.svg","caption":"Softicated"},"image":{"@id":"https:\/\/softicated.com\/#\/schema\/logo\/image\/"},"sameAs":["https:\/\/www.facebook.com\/Softicated","https:\/\/www.pinterest.com\/softicateddesign","https:\/\/www.instagram.com\/softicated.design"]}]}},"_links":{"self":[{"href":"https:\/\/softicated.com\/en\/wp-json\/wp\/v2\/product\/8715","targetHints":{"allow":["GET"]}}],"collection":[{"href":"https:\/\/softicated.com\/en\/wp-json\/wp\/v2\/product"}],"about":[{"href":"https:\/\/softicated.com\/en\/wp-json\/wp\/v2\/types\/product"}],"replies":[{"embeddable":true,"href":"https:\/\/softicated.com\/en\/wp-json\/wp\/v2\/comments?post=8715"}],"wp:featuredmedia":[{"embeddable":true,"href":"https:\/\/softicated.com\/en\/wp-json\/wp\/v2\/media\/12280"}],"wp:attachment":[{"href":"https:\/\/softicated.com\/en\/wp-json\/wp\/v2\/media?parent=8715"}],"wp:term":[{"taxonomy":"product_brand","embeddable":true,"href":"https:\/\/softicated.com\/en\/wp-json\/wp\/v2\/product_brand?post=8715"},{"taxonomy":"product_cat","embeddable":true,"href":"https:\/\/softicated.com\/en\/wp-json\/wp\/v2\/product_cat?post=8715"},{"taxonomy":"product_tag","embeddable":true,"href":"https:\/\/softicated.com\/en\/wp-json\/wp\/v2\/product_tag?post=8715"},{"taxonomy":"collections","embeddable":true,"href":"https:\/\/softicated.com\/en\/wp-json\/wp\/v2\/collections?post=8715"},{"taxonomy":"awards","embeddable":true,"href":"https:\/\/softicated.com\/en\/wp-json\/wp\/v2\/awards?post=8715"},{"taxonomy":"by_color","embeddable":true,"href":"https:\/\/softicated.com\/en\/wp-json\/wp\/v2\/by_color?post=8715"}],"curies":[{"name":"wp","href":"https:\/\/api.w.org\/{rel}","templated":true}]}}