{"id":8705,"date":"2022-10-19T09:46:03","date_gmt":"2022-10-19T07:46:03","guid":{"rendered":"https:\/\/softicated.com\/?post_type=product&#038;p=8705"},"modified":"2026-03-24T05:37:25","modified_gmt":"2026-03-24T04:37:25","slug":"flying-fish-blanc","status":"publish","type":"product","link":"https:\/\/softicated.com\/en\/produit\/flying-fish-blanc\/","title":{"rendered":"Stylish beside lamp Flying Fish White"},"content":{"rendered":"<p>White, a symbol of purity and clarity, is an ideal color to enhance the beauty of marble and ceramic. Its neutral tone highlights the lines, shapes, and smooth, matte, and glossy textures of the materials.<\/p>\n<p>The combination of smooth-finish Carrara white marble and glossy white ceramic embodies pure and timeless elegance, where noble materials and modernity meet in harmony. Renowned for its delicacy, Carrara marble adds a touch of natural refinement and authenticity. Complementing it, the glossy white ceramic elevates the design with its radiant shine and flawless finish, offering a refined modernity.<\/p>\n<p>The union of marble and white ceramic gives rise to a version of this lamp that is both sophisticated and luminous, catching the eye while maintaining a chic subtlety. A perfect alliance where tradition and modernity come together to enhance this lamp.<\/p>\n<p>The white Flying Fish lamp integrates seamlessly into all types of decor, from minimalist and Scandinavian interiors to classic or contemporary settings.<\/p>\n<p>Bring a unique and timeless signature to your decor: choose the white Flying Fish lamp today to elevate your interior.<\/p>","protected":false},"excerpt":{"rendered":"<p>Le blanc, symbole de puret\u00e9 et de clart\u00e9 est une couleur id\u00e9ale pour sublimer la le marbre et la c\u00e9ramique. Sa teinte neutre met en valeur les lignes, les formes et les textures lisses, mates et brillantes des mat\u00e9riaux. L\u2019association du marbre blanc de Carrare en finition lisse et de la c\u00e9ramique blanche brillante incarne [&hellip;]<\/p>","protected":false},"featured_media":12312,"comment_status":"closed","ping_status":"closed","template":"","meta":{"_acf_changed":false},"product_brand":[],"product_cat":[169,168],"product_tag":[],"collections":[],"awards":[148,149,139,138,150],"by_color":[],"class_list":{"0":"post-8705","1":"product","2":"type-product","3":"status-publish","4":"has-post-thumbnail","6":"product_cat-lampe-de-chevet","7":"product_cat-lampe-de-table","8":"product_shipping_class-luminaire-flying-fish","9":"awards-big-see-awards-2023-softicated-flyingfish","10":"awards-iconic-awards-2023-softicated-flying-fish","11":"awards-ida-design-awards-gold-winner-2022","12":"awards-ida-design-awards-silver-winner-2022","13":"awards-kyoto-global-design-awards-2023-softicated-flying-fish","15":"first","16":"instock","17":"shipping-taxable","18":"purchasable","19":"product-type-simple"},"acf":[],"yoast_head":"<!-- This site is optimized with the Yoast SEO Premium plugin v25.7.1 (Yoast SEO v26.9) - https:\/\/yoast.com\/product\/yoast-seo-premium-wordpress\/ -->\n<title>Lampe de chevet design Flying Fish Blanc - Softicated<\/title>\n<meta name=\"description\" content=\"Comme son nom l\u2019indique, cette lampe de table ressemble \u00e0 un poisson volant et plus particuli\u00e8rement \u00e0 une baleine. Elle est disponible en cinq coloris.\" \/>\n<meta name=\"robots\" content=\"index, follow, max-snippet:-1, max-image-preview:large, max-video-preview:-1\" \/>\n<link rel=\"canonical\" href=\"https:\/\/softicated.com\/en\/produit\/flying-fish-blanc\/\" \/>\n<meta property=\"og:locale\" content=\"en_GB\" \/>\n<meta property=\"og:type\" content=\"article\" \/>\n<meta property=\"og:title\" content=\"Lampe de chevet design Flying Fish Blanc\" \/>\n<meta property=\"og:description\" content=\"Comme son nom l\u2019indique, cette lampe de table ressemble \u00e0 un poisson volant et plus particuli\u00e8rement \u00e0 une baleine. Elle est disponible en cinq coloris.\" \/>\n<meta property=\"og:url\" content=\"https:\/\/softicated.com\/en\/produit\/flying-fish-blanc\/\" \/>\n<meta property=\"og:site_name\" content=\"Softicated\" \/>\n<meta property=\"article:publisher\" content=\"https:\/\/www.facebook.com\/Softicated\" \/>\n<meta property=\"article:modified_time\" content=\"2026-03-24T04:37:25+00:00\" \/>\n<meta property=\"og:image\" content=\"https:\/\/softicated.com\/wp-content\/uploads\/2022\/10\/flying_fish_white.webp\" \/>\n\t<meta property=\"og:image:width\" content=\"1280\" \/>\n\t<meta property=\"og:image:height\" content=\"1280\" \/>\n\t<meta property=\"og:image:type\" content=\"image\/webp\" \/>\n<meta name=\"twitter:card\" content=\"summary_large_image\" \/>\n<script type=\"application\/ld+json\" class=\"yoast-schema-graph\">{\"@context\":\"https:\/\/schema.org\",\"@graph\":[{\"@type\":\"WebPage\",\"@id\":\"https:\/\/softicated.com\/produit\/flying-fish-blanc\/\",\"url\":\"https:\/\/softicated.com\/produit\/flying-fish-blanc\/\",\"name\":\"Lampe de chevet design Flying Fish Blanc - Softicated\",\"isPartOf\":{\"@id\":\"https:\/\/softicated.com\/#website\"},\"primaryImageOfPage\":{\"@id\":\"https:\/\/softicated.com\/produit\/flying-fish-blanc\/#primaryimage\"},\"image\":{\"@id\":\"https:\/\/softicated.com\/produit\/flying-fish-blanc\/#primaryimage\"},\"thumbnailUrl\":\"https:\/\/softicated.com\/wp-content\/uploads\/2022\/10\/flying_fish_white.webp\",\"datePublished\":\"2022-10-19T07:46:03+00:00\",\"dateModified\":\"2026-03-24T04:37:25+00:00\",\"description\":\"Comme son nom l\u2019indique, cette lampe de table ressemble \u00e0 un poisson volant et plus particuli\u00e8rement \u00e0 une baleine. Elle est disponible en cinq coloris.\",\"breadcrumb\":{\"@id\":\"https:\/\/softicated.com\/produit\/flying-fish-blanc\/#breadcrumb\"},\"inLanguage\":\"en-GB\",\"potentialAction\":[{\"@type\":\"ReadAction\",\"target\":[\"https:\/\/softicated.com\/produit\/flying-fish-blanc\/\"]}]},{\"@type\":\"ImageObject\",\"inLanguage\":\"en-GB\",\"@id\":\"https:\/\/softicated.com\/produit\/flying-fish-blanc\/#primaryimage\",\"url\":\"https:\/\/softicated.com\/wp-content\/uploads\/2022\/10\/flying_fish_white.webp\",\"contentUrl\":\"https:\/\/softicated.com\/wp-content\/uploads\/2022\/10\/flying_fish_white.webp\",\"width\":1280,\"height\":1280,\"caption\":\"Flying Fish - Blanc\"},{\"@type\":\"BreadcrumbList\",\"@id\":\"https:\/\/softicated.com\/produit\/flying-fish-blanc\/#breadcrumb\",\"itemListElement\":[{\"@type\":\"ListItem\",\"position\":1,\"name\":\"Accueil\",\"item\":\"https:\/\/softicated.com\/\"},{\"@type\":\"ListItem\",\"position\":2,\"name\":\"Produits Mobilier Premium Softicated\",\"item\":\"https:\/\/softicated.com\/produits\/\"},{\"@type\":\"ListItem\",\"position\":3,\"name\":\"Luminaire Design\",\"item\":\"https:\/\/softicated.com\/categorie-produit\/luminaire\/\"},{\"@type\":\"ListItem\",\"position\":4,\"name\":\"Lampe de chevet design\",\"item\":\"https:\/\/softicated.com\/categorie-produit\/luminaire\/lampe-de-chevet\/\"},{\"@type\":\"ListItem\",\"position\":5,\"name\":\"Flying Fish Blanc\"}]},{\"@type\":\"WebSite\",\"@id\":\"https:\/\/softicated.com\/#website\",\"url\":\"https:\/\/softicated.com\/\",\"name\":\"Softicated\",\"description\":\"Cr\u00e9ateur de meubles, luminaires et tapis premium\",\"publisher\":{\"@id\":\"https:\/\/softicated.com\/#organization\"},\"potentialAction\":[{\"@type\":\"SearchAction\",\"target\":{\"@type\":\"EntryPoint\",\"urlTemplate\":\"https:\/\/softicated.com\/?s={search_term_string}\"},\"query-input\":{\"@type\":\"PropertyValueSpecification\",\"valueRequired\":true,\"valueName\":\"search_term_string\"}}],\"inLanguage\":\"en-GB\"},{\"@type\":\"Organization\",\"@id\":\"https:\/\/softicated.com\/#organization\",\"name\":\"Softicated\",\"url\":\"https:\/\/softicated.com\/\",\"logo\":{\"@type\":\"ImageObject\",\"inLanguage\":\"en-GB\",\"@id\":\"https:\/\/softicated.com\/#\/schema\/logo\/image\/\",\"url\":\"https:\/\/softicated.com\/wp-content\/uploads\/2025\/11\/logo-dark-2.svg\",\"contentUrl\":\"https:\/\/softicated.com\/wp-content\/uploads\/2025\/11\/logo-dark-2.svg\",\"caption\":\"Softicated\"},\"image\":{\"@id\":\"https:\/\/softicated.com\/#\/schema\/logo\/image\/\"},\"sameAs\":[\"https:\/\/www.facebook.com\/Softicated\",\"https:\/\/www.pinterest.com\/softicateddesign\",\"https:\/\/www.instagram.com\/softicated.design\"]}]}<\/script>\n<!-- \/ Yoast SEO Premium plugin. -->","yoast_head_json":{"title":"Stylish beside lamp Flying Fish White - Softicated","description":"Comme son nom l\u2019indique, cette lampe de table ressemble \u00e0 un poisson volant et plus particuli\u00e8rement \u00e0 une baleine. Elle est disponible en cinq coloris.","robots":{"index":"index","follow":"follow","max-snippet":"max-snippet:-1","max-image-preview":"max-image-preview:large","max-video-preview":"max-video-preview:-1"},"canonical":"https:\/\/softicated.com\/en\/produit\/flying-fish-blanc\/","og_locale":"en_GB","og_type":"article","og_title":"Lampe de chevet design Flying Fish Blanc","og_description":"Comme son nom l\u2019indique, cette lampe de table ressemble \u00e0 un poisson volant et plus particuli\u00e8rement \u00e0 une baleine. Elle est disponible en cinq coloris.","og_url":"https:\/\/softicated.com\/en\/produit\/flying-fish-blanc\/","og_site_name":"Softicated","article_publisher":"https:\/\/www.facebook.com\/Softicated","article_modified_time":"2026-03-24T04:37:25+00:00","og_image":[{"width":1280,"height":1280,"url":"https:\/\/softicated.com\/wp-content\/uploads\/2022\/10\/flying_fish_white.webp","type":"image\/webp"}],"twitter_card":"summary_large_image","schema":{"@context":"https:\/\/schema.org","@graph":[{"@type":"WebPage","@id":"https:\/\/softicated.com\/produit\/flying-fish-blanc\/","url":"https:\/\/softicated.com\/produit\/flying-fish-blanc\/","name":"Stylish beside lamp Flying Fish White - Softicated","isPartOf":{"@id":"https:\/\/softicated.com\/#website"},"primaryImageOfPage":{"@id":"https:\/\/softicated.com\/produit\/flying-fish-blanc\/#primaryimage"},"image":{"@id":"https:\/\/softicated.com\/produit\/flying-fish-blanc\/#primaryimage"},"thumbnailUrl":"https:\/\/softicated.com\/wp-content\/uploads\/2022\/10\/flying_fish_white.webp","datePublished":"2022-10-19T07:46:03+00:00","dateModified":"2026-03-24T04:37:25+00:00","description":"Comme son nom l\u2019indique, cette lampe de table ressemble \u00e0 un poisson volant et plus particuli\u00e8rement \u00e0 une baleine. Elle est disponible en cinq coloris.","breadcrumb":{"@id":"https:\/\/softicated.com\/produit\/flying-fish-blanc\/#breadcrumb"},"inLanguage":"en-GB","potentialAction":[{"@type":"ReadAction","target":["https:\/\/softicated.com\/produit\/flying-fish-blanc\/"]}]},{"@type":"ImageObject","inLanguage":"en-GB","@id":"https:\/\/softicated.com\/produit\/flying-fish-blanc\/#primaryimage","url":"https:\/\/softicated.com\/wp-content\/uploads\/2022\/10\/flying_fish_white.webp","contentUrl":"https:\/\/softicated.com\/wp-content\/uploads\/2022\/10\/flying_fish_white.webp","width":1280,"height":1280,"caption":"Flying Fish - Blanc"},{"@type":"BreadcrumbList","@id":"https:\/\/softicated.com\/produit\/flying-fish-blanc\/#breadcrumb","itemListElement":[{"@type":"ListItem","position":1,"name":"Accueil","item":"https:\/\/softicated.com\/"},{"@type":"ListItem","position":2,"name":"Produits Mobilier Premium Softicated","item":"https:\/\/softicated.com\/produits\/"},{"@type":"ListItem","position":3,"name":"Luminaire Design","item":"https:\/\/softicated.com\/categorie-produit\/luminaire\/"},{"@type":"ListItem","position":4,"name":"Lampe de chevet design","item":"https:\/\/softicated.com\/categorie-produit\/luminaire\/lampe-de-chevet\/"},{"@type":"ListItem","position":5,"name":"Flying Fish Blanc"}]},{"@type":"WebSite","@id":"https:\/\/softicated.com\/#website","url":"https:\/\/softicated.com\/","name":"Softicated","description":"Designer of premium furniture, lighting and rugs","publisher":{"@id":"https:\/\/softicated.com\/#organization"},"potentialAction":[{"@type":"SearchAction","target":{"@type":"EntryPoint","urlTemplate":"https:\/\/softicated.com\/?s={search_term_string}"},"query-input":{"@type":"PropertyValueSpecification","valueRequired":true,"valueName":"search_term_string"}}],"inLanguage":"en-GB"},{"@type":"Organization","@id":"https:\/\/softicated.com\/#organization","name":"Softicated","url":"https:\/\/softicated.com\/","logo":{"@type":"ImageObject","inLanguage":"en-GB","@id":"https:\/\/softicated.com\/#\/schema\/logo\/image\/","url":"https:\/\/softicated.com\/wp-content\/uploads\/2025\/11\/logo-dark-2.svg","contentUrl":"https:\/\/softicated.com\/wp-content\/uploads\/2025\/11\/logo-dark-2.svg","caption":"Softicated"},"image":{"@id":"https:\/\/softicated.com\/#\/schema\/logo\/image\/"},"sameAs":["https:\/\/www.facebook.com\/Softicated","https:\/\/www.pinterest.com\/softicateddesign","https:\/\/www.instagram.com\/softicated.design"]}]}},"_links":{"self":[{"href":"https:\/\/softicated.com\/en\/wp-json\/wp\/v2\/product\/8705","targetHints":{"allow":["GET"]}}],"collection":[{"href":"https:\/\/softicated.com\/en\/wp-json\/wp\/v2\/product"}],"about":[{"href":"https:\/\/softicated.com\/en\/wp-json\/wp\/v2\/types\/product"}],"replies":[{"embeddable":true,"href":"https:\/\/softicated.com\/en\/wp-json\/wp\/v2\/comments?post=8705"}],"wp:featuredmedia":[{"embeddable":true,"href":"https:\/\/softicated.com\/en\/wp-json\/wp\/v2\/media\/12312"}],"wp:attachment":[{"href":"https:\/\/softicated.com\/en\/wp-json\/wp\/v2\/media?parent=8705"}],"wp:term":[{"taxonomy":"product_brand","embeddable":true,"href":"https:\/\/softicated.com\/en\/wp-json\/wp\/v2\/product_brand?post=8705"},{"taxonomy":"product_cat","embeddable":true,"href":"https:\/\/softicated.com\/en\/wp-json\/wp\/v2\/product_cat?post=8705"},{"taxonomy":"product_tag","embeddable":true,"href":"https:\/\/softicated.com\/en\/wp-json\/wp\/v2\/product_tag?post=8705"},{"taxonomy":"collections","embeddable":true,"href":"https:\/\/softicated.com\/en\/wp-json\/wp\/v2\/collections?post=8705"},{"taxonomy":"awards","embeddable":true,"href":"https:\/\/softicated.com\/en\/wp-json\/wp\/v2\/awards?post=8705"},{"taxonomy":"by_color","embeddable":true,"href":"https:\/\/softicated.com\/en\/wp-json\/wp\/v2\/by_color?post=8705"}],"curies":[{"name":"wp","href":"https:\/\/api.w.org\/{rel}","templated":true}]}}