{"id":8682,"date":"2022-10-18T16:56:53","date_gmt":"2022-10-18T14:56:53","guid":{"rendered":"https:\/\/softicated.com\/?post_type=product&#038;p=8682"},"modified":"2026-03-11T12:47:39","modified_gmt":"2026-03-11T11:47:39","slug":"head-in-stars-cuivre","status":"publish","type":"product","link":"https:\/\/softicated.com\/en\/produit\/head-in-stars-cuivre\/","title":{"rendered":"Designer table lamp - Head in Stars - Copper"},"content":{"rendered":"<p>In its copper version, the Head in Stars lamp radiates warm, elegant intensity. Copper, with its deep color and vibrant reflections, evokes a living, precious material that gains character with time. This finish gives the lamp a unique aura: contemporary in its subtle shine, timeless in its authenticity.<\/p>\n<p>The three matte copper legs form a base that is both stable and refined, supporting the frosted glass cylinder that diffuses light all around. The contrast between metallic warmth and soft clarity creates a strong visual presence, both gentle and sophisticated.<\/p>\n<p>The matte copper avoids ostentation. It does not seek to shine but to magnify the light it carries. This balance between discretion and intensity transforms the lamp into a true design object, eye-catching yet harmonious in any setting.<\/p>\n<p>Versatile, the copper Head in Stars finds its place naturally : in a modern living room, warming the atmosphere with elegance; in a bedroom, enveloping it in softness; or in an office, sparking inspiration. In hotels or professional spaces, it becomes a distinctive piece, adding subtle refinement to the environment.<\/p>\n<p>Choosing the copper finish means bringing warmth and nobility into your interiors. More than a lamp, the Head in Stars copper version is a precious object, illuminating your moments with elegance and intensity.<\/p>","protected":false},"excerpt":{"rendered":"<p>Dans sa version cuivr\u00e9e, la lampe Head in Stars r\u00e9v\u00e8le une intensit\u00e9 chaleureuse et \u00e9l\u00e9gante. Le cuivre, avec sa couleur profonde et ses reflets vibrants \u00e9voque un mat\u00e9riau vivant, pr\u00e9cieux, qui traverse le temps en gagnant en caract\u00e8re. Cette finition conf\u00e8re \u00e0 la lampe une aura unique : contemporaine par sa brillance contenue, intemporelle par [&hellip;]<\/p>","protected":false},"featured_media":12330,"comment_status":"closed","ping_status":"closed","template":"","meta":{"_acf_changed":false},"product_brand":[],"product_cat":[168],"product_tag":[],"collections":[],"awards":[141,137],"by_color":[],"class_list":{"0":"post-8682","1":"product","2":"type-product","3":"status-publish","4":"has-post-thumbnail","6":"product_cat-lampe-de-table","7":"product_shipping_class-luminaire-head-in-stars","8":"awards-archiproducts-2022-longlisted-product","9":"awards-ida-design-bronze-winner-2022","11":"first","12":"instock","13":"shipping-taxable","14":"purchasable","15":"product-type-simple"},"acf":[],"yoast_head":"<!-- This site is optimized with the Yoast SEO Premium plugin v25.7.1 (Yoast SEO v26.9) - https:\/\/yoast.com\/product\/yoast-seo-premium-wordpress\/ -->\n<title>Lampe de table design - Head in Stars Cuivre - Softicated<\/title>\n<meta name=\"description\" content=\"L\u2019inspiration de cette lampe de table Head in Stars est double: la fus\u00e9e (de Tintin) pour la base et le phare maritime pour la partie \u00e9clairante.\" \/>\n<meta name=\"robots\" content=\"index, follow, max-snippet:-1, max-image-preview:large, max-video-preview:-1\" \/>\n<link rel=\"canonical\" href=\"https:\/\/softicated.com\/en\/produit\/head-in-stars-cuivre\/\" \/>\n<meta property=\"og:locale\" content=\"en_GB\" \/>\n<meta property=\"og:type\" content=\"article\" \/>\n<meta property=\"og:title\" content=\"Lampe de table design - Head in Stars Cuivre\" \/>\n<meta property=\"og:description\" content=\"L\u2019inspiration de cette lampe de table Head in Stars est double: la fus\u00e9e (de Tintin) pour la base et le phare maritime pour la partie \u00e9clairante.\" \/>\n<meta property=\"og:url\" content=\"https:\/\/softicated.com\/en\/produit\/head-in-stars-cuivre\/\" \/>\n<meta property=\"og:site_name\" content=\"Softicated\" \/>\n<meta property=\"article:publisher\" content=\"https:\/\/www.facebook.com\/Softicated\" \/>\n<meta property=\"article:modified_time\" content=\"2026-03-11T11:47:39+00:00\" \/>\n<meta property=\"og:image\" content=\"https:\/\/softicated.com\/wp-content\/uploads\/2022\/10\/Head-in-Stars_cuivre_off_softicated.webp\" \/>\n\t<meta property=\"og:image:width\" content=\"1800\" \/>\n\t<meta property=\"og:image:height\" content=\"1300\" \/>\n\t<meta property=\"og:image:type\" content=\"image\/webp\" \/>\n<meta name=\"twitter:card\" content=\"summary_large_image\" \/>\n<script type=\"application\/ld+json\" class=\"yoast-schema-graph\">{\"@context\":\"https:\/\/schema.org\",\"@graph\":[{\"@type\":\"WebPage\",\"@id\":\"https:\/\/softicated.com\/produit\/head-in-stars-cuivre\/\",\"url\":\"https:\/\/softicated.com\/produit\/head-in-stars-cuivre\/\",\"name\":\"Lampe de table design - Head in Stars Cuivre - Softicated\",\"isPartOf\":{\"@id\":\"https:\/\/softicated.com\/#website\"},\"primaryImageOfPage\":{\"@id\":\"https:\/\/softicated.com\/produit\/head-in-stars-cuivre\/#primaryimage\"},\"image\":{\"@id\":\"https:\/\/softicated.com\/produit\/head-in-stars-cuivre\/#primaryimage\"},\"thumbnailUrl\":\"https:\/\/softicated.com\/wp-content\/uploads\/2022\/10\/Head-in-Stars_cuivre_off_softicated.webp\",\"datePublished\":\"2022-10-18T14:56:53+00:00\",\"dateModified\":\"2026-03-11T11:47:39+00:00\",\"description\":\"L\u2019inspiration de cette lampe de table Head in Stars est double: la fus\u00e9e (de Tintin) pour la base et le phare maritime pour la partie \u00e9clairante.\",\"breadcrumb\":{\"@id\":\"https:\/\/softicated.com\/produit\/head-in-stars-cuivre\/#breadcrumb\"},\"inLanguage\":\"en-GB\",\"potentialAction\":[{\"@type\":\"ReadAction\",\"target\":[\"https:\/\/softicated.com\/produit\/head-in-stars-cuivre\/\"]}]},{\"@type\":\"ImageObject\",\"inLanguage\":\"en-GB\",\"@id\":\"https:\/\/softicated.com\/produit\/head-in-stars-cuivre\/#primaryimage\",\"url\":\"https:\/\/softicated.com\/wp-content\/uploads\/2022\/10\/Head-in-Stars_cuivre_off_softicated.webp\",\"contentUrl\":\"https:\/\/softicated.com\/wp-content\/uploads\/2022\/10\/Head-in-Stars_cuivre_off_softicated.webp\",\"width\":1800,\"height\":1300,\"caption\":\"Head in Stars - Cuivre\"},{\"@type\":\"BreadcrumbList\",\"@id\":\"https:\/\/softicated.com\/produit\/head-in-stars-cuivre\/#breadcrumb\",\"itemListElement\":[{\"@type\":\"ListItem\",\"position\":1,\"name\":\"Accueil\",\"item\":\"https:\/\/softicated.com\/\"},{\"@type\":\"ListItem\",\"position\":2,\"name\":\"Produits Mobilier Premium Softicated\",\"item\":\"https:\/\/softicated.com\/produits\/\"},{\"@type\":\"ListItem\",\"position\":3,\"name\":\"Luminaire Design\",\"item\":\"https:\/\/softicated.com\/categorie-produit\/luminaire\/\"},{\"@type\":\"ListItem\",\"position\":4,\"name\":\"Lampe de table design\",\"item\":\"https:\/\/softicated.com\/categorie-produit\/luminaire\/lampe-de-table\/\"},{\"@type\":\"ListItem\",\"position\":5,\"name\":\"Head in Stars Cuivre\"}]},{\"@type\":\"WebSite\",\"@id\":\"https:\/\/softicated.com\/#website\",\"url\":\"https:\/\/softicated.com\/\",\"name\":\"Softicated\",\"description\":\"Cr\u00e9ateur de meubles, luminaires et tapis premium\",\"publisher\":{\"@id\":\"https:\/\/softicated.com\/#organization\"},\"potentialAction\":[{\"@type\":\"SearchAction\",\"target\":{\"@type\":\"EntryPoint\",\"urlTemplate\":\"https:\/\/softicated.com\/?s={search_term_string}\"},\"query-input\":{\"@type\":\"PropertyValueSpecification\",\"valueRequired\":true,\"valueName\":\"search_term_string\"}}],\"inLanguage\":\"en-GB\"},{\"@type\":\"Organization\",\"@id\":\"https:\/\/softicated.com\/#organization\",\"name\":\"Softicated\",\"url\":\"https:\/\/softicated.com\/\",\"logo\":{\"@type\":\"ImageObject\",\"inLanguage\":\"en-GB\",\"@id\":\"https:\/\/softicated.com\/#\/schema\/logo\/image\/\",\"url\":\"https:\/\/softicated.com\/wp-content\/uploads\/2025\/11\/logo-dark-2.svg\",\"contentUrl\":\"https:\/\/softicated.com\/wp-content\/uploads\/2025\/11\/logo-dark-2.svg\",\"caption\":\"Softicated\"},\"image\":{\"@id\":\"https:\/\/softicated.com\/#\/schema\/logo\/image\/\"},\"sameAs\":[\"https:\/\/www.facebook.com\/Softicated\",\"https:\/\/www.pinterest.com\/softicateddesign\",\"https:\/\/www.instagram.com\/softicated.design\"]}]}<\/script>\n<!-- \/ Yoast SEO Premium plugin. -->","yoast_head_json":{"title":"Designer table lamp - Head in Stars - Copper - Softicated","description":"The inspiration for this Head in Stars table lamp is twofold: the rocket (from Tintin) for the base and the maritime lighthouse for the illuminating part.","robots":{"index":"index","follow":"follow","max-snippet":"max-snippet:-1","max-image-preview":"max-image-preview:large","max-video-preview":"max-video-preview:-1"},"canonical":"https:\/\/softicated.com\/en\/produit\/head-in-stars-cuivre\/","og_locale":"en_GB","og_type":"article","og_title":"Lampe de table design - Head in Stars Cuivre","og_description":"L\u2019inspiration de cette lampe de table Head in Stars est double: la fus\u00e9e (de Tintin) pour la base et le phare maritime pour la partie \u00e9clairante.","og_url":"https:\/\/softicated.com\/en\/produit\/head-in-stars-cuivre\/","og_site_name":"Softicated","article_publisher":"https:\/\/www.facebook.com\/Softicated","article_modified_time":"2026-03-11T11:47:39+00:00","og_image":[{"width":1800,"height":1300,"url":"https:\/\/softicated.com\/wp-content\/uploads\/2022\/10\/Head-in-Stars_cuivre_off_softicated.webp","type":"image\/webp"}],"twitter_card":"summary_large_image","schema":{"@context":"https:\/\/schema.org","@graph":[{"@type":"WebPage","@id":"https:\/\/softicated.com\/produit\/head-in-stars-cuivre\/","url":"https:\/\/softicated.com\/produit\/head-in-stars-cuivre\/","name":"Designer table lamp - Head in Stars - Copper - Softicated","isPartOf":{"@id":"https:\/\/softicated.com\/#website"},"primaryImageOfPage":{"@id":"https:\/\/softicated.com\/produit\/head-in-stars-cuivre\/#primaryimage"},"image":{"@id":"https:\/\/softicated.com\/produit\/head-in-stars-cuivre\/#primaryimage"},"thumbnailUrl":"https:\/\/softicated.com\/wp-content\/uploads\/2022\/10\/Head-in-Stars_cuivre_off_softicated.webp","datePublished":"2022-10-18T14:56:53+00:00","dateModified":"2026-03-11T11:47:39+00:00","description":"The inspiration for this Head in Stars table lamp is twofold: the rocket (from Tintin) for the base and the maritime lighthouse for the illuminating part.","breadcrumb":{"@id":"https:\/\/softicated.com\/produit\/head-in-stars-cuivre\/#breadcrumb"},"inLanguage":"en-GB","potentialAction":[{"@type":"ReadAction","target":["https:\/\/softicated.com\/produit\/head-in-stars-cuivre\/"]}]},{"@type":"ImageObject","inLanguage":"en-GB","@id":"https:\/\/softicated.com\/produit\/head-in-stars-cuivre\/#primaryimage","url":"https:\/\/softicated.com\/wp-content\/uploads\/2022\/10\/Head-in-Stars_cuivre_off_softicated.webp","contentUrl":"https:\/\/softicated.com\/wp-content\/uploads\/2022\/10\/Head-in-Stars_cuivre_off_softicated.webp","width":1800,"height":1300,"caption":"Head in Stars - Cuivre"},{"@type":"BreadcrumbList","@id":"https:\/\/softicated.com\/produit\/head-in-stars-cuivre\/#breadcrumb","itemListElement":[{"@type":"ListItem","position":1,"name":"Accueil","item":"https:\/\/softicated.com\/"},{"@type":"ListItem","position":2,"name":"Produits Mobilier Premium Softicated","item":"https:\/\/softicated.com\/produits\/"},{"@type":"ListItem","position":3,"name":"Luminaire Design","item":"https:\/\/softicated.com\/categorie-produit\/luminaire\/"},{"@type":"ListItem","position":4,"name":"Lampe de table design","item":"https:\/\/softicated.com\/categorie-produit\/luminaire\/lampe-de-table\/"},{"@type":"ListItem","position":5,"name":"Head in Stars Cuivre"}]},{"@type":"WebSite","@id":"https:\/\/softicated.com\/#website","url":"https:\/\/softicated.com\/","name":"Softicated","description":"Designer of premium furniture, lighting and rugs","publisher":{"@id":"https:\/\/softicated.com\/#organization"},"potentialAction":[{"@type":"SearchAction","target":{"@type":"EntryPoint","urlTemplate":"https:\/\/softicated.com\/?s={search_term_string}"},"query-input":{"@type":"PropertyValueSpecification","valueRequired":true,"valueName":"search_term_string"}}],"inLanguage":"en-GB"},{"@type":"Organization","@id":"https:\/\/softicated.com\/#organization","name":"Softicated","url":"https:\/\/softicated.com\/","logo":{"@type":"ImageObject","inLanguage":"en-GB","@id":"https:\/\/softicated.com\/#\/schema\/logo\/image\/","url":"https:\/\/softicated.com\/wp-content\/uploads\/2025\/11\/logo-dark-2.svg","contentUrl":"https:\/\/softicated.com\/wp-content\/uploads\/2025\/11\/logo-dark-2.svg","caption":"Softicated"},"image":{"@id":"https:\/\/softicated.com\/#\/schema\/logo\/image\/"},"sameAs":["https:\/\/www.facebook.com\/Softicated","https:\/\/www.pinterest.com\/softicateddesign","https:\/\/www.instagram.com\/softicated.design"]}]}},"_links":{"self":[{"href":"https:\/\/softicated.com\/en\/wp-json\/wp\/v2\/product\/8682","targetHints":{"allow":["GET"]}}],"collection":[{"href":"https:\/\/softicated.com\/en\/wp-json\/wp\/v2\/product"}],"about":[{"href":"https:\/\/softicated.com\/en\/wp-json\/wp\/v2\/types\/product"}],"replies":[{"embeddable":true,"href":"https:\/\/softicated.com\/en\/wp-json\/wp\/v2\/comments?post=8682"}],"wp:featuredmedia":[{"embeddable":true,"href":"https:\/\/softicated.com\/en\/wp-json\/wp\/v2\/media\/12330"}],"wp:attachment":[{"href":"https:\/\/softicated.com\/en\/wp-json\/wp\/v2\/media?parent=8682"}],"wp:term":[{"taxonomy":"product_brand","embeddable":true,"href":"https:\/\/softicated.com\/en\/wp-json\/wp\/v2\/product_brand?post=8682"},{"taxonomy":"product_cat","embeddable":true,"href":"https:\/\/softicated.com\/en\/wp-json\/wp\/v2\/product_cat?post=8682"},{"taxonomy":"product_tag","embeddable":true,"href":"https:\/\/softicated.com\/en\/wp-json\/wp\/v2\/product_tag?post=8682"},{"taxonomy":"collections","embeddable":true,"href":"https:\/\/softicated.com\/en\/wp-json\/wp\/v2\/collections?post=8682"},{"taxonomy":"awards","embeddable":true,"href":"https:\/\/softicated.com\/en\/wp-json\/wp\/v2\/awards?post=8682"},{"taxonomy":"by_color","embeddable":true,"href":"https:\/\/softicated.com\/en\/wp-json\/wp\/v2\/by_color?post=8682"}],"curies":[{"name":"wp","href":"https:\/\/api.w.org\/{rel}","templated":true}]}}