{"id":7712,"date":"2022-09-23T11:09:03","date_gmt":"2022-09-23T09:09:03","guid":{"rendered":"https:\/\/softicated.com\/?post_type=product&#038;p=7712"},"modified":"2026-03-24T05:38:22","modified_gmt":"2026-03-24T04:38:22","slug":"tabouret-vert-foret","status":"publish","type":"product","link":"https:\/\/softicated.com\/en\/produit\/tabouret-vert-foret\/","title":{"rendered":"Green Forest designer stool"},"content":{"rendered":"<p>Le vert est la couleur de la nature, \u00e9voquant des associations avec la croissance, la fra\u00eecheur et la vitalit\u00e9. Il rappelle les feuilles des arbres, l\u2019herbe et les plantes, ce qui en fait une couleur apaisante et revigorante.<\/p>\n<p>Les lignes \u00e9quilibr\u00e9es et les proportions parfaites de ce tabouret signature cr\u00e9ent ainsi une esth\u00e9tique \u00e9blouissante qui s\u2019int\u00e8gre harmonieusement dans tout type de d\u00e9cor, qu\u2019il soit moderne ou classique. Le tabouret Signet Ring vert for\u00eat transcende les tendances pour devenir une pi\u00e8ce essentielle et raffin\u00e9e. Sa teinte chaleureuse et organique exalte raffinement et \u00e9quilibre. Associ\u00e9e \u00e0 la nature, cette couleur invite \u00e0 la d\u00e9tente et \u00e0 la tranquillit\u00e9.<\/p>\n<p>Choosing forest green for your interior design is an invitation to bring nature into your living space. It is a color that inspires, soothes, and uplifts, transforming your rooms into places of serenity and beauty. Forest green elevates your interior with its chic allure and captivating depth.<\/p>\n<p>In this variation, our iconic stool reveals another facet of its aesthetic. The deep and mesmerizing forest green tone highlights its sleek lines and harmonious proportions. Its glossy finish subtly catches the light, adding a sculptural dimension to its design.<\/p>\n<p>Let yourself be enchanted by the depth and nobility of forest green, a color that is both calming and bold. With this version, our emblematic stool becomes more than just a piece of furniture: it is a centerpiece.<\/p>","protected":false},"excerpt":{"rendered":"<p>Le vert est la couleur de la nature, \u00e9voquant des associations avec la croissance, la fra\u00eecheur et la vitalit\u00e9. Il rappelle les feuilles des arbres, l\u2019herbe et les plantes, ce qui en fait une couleur apaisante et revigorante. Les lignes \u00e9quilibr\u00e9es et les proportions parfaites de ce tabouret signature cr\u00e9ent ainsi une esth\u00e9tique \u00e9blouissante qui [&hellip;]<\/p>","protected":false},"featured_media":13474,"comment_status":"closed","ping_status":"closed","template":"","meta":{"_acf_changed":false},"product_brand":[],"product_cat":[93],"product_tag":[],"collections":[181],"awards":[146,147,136,166,167],"by_color":[],"class_list":{"0":"post-7712","1":"product","2":"type-product","3":"status-publish","4":"has-post-thumbnail","6":"product_cat-tabouret-design-softicated","7":"product_shipping_class-mobilier-signet-ring","8":"collections-tabouret-design-softicated","9":"awards-big-see-awards-2023-softicated-signet-ring","10":"awards-iconic-award-2023-softicated-signet-ring","11":"awards-ida-design-award-honorable-mention-2022","12":"awards-luxury-lifestyle-awards-2024","13":"awards-archiproducts-2024-longlisted-product","15":"first","16":"instock","17":"shipping-taxable","18":"purchasable","19":"product-type-simple"},"acf":[],"yoast_head":"<!-- This site is optimized with the Yoast SEO Premium plugin v25.7.1 (Yoast SEO v26.9) - https:\/\/yoast.com\/product\/yoast-seo-premium-wordpress\/ -->\n<title>Tabouret design Vert for\u00eat - Softicated<\/title>\n<meta name=\"description\" content=\"Laissez-vous s\u00e9duire par la profondeur et la noblesse du tabouret Signet Ring vert for\u00eat, une couleur \u00e0 la fois apaisante et affirm\u00e9e.\" \/>\n<meta name=\"robots\" content=\"index, follow, max-snippet:-1, max-image-preview:large, max-video-preview:-1\" \/>\n<link rel=\"canonical\" href=\"https:\/\/softicated.com\/en\/produit\/tabouret-vert-foret\/\" \/>\n<meta property=\"og:locale\" content=\"en_GB\" \/>\n<meta property=\"og:type\" content=\"article\" \/>\n<meta property=\"og:title\" content=\"Tabouret design Vert for\u00eat\" \/>\n<meta property=\"og:description\" content=\"Laissez-vous s\u00e9duire par la profondeur et la noblesse du tabouret Signet Ring vert for\u00eat, une couleur \u00e0 la fois apaisante et affirm\u00e9e.\" \/>\n<meta property=\"og:url\" content=\"https:\/\/softicated.com\/en\/produit\/tabouret-vert-foret\/\" \/>\n<meta property=\"og:site_name\" content=\"Softicated\" \/>\n<meta property=\"article:publisher\" content=\"https:\/\/www.facebook.com\/Softicated\" \/>\n<meta property=\"article:modified_time\" content=\"2026-03-24T04:38:22+00:00\" \/>\n<meta property=\"og:image\" content=\"https:\/\/softicated.com\/wp-content\/uploads\/2022\/09\/Vert-Foret.png\" \/>\n\t<meta property=\"og:image:width\" content=\"350\" \/>\n\t<meta property=\"og:image:height\" content=\"350\" \/>\n\t<meta property=\"og:image:type\" content=\"image\/png\" \/>\n<meta name=\"twitter:card\" content=\"summary_large_image\" \/>\n<script type=\"application\/ld+json\" class=\"yoast-schema-graph\">{\"@context\":\"https:\/\/schema.org\",\"@graph\":[{\"@type\":\"WebPage\",\"@id\":\"https:\/\/softicated.com\/produit\/tabouret-vert-foret\/\",\"url\":\"https:\/\/softicated.com\/produit\/tabouret-vert-foret\/\",\"name\":\"Tabouret design Vert for\u00eat - Softicated\",\"isPartOf\":{\"@id\":\"https:\/\/softicated.com\/#website\"},\"primaryImageOfPage\":{\"@id\":\"https:\/\/softicated.com\/produit\/tabouret-vert-foret\/#primaryimage\"},\"image\":{\"@id\":\"https:\/\/softicated.com\/produit\/tabouret-vert-foret\/#primaryimage\"},\"thumbnailUrl\":\"https:\/\/softicated.com\/wp-content\/uploads\/2022\/09\/Vert-Foret.png\",\"datePublished\":\"2022-09-23T09:09:03+00:00\",\"dateModified\":\"2026-03-24T04:38:22+00:00\",\"description\":\"Laissez-vous s\u00e9duire par la profondeur et la noblesse du tabouret Signet Ring vert for\u00eat, une couleur \u00e0 la fois apaisante et affirm\u00e9e.\",\"breadcrumb\":{\"@id\":\"https:\/\/softicated.com\/produit\/tabouret-vert-foret\/#breadcrumb\"},\"inLanguage\":\"en-GB\",\"potentialAction\":[{\"@type\":\"ReadAction\",\"target\":[\"https:\/\/softicated.com\/produit\/tabouret-vert-foret\/\"]}]},{\"@type\":\"ImageObject\",\"inLanguage\":\"en-GB\",\"@id\":\"https:\/\/softicated.com\/produit\/tabouret-vert-foret\/#primaryimage\",\"url\":\"https:\/\/softicated.com\/wp-content\/uploads\/2022\/09\/Vert-Foret.png\",\"contentUrl\":\"https:\/\/softicated.com\/wp-content\/uploads\/2022\/09\/Vert-Foret.png\",\"width\":350,\"height\":350,\"caption\":\"Vert Fore\u0302t\"},{\"@type\":\"BreadcrumbList\",\"@id\":\"https:\/\/softicated.com\/produit\/tabouret-vert-foret\/#breadcrumb\",\"itemListElement\":[{\"@type\":\"ListItem\",\"position\":1,\"name\":\"Accueil\",\"item\":\"https:\/\/softicated.com\/\"},{\"@type\":\"ListItem\",\"position\":2,\"name\":\"Produits Mobilier Premium Softicated\",\"item\":\"https:\/\/softicated.com\/produits\/\"},{\"@type\":\"ListItem\",\"position\":3,\"name\":\"Assise design\",\"item\":\"https:\/\/softicated.com\/categorie-produit\/assises\/\"},{\"@type\":\"ListItem\",\"position\":4,\"name\":\"Tabouret design\",\"item\":\"https:\/\/softicated.com\/categorie-produit\/assises\/tabouret-design-softicated\/\"},{\"@type\":\"ListItem\",\"position\":5,\"name\":\"Tabouret design\"}]},{\"@type\":\"WebSite\",\"@id\":\"https:\/\/softicated.com\/#website\",\"url\":\"https:\/\/softicated.com\/\",\"name\":\"Softicated\",\"description\":\"Cr\u00e9ateur de meubles, luminaires et tapis premium\",\"publisher\":{\"@id\":\"https:\/\/softicated.com\/#organization\"},\"potentialAction\":[{\"@type\":\"SearchAction\",\"target\":{\"@type\":\"EntryPoint\",\"urlTemplate\":\"https:\/\/softicated.com\/?s={search_term_string}\"},\"query-input\":{\"@type\":\"PropertyValueSpecification\",\"valueRequired\":true,\"valueName\":\"search_term_string\"}}],\"inLanguage\":\"en-GB\"},{\"@type\":\"Organization\",\"@id\":\"https:\/\/softicated.com\/#organization\",\"name\":\"Softicated\",\"url\":\"https:\/\/softicated.com\/\",\"logo\":{\"@type\":\"ImageObject\",\"inLanguage\":\"en-GB\",\"@id\":\"https:\/\/softicated.com\/#\/schema\/logo\/image\/\",\"url\":\"https:\/\/softicated.com\/wp-content\/uploads\/2025\/11\/logo-dark-2.svg\",\"contentUrl\":\"https:\/\/softicated.com\/wp-content\/uploads\/2025\/11\/logo-dark-2.svg\",\"caption\":\"Softicated\"},\"image\":{\"@id\":\"https:\/\/softicated.com\/#\/schema\/logo\/image\/\"},\"sameAs\":[\"https:\/\/www.facebook.com\/Softicated\",\"https:\/\/www.pinterest.com\/softicateddesign\",\"https:\/\/www.instagram.com\/softicated.design\"]}]}<\/script>\n<!-- \/ Yoast SEO Premium plugin. -->","yoast_head_json":{"title":"Green Forest designer stool - Softicated","description":"Laissez-vous s\u00e9duire par la profondeur et la noblesse du tabouret Signet Ring vert for\u00eat, une couleur \u00e0 la fois apaisante et affirm\u00e9e.","robots":{"index":"index","follow":"follow","max-snippet":"max-snippet:-1","max-image-preview":"max-image-preview:large","max-video-preview":"max-video-preview:-1"},"canonical":"https:\/\/softicated.com\/en\/produit\/tabouret-vert-foret\/","og_locale":"en_GB","og_type":"article","og_title":"Tabouret design Vert for\u00eat","og_description":"Laissez-vous s\u00e9duire par la profondeur et la noblesse du tabouret Signet Ring vert for\u00eat, une couleur \u00e0 la fois apaisante et affirm\u00e9e.","og_url":"https:\/\/softicated.com\/en\/produit\/tabouret-vert-foret\/","og_site_name":"Softicated","article_publisher":"https:\/\/www.facebook.com\/Softicated","article_modified_time":"2026-03-24T04:38:22+00:00","og_image":[{"width":350,"height":350,"url":"https:\/\/softicated.com\/wp-content\/uploads\/2022\/09\/Vert-Foret.png","type":"image\/png"}],"twitter_card":"summary_large_image","schema":{"@context":"https:\/\/schema.org","@graph":[{"@type":"WebPage","@id":"https:\/\/softicated.com\/produit\/tabouret-vert-foret\/","url":"https:\/\/softicated.com\/produit\/tabouret-vert-foret\/","name":"Green Forest designer stool - Softicated","isPartOf":{"@id":"https:\/\/softicated.com\/#website"},"primaryImageOfPage":{"@id":"https:\/\/softicated.com\/produit\/tabouret-vert-foret\/#primaryimage"},"image":{"@id":"https:\/\/softicated.com\/produit\/tabouret-vert-foret\/#primaryimage"},"thumbnailUrl":"https:\/\/softicated.com\/wp-content\/uploads\/2022\/09\/Vert-Foret.png","datePublished":"2022-09-23T09:09:03+00:00","dateModified":"2026-03-24T04:38:22+00:00","description":"Laissez-vous s\u00e9duire par la profondeur et la noblesse du tabouret Signet Ring vert for\u00eat, une couleur \u00e0 la fois apaisante et affirm\u00e9e.","breadcrumb":{"@id":"https:\/\/softicated.com\/produit\/tabouret-vert-foret\/#breadcrumb"},"inLanguage":"en-GB","potentialAction":[{"@type":"ReadAction","target":["https:\/\/softicated.com\/produit\/tabouret-vert-foret\/"]}]},{"@type":"ImageObject","inLanguage":"en-GB","@id":"https:\/\/softicated.com\/produit\/tabouret-vert-foret\/#primaryimage","url":"https:\/\/softicated.com\/wp-content\/uploads\/2022\/09\/Vert-Foret.png","contentUrl":"https:\/\/softicated.com\/wp-content\/uploads\/2022\/09\/Vert-Foret.png","width":350,"height":350,"caption":"Vert Fore\u0302t"},{"@type":"BreadcrumbList","@id":"https:\/\/softicated.com\/produit\/tabouret-vert-foret\/#breadcrumb","itemListElement":[{"@type":"ListItem","position":1,"name":"Accueil","item":"https:\/\/softicated.com\/"},{"@type":"ListItem","position":2,"name":"Produits Mobilier Premium Softicated","item":"https:\/\/softicated.com\/produits\/"},{"@type":"ListItem","position":3,"name":"Assise design","item":"https:\/\/softicated.com\/categorie-produit\/assises\/"},{"@type":"ListItem","position":4,"name":"Tabouret design","item":"https:\/\/softicated.com\/categorie-produit\/assises\/tabouret-design-softicated\/"},{"@type":"ListItem","position":5,"name":"Tabouret design"}]},{"@type":"WebSite","@id":"https:\/\/softicated.com\/#website","url":"https:\/\/softicated.com\/","name":"Softicated","description":"Designer of premium furniture, lighting and rugs","publisher":{"@id":"https:\/\/softicated.com\/#organization"},"potentialAction":[{"@type":"SearchAction","target":{"@type":"EntryPoint","urlTemplate":"https:\/\/softicated.com\/?s={search_term_string}"},"query-input":{"@type":"PropertyValueSpecification","valueRequired":true,"valueName":"search_term_string"}}],"inLanguage":"en-GB"},{"@type":"Organization","@id":"https:\/\/softicated.com\/#organization","name":"Softicated","url":"https:\/\/softicated.com\/","logo":{"@type":"ImageObject","inLanguage":"en-GB","@id":"https:\/\/softicated.com\/#\/schema\/logo\/image\/","url":"https:\/\/softicated.com\/wp-content\/uploads\/2025\/11\/logo-dark-2.svg","contentUrl":"https:\/\/softicated.com\/wp-content\/uploads\/2025\/11\/logo-dark-2.svg","caption":"Softicated"},"image":{"@id":"https:\/\/softicated.com\/#\/schema\/logo\/image\/"},"sameAs":["https:\/\/www.facebook.com\/Softicated","https:\/\/www.pinterest.com\/softicateddesign","https:\/\/www.instagram.com\/softicated.design"]}]}},"_links":{"self":[{"href":"https:\/\/softicated.com\/en\/wp-json\/wp\/v2\/product\/7712","targetHints":{"allow":["GET"]}}],"collection":[{"href":"https:\/\/softicated.com\/en\/wp-json\/wp\/v2\/product"}],"about":[{"href":"https:\/\/softicated.com\/en\/wp-json\/wp\/v2\/types\/product"}],"replies":[{"embeddable":true,"href":"https:\/\/softicated.com\/en\/wp-json\/wp\/v2\/comments?post=7712"}],"wp:featuredmedia":[{"embeddable":true,"href":"https:\/\/softicated.com\/en\/wp-json\/wp\/v2\/media\/13474"}],"wp:attachment":[{"href":"https:\/\/softicated.com\/en\/wp-json\/wp\/v2\/media?parent=7712"}],"wp:term":[{"taxonomy":"product_brand","embeddable":true,"href":"https:\/\/softicated.com\/en\/wp-json\/wp\/v2\/product_brand?post=7712"},{"taxonomy":"product_cat","embeddable":true,"href":"https:\/\/softicated.com\/en\/wp-json\/wp\/v2\/product_cat?post=7712"},{"taxonomy":"product_tag","embeddable":true,"href":"https:\/\/softicated.com\/en\/wp-json\/wp\/v2\/product_tag?post=7712"},{"taxonomy":"collections","embeddable":true,"href":"https:\/\/softicated.com\/en\/wp-json\/wp\/v2\/collections?post=7712"},{"taxonomy":"awards","embeddable":true,"href":"https:\/\/softicated.com\/en\/wp-json\/wp\/v2\/awards?post=7712"},{"taxonomy":"by_color","embeddable":true,"href":"https:\/\/softicated.com\/en\/wp-json\/wp\/v2\/by_color?post=7712"}],"curies":[{"name":"wp","href":"https:\/\/api.w.org\/{rel}","templated":true}]}}