{"id":7710,"date":"2022-09-23T11:07:22","date_gmt":"2022-09-23T09:07:22","guid":{"rendered":"https:\/\/softicated.com\/?post_type=product&#038;p=7710"},"modified":"2026-03-24T05:37:35","modified_gmt":"2026-03-24T04:37:35","slug":"tabouret-rouge-signet-ring","status":"publish","type":"product","link":"https:\/\/softicated.com\/en\/produit\/tabouret-rouge-signet-ring\/","title":{"rendered":"Red Designer Stool"},"content":{"rendered":"<p>Red, an intense and iconic color, holds a special place in the world of interior design. Both energetic and refined, this shade symbolizes passion, vitality, and luxury. Incorporating red into a space infuses it with a strong personality and a warm atmosphere that leaves no one indifferent.<\/p>\n<p>Our shade of red, which can be described as poppy red, is intense and powerful, accentuating the harmonious curves and sleek design of the stool. This universal color enhances the Signet Ring stool, highlighting its geometric shapes and elegant lines.<\/p>\n<p>Cette couleur vive attire l\u2019attention r\u00e9v\u00e9lant une touche audacieuse et moderne dans la d\u00e9coration d\u2019int\u00e9rieur. Utilis\u00e9 avec parcimonie, le rouge peut devenir l\u2019\u00e9l\u00e9ment cl\u00e9 d\u2019une d\u00e9coration r\u00e9ussie.<\/p>\n<p>Le tabouret Signet Ring attire les regards et suscite l\u2019\u00e9merveillement. Le tabouret rouge coquelicot est pr\u00eat \u00e0 illuminer vos espaces donnant une touche artistique \u00e0 votre int\u00e9rieur.<\/p>\n<p>This color transcends eras and styles, fitting seamlessly into both classic interiors and ultra-modern spaces. It evokes the warmth of traditional homes and the boldness of contemporary creations.<\/p>\n<p>With this poppy red, we reaffirm our commitment to offering furniture that transcends trends and captivates with its unique character. This stool, a true jewel of furniture design, will transform your interiors, adding a touch of dynamism, warmth, and elegance.<\/p>\n<p>Choosing the red stool for your decor means embracing a piece of furniture in a powerful and captivating color, capable of transforming a space and reflecting a bold and refined vision of the art of living.<\/p>","protected":false},"excerpt":{"rendered":"<p>Le rouge, couleur intense et embl\u00e9matique occupe une place particuli\u00e8re dans l\u2019univers de la d\u00e9coration d\u2019int\u00e9rieur. \u00c0 la fois \u00e9nergique et raffin\u00e9e, cette teinte symbolise la passion, la vitalit\u00e9 et le luxe. Int\u00e9grer le rouge dans un espace, c\u2019est insuffler une personnalit\u00e9 forte et une atmosph\u00e8re chaleureuse qui ne laisse personne indiff\u00e9rent. Notre teinte rouge [&hellip;]<\/p>","protected":false},"featured_media":13473,"comment_status":"closed","ping_status":"closed","template":"","meta":{"_acf_changed":false},"product_brand":[],"product_cat":[93],"product_tag":[],"collections":[181],"awards":[146,147,136,166,167],"by_color":[],"class_list":{"0":"post-7710","1":"product","2":"type-product","3":"status-publish","4":"has-post-thumbnail","6":"product_cat-tabouret-design-softicated","7":"product_shipping_class-mobilier-signet-ring","8":"collections-tabouret-design-softicated","9":"awards-big-see-awards-2023-softicated-signet-ring","10":"awards-iconic-award-2023-softicated-signet-ring","11":"awards-ida-design-award-honorable-mention-2022","12":"awards-luxury-lifestyle-awards-2024","13":"awards-archiproducts-2024-longlisted-product","15":"first","16":"instock","17":"shipping-taxable","18":"purchasable","19":"product-type-simple"},"acf":[],"yoast_head":"<!-- This site is optimized with the Yoast SEO Premium plugin v25.7.1 (Yoast SEO v26.9) - https:\/\/yoast.com\/product\/yoast-seo-premium-wordpress\/ -->\n<title>Tabouret design Rouge - Softicated<\/title>\n<meta name=\"description\" content=\"Adopter le tabouret rouge dans sa d\u00e9coration, c\u2019est faire le choix d\u2019un objet d\u2019une couleur puissante et captivante, capable de transformer un espace...\" \/>\n<meta name=\"robots\" content=\"index, follow, max-snippet:-1, max-image-preview:large, max-video-preview:-1\" \/>\n<link rel=\"canonical\" href=\"https:\/\/softicated.com\/en\/produit\/tabouret-rouge-signet-ring\/\" \/>\n<meta property=\"og:locale\" content=\"en_GB\" \/>\n<meta property=\"og:type\" content=\"article\" \/>\n<meta property=\"og:title\" content=\"Tabouret design Rouge\" \/>\n<meta property=\"og:description\" content=\"Adopter le tabouret rouge dans sa d\u00e9coration, c\u2019est faire le choix d\u2019un objet d\u2019une couleur puissante et captivante, capable de transformer un espace...\" \/>\n<meta property=\"og:url\" content=\"https:\/\/softicated.com\/en\/produit\/tabouret-rouge-signet-ring\/\" \/>\n<meta property=\"og:site_name\" content=\"Softicated\" \/>\n<meta property=\"article:publisher\" content=\"https:\/\/www.facebook.com\/Softicated\" \/>\n<meta property=\"article:modified_time\" content=\"2026-03-24T04:37:35+00:00\" \/>\n<meta property=\"og:image\" content=\"https:\/\/softicated.com\/wp-content\/uploads\/2022\/09\/Rouge.png\" \/>\n\t<meta property=\"og:image:width\" content=\"350\" \/>\n\t<meta property=\"og:image:height\" content=\"350\" \/>\n\t<meta property=\"og:image:type\" content=\"image\/png\" \/>\n<meta name=\"twitter:card\" content=\"summary_large_image\" \/>\n<script type=\"application\/ld+json\" class=\"yoast-schema-graph\">{\"@context\":\"https:\/\/schema.org\",\"@graph\":[{\"@type\":\"WebPage\",\"@id\":\"https:\/\/softicated.com\/produit\/tabouret-rouge-signet-ring\/\",\"url\":\"https:\/\/softicated.com\/produit\/tabouret-rouge-signet-ring\/\",\"name\":\"Tabouret design Rouge - Softicated\",\"isPartOf\":{\"@id\":\"https:\/\/softicated.com\/#website\"},\"primaryImageOfPage\":{\"@id\":\"https:\/\/softicated.com\/produit\/tabouret-rouge-signet-ring\/#primaryimage\"},\"image\":{\"@id\":\"https:\/\/softicated.com\/produit\/tabouret-rouge-signet-ring\/#primaryimage\"},\"thumbnailUrl\":\"https:\/\/softicated.com\/wp-content\/uploads\/2022\/09\/Rouge.png\",\"datePublished\":\"2022-09-23T09:07:22+00:00\",\"dateModified\":\"2026-03-24T04:37:35+00:00\",\"description\":\"Adopter le tabouret rouge dans sa d\u00e9coration, c\u2019est faire le choix d\u2019un objet d\u2019une couleur puissante et captivante, capable de transformer un espace...\",\"breadcrumb\":{\"@id\":\"https:\/\/softicated.com\/produit\/tabouret-rouge-signet-ring\/#breadcrumb\"},\"inLanguage\":\"en-GB\",\"potentialAction\":[{\"@type\":\"ReadAction\",\"target\":[\"https:\/\/softicated.com\/produit\/tabouret-rouge-signet-ring\/\"]}]},{\"@type\":\"ImageObject\",\"inLanguage\":\"en-GB\",\"@id\":\"https:\/\/softicated.com\/produit\/tabouret-rouge-signet-ring\/#primaryimage\",\"url\":\"https:\/\/softicated.com\/wp-content\/uploads\/2022\/09\/Rouge.png\",\"contentUrl\":\"https:\/\/softicated.com\/wp-content\/uploads\/2022\/09\/Rouge.png\",\"width\":350,\"height\":350,\"caption\":\"Rouge\"},{\"@type\":\"BreadcrumbList\",\"@id\":\"https:\/\/softicated.com\/produit\/tabouret-rouge-signet-ring\/#breadcrumb\",\"itemListElement\":[{\"@type\":\"ListItem\",\"position\":1,\"name\":\"Accueil\",\"item\":\"https:\/\/softicated.com\/\"},{\"@type\":\"ListItem\",\"position\":2,\"name\":\"Produits Mobilier Premium Softicated\",\"item\":\"https:\/\/softicated.com\/produits\/\"},{\"@type\":\"ListItem\",\"position\":3,\"name\":\"Assise design\",\"item\":\"https:\/\/softicated.com\/categorie-produit\/assises\/\"},{\"@type\":\"ListItem\",\"position\":4,\"name\":\"Tabouret design\",\"item\":\"https:\/\/softicated.com\/categorie-produit\/assises\/tabouret-design-softicated\/\"},{\"@type\":\"ListItem\",\"position\":5,\"name\":\"Tabouret design rouge\"}]},{\"@type\":\"WebSite\",\"@id\":\"https:\/\/softicated.com\/#website\",\"url\":\"https:\/\/softicated.com\/\",\"name\":\"Softicated\",\"description\":\"Cr\u00e9ateur de meubles, luminaires et tapis premium\",\"publisher\":{\"@id\":\"https:\/\/softicated.com\/#organization\"},\"potentialAction\":[{\"@type\":\"SearchAction\",\"target\":{\"@type\":\"EntryPoint\",\"urlTemplate\":\"https:\/\/softicated.com\/?s={search_term_string}\"},\"query-input\":{\"@type\":\"PropertyValueSpecification\",\"valueRequired\":true,\"valueName\":\"search_term_string\"}}],\"inLanguage\":\"en-GB\"},{\"@type\":\"Organization\",\"@id\":\"https:\/\/softicated.com\/#organization\",\"name\":\"Softicated\",\"url\":\"https:\/\/softicated.com\/\",\"logo\":{\"@type\":\"ImageObject\",\"inLanguage\":\"en-GB\",\"@id\":\"https:\/\/softicated.com\/#\/schema\/logo\/image\/\",\"url\":\"https:\/\/softicated.com\/wp-content\/uploads\/2025\/11\/logo-dark-2.svg\",\"contentUrl\":\"https:\/\/softicated.com\/wp-content\/uploads\/2025\/11\/logo-dark-2.svg\",\"caption\":\"Softicated\"},\"image\":{\"@id\":\"https:\/\/softicated.com\/#\/schema\/logo\/image\/\"},\"sameAs\":[\"https:\/\/www.facebook.com\/Softicated\",\"https:\/\/www.pinterest.com\/softicateddesign\",\"https:\/\/www.instagram.com\/softicated.design\"]}]}<\/script>\n<!-- \/ Yoast SEO Premium plugin. -->","yoast_head_json":{"title":"Red Designer Stool - Softicated","description":"Adopter le tabouret rouge dans sa d\u00e9coration, c\u2019est faire le choix d\u2019un objet d\u2019une couleur puissante et captivante, capable de transformer un espace...","robots":{"index":"index","follow":"follow","max-snippet":"max-snippet:-1","max-image-preview":"max-image-preview:large","max-video-preview":"max-video-preview:-1"},"canonical":"https:\/\/softicated.com\/en\/produit\/tabouret-rouge-signet-ring\/","og_locale":"en_GB","og_type":"article","og_title":"Tabouret design Rouge","og_description":"Adopter le tabouret rouge dans sa d\u00e9coration, c\u2019est faire le choix d\u2019un objet d\u2019une couleur puissante et captivante, capable de transformer un espace...","og_url":"https:\/\/softicated.com\/en\/produit\/tabouret-rouge-signet-ring\/","og_site_name":"Softicated","article_publisher":"https:\/\/www.facebook.com\/Softicated","article_modified_time":"2026-03-24T04:37:35+00:00","og_image":[{"width":350,"height":350,"url":"https:\/\/softicated.com\/wp-content\/uploads\/2022\/09\/Rouge.png","type":"image\/png"}],"twitter_card":"summary_large_image","schema":{"@context":"https:\/\/schema.org","@graph":[{"@type":"WebPage","@id":"https:\/\/softicated.com\/produit\/tabouret-rouge-signet-ring\/","url":"https:\/\/softicated.com\/produit\/tabouret-rouge-signet-ring\/","name":"Red Designer Stool - Softicated","isPartOf":{"@id":"https:\/\/softicated.com\/#website"},"primaryImageOfPage":{"@id":"https:\/\/softicated.com\/produit\/tabouret-rouge-signet-ring\/#primaryimage"},"image":{"@id":"https:\/\/softicated.com\/produit\/tabouret-rouge-signet-ring\/#primaryimage"},"thumbnailUrl":"https:\/\/softicated.com\/wp-content\/uploads\/2022\/09\/Rouge.png","datePublished":"2022-09-23T09:07:22+00:00","dateModified":"2026-03-24T04:37:35+00:00","description":"Adopter le tabouret rouge dans sa d\u00e9coration, c\u2019est faire le choix d\u2019un objet d\u2019une couleur puissante et captivante, capable de transformer un espace...","breadcrumb":{"@id":"https:\/\/softicated.com\/produit\/tabouret-rouge-signet-ring\/#breadcrumb"},"inLanguage":"en-GB","potentialAction":[{"@type":"ReadAction","target":["https:\/\/softicated.com\/produit\/tabouret-rouge-signet-ring\/"]}]},{"@type":"ImageObject","inLanguage":"en-GB","@id":"https:\/\/softicated.com\/produit\/tabouret-rouge-signet-ring\/#primaryimage","url":"https:\/\/softicated.com\/wp-content\/uploads\/2022\/09\/Rouge.png","contentUrl":"https:\/\/softicated.com\/wp-content\/uploads\/2022\/09\/Rouge.png","width":350,"height":350,"caption":"Rouge"},{"@type":"BreadcrumbList","@id":"https:\/\/softicated.com\/produit\/tabouret-rouge-signet-ring\/#breadcrumb","itemListElement":[{"@type":"ListItem","position":1,"name":"Accueil","item":"https:\/\/softicated.com\/"},{"@type":"ListItem","position":2,"name":"Produits Mobilier Premium Softicated","item":"https:\/\/softicated.com\/produits\/"},{"@type":"ListItem","position":3,"name":"Assise design","item":"https:\/\/softicated.com\/categorie-produit\/assises\/"},{"@type":"ListItem","position":4,"name":"Tabouret design","item":"https:\/\/softicated.com\/categorie-produit\/assises\/tabouret-design-softicated\/"},{"@type":"ListItem","position":5,"name":"Tabouret design rouge"}]},{"@type":"WebSite","@id":"https:\/\/softicated.com\/#website","url":"https:\/\/softicated.com\/","name":"Softicated","description":"Designer of premium furniture, lighting and rugs","publisher":{"@id":"https:\/\/softicated.com\/#organization"},"potentialAction":[{"@type":"SearchAction","target":{"@type":"EntryPoint","urlTemplate":"https:\/\/softicated.com\/?s={search_term_string}"},"query-input":{"@type":"PropertyValueSpecification","valueRequired":true,"valueName":"search_term_string"}}],"inLanguage":"en-GB"},{"@type":"Organization","@id":"https:\/\/softicated.com\/#organization","name":"Softicated","url":"https:\/\/softicated.com\/","logo":{"@type":"ImageObject","inLanguage":"en-GB","@id":"https:\/\/softicated.com\/#\/schema\/logo\/image\/","url":"https:\/\/softicated.com\/wp-content\/uploads\/2025\/11\/logo-dark-2.svg","contentUrl":"https:\/\/softicated.com\/wp-content\/uploads\/2025\/11\/logo-dark-2.svg","caption":"Softicated"},"image":{"@id":"https:\/\/softicated.com\/#\/schema\/logo\/image\/"},"sameAs":["https:\/\/www.facebook.com\/Softicated","https:\/\/www.pinterest.com\/softicateddesign","https:\/\/www.instagram.com\/softicated.design"]}]}},"_links":{"self":[{"href":"https:\/\/softicated.com\/en\/wp-json\/wp\/v2\/product\/7710","targetHints":{"allow":["GET"]}}],"collection":[{"href":"https:\/\/softicated.com\/en\/wp-json\/wp\/v2\/product"}],"about":[{"href":"https:\/\/softicated.com\/en\/wp-json\/wp\/v2\/types\/product"}],"replies":[{"embeddable":true,"href":"https:\/\/softicated.com\/en\/wp-json\/wp\/v2\/comments?post=7710"}],"wp:featuredmedia":[{"embeddable":true,"href":"https:\/\/softicated.com\/en\/wp-json\/wp\/v2\/media\/13473"}],"wp:attachment":[{"href":"https:\/\/softicated.com\/en\/wp-json\/wp\/v2\/media?parent=7710"}],"wp:term":[{"taxonomy":"product_brand","embeddable":true,"href":"https:\/\/softicated.com\/en\/wp-json\/wp\/v2\/product_brand?post=7710"},{"taxonomy":"product_cat","embeddable":true,"href":"https:\/\/softicated.com\/en\/wp-json\/wp\/v2\/product_cat?post=7710"},{"taxonomy":"product_tag","embeddable":true,"href":"https:\/\/softicated.com\/en\/wp-json\/wp\/v2\/product_tag?post=7710"},{"taxonomy":"collections","embeddable":true,"href":"https:\/\/softicated.com\/en\/wp-json\/wp\/v2\/collections?post=7710"},{"taxonomy":"awards","embeddable":true,"href":"https:\/\/softicated.com\/en\/wp-json\/wp\/v2\/awards?post=7710"},{"taxonomy":"by_color","embeddable":true,"href":"https:\/\/softicated.com\/en\/wp-json\/wp\/v2\/by_color?post=7710"}],"curies":[{"name":"wp","href":"https:\/\/api.w.org\/{rel}","templated":true}]}}