{"id":7709,"date":"2022-09-23T11:06:50","date_gmt":"2022-09-23T09:06:50","guid":{"rendered":"https:\/\/softicated.com\/?post_type=product&#038;p=7709"},"modified":"2026-03-24T05:37:46","modified_gmt":"2026-03-24T04:37:46","slug":"tabouret-rose-signet-ring","status":"publish","type":"product","link":"https:\/\/softicated.com\/en\/produit\/tabouret-rose-signet-ring\/","title":{"rendered":"Pink designer stool"},"content":{"rendered":"<p>Pink is not just visually appealing; it also has a psychological impact. Known for its calming qualities, it evokes tenderness and well-being. In a living space, it can help create a warm and welcoming atmosphere that promotes serenity and relaxation.<\/p>\n<p>Notre tabouret iconique Signet Ring, symbole d\u2019\u00e9quilibre entre sophistication et fonctionnalit\u00e9 incarne l\u2019esprit de notre marque. L\u2019originalit\u00e9 du design de ce tabouret, l\u2019attention port\u00e9e \u00e0 l\u2019esth\u00e9tisme, le confort la praticit\u00e9 associ\u00e9s \u00e0 cette couleur rose lumineuse contribuent \u00e0 cr\u00e9er des ambiances diverses, qu\u2019elles soient chaleureuses, harmonieuses ou joyeuses.<\/p>\n<p>The radiant pink stool brings vibrant, modern, and chic energy to any room. This delicate shade has been carefully crafted to integrate seamlessly into both modern and timeless interiors. Perfect for energizing a space and infusing it with a touch of freshness and elegance, this pink hue enhances the stool\u2019s character. teinte, d\u00e9licate a \u00e9t\u00e9 soigneusement con\u00e7ue pour s\u2019int\u00e9grer harmonieusement dans les int\u00e9rieurs modernes et intemporels. Parfaits pour dynamiser une pi\u00e8ce et y insuffler une note de fra\u00eecheur et d\u2019\u00e9l\u00e9gance, cette teinte rose sublime le caract\u00e8re du tabouret.<\/p>\n<p>This pink shade offers an opportunity to express creativity and personality. Whether in a modern living room, a serene bedroom, or a professional space, the pink Signet Ring stool stands out as a signature piece capable of transforming the atmosphere with elegance and uniqueness.<\/p>\n<p>Pink has established itself as an incredibly versatile shade, capable of complementing many color palettes. While traditionally associated with romantic or classic styles, pink now asserts itself as a bold choice in contemporary decor, adding originality and character while maintaining a natural elegance.<\/p>\n<p>Incorporating the Softicated pink stool into your decor means choosing a piece that can transform an interior into a space full of charm, balance, and emotion. Pink proves to be a valuable ally for creating a unique and inspiring decor.<\/p>","protected":false},"excerpt":{"rendered":"<p>Le rose n\u2019est pas seulement esth\u00e9tique ; il a \u00e9galement un impact psychologique. Il est connu pour ses vertus apaisantes, \u00e9voquant tendresse et bien-\u00eatre. Dans un espace de vie, il peut contribuer \u00e0 cr\u00e9er une atmosph\u00e8re chaleureuse et accueillante, favorisant la s\u00e9r\u00e9nit\u00e9 et la d\u00e9tente. Notre tabouret iconique Signet Ring, symbole d\u2019\u00e9quilibre entre sophistication et [&hellip;]<\/p>","protected":false},"featured_media":13475,"comment_status":"closed","ping_status":"closed","template":"","meta":{"_acf_changed":false},"product_brand":[],"product_cat":[93],"product_tag":[],"collections":[181],"awards":[146,147,136,166,167],"by_color":[],"class_list":{"0":"post-7709","1":"product","2":"type-product","3":"status-publish","4":"has-post-thumbnail","6":"product_cat-tabouret-design-softicated","7":"product_shipping_class-mobilier-signet-ring","8":"collections-tabouret-design-softicated","9":"awards-big-see-awards-2023-softicated-signet-ring","10":"awards-iconic-award-2023-softicated-signet-ring","11":"awards-ida-design-award-honorable-mention-2022","12":"awards-luxury-lifestyle-awards-2024","13":"awards-archiproducts-2024-longlisted-product","15":"first","16":"instock","17":"shipping-taxable","18":"purchasable","19":"product-type-simple"},"acf":[],"yoast_head":"<!-- This site is optimized with the Yoast SEO Premium plugin v25.7.1 (Yoast SEO v26.9) - https:\/\/yoast.com\/product\/yoast-seo-premium-wordpress\/ -->\n<title>Tabouret design Rose - Softicated<\/title>\n<meta name=\"description\" content=\"Notre tabouret iconique Signet Ring rose, symbole d\u2019\u00e9quilibre entre sophistication et fonctionnalit\u00e9 incarne l\u2019esprit de notre marque.\" \/>\n<meta name=\"robots\" content=\"index, follow, max-snippet:-1, max-image-preview:large, max-video-preview:-1\" \/>\n<link rel=\"canonical\" href=\"https:\/\/softicated.com\/en\/produit\/tabouret-rose-signet-ring\/\" \/>\n<meta property=\"og:locale\" content=\"en_GB\" \/>\n<meta property=\"og:type\" content=\"article\" \/>\n<meta property=\"og:title\" content=\"Tabouret design Rose\" \/>\n<meta property=\"og:description\" content=\"Notre tabouret iconique Signet Ring rose, symbole d\u2019\u00e9quilibre entre sophistication et fonctionnalit\u00e9 incarne l\u2019esprit de notre marque.\" \/>\n<meta property=\"og:url\" content=\"https:\/\/softicated.com\/en\/produit\/tabouret-rose-signet-ring\/\" \/>\n<meta property=\"og:site_name\" content=\"Softicated\" \/>\n<meta property=\"article:publisher\" content=\"https:\/\/www.facebook.com\/Softicated\" \/>\n<meta property=\"article:modified_time\" content=\"2026-03-24T04:37:46+00:00\" \/>\n<meta property=\"og:image\" content=\"https:\/\/softicated.com\/wp-content\/uploads\/2022\/09\/Rose.png\" \/>\n\t<meta property=\"og:image:width\" content=\"350\" \/>\n\t<meta property=\"og:image:height\" content=\"350\" \/>\n\t<meta property=\"og:image:type\" content=\"image\/png\" \/>\n<meta name=\"twitter:card\" content=\"summary_large_image\" \/>\n<script type=\"application\/ld+json\" class=\"yoast-schema-graph\">{\"@context\":\"https:\/\/schema.org\",\"@graph\":[{\"@type\":\"WebPage\",\"@id\":\"https:\/\/softicated.com\/produit\/tabouret-rose-signet-ring\/\",\"url\":\"https:\/\/softicated.com\/produit\/tabouret-rose-signet-ring\/\",\"name\":\"Tabouret design Rose - Softicated\",\"isPartOf\":{\"@id\":\"https:\/\/softicated.com\/#website\"},\"primaryImageOfPage\":{\"@id\":\"https:\/\/softicated.com\/produit\/tabouret-rose-signet-ring\/#primaryimage\"},\"image\":{\"@id\":\"https:\/\/softicated.com\/produit\/tabouret-rose-signet-ring\/#primaryimage\"},\"thumbnailUrl\":\"https:\/\/softicated.com\/wp-content\/uploads\/2022\/09\/Rose.png\",\"datePublished\":\"2022-09-23T09:06:50+00:00\",\"dateModified\":\"2026-03-24T04:37:46+00:00\",\"description\":\"Notre tabouret iconique Signet Ring rose, symbole d\u2019\u00e9quilibre entre sophistication et fonctionnalit\u00e9 incarne l\u2019esprit de notre marque.\",\"breadcrumb\":{\"@id\":\"https:\/\/softicated.com\/produit\/tabouret-rose-signet-ring\/#breadcrumb\"},\"inLanguage\":\"en-GB\",\"potentialAction\":[{\"@type\":\"ReadAction\",\"target\":[\"https:\/\/softicated.com\/produit\/tabouret-rose-signet-ring\/\"]}]},{\"@type\":\"ImageObject\",\"inLanguage\":\"en-GB\",\"@id\":\"https:\/\/softicated.com\/produit\/tabouret-rose-signet-ring\/#primaryimage\",\"url\":\"https:\/\/softicated.com\/wp-content\/uploads\/2022\/09\/Rose.png\",\"contentUrl\":\"https:\/\/softicated.com\/wp-content\/uploads\/2022\/09\/Rose.png\",\"width\":350,\"height\":350,\"caption\":\"Rose\"},{\"@type\":\"BreadcrumbList\",\"@id\":\"https:\/\/softicated.com\/produit\/tabouret-rose-signet-ring\/#breadcrumb\",\"itemListElement\":[{\"@type\":\"ListItem\",\"position\":1,\"name\":\"Accueil\",\"item\":\"https:\/\/softicated.com\/\"},{\"@type\":\"ListItem\",\"position\":2,\"name\":\"Produits Mobilier Premium Softicated\",\"item\":\"https:\/\/softicated.com\/produits\/\"},{\"@type\":\"ListItem\",\"position\":3,\"name\":\"Assise design\",\"item\":\"https:\/\/softicated.com\/categorie-produit\/assises\/\"},{\"@type\":\"ListItem\",\"position\":4,\"name\":\"Tabouret design\",\"item\":\"https:\/\/softicated.com\/categorie-produit\/assises\/tabouret-design-softicated\/\"},{\"@type\":\"ListItem\",\"position\":5,\"name\":\"Tabouret Design rose\"}]},{\"@type\":\"WebSite\",\"@id\":\"https:\/\/softicated.com\/#website\",\"url\":\"https:\/\/softicated.com\/\",\"name\":\"Softicated\",\"description\":\"Cr\u00e9ateur de meubles, luminaires et tapis premium\",\"publisher\":{\"@id\":\"https:\/\/softicated.com\/#organization\"},\"potentialAction\":[{\"@type\":\"SearchAction\",\"target\":{\"@type\":\"EntryPoint\",\"urlTemplate\":\"https:\/\/softicated.com\/?s={search_term_string}\"},\"query-input\":{\"@type\":\"PropertyValueSpecification\",\"valueRequired\":true,\"valueName\":\"search_term_string\"}}],\"inLanguage\":\"en-GB\"},{\"@type\":\"Organization\",\"@id\":\"https:\/\/softicated.com\/#organization\",\"name\":\"Softicated\",\"url\":\"https:\/\/softicated.com\/\",\"logo\":{\"@type\":\"ImageObject\",\"inLanguage\":\"en-GB\",\"@id\":\"https:\/\/softicated.com\/#\/schema\/logo\/image\/\",\"url\":\"https:\/\/softicated.com\/wp-content\/uploads\/2025\/11\/logo-dark-2.svg\",\"contentUrl\":\"https:\/\/softicated.com\/wp-content\/uploads\/2025\/11\/logo-dark-2.svg\",\"caption\":\"Softicated\"},\"image\":{\"@id\":\"https:\/\/softicated.com\/#\/schema\/logo\/image\/\"},\"sameAs\":[\"https:\/\/www.facebook.com\/Softicated\",\"https:\/\/www.pinterest.com\/softicateddesign\",\"https:\/\/www.instagram.com\/softicated.design\"]}]}<\/script>\n<!-- \/ Yoast SEO Premium plugin. -->","yoast_head_json":{"title":"Pink designer stool - Softicated","description":"Notre tabouret iconique Signet Ring rose, symbole d\u2019\u00e9quilibre entre sophistication et fonctionnalit\u00e9 incarne l\u2019esprit de notre marque.","robots":{"index":"index","follow":"follow","max-snippet":"max-snippet:-1","max-image-preview":"max-image-preview:large","max-video-preview":"max-video-preview:-1"},"canonical":"https:\/\/softicated.com\/en\/produit\/tabouret-rose-signet-ring\/","og_locale":"en_GB","og_type":"article","og_title":"Tabouret design Rose","og_description":"Notre tabouret iconique Signet Ring rose, symbole d\u2019\u00e9quilibre entre sophistication et fonctionnalit\u00e9 incarne l\u2019esprit de notre marque.","og_url":"https:\/\/softicated.com\/en\/produit\/tabouret-rose-signet-ring\/","og_site_name":"Softicated","article_publisher":"https:\/\/www.facebook.com\/Softicated","article_modified_time":"2026-03-24T04:37:46+00:00","og_image":[{"width":350,"height":350,"url":"https:\/\/softicated.com\/wp-content\/uploads\/2022\/09\/Rose.png","type":"image\/png"}],"twitter_card":"summary_large_image","schema":{"@context":"https:\/\/schema.org","@graph":[{"@type":"WebPage","@id":"https:\/\/softicated.com\/produit\/tabouret-rose-signet-ring\/","url":"https:\/\/softicated.com\/produit\/tabouret-rose-signet-ring\/","name":"Pink designer stool - Softicated","isPartOf":{"@id":"https:\/\/softicated.com\/#website"},"primaryImageOfPage":{"@id":"https:\/\/softicated.com\/produit\/tabouret-rose-signet-ring\/#primaryimage"},"image":{"@id":"https:\/\/softicated.com\/produit\/tabouret-rose-signet-ring\/#primaryimage"},"thumbnailUrl":"https:\/\/softicated.com\/wp-content\/uploads\/2022\/09\/Rose.png","datePublished":"2022-09-23T09:06:50+00:00","dateModified":"2026-03-24T04:37:46+00:00","description":"Notre tabouret iconique Signet Ring rose, symbole d\u2019\u00e9quilibre entre sophistication et fonctionnalit\u00e9 incarne l\u2019esprit de notre marque.","breadcrumb":{"@id":"https:\/\/softicated.com\/produit\/tabouret-rose-signet-ring\/#breadcrumb"},"inLanguage":"en-GB","potentialAction":[{"@type":"ReadAction","target":["https:\/\/softicated.com\/produit\/tabouret-rose-signet-ring\/"]}]},{"@type":"ImageObject","inLanguage":"en-GB","@id":"https:\/\/softicated.com\/produit\/tabouret-rose-signet-ring\/#primaryimage","url":"https:\/\/softicated.com\/wp-content\/uploads\/2022\/09\/Rose.png","contentUrl":"https:\/\/softicated.com\/wp-content\/uploads\/2022\/09\/Rose.png","width":350,"height":350,"caption":"Rose"},{"@type":"BreadcrumbList","@id":"https:\/\/softicated.com\/produit\/tabouret-rose-signet-ring\/#breadcrumb","itemListElement":[{"@type":"ListItem","position":1,"name":"Accueil","item":"https:\/\/softicated.com\/"},{"@type":"ListItem","position":2,"name":"Produits Mobilier Premium Softicated","item":"https:\/\/softicated.com\/produits\/"},{"@type":"ListItem","position":3,"name":"Assise design","item":"https:\/\/softicated.com\/categorie-produit\/assises\/"},{"@type":"ListItem","position":4,"name":"Tabouret design","item":"https:\/\/softicated.com\/categorie-produit\/assises\/tabouret-design-softicated\/"},{"@type":"ListItem","position":5,"name":"Tabouret Design rose"}]},{"@type":"WebSite","@id":"https:\/\/softicated.com\/#website","url":"https:\/\/softicated.com\/","name":"Softicated","description":"Designer of premium furniture, lighting and rugs","publisher":{"@id":"https:\/\/softicated.com\/#organization"},"potentialAction":[{"@type":"SearchAction","target":{"@type":"EntryPoint","urlTemplate":"https:\/\/softicated.com\/?s={search_term_string}"},"query-input":{"@type":"PropertyValueSpecification","valueRequired":true,"valueName":"search_term_string"}}],"inLanguage":"en-GB"},{"@type":"Organization","@id":"https:\/\/softicated.com\/#organization","name":"Softicated","url":"https:\/\/softicated.com\/","logo":{"@type":"ImageObject","inLanguage":"en-GB","@id":"https:\/\/softicated.com\/#\/schema\/logo\/image\/","url":"https:\/\/softicated.com\/wp-content\/uploads\/2025\/11\/logo-dark-2.svg","contentUrl":"https:\/\/softicated.com\/wp-content\/uploads\/2025\/11\/logo-dark-2.svg","caption":"Softicated"},"image":{"@id":"https:\/\/softicated.com\/#\/schema\/logo\/image\/"},"sameAs":["https:\/\/www.facebook.com\/Softicated","https:\/\/www.pinterest.com\/softicateddesign","https:\/\/www.instagram.com\/softicated.design"]}]}},"_links":{"self":[{"href":"https:\/\/softicated.com\/en\/wp-json\/wp\/v2\/product\/7709","targetHints":{"allow":["GET"]}}],"collection":[{"href":"https:\/\/softicated.com\/en\/wp-json\/wp\/v2\/product"}],"about":[{"href":"https:\/\/softicated.com\/en\/wp-json\/wp\/v2\/types\/product"}],"replies":[{"embeddable":true,"href":"https:\/\/softicated.com\/en\/wp-json\/wp\/v2\/comments?post=7709"}],"wp:featuredmedia":[{"embeddable":true,"href":"https:\/\/softicated.com\/en\/wp-json\/wp\/v2\/media\/13475"}],"wp:attachment":[{"href":"https:\/\/softicated.com\/en\/wp-json\/wp\/v2\/media?parent=7709"}],"wp:term":[{"taxonomy":"product_brand","embeddable":true,"href":"https:\/\/softicated.com\/en\/wp-json\/wp\/v2\/product_brand?post=7709"},{"taxonomy":"product_cat","embeddable":true,"href":"https:\/\/softicated.com\/en\/wp-json\/wp\/v2\/product_cat?post=7709"},{"taxonomy":"product_tag","embeddable":true,"href":"https:\/\/softicated.com\/en\/wp-json\/wp\/v2\/product_tag?post=7709"},{"taxonomy":"collections","embeddable":true,"href":"https:\/\/softicated.com\/en\/wp-json\/wp\/v2\/collections?post=7709"},{"taxonomy":"awards","embeddable":true,"href":"https:\/\/softicated.com\/en\/wp-json\/wp\/v2\/awards?post=7709"},{"taxonomy":"by_color","embeddable":true,"href":"https:\/\/softicated.com\/en\/wp-json\/wp\/v2\/by_color?post=7709"}],"curies":[{"name":"wp","href":"https:\/\/api.w.org\/{rel}","templated":true}]}}