{"id":7708,"date":"2022-09-23T11:06:14","date_gmt":"2022-09-23T09:06:14","guid":{"rendered":"https:\/\/softicated.com\/?post_type=product&#038;p=7708"},"modified":"2026-03-24T05:35:12","modified_gmt":"2026-03-24T04:35:12","slug":"tabouret-bleu-marine-signet-ring","status":"publish","type":"product","link":"https:\/\/softicated.com\/en\/produit\/tabouret-bleu-marine-signet-ring\/","title":{"rendered":"Navy Blue designer stool"},"content":{"rendered":"<p>Often perceived as a calming color that promotes relaxation and rest, blue evokes a sense of peace and serenity, making it ideal for creating a soothing atmosphere in a room.<\/p>\n<p>The iconic Signet Ring stool is available in navy blue, a highly elegant shade synonymous with calm and understated luxury. This design object combines powerful character with refined sophistication and a classically chic appearance.<\/p>\n<p>In this configuration, our iconic stool reveals the full richness of its clean lines and balanced proportions. The deep, elegant navy blue tone highlights its sleek design, transforming it into a discreet yet striking centerpiece.<\/p>\n<p>The navy blue Signet stool does not go unnoticed; on the contrary, it captures attention and draws the eye in any space where it is placed. Like a jewel delicately nestled in its precious case, the Signet Ring stool enhances your interior by adding a touch of refinement.<\/p>\n<p>Timeless and refined, navy blue is one of the most soothing colors, admired for its versatility and its ability to bring freshness and well-being to any interior. Both classic and modern, navy blue integrates naturally into all environments, establishing itself as a must-have choice in interior design.<\/p>\n<p>The navy blue Signet Ring stool therefore offers an endless variety of combinations to create different atmospheres: cozy, intimate, chic, modern, romantic, and even bold and vibrant.<\/p>\n<p>Let yourself be charmed by the navy blue stool\u2014a color that is both calming and assertive, perfect for elevating your spaces with a touch of modernity and refinement. With this navy blue version, our iconic stool embraces a contemporary vision of design where simplicity meets sophistication.<\/p>","protected":false},"excerpt":{"rendered":"<p>Souvent per\u00e7u comme une couleur calmante qui favorise la relaxation et le repos, le bleu \u00e9voque une sensation de paix et de s\u00e9r\u00e9nit\u00e9, id\u00e9ale pour cr\u00e9er une atmosph\u00e8re apaisante dans une pi\u00e8ce. Le tabouret iconique Signet Ring se d\u00e9cline en bleu marine, teinte tr\u00e8s \u00e9l\u00e9gante synonyme de calme et de luxe discret donne \u00e0 cet [&hellip;]<\/p>","protected":false},"featured_media":13477,"comment_status":"closed","ping_status":"closed","template":"","meta":{"_acf_changed":false},"product_brand":[],"product_cat":[93],"product_tag":[],"collections":[181],"awards":[146,147,136,166,167],"by_color":[],"class_list":{"0":"post-7708","1":"product","2":"type-product","3":"status-publish","4":"has-post-thumbnail","6":"product_cat-tabouret-design-softicated","7":"product_shipping_class-mobilier-signet-ring","8":"collections-tabouret-design-softicated","9":"awards-big-see-awards-2023-softicated-signet-ring","10":"awards-iconic-award-2023-softicated-signet-ring","11":"awards-ida-design-award-honorable-mention-2022","12":"awards-luxury-lifestyle-awards-2024","13":"awards-archiproducts-2024-longlisted-product","15":"first","16":"instock","17":"shipping-taxable","18":"purchasable","19":"product-type-simple"},"acf":[],"yoast_head":"<!-- This site is optimized with the Yoast SEO Premium plugin v25.7.1 (Yoast SEO v26.9) - https:\/\/yoast.com\/product\/yoast-seo-premium-wordpress\/ -->\n<title>Tabouret design Bleu Marine \u2013 Softicated<\/title>\n<meta name=\"description\" content=\"Le tabouret Signet bleu marine ne passe pas inaper\u00e7u ; au contraire, il capte l&#039;attention et attire le regard dans tout espace o\u00f9 il se trouve.\" \/>\n<meta name=\"robots\" content=\"index, follow, max-snippet:-1, max-image-preview:large, max-video-preview:-1\" \/>\n<link rel=\"canonical\" href=\"https:\/\/softicated.com\/en\/produit\/tabouret-bleu-marine-signet-ring\/\" \/>\n<meta property=\"og:locale\" content=\"en_GB\" \/>\n<meta property=\"og:type\" content=\"article\" \/>\n<meta property=\"og:title\" content=\"Tabouret design Bleu Marine\" \/>\n<meta property=\"og:description\" content=\"Le tabouret Signet bleu marine ne passe pas inaper\u00e7u ; au contraire, il capte l&#039;attention et attire le regard dans tout espace o\u00f9 il se trouve.\" \/>\n<meta property=\"og:url\" content=\"https:\/\/softicated.com\/en\/produit\/tabouret-bleu-marine-signet-ring\/\" \/>\n<meta property=\"og:site_name\" content=\"Softicated\" \/>\n<meta property=\"article:publisher\" content=\"https:\/\/www.facebook.com\/Softicated\" \/>\n<meta property=\"article:modified_time\" content=\"2026-03-24T04:35:12+00:00\" \/>\n<meta property=\"og:image\" content=\"https:\/\/softicated.com\/wp-content\/uploads\/2022\/09\/Bleu-marine.png\" \/>\n\t<meta property=\"og:image:width\" content=\"350\" \/>\n\t<meta property=\"og:image:height\" content=\"350\" \/>\n\t<meta property=\"og:image:type\" content=\"image\/png\" \/>\n<meta name=\"twitter:card\" content=\"summary_large_image\" \/>\n<script type=\"application\/ld+json\" class=\"yoast-schema-graph\">{\"@context\":\"https:\/\/schema.org\",\"@graph\":[{\"@type\":\"WebPage\",\"@id\":\"https:\/\/softicated.com\/produit\/tabouret-bleu-marine-signet-ring\/\",\"url\":\"https:\/\/softicated.com\/produit\/tabouret-bleu-marine-signet-ring\/\",\"name\":\"Tabouret design Bleu Marine \u2013 Softicated\",\"isPartOf\":{\"@id\":\"https:\/\/softicated.com\/#website\"},\"primaryImageOfPage\":{\"@id\":\"https:\/\/softicated.com\/produit\/tabouret-bleu-marine-signet-ring\/#primaryimage\"},\"image\":{\"@id\":\"https:\/\/softicated.com\/produit\/tabouret-bleu-marine-signet-ring\/#primaryimage\"},\"thumbnailUrl\":\"https:\/\/softicated.com\/wp-content\/uploads\/2022\/09\/Bleu-marine.png\",\"datePublished\":\"2022-09-23T09:06:14+00:00\",\"dateModified\":\"2026-03-24T04:35:12+00:00\",\"description\":\"Le tabouret Signet bleu marine ne passe pas inaper\u00e7u ; au contraire, il capte l'attention et attire le regard dans tout espace o\u00f9 il se trouve.\",\"breadcrumb\":{\"@id\":\"https:\/\/softicated.com\/produit\/tabouret-bleu-marine-signet-ring\/#breadcrumb\"},\"inLanguage\":\"en-GB\",\"potentialAction\":[{\"@type\":\"ReadAction\",\"target\":[\"https:\/\/softicated.com\/produit\/tabouret-bleu-marine-signet-ring\/\"]}]},{\"@type\":\"ImageObject\",\"inLanguage\":\"en-GB\",\"@id\":\"https:\/\/softicated.com\/produit\/tabouret-bleu-marine-signet-ring\/#primaryimage\",\"url\":\"https:\/\/softicated.com\/wp-content\/uploads\/2022\/09\/Bleu-marine.png\",\"contentUrl\":\"https:\/\/softicated.com\/wp-content\/uploads\/2022\/09\/Bleu-marine.png\",\"width\":350,\"height\":350,\"caption\":\"Bleu marine\"},{\"@type\":\"BreadcrumbList\",\"@id\":\"https:\/\/softicated.com\/produit\/tabouret-bleu-marine-signet-ring\/#breadcrumb\",\"itemListElement\":[{\"@type\":\"ListItem\",\"position\":1,\"name\":\"Accueil\",\"item\":\"https:\/\/softicated.com\/\"},{\"@type\":\"ListItem\",\"position\":2,\"name\":\"Produits Mobilier Premium Softicated\",\"item\":\"https:\/\/softicated.com\/produits\/\"},{\"@type\":\"ListItem\",\"position\":3,\"name\":\"Assise design\",\"item\":\"https:\/\/softicated.com\/categorie-produit\/assises\/\"},{\"@type\":\"ListItem\",\"position\":4,\"name\":\"Tabouret design\",\"item\":\"https:\/\/softicated.com\/categorie-produit\/assises\/tabouret-design-softicated\/\"},{\"@type\":\"ListItem\",\"position\":5,\"name\":\"Tabouret design Bleu Marine\"}]},{\"@type\":\"WebSite\",\"@id\":\"https:\/\/softicated.com\/#website\",\"url\":\"https:\/\/softicated.com\/\",\"name\":\"Softicated\",\"description\":\"Cr\u00e9ateur de meubles, luminaires et tapis premium\",\"publisher\":{\"@id\":\"https:\/\/softicated.com\/#organization\"},\"potentialAction\":[{\"@type\":\"SearchAction\",\"target\":{\"@type\":\"EntryPoint\",\"urlTemplate\":\"https:\/\/softicated.com\/?s={search_term_string}\"},\"query-input\":{\"@type\":\"PropertyValueSpecification\",\"valueRequired\":true,\"valueName\":\"search_term_string\"}}],\"inLanguage\":\"en-GB\"},{\"@type\":\"Organization\",\"@id\":\"https:\/\/softicated.com\/#organization\",\"name\":\"Softicated\",\"url\":\"https:\/\/softicated.com\/\",\"logo\":{\"@type\":\"ImageObject\",\"inLanguage\":\"en-GB\",\"@id\":\"https:\/\/softicated.com\/#\/schema\/logo\/image\/\",\"url\":\"https:\/\/softicated.com\/wp-content\/uploads\/2025\/11\/logo-dark-2.svg\",\"contentUrl\":\"https:\/\/softicated.com\/wp-content\/uploads\/2025\/11\/logo-dark-2.svg\",\"caption\":\"Softicated\"},\"image\":{\"@id\":\"https:\/\/softicated.com\/#\/schema\/logo\/image\/\"},\"sameAs\":[\"https:\/\/www.facebook.com\/Softicated\",\"https:\/\/www.pinterest.com\/softicateddesign\",\"https:\/\/www.instagram.com\/softicated.design\"]}]}<\/script>\n<!-- \/ Yoast SEO Premium plugin. -->","yoast_head_json":{"title":"Navy Blue designer stool - Softicated","description":"Le tabouret Signet bleu marine ne passe pas inaper\u00e7u ; au contraire, il capte l'attention et attire le regard dans tout espace o\u00f9 il se trouve.","robots":{"index":"index","follow":"follow","max-snippet":"max-snippet:-1","max-image-preview":"max-image-preview:large","max-video-preview":"max-video-preview:-1"},"canonical":"https:\/\/softicated.com\/en\/produit\/tabouret-bleu-marine-signet-ring\/","og_locale":"en_GB","og_type":"article","og_title":"Tabouret design Bleu Marine","og_description":"Le tabouret Signet bleu marine ne passe pas inaper\u00e7u ; au contraire, il capte l'attention et attire le regard dans tout espace o\u00f9 il se trouve.","og_url":"https:\/\/softicated.com\/en\/produit\/tabouret-bleu-marine-signet-ring\/","og_site_name":"Softicated","article_publisher":"https:\/\/www.facebook.com\/Softicated","article_modified_time":"2026-03-24T04:35:12+00:00","og_image":[{"width":350,"height":350,"url":"https:\/\/softicated.com\/wp-content\/uploads\/2022\/09\/Bleu-marine.png","type":"image\/png"}],"twitter_card":"summary_large_image","schema":{"@context":"https:\/\/schema.org","@graph":[{"@type":"WebPage","@id":"https:\/\/softicated.com\/produit\/tabouret-bleu-marine-signet-ring\/","url":"https:\/\/softicated.com\/produit\/tabouret-bleu-marine-signet-ring\/","name":"Navy Blue designer stool - Softicated","isPartOf":{"@id":"https:\/\/softicated.com\/#website"},"primaryImageOfPage":{"@id":"https:\/\/softicated.com\/produit\/tabouret-bleu-marine-signet-ring\/#primaryimage"},"image":{"@id":"https:\/\/softicated.com\/produit\/tabouret-bleu-marine-signet-ring\/#primaryimage"},"thumbnailUrl":"https:\/\/softicated.com\/wp-content\/uploads\/2022\/09\/Bleu-marine.png","datePublished":"2022-09-23T09:06:14+00:00","dateModified":"2026-03-24T04:35:12+00:00","description":"Le tabouret Signet bleu marine ne passe pas inaper\u00e7u ; au contraire, il capte l'attention et attire le regard dans tout espace o\u00f9 il se trouve.","breadcrumb":{"@id":"https:\/\/softicated.com\/produit\/tabouret-bleu-marine-signet-ring\/#breadcrumb"},"inLanguage":"en-GB","potentialAction":[{"@type":"ReadAction","target":["https:\/\/softicated.com\/produit\/tabouret-bleu-marine-signet-ring\/"]}]},{"@type":"ImageObject","inLanguage":"en-GB","@id":"https:\/\/softicated.com\/produit\/tabouret-bleu-marine-signet-ring\/#primaryimage","url":"https:\/\/softicated.com\/wp-content\/uploads\/2022\/09\/Bleu-marine.png","contentUrl":"https:\/\/softicated.com\/wp-content\/uploads\/2022\/09\/Bleu-marine.png","width":350,"height":350,"caption":"Bleu marine"},{"@type":"BreadcrumbList","@id":"https:\/\/softicated.com\/produit\/tabouret-bleu-marine-signet-ring\/#breadcrumb","itemListElement":[{"@type":"ListItem","position":1,"name":"Accueil","item":"https:\/\/softicated.com\/"},{"@type":"ListItem","position":2,"name":"Produits Mobilier Premium Softicated","item":"https:\/\/softicated.com\/produits\/"},{"@type":"ListItem","position":3,"name":"Assise design","item":"https:\/\/softicated.com\/categorie-produit\/assises\/"},{"@type":"ListItem","position":4,"name":"Tabouret design","item":"https:\/\/softicated.com\/categorie-produit\/assises\/tabouret-design-softicated\/"},{"@type":"ListItem","position":5,"name":"Tabouret design Bleu Marine"}]},{"@type":"WebSite","@id":"https:\/\/softicated.com\/#website","url":"https:\/\/softicated.com\/","name":"Softicated","description":"Designer of premium furniture, lighting and rugs","publisher":{"@id":"https:\/\/softicated.com\/#organization"},"potentialAction":[{"@type":"SearchAction","target":{"@type":"EntryPoint","urlTemplate":"https:\/\/softicated.com\/?s={search_term_string}"},"query-input":{"@type":"PropertyValueSpecification","valueRequired":true,"valueName":"search_term_string"}}],"inLanguage":"en-GB"},{"@type":"Organization","@id":"https:\/\/softicated.com\/#organization","name":"Softicated","url":"https:\/\/softicated.com\/","logo":{"@type":"ImageObject","inLanguage":"en-GB","@id":"https:\/\/softicated.com\/#\/schema\/logo\/image\/","url":"https:\/\/softicated.com\/wp-content\/uploads\/2025\/11\/logo-dark-2.svg","contentUrl":"https:\/\/softicated.com\/wp-content\/uploads\/2025\/11\/logo-dark-2.svg","caption":"Softicated"},"image":{"@id":"https:\/\/softicated.com\/#\/schema\/logo\/image\/"},"sameAs":["https:\/\/www.facebook.com\/Softicated","https:\/\/www.pinterest.com\/softicateddesign","https:\/\/www.instagram.com\/softicated.design"]}]}},"_links":{"self":[{"href":"https:\/\/softicated.com\/en\/wp-json\/wp\/v2\/product\/7708","targetHints":{"allow":["GET"]}}],"collection":[{"href":"https:\/\/softicated.com\/en\/wp-json\/wp\/v2\/product"}],"about":[{"href":"https:\/\/softicated.com\/en\/wp-json\/wp\/v2\/types\/product"}],"replies":[{"embeddable":true,"href":"https:\/\/softicated.com\/en\/wp-json\/wp\/v2\/comments?post=7708"}],"wp:featuredmedia":[{"embeddable":true,"href":"https:\/\/softicated.com\/en\/wp-json\/wp\/v2\/media\/13477"}],"wp:attachment":[{"href":"https:\/\/softicated.com\/en\/wp-json\/wp\/v2\/media?parent=7708"}],"wp:term":[{"taxonomy":"product_brand","embeddable":true,"href":"https:\/\/softicated.com\/en\/wp-json\/wp\/v2\/product_brand?post=7708"},{"taxonomy":"product_cat","embeddable":true,"href":"https:\/\/softicated.com\/en\/wp-json\/wp\/v2\/product_cat?post=7708"},{"taxonomy":"product_tag","embeddable":true,"href":"https:\/\/softicated.com\/en\/wp-json\/wp\/v2\/product_tag?post=7708"},{"taxonomy":"collections","embeddable":true,"href":"https:\/\/softicated.com\/en\/wp-json\/wp\/v2\/collections?post=7708"},{"taxonomy":"awards","embeddable":true,"href":"https:\/\/softicated.com\/en\/wp-json\/wp\/v2\/awards?post=7708"},{"taxonomy":"by_color","embeddable":true,"href":"https:\/\/softicated.com\/en\/wp-json\/wp\/v2\/by_color?post=7708"}],"curies":[{"name":"wp","href":"https:\/\/api.w.org\/{rel}","templated":true}]}}