{"id":7707,"date":"2022-09-23T11:05:02","date_gmt":"2022-09-23T09:05:02","guid":{"rendered":"https:\/\/softicated.com\/?post_type=product&#038;p=7707"},"modified":"2026-03-24T05:38:07","modified_gmt":"2026-03-24T04:38:07","slug":"tabouret-signet-ring-marron","status":"publish","type":"product","link":"https:\/\/softicated.com\/en\/produit\/tabouret-signet-ring-marron\/","title":{"rendered":"Brown designer stool"},"content":{"rendered":"<p>Brown, the color of nature and raw elements, evokes both stability and comfort. It brings a warm and welcoming ambiance while maintaining a sophisticated allure that transcends trends.<\/p>\n<p>Choosing brown for your interior is an invitation to bring warmth and authenticity into your living spaces. This shade consistently offers a sense of calm, comfort, and refinement.<\/p>\n<p>The Signet Ring brown stool recalls the 1970s, adding a distinctive vintage touch with its curves, warm tone, and meticulous finish. Its glossy surface enhances its elegant curves, adding visual depth that naturally draws attention.<\/p>\n<p>This stool combines beauty with functionality. Lightweight and easy to move, the brown stool retains its practicality, adapting to your needs, whether as an additional seat or as a way to enrich your decor with an organic and minimalist touch.<\/p>\n<p>Its design, color, versatility, and functionality make it a perfect fit for both classic and vintage settings as well as contemporary and sophisticated interiors.<\/p>\n<p>With this brown variation, our unique stool celebrates timelessness and authenticity. It stands out as an essential piece for any interior seeking a balance between modernity and tradition. Its organic hue makes it a design statement that elegantly transcends trends.<\/p>\n<p>In this version, our iconic stool becomes a timeless centerpiece. Let yourself be charmed by the depth and warmth of brown, a color that will enrich your spaces with character and simplicity.<\/p>","protected":false},"excerpt":{"rendered":"<p>Le marron, couleur de la nature et des \u00e9l\u00e9ments bruts, \u00e9voque \u00e0 la fois la stabilit\u00e9 et le confort. Il apporte une ambiance chaleureuse et accueillante, tout en conservant une allure sophistiqu\u00e9e qui transcende les modes. Choisir le marron pour votre int\u00e9rieur, c\u2019est faire entrer la chaleur et l\u2019authenticit\u00e9 dans vos espaces de vie. Cette [&hellip;]<\/p>","protected":false},"featured_media":13478,"comment_status":"closed","ping_status":"closed","template":"","meta":{"_acf_changed":false},"product_brand":[],"product_cat":[93],"product_tag":[],"collections":[181],"awards":[146,147,136,166,167],"by_color":[],"class_list":{"0":"post-7707","1":"product","2":"type-product","3":"status-publish","4":"has-post-thumbnail","6":"product_cat-tabouret-design-softicated","7":"product_shipping_class-mobilier-signet-ring","8":"collections-tabouret-design-softicated","9":"awards-big-see-awards-2023-softicated-signet-ring","10":"awards-iconic-award-2023-softicated-signet-ring","11":"awards-ida-design-award-honorable-mention-2022","12":"awards-luxury-lifestyle-awards-2024","13":"awards-archiproducts-2024-longlisted-product","15":"first","16":"instock","17":"shipping-taxable","18":"purchasable","19":"product-type-simple"},"acf":[],"yoast_head":"<!-- This site is optimized with the Yoast SEO Premium plugin v25.7.1 (Yoast SEO v26.9) - https:\/\/yoast.com\/product\/yoast-seo-premium-wordpress\/ -->\n<title>Tabouret design Marron - Softicated<\/title>\n<meta name=\"description\" content=\"Le tabouret Signet Ring marron \u00e9voque les ann\u00e9es 70, apportant une touche vintage marqu\u00e9e gr\u00e2ce \u00e0 ses courbes, sa teinte chaleureuse et sa finition soign\u00e9e.\" \/>\n<meta name=\"robots\" content=\"index, follow, max-snippet:-1, max-image-preview:large, max-video-preview:-1\" \/>\n<link rel=\"canonical\" href=\"https:\/\/softicated.com\/en\/produit\/tabouret-signet-ring-marron\/\" \/>\n<meta property=\"og:locale\" content=\"en_GB\" \/>\n<meta property=\"og:type\" content=\"article\" \/>\n<meta property=\"og:title\" content=\"Tabouret design Marron\" \/>\n<meta property=\"og:description\" content=\"Le tabouret Signet Ring marron \u00e9voque les ann\u00e9es 70, apportant une touche vintage marqu\u00e9e gr\u00e2ce \u00e0 ses courbes, sa teinte chaleureuse et sa finition soign\u00e9e.\" \/>\n<meta property=\"og:url\" content=\"https:\/\/softicated.com\/en\/produit\/tabouret-signet-ring-marron\/\" \/>\n<meta property=\"og:site_name\" content=\"Softicated\" \/>\n<meta property=\"article:publisher\" content=\"https:\/\/www.facebook.com\/Softicated\" \/>\n<meta property=\"article:modified_time\" content=\"2026-03-24T04:38:07+00:00\" \/>\n<meta property=\"og:image\" content=\"https:\/\/softicated.com\/wp-content\/uploads\/2022\/09\/Marron.png\" \/>\n\t<meta property=\"og:image:width\" content=\"350\" \/>\n\t<meta property=\"og:image:height\" content=\"350\" \/>\n\t<meta property=\"og:image:type\" content=\"image\/png\" \/>\n<meta name=\"twitter:card\" content=\"summary_large_image\" \/>\n<script type=\"application\/ld+json\" class=\"yoast-schema-graph\">{\"@context\":\"https:\/\/schema.org\",\"@graph\":[{\"@type\":\"WebPage\",\"@id\":\"https:\/\/softicated.com\/produit\/tabouret-signet-ring-marron\/\",\"url\":\"https:\/\/softicated.com\/produit\/tabouret-signet-ring-marron\/\",\"name\":\"Tabouret design Marron - Softicated\",\"isPartOf\":{\"@id\":\"https:\/\/softicated.com\/#website\"},\"primaryImageOfPage\":{\"@id\":\"https:\/\/softicated.com\/produit\/tabouret-signet-ring-marron\/#primaryimage\"},\"image\":{\"@id\":\"https:\/\/softicated.com\/produit\/tabouret-signet-ring-marron\/#primaryimage\"},\"thumbnailUrl\":\"https:\/\/softicated.com\/wp-content\/uploads\/2022\/09\/Marron.png\",\"datePublished\":\"2022-09-23T09:05:02+00:00\",\"dateModified\":\"2026-03-24T04:38:07+00:00\",\"description\":\"Le tabouret Signet Ring marron \u00e9voque les ann\u00e9es 70, apportant une touche vintage marqu\u00e9e gr\u00e2ce \u00e0 ses courbes, sa teinte chaleureuse et sa finition soign\u00e9e.\",\"breadcrumb\":{\"@id\":\"https:\/\/softicated.com\/produit\/tabouret-signet-ring-marron\/#breadcrumb\"},\"inLanguage\":\"en-GB\",\"potentialAction\":[{\"@type\":\"ReadAction\",\"target\":[\"https:\/\/softicated.com\/produit\/tabouret-signet-ring-marron\/\"]}]},{\"@type\":\"ImageObject\",\"inLanguage\":\"en-GB\",\"@id\":\"https:\/\/softicated.com\/produit\/tabouret-signet-ring-marron\/#primaryimage\",\"url\":\"https:\/\/softicated.com\/wp-content\/uploads\/2022\/09\/Marron.png\",\"contentUrl\":\"https:\/\/softicated.com\/wp-content\/uploads\/2022\/09\/Marron.png\",\"width\":350,\"height\":350,\"caption\":\"Marron\"},{\"@type\":\"BreadcrumbList\",\"@id\":\"https:\/\/softicated.com\/produit\/tabouret-signet-ring-marron\/#breadcrumb\",\"itemListElement\":[{\"@type\":\"ListItem\",\"position\":1,\"name\":\"Accueil\",\"item\":\"https:\/\/softicated.com\/\"},{\"@type\":\"ListItem\",\"position\":2,\"name\":\"Produits Mobilier Premium Softicated\",\"item\":\"https:\/\/softicated.com\/produits\/\"},{\"@type\":\"ListItem\",\"position\":3,\"name\":\"Assise design\",\"item\":\"https:\/\/softicated.com\/categorie-produit\/assises\/\"},{\"@type\":\"ListItem\",\"position\":4,\"name\":\"Tabouret design\",\"item\":\"https:\/\/softicated.com\/categorie-produit\/assises\/tabouret-design-softicated\/\"},{\"@type\":\"ListItem\",\"position\":5,\"name\":\"Tabouret Design marron Signet Ring\"}]},{\"@type\":\"WebSite\",\"@id\":\"https:\/\/softicated.com\/#website\",\"url\":\"https:\/\/softicated.com\/\",\"name\":\"Softicated\",\"description\":\"Cr\u00e9ateur de meubles, luminaires et tapis premium\",\"publisher\":{\"@id\":\"https:\/\/softicated.com\/#organization\"},\"potentialAction\":[{\"@type\":\"SearchAction\",\"target\":{\"@type\":\"EntryPoint\",\"urlTemplate\":\"https:\/\/softicated.com\/?s={search_term_string}\"},\"query-input\":{\"@type\":\"PropertyValueSpecification\",\"valueRequired\":true,\"valueName\":\"search_term_string\"}}],\"inLanguage\":\"en-GB\"},{\"@type\":\"Organization\",\"@id\":\"https:\/\/softicated.com\/#organization\",\"name\":\"Softicated\",\"url\":\"https:\/\/softicated.com\/\",\"logo\":{\"@type\":\"ImageObject\",\"inLanguage\":\"en-GB\",\"@id\":\"https:\/\/softicated.com\/#\/schema\/logo\/image\/\",\"url\":\"https:\/\/softicated.com\/wp-content\/uploads\/2025\/11\/logo-dark-2.svg\",\"contentUrl\":\"https:\/\/softicated.com\/wp-content\/uploads\/2025\/11\/logo-dark-2.svg\",\"caption\":\"Softicated\"},\"image\":{\"@id\":\"https:\/\/softicated.com\/#\/schema\/logo\/image\/\"},\"sameAs\":[\"https:\/\/www.facebook.com\/Softicated\",\"https:\/\/www.pinterest.com\/softicateddesign\",\"https:\/\/www.instagram.com\/softicated.design\"]}]}<\/script>\n<!-- \/ Yoast SEO Premium plugin. -->","yoast_head_json":{"title":"Brown designer stool - Softicated","description":"Le tabouret Signet Ring marron \u00e9voque les ann\u00e9es 70, apportant une touche vintage marqu\u00e9e gr\u00e2ce \u00e0 ses courbes, sa teinte chaleureuse et sa finition soign\u00e9e.","robots":{"index":"index","follow":"follow","max-snippet":"max-snippet:-1","max-image-preview":"max-image-preview:large","max-video-preview":"max-video-preview:-1"},"canonical":"https:\/\/softicated.com\/en\/produit\/tabouret-signet-ring-marron\/","og_locale":"en_GB","og_type":"article","og_title":"Tabouret design Marron","og_description":"Le tabouret Signet Ring marron \u00e9voque les ann\u00e9es 70, apportant une touche vintage marqu\u00e9e gr\u00e2ce \u00e0 ses courbes, sa teinte chaleureuse et sa finition soign\u00e9e.","og_url":"https:\/\/softicated.com\/en\/produit\/tabouret-signet-ring-marron\/","og_site_name":"Softicated","article_publisher":"https:\/\/www.facebook.com\/Softicated","article_modified_time":"2026-03-24T04:38:07+00:00","og_image":[{"width":350,"height":350,"url":"https:\/\/softicated.com\/wp-content\/uploads\/2022\/09\/Marron.png","type":"image\/png"}],"twitter_card":"summary_large_image","schema":{"@context":"https:\/\/schema.org","@graph":[{"@type":"WebPage","@id":"https:\/\/softicated.com\/produit\/tabouret-signet-ring-marron\/","url":"https:\/\/softicated.com\/produit\/tabouret-signet-ring-marron\/","name":"Brown designer stool - Softicated","isPartOf":{"@id":"https:\/\/softicated.com\/#website"},"primaryImageOfPage":{"@id":"https:\/\/softicated.com\/produit\/tabouret-signet-ring-marron\/#primaryimage"},"image":{"@id":"https:\/\/softicated.com\/produit\/tabouret-signet-ring-marron\/#primaryimage"},"thumbnailUrl":"https:\/\/softicated.com\/wp-content\/uploads\/2022\/09\/Marron.png","datePublished":"2022-09-23T09:05:02+00:00","dateModified":"2026-03-24T04:38:07+00:00","description":"Le tabouret Signet Ring marron \u00e9voque les ann\u00e9es 70, apportant une touche vintage marqu\u00e9e gr\u00e2ce \u00e0 ses courbes, sa teinte chaleureuse et sa finition soign\u00e9e.","breadcrumb":{"@id":"https:\/\/softicated.com\/produit\/tabouret-signet-ring-marron\/#breadcrumb"},"inLanguage":"en-GB","potentialAction":[{"@type":"ReadAction","target":["https:\/\/softicated.com\/produit\/tabouret-signet-ring-marron\/"]}]},{"@type":"ImageObject","inLanguage":"en-GB","@id":"https:\/\/softicated.com\/produit\/tabouret-signet-ring-marron\/#primaryimage","url":"https:\/\/softicated.com\/wp-content\/uploads\/2022\/09\/Marron.png","contentUrl":"https:\/\/softicated.com\/wp-content\/uploads\/2022\/09\/Marron.png","width":350,"height":350,"caption":"Marron"},{"@type":"BreadcrumbList","@id":"https:\/\/softicated.com\/produit\/tabouret-signet-ring-marron\/#breadcrumb","itemListElement":[{"@type":"ListItem","position":1,"name":"Accueil","item":"https:\/\/softicated.com\/"},{"@type":"ListItem","position":2,"name":"Produits Mobilier Premium Softicated","item":"https:\/\/softicated.com\/produits\/"},{"@type":"ListItem","position":3,"name":"Assise design","item":"https:\/\/softicated.com\/categorie-produit\/assises\/"},{"@type":"ListItem","position":4,"name":"Tabouret design","item":"https:\/\/softicated.com\/categorie-produit\/assises\/tabouret-design-softicated\/"},{"@type":"ListItem","position":5,"name":"Tabouret Design marron Signet Ring"}]},{"@type":"WebSite","@id":"https:\/\/softicated.com\/#website","url":"https:\/\/softicated.com\/","name":"Softicated","description":"Designer of premium furniture, lighting and rugs","publisher":{"@id":"https:\/\/softicated.com\/#organization"},"potentialAction":[{"@type":"SearchAction","target":{"@type":"EntryPoint","urlTemplate":"https:\/\/softicated.com\/?s={search_term_string}"},"query-input":{"@type":"PropertyValueSpecification","valueRequired":true,"valueName":"search_term_string"}}],"inLanguage":"en-GB"},{"@type":"Organization","@id":"https:\/\/softicated.com\/#organization","name":"Softicated","url":"https:\/\/softicated.com\/","logo":{"@type":"ImageObject","inLanguage":"en-GB","@id":"https:\/\/softicated.com\/#\/schema\/logo\/image\/","url":"https:\/\/softicated.com\/wp-content\/uploads\/2025\/11\/logo-dark-2.svg","contentUrl":"https:\/\/softicated.com\/wp-content\/uploads\/2025\/11\/logo-dark-2.svg","caption":"Softicated"},"image":{"@id":"https:\/\/softicated.com\/#\/schema\/logo\/image\/"},"sameAs":["https:\/\/www.facebook.com\/Softicated","https:\/\/www.pinterest.com\/softicateddesign","https:\/\/www.instagram.com\/softicated.design"]}]}},"_links":{"self":[{"href":"https:\/\/softicated.com\/en\/wp-json\/wp\/v2\/product\/7707","targetHints":{"allow":["GET"]}}],"collection":[{"href":"https:\/\/softicated.com\/en\/wp-json\/wp\/v2\/product"}],"about":[{"href":"https:\/\/softicated.com\/en\/wp-json\/wp\/v2\/types\/product"}],"replies":[{"embeddable":true,"href":"https:\/\/softicated.com\/en\/wp-json\/wp\/v2\/comments?post=7707"}],"wp:featuredmedia":[{"embeddable":true,"href":"https:\/\/softicated.com\/en\/wp-json\/wp\/v2\/media\/13478"}],"wp:attachment":[{"href":"https:\/\/softicated.com\/en\/wp-json\/wp\/v2\/media?parent=7707"}],"wp:term":[{"taxonomy":"product_brand","embeddable":true,"href":"https:\/\/softicated.com\/en\/wp-json\/wp\/v2\/product_brand?post=7707"},{"taxonomy":"product_cat","embeddable":true,"href":"https:\/\/softicated.com\/en\/wp-json\/wp\/v2\/product_cat?post=7707"},{"taxonomy":"product_tag","embeddable":true,"href":"https:\/\/softicated.com\/en\/wp-json\/wp\/v2\/product_tag?post=7707"},{"taxonomy":"collections","embeddable":true,"href":"https:\/\/softicated.com\/en\/wp-json\/wp\/v2\/collections?post=7707"},{"taxonomy":"awards","embeddable":true,"href":"https:\/\/softicated.com\/en\/wp-json\/wp\/v2\/awards?post=7707"},{"taxonomy":"by_color","embeddable":true,"href":"https:\/\/softicated.com\/en\/wp-json\/wp\/v2\/by_color?post=7707"}],"curies":[{"name":"wp","href":"https:\/\/api.w.org\/{rel}","templated":true}]}}