{"id":7706,"date":"2022-09-23T11:04:15","date_gmt":"2022-09-23T09:04:15","guid":{"rendered":"https:\/\/softicated.com\/?post_type=product&#038;p=7706"},"modified":"2026-03-24T05:37:54","modified_gmt":"2026-03-24T04:37:54","slug":"tabouret-lilas","status":"publish","type":"product","link":"https:\/\/softicated.com\/en\/produit\/tabouret-lilas\/","title":{"rendered":"Lilac designer stool"},"content":{"rendered":"<p>Lilac, with its subtle shades of violet and pink delicately inspired by nature, is the perfect choice for creating interiors imbued with serenity and elegance. This soft and calming color strikes a perfect balance between freshness and sophistication, bringing a touch of delicacy and charm to any living space.<\/p>\n<p>The sleek form of the Signet Ring stool and its harmonious proportions are enhanced by this floral hue, which adds lightness and visual elegance. In this color, the stool\u2019s iconic design is reimagined with a poetic touch. Its softness does not exclude a hint of modernity, making it an ideal choice for design enthusiasts seeking an original color.<\/p>\n<p>Subtly feminine without being too pronounced, lilac adds an elegant and delicate touch to your pieces. In its lilac version, our iconic stool evokes an organic softness, perfect for warm and welcoming spaces. It can be used as a practical seat or as a decorative element. The lilac stool fits perfectly in a living room, bedroom, office, or even a dressing room.<\/p>\n<p>With this sublime floral hue and its metallic finish, transform your interior into a space of serenity and delicacy. Whether used as a primary color or in subtle accents, this refined floral shade brightens your rooms and gives them a unique and harmonious atmosphere.<\/p>\n<p>Choosing the Softicated lilac stool for your decor means opting for a gentle and soothing tone that adds elegance and originality to your spaces. Romantic yet contemporary, it allows for the creation of subtle and sophisticated ambiances, perfect for enhancing your interior.<\/p>","protected":false},"excerpt":{"rendered":"<p>Le lilas, avec ses nuances subtiles de violet et de rose d\u00e9licatement inspir\u00e9 par les teintes de la nature offre un choix parfait pour cr\u00e9er des int\u00e9rieurs empreints de s\u00e9r\u00e9nit\u00e9 et d\u2019\u00e9l\u00e9gance. Cette couleur tendre et apaisante incarne un \u00e9quilibre habile entre fra\u00eecheur et raffinement apportant une note \u00e0 la fois d\u00e9licate et captivante \u00e0 [&hellip;]<\/p>","protected":false},"featured_media":13479,"comment_status":"closed","ping_status":"closed","template":"","meta":{"_acf_changed":false},"product_brand":[],"product_cat":[93],"product_tag":[],"collections":[181],"awards":[146,147,136,166,167],"by_color":[],"class_list":{"0":"post-7706","1":"product","2":"type-product","3":"status-publish","4":"has-post-thumbnail","6":"product_cat-tabouret-design-softicated","7":"product_shipping_class-mobilier-signet-ring","8":"collections-tabouret-design-softicated","9":"awards-big-see-awards-2023-softicated-signet-ring","10":"awards-iconic-award-2023-softicated-signet-ring","11":"awards-ida-design-award-honorable-mention-2022","12":"awards-luxury-lifestyle-awards-2024","13":"awards-archiproducts-2024-longlisted-product","15":"first","16":"instock","17":"shipping-taxable","18":"purchasable","19":"product-type-simple"},"acf":[],"yoast_head":"<!-- This site is optimized with the Yoast SEO Premium plugin v25.7.1 (Yoast SEO v26.9) - https:\/\/yoast.com\/product\/yoast-seo-premium-wordpress\/ -->\n<title>Tabouret design Lilas - Softicated<\/title>\n<meta name=\"description\" content=\"Subtilement f\u00e9minine sans \u00eatre trop marqu\u00e9e, la couleur lilas du tabouret Signet Ring ajoute une note \u00e9l\u00e9gante et d\u00e9licate \u00e0 vos pi\u00e8ces.\" \/>\n<meta name=\"robots\" content=\"index, follow, max-snippet:-1, max-image-preview:large, max-video-preview:-1\" \/>\n<link rel=\"canonical\" href=\"https:\/\/softicated.com\/en\/produit\/tabouret-lilas\/\" \/>\n<meta property=\"og:locale\" content=\"en_GB\" \/>\n<meta property=\"og:type\" content=\"article\" \/>\n<meta property=\"og:title\" content=\"Tabouret design Lilas\" \/>\n<meta property=\"og:description\" content=\"Subtilement f\u00e9minine sans \u00eatre trop marqu\u00e9e, la couleur lilas du tabouret Signet Ring ajoute une note \u00e9l\u00e9gante et d\u00e9licate \u00e0 vos pi\u00e8ces.\" \/>\n<meta property=\"og:url\" content=\"https:\/\/softicated.com\/en\/produit\/tabouret-lilas\/\" \/>\n<meta property=\"og:site_name\" content=\"Softicated\" \/>\n<meta property=\"article:publisher\" content=\"https:\/\/www.facebook.com\/Softicated\" \/>\n<meta property=\"article:modified_time\" content=\"2026-03-24T04:37:54+00:00\" \/>\n<meta property=\"og:image\" content=\"https:\/\/softicated.com\/wp-content\/uploads\/2022\/09\/Lilas.png\" \/>\n\t<meta property=\"og:image:width\" content=\"350\" \/>\n\t<meta property=\"og:image:height\" content=\"350\" \/>\n\t<meta property=\"og:image:type\" content=\"image\/png\" \/>\n<meta name=\"twitter:card\" content=\"summary_large_image\" \/>\n<script type=\"application\/ld+json\" class=\"yoast-schema-graph\">{\"@context\":\"https:\/\/schema.org\",\"@graph\":[{\"@type\":\"WebPage\",\"@id\":\"https:\/\/softicated.com\/produit\/tabouret-lilas\/\",\"url\":\"https:\/\/softicated.com\/produit\/tabouret-lilas\/\",\"name\":\"Tabouret design Lilas - Softicated\",\"isPartOf\":{\"@id\":\"https:\/\/softicated.com\/#website\"},\"primaryImageOfPage\":{\"@id\":\"https:\/\/softicated.com\/produit\/tabouret-lilas\/#primaryimage\"},\"image\":{\"@id\":\"https:\/\/softicated.com\/produit\/tabouret-lilas\/#primaryimage\"},\"thumbnailUrl\":\"https:\/\/softicated.com\/wp-content\/uploads\/2022\/09\/Lilas.png\",\"datePublished\":\"2022-09-23T09:04:15+00:00\",\"dateModified\":\"2026-03-24T04:37:54+00:00\",\"description\":\"Subtilement f\u00e9minine sans \u00eatre trop marqu\u00e9e, la couleur lilas du tabouret Signet Ring ajoute une note \u00e9l\u00e9gante et d\u00e9licate \u00e0 vos pi\u00e8ces.\",\"breadcrumb\":{\"@id\":\"https:\/\/softicated.com\/produit\/tabouret-lilas\/#breadcrumb\"},\"inLanguage\":\"en-GB\",\"potentialAction\":[{\"@type\":\"ReadAction\",\"target\":[\"https:\/\/softicated.com\/produit\/tabouret-lilas\/\"]}]},{\"@type\":\"ImageObject\",\"inLanguage\":\"en-GB\",\"@id\":\"https:\/\/softicated.com\/produit\/tabouret-lilas\/#primaryimage\",\"url\":\"https:\/\/softicated.com\/wp-content\/uploads\/2022\/09\/Lilas.png\",\"contentUrl\":\"https:\/\/softicated.com\/wp-content\/uploads\/2022\/09\/Lilas.png\",\"width\":350,\"height\":350,\"caption\":\"Lilas\"},{\"@type\":\"BreadcrumbList\",\"@id\":\"https:\/\/softicated.com\/produit\/tabouret-lilas\/#breadcrumb\",\"itemListElement\":[{\"@type\":\"ListItem\",\"position\":1,\"name\":\"Accueil\",\"item\":\"https:\/\/softicated.com\/\"},{\"@type\":\"ListItem\",\"position\":2,\"name\":\"Produits Mobilier Premium Softicated\",\"item\":\"https:\/\/softicated.com\/produits\/\"},{\"@type\":\"ListItem\",\"position\":3,\"name\":\"Assise design\",\"item\":\"https:\/\/softicated.com\/categorie-produit\/assises\/\"},{\"@type\":\"ListItem\",\"position\":4,\"name\":\"Tabouret design\",\"item\":\"https:\/\/softicated.com\/categorie-produit\/assises\/tabouret-design-softicated\/\"},{\"@type\":\"ListItem\",\"position\":5,\"name\":\"Tabouret Design Lilas Signet Ring\"}]},{\"@type\":\"WebSite\",\"@id\":\"https:\/\/softicated.com\/#website\",\"url\":\"https:\/\/softicated.com\/\",\"name\":\"Softicated\",\"description\":\"Cr\u00e9ateur de meubles, luminaires et tapis premium\",\"publisher\":{\"@id\":\"https:\/\/softicated.com\/#organization\"},\"potentialAction\":[{\"@type\":\"SearchAction\",\"target\":{\"@type\":\"EntryPoint\",\"urlTemplate\":\"https:\/\/softicated.com\/?s={search_term_string}\"},\"query-input\":{\"@type\":\"PropertyValueSpecification\",\"valueRequired\":true,\"valueName\":\"search_term_string\"}}],\"inLanguage\":\"en-GB\"},{\"@type\":\"Organization\",\"@id\":\"https:\/\/softicated.com\/#organization\",\"name\":\"Softicated\",\"url\":\"https:\/\/softicated.com\/\",\"logo\":{\"@type\":\"ImageObject\",\"inLanguage\":\"en-GB\",\"@id\":\"https:\/\/softicated.com\/#\/schema\/logo\/image\/\",\"url\":\"https:\/\/softicated.com\/wp-content\/uploads\/2025\/11\/logo-dark-2.svg\",\"contentUrl\":\"https:\/\/softicated.com\/wp-content\/uploads\/2025\/11\/logo-dark-2.svg\",\"caption\":\"Softicated\"},\"image\":{\"@id\":\"https:\/\/softicated.com\/#\/schema\/logo\/image\/\"},\"sameAs\":[\"https:\/\/www.facebook.com\/Softicated\",\"https:\/\/www.pinterest.com\/softicateddesign\",\"https:\/\/www.instagram.com\/softicated.design\"]}]}<\/script>\n<!-- \/ Yoast SEO Premium plugin. -->","yoast_head_json":{"title":"Lilac designer stool - Softicated","description":"Subtilement f\u00e9minine sans \u00eatre trop marqu\u00e9e, la couleur lilas du tabouret Signet Ring ajoute une note \u00e9l\u00e9gante et d\u00e9licate \u00e0 vos pi\u00e8ces.","robots":{"index":"index","follow":"follow","max-snippet":"max-snippet:-1","max-image-preview":"max-image-preview:large","max-video-preview":"max-video-preview:-1"},"canonical":"https:\/\/softicated.com\/en\/produit\/tabouret-lilas\/","og_locale":"en_GB","og_type":"article","og_title":"Tabouret design Lilas","og_description":"Subtilement f\u00e9minine sans \u00eatre trop marqu\u00e9e, la couleur lilas du tabouret Signet Ring ajoute une note \u00e9l\u00e9gante et d\u00e9licate \u00e0 vos pi\u00e8ces.","og_url":"https:\/\/softicated.com\/en\/produit\/tabouret-lilas\/","og_site_name":"Softicated","article_publisher":"https:\/\/www.facebook.com\/Softicated","article_modified_time":"2026-03-24T04:37:54+00:00","og_image":[{"width":350,"height":350,"url":"https:\/\/softicated.com\/wp-content\/uploads\/2022\/09\/Lilas.png","type":"image\/png"}],"twitter_card":"summary_large_image","schema":{"@context":"https:\/\/schema.org","@graph":[{"@type":"WebPage","@id":"https:\/\/softicated.com\/produit\/tabouret-lilas\/","url":"https:\/\/softicated.com\/produit\/tabouret-lilas\/","name":"Lilac designer stool - Softicated","isPartOf":{"@id":"https:\/\/softicated.com\/#website"},"primaryImageOfPage":{"@id":"https:\/\/softicated.com\/produit\/tabouret-lilas\/#primaryimage"},"image":{"@id":"https:\/\/softicated.com\/produit\/tabouret-lilas\/#primaryimage"},"thumbnailUrl":"https:\/\/softicated.com\/wp-content\/uploads\/2022\/09\/Lilas.png","datePublished":"2022-09-23T09:04:15+00:00","dateModified":"2026-03-24T04:37:54+00:00","description":"Subtilement f\u00e9minine sans \u00eatre trop marqu\u00e9e, la couleur lilas du tabouret Signet Ring ajoute une note \u00e9l\u00e9gante et d\u00e9licate \u00e0 vos pi\u00e8ces.","breadcrumb":{"@id":"https:\/\/softicated.com\/produit\/tabouret-lilas\/#breadcrumb"},"inLanguage":"en-GB","potentialAction":[{"@type":"ReadAction","target":["https:\/\/softicated.com\/produit\/tabouret-lilas\/"]}]},{"@type":"ImageObject","inLanguage":"en-GB","@id":"https:\/\/softicated.com\/produit\/tabouret-lilas\/#primaryimage","url":"https:\/\/softicated.com\/wp-content\/uploads\/2022\/09\/Lilas.png","contentUrl":"https:\/\/softicated.com\/wp-content\/uploads\/2022\/09\/Lilas.png","width":350,"height":350,"caption":"Lilas"},{"@type":"BreadcrumbList","@id":"https:\/\/softicated.com\/produit\/tabouret-lilas\/#breadcrumb","itemListElement":[{"@type":"ListItem","position":1,"name":"Accueil","item":"https:\/\/softicated.com\/"},{"@type":"ListItem","position":2,"name":"Produits Mobilier Premium Softicated","item":"https:\/\/softicated.com\/produits\/"},{"@type":"ListItem","position":3,"name":"Assise design","item":"https:\/\/softicated.com\/categorie-produit\/assises\/"},{"@type":"ListItem","position":4,"name":"Tabouret design","item":"https:\/\/softicated.com\/categorie-produit\/assises\/tabouret-design-softicated\/"},{"@type":"ListItem","position":5,"name":"Tabouret Design Lilas Signet Ring"}]},{"@type":"WebSite","@id":"https:\/\/softicated.com\/#website","url":"https:\/\/softicated.com\/","name":"Softicated","description":"Designer of premium furniture, lighting and rugs","publisher":{"@id":"https:\/\/softicated.com\/#organization"},"potentialAction":[{"@type":"SearchAction","target":{"@type":"EntryPoint","urlTemplate":"https:\/\/softicated.com\/?s={search_term_string}"},"query-input":{"@type":"PropertyValueSpecification","valueRequired":true,"valueName":"search_term_string"}}],"inLanguage":"en-GB"},{"@type":"Organization","@id":"https:\/\/softicated.com\/#organization","name":"Softicated","url":"https:\/\/softicated.com\/","logo":{"@type":"ImageObject","inLanguage":"en-GB","@id":"https:\/\/softicated.com\/#\/schema\/logo\/image\/","url":"https:\/\/softicated.com\/wp-content\/uploads\/2025\/11\/logo-dark-2.svg","contentUrl":"https:\/\/softicated.com\/wp-content\/uploads\/2025\/11\/logo-dark-2.svg","caption":"Softicated"},"image":{"@id":"https:\/\/softicated.com\/#\/schema\/logo\/image\/"},"sameAs":["https:\/\/www.facebook.com\/Softicated","https:\/\/www.pinterest.com\/softicateddesign","https:\/\/www.instagram.com\/softicated.design"]}]}},"_links":{"self":[{"href":"https:\/\/softicated.com\/en\/wp-json\/wp\/v2\/product\/7706","targetHints":{"allow":["GET"]}}],"collection":[{"href":"https:\/\/softicated.com\/en\/wp-json\/wp\/v2\/product"}],"about":[{"href":"https:\/\/softicated.com\/en\/wp-json\/wp\/v2\/types\/product"}],"replies":[{"embeddable":true,"href":"https:\/\/softicated.com\/en\/wp-json\/wp\/v2\/comments?post=7706"}],"wp:featuredmedia":[{"embeddable":true,"href":"https:\/\/softicated.com\/en\/wp-json\/wp\/v2\/media\/13479"}],"wp:attachment":[{"href":"https:\/\/softicated.com\/en\/wp-json\/wp\/v2\/media?parent=7706"}],"wp:term":[{"taxonomy":"product_brand","embeddable":true,"href":"https:\/\/softicated.com\/en\/wp-json\/wp\/v2\/product_brand?post=7706"},{"taxonomy":"product_cat","embeddable":true,"href":"https:\/\/softicated.com\/en\/wp-json\/wp\/v2\/product_cat?post=7706"},{"taxonomy":"product_tag","embeddable":true,"href":"https:\/\/softicated.com\/en\/wp-json\/wp\/v2\/product_tag?post=7706"},{"taxonomy":"collections","embeddable":true,"href":"https:\/\/softicated.com\/en\/wp-json\/wp\/v2\/collections?post=7706"},{"taxonomy":"awards","embeddable":true,"href":"https:\/\/softicated.com\/en\/wp-json\/wp\/v2\/awards?post=7706"},{"taxonomy":"by_color","embeddable":true,"href":"https:\/\/softicated.com\/en\/wp-json\/wp\/v2\/by_color?post=7706"}],"curies":[{"name":"wp","href":"https:\/\/api.w.org\/{rel}","templated":true}]}}