{"id":7705,"date":"2022-09-23T11:03:48","date_gmt":"2022-09-23T09:03:48","guid":{"rendered":"https:\/\/softicated.com\/?post_type=product&#038;p=7705"},"modified":"2026-03-24T05:36:36","modified_gmt":"2026-03-24T04:36:36","slug":"tabouret-gris","status":"publish","type":"product","link":"https:\/\/softicated.com\/en\/produit\/tabouret-gris\/","title":{"rendered":"Grey designer stool"},"content":{"rendered":"<p>Gray, a symbol of neutrality, is a versatile and understated color that has become a staple in interior design. Neither too warm nor too cool, it strikes a perfect balance between softness and character, offering a refined neutral base that adapts to any style and ambiance. Whether used alone or paired with other colors, gray transforms spaces into calming, modern, and sophisticated environments.<\/p>\n<p>The Signet Ring gray stool is both relaxing and harmonious. Inspired by the softness of mineral landscapes and the depth of natural hues, it blends effortlessly into any interior, whether modern or classic. This gray shade aligns with our commitment to offering creations that are as functional as they are aesthetic, catering to a variety of decorative aspirations.<\/p>\n<p>Dot\u00e9 d\u2019un profil peu encombrant, notre tabouret se distingue par sa stabilit\u00e9 et sa facilit\u00e9 de d\u00e9placement, soulignant ainsi leur remarquable polyvalence.<\/p>\n<p>Its carefully crafted glossy finish subtly captures light, turning the stool into a true centerpiece. The Softicated gray stool\u2019s elegant and understated tone is soft, chic, and refined, reflecting a subtle balance between modernity and timelessness.<\/p>\n<p>Choosing this gray stool for your interior means opting for a timeless and elegant shade that enhances your spaces with simplicity and sophistication. Versatile and adaptable, gray is a reliable choice for any decor.<\/p>\n<p>Let yourself be captivated by the sophistication of gray, a color that transcends trends to become the perfect ally for all your decorative projects. With this version of our iconic stool, we reaffirm our commitment to furniture that combines harmony, functionality, and exceptional design.<\/p>","protected":false},"excerpt":{"rendered":"<p>Le gris symbole de neutralit\u00e9, couleur sobre et polyvalente, est devenu un incontournable de la d\u00e9coration d\u2019int\u00e9rieur. Ni trop chaud, ni trop froid, il trouve un \u00e9quilibre parfait entre douceur et caract\u00e8re, offrant une base neutre et raffin\u00e9e qui s\u2019adapte \u00e0 tous les styles et toutes les ambiances. Utilis\u00e9 seul ou en association avec d\u2019autres [&hellip;]<\/p>","protected":false},"featured_media":13480,"comment_status":"closed","ping_status":"closed","template":"","meta":{"_acf_changed":false},"product_brand":[],"product_cat":[93],"product_tag":[],"collections":[181],"awards":[146,147,136,166,167],"by_color":[],"class_list":{"0":"post-7705","1":"product","2":"type-product","3":"status-publish","4":"has-post-thumbnail","6":"product_cat-tabouret-design-softicated","7":"product_shipping_class-mobilier-signet-ring","8":"collections-tabouret-design-softicated","9":"awards-big-see-awards-2023-softicated-signet-ring","10":"awards-iconic-award-2023-softicated-signet-ring","11":"awards-ida-design-award-honorable-mention-2022","12":"awards-luxury-lifestyle-awards-2024","13":"awards-archiproducts-2024-longlisted-product","15":"first","16":"instock","17":"shipping-taxable","18":"purchasable","19":"product-type-simple"},"acf":[],"yoast_head":"<!-- This site is optimized with the Yoast SEO Premium plugin v25.7.1 (Yoast SEO v26.9) - https:\/\/yoast.com\/product\/yoast-seo-premium-wordpress\/ -->\n<title>Tabouret design Gris - Softicated<\/title>\n<meta name=\"description\" content=\"Le tabouret Signet Ring gris est \u00e0 la fois relaxant et incarne une certaine harmonie. La teinte grise du tabouret Softicated est douce, chic et raffin\u00e9e.\" \/>\n<meta name=\"robots\" content=\"index, follow, max-snippet:-1, max-image-preview:large, max-video-preview:-1\" \/>\n<link rel=\"canonical\" href=\"https:\/\/softicated.com\/en\/produit\/tabouret-gris\/\" \/>\n<meta property=\"og:locale\" content=\"en_GB\" \/>\n<meta property=\"og:type\" content=\"article\" \/>\n<meta property=\"og:title\" content=\"Tabouret design Gris\" \/>\n<meta property=\"og:description\" content=\"Le tabouret Signet Ring gris est \u00e0 la fois relaxant et incarne une certaine harmonie. La teinte grise du tabouret Softicated est douce, chic et raffin\u00e9e.\" \/>\n<meta property=\"og:url\" content=\"https:\/\/softicated.com\/en\/produit\/tabouret-gris\/\" \/>\n<meta property=\"og:site_name\" content=\"Softicated\" \/>\n<meta property=\"article:publisher\" content=\"https:\/\/www.facebook.com\/Softicated\" \/>\n<meta property=\"article:modified_time\" content=\"2026-03-24T04:36:36+00:00\" \/>\n<meta property=\"og:image\" content=\"https:\/\/softicated.com\/wp-content\/uploads\/2022\/09\/Gris.png\" \/>\n\t<meta property=\"og:image:width\" content=\"350\" \/>\n\t<meta property=\"og:image:height\" content=\"350\" \/>\n\t<meta property=\"og:image:type\" content=\"image\/png\" \/>\n<meta name=\"twitter:card\" content=\"summary_large_image\" \/>\n<script type=\"application\/ld+json\" class=\"yoast-schema-graph\">{\"@context\":\"https:\/\/schema.org\",\"@graph\":[{\"@type\":\"WebPage\",\"@id\":\"https:\/\/softicated.com\/produit\/tabouret-gris\/\",\"url\":\"https:\/\/softicated.com\/produit\/tabouret-gris\/\",\"name\":\"Tabouret design Gris - Softicated\",\"isPartOf\":{\"@id\":\"https:\/\/softicated.com\/#website\"},\"primaryImageOfPage\":{\"@id\":\"https:\/\/softicated.com\/produit\/tabouret-gris\/#primaryimage\"},\"image\":{\"@id\":\"https:\/\/softicated.com\/produit\/tabouret-gris\/#primaryimage\"},\"thumbnailUrl\":\"https:\/\/softicated.com\/wp-content\/uploads\/2022\/09\/Gris.png\",\"datePublished\":\"2022-09-23T09:03:48+00:00\",\"dateModified\":\"2026-03-24T04:36:36+00:00\",\"description\":\"Le tabouret Signet Ring gris est \u00e0 la fois relaxant et incarne une certaine harmonie. La teinte grise du tabouret Softicated est douce, chic et raffin\u00e9e.\",\"breadcrumb\":{\"@id\":\"https:\/\/softicated.com\/produit\/tabouret-gris\/#breadcrumb\"},\"inLanguage\":\"en-GB\",\"potentialAction\":[{\"@type\":\"ReadAction\",\"target\":[\"https:\/\/softicated.com\/produit\/tabouret-gris\/\"]}]},{\"@type\":\"ImageObject\",\"inLanguage\":\"en-GB\",\"@id\":\"https:\/\/softicated.com\/produit\/tabouret-gris\/#primaryimage\",\"url\":\"https:\/\/softicated.com\/wp-content\/uploads\/2022\/09\/Gris.png\",\"contentUrl\":\"https:\/\/softicated.com\/wp-content\/uploads\/2022\/09\/Gris.png\",\"width\":350,\"height\":350,\"caption\":\"Gris\"},{\"@type\":\"BreadcrumbList\",\"@id\":\"https:\/\/softicated.com\/produit\/tabouret-gris\/#breadcrumb\",\"itemListElement\":[{\"@type\":\"ListItem\",\"position\":1,\"name\":\"Accueil\",\"item\":\"https:\/\/softicated.com\/\"},{\"@type\":\"ListItem\",\"position\":2,\"name\":\"Produits Mobilier Premium Softicated\",\"item\":\"https:\/\/softicated.com\/produits\/\"},{\"@type\":\"ListItem\",\"position\":3,\"name\":\"Assise design\",\"item\":\"https:\/\/softicated.com\/categorie-produit\/assises\/\"},{\"@type\":\"ListItem\",\"position\":4,\"name\":\"Tabouret design\",\"item\":\"https:\/\/softicated.com\/categorie-produit\/assises\/tabouret-design-softicated\/\"},{\"@type\":\"ListItem\",\"position\":5,\"name\":\"Tabouret design gris Signet Ring\"}]},{\"@type\":\"WebSite\",\"@id\":\"https:\/\/softicated.com\/#website\",\"url\":\"https:\/\/softicated.com\/\",\"name\":\"Softicated\",\"description\":\"Cr\u00e9ateur de meubles, luminaires et tapis premium\",\"publisher\":{\"@id\":\"https:\/\/softicated.com\/#organization\"},\"potentialAction\":[{\"@type\":\"SearchAction\",\"target\":{\"@type\":\"EntryPoint\",\"urlTemplate\":\"https:\/\/softicated.com\/?s={search_term_string}\"},\"query-input\":{\"@type\":\"PropertyValueSpecification\",\"valueRequired\":true,\"valueName\":\"search_term_string\"}}],\"inLanguage\":\"en-GB\"},{\"@type\":\"Organization\",\"@id\":\"https:\/\/softicated.com\/#organization\",\"name\":\"Softicated\",\"url\":\"https:\/\/softicated.com\/\",\"logo\":{\"@type\":\"ImageObject\",\"inLanguage\":\"en-GB\",\"@id\":\"https:\/\/softicated.com\/#\/schema\/logo\/image\/\",\"url\":\"https:\/\/softicated.com\/wp-content\/uploads\/2025\/11\/logo-dark-2.svg\",\"contentUrl\":\"https:\/\/softicated.com\/wp-content\/uploads\/2025\/11\/logo-dark-2.svg\",\"caption\":\"Softicated\"},\"image\":{\"@id\":\"https:\/\/softicated.com\/#\/schema\/logo\/image\/\"},\"sameAs\":[\"https:\/\/www.facebook.com\/Softicated\",\"https:\/\/www.pinterest.com\/softicateddesign\",\"https:\/\/www.instagram.com\/softicated.design\"]}]}<\/script>\n<!-- \/ Yoast SEO Premium plugin. -->","yoast_head_json":{"title":"Grey designer stool - Softicated","description":"Le tabouret Signet Ring gris est \u00e0 la fois relaxant et incarne une certaine harmonie. La teinte grise du tabouret Softicated est douce, chic et raffin\u00e9e.","robots":{"index":"index","follow":"follow","max-snippet":"max-snippet:-1","max-image-preview":"max-image-preview:large","max-video-preview":"max-video-preview:-1"},"canonical":"https:\/\/softicated.com\/en\/produit\/tabouret-gris\/","og_locale":"en_GB","og_type":"article","og_title":"Tabouret design Gris","og_description":"Le tabouret Signet Ring gris est \u00e0 la fois relaxant et incarne une certaine harmonie. La teinte grise du tabouret Softicated est douce, chic et raffin\u00e9e.","og_url":"https:\/\/softicated.com\/en\/produit\/tabouret-gris\/","og_site_name":"Softicated","article_publisher":"https:\/\/www.facebook.com\/Softicated","article_modified_time":"2026-03-24T04:36:36+00:00","og_image":[{"width":350,"height":350,"url":"https:\/\/softicated.com\/wp-content\/uploads\/2022\/09\/Gris.png","type":"image\/png"}],"twitter_card":"summary_large_image","schema":{"@context":"https:\/\/schema.org","@graph":[{"@type":"WebPage","@id":"https:\/\/softicated.com\/produit\/tabouret-gris\/","url":"https:\/\/softicated.com\/produit\/tabouret-gris\/","name":"Grey designer stool - Softicated","isPartOf":{"@id":"https:\/\/softicated.com\/#website"},"primaryImageOfPage":{"@id":"https:\/\/softicated.com\/produit\/tabouret-gris\/#primaryimage"},"image":{"@id":"https:\/\/softicated.com\/produit\/tabouret-gris\/#primaryimage"},"thumbnailUrl":"https:\/\/softicated.com\/wp-content\/uploads\/2022\/09\/Gris.png","datePublished":"2022-09-23T09:03:48+00:00","dateModified":"2026-03-24T04:36:36+00:00","description":"Le tabouret Signet Ring gris est \u00e0 la fois relaxant et incarne une certaine harmonie. La teinte grise du tabouret Softicated est douce, chic et raffin\u00e9e.","breadcrumb":{"@id":"https:\/\/softicated.com\/produit\/tabouret-gris\/#breadcrumb"},"inLanguage":"en-GB","potentialAction":[{"@type":"ReadAction","target":["https:\/\/softicated.com\/produit\/tabouret-gris\/"]}]},{"@type":"ImageObject","inLanguage":"en-GB","@id":"https:\/\/softicated.com\/produit\/tabouret-gris\/#primaryimage","url":"https:\/\/softicated.com\/wp-content\/uploads\/2022\/09\/Gris.png","contentUrl":"https:\/\/softicated.com\/wp-content\/uploads\/2022\/09\/Gris.png","width":350,"height":350,"caption":"Gris"},{"@type":"BreadcrumbList","@id":"https:\/\/softicated.com\/produit\/tabouret-gris\/#breadcrumb","itemListElement":[{"@type":"ListItem","position":1,"name":"Accueil","item":"https:\/\/softicated.com\/"},{"@type":"ListItem","position":2,"name":"Produits Mobilier Premium Softicated","item":"https:\/\/softicated.com\/produits\/"},{"@type":"ListItem","position":3,"name":"Assise design","item":"https:\/\/softicated.com\/categorie-produit\/assises\/"},{"@type":"ListItem","position":4,"name":"Tabouret design","item":"https:\/\/softicated.com\/categorie-produit\/assises\/tabouret-design-softicated\/"},{"@type":"ListItem","position":5,"name":"Tabouret design gris Signet Ring"}]},{"@type":"WebSite","@id":"https:\/\/softicated.com\/#website","url":"https:\/\/softicated.com\/","name":"Softicated","description":"Designer of premium furniture, lighting and rugs","publisher":{"@id":"https:\/\/softicated.com\/#organization"},"potentialAction":[{"@type":"SearchAction","target":{"@type":"EntryPoint","urlTemplate":"https:\/\/softicated.com\/?s={search_term_string}"},"query-input":{"@type":"PropertyValueSpecification","valueRequired":true,"valueName":"search_term_string"}}],"inLanguage":"en-GB"},{"@type":"Organization","@id":"https:\/\/softicated.com\/#organization","name":"Softicated","url":"https:\/\/softicated.com\/","logo":{"@type":"ImageObject","inLanguage":"en-GB","@id":"https:\/\/softicated.com\/#\/schema\/logo\/image\/","url":"https:\/\/softicated.com\/wp-content\/uploads\/2025\/11\/logo-dark-2.svg","contentUrl":"https:\/\/softicated.com\/wp-content\/uploads\/2025\/11\/logo-dark-2.svg","caption":"Softicated"},"image":{"@id":"https:\/\/softicated.com\/#\/schema\/logo\/image\/"},"sameAs":["https:\/\/www.facebook.com\/Softicated","https:\/\/www.pinterest.com\/softicateddesign","https:\/\/www.instagram.com\/softicated.design"]}]}},"_links":{"self":[{"href":"https:\/\/softicated.com\/en\/wp-json\/wp\/v2\/product\/7705","targetHints":{"allow":["GET"]}}],"collection":[{"href":"https:\/\/softicated.com\/en\/wp-json\/wp\/v2\/product"}],"about":[{"href":"https:\/\/softicated.com\/en\/wp-json\/wp\/v2\/types\/product"}],"replies":[{"embeddable":true,"href":"https:\/\/softicated.com\/en\/wp-json\/wp\/v2\/comments?post=7705"}],"wp:featuredmedia":[{"embeddable":true,"href":"https:\/\/softicated.com\/en\/wp-json\/wp\/v2\/media\/13480"}],"wp:attachment":[{"href":"https:\/\/softicated.com\/en\/wp-json\/wp\/v2\/media?parent=7705"}],"wp:term":[{"taxonomy":"product_brand","embeddable":true,"href":"https:\/\/softicated.com\/en\/wp-json\/wp\/v2\/product_brand?post=7705"},{"taxonomy":"product_cat","embeddable":true,"href":"https:\/\/softicated.com\/en\/wp-json\/wp\/v2\/product_cat?post=7705"},{"taxonomy":"product_tag","embeddable":true,"href":"https:\/\/softicated.com\/en\/wp-json\/wp\/v2\/product_tag?post=7705"},{"taxonomy":"collections","embeddable":true,"href":"https:\/\/softicated.com\/en\/wp-json\/wp\/v2\/collections?post=7705"},{"taxonomy":"awards","embeddable":true,"href":"https:\/\/softicated.com\/en\/wp-json\/wp\/v2\/awards?post=7705"},{"taxonomy":"by_color","embeddable":true,"href":"https:\/\/softicated.com\/en\/wp-json\/wp\/v2\/by_color?post=7705"}],"curies":[{"name":"wp","href":"https:\/\/api.w.org\/{rel}","templated":true}]}}