{"id":7704,"date":"2022-09-23T11:01:13","date_gmt":"2022-09-23T09:01:13","guid":{"rendered":"https:\/\/softicated.com\/?post_type=product&#038;p=7704"},"modified":"2026-03-24T05:35:42","modified_gmt":"2026-03-24T04:35:42","slug":"tabouret-cuivre","status":"publish","type":"product","link":"https:\/\/softicated.com\/en\/produit\/tabouret-cuivre\/","title":{"rendered":"Copper Designer Stool"},"content":{"rendered":"<p>Copper captivates with its ability to combine modernity and authenticity. Its hue, shifting between orange and pink, brings a soft and comforting light to interiors. In interior design, copper is more than just a color; it radiates a warm and inviting ambiance, perfect for creating a welcoming space.<\/p>\n<p>By incorporating this shade into our iconic stool, we offer our customers a piece of furniture that transcends trends while adding a touch of distinction and modernity. This hue enhances the sleek lines of the stool, highlighting its refined design.<\/p>\n<p>Le tabouret Signet Ring n\u2019est pas simplement un meuble; il transforme les espaces attirant l\u2019attention et \u00e9voquant l\u2019\u00e9merveillement. Chaque d\u00e9tail a \u00e9t\u00e9 soigneusement pens\u00e9 pour faire de cette cr\u00e9ation design une pi\u00e8ce \u00e0 la fois unique et intemporelle. Ce tabouret cuivr\u00e9 et sa teinte m\u00e9tallis\u00e9e est un hommage \u00e0 l\u2019\u00e9clat des mat\u00e9riaux pr\u00e9cieux.<\/p>\n<p>The copper stool, with its warm metallic reflections and luxurious allure, stands out as a piece that transcends trends and adapts seamlessly to both classic and contemporary decor styles.<\/p>\n<p>Let yourself be charmed by the intensity of the Signet Ring copper stool, a shade that will brighten your interiors while embodying a sophisticated and bold vision of luxury.<\/p>","protected":false},"excerpt":{"rendered":"<p>Le cuivre s\u00e9duit par sa capacit\u00e9 \u00e0 allier modernit\u00e9 et authenticit\u00e9. Sa teinte, oscillant entre l\u2019orang\u00e9 et le rose, apporte une lumi\u00e8re douce et r\u00e9confortante dans les int\u00e9rieurs. Dans la d\u00e9coration d\u2019int\u00e9rieur, le cuivre est bien plus qu\u2019une simple couleur car il diffuse une ambiance chaleureuse et conviviale, id\u00e9ale pour rendre un espace accueillant. En [&hellip;]<\/p>","protected":false},"featured_media":13482,"comment_status":"closed","ping_status":"closed","template":"","meta":{"_acf_changed":false},"product_brand":[],"product_cat":[93],"product_tag":[],"collections":[181],"awards":[146,147,136,166,167],"by_color":[],"class_list":{"0":"post-7704","1":"product","2":"type-product","3":"status-publish","4":"has-post-thumbnail","6":"product_cat-tabouret-design-softicated","7":"product_shipping_class-mobilier-signet-ring","8":"collections-tabouret-design-softicated","9":"awards-big-see-awards-2023-softicated-signet-ring","10":"awards-iconic-award-2023-softicated-signet-ring","11":"awards-ida-design-award-honorable-mention-2022","12":"awards-luxury-lifestyle-awards-2024","13":"awards-archiproducts-2024-longlisted-product","15":"first","16":"instock","17":"shipping-taxable","18":"purchasable","19":"product-type-simple"},"acf":[],"yoast_head":"<!-- This site is optimized with the Yoast SEO Premium plugin v25.7.1 (Yoast SEO v26.9) - https:\/\/yoast.com\/product\/yoast-seo-premium-wordpress\/ -->\n<title>Tabouret design Cuivre - Softicated<\/title>\n<meta name=\"description\" content=\"Le tabouret Signet Ring de Softicated n&#039;est pas simplement un meuble; il transforme les espaces attirant l&#039;attention et \u00e9voquant l&#039;\u00e9merveillement.\" \/>\n<meta name=\"robots\" content=\"index, follow, max-snippet:-1, max-image-preview:large, max-video-preview:-1\" \/>\n<link rel=\"canonical\" href=\"https:\/\/softicated.com\/en\/produit\/tabouret-cuivre\/\" \/>\n<meta property=\"og:locale\" content=\"en_GB\" \/>\n<meta property=\"og:type\" content=\"article\" \/>\n<meta property=\"og:title\" content=\"Tabouret design Cuivre\" \/>\n<meta property=\"og:description\" content=\"Le tabouret Signet Ring de Softicated n&#039;est pas simplement un meuble; il transforme les espaces attirant l&#039;attention et \u00e9voquant l&#039;\u00e9merveillement.\" \/>\n<meta property=\"og:url\" content=\"https:\/\/softicated.com\/en\/produit\/tabouret-cuivre\/\" \/>\n<meta property=\"og:site_name\" content=\"Softicated\" \/>\n<meta property=\"article:publisher\" content=\"https:\/\/www.facebook.com\/Softicated\" \/>\n<meta property=\"article:modified_time\" content=\"2026-03-24T04:35:42+00:00\" \/>\n<meta property=\"og:image\" content=\"https:\/\/softicated.com\/wp-content\/uploads\/2022\/09\/Cuivre.png\" \/>\n\t<meta property=\"og:image:width\" content=\"350\" \/>\n\t<meta property=\"og:image:height\" content=\"350\" \/>\n\t<meta property=\"og:image:type\" content=\"image\/png\" \/>\n<meta name=\"twitter:card\" content=\"summary_large_image\" \/>\n<script type=\"application\/ld+json\" class=\"yoast-schema-graph\">{\"@context\":\"https:\/\/schema.org\",\"@graph\":[{\"@type\":\"WebPage\",\"@id\":\"https:\/\/softicated.com\/produit\/tabouret-cuivre\/\",\"url\":\"https:\/\/softicated.com\/produit\/tabouret-cuivre\/\",\"name\":\"Tabouret design Cuivre - Softicated\",\"isPartOf\":{\"@id\":\"https:\/\/softicated.com\/#website\"},\"primaryImageOfPage\":{\"@id\":\"https:\/\/softicated.com\/produit\/tabouret-cuivre\/#primaryimage\"},\"image\":{\"@id\":\"https:\/\/softicated.com\/produit\/tabouret-cuivre\/#primaryimage\"},\"thumbnailUrl\":\"https:\/\/softicated.com\/wp-content\/uploads\/2022\/09\/Cuivre.png\",\"datePublished\":\"2022-09-23T09:01:13+00:00\",\"dateModified\":\"2026-03-24T04:35:42+00:00\",\"description\":\"Le tabouret Signet Ring de Softicated n'est pas simplement un meuble; il transforme les espaces attirant l'attention et \u00e9voquant l'\u00e9merveillement.\",\"breadcrumb\":{\"@id\":\"https:\/\/softicated.com\/produit\/tabouret-cuivre\/#breadcrumb\"},\"inLanguage\":\"en-GB\",\"potentialAction\":[{\"@type\":\"ReadAction\",\"target\":[\"https:\/\/softicated.com\/produit\/tabouret-cuivre\/\"]}]},{\"@type\":\"ImageObject\",\"inLanguage\":\"en-GB\",\"@id\":\"https:\/\/softicated.com\/produit\/tabouret-cuivre\/#primaryimage\",\"url\":\"https:\/\/softicated.com\/wp-content\/uploads\/2022\/09\/Cuivre.png\",\"contentUrl\":\"https:\/\/softicated.com\/wp-content\/uploads\/2022\/09\/Cuivre.png\",\"width\":350,\"height\":350,\"caption\":\"Cuivre\"},{\"@type\":\"BreadcrumbList\",\"@id\":\"https:\/\/softicated.com\/produit\/tabouret-cuivre\/#breadcrumb\",\"itemListElement\":[{\"@type\":\"ListItem\",\"position\":1,\"name\":\"Accueil\",\"item\":\"https:\/\/softicated.com\/\"},{\"@type\":\"ListItem\",\"position\":2,\"name\":\"Produits Mobilier Premium Softicated\",\"item\":\"https:\/\/softicated.com\/produits\/\"},{\"@type\":\"ListItem\",\"position\":3,\"name\":\"Assise design\",\"item\":\"https:\/\/softicated.com\/categorie-produit\/assises\/\"},{\"@type\":\"ListItem\",\"position\":4,\"name\":\"Tabouret design\",\"item\":\"https:\/\/softicated.com\/categorie-produit\/assises\/tabouret-design-softicated\/\"},{\"@type\":\"ListItem\",\"position\":5,\"name\":\"Tabouret design cuivre Signet Ring\"}]},{\"@type\":\"WebSite\",\"@id\":\"https:\/\/softicated.com\/#website\",\"url\":\"https:\/\/softicated.com\/\",\"name\":\"Softicated\",\"description\":\"Cr\u00e9ateur de meubles, luminaires et tapis premium\",\"publisher\":{\"@id\":\"https:\/\/softicated.com\/#organization\"},\"potentialAction\":[{\"@type\":\"SearchAction\",\"target\":{\"@type\":\"EntryPoint\",\"urlTemplate\":\"https:\/\/softicated.com\/?s={search_term_string}\"},\"query-input\":{\"@type\":\"PropertyValueSpecification\",\"valueRequired\":true,\"valueName\":\"search_term_string\"}}],\"inLanguage\":\"en-GB\"},{\"@type\":\"Organization\",\"@id\":\"https:\/\/softicated.com\/#organization\",\"name\":\"Softicated\",\"url\":\"https:\/\/softicated.com\/\",\"logo\":{\"@type\":\"ImageObject\",\"inLanguage\":\"en-GB\",\"@id\":\"https:\/\/softicated.com\/#\/schema\/logo\/image\/\",\"url\":\"https:\/\/softicated.com\/wp-content\/uploads\/2025\/11\/logo-dark-2.svg\",\"contentUrl\":\"https:\/\/softicated.com\/wp-content\/uploads\/2025\/11\/logo-dark-2.svg\",\"caption\":\"Softicated\"},\"image\":{\"@id\":\"https:\/\/softicated.com\/#\/schema\/logo\/image\/\"},\"sameAs\":[\"https:\/\/www.facebook.com\/Softicated\",\"https:\/\/www.pinterest.com\/softicateddesign\",\"https:\/\/www.instagram.com\/softicated.design\"]}]}<\/script>\n<!-- \/ Yoast SEO Premium plugin. -->","yoast_head_json":{"title":"Copper Designer Stool - Softicated","description":"Le tabouret Signet Ring de Softicated n'est pas simplement un meuble; il transforme les espaces attirant l'attention et \u00e9voquant l'\u00e9merveillement.","robots":{"index":"index","follow":"follow","max-snippet":"max-snippet:-1","max-image-preview":"max-image-preview:large","max-video-preview":"max-video-preview:-1"},"canonical":"https:\/\/softicated.com\/en\/produit\/tabouret-cuivre\/","og_locale":"en_GB","og_type":"article","og_title":"Tabouret design Cuivre","og_description":"Le tabouret Signet Ring de Softicated n'est pas simplement un meuble; il transforme les espaces attirant l'attention et \u00e9voquant l'\u00e9merveillement.","og_url":"https:\/\/softicated.com\/en\/produit\/tabouret-cuivre\/","og_site_name":"Softicated","article_publisher":"https:\/\/www.facebook.com\/Softicated","article_modified_time":"2026-03-24T04:35:42+00:00","og_image":[{"width":350,"height":350,"url":"https:\/\/softicated.com\/wp-content\/uploads\/2022\/09\/Cuivre.png","type":"image\/png"}],"twitter_card":"summary_large_image","schema":{"@context":"https:\/\/schema.org","@graph":[{"@type":"WebPage","@id":"https:\/\/softicated.com\/produit\/tabouret-cuivre\/","url":"https:\/\/softicated.com\/produit\/tabouret-cuivre\/","name":"Copper Designer Stool - Softicated","isPartOf":{"@id":"https:\/\/softicated.com\/#website"},"primaryImageOfPage":{"@id":"https:\/\/softicated.com\/produit\/tabouret-cuivre\/#primaryimage"},"image":{"@id":"https:\/\/softicated.com\/produit\/tabouret-cuivre\/#primaryimage"},"thumbnailUrl":"https:\/\/softicated.com\/wp-content\/uploads\/2022\/09\/Cuivre.png","datePublished":"2022-09-23T09:01:13+00:00","dateModified":"2026-03-24T04:35:42+00:00","description":"Le tabouret Signet Ring de Softicated n'est pas simplement un meuble; il transforme les espaces attirant l'attention et \u00e9voquant l'\u00e9merveillement.","breadcrumb":{"@id":"https:\/\/softicated.com\/produit\/tabouret-cuivre\/#breadcrumb"},"inLanguage":"en-GB","potentialAction":[{"@type":"ReadAction","target":["https:\/\/softicated.com\/produit\/tabouret-cuivre\/"]}]},{"@type":"ImageObject","inLanguage":"en-GB","@id":"https:\/\/softicated.com\/produit\/tabouret-cuivre\/#primaryimage","url":"https:\/\/softicated.com\/wp-content\/uploads\/2022\/09\/Cuivre.png","contentUrl":"https:\/\/softicated.com\/wp-content\/uploads\/2022\/09\/Cuivre.png","width":350,"height":350,"caption":"Cuivre"},{"@type":"BreadcrumbList","@id":"https:\/\/softicated.com\/produit\/tabouret-cuivre\/#breadcrumb","itemListElement":[{"@type":"ListItem","position":1,"name":"Accueil","item":"https:\/\/softicated.com\/"},{"@type":"ListItem","position":2,"name":"Produits Mobilier Premium Softicated","item":"https:\/\/softicated.com\/produits\/"},{"@type":"ListItem","position":3,"name":"Assise design","item":"https:\/\/softicated.com\/categorie-produit\/assises\/"},{"@type":"ListItem","position":4,"name":"Tabouret design","item":"https:\/\/softicated.com\/categorie-produit\/assises\/tabouret-design-softicated\/"},{"@type":"ListItem","position":5,"name":"Tabouret design cuivre Signet Ring"}]},{"@type":"WebSite","@id":"https:\/\/softicated.com\/#website","url":"https:\/\/softicated.com\/","name":"Softicated","description":"Designer of premium furniture, lighting and rugs","publisher":{"@id":"https:\/\/softicated.com\/#organization"},"potentialAction":[{"@type":"SearchAction","target":{"@type":"EntryPoint","urlTemplate":"https:\/\/softicated.com\/?s={search_term_string}"},"query-input":{"@type":"PropertyValueSpecification","valueRequired":true,"valueName":"search_term_string"}}],"inLanguage":"en-GB"},{"@type":"Organization","@id":"https:\/\/softicated.com\/#organization","name":"Softicated","url":"https:\/\/softicated.com\/","logo":{"@type":"ImageObject","inLanguage":"en-GB","@id":"https:\/\/softicated.com\/#\/schema\/logo\/image\/","url":"https:\/\/softicated.com\/wp-content\/uploads\/2025\/11\/logo-dark-2.svg","contentUrl":"https:\/\/softicated.com\/wp-content\/uploads\/2025\/11\/logo-dark-2.svg","caption":"Softicated"},"image":{"@id":"https:\/\/softicated.com\/#\/schema\/logo\/image\/"},"sameAs":["https:\/\/www.facebook.com\/Softicated","https:\/\/www.pinterest.com\/softicateddesign","https:\/\/www.instagram.com\/softicated.design"]}]}},"_links":{"self":[{"href":"https:\/\/softicated.com\/en\/wp-json\/wp\/v2\/product\/7704","targetHints":{"allow":["GET"]}}],"collection":[{"href":"https:\/\/softicated.com\/en\/wp-json\/wp\/v2\/product"}],"about":[{"href":"https:\/\/softicated.com\/en\/wp-json\/wp\/v2\/types\/product"}],"replies":[{"embeddable":true,"href":"https:\/\/softicated.com\/en\/wp-json\/wp\/v2\/comments?post=7704"}],"wp:featuredmedia":[{"embeddable":true,"href":"https:\/\/softicated.com\/en\/wp-json\/wp\/v2\/media\/13482"}],"wp:attachment":[{"href":"https:\/\/softicated.com\/en\/wp-json\/wp\/v2\/media?parent=7704"}],"wp:term":[{"taxonomy":"product_brand","embeddable":true,"href":"https:\/\/softicated.com\/en\/wp-json\/wp\/v2\/product_brand?post=7704"},{"taxonomy":"product_cat","embeddable":true,"href":"https:\/\/softicated.com\/en\/wp-json\/wp\/v2\/product_cat?post=7704"},{"taxonomy":"product_tag","embeddable":true,"href":"https:\/\/softicated.com\/en\/wp-json\/wp\/v2\/product_tag?post=7704"},{"taxonomy":"collections","embeddable":true,"href":"https:\/\/softicated.com\/en\/wp-json\/wp\/v2\/collections?post=7704"},{"taxonomy":"awards","embeddable":true,"href":"https:\/\/softicated.com\/en\/wp-json\/wp\/v2\/awards?post=7704"},{"taxonomy":"by_color","embeddable":true,"href":"https:\/\/softicated.com\/en\/wp-json\/wp\/v2\/by_color?post=7704"}],"curies":[{"name":"wp","href":"https:\/\/api.w.org\/{rel}","templated":true}]}}