{"id":7703,"date":"2022-09-23T11:01:02","date_gmt":"2022-09-23T09:01:02","guid":{"rendered":"https:\/\/softicated.com\/?post_type=product&#038;p=7703"},"modified":"2026-03-24T05:36:08","modified_gmt":"2026-03-24T04:36:08","slug":"tabouret-dore","status":"publish","type":"product","link":"https:\/\/softicated.com\/en\/produit\/tabouret-dore\/","title":{"rendered":"Gold designer stool"},"content":{"rendered":"<p>The color of light and opulence, gold is the ideal choice for those seeking a touch of distinction in their interior. Gold transcends trends and embodies a sophisticated allure that naturally draws attention. Inspired by the world of luxury and precious materials, this color gives our design stool a unique character, both bold and sumptuous.<\/p>\n<p>Gold, a radiant and refined hue, is a universal symbol of wealth and sophistication. In interior design, it adds a touch of glamour and warmth, transforming any space into one that is both elegant and welcoming. Whether used sparingly or as a central feature, gold adapts effortlessly to all styles, be they classic, contemporary, or eclectic.<\/p>\n<p>Tel un bijou ench\u00e2ss\u00e9 dans son \u00e9crin, le tabouret signature Signet Ring s\u2019int\u00e8gre harmonieusement \u00e0 votre int\u00e9rieur, apportant une note de raffinement et une touche d\u2019\u00e9clat \u00e0 votre espace.<\/p>\n<p>The gold stool is more than just a piece of furniture. Its metallic sheen adds a touch of glamour and modernity to any interior, while remaining rooted in timeless aesthetics.<\/p>\n<p>Despite its luxurious appearance, the gold design stool remains true to our commitment to practical and versatile furniture. Compact and easy to move, it offers comfortable seating while embodying a resolutely modern style. It integrates seamlessly into living spaces while also elevating professional environments such as offices, bars, or hotels.<\/p>\n<p>Incorporating the gold stool into your decor means choosing a color that evokes luxury and harmony. With gold, illuminate your interiors and create spaces where elegance, modernity, and timeless sophistication reign. A precious color that will bring brilliance, warmth, and refinement to your space.<\/p>","protected":false},"excerpt":{"rendered":"<p>Couleur de la lumi\u00e8re et de la richesse, le dor\u00e9 s\u2019impose comme un choix id\u00e9al pour ceux qui recherchent une touche de distinction dans leur int\u00e9rieur. Le dor\u00e9 transcende les tendances et incarne une allure sophistiqu\u00e9e qui attire naturellement les regards. Inspir\u00e9e par l\u2019univers du luxe et des mati\u00e8res pr\u00e9cieuses, cette couleur conf\u00e8re \u00e0 notre [&hellip;]<\/p>","protected":false},"featured_media":13481,"comment_status":"closed","ping_status":"closed","template":"","meta":{"_acf_changed":false},"product_brand":[],"product_cat":[93],"product_tag":[],"collections":[181],"awards":[146,147,136,166,167],"by_color":[],"class_list":{"0":"post-7703","1":"product","2":"type-product","3":"status-publish","4":"has-post-thumbnail","6":"product_cat-tabouret-design-softicated","7":"product_shipping_class-mobilier-signet-ring","8":"collections-tabouret-design-softicated","9":"awards-big-see-awards-2023-softicated-signet-ring","10":"awards-iconic-award-2023-softicated-signet-ring","11":"awards-ida-design-award-honorable-mention-2022","12":"awards-luxury-lifestyle-awards-2024","13":"awards-archiproducts-2024-longlisted-product","15":"first","16":"instock","17":"shipping-taxable","18":"purchasable","19":"product-type-simple"},"acf":[],"yoast_head":"<!-- This site is optimized with the Yoast SEO Premium plugin v25.7.1 (Yoast SEO v26.9) - https:\/\/yoast.com\/product\/yoast-seo-premium-wordpress\/ -->\n<title>Tabouret design Dor\u00e9 - Softicated<\/title>\n<meta name=\"description\" content=\"Couleur de la lumi\u00e8re et de la richesse, le dor\u00e9 s\u2019impose comme un choix id\u00e9al pour ceux qui recherchent une touche de distinction dans leur int\u00e9rieur.\" \/>\n<meta name=\"robots\" content=\"index, follow, max-snippet:-1, max-image-preview:large, max-video-preview:-1\" \/>\n<link rel=\"canonical\" href=\"https:\/\/softicated.com\/en\/produit\/tabouret-dore\/\" \/>\n<meta property=\"og:locale\" content=\"en_GB\" \/>\n<meta property=\"og:type\" content=\"article\" \/>\n<meta property=\"og:title\" content=\"Tabouret design Dor\u00e9\" \/>\n<meta property=\"og:description\" content=\"Couleur de la lumi\u00e8re et de la richesse, le dor\u00e9 s\u2019impose comme un choix id\u00e9al pour ceux qui recherchent une touche de distinction dans leur int\u00e9rieur.\" \/>\n<meta property=\"og:url\" content=\"https:\/\/softicated.com\/en\/produit\/tabouret-dore\/\" \/>\n<meta property=\"og:site_name\" content=\"Softicated\" \/>\n<meta property=\"article:publisher\" content=\"https:\/\/www.facebook.com\/Softicated\" \/>\n<meta property=\"article:modified_time\" content=\"2026-03-24T04:36:08+00:00\" \/>\n<meta property=\"og:image\" content=\"https:\/\/softicated.com\/wp-content\/uploads\/2022\/09\/Dore.png\" \/>\n\t<meta property=\"og:image:width\" content=\"350\" \/>\n\t<meta property=\"og:image:height\" content=\"350\" \/>\n\t<meta property=\"og:image:type\" content=\"image\/png\" \/>\n<meta name=\"twitter:card\" content=\"summary_large_image\" \/>\n<script type=\"application\/ld+json\" class=\"yoast-schema-graph\">{\"@context\":\"https:\/\/schema.org\",\"@graph\":[{\"@type\":\"WebPage\",\"@id\":\"https:\/\/softicated.com\/produit\/tabouret-dore\/\",\"url\":\"https:\/\/softicated.com\/produit\/tabouret-dore\/\",\"name\":\"Tabouret design Dor\u00e9 - Softicated\",\"isPartOf\":{\"@id\":\"https:\/\/softicated.com\/#website\"},\"primaryImageOfPage\":{\"@id\":\"https:\/\/softicated.com\/produit\/tabouret-dore\/#primaryimage\"},\"image\":{\"@id\":\"https:\/\/softicated.com\/produit\/tabouret-dore\/#primaryimage\"},\"thumbnailUrl\":\"https:\/\/softicated.com\/wp-content\/uploads\/2022\/09\/Dore.png\",\"datePublished\":\"2022-09-23T09:01:02+00:00\",\"dateModified\":\"2026-03-24T04:36:08+00:00\",\"description\":\"Couleur de la lumi\u00e8re et de la richesse, le dor\u00e9 s\u2019impose comme un choix id\u00e9al pour ceux qui recherchent une touche de distinction dans leur int\u00e9rieur.\",\"breadcrumb\":{\"@id\":\"https:\/\/softicated.com\/produit\/tabouret-dore\/#breadcrumb\"},\"inLanguage\":\"en-GB\",\"potentialAction\":[{\"@type\":\"ReadAction\",\"target\":[\"https:\/\/softicated.com\/produit\/tabouret-dore\/\"]}]},{\"@type\":\"ImageObject\",\"inLanguage\":\"en-GB\",\"@id\":\"https:\/\/softicated.com\/produit\/tabouret-dore\/#primaryimage\",\"url\":\"https:\/\/softicated.com\/wp-content\/uploads\/2022\/09\/Dore.png\",\"contentUrl\":\"https:\/\/softicated.com\/wp-content\/uploads\/2022\/09\/Dore.png\",\"width\":350,\"height\":350,\"caption\":\"Dore\u0301\"},{\"@type\":\"BreadcrumbList\",\"@id\":\"https:\/\/softicated.com\/produit\/tabouret-dore\/#breadcrumb\",\"itemListElement\":[{\"@type\":\"ListItem\",\"position\":1,\"name\":\"Accueil\",\"item\":\"https:\/\/softicated.com\/\"},{\"@type\":\"ListItem\",\"position\":2,\"name\":\"Produits Mobilier Premium Softicated\",\"item\":\"https:\/\/softicated.com\/produits\/\"},{\"@type\":\"ListItem\",\"position\":3,\"name\":\"Assise design\",\"item\":\"https:\/\/softicated.com\/categorie-produit\/assises\/\"},{\"@type\":\"ListItem\",\"position\":4,\"name\":\"Tabouret design\",\"item\":\"https:\/\/softicated.com\/categorie-produit\/assises\/tabouret-design-softicated\/\"},{\"@type\":\"ListItem\",\"position\":5,\"name\":\"Tabouret Design dor\u00e9 signet ring\"}]},{\"@type\":\"WebSite\",\"@id\":\"https:\/\/softicated.com\/#website\",\"url\":\"https:\/\/softicated.com\/\",\"name\":\"Softicated\",\"description\":\"Cr\u00e9ateur de meubles, luminaires et tapis premium\",\"publisher\":{\"@id\":\"https:\/\/softicated.com\/#organization\"},\"potentialAction\":[{\"@type\":\"SearchAction\",\"target\":{\"@type\":\"EntryPoint\",\"urlTemplate\":\"https:\/\/softicated.com\/?s={search_term_string}\"},\"query-input\":{\"@type\":\"PropertyValueSpecification\",\"valueRequired\":true,\"valueName\":\"search_term_string\"}}],\"inLanguage\":\"en-GB\"},{\"@type\":\"Organization\",\"@id\":\"https:\/\/softicated.com\/#organization\",\"name\":\"Softicated\",\"url\":\"https:\/\/softicated.com\/\",\"logo\":{\"@type\":\"ImageObject\",\"inLanguage\":\"en-GB\",\"@id\":\"https:\/\/softicated.com\/#\/schema\/logo\/image\/\",\"url\":\"https:\/\/softicated.com\/wp-content\/uploads\/2025\/11\/logo-dark-2.svg\",\"contentUrl\":\"https:\/\/softicated.com\/wp-content\/uploads\/2025\/11\/logo-dark-2.svg\",\"caption\":\"Softicated\"},\"image\":{\"@id\":\"https:\/\/softicated.com\/#\/schema\/logo\/image\/\"},\"sameAs\":[\"https:\/\/www.facebook.com\/Softicated\",\"https:\/\/www.pinterest.com\/softicateddesign\",\"https:\/\/www.instagram.com\/softicated.design\"]}]}<\/script>\n<!-- \/ Yoast SEO Premium plugin. -->","yoast_head_json":{"title":"Gold designer stool - Softicated","description":"Couleur de la lumi\u00e8re et de la richesse, le dor\u00e9 s\u2019impose comme un choix id\u00e9al pour ceux qui recherchent une touche de distinction dans leur int\u00e9rieur.","robots":{"index":"index","follow":"follow","max-snippet":"max-snippet:-1","max-image-preview":"max-image-preview:large","max-video-preview":"max-video-preview:-1"},"canonical":"https:\/\/softicated.com\/en\/produit\/tabouret-dore\/","og_locale":"en_GB","og_type":"article","og_title":"Tabouret design Dor\u00e9","og_description":"Couleur de la lumi\u00e8re et de la richesse, le dor\u00e9 s\u2019impose comme un choix id\u00e9al pour ceux qui recherchent une touche de distinction dans leur int\u00e9rieur.","og_url":"https:\/\/softicated.com\/en\/produit\/tabouret-dore\/","og_site_name":"Softicated","article_publisher":"https:\/\/www.facebook.com\/Softicated","article_modified_time":"2026-03-24T04:36:08+00:00","og_image":[{"width":350,"height":350,"url":"https:\/\/softicated.com\/wp-content\/uploads\/2022\/09\/Dore.png","type":"image\/png"}],"twitter_card":"summary_large_image","schema":{"@context":"https:\/\/schema.org","@graph":[{"@type":"WebPage","@id":"https:\/\/softicated.com\/produit\/tabouret-dore\/","url":"https:\/\/softicated.com\/produit\/tabouret-dore\/","name":"Gold designer stool - Softicated","isPartOf":{"@id":"https:\/\/softicated.com\/#website"},"primaryImageOfPage":{"@id":"https:\/\/softicated.com\/produit\/tabouret-dore\/#primaryimage"},"image":{"@id":"https:\/\/softicated.com\/produit\/tabouret-dore\/#primaryimage"},"thumbnailUrl":"https:\/\/softicated.com\/wp-content\/uploads\/2022\/09\/Dore.png","datePublished":"2022-09-23T09:01:02+00:00","dateModified":"2026-03-24T04:36:08+00:00","description":"Couleur de la lumi\u00e8re et de la richesse, le dor\u00e9 s\u2019impose comme un choix id\u00e9al pour ceux qui recherchent une touche de distinction dans leur int\u00e9rieur.","breadcrumb":{"@id":"https:\/\/softicated.com\/produit\/tabouret-dore\/#breadcrumb"},"inLanguage":"en-GB","potentialAction":[{"@type":"ReadAction","target":["https:\/\/softicated.com\/produit\/tabouret-dore\/"]}]},{"@type":"ImageObject","inLanguage":"en-GB","@id":"https:\/\/softicated.com\/produit\/tabouret-dore\/#primaryimage","url":"https:\/\/softicated.com\/wp-content\/uploads\/2022\/09\/Dore.png","contentUrl":"https:\/\/softicated.com\/wp-content\/uploads\/2022\/09\/Dore.png","width":350,"height":350,"caption":"Dore\u0301"},{"@type":"BreadcrumbList","@id":"https:\/\/softicated.com\/produit\/tabouret-dore\/#breadcrumb","itemListElement":[{"@type":"ListItem","position":1,"name":"Accueil","item":"https:\/\/softicated.com\/"},{"@type":"ListItem","position":2,"name":"Produits Mobilier Premium Softicated","item":"https:\/\/softicated.com\/produits\/"},{"@type":"ListItem","position":3,"name":"Assise design","item":"https:\/\/softicated.com\/categorie-produit\/assises\/"},{"@type":"ListItem","position":4,"name":"Tabouret design","item":"https:\/\/softicated.com\/categorie-produit\/assises\/tabouret-design-softicated\/"},{"@type":"ListItem","position":5,"name":"Tabouret Design dor\u00e9 signet ring"}]},{"@type":"WebSite","@id":"https:\/\/softicated.com\/#website","url":"https:\/\/softicated.com\/","name":"Softicated","description":"Designer of premium furniture, lighting and rugs","publisher":{"@id":"https:\/\/softicated.com\/#organization"},"potentialAction":[{"@type":"SearchAction","target":{"@type":"EntryPoint","urlTemplate":"https:\/\/softicated.com\/?s={search_term_string}"},"query-input":{"@type":"PropertyValueSpecification","valueRequired":true,"valueName":"search_term_string"}}],"inLanguage":"en-GB"},{"@type":"Organization","@id":"https:\/\/softicated.com\/#organization","name":"Softicated","url":"https:\/\/softicated.com\/","logo":{"@type":"ImageObject","inLanguage":"en-GB","@id":"https:\/\/softicated.com\/#\/schema\/logo\/image\/","url":"https:\/\/softicated.com\/wp-content\/uploads\/2025\/11\/logo-dark-2.svg","contentUrl":"https:\/\/softicated.com\/wp-content\/uploads\/2025\/11\/logo-dark-2.svg","caption":"Softicated"},"image":{"@id":"https:\/\/softicated.com\/#\/schema\/logo\/image\/"},"sameAs":["https:\/\/www.facebook.com\/Softicated","https:\/\/www.pinterest.com\/softicateddesign","https:\/\/www.instagram.com\/softicated.design"]}]}},"_links":{"self":[{"href":"https:\/\/softicated.com\/en\/wp-json\/wp\/v2\/product\/7703","targetHints":{"allow":["GET"]}}],"collection":[{"href":"https:\/\/softicated.com\/en\/wp-json\/wp\/v2\/product"}],"about":[{"href":"https:\/\/softicated.com\/en\/wp-json\/wp\/v2\/types\/product"}],"replies":[{"embeddable":true,"href":"https:\/\/softicated.com\/en\/wp-json\/wp\/v2\/comments?post=7703"}],"wp:featuredmedia":[{"embeddable":true,"href":"https:\/\/softicated.com\/en\/wp-json\/wp\/v2\/media\/13481"}],"wp:attachment":[{"href":"https:\/\/softicated.com\/en\/wp-json\/wp\/v2\/media?parent=7703"}],"wp:term":[{"taxonomy":"product_brand","embeddable":true,"href":"https:\/\/softicated.com\/en\/wp-json\/wp\/v2\/product_brand?post=7703"},{"taxonomy":"product_cat","embeddable":true,"href":"https:\/\/softicated.com\/en\/wp-json\/wp\/v2\/product_cat?post=7703"},{"taxonomy":"product_tag","embeddable":true,"href":"https:\/\/softicated.com\/en\/wp-json\/wp\/v2\/product_tag?post=7703"},{"taxonomy":"collections","embeddable":true,"href":"https:\/\/softicated.com\/en\/wp-json\/wp\/v2\/collections?post=7703"},{"taxonomy":"awards","embeddable":true,"href":"https:\/\/softicated.com\/en\/wp-json\/wp\/v2\/awards?post=7703"},{"taxonomy":"by_color","embeddable":true,"href":"https:\/\/softicated.com\/en\/wp-json\/wp\/v2\/by_color?post=7703"}],"curies":[{"name":"wp","href":"https:\/\/api.w.org\/{rel}","templated":true}]}}