{"id":7678,"date":"2022-09-20T10:12:15","date_gmt":"2022-09-20T08:12:15","guid":{"rendered":"https:\/\/softicated.com\/?post_type=product&#038;p=7678"},"modified":"2026-03-24T05:34:38","modified_gmt":"2026-03-24T04:34:38","slug":"tabouret-blanc","status":"publish","type":"product","link":"https:\/\/softicated.com\/en\/produit\/tabouret-blanc\/","title":{"rendered":"White designer stool"},"content":{"rendered":"<p>White, a symbol of purity and elegance, brings a unique dimension to our stool. As the ultimate neutral color, white is much more than just a shade.<\/p>\n<p>This color reflects light, expands spaces, and creates a soothing, airy atmosphere. In contrast to vibrant colors or dark tones, it becomes an element of sophistication and modernity.<\/p>\n<p>White highlights our commitment to functional yet timeless design. In this shade, our stool becomes a true object of contemplation\u2014a piece of furniture that transcends its function. White subtly reveals the curves and balanced proportions of our iconic Signet Ring stool. This white stool is both understated and striking.<\/p>\n<p>This universal and versatile color transcends styles, adapting seamlessly to any type of interior, whether modern, classic, or minimalist. White provides a neutral, harmonious base that enhances all decorative styles. fluidit\u00e9 d\u00e9concertante \u00e0 tout type d\u2019int\u00e9rieur, qu\u2019il soit moderne, classique ou minimaliste. Le blanc offre une base neutre et harmonieuse qui sublime tous les styles d\u00e9coratifs.<\/p>\n<p>The Softicated white stool transcends trends and remains an essential color in interior design. Its neutrality allows it to adapt to changing styles and accentuate surrounding decorative elements.<\/p>\n<p>Let yourself be charmed by the white stool, with its elegant and timeless color that will brighten your interior and enhance the character of your spaces. With this immaculate version of our iconic stool, we offer a modern interpretation of luxury in its purest form.<\/p>","protected":false},"excerpt":{"rendered":"<p>Le blanc, symbole de puret\u00e9 et d\u2019\u00e9l\u00e9gance offre une dimension differente \u00e0 notre tabouret. Couleur neutre par excellence, le blanc est bien plus qu\u2019une simple teinte. Ce coloris refl\u00e8te la lumi\u00e8re, agrandit les espaces et insuffle une atmosph\u00e8re apaisante et a\u00e9rienne. En contraste avec des couleurs vives ou des tons sombres, il devient un \u00e9l\u00e9ment [&hellip;]<\/p>","protected":false},"featured_media":13483,"comment_status":"closed","ping_status":"closed","template":"","meta":{"_acf_changed":false},"product_brand":[],"product_cat":[93],"product_tag":[],"collections":[181],"awards":[146,147,136,166,167],"by_color":[],"class_list":{"0":"post-7678","1":"product","2":"type-product","3":"status-publish","4":"has-post-thumbnail","6":"product_cat-tabouret-design-softicated","7":"product_shipping_class-tapis","8":"collections-tabouret-design-softicated","9":"awards-big-see-awards-2023-softicated-signet-ring","10":"awards-iconic-award-2023-softicated-signet-ring","11":"awards-ida-design-award-honorable-mention-2022","12":"awards-luxury-lifestyle-awards-2024","13":"awards-archiproducts-2024-longlisted-product","15":"first","16":"instock","17":"shipping-taxable","18":"purchasable","19":"product-type-simple"},"acf":[],"yoast_head":"<!-- This site is optimized with the Yoast SEO Premium plugin v25.7.1 (Yoast SEO v26.9) - https:\/\/yoast.com\/product\/yoast-seo-premium-wordpress\/ -->\n<title>Tabouret design Blanc - Softicated<\/title>\n<meta name=\"description\" content=\"Le blanc r\u00e9v\u00e8le avec subtilit\u00e9 les courbes et les proportions \u00e9quilibr\u00e9es de notre tabouret iconique Signet Ring Softicated.\" \/>\n<meta name=\"robots\" content=\"index, follow, max-snippet:-1, max-image-preview:large, max-video-preview:-1\" \/>\n<link rel=\"canonical\" href=\"https:\/\/softicated.com\/en\/produit\/tabouret-blanc\/\" \/>\n<meta property=\"og:locale\" content=\"en_GB\" \/>\n<meta property=\"og:type\" content=\"article\" \/>\n<meta property=\"og:title\" content=\"Tabouret design Blanc\" \/>\n<meta property=\"og:description\" content=\"Le blanc r\u00e9v\u00e8le avec subtilit\u00e9 les courbes et les proportions \u00e9quilibr\u00e9es de notre tabouret iconique Signet Ring Softicated.\" \/>\n<meta property=\"og:url\" content=\"https:\/\/softicated.com\/en\/produit\/tabouret-blanc\/\" \/>\n<meta property=\"og:site_name\" content=\"Softicated\" \/>\n<meta property=\"article:publisher\" content=\"https:\/\/www.facebook.com\/Softicated\" \/>\n<meta property=\"article:modified_time\" content=\"2026-03-24T04:34:38+00:00\" \/>\n<meta property=\"og:image\" content=\"https:\/\/softicated.com\/wp-content\/uploads\/2022\/09\/Blanc.png\" \/>\n\t<meta property=\"og:image:width\" content=\"350\" \/>\n\t<meta property=\"og:image:height\" content=\"350\" \/>\n\t<meta property=\"og:image:type\" content=\"image\/png\" \/>\n<meta name=\"twitter:card\" content=\"summary_large_image\" \/>\n<script type=\"application\/ld+json\" class=\"yoast-schema-graph\">{\"@context\":\"https:\/\/schema.org\",\"@graph\":[{\"@type\":\"WebPage\",\"@id\":\"https:\/\/softicated.com\/produit\/tabouret-blanc\/\",\"url\":\"https:\/\/softicated.com\/produit\/tabouret-blanc\/\",\"name\":\"Tabouret design Blanc - Softicated\",\"isPartOf\":{\"@id\":\"https:\/\/softicated.com\/#website\"},\"primaryImageOfPage\":{\"@id\":\"https:\/\/softicated.com\/produit\/tabouret-blanc\/#primaryimage\"},\"image\":{\"@id\":\"https:\/\/softicated.com\/produit\/tabouret-blanc\/#primaryimage\"},\"thumbnailUrl\":\"https:\/\/softicated.com\/wp-content\/uploads\/2022\/09\/Blanc.png\",\"datePublished\":\"2022-09-20T08:12:15+00:00\",\"dateModified\":\"2026-03-24T04:34:38+00:00\",\"description\":\"Le blanc r\u00e9v\u00e8le avec subtilit\u00e9 les courbes et les proportions \u00e9quilibr\u00e9es de notre tabouret iconique Signet Ring Softicated.\",\"breadcrumb\":{\"@id\":\"https:\/\/softicated.com\/produit\/tabouret-blanc\/#breadcrumb\"},\"inLanguage\":\"en-GB\",\"potentialAction\":[{\"@type\":\"ReadAction\",\"target\":[\"https:\/\/softicated.com\/produit\/tabouret-blanc\/\"]}]},{\"@type\":\"ImageObject\",\"inLanguage\":\"en-GB\",\"@id\":\"https:\/\/softicated.com\/produit\/tabouret-blanc\/#primaryimage\",\"url\":\"https:\/\/softicated.com\/wp-content\/uploads\/2022\/09\/Blanc.png\",\"contentUrl\":\"https:\/\/softicated.com\/wp-content\/uploads\/2022\/09\/Blanc.png\",\"width\":350,\"height\":350,\"caption\":\"Blanc\"},{\"@type\":\"BreadcrumbList\",\"@id\":\"https:\/\/softicated.com\/produit\/tabouret-blanc\/#breadcrumb\",\"itemListElement\":[{\"@type\":\"ListItem\",\"position\":1,\"name\":\"Accueil\",\"item\":\"https:\/\/softicated.com\/\"},{\"@type\":\"ListItem\",\"position\":2,\"name\":\"Produits Mobilier Premium Softicated\",\"item\":\"https:\/\/softicated.com\/produits\/\"},{\"@type\":\"ListItem\",\"position\":3,\"name\":\"Assise design\",\"item\":\"https:\/\/softicated.com\/categorie-produit\/assises\/\"},{\"@type\":\"ListItem\",\"position\":4,\"name\":\"Tabouret design\",\"item\":\"https:\/\/softicated.com\/categorie-produit\/assises\/tabouret-design-softicated\/\"},{\"@type\":\"ListItem\",\"position\":5,\"name\":\"Tabouret design blanc signet ring\"}]},{\"@type\":\"WebSite\",\"@id\":\"https:\/\/softicated.com\/#website\",\"url\":\"https:\/\/softicated.com\/\",\"name\":\"Softicated\",\"description\":\"Cr\u00e9ateur de meubles, luminaires et tapis premium\",\"publisher\":{\"@id\":\"https:\/\/softicated.com\/#organization\"},\"potentialAction\":[{\"@type\":\"SearchAction\",\"target\":{\"@type\":\"EntryPoint\",\"urlTemplate\":\"https:\/\/softicated.com\/?s={search_term_string}\"},\"query-input\":{\"@type\":\"PropertyValueSpecification\",\"valueRequired\":true,\"valueName\":\"search_term_string\"}}],\"inLanguage\":\"en-GB\"},{\"@type\":\"Organization\",\"@id\":\"https:\/\/softicated.com\/#organization\",\"name\":\"Softicated\",\"url\":\"https:\/\/softicated.com\/\",\"logo\":{\"@type\":\"ImageObject\",\"inLanguage\":\"en-GB\",\"@id\":\"https:\/\/softicated.com\/#\/schema\/logo\/image\/\",\"url\":\"https:\/\/softicated.com\/wp-content\/uploads\/2025\/11\/logo-dark-2.svg\",\"contentUrl\":\"https:\/\/softicated.com\/wp-content\/uploads\/2025\/11\/logo-dark-2.svg\",\"caption\":\"Softicated\"},\"image\":{\"@id\":\"https:\/\/softicated.com\/#\/schema\/logo\/image\/\"},\"sameAs\":[\"https:\/\/www.facebook.com\/Softicated\",\"https:\/\/www.pinterest.com\/softicateddesign\",\"https:\/\/www.instagram.com\/softicated.design\"]}]}<\/script>\n<!-- \/ Yoast SEO Premium plugin. -->","yoast_head_json":{"title":"White designer stool - Softicated","description":"Le blanc r\u00e9v\u00e8le avec subtilit\u00e9 les courbes et les proportions \u00e9quilibr\u00e9es de notre tabouret iconique Signet Ring Softicated.","robots":{"index":"index","follow":"follow","max-snippet":"max-snippet:-1","max-image-preview":"max-image-preview:large","max-video-preview":"max-video-preview:-1"},"canonical":"https:\/\/softicated.com\/en\/produit\/tabouret-blanc\/","og_locale":"en_GB","og_type":"article","og_title":"Tabouret design Blanc","og_description":"Le blanc r\u00e9v\u00e8le avec subtilit\u00e9 les courbes et les proportions \u00e9quilibr\u00e9es de notre tabouret iconique Signet Ring Softicated.","og_url":"https:\/\/softicated.com\/en\/produit\/tabouret-blanc\/","og_site_name":"Softicated","article_publisher":"https:\/\/www.facebook.com\/Softicated","article_modified_time":"2026-03-24T04:34:38+00:00","og_image":[{"width":350,"height":350,"url":"https:\/\/softicated.com\/wp-content\/uploads\/2022\/09\/Blanc.png","type":"image\/png"}],"twitter_card":"summary_large_image","schema":{"@context":"https:\/\/schema.org","@graph":[{"@type":"WebPage","@id":"https:\/\/softicated.com\/produit\/tabouret-blanc\/","url":"https:\/\/softicated.com\/produit\/tabouret-blanc\/","name":"White designer stool - Softicated","isPartOf":{"@id":"https:\/\/softicated.com\/#website"},"primaryImageOfPage":{"@id":"https:\/\/softicated.com\/produit\/tabouret-blanc\/#primaryimage"},"image":{"@id":"https:\/\/softicated.com\/produit\/tabouret-blanc\/#primaryimage"},"thumbnailUrl":"https:\/\/softicated.com\/wp-content\/uploads\/2022\/09\/Blanc.png","datePublished":"2022-09-20T08:12:15+00:00","dateModified":"2026-03-24T04:34:38+00:00","description":"Le blanc r\u00e9v\u00e8le avec subtilit\u00e9 les courbes et les proportions \u00e9quilibr\u00e9es de notre tabouret iconique Signet Ring Softicated.","breadcrumb":{"@id":"https:\/\/softicated.com\/produit\/tabouret-blanc\/#breadcrumb"},"inLanguage":"en-GB","potentialAction":[{"@type":"ReadAction","target":["https:\/\/softicated.com\/produit\/tabouret-blanc\/"]}]},{"@type":"ImageObject","inLanguage":"en-GB","@id":"https:\/\/softicated.com\/produit\/tabouret-blanc\/#primaryimage","url":"https:\/\/softicated.com\/wp-content\/uploads\/2022\/09\/Blanc.png","contentUrl":"https:\/\/softicated.com\/wp-content\/uploads\/2022\/09\/Blanc.png","width":350,"height":350,"caption":"Blanc"},{"@type":"BreadcrumbList","@id":"https:\/\/softicated.com\/produit\/tabouret-blanc\/#breadcrumb","itemListElement":[{"@type":"ListItem","position":1,"name":"Accueil","item":"https:\/\/softicated.com\/"},{"@type":"ListItem","position":2,"name":"Produits Mobilier Premium Softicated","item":"https:\/\/softicated.com\/produits\/"},{"@type":"ListItem","position":3,"name":"Assise design","item":"https:\/\/softicated.com\/categorie-produit\/assises\/"},{"@type":"ListItem","position":4,"name":"Tabouret design","item":"https:\/\/softicated.com\/categorie-produit\/assises\/tabouret-design-softicated\/"},{"@type":"ListItem","position":5,"name":"Tabouret design blanc signet ring"}]},{"@type":"WebSite","@id":"https:\/\/softicated.com\/#website","url":"https:\/\/softicated.com\/","name":"Softicated","description":"Designer of premium furniture, lighting and rugs","publisher":{"@id":"https:\/\/softicated.com\/#organization"},"potentialAction":[{"@type":"SearchAction","target":{"@type":"EntryPoint","urlTemplate":"https:\/\/softicated.com\/?s={search_term_string}"},"query-input":{"@type":"PropertyValueSpecification","valueRequired":true,"valueName":"search_term_string"}}],"inLanguage":"en-GB"},{"@type":"Organization","@id":"https:\/\/softicated.com\/#organization","name":"Softicated","url":"https:\/\/softicated.com\/","logo":{"@type":"ImageObject","inLanguage":"en-GB","@id":"https:\/\/softicated.com\/#\/schema\/logo\/image\/","url":"https:\/\/softicated.com\/wp-content\/uploads\/2025\/11\/logo-dark-2.svg","contentUrl":"https:\/\/softicated.com\/wp-content\/uploads\/2025\/11\/logo-dark-2.svg","caption":"Softicated"},"image":{"@id":"https:\/\/softicated.com\/#\/schema\/logo\/image\/"},"sameAs":["https:\/\/www.facebook.com\/Softicated","https:\/\/www.pinterest.com\/softicateddesign","https:\/\/www.instagram.com\/softicated.design"]}]}},"_links":{"self":[{"href":"https:\/\/softicated.com\/en\/wp-json\/wp\/v2\/product\/7678","targetHints":{"allow":["GET"]}}],"collection":[{"href":"https:\/\/softicated.com\/en\/wp-json\/wp\/v2\/product"}],"about":[{"href":"https:\/\/softicated.com\/en\/wp-json\/wp\/v2\/types\/product"}],"replies":[{"embeddable":true,"href":"https:\/\/softicated.com\/en\/wp-json\/wp\/v2\/comments?post=7678"}],"wp:featuredmedia":[{"embeddable":true,"href":"https:\/\/softicated.com\/en\/wp-json\/wp\/v2\/media\/13483"}],"wp:attachment":[{"href":"https:\/\/softicated.com\/en\/wp-json\/wp\/v2\/media?parent=7678"}],"wp:term":[{"taxonomy":"product_brand","embeddable":true,"href":"https:\/\/softicated.com\/en\/wp-json\/wp\/v2\/product_brand?post=7678"},{"taxonomy":"product_cat","embeddable":true,"href":"https:\/\/softicated.com\/en\/wp-json\/wp\/v2\/product_cat?post=7678"},{"taxonomy":"product_tag","embeddable":true,"href":"https:\/\/softicated.com\/en\/wp-json\/wp\/v2\/product_tag?post=7678"},{"taxonomy":"collections","embeddable":true,"href":"https:\/\/softicated.com\/en\/wp-json\/wp\/v2\/collections?post=7678"},{"taxonomy":"awards","embeddable":true,"href":"https:\/\/softicated.com\/en\/wp-json\/wp\/v2\/awards?post=7678"},{"taxonomy":"by_color","embeddable":true,"href":"https:\/\/softicated.com\/en\/wp-json\/wp\/v2\/by_color?post=7678"}],"curies":[{"name":"wp","href":"https:\/\/api.w.org\/{rel}","templated":true}]}}