{"id":6583,"date":"2022-08-31T15:12:41","date_gmt":"2022-08-31T13:12:41","guid":{"rendered":"https:\/\/softicated.com\/?post_type=product&#038;p=6583"},"modified":"2026-03-24T05:36:44","modified_gmt":"2026-03-24T04:36:44","slug":"tabouret-noir","status":"publish","type":"product","link":"https:\/\/softicated.com\/en\/produit\/tabouret-noir\/","title":{"rendered":"Designer Stool Black"},"content":{"rendered":"<p>Black, the ultimate universal color, transcends trends and effortlessly integrates into all interior styles. Whether minimalist, luxurious, or industrial, it offers unparalleled versatility, enhancing spaces with character and depth.<\/p>\n<p>In this black version, our signature stool gains intensity and sophistication. Its sleek lines and perfectly balanced form are highlighted by this dark shade. The glossy black finish accentuates its curves, giving it a strong visual presence and transforming a functional piece into a must-have design object.<\/p>\n<p>The Signet Ring stool is an exceptional piece of furniture designed to embody the pinnacle of style and refinement. With its distinctive design and impeccable finish, this everyday furniture piece is both practical and aesthetically pleasing, fitting naturally into residential or professional spaces.<\/p>\n<p>In this black variation, our iconic stool becomes the perfect embodiment of discreet yet confident luxury. Bold and practical, it brings character and refinement to any type of space. Striking a balance between simplicity and character, it enhances your interior with elegance and sophistication. This stool adds an aura of modernity and elegance to your interior while leaving room for creativity in pairing it with other decorative elements.<\/p>\n<p>Let yourself be captivated by the intensity of black, a timeless shade that magnifies contemporary design in all its splendor. Choosing a Softicated black stool means opting for a piece that transcends trends to become a timeless classic.<\/p>","protected":false},"excerpt":{"rendered":"<p>Le noir, couleur universelle par excellence, transcende les modes et s\u2019int\u00e8gre avec naturel dans tous les styles d\u2019int\u00e9rieur. Minimaliste, luxueux ou industriel, il offre une polyvalence in\u00e9gal\u00e9e qui sublime les espaces tout en leur conf\u00e9rant caract\u00e8re et profondeur. Dans cette version noire, notre tabouret signature gagne en intensit\u00e9 et en sobri\u00e9t\u00e9. Ses lignes \u00e9pur\u00e9es et [&hellip;]<\/p>","protected":false},"featured_media":13484,"comment_status":"closed","ping_status":"closed","template":"","meta":{"_acf_changed":false},"product_brand":[],"product_cat":[93],"product_tag":[],"collections":[181],"awards":[146,147,136,166,167],"by_color":[],"class_list":{"0":"post-6583","1":"product","2":"type-product","3":"status-publish","4":"has-post-thumbnail","6":"product_cat-tabouret-design-softicated","7":"product_shipping_class-tapis","8":"collections-tabouret-design-softicated","9":"awards-big-see-awards-2023-softicated-signet-ring","10":"awards-iconic-award-2023-softicated-signet-ring","11":"awards-ida-design-award-honorable-mention-2022","12":"awards-luxury-lifestyle-awards-2024","13":"awards-archiproducts-2024-longlisted-product","15":"first","16":"instock","17":"shipping-taxable","18":"purchasable","19":"product-type-simple"},"acf":[],"yoast_head":"<!-- This site is optimized with the Yoast SEO Premium plugin v25.7.1 (Yoast SEO v26.9) - https:\/\/yoast.com\/product\/yoast-seo-premium-wordpress\/ -->\n<title>Tabouret design Noir - Softicated<\/title>\n<meta name=\"description\" content=\"Le tabouret Signet Ring est une pi\u00e8ce de mobilier exceptionnelle con\u00e7ue pour incarner le summum du style et du raffinement.\" \/>\n<meta name=\"robots\" content=\"index, follow, max-snippet:-1, max-image-preview:large, max-video-preview:-1\" \/>\n<link rel=\"canonical\" href=\"https:\/\/softicated.com\/en\/produit\/tabouret-noir\/\" \/>\n<meta property=\"og:locale\" content=\"en_GB\" \/>\n<meta property=\"og:type\" content=\"article\" \/>\n<meta property=\"og:title\" content=\"Tabouret design Noir\" \/>\n<meta property=\"og:description\" content=\"Le tabouret Signet Ring est une pi\u00e8ce de mobilier exceptionnelle con\u00e7ue pour incarner le summum du style et du raffinement.\" \/>\n<meta property=\"og:url\" content=\"https:\/\/softicated.com\/en\/produit\/tabouret-noir\/\" \/>\n<meta property=\"og:site_name\" content=\"Softicated\" \/>\n<meta property=\"article:publisher\" content=\"https:\/\/www.facebook.com\/Softicated\" \/>\n<meta property=\"article:modified_time\" content=\"2026-03-24T04:36:44+00:00\" \/>\n<meta property=\"og:image\" content=\"https:\/\/softicated.com\/wp-content\/uploads\/2022\/08\/Noir.png\" \/>\n\t<meta property=\"og:image:width\" content=\"350\" \/>\n\t<meta property=\"og:image:height\" content=\"350\" \/>\n\t<meta property=\"og:image:type\" content=\"image\/png\" \/>\n<meta name=\"twitter:card\" content=\"summary_large_image\" \/>\n<script type=\"application\/ld+json\" class=\"yoast-schema-graph\">{\"@context\":\"https:\/\/schema.org\",\"@graph\":[{\"@type\":\"WebPage\",\"@id\":\"https:\/\/softicated.com\/produit\/tabouret-noir\/\",\"url\":\"https:\/\/softicated.com\/produit\/tabouret-noir\/\",\"name\":\"Tabouret design Noir - Softicated\",\"isPartOf\":{\"@id\":\"https:\/\/softicated.com\/#website\"},\"primaryImageOfPage\":{\"@id\":\"https:\/\/softicated.com\/produit\/tabouret-noir\/#primaryimage\"},\"image\":{\"@id\":\"https:\/\/softicated.com\/produit\/tabouret-noir\/#primaryimage\"},\"thumbnailUrl\":\"https:\/\/softicated.com\/wp-content\/uploads\/2022\/08\/Noir.png\",\"datePublished\":\"2022-08-31T13:12:41+00:00\",\"dateModified\":\"2026-03-24T04:36:44+00:00\",\"description\":\"Le tabouret Signet Ring est une pi\u00e8ce de mobilier exceptionnelle con\u00e7ue pour incarner le summum du style et du raffinement.\",\"breadcrumb\":{\"@id\":\"https:\/\/softicated.com\/produit\/tabouret-noir\/#breadcrumb\"},\"inLanguage\":\"en-GB\",\"potentialAction\":[{\"@type\":\"ReadAction\",\"target\":[\"https:\/\/softicated.com\/produit\/tabouret-noir\/\"]}]},{\"@type\":\"ImageObject\",\"inLanguage\":\"en-GB\",\"@id\":\"https:\/\/softicated.com\/produit\/tabouret-noir\/#primaryimage\",\"url\":\"https:\/\/softicated.com\/wp-content\/uploads\/2022\/08\/Noir.png\",\"contentUrl\":\"https:\/\/softicated.com\/wp-content\/uploads\/2022\/08\/Noir.png\",\"width\":350,\"height\":350,\"caption\":\"Noir\"},{\"@type\":\"BreadcrumbList\",\"@id\":\"https:\/\/softicated.com\/produit\/tabouret-noir\/#breadcrumb\",\"itemListElement\":[{\"@type\":\"ListItem\",\"position\":1,\"name\":\"Accueil\",\"item\":\"https:\/\/softicated.com\/\"},{\"@type\":\"ListItem\",\"position\":2,\"name\":\"Produits Mobilier Premium Softicated\",\"item\":\"https:\/\/softicated.com\/produits\/\"},{\"@type\":\"ListItem\",\"position\":3,\"name\":\"Assise design\",\"item\":\"https:\/\/softicated.com\/categorie-produit\/assises\/\"},{\"@type\":\"ListItem\",\"position\":4,\"name\":\"Tabouret design\",\"item\":\"https:\/\/softicated.com\/categorie-produit\/assises\/tabouret-design-softicated\/\"},{\"@type\":\"ListItem\",\"position\":5,\"name\":\"Tabouret design noir Signet Ring\"}]},{\"@type\":\"WebSite\",\"@id\":\"https:\/\/softicated.com\/#website\",\"url\":\"https:\/\/softicated.com\/\",\"name\":\"Softicated\",\"description\":\"Cr\u00e9ateur de meubles, luminaires et tapis premium\",\"publisher\":{\"@id\":\"https:\/\/softicated.com\/#organization\"},\"potentialAction\":[{\"@type\":\"SearchAction\",\"target\":{\"@type\":\"EntryPoint\",\"urlTemplate\":\"https:\/\/softicated.com\/?s={search_term_string}\"},\"query-input\":{\"@type\":\"PropertyValueSpecification\",\"valueRequired\":true,\"valueName\":\"search_term_string\"}}],\"inLanguage\":\"en-GB\"},{\"@type\":\"Organization\",\"@id\":\"https:\/\/softicated.com\/#organization\",\"name\":\"Softicated\",\"url\":\"https:\/\/softicated.com\/\",\"logo\":{\"@type\":\"ImageObject\",\"inLanguage\":\"en-GB\",\"@id\":\"https:\/\/softicated.com\/#\/schema\/logo\/image\/\",\"url\":\"https:\/\/softicated.com\/wp-content\/uploads\/2025\/11\/logo-dark-2.svg\",\"contentUrl\":\"https:\/\/softicated.com\/wp-content\/uploads\/2025\/11\/logo-dark-2.svg\",\"caption\":\"Softicated\"},\"image\":{\"@id\":\"https:\/\/softicated.com\/#\/schema\/logo\/image\/\"},\"sameAs\":[\"https:\/\/www.facebook.com\/Softicated\",\"https:\/\/www.pinterest.com\/softicateddesign\",\"https:\/\/www.instagram.com\/softicated.design\"]}]}<\/script>\n<!-- \/ Yoast SEO Premium plugin. -->","yoast_head_json":{"title":"Designer Stool Black - Softicated","description":"Le tabouret Signet Ring est une pi\u00e8ce de mobilier exceptionnelle con\u00e7ue pour incarner le summum du style et du raffinement.","robots":{"index":"index","follow":"follow","max-snippet":"max-snippet:-1","max-image-preview":"max-image-preview:large","max-video-preview":"max-video-preview:-1"},"canonical":"https:\/\/softicated.com\/en\/produit\/tabouret-noir\/","og_locale":"en_GB","og_type":"article","og_title":"Tabouret design Noir","og_description":"Le tabouret Signet Ring est une pi\u00e8ce de mobilier exceptionnelle con\u00e7ue pour incarner le summum du style et du raffinement.","og_url":"https:\/\/softicated.com\/en\/produit\/tabouret-noir\/","og_site_name":"Softicated","article_publisher":"https:\/\/www.facebook.com\/Softicated","article_modified_time":"2026-03-24T04:36:44+00:00","og_image":[{"width":350,"height":350,"url":"https:\/\/softicated.com\/wp-content\/uploads\/2022\/08\/Noir.png","type":"image\/png"}],"twitter_card":"summary_large_image","schema":{"@context":"https:\/\/schema.org","@graph":[{"@type":"WebPage","@id":"https:\/\/softicated.com\/produit\/tabouret-noir\/","url":"https:\/\/softicated.com\/produit\/tabouret-noir\/","name":"Designer Stool Black - Softicated","isPartOf":{"@id":"https:\/\/softicated.com\/#website"},"primaryImageOfPage":{"@id":"https:\/\/softicated.com\/produit\/tabouret-noir\/#primaryimage"},"image":{"@id":"https:\/\/softicated.com\/produit\/tabouret-noir\/#primaryimage"},"thumbnailUrl":"https:\/\/softicated.com\/wp-content\/uploads\/2022\/08\/Noir.png","datePublished":"2022-08-31T13:12:41+00:00","dateModified":"2026-03-24T04:36:44+00:00","description":"Le tabouret Signet Ring est une pi\u00e8ce de mobilier exceptionnelle con\u00e7ue pour incarner le summum du style et du raffinement.","breadcrumb":{"@id":"https:\/\/softicated.com\/produit\/tabouret-noir\/#breadcrumb"},"inLanguage":"en-GB","potentialAction":[{"@type":"ReadAction","target":["https:\/\/softicated.com\/produit\/tabouret-noir\/"]}]},{"@type":"ImageObject","inLanguage":"en-GB","@id":"https:\/\/softicated.com\/produit\/tabouret-noir\/#primaryimage","url":"https:\/\/softicated.com\/wp-content\/uploads\/2022\/08\/Noir.png","contentUrl":"https:\/\/softicated.com\/wp-content\/uploads\/2022\/08\/Noir.png","width":350,"height":350,"caption":"Noir"},{"@type":"BreadcrumbList","@id":"https:\/\/softicated.com\/produit\/tabouret-noir\/#breadcrumb","itemListElement":[{"@type":"ListItem","position":1,"name":"Accueil","item":"https:\/\/softicated.com\/"},{"@type":"ListItem","position":2,"name":"Produits Mobilier Premium Softicated","item":"https:\/\/softicated.com\/produits\/"},{"@type":"ListItem","position":3,"name":"Assise design","item":"https:\/\/softicated.com\/categorie-produit\/assises\/"},{"@type":"ListItem","position":4,"name":"Tabouret design","item":"https:\/\/softicated.com\/categorie-produit\/assises\/tabouret-design-softicated\/"},{"@type":"ListItem","position":5,"name":"Tabouret design noir Signet Ring"}]},{"@type":"WebSite","@id":"https:\/\/softicated.com\/#website","url":"https:\/\/softicated.com\/","name":"Softicated","description":"Designer of premium furniture, lighting and rugs","publisher":{"@id":"https:\/\/softicated.com\/#organization"},"potentialAction":[{"@type":"SearchAction","target":{"@type":"EntryPoint","urlTemplate":"https:\/\/softicated.com\/?s={search_term_string}"},"query-input":{"@type":"PropertyValueSpecification","valueRequired":true,"valueName":"search_term_string"}}],"inLanguage":"en-GB"},{"@type":"Organization","@id":"https:\/\/softicated.com\/#organization","name":"Softicated","url":"https:\/\/softicated.com\/","logo":{"@type":"ImageObject","inLanguage":"en-GB","@id":"https:\/\/softicated.com\/#\/schema\/logo\/image\/","url":"https:\/\/softicated.com\/wp-content\/uploads\/2025\/11\/logo-dark-2.svg","contentUrl":"https:\/\/softicated.com\/wp-content\/uploads\/2025\/11\/logo-dark-2.svg","caption":"Softicated"},"image":{"@id":"https:\/\/softicated.com\/#\/schema\/logo\/image\/"},"sameAs":["https:\/\/www.facebook.com\/Softicated","https:\/\/www.pinterest.com\/softicateddesign","https:\/\/www.instagram.com\/softicated.design"]}]}},"_links":{"self":[{"href":"https:\/\/softicated.com\/en\/wp-json\/wp\/v2\/product\/6583","targetHints":{"allow":["GET"]}}],"collection":[{"href":"https:\/\/softicated.com\/en\/wp-json\/wp\/v2\/product"}],"about":[{"href":"https:\/\/softicated.com\/en\/wp-json\/wp\/v2\/types\/product"}],"replies":[{"embeddable":true,"href":"https:\/\/softicated.com\/en\/wp-json\/wp\/v2\/comments?post=6583"}],"wp:featuredmedia":[{"embeddable":true,"href":"https:\/\/softicated.com\/en\/wp-json\/wp\/v2\/media\/13484"}],"wp:attachment":[{"href":"https:\/\/softicated.com\/en\/wp-json\/wp\/v2\/media?parent=6583"}],"wp:term":[{"taxonomy":"product_brand","embeddable":true,"href":"https:\/\/softicated.com\/en\/wp-json\/wp\/v2\/product_brand?post=6583"},{"taxonomy":"product_cat","embeddable":true,"href":"https:\/\/softicated.com\/en\/wp-json\/wp\/v2\/product_cat?post=6583"},{"taxonomy":"product_tag","embeddable":true,"href":"https:\/\/softicated.com\/en\/wp-json\/wp\/v2\/product_tag?post=6583"},{"taxonomy":"collections","embeddable":true,"href":"https:\/\/softicated.com\/en\/wp-json\/wp\/v2\/collections?post=6583"},{"taxonomy":"awards","embeddable":true,"href":"https:\/\/softicated.com\/en\/wp-json\/wp\/v2\/awards?post=6583"},{"taxonomy":"by_color","embeddable":true,"href":"https:\/\/softicated.com\/en\/wp-json\/wp\/v2\/by_color?post=6583"}],"curies":[{"name":"wp","href":"https:\/\/api.w.org\/{rel}","templated":true}]}}