{"id":6521,"date":"2022-08-24T16:30:29","date_gmt":"2022-08-24T14:30:29","guid":{"rendered":"https:\/\/softicated.com\/?post_type=product&#038;p=6521"},"modified":"2026-03-11T12:27:25","modified_gmt":"2026-03-11T11:27:25","slug":"head-in-stars","status":"publish","type":"product","link":"https:\/\/softicated.com\/en\/produit\/head-in-stars\/","title":{"rendered":"Table Lamp Design - Head in Stars Black"},"content":{"rendered":"<p>The silhouette of the Head in Stars table lamp, dark and elegant, evokes a rocket ready to launch from the night into infinity. The slim and stable aluminum base almost disappears into its black cloak, like a lunar ground supporting the ascent. Above, the frosted glass cylinder seems to emerge from the shadows, diffusing a soft, immaculate light like a solitary star in the vastness of the cosmos.<\/p>\n<p>The contrast is striking : the depth of black absorbs ambient light, while the gentle radiance of the glass tube reflects it back with grace and delicacy. The lamp thus becomes a poetic presence, a constant dialogue between darkness and brilliance.\nLike a lighthouse at night, its light spreads 360 degrees, guiding the gaze and soothing the atmosphere. The discreetly hidden LED source fades from view, leaving only the magic of a uniform halo, both enveloping and reassuring.<\/p>\n<p>Like a lighthouse at night, its light spreads 360 degrees, guiding the gaze and soothing the atmosphere. The discreetly hidden LED source fades from view, leaving only the magic of a uniform halo, both enveloping and reassuring.<\/p>\n<p>With its precise lines and three slender legs, this black lamp asserts a contemporary, almost sculptural character. It embodies the perfect balance of strength and lightness, rigor and poetry.<\/p>\n<p>Bringing the Head in Stars black into your space means choosing more than a lamp: it transforms the atmosphere, creates an elegant signature, and establishes a universe that is both intimate and poetic. A lamp that catches the eye, accompanies your moments, and deserves its place in your home.<\/p>\n<p>This lamp that looks like a rocket will not allow you to move in space but to illuminate your space.<\/p>","protected":false},"excerpt":{"rendered":"<p>La silhouette de la lampe de table Head in Stars, sombre et \u00e9l\u00e9gante \u00e9voque une fus\u00e9e pr\u00eate \u00e0 s\u2019\u00e9lancer depuis la nuit vers l\u2019infini. La base en aluminium, fine et stable dispara\u00eet presque dans son manteau noir, comme un sol lunaire qui soutient l\u2019\u00e9lan. Au-dessus, le cylindre de verre sabl\u00e9 semble se d\u00e9tacher de l\u2019ombre [&hellip;]<\/p>","protected":false},"featured_media":12482,"comment_status":"closed","ping_status":"closed","template":"","meta":{"_acf_changed":false},"product_brand":[],"product_cat":[168],"product_tag":[],"collections":[],"awards":[141,137],"by_color":[],"class_list":{"0":"post-6521","1":"product","2":"type-product","3":"status-publish","4":"has-post-thumbnail","6":"product_cat-lampe-de-table","7":"product_shipping_class-luminaire-head-in-stars","8":"awards-archiproducts-2022-longlisted-product","9":"awards-ida-design-bronze-winner-2022","11":"first","12":"instock","13":"shipping-taxable","14":"purchasable","15":"product-type-simple"},"acf":[],"yoast_head":"<!-- This site is optimized with the Yoast SEO Premium plugin v25.7.1 (Yoast SEO v26.9) - https:\/\/yoast.com\/product\/yoast-seo-premium-wordpress\/ -->\n<title>Lampe de table design - Head in Stars Noir - Softicated<\/title>\n<meta name=\"description\" content=\"L\u2019inspiration de cette lampe de table Head in Stars est double: la fus\u00e9e (de Tintin) pour la base et le phare maritime pour la partie \u00e9clairante.\" \/>\n<meta name=\"robots\" content=\"index, follow, max-snippet:-1, max-image-preview:large, max-video-preview:-1\" \/>\n<link rel=\"canonical\" href=\"https:\/\/softicated.com\/en\/produit\/head-in-stars\/\" \/>\n<meta property=\"og:locale\" content=\"en_GB\" \/>\n<meta property=\"og:type\" content=\"article\" \/>\n<meta property=\"og:title\" content=\"Lampe de table design - Head in Stars Noir\" \/>\n<meta property=\"og:description\" content=\"L\u2019inspiration de cette lampe de table Head in Stars est double: la fus\u00e9e (de Tintin) pour la base et le phare maritime pour la partie \u00e9clairante.\" \/>\n<meta property=\"og:url\" content=\"https:\/\/softicated.com\/en\/produit\/head-in-stars\/\" \/>\n<meta property=\"og:site_name\" content=\"Softicated\" \/>\n<meta property=\"article:publisher\" content=\"https:\/\/www.facebook.com\/Softicated\" \/>\n<meta property=\"article:modified_time\" content=\"2026-03-11T11:27:25+00:00\" \/>\n<meta property=\"og:image\" content=\"https:\/\/softicated.com\/wp-content\/uploads\/2022\/08\/Head_in_Stars_black_off_softicated.webp\" \/>\n\t<meta property=\"og:image:width\" content=\"1800\" \/>\n\t<meta property=\"og:image:height\" content=\"1300\" \/>\n\t<meta property=\"og:image:type\" content=\"image\/webp\" \/>\n<meta name=\"twitter:card\" content=\"summary_large_image\" \/>\n<script type=\"application\/ld+json\" class=\"yoast-schema-graph\">{\"@context\":\"https:\/\/schema.org\",\"@graph\":[{\"@type\":\"WebPage\",\"@id\":\"https:\/\/softicated.com\/produit\/head-in-stars\/\",\"url\":\"https:\/\/softicated.com\/produit\/head-in-stars\/\",\"name\":\"Lampe de table design - Head in Stars Noir - Softicated\",\"isPartOf\":{\"@id\":\"https:\/\/softicated.com\/#website\"},\"primaryImageOfPage\":{\"@id\":\"https:\/\/softicated.com\/produit\/head-in-stars\/#primaryimage\"},\"image\":{\"@id\":\"https:\/\/softicated.com\/produit\/head-in-stars\/#primaryimage\"},\"thumbnailUrl\":\"https:\/\/softicated.com\/wp-content\/uploads\/2022\/08\/Head_in_Stars_black_off_softicated.webp\",\"datePublished\":\"2022-08-24T14:30:29+00:00\",\"dateModified\":\"2026-03-11T11:27:25+00:00\",\"description\":\"L\u2019inspiration de cette lampe de table Head in Stars est double: la fus\u00e9e (de Tintin) pour la base et le phare maritime pour la partie \u00e9clairante.\",\"breadcrumb\":{\"@id\":\"https:\/\/softicated.com\/produit\/head-in-stars\/#breadcrumb\"},\"inLanguage\":\"en-GB\",\"potentialAction\":[{\"@type\":\"ReadAction\",\"target\":[\"https:\/\/softicated.com\/produit\/head-in-stars\/\"]}]},{\"@type\":\"ImageObject\",\"inLanguage\":\"en-GB\",\"@id\":\"https:\/\/softicated.com\/produit\/head-in-stars\/#primaryimage\",\"url\":\"https:\/\/softicated.com\/wp-content\/uploads\/2022\/08\/Head_in_Stars_black_off_softicated.webp\",\"contentUrl\":\"https:\/\/softicated.com\/wp-content\/uploads\/2022\/08\/Head_in_Stars_black_off_softicated.webp\",\"width\":1800,\"height\":1300,\"caption\":\"Head in Stars - Black 1\"},{\"@type\":\"BreadcrumbList\",\"@id\":\"https:\/\/softicated.com\/produit\/head-in-stars\/#breadcrumb\",\"itemListElement\":[{\"@type\":\"ListItem\",\"position\":1,\"name\":\"Accueil\",\"item\":\"https:\/\/softicated.com\/\"},{\"@type\":\"ListItem\",\"position\":2,\"name\":\"Produits Mobilier Premium Softicated\",\"item\":\"https:\/\/softicated.com\/produits\/\"},{\"@type\":\"ListItem\",\"position\":3,\"name\":\"Luminaire Design\",\"item\":\"https:\/\/softicated.com\/categorie-produit\/luminaire\/\"},{\"@type\":\"ListItem\",\"position\":4,\"name\":\"Lampe de table design\",\"item\":\"https:\/\/softicated.com\/categorie-produit\/luminaire\/lampe-de-table\/\"},{\"@type\":\"ListItem\",\"position\":5,\"name\":\"Head in Stars Noir\"}]},{\"@type\":\"WebSite\",\"@id\":\"https:\/\/softicated.com\/#website\",\"url\":\"https:\/\/softicated.com\/\",\"name\":\"Softicated\",\"description\":\"Cr\u00e9ateur de meubles, luminaires et tapis premium\",\"publisher\":{\"@id\":\"https:\/\/softicated.com\/#organization\"},\"potentialAction\":[{\"@type\":\"SearchAction\",\"target\":{\"@type\":\"EntryPoint\",\"urlTemplate\":\"https:\/\/softicated.com\/?s={search_term_string}\"},\"query-input\":{\"@type\":\"PropertyValueSpecification\",\"valueRequired\":true,\"valueName\":\"search_term_string\"}}],\"inLanguage\":\"en-GB\"},{\"@type\":\"Organization\",\"@id\":\"https:\/\/softicated.com\/#organization\",\"name\":\"Softicated\",\"url\":\"https:\/\/softicated.com\/\",\"logo\":{\"@type\":\"ImageObject\",\"inLanguage\":\"en-GB\",\"@id\":\"https:\/\/softicated.com\/#\/schema\/logo\/image\/\",\"url\":\"https:\/\/softicated.com\/wp-content\/uploads\/2025\/11\/logo-dark-2.svg\",\"contentUrl\":\"https:\/\/softicated.com\/wp-content\/uploads\/2025\/11\/logo-dark-2.svg\",\"caption\":\"Softicated\"},\"image\":{\"@id\":\"https:\/\/softicated.com\/#\/schema\/logo\/image\/\"},\"sameAs\":[\"https:\/\/www.facebook.com\/Softicated\",\"https:\/\/www.pinterest.com\/softicateddesign\",\"https:\/\/www.instagram.com\/softicated.design\"]}]}<\/script>\n<!-- \/ Yoast SEO Premium plugin. -->","yoast_head_json":{"title":"Table lamp design - Head in Stars Black - Softicated","description":"The inspiration for this Head in Stars table lamp is twofold: the rocket (from Tintin) for the base and the maritime lighthouse for the illuminating part.","robots":{"index":"index","follow":"follow","max-snippet":"max-snippet:-1","max-image-preview":"max-image-preview:large","max-video-preview":"max-video-preview:-1"},"canonical":"https:\/\/softicated.com\/en\/produit\/head-in-stars\/","og_locale":"en_GB","og_type":"article","og_title":"Lampe de table design - Head in Stars Noir","og_description":"L\u2019inspiration de cette lampe de table Head in Stars est double: la fus\u00e9e (de Tintin) pour la base et le phare maritime pour la partie \u00e9clairante.","og_url":"https:\/\/softicated.com\/en\/produit\/head-in-stars\/","og_site_name":"Softicated","article_publisher":"https:\/\/www.facebook.com\/Softicated","article_modified_time":"2026-03-11T11:27:25+00:00","og_image":[{"width":1800,"height":1300,"url":"https:\/\/softicated.com\/wp-content\/uploads\/2022\/08\/Head_in_Stars_black_off_softicated.webp","type":"image\/webp"}],"twitter_card":"summary_large_image","schema":{"@context":"https:\/\/schema.org","@graph":[{"@type":"WebPage","@id":"https:\/\/softicated.com\/produit\/head-in-stars\/","url":"https:\/\/softicated.com\/produit\/head-in-stars\/","name":"Table lamp design - Head in Stars Black - Softicated","isPartOf":{"@id":"https:\/\/softicated.com\/#website"},"primaryImageOfPage":{"@id":"https:\/\/softicated.com\/produit\/head-in-stars\/#primaryimage"},"image":{"@id":"https:\/\/softicated.com\/produit\/head-in-stars\/#primaryimage"},"thumbnailUrl":"https:\/\/softicated.com\/wp-content\/uploads\/2022\/08\/Head_in_Stars_black_off_softicated.webp","datePublished":"2022-08-24T14:30:29+00:00","dateModified":"2026-03-11T11:27:25+00:00","description":"The inspiration for this Head in Stars table lamp is twofold: the rocket (from Tintin) for the base and the maritime lighthouse for the illuminating part.","breadcrumb":{"@id":"https:\/\/softicated.com\/produit\/head-in-stars\/#breadcrumb"},"inLanguage":"en-GB","potentialAction":[{"@type":"ReadAction","target":["https:\/\/softicated.com\/produit\/head-in-stars\/"]}]},{"@type":"ImageObject","inLanguage":"en-GB","@id":"https:\/\/softicated.com\/produit\/head-in-stars\/#primaryimage","url":"https:\/\/softicated.com\/wp-content\/uploads\/2022\/08\/Head_in_Stars_black_off_softicated.webp","contentUrl":"https:\/\/softicated.com\/wp-content\/uploads\/2022\/08\/Head_in_Stars_black_off_softicated.webp","width":1800,"height":1300,"caption":"Head in Stars - Black 1"},{"@type":"BreadcrumbList","@id":"https:\/\/softicated.com\/produit\/head-in-stars\/#breadcrumb","itemListElement":[{"@type":"ListItem","position":1,"name":"Accueil","item":"https:\/\/softicated.com\/"},{"@type":"ListItem","position":2,"name":"Produits Mobilier Premium Softicated","item":"https:\/\/softicated.com\/produits\/"},{"@type":"ListItem","position":3,"name":"Luminaire Design","item":"https:\/\/softicated.com\/categorie-produit\/luminaire\/"},{"@type":"ListItem","position":4,"name":"Lampe de table design","item":"https:\/\/softicated.com\/categorie-produit\/luminaire\/lampe-de-table\/"},{"@type":"ListItem","position":5,"name":"Head in Stars Noir"}]},{"@type":"WebSite","@id":"https:\/\/softicated.com\/#website","url":"https:\/\/softicated.com\/","name":"Softicated","description":"Designer of premium furniture, lighting and rugs","publisher":{"@id":"https:\/\/softicated.com\/#organization"},"potentialAction":[{"@type":"SearchAction","target":{"@type":"EntryPoint","urlTemplate":"https:\/\/softicated.com\/?s={search_term_string}"},"query-input":{"@type":"PropertyValueSpecification","valueRequired":true,"valueName":"search_term_string"}}],"inLanguage":"en-GB"},{"@type":"Organization","@id":"https:\/\/softicated.com\/#organization","name":"Softicated","url":"https:\/\/softicated.com\/","logo":{"@type":"ImageObject","inLanguage":"en-GB","@id":"https:\/\/softicated.com\/#\/schema\/logo\/image\/","url":"https:\/\/softicated.com\/wp-content\/uploads\/2025\/11\/logo-dark-2.svg","contentUrl":"https:\/\/softicated.com\/wp-content\/uploads\/2025\/11\/logo-dark-2.svg","caption":"Softicated"},"image":{"@id":"https:\/\/softicated.com\/#\/schema\/logo\/image\/"},"sameAs":["https:\/\/www.facebook.com\/Softicated","https:\/\/www.pinterest.com\/softicateddesign","https:\/\/www.instagram.com\/softicated.design"]}]}},"_links":{"self":[{"href":"https:\/\/softicated.com\/en\/wp-json\/wp\/v2\/product\/6521","targetHints":{"allow":["GET"]}}],"collection":[{"href":"https:\/\/softicated.com\/en\/wp-json\/wp\/v2\/product"}],"about":[{"href":"https:\/\/softicated.com\/en\/wp-json\/wp\/v2\/types\/product"}],"replies":[{"embeddable":true,"href":"https:\/\/softicated.com\/en\/wp-json\/wp\/v2\/comments?post=6521"}],"wp:featuredmedia":[{"embeddable":true,"href":"https:\/\/softicated.com\/en\/wp-json\/wp\/v2\/media\/12482"}],"wp:attachment":[{"href":"https:\/\/softicated.com\/en\/wp-json\/wp\/v2\/media?parent=6521"}],"wp:term":[{"taxonomy":"product_brand","embeddable":true,"href":"https:\/\/softicated.com\/en\/wp-json\/wp\/v2\/product_brand?post=6521"},{"taxonomy":"product_cat","embeddable":true,"href":"https:\/\/softicated.com\/en\/wp-json\/wp\/v2\/product_cat?post=6521"},{"taxonomy":"product_tag","embeddable":true,"href":"https:\/\/softicated.com\/en\/wp-json\/wp\/v2\/product_tag?post=6521"},{"taxonomy":"collections","embeddable":true,"href":"https:\/\/softicated.com\/en\/wp-json\/wp\/v2\/collections?post=6521"},{"taxonomy":"awards","embeddable":true,"href":"https:\/\/softicated.com\/en\/wp-json\/wp\/v2\/awards?post=6521"},{"taxonomy":"by_color","embeddable":true,"href":"https:\/\/softicated.com\/en\/wp-json\/wp\/v2\/by_color?post=6521"}],"curies":[{"name":"wp","href":"https:\/\/api.w.org\/{rel}","templated":true}]}}