{"id":6451,"date":"2022-06-01T22:38:44","date_gmt":"2022-06-01T20:38:44","guid":{"rendered":"https:\/\/softicated.com\/?post_type=product&#038;p=6451"},"modified":"2026-03-16T06:25:14","modified_gmt":"2026-03-16T05:25:14","slug":"tapis-scenery","status":"publish","type":"product","link":"https:\/\/softicated.com\/en\/produit\/tapis-scenery\/","title":{"rendered":"Rug Scenery"},"content":{"rendered":"<p>The unique \u201cScenery\u201d rug merges the elegance of a sophisticated palette with the visual richness of a design inspired by lush nature. Its soft, luminous beige background serves as a canvas for a composition subtly animated by deep hues: gold, bronze and dark gray. Together, these colors strike a perfect balance between warmth, refinement and character imparting a sense of comfort while asserting a strong decorative personality.<\/p>\n<p>The pattern, inspired by tropical flora reimagines monstera and banana leaves in a stylized, elegant form. Suspended from their stems, these leaves appear to float on the rug evoking nature in all its richness and grace. Integrated stripes rhythmically traverse the design, creating a graphic contrast that modernizes the ensemble without diminishing its softness.<\/p>\n<p>Touches of gold illuminate the pattern, bronze adds organic depth and dark gray discreetly structures the forms with intensity. These shades, perfectly highlighted by the beige background create an ambiance that is both soothing and luxurious ideal for interiors that are contemporary yet timeless.<\/p>\n<p>Made of wool and botanical silk, the \u201cScenery\u201d rug captivates with its texture and subtle sheen. It finds its place in an elegant living room, a bedroom or a refined office where it becomes a centerpiece. More than just a rug, it is a true textile artwork that blends natural inspiration with modern sophistication.<\/p>\n<p>Transform your interior with the \u201cScenery\u201d rug where lush nature and modern elegance meet in perfect harmony. Let its rich hues and textile refinement enchant you creating a space that is both calming, warm and sophisticated.<\/p>\n<p><em>Delivery includes curbside delivery. For a white gloves delivery &amp; installation service, <span style=\"text-decoration: underline;\"><a href=\"https:\/\/softicated.com\/en\/contact\/\">contact us<\/a><\/span>.<\/em><\/p>","protected":false},"excerpt":{"rendered":"<p>Le tapis \u201cScenery\u201d unique fusionne l\u2019\u00e9l\u00e9gance d\u2019une palette sophistiqu\u00e9e et la richesse visuelle d\u2019un motif inspir\u00e9 de la nature luxuriante. Son fond beige, doux et lumineux sert de toile de fond \u00e0 une composition subtilement anim\u00e9e par des teintes profondes: le dor\u00e9, le bronze et le gris fonc\u00e9. Ensemble, ces couleurs cr\u00e9ent un \u00e9quilibre parfait [&hellip;]<\/p>","protected":false},"featured_media":15188,"comment_status":"closed","ping_status":"closed","template":"","meta":{"_acf_changed":false},"product_brand":[],"product_cat":[300,299,27],"product_tag":[],"collections":[37],"awards":[],"by_color":[339],"class_list":{"0":"post-6451","1":"product","2":"type-product","3":"status-publish","4":"has-post-thumbnail","6":"product_cat-tapis-a-motifs","7":"product_cat-tapis-multicolores","8":"product_cat-rugs","9":"product_shipping_class-tapis","10":"collections-tinged-leaves","11":"by_color-dore-jaune","13":"first","14":"instock","15":"shipping-taxable","16":"purchasable","17":"product-type-variable"},"acf":[],"yoast_head":"<!-- This site is optimized with the Yoast SEO Premium plugin v25.7.1 (Yoast SEO v26.9) - https:\/\/yoast.com\/product\/yoast-seo-premium-wordpress\/ -->\n<title>Tapis Scenery - Softicated<\/title>\n<meta name=\"description\" content=\"Le tapis &quot;Scenery&quot; unique fusionne l\u2019\u00e9l\u00e9gance d\u2019une palette sophistiqu\u00e9e et la richesse visuelle d\u2019un motif inspir\u00e9 de la nature luxuriante.\" \/>\n<meta name=\"robots\" content=\"index, follow, max-snippet:-1, max-image-preview:large, max-video-preview:-1\" \/>\n<link rel=\"canonical\" href=\"https:\/\/softicated.com\/en\/produit\/tapis-scenery\/\" \/>\n<meta property=\"og:locale\" content=\"en_GB\" \/>\n<meta property=\"og:type\" content=\"article\" \/>\n<meta property=\"og:title\" content=\"Tapis Scenery\" \/>\n<meta property=\"og:description\" content=\"Le tapis &quot;Scenery&quot; unique fusionne l\u2019\u00e9l\u00e9gance d\u2019une palette sophistiqu\u00e9e et la richesse visuelle d\u2019un motif inspir\u00e9 de la nature luxuriante.\" \/>\n<meta property=\"og:url\" content=\"https:\/\/softicated.com\/en\/produit\/tapis-scenery\/\" \/>\n<meta property=\"og:site_name\" content=\"Softicated\" \/>\n<meta property=\"article:publisher\" content=\"https:\/\/www.facebook.com\/Softicated\" \/>\n<meta property=\"article:modified_time\" content=\"2026-03-16T05:25:14+00:00\" \/>\n<meta property=\"og:image\" content=\"https:\/\/softicated.com\/wp-content\/uploads\/2022\/06\/scenery.png\" \/>\n\t<meta property=\"og:image:width\" content=\"188\" \/>\n\t<meta property=\"og:image:height\" content=\"260\" \/>\n\t<meta property=\"og:image:type\" content=\"image\/png\" \/>\n<meta name=\"twitter:card\" content=\"summary_large_image\" \/>\n<script type=\"application\/ld+json\" class=\"yoast-schema-graph\">{\"@context\":\"https:\/\/schema.org\",\"@graph\":[{\"@type\":\"WebPage\",\"@id\":\"https:\/\/softicated.com\/produit\/tapis-scenery\/\",\"url\":\"https:\/\/softicated.com\/produit\/tapis-scenery\/\",\"name\":\"Tapis Scenery - Softicated\",\"isPartOf\":{\"@id\":\"https:\/\/softicated.com\/#website\"},\"primaryImageOfPage\":{\"@id\":\"https:\/\/softicated.com\/produit\/tapis-scenery\/#primaryimage\"},\"image\":{\"@id\":\"https:\/\/softicated.com\/produit\/tapis-scenery\/#primaryimage\"},\"thumbnailUrl\":\"https:\/\/softicated.com\/wp-content\/uploads\/2022\/06\/scenery.png\",\"datePublished\":\"2022-06-01T20:38:44+00:00\",\"dateModified\":\"2026-03-16T05:25:14+00:00\",\"description\":\"Le tapis \\\"Scenery\\\" unique fusionne l\u2019\u00e9l\u00e9gance d\u2019une palette sophistiqu\u00e9e et la richesse visuelle d\u2019un motif inspir\u00e9 de la nature luxuriante.\",\"breadcrumb\":{\"@id\":\"https:\/\/softicated.com\/produit\/tapis-scenery\/#breadcrumb\"},\"inLanguage\":\"en-GB\",\"potentialAction\":[{\"@type\":\"ReadAction\",\"target\":[\"https:\/\/softicated.com\/produit\/tapis-scenery\/\"]}]},{\"@type\":\"ImageObject\",\"inLanguage\":\"en-GB\",\"@id\":\"https:\/\/softicated.com\/produit\/tapis-scenery\/#primaryimage\",\"url\":\"https:\/\/softicated.com\/wp-content\/uploads\/2022\/06\/scenery.png\",\"contentUrl\":\"https:\/\/softicated.com\/wp-content\/uploads\/2022\/06\/scenery.png\",\"width\":188,\"height\":260,\"caption\":\"scenery\"},{\"@type\":\"BreadcrumbList\",\"@id\":\"https:\/\/softicated.com\/produit\/tapis-scenery\/#breadcrumb\",\"itemListElement\":[{\"@type\":\"ListItem\",\"position\":1,\"name\":\"Accueil\",\"item\":\"https:\/\/softicated.com\/\"},{\"@type\":\"ListItem\",\"position\":2,\"name\":\"Produits Mobilier Premium Softicated\",\"item\":\"https:\/\/softicated.com\/produits\/\"},{\"@type\":\"ListItem\",\"position\":3,\"name\":\"Tapis \u00e0 motifs\",\"item\":\"https:\/\/softicated.com\/categorie-produit\/tapis-a-motifs\/\"},{\"@type\":\"ListItem\",\"position\":4,\"name\":\"Tapis design sur mesure\"}]},{\"@type\":\"WebSite\",\"@id\":\"https:\/\/softicated.com\/#website\",\"url\":\"https:\/\/softicated.com\/\",\"name\":\"Softicated\",\"description\":\"Cr\u00e9ateur de meubles, luminaires et tapis premium\",\"publisher\":{\"@id\":\"https:\/\/softicated.com\/#organization\"},\"potentialAction\":[{\"@type\":\"SearchAction\",\"target\":{\"@type\":\"EntryPoint\",\"urlTemplate\":\"https:\/\/softicated.com\/?s={search_term_string}\"},\"query-input\":{\"@type\":\"PropertyValueSpecification\",\"valueRequired\":true,\"valueName\":\"search_term_string\"}}],\"inLanguage\":\"en-GB\"},{\"@type\":\"Organization\",\"@id\":\"https:\/\/softicated.com\/#organization\",\"name\":\"Softicated\",\"url\":\"https:\/\/softicated.com\/\",\"logo\":{\"@type\":\"ImageObject\",\"inLanguage\":\"en-GB\",\"@id\":\"https:\/\/softicated.com\/#\/schema\/logo\/image\/\",\"url\":\"https:\/\/softicated.com\/wp-content\/uploads\/2025\/11\/logo-dark-2.svg\",\"contentUrl\":\"https:\/\/softicated.com\/wp-content\/uploads\/2025\/11\/logo-dark-2.svg\",\"caption\":\"Softicated\"},\"image\":{\"@id\":\"https:\/\/softicated.com\/#\/schema\/logo\/image\/\"},\"sameAs\":[\"https:\/\/www.facebook.com\/Softicated\",\"https:\/\/www.pinterest.com\/softicateddesign\",\"https:\/\/www.instagram.com\/softicated.design\"]}]}<\/script>\n<!-- \/ Yoast SEO Premium plugin. -->","yoast_head_json":{"title":"Rug Scenery - Softicated","description":"Le tapis \"Scenery\" unique fusionne l\u2019\u00e9l\u00e9gance d\u2019une palette sophistiqu\u00e9e et la richesse visuelle d\u2019un motif inspir\u00e9 de la nature luxuriante.","robots":{"index":"index","follow":"follow","max-snippet":"max-snippet:-1","max-image-preview":"max-image-preview:large","max-video-preview":"max-video-preview:-1"},"canonical":"https:\/\/softicated.com\/en\/produit\/tapis-scenery\/","og_locale":"en_GB","og_type":"article","og_title":"Tapis Scenery","og_description":"Le tapis \"Scenery\" unique fusionne l\u2019\u00e9l\u00e9gance d\u2019une palette sophistiqu\u00e9e et la richesse visuelle d\u2019un motif inspir\u00e9 de la nature luxuriante.","og_url":"https:\/\/softicated.com\/en\/produit\/tapis-scenery\/","og_site_name":"Softicated","article_publisher":"https:\/\/www.facebook.com\/Softicated","article_modified_time":"2026-03-16T05:25:14+00:00","og_image":[{"width":188,"height":260,"url":"https:\/\/softicated.com\/wp-content\/uploads\/2022\/06\/scenery.png","type":"image\/png"}],"twitter_card":"summary_large_image","schema":{"@context":"https:\/\/schema.org","@graph":[{"@type":"WebPage","@id":"https:\/\/softicated.com\/produit\/tapis-scenery\/","url":"https:\/\/softicated.com\/produit\/tapis-scenery\/","name":"Rug Scenery - Softicated","isPartOf":{"@id":"https:\/\/softicated.com\/#website"},"primaryImageOfPage":{"@id":"https:\/\/softicated.com\/produit\/tapis-scenery\/#primaryimage"},"image":{"@id":"https:\/\/softicated.com\/produit\/tapis-scenery\/#primaryimage"},"thumbnailUrl":"https:\/\/softicated.com\/wp-content\/uploads\/2022\/06\/scenery.png","datePublished":"2022-06-01T20:38:44+00:00","dateModified":"2026-03-16T05:25:14+00:00","description":"Le tapis \"Scenery\" unique fusionne l\u2019\u00e9l\u00e9gance d\u2019une palette sophistiqu\u00e9e et la richesse visuelle d\u2019un motif inspir\u00e9 de la nature luxuriante.","breadcrumb":{"@id":"https:\/\/softicated.com\/produit\/tapis-scenery\/#breadcrumb"},"inLanguage":"en-GB","potentialAction":[{"@type":"ReadAction","target":["https:\/\/softicated.com\/produit\/tapis-scenery\/"]}]},{"@type":"ImageObject","inLanguage":"en-GB","@id":"https:\/\/softicated.com\/produit\/tapis-scenery\/#primaryimage","url":"https:\/\/softicated.com\/wp-content\/uploads\/2022\/06\/scenery.png","contentUrl":"https:\/\/softicated.com\/wp-content\/uploads\/2022\/06\/scenery.png","width":188,"height":260,"caption":"scenery"},{"@type":"BreadcrumbList","@id":"https:\/\/softicated.com\/produit\/tapis-scenery\/#breadcrumb","itemListElement":[{"@type":"ListItem","position":1,"name":"Accueil","item":"https:\/\/softicated.com\/"},{"@type":"ListItem","position":2,"name":"Produits Mobilier Premium Softicated","item":"https:\/\/softicated.com\/produits\/"},{"@type":"ListItem","position":3,"name":"Tapis \u00e0 motifs","item":"https:\/\/softicated.com\/categorie-produit\/tapis-a-motifs\/"},{"@type":"ListItem","position":4,"name":"Tapis design sur mesure"}]},{"@type":"WebSite","@id":"https:\/\/softicated.com\/#website","url":"https:\/\/softicated.com\/","name":"Softicated","description":"Designer of premium furniture, lighting and rugs","publisher":{"@id":"https:\/\/softicated.com\/#organization"},"potentialAction":[{"@type":"SearchAction","target":{"@type":"EntryPoint","urlTemplate":"https:\/\/softicated.com\/?s={search_term_string}"},"query-input":{"@type":"PropertyValueSpecification","valueRequired":true,"valueName":"search_term_string"}}],"inLanguage":"en-GB"},{"@type":"Organization","@id":"https:\/\/softicated.com\/#organization","name":"Softicated","url":"https:\/\/softicated.com\/","logo":{"@type":"ImageObject","inLanguage":"en-GB","@id":"https:\/\/softicated.com\/#\/schema\/logo\/image\/","url":"https:\/\/softicated.com\/wp-content\/uploads\/2025\/11\/logo-dark-2.svg","contentUrl":"https:\/\/softicated.com\/wp-content\/uploads\/2025\/11\/logo-dark-2.svg","caption":"Softicated"},"image":{"@id":"https:\/\/softicated.com\/#\/schema\/logo\/image\/"},"sameAs":["https:\/\/www.facebook.com\/Softicated","https:\/\/www.pinterest.com\/softicateddesign","https:\/\/www.instagram.com\/softicated.design"]}]}},"_links":{"self":[{"href":"https:\/\/softicated.com\/en\/wp-json\/wp\/v2\/product\/6451","targetHints":{"allow":["GET"]}}],"collection":[{"href":"https:\/\/softicated.com\/en\/wp-json\/wp\/v2\/product"}],"about":[{"href":"https:\/\/softicated.com\/en\/wp-json\/wp\/v2\/types\/product"}],"replies":[{"embeddable":true,"href":"https:\/\/softicated.com\/en\/wp-json\/wp\/v2\/comments?post=6451"}],"wp:featuredmedia":[{"embeddable":true,"href":"https:\/\/softicated.com\/en\/wp-json\/wp\/v2\/media\/15188"}],"wp:attachment":[{"href":"https:\/\/softicated.com\/en\/wp-json\/wp\/v2\/media?parent=6451"}],"wp:term":[{"taxonomy":"product_brand","embeddable":true,"href":"https:\/\/softicated.com\/en\/wp-json\/wp\/v2\/product_brand?post=6451"},{"taxonomy":"product_cat","embeddable":true,"href":"https:\/\/softicated.com\/en\/wp-json\/wp\/v2\/product_cat?post=6451"},{"taxonomy":"product_tag","embeddable":true,"href":"https:\/\/softicated.com\/en\/wp-json\/wp\/v2\/product_tag?post=6451"},{"taxonomy":"collections","embeddable":true,"href":"https:\/\/softicated.com\/en\/wp-json\/wp\/v2\/collections?post=6451"},{"taxonomy":"awards","embeddable":true,"href":"https:\/\/softicated.com\/en\/wp-json\/wp\/v2\/awards?post=6451"},{"taxonomy":"by_color","embeddable":true,"href":"https:\/\/softicated.com\/en\/wp-json\/wp\/v2\/by_color?post=6451"}],"curies":[{"name":"wp","href":"https:\/\/api.w.org\/{rel}","templated":true}]}}