{"id":6446,"date":"2022-06-01T22:33:10","date_gmt":"2022-06-01T20:33:10","guid":{"rendered":"https:\/\/softicated.com\/?post_type=product&#038;p=6446"},"modified":"2026-03-16T06:25:24","modified_gmt":"2026-03-16T05:25:24","slug":"tapis-design-sur-mesure-lush-softicated","status":"publish","type":"product","link":"https:\/\/softicated.com\/en\/produit\/tapis-design-sur-mesure-lush-softicated\/","title":{"rendered":"Rug Lush"},"content":{"rendered":"<p>The \u201cLush\u201d rug is an ode to abundant nature and the expressiveness of deep hues. Its rich brown background evokes the fertile soil of tropical forests serving as a warm base for a vibrant composition interweaving red, purple and amber tones. These carefully selected colors infuse vitality, mystery, and light into the design creating a sophisticated harmony.<\/p>\n<p>The pattern draws inspiration from exotic foliage like stylized banana and monstera leaves, depicted as large leaves suspended from their stems. These decorative and poetic organic forms elegantly integrate into a graphic structure where fine stripes add dynamism to the composition. Red enlivens the motif with boldness, purple introduces depth, and amber brings a golden, diffuse warmth.<\/p>\n<p>Made of wool and botanical silk, the \u201cLush\u201d rug offers a soft texture, subtle sheen and remarkable durability. Natural fibers enhance the richness of the colors while providing a unique sensory comfort. Every detail of the pattern is accentuated by the fine weaving, creating a true textile artwork.<\/p>\n<p>The \u201cLush\u201d rug finds its place in convivial living rooms, characterful bedrooms or inspiring workspaces transforming the ambiance by adding an exotic, artistic and warm touch. More than just a decorative object, it embodies a connection between nature, craftsmanship and modernity enriching any interior with a presence that is both strong and soothing.<\/p>\n<p>Invite tropical nature and the power of colors into your interior with the \u201cLush\u201d rug.<\/p>\n<p><em>Delivery includes curbside delivery. For a white gloves delivery &amp; installation service, <span style=\"text-decoration: underline;\"><a href=\"https:\/\/softicated.com\/en\/contact\/\">contact us<\/a><\/span>.<\/em><\/p>","protected":false},"excerpt":{"rendered":"<p>Le tapis color\u00e9 \u201cLush\u201d est une ode \u00e0 la nature luxuriante et \u00e0 l\u2019expressivit\u00e9 des teintes profondes. Son fond marron, riche et enveloppant \u00e9voque la terre fertile des for\u00eats tropicales servant de base chaleureuse \u00e0 une composition vibrante o\u00f9 s\u2019entrelacent le rouge, le violet et l\u2019ambr\u00e9. Ces couleurs soigneusement choisies insufflent vitalit\u00e9, myst\u00e8re et lumi\u00e8re [&hellip;]<\/p>","protected":false},"featured_media":15192,"comment_status":"closed","ping_status":"closed","template":"","meta":{"_acf_changed":false},"product_brand":[],"product_cat":[300,299,27],"product_tag":[],"collections":[37],"awards":[],"by_color":[333],"class_list":{"0":"post-6446","1":"product","2":"type-product","3":"status-publish","4":"has-post-thumbnail","6":"product_cat-tapis-a-motifs","7":"product_cat-tapis-multicolores","8":"product_cat-rugs","9":"product_shipping_class-tapis","10":"collections-tinged-leaves","11":"by_color-aubergine","13":"first","14":"instock","15":"shipping-taxable","16":"purchasable","17":"product-type-variable"},"acf":[],"yoast_head":"<!-- This site is optimized with the Yoast SEO Premium plugin v25.7.1 (Yoast SEO v26.9) - https:\/\/yoast.com\/product\/yoast-seo-premium-wordpress\/ -->\n<title>Tapis Lush - Softicated<\/title>\n<meta name=\"description\" content=\"Le tapis color\u00e9 \u201cLush\u201d de la collection Tinged Leaves est une ode \u00e0 la nature luxuriante et \u00e0 l\u2019expressivit\u00e9 des teintes profondes.\" \/>\n<meta name=\"robots\" content=\"index, follow, max-snippet:-1, max-image-preview:large, max-video-preview:-1\" \/>\n<link rel=\"canonical\" href=\"https:\/\/softicated.com\/en\/produit\/tapis-design-sur-mesure-lush-softicated\/\" \/>\n<meta property=\"og:locale\" content=\"en_GB\" \/>\n<meta property=\"og:type\" content=\"article\" \/>\n<meta property=\"og:title\" content=\"Tapis Lush\" \/>\n<meta property=\"og:description\" content=\"Le tapis color\u00e9 \u201cLush\u201d de la collection Tinged Leaves est une ode \u00e0 la nature luxuriante et \u00e0 l\u2019expressivit\u00e9 des teintes profondes.\" \/>\n<meta property=\"og:url\" content=\"https:\/\/softicated.com\/en\/produit\/tapis-design-sur-mesure-lush-softicated\/\" \/>\n<meta property=\"og:site_name\" content=\"Softicated\" \/>\n<meta property=\"article:publisher\" content=\"https:\/\/www.facebook.com\/Softicated\" \/>\n<meta property=\"article:modified_time\" content=\"2026-03-16T05:25:24+00:00\" \/>\n<meta property=\"og:image\" content=\"https:\/\/softicated.com\/wp-content\/uploads\/2022\/06\/Lush-resize.png\" \/>\n\t<meta property=\"og:image:width\" content=\"191\" \/>\n\t<meta property=\"og:image:height\" content=\"260\" \/>\n\t<meta property=\"og:image:type\" content=\"image\/png\" \/>\n<meta name=\"twitter:card\" content=\"summary_large_image\" \/>\n<script type=\"application\/ld+json\" class=\"yoast-schema-graph\">{\"@context\":\"https:\/\/schema.org\",\"@graph\":[{\"@type\":\"WebPage\",\"@id\":\"https:\/\/softicated.com\/produit\/tapis-design-sur-mesure-lush-softicated\/\",\"url\":\"https:\/\/softicated.com\/produit\/tapis-design-sur-mesure-lush-softicated\/\",\"name\":\"Tapis Lush - Softicated\",\"isPartOf\":{\"@id\":\"https:\/\/softicated.com\/#website\"},\"primaryImageOfPage\":{\"@id\":\"https:\/\/softicated.com\/produit\/tapis-design-sur-mesure-lush-softicated\/#primaryimage\"},\"image\":{\"@id\":\"https:\/\/softicated.com\/produit\/tapis-design-sur-mesure-lush-softicated\/#primaryimage\"},\"thumbnailUrl\":\"https:\/\/softicated.com\/wp-content\/uploads\/2022\/06\/Lush-resize.png\",\"datePublished\":\"2022-06-01T20:33:10+00:00\",\"dateModified\":\"2026-03-16T05:25:24+00:00\",\"description\":\"Le tapis color\u00e9 \u201cLush\u201d de la collection Tinged Leaves est une ode \u00e0 la nature luxuriante et \u00e0 l\u2019expressivit\u00e9 des teintes profondes.\",\"breadcrumb\":{\"@id\":\"https:\/\/softicated.com\/produit\/tapis-design-sur-mesure-lush-softicated\/#breadcrumb\"},\"inLanguage\":\"en-GB\",\"potentialAction\":[{\"@type\":\"ReadAction\",\"target\":[\"https:\/\/softicated.com\/produit\/tapis-design-sur-mesure-lush-softicated\/\"]}]},{\"@type\":\"ImageObject\",\"inLanguage\":\"en-GB\",\"@id\":\"https:\/\/softicated.com\/produit\/tapis-design-sur-mesure-lush-softicated\/#primaryimage\",\"url\":\"https:\/\/softicated.com\/wp-content\/uploads\/2022\/06\/Lush-resize.png\",\"contentUrl\":\"https:\/\/softicated.com\/wp-content\/uploads\/2022\/06\/Lush-resize.png\",\"width\":191,\"height\":260,\"caption\":\"Lush-resize\"},{\"@type\":\"BreadcrumbList\",\"@id\":\"https:\/\/softicated.com\/produit\/tapis-design-sur-mesure-lush-softicated\/#breadcrumb\",\"itemListElement\":[{\"@type\":\"ListItem\",\"position\":1,\"name\":\"Accueil\",\"item\":\"https:\/\/softicated.com\/\"},{\"@type\":\"ListItem\",\"position\":2,\"name\":\"Produits Mobilier Premium Softicated\",\"item\":\"https:\/\/softicated.com\/produits\/\"},{\"@type\":\"ListItem\",\"position\":3,\"name\":\"Tapis \u00e0 motifs\",\"item\":\"https:\/\/softicated.com\/categorie-produit\/tapis-a-motifs\/\"},{\"@type\":\"ListItem\",\"position\":4,\"name\":\"Tapis design sur mesure\"}]},{\"@type\":\"WebSite\",\"@id\":\"https:\/\/softicated.com\/#website\",\"url\":\"https:\/\/softicated.com\/\",\"name\":\"Softicated\",\"description\":\"Cr\u00e9ateur de meubles, luminaires et tapis premium\",\"publisher\":{\"@id\":\"https:\/\/softicated.com\/#organization\"},\"potentialAction\":[{\"@type\":\"SearchAction\",\"target\":{\"@type\":\"EntryPoint\",\"urlTemplate\":\"https:\/\/softicated.com\/?s={search_term_string}\"},\"query-input\":{\"@type\":\"PropertyValueSpecification\",\"valueRequired\":true,\"valueName\":\"search_term_string\"}}],\"inLanguage\":\"en-GB\"},{\"@type\":\"Organization\",\"@id\":\"https:\/\/softicated.com\/#organization\",\"name\":\"Softicated\",\"url\":\"https:\/\/softicated.com\/\",\"logo\":{\"@type\":\"ImageObject\",\"inLanguage\":\"en-GB\",\"@id\":\"https:\/\/softicated.com\/#\/schema\/logo\/image\/\",\"url\":\"https:\/\/softicated.com\/wp-content\/uploads\/2025\/11\/logo-dark-2.svg\",\"contentUrl\":\"https:\/\/softicated.com\/wp-content\/uploads\/2025\/11\/logo-dark-2.svg\",\"caption\":\"Softicated\"},\"image\":{\"@id\":\"https:\/\/softicated.com\/#\/schema\/logo\/image\/\"},\"sameAs\":[\"https:\/\/www.facebook.com\/Softicated\",\"https:\/\/www.pinterest.com\/softicateddesign\",\"https:\/\/www.instagram.com\/softicated.design\"]}]}<\/script>\n<!-- \/ Yoast SEO Premium plugin. -->","yoast_head_json":{"title":"Rug Lush - Softicated","description":"Le tapis color\u00e9 \u201cLush\u201d de la collection Tinged Leaves est une ode \u00e0 la nature luxuriante et \u00e0 l\u2019expressivit\u00e9 des teintes profondes.","robots":{"index":"index","follow":"follow","max-snippet":"max-snippet:-1","max-image-preview":"max-image-preview:large","max-video-preview":"max-video-preview:-1"},"canonical":"https:\/\/softicated.com\/en\/produit\/tapis-design-sur-mesure-lush-softicated\/","og_locale":"en_GB","og_type":"article","og_title":"Tapis Lush","og_description":"Le tapis color\u00e9 \u201cLush\u201d de la collection Tinged Leaves est une ode \u00e0 la nature luxuriante et \u00e0 l\u2019expressivit\u00e9 des teintes profondes.","og_url":"https:\/\/softicated.com\/en\/produit\/tapis-design-sur-mesure-lush-softicated\/","og_site_name":"Softicated","article_publisher":"https:\/\/www.facebook.com\/Softicated","article_modified_time":"2026-03-16T05:25:24+00:00","og_image":[{"width":191,"height":260,"url":"https:\/\/softicated.com\/wp-content\/uploads\/2022\/06\/Lush-resize.png","type":"image\/png"}],"twitter_card":"summary_large_image","schema":{"@context":"https:\/\/schema.org","@graph":[{"@type":"WebPage","@id":"https:\/\/softicated.com\/produit\/tapis-design-sur-mesure-lush-softicated\/","url":"https:\/\/softicated.com\/produit\/tapis-design-sur-mesure-lush-softicated\/","name":"Rug Lush - Softicated","isPartOf":{"@id":"https:\/\/softicated.com\/#website"},"primaryImageOfPage":{"@id":"https:\/\/softicated.com\/produit\/tapis-design-sur-mesure-lush-softicated\/#primaryimage"},"image":{"@id":"https:\/\/softicated.com\/produit\/tapis-design-sur-mesure-lush-softicated\/#primaryimage"},"thumbnailUrl":"https:\/\/softicated.com\/wp-content\/uploads\/2022\/06\/Lush-resize.png","datePublished":"2022-06-01T20:33:10+00:00","dateModified":"2026-03-16T05:25:24+00:00","description":"Le tapis color\u00e9 \u201cLush\u201d de la collection Tinged Leaves est une ode \u00e0 la nature luxuriante et \u00e0 l\u2019expressivit\u00e9 des teintes profondes.","breadcrumb":{"@id":"https:\/\/softicated.com\/produit\/tapis-design-sur-mesure-lush-softicated\/#breadcrumb"},"inLanguage":"en-GB","potentialAction":[{"@type":"ReadAction","target":["https:\/\/softicated.com\/produit\/tapis-design-sur-mesure-lush-softicated\/"]}]},{"@type":"ImageObject","inLanguage":"en-GB","@id":"https:\/\/softicated.com\/produit\/tapis-design-sur-mesure-lush-softicated\/#primaryimage","url":"https:\/\/softicated.com\/wp-content\/uploads\/2022\/06\/Lush-resize.png","contentUrl":"https:\/\/softicated.com\/wp-content\/uploads\/2022\/06\/Lush-resize.png","width":191,"height":260,"caption":"Lush-resize"},{"@type":"BreadcrumbList","@id":"https:\/\/softicated.com\/produit\/tapis-design-sur-mesure-lush-softicated\/#breadcrumb","itemListElement":[{"@type":"ListItem","position":1,"name":"Accueil","item":"https:\/\/softicated.com\/"},{"@type":"ListItem","position":2,"name":"Produits Mobilier Premium Softicated","item":"https:\/\/softicated.com\/produits\/"},{"@type":"ListItem","position":3,"name":"Tapis \u00e0 motifs","item":"https:\/\/softicated.com\/categorie-produit\/tapis-a-motifs\/"},{"@type":"ListItem","position":4,"name":"Tapis design sur mesure"}]},{"@type":"WebSite","@id":"https:\/\/softicated.com\/#website","url":"https:\/\/softicated.com\/","name":"Softicated","description":"Designer of premium furniture, lighting and rugs","publisher":{"@id":"https:\/\/softicated.com\/#organization"},"potentialAction":[{"@type":"SearchAction","target":{"@type":"EntryPoint","urlTemplate":"https:\/\/softicated.com\/?s={search_term_string}"},"query-input":{"@type":"PropertyValueSpecification","valueRequired":true,"valueName":"search_term_string"}}],"inLanguage":"en-GB"},{"@type":"Organization","@id":"https:\/\/softicated.com\/#organization","name":"Softicated","url":"https:\/\/softicated.com\/","logo":{"@type":"ImageObject","inLanguage":"en-GB","@id":"https:\/\/softicated.com\/#\/schema\/logo\/image\/","url":"https:\/\/softicated.com\/wp-content\/uploads\/2025\/11\/logo-dark-2.svg","contentUrl":"https:\/\/softicated.com\/wp-content\/uploads\/2025\/11\/logo-dark-2.svg","caption":"Softicated"},"image":{"@id":"https:\/\/softicated.com\/#\/schema\/logo\/image\/"},"sameAs":["https:\/\/www.facebook.com\/Softicated","https:\/\/www.pinterest.com\/softicateddesign","https:\/\/www.instagram.com\/softicated.design"]}]}},"_links":{"self":[{"href":"https:\/\/softicated.com\/en\/wp-json\/wp\/v2\/product\/6446","targetHints":{"allow":["GET"]}}],"collection":[{"href":"https:\/\/softicated.com\/en\/wp-json\/wp\/v2\/product"}],"about":[{"href":"https:\/\/softicated.com\/en\/wp-json\/wp\/v2\/types\/product"}],"replies":[{"embeddable":true,"href":"https:\/\/softicated.com\/en\/wp-json\/wp\/v2\/comments?post=6446"}],"wp:featuredmedia":[{"embeddable":true,"href":"https:\/\/softicated.com\/en\/wp-json\/wp\/v2\/media\/15192"}],"wp:attachment":[{"href":"https:\/\/softicated.com\/en\/wp-json\/wp\/v2\/media?parent=6446"}],"wp:term":[{"taxonomy":"product_brand","embeddable":true,"href":"https:\/\/softicated.com\/en\/wp-json\/wp\/v2\/product_brand?post=6446"},{"taxonomy":"product_cat","embeddable":true,"href":"https:\/\/softicated.com\/en\/wp-json\/wp\/v2\/product_cat?post=6446"},{"taxonomy":"product_tag","embeddable":true,"href":"https:\/\/softicated.com\/en\/wp-json\/wp\/v2\/product_tag?post=6446"},{"taxonomy":"collections","embeddable":true,"href":"https:\/\/softicated.com\/en\/wp-json\/wp\/v2\/collections?post=6446"},{"taxonomy":"awards","embeddable":true,"href":"https:\/\/softicated.com\/en\/wp-json\/wp\/v2\/awards?post=6446"},{"taxonomy":"by_color","embeddable":true,"href":"https:\/\/softicated.com\/en\/wp-json\/wp\/v2\/by_color?post=6446"}],"curies":[{"name":"wp","href":"https:\/\/api.w.org\/{rel}","templated":true}]}}