{"id":6441,"date":"2022-06-01T22:25:10","date_gmt":"2022-06-01T20:25:10","guid":{"rendered":"https:\/\/softicated.com\/?post_type=product&#038;p=6441"},"modified":"2026-03-16T06:26:00","modified_gmt":"2026-03-16T05:26:00","slug":"tapis-design-sur-mesure-flowery-softicated","status":"publish","type":"product","link":"https:\/\/softicated.com\/en\/produit\/tapis-design-sur-mesure-flowery-softicated\/","title":{"rendered":"Rug Flowery"},"content":{"rendered":"<p>The \u201cFlowery\u201d rug is a vibrant celebration of nature and color, blending botanical inspiration with artistic boldness. Its design features stylized monstera and banana leaves suspended from their stems, evoking lush tropical vegetation. These organic shapes, both graphic and poetic, bring a sense of escape and freshness to any space.<\/p>\n<p>A soft pink background, luminous and comforting subtly contrasts with the leaves and stems, highlighting a harmonious palette of green, lavender, and dark gray. Green reflects vegetal richness, lavender adds a dreamy and soothing touch, while dark gray elegantly balances the composition. Discreet stripes energize the overall design, introducing a contemporary graphic element that enhances the visual richness without overwhelming the space.<\/p>\n<p>Made from wool and botanical silk, the \u201cFlowery\u201d rug combines softness, natural luster, and durability. It fits seamlessly into both modern and classic interiors, adding an exotic and colorful note to living rooms, bedrooms or offices. This textile piece celebrates the beauty of the natural world while expressing a confident artistic sensibility.<\/p>\n<p>Made of wool and botanical silk, the \u201cFlowery\u201d rug combines softness, natural sheen and exceptional durability. It seamlessly fits into both modern and classic interiors adding an exotic and colorful touch to living rooms, bedrooms, or offices. A true textile masterpiece, it celebrates the beauty of the natural world while expressing a confident artistic sensibility.<\/p>\n<p>Bring a touch of lush nature and vibrant freshness into your home with the \u201cFlowery\u201d rug.<\/p>\n<p><em>Delivery includes curbside delivery. For a white gloves delivery &amp; installation service, <span style=\"text-decoration: underline;\"><a href=\"https:\/\/softicated.com\/en\/contact\/\">contact us<\/a><\/span>.<\/em><\/p>","protected":false},"excerpt":{"rendered":"<p>Le tapis \u201cFlowery\u201d est une c\u00e9l\u00e9bration vibrante de la nature et de la couleur m\u00ealant inspiration botanique et audace artistique. Son motif, compos\u00e9 de feuilles stylis\u00e9es de monstera et de bananier suspendues \u00e0 leurs tiges \u00e9voque une v\u00e9g\u00e9tation luxuriante et tropicale. Ces formes organiques \u00e0 la fois graphiques et po\u00e9tiques apportent une sensation d\u2019\u00e9vasion et [&hellip;]<\/p>","protected":false},"featured_media":15193,"comment_status":"closed","ping_status":"closed","template":"","meta":{"_acf_changed":false},"product_brand":[],"product_cat":[300,299,27],"product_tag":[],"collections":[37],"awards":[],"by_color":[343],"class_list":{"0":"post-6441","1":"product","2":"type-product","3":"status-publish","4":"has-post-thumbnail","6":"product_cat-tapis-a-motifs","7":"product_cat-tapis-multicolores","8":"product_cat-rugs","9":"product_shipping_class-tapis","10":"collections-tinged-leaves","11":"by_color-rose-lilas","13":"first","14":"instock","15":"shipping-taxable","16":"purchasable","17":"product-type-variable"},"acf":[],"yoast_head":"<!-- This site is optimized with the Yoast SEO Premium plugin v25.7.1 (Yoast SEO v26.9) - https:\/\/yoast.com\/product\/yoast-seo-premium-wordpress\/ -->\n<title>Tapis Flowery - Softicated<\/title>\n<meta name=\"description\" content=\"Le tapis \u201c Flowery \u201d est une c\u00e9l\u00e9bration vibrante de la nature et de la couleur m\u00ealant inspiration botanique et audace artistique.\" \/>\n<meta name=\"robots\" content=\"index, follow, max-snippet:-1, max-image-preview:large, max-video-preview:-1\" \/>\n<link rel=\"canonical\" href=\"https:\/\/softicated.com\/en\/produit\/tapis-design-sur-mesure-flowery-softicated\/\" \/>\n<meta property=\"og:locale\" content=\"en_GB\" \/>\n<meta property=\"og:type\" content=\"article\" \/>\n<meta property=\"og:title\" content=\"Tapis Flowery\" \/>\n<meta property=\"og:description\" content=\"Le tapis \u201c Flowery \u201d est une c\u00e9l\u00e9bration vibrante de la nature et de la couleur m\u00ealant inspiration botanique et audace artistique.\" \/>\n<meta property=\"og:url\" content=\"https:\/\/softicated.com\/en\/produit\/tapis-design-sur-mesure-flowery-softicated\/\" \/>\n<meta property=\"og:site_name\" content=\"Softicated\" \/>\n<meta property=\"article:publisher\" content=\"https:\/\/www.facebook.com\/Softicated\" \/>\n<meta property=\"article:modified_time\" content=\"2026-03-16T05:26:00+00:00\" \/>\n<meta property=\"og:image\" content=\"https:\/\/softicated.com\/wp-content\/uploads\/2022\/06\/Flowery.png\" \/>\n\t<meta property=\"og:image:width\" content=\"195\" \/>\n\t<meta property=\"og:image:height\" content=\"263\" \/>\n\t<meta property=\"og:image:type\" content=\"image\/png\" \/>\n<meta name=\"twitter:card\" content=\"summary_large_image\" \/>\n<script type=\"application\/ld+json\" class=\"yoast-schema-graph\">{\"@context\":\"https:\/\/schema.org\",\"@graph\":[{\"@type\":\"WebPage\",\"@id\":\"https:\/\/softicated.com\/produit\/tapis-design-sur-mesure-flowery-softicated\/\",\"url\":\"https:\/\/softicated.com\/produit\/tapis-design-sur-mesure-flowery-softicated\/\",\"name\":\"Tapis Flowery - Softicated\",\"isPartOf\":{\"@id\":\"https:\/\/softicated.com\/#website\"},\"primaryImageOfPage\":{\"@id\":\"https:\/\/softicated.com\/produit\/tapis-design-sur-mesure-flowery-softicated\/#primaryimage\"},\"image\":{\"@id\":\"https:\/\/softicated.com\/produit\/tapis-design-sur-mesure-flowery-softicated\/#primaryimage\"},\"thumbnailUrl\":\"https:\/\/softicated.com\/wp-content\/uploads\/2022\/06\/Flowery.png\",\"datePublished\":\"2022-06-01T20:25:10+00:00\",\"dateModified\":\"2026-03-16T05:26:00+00:00\",\"description\":\"Le tapis \u201c Flowery \u201d est une c\u00e9l\u00e9bration vibrante de la nature et de la couleur m\u00ealant inspiration botanique et audace artistique.\",\"breadcrumb\":{\"@id\":\"https:\/\/softicated.com\/produit\/tapis-design-sur-mesure-flowery-softicated\/#breadcrumb\"},\"inLanguage\":\"en-GB\",\"potentialAction\":[{\"@type\":\"ReadAction\",\"target\":[\"https:\/\/softicated.com\/produit\/tapis-design-sur-mesure-flowery-softicated\/\"]}]},{\"@type\":\"ImageObject\",\"inLanguage\":\"en-GB\",\"@id\":\"https:\/\/softicated.com\/produit\/tapis-design-sur-mesure-flowery-softicated\/#primaryimage\",\"url\":\"https:\/\/softicated.com\/wp-content\/uploads\/2022\/06\/Flowery.png\",\"contentUrl\":\"https:\/\/softicated.com\/wp-content\/uploads\/2022\/06\/Flowery.png\",\"width\":195,\"height\":263,\"caption\":\"Flowery\"},{\"@type\":\"BreadcrumbList\",\"@id\":\"https:\/\/softicated.com\/produit\/tapis-design-sur-mesure-flowery-softicated\/#breadcrumb\",\"itemListElement\":[{\"@type\":\"ListItem\",\"position\":1,\"name\":\"Accueil\",\"item\":\"https:\/\/softicated.com\/\"},{\"@type\":\"ListItem\",\"position\":2,\"name\":\"Produits Mobilier Premium Softicated\",\"item\":\"https:\/\/softicated.com\/produits\/\"},{\"@type\":\"ListItem\",\"position\":3,\"name\":\"Tapis \u00e0 motifs\",\"item\":\"https:\/\/softicated.com\/categorie-produit\/tapis-a-motifs\/\"},{\"@type\":\"ListItem\",\"position\":4,\"name\":\"Tapis design sur mesure\"}]},{\"@type\":\"WebSite\",\"@id\":\"https:\/\/softicated.com\/#website\",\"url\":\"https:\/\/softicated.com\/\",\"name\":\"Softicated\",\"description\":\"Cr\u00e9ateur de meubles, luminaires et tapis premium\",\"publisher\":{\"@id\":\"https:\/\/softicated.com\/#organization\"},\"potentialAction\":[{\"@type\":\"SearchAction\",\"target\":{\"@type\":\"EntryPoint\",\"urlTemplate\":\"https:\/\/softicated.com\/?s={search_term_string}\"},\"query-input\":{\"@type\":\"PropertyValueSpecification\",\"valueRequired\":true,\"valueName\":\"search_term_string\"}}],\"inLanguage\":\"en-GB\"},{\"@type\":\"Organization\",\"@id\":\"https:\/\/softicated.com\/#organization\",\"name\":\"Softicated\",\"url\":\"https:\/\/softicated.com\/\",\"logo\":{\"@type\":\"ImageObject\",\"inLanguage\":\"en-GB\",\"@id\":\"https:\/\/softicated.com\/#\/schema\/logo\/image\/\",\"url\":\"https:\/\/softicated.com\/wp-content\/uploads\/2025\/11\/logo-dark-2.svg\",\"contentUrl\":\"https:\/\/softicated.com\/wp-content\/uploads\/2025\/11\/logo-dark-2.svg\",\"caption\":\"Softicated\"},\"image\":{\"@id\":\"https:\/\/softicated.com\/#\/schema\/logo\/image\/\"},\"sameAs\":[\"https:\/\/www.facebook.com\/Softicated\",\"https:\/\/www.pinterest.com\/softicateddesign\",\"https:\/\/www.instagram.com\/softicated.design\"]}]}<\/script>\n<!-- \/ Yoast SEO Premium plugin. -->","yoast_head_json":{"title":"Rug Flowery - Softicated","description":"Le tapis \u201c Flowery \u201d est une c\u00e9l\u00e9bration vibrante de la nature et de la couleur m\u00ealant inspiration botanique et audace artistique.","robots":{"index":"index","follow":"follow","max-snippet":"max-snippet:-1","max-image-preview":"max-image-preview:large","max-video-preview":"max-video-preview:-1"},"canonical":"https:\/\/softicated.com\/en\/produit\/tapis-design-sur-mesure-flowery-softicated\/","og_locale":"en_GB","og_type":"article","og_title":"Tapis Flowery","og_description":"Le tapis \u201c Flowery \u201d est une c\u00e9l\u00e9bration vibrante de la nature et de la couleur m\u00ealant inspiration botanique et audace artistique.","og_url":"https:\/\/softicated.com\/en\/produit\/tapis-design-sur-mesure-flowery-softicated\/","og_site_name":"Softicated","article_publisher":"https:\/\/www.facebook.com\/Softicated","article_modified_time":"2026-03-16T05:26:00+00:00","og_image":[{"width":195,"height":263,"url":"https:\/\/softicated.com\/wp-content\/uploads\/2022\/06\/Flowery.png","type":"image\/png"}],"twitter_card":"summary_large_image","schema":{"@context":"https:\/\/schema.org","@graph":[{"@type":"WebPage","@id":"https:\/\/softicated.com\/produit\/tapis-design-sur-mesure-flowery-softicated\/","url":"https:\/\/softicated.com\/produit\/tapis-design-sur-mesure-flowery-softicated\/","name":"Rug Flowery - Softicated","isPartOf":{"@id":"https:\/\/softicated.com\/#website"},"primaryImageOfPage":{"@id":"https:\/\/softicated.com\/produit\/tapis-design-sur-mesure-flowery-softicated\/#primaryimage"},"image":{"@id":"https:\/\/softicated.com\/produit\/tapis-design-sur-mesure-flowery-softicated\/#primaryimage"},"thumbnailUrl":"https:\/\/softicated.com\/wp-content\/uploads\/2022\/06\/Flowery.png","datePublished":"2022-06-01T20:25:10+00:00","dateModified":"2026-03-16T05:26:00+00:00","description":"Le tapis \u201c Flowery \u201d est une c\u00e9l\u00e9bration vibrante de la nature et de la couleur m\u00ealant inspiration botanique et audace artistique.","breadcrumb":{"@id":"https:\/\/softicated.com\/produit\/tapis-design-sur-mesure-flowery-softicated\/#breadcrumb"},"inLanguage":"en-GB","potentialAction":[{"@type":"ReadAction","target":["https:\/\/softicated.com\/produit\/tapis-design-sur-mesure-flowery-softicated\/"]}]},{"@type":"ImageObject","inLanguage":"en-GB","@id":"https:\/\/softicated.com\/produit\/tapis-design-sur-mesure-flowery-softicated\/#primaryimage","url":"https:\/\/softicated.com\/wp-content\/uploads\/2022\/06\/Flowery.png","contentUrl":"https:\/\/softicated.com\/wp-content\/uploads\/2022\/06\/Flowery.png","width":195,"height":263,"caption":"Flowery"},{"@type":"BreadcrumbList","@id":"https:\/\/softicated.com\/produit\/tapis-design-sur-mesure-flowery-softicated\/#breadcrumb","itemListElement":[{"@type":"ListItem","position":1,"name":"Accueil","item":"https:\/\/softicated.com\/"},{"@type":"ListItem","position":2,"name":"Produits Mobilier Premium Softicated","item":"https:\/\/softicated.com\/produits\/"},{"@type":"ListItem","position":3,"name":"Tapis \u00e0 motifs","item":"https:\/\/softicated.com\/categorie-produit\/tapis-a-motifs\/"},{"@type":"ListItem","position":4,"name":"Tapis design sur mesure"}]},{"@type":"WebSite","@id":"https:\/\/softicated.com\/#website","url":"https:\/\/softicated.com\/","name":"Softicated","description":"Designer of premium furniture, lighting and rugs","publisher":{"@id":"https:\/\/softicated.com\/#organization"},"potentialAction":[{"@type":"SearchAction","target":{"@type":"EntryPoint","urlTemplate":"https:\/\/softicated.com\/?s={search_term_string}"},"query-input":{"@type":"PropertyValueSpecification","valueRequired":true,"valueName":"search_term_string"}}],"inLanguage":"en-GB"},{"@type":"Organization","@id":"https:\/\/softicated.com\/#organization","name":"Softicated","url":"https:\/\/softicated.com\/","logo":{"@type":"ImageObject","inLanguage":"en-GB","@id":"https:\/\/softicated.com\/#\/schema\/logo\/image\/","url":"https:\/\/softicated.com\/wp-content\/uploads\/2025\/11\/logo-dark-2.svg","contentUrl":"https:\/\/softicated.com\/wp-content\/uploads\/2025\/11\/logo-dark-2.svg","caption":"Softicated"},"image":{"@id":"https:\/\/softicated.com\/#\/schema\/logo\/image\/"},"sameAs":["https:\/\/www.facebook.com\/Softicated","https:\/\/www.pinterest.com\/softicateddesign","https:\/\/www.instagram.com\/softicated.design"]}]}},"_links":{"self":[{"href":"https:\/\/softicated.com\/en\/wp-json\/wp\/v2\/product\/6441","targetHints":{"allow":["GET"]}}],"collection":[{"href":"https:\/\/softicated.com\/en\/wp-json\/wp\/v2\/product"}],"about":[{"href":"https:\/\/softicated.com\/en\/wp-json\/wp\/v2\/types\/product"}],"replies":[{"embeddable":true,"href":"https:\/\/softicated.com\/en\/wp-json\/wp\/v2\/comments?post=6441"}],"wp:featuredmedia":[{"embeddable":true,"href":"https:\/\/softicated.com\/en\/wp-json\/wp\/v2\/media\/15193"}],"wp:attachment":[{"href":"https:\/\/softicated.com\/en\/wp-json\/wp\/v2\/media?parent=6441"}],"wp:term":[{"taxonomy":"product_brand","embeddable":true,"href":"https:\/\/softicated.com\/en\/wp-json\/wp\/v2\/product_brand?post=6441"},{"taxonomy":"product_cat","embeddable":true,"href":"https:\/\/softicated.com\/en\/wp-json\/wp\/v2\/product_cat?post=6441"},{"taxonomy":"product_tag","embeddable":true,"href":"https:\/\/softicated.com\/en\/wp-json\/wp\/v2\/product_tag?post=6441"},{"taxonomy":"collections","embeddable":true,"href":"https:\/\/softicated.com\/en\/wp-json\/wp\/v2\/collections?post=6441"},{"taxonomy":"awards","embeddable":true,"href":"https:\/\/softicated.com\/en\/wp-json\/wp\/v2\/awards?post=6441"},{"taxonomy":"by_color","embeddable":true,"href":"https:\/\/softicated.com\/en\/wp-json\/wp\/v2\/by_color?post=6441"}],"curies":[{"name":"wp","href":"https:\/\/api.w.org\/{rel}","templated":true}]}}