{"id":6422,"date":"2022-06-01T21:54:53","date_gmt":"2022-06-01T19:54:53","guid":{"rendered":"https:\/\/softicated.com\/?post_type=product&#038;p=6422"},"modified":"2026-03-17T14:00:05","modified_gmt":"2026-03-17T13:00:05","slug":"tapis-design-sur-mesure-blues-softicated","status":"publish","type":"product","link":"https:\/\/softicated.com\/en\/produit\/tapis-design-sur-mesure-blues-softicated\/","title":{"rendered":"Rug Blues"},"content":{"rendered":"<p>The artistic \u201cBlues\u201d rug merges celestial imagination with contemporary elegance offering a poetic vision of the cosmos. Through a composition in which each sphere symbolizes a planet, the piece pays tribute to the eight celestial bodies orbiting the Sun: Mercury, Venus, Earth, Mars, Jupiter, Saturn, Uranus, and Neptune. The unique shape and color of each planet establish a visual unity giving the rug a coherent and harmonious structure.<\/p>\n<p>The background, dominated by shades of blue evokes both the vastness of space and the calming depth of water. The palette ranges from sky blue to deep navy enveloping the entire piece in a serene and refined atmosphere. This duality between celestial and aquatic inspiration adds an organic and timeless dimension to the rug.<\/p>\n<p>The carefully studied arrangement of the planets suggests a peaceful almost suspended motion as if the universe had paused for a moment to be observed. The variations in scale and hue introduce a subtle sense of movement while preserving the cosmic equilibrium. Made from wool and botanical silk, the rug offers a soft and luxurious texture enhanced by the delicate sheen of natural fibers.<\/p>\n<p>The \u201cBlues\u201d rug fits naturally into a wide variety of living spaces bringing both scientific and artistic flair. Its elegant pattern, inspired by flowing movement evokes planetary rotation and the invisible currents of the universe. More than just a decorative piece, this rug embodies a dialogue between art, science and nature.<\/p>\n<p>Bring a celestial work of art into your home with the \u201cBlues\u201d rug and let its cosmic elegance transport your space into a universe of poetry and sophistication.<\/p>\n<p><em>Delivery includes curbside delivery. For a white gloves delivery &amp; installation service, <span style=\"text-decoration: underline;\"><a href=\"https:\/\/softicated.com\/en\/contact\/\">contact us<\/a><\/span>.<\/em><\/p>","protected":false},"excerpt":{"rendered":"<p>Le tapis artistique \u201cBlues\u201d fusionne l\u2019imaginaire c\u00e9leste et l\u2019\u00e9l\u00e9gance contemporaine offrant une vision po\u00e9tique du cosmos. \u00c0 travers une composition o\u00f9 chaque bulle symbolise une plan\u00e8te, l\u2019\u0153uvre rend hommage aux huit astres gravitant autour du Soleil: Mercure, V\u00e9nus, Terre, Mars, Jupiter, Saturne, Uranus et Neptune. Les formes et les couleurs sp\u00e9cifiques \u00e0 chaque plan\u00e8te cr\u00e9ent [&hellip;]<\/p>","protected":false},"featured_media":15194,"comment_status":"closed","ping_status":"closed","template":"","meta":{"_acf_changed":false},"product_brand":[],"product_cat":[300,299,27],"product_tag":[],"collections":[36],"awards":[],"by_color":[338],"class_list":{"0":"post-6422","1":"product","2":"type-product","3":"status-publish","4":"has-post-thumbnail","6":"product_cat-tapis-a-motifs","7":"product_cat-tapis-multicolores","8":"product_cat-rugs","9":"product_shipping_class-tapis","10":"collections-planets","11":"by_color-bleu-turquoise","13":"first","14":"instock","15":"shipping-taxable","16":"purchasable","17":"product-type-variable","18":"has-default-attributes"},"acf":[],"yoast_head":"<!-- This site is optimized with the Yoast SEO Premium plugin v25.7.1 (Yoast SEO v26.9) - https:\/\/yoast.com\/product\/yoast-seo-premium-wordpress\/ -->\n<title>Tapis Blues - Softicated<\/title>\n<meta name=\"description\" content=\"Le tapis artistique \u201c Blues \u201d fusionne l\u2019imaginaire c\u00e9leste et l\u2019\u00e9l\u00e9gance contemporaine offrant une vision po\u00e9tique du cosmos.\" \/>\n<meta name=\"robots\" content=\"index, follow, max-snippet:-1, max-image-preview:large, max-video-preview:-1\" \/>\n<link rel=\"canonical\" href=\"https:\/\/softicated.com\/en\/produit\/tapis-design-sur-mesure-blues-softicated\/\" \/>\n<meta property=\"og:locale\" content=\"en_GB\" \/>\n<meta property=\"og:type\" content=\"article\" \/>\n<meta property=\"og:title\" content=\"Tapis Blues\" \/>\n<meta property=\"og:description\" content=\"Le tapis artistique \u201c Blues \u201d fusionne l\u2019imaginaire c\u00e9leste et l\u2019\u00e9l\u00e9gance contemporaine offrant une vision po\u00e9tique du cosmos.\" \/>\n<meta property=\"og:url\" content=\"https:\/\/softicated.com\/en\/produit\/tapis-design-sur-mesure-blues-softicated\/\" \/>\n<meta property=\"og:site_name\" content=\"Softicated\" \/>\n<meta property=\"article:publisher\" content=\"https:\/\/www.facebook.com\/Softicated\" \/>\n<meta property=\"article:modified_time\" content=\"2026-03-17T13:00:05+00:00\" \/>\n<meta property=\"og:image\" content=\"https:\/\/softicated.com\/wp-content\/uploads\/2022\/06\/Blues.png\" \/>\n\t<meta property=\"og:image:width\" content=\"188\" \/>\n\t<meta property=\"og:image:height\" content=\"260\" \/>\n\t<meta property=\"og:image:type\" content=\"image\/png\" \/>\n<meta name=\"twitter:card\" content=\"summary_large_image\" \/>\n<script type=\"application\/ld+json\" class=\"yoast-schema-graph\">{\"@context\":\"https:\/\/schema.org\",\"@graph\":[{\"@type\":\"WebPage\",\"@id\":\"https:\/\/softicated.com\/en\/produit\/tapis-design-sur-mesure-blues-softicated\/\",\"url\":\"https:\/\/softicated.com\/en\/produit\/tapis-design-sur-mesure-blues-softicated\/\",\"name\":\"Tapis Blues - Softicated\",\"isPartOf\":{\"@id\":\"https:\/\/softicated.com\/#website\"},\"primaryImageOfPage\":{\"@id\":\"https:\/\/softicated.com\/en\/produit\/tapis-design-sur-mesure-blues-softicated\/#primaryimage\"},\"image\":{\"@id\":\"https:\/\/softicated.com\/en\/produit\/tapis-design-sur-mesure-blues-softicated\/#primaryimage\"},\"thumbnailUrl\":\"https:\/\/softicated.com\/wp-content\/uploads\/2022\/06\/Blues.png\",\"datePublished\":\"2022-06-01T19:54:53+00:00\",\"dateModified\":\"2026-03-17T13:00:05+00:00\",\"description\":\"Le tapis artistique \u201c Blues \u201d fusionne l\u2019imaginaire c\u00e9leste et l\u2019\u00e9l\u00e9gance contemporaine offrant une vision po\u00e9tique du cosmos.\",\"breadcrumb\":{\"@id\":\"https:\/\/softicated.com\/en\/produit\/tapis-design-sur-mesure-blues-softicated\/#breadcrumb\"},\"inLanguage\":\"en-GB\",\"potentialAction\":[{\"@type\":\"ReadAction\",\"target\":[\"https:\/\/softicated.com\/en\/produit\/tapis-design-sur-mesure-blues-softicated\/\"]}]},{\"@type\":\"ImageObject\",\"inLanguage\":\"en-GB\",\"@id\":\"https:\/\/softicated.com\/en\/produit\/tapis-design-sur-mesure-blues-softicated\/#primaryimage\",\"url\":\"https:\/\/softicated.com\/wp-content\/uploads\/2022\/06\/Blues.png\",\"contentUrl\":\"https:\/\/softicated.com\/wp-content\/uploads\/2022\/06\/Blues.png\",\"width\":188,\"height\":260,\"caption\":\"Blues\"},{\"@type\":\"BreadcrumbList\",\"@id\":\"https:\/\/softicated.com\/en\/produit\/tapis-design-sur-mesure-blues-softicated\/#breadcrumb\",\"itemListElement\":[{\"@type\":\"ListItem\",\"position\":1,\"name\":\"Accueil\",\"item\":\"https:\/\/softicated.com\/\"},{\"@type\":\"ListItem\",\"position\":2,\"name\":\"Produits Mobilier Premium Softicated\",\"item\":\"https:\/\/softicated.com\/produits\/\"},{\"@type\":\"ListItem\",\"position\":3,\"name\":\"Tapis \u00e0 motifs\",\"item\":\"https:\/\/softicated.com\/categorie-produit\/tapis-a-motifs\/\"},{\"@type\":\"ListItem\",\"position\":4,\"name\":\"Tapis design sur mesure\"}]},{\"@type\":\"WebSite\",\"@id\":\"https:\/\/softicated.com\/#website\",\"url\":\"https:\/\/softicated.com\/\",\"name\":\"Softicated\",\"description\":\"Cr\u00e9ateur de meubles, luminaires et tapis premium\",\"publisher\":{\"@id\":\"https:\/\/softicated.com\/#organization\"},\"potentialAction\":[{\"@type\":\"SearchAction\",\"target\":{\"@type\":\"EntryPoint\",\"urlTemplate\":\"https:\/\/softicated.com\/?s={search_term_string}\"},\"query-input\":{\"@type\":\"PropertyValueSpecification\",\"valueRequired\":true,\"valueName\":\"search_term_string\"}}],\"inLanguage\":\"en-GB\"},{\"@type\":\"Organization\",\"@id\":\"https:\/\/softicated.com\/#organization\",\"name\":\"Softicated\",\"url\":\"https:\/\/softicated.com\/\",\"logo\":{\"@type\":\"ImageObject\",\"inLanguage\":\"en-GB\",\"@id\":\"https:\/\/softicated.com\/#\/schema\/logo\/image\/\",\"url\":\"https:\/\/softicated.com\/wp-content\/uploads\/2025\/11\/logo-dark-2.svg\",\"contentUrl\":\"https:\/\/softicated.com\/wp-content\/uploads\/2025\/11\/logo-dark-2.svg\",\"caption\":\"Softicated\"},\"image\":{\"@id\":\"https:\/\/softicated.com\/#\/schema\/logo\/image\/\"},\"sameAs\":[\"https:\/\/www.facebook.com\/Softicated\",\"https:\/\/www.pinterest.com\/softicateddesign\",\"https:\/\/www.instagram.com\/softicated.design\"]}]}<\/script>\n<!-- \/ Yoast SEO Premium plugin. -->","yoast_head_json":{"title":"Rug Blues - Softicated","description":"Le tapis artistique \u201c Blues \u201d fusionne l\u2019imaginaire c\u00e9leste et l\u2019\u00e9l\u00e9gance contemporaine offrant une vision po\u00e9tique du cosmos.","robots":{"index":"index","follow":"follow","max-snippet":"max-snippet:-1","max-image-preview":"max-image-preview:large","max-video-preview":"max-video-preview:-1"},"canonical":"https:\/\/softicated.com\/en\/produit\/tapis-design-sur-mesure-blues-softicated\/","og_locale":"en_GB","og_type":"article","og_title":"Tapis Blues","og_description":"Le tapis artistique \u201c Blues \u201d fusionne l\u2019imaginaire c\u00e9leste et l\u2019\u00e9l\u00e9gance contemporaine offrant une vision po\u00e9tique du cosmos.","og_url":"https:\/\/softicated.com\/en\/produit\/tapis-design-sur-mesure-blues-softicated\/","og_site_name":"Softicated","article_publisher":"https:\/\/www.facebook.com\/Softicated","article_modified_time":"2026-03-17T13:00:05+00:00","og_image":[{"width":188,"height":260,"url":"https:\/\/softicated.com\/wp-content\/uploads\/2022\/06\/Blues.png","type":"image\/png"}],"twitter_card":"summary_large_image","schema":{"@context":"https:\/\/schema.org","@graph":[{"@type":"WebPage","@id":"https:\/\/softicated.com\/en\/produit\/tapis-design-sur-mesure-blues-softicated\/","url":"https:\/\/softicated.com\/en\/produit\/tapis-design-sur-mesure-blues-softicated\/","name":"Rug Blues - Softicated","isPartOf":{"@id":"https:\/\/softicated.com\/#website"},"primaryImageOfPage":{"@id":"https:\/\/softicated.com\/en\/produit\/tapis-design-sur-mesure-blues-softicated\/#primaryimage"},"image":{"@id":"https:\/\/softicated.com\/en\/produit\/tapis-design-sur-mesure-blues-softicated\/#primaryimage"},"thumbnailUrl":"https:\/\/softicated.com\/wp-content\/uploads\/2022\/06\/Blues.png","datePublished":"2022-06-01T19:54:53+00:00","dateModified":"2026-03-17T13:00:05+00:00","description":"Le tapis artistique \u201c Blues \u201d fusionne l\u2019imaginaire c\u00e9leste et l\u2019\u00e9l\u00e9gance contemporaine offrant une vision po\u00e9tique du cosmos.","breadcrumb":{"@id":"https:\/\/softicated.com\/en\/produit\/tapis-design-sur-mesure-blues-softicated\/#breadcrumb"},"inLanguage":"en-GB","potentialAction":[{"@type":"ReadAction","target":["https:\/\/softicated.com\/en\/produit\/tapis-design-sur-mesure-blues-softicated\/"]}]},{"@type":"ImageObject","inLanguage":"en-GB","@id":"https:\/\/softicated.com\/en\/produit\/tapis-design-sur-mesure-blues-softicated\/#primaryimage","url":"https:\/\/softicated.com\/wp-content\/uploads\/2022\/06\/Blues.png","contentUrl":"https:\/\/softicated.com\/wp-content\/uploads\/2022\/06\/Blues.png","width":188,"height":260,"caption":"Blues"},{"@type":"BreadcrumbList","@id":"https:\/\/softicated.com\/en\/produit\/tapis-design-sur-mesure-blues-softicated\/#breadcrumb","itemListElement":[{"@type":"ListItem","position":1,"name":"Accueil","item":"https:\/\/softicated.com\/"},{"@type":"ListItem","position":2,"name":"Produits Mobilier Premium Softicated","item":"https:\/\/softicated.com\/produits\/"},{"@type":"ListItem","position":3,"name":"Tapis \u00e0 motifs","item":"https:\/\/softicated.com\/categorie-produit\/tapis-a-motifs\/"},{"@type":"ListItem","position":4,"name":"Tapis design sur mesure"}]},{"@type":"WebSite","@id":"https:\/\/softicated.com\/#website","url":"https:\/\/softicated.com\/","name":"Softicated","description":"Designer of premium furniture, lighting and rugs","publisher":{"@id":"https:\/\/softicated.com\/#organization"},"potentialAction":[{"@type":"SearchAction","target":{"@type":"EntryPoint","urlTemplate":"https:\/\/softicated.com\/?s={search_term_string}"},"query-input":{"@type":"PropertyValueSpecification","valueRequired":true,"valueName":"search_term_string"}}],"inLanguage":"en-GB"},{"@type":"Organization","@id":"https:\/\/softicated.com\/#organization","name":"Softicated","url":"https:\/\/softicated.com\/","logo":{"@type":"ImageObject","inLanguage":"en-GB","@id":"https:\/\/softicated.com\/#\/schema\/logo\/image\/","url":"https:\/\/softicated.com\/wp-content\/uploads\/2025\/11\/logo-dark-2.svg","contentUrl":"https:\/\/softicated.com\/wp-content\/uploads\/2025\/11\/logo-dark-2.svg","caption":"Softicated"},"image":{"@id":"https:\/\/softicated.com\/#\/schema\/logo\/image\/"},"sameAs":["https:\/\/www.facebook.com\/Softicated","https:\/\/www.pinterest.com\/softicateddesign","https:\/\/www.instagram.com\/softicated.design"]}]}},"_links":{"self":[{"href":"https:\/\/softicated.com\/en\/wp-json\/wp\/v2\/product\/6422","targetHints":{"allow":["GET"]}}],"collection":[{"href":"https:\/\/softicated.com\/en\/wp-json\/wp\/v2\/product"}],"about":[{"href":"https:\/\/softicated.com\/en\/wp-json\/wp\/v2\/types\/product"}],"replies":[{"embeddable":true,"href":"https:\/\/softicated.com\/en\/wp-json\/wp\/v2\/comments?post=6422"}],"wp:featuredmedia":[{"embeddable":true,"href":"https:\/\/softicated.com\/en\/wp-json\/wp\/v2\/media\/15194"}],"wp:attachment":[{"href":"https:\/\/softicated.com\/en\/wp-json\/wp\/v2\/media?parent=6422"}],"wp:term":[{"taxonomy":"product_brand","embeddable":true,"href":"https:\/\/softicated.com\/en\/wp-json\/wp\/v2\/product_brand?post=6422"},{"taxonomy":"product_cat","embeddable":true,"href":"https:\/\/softicated.com\/en\/wp-json\/wp\/v2\/product_cat?post=6422"},{"taxonomy":"product_tag","embeddable":true,"href":"https:\/\/softicated.com\/en\/wp-json\/wp\/v2\/product_tag?post=6422"},{"taxonomy":"collections","embeddable":true,"href":"https:\/\/softicated.com\/en\/wp-json\/wp\/v2\/collections?post=6422"},{"taxonomy":"awards","embeddable":true,"href":"https:\/\/softicated.com\/en\/wp-json\/wp\/v2\/awards?post=6422"},{"taxonomy":"by_color","embeddable":true,"href":"https:\/\/softicated.com\/en\/wp-json\/wp\/v2\/by_color?post=6422"}],"curies":[{"name":"wp","href":"https:\/\/api.w.org\/{rel}","templated":true}]}}