{"id":3753,"date":"2021-03-11T11:13:58","date_gmt":"2021-03-11T10:13:58","guid":{"rendered":"https:\/\/softicated.com\/?post_type=product&#038;p=3753"},"modified":"2026-03-16T06:28:31","modified_gmt":"2026-03-16T05:28:31","slug":"tapis-rectangulaire-sur-mesure-softicated","status":"publish","type":"product","link":"https:\/\/softicated.com\/en\/produit\/tapis-rectangulaire-sur-mesure-softicated\/","title":{"rendered":"Rug light"},"content":{"rendered":"<p>The \u201cLight\u201d rug from the \u201cWeightlessness\u201d collection embodies the convergence of natural geometry and contemporary elegance. Inspired by nature\u2019s perfect forms such as the egg and honeycomb structures, it offers a composition that is both structured and poetic. At the center, a stylized ovoid shape houses a pattern of hexagonal cells evoking the precision of beeswax, seamlessly blending into an organic aesthetic.<\/p>\n<p>This central structure, executed using the \u201cCut &amp; Loop\u201d technique subtly stands out against a deep yet unsaturated dark gray background acting as an enveloping canvas. The contrast between the dark base and the soft central hues: light blue, pale green, soft pink and white creates an effect of lightness and suspension as if the composition floats in space.<\/p>\n<p>The geometric forms, framed by a refined white structure guide the eye and provide a balanced visual arrangement. The blue recalls the sky or water, the green suggests vegetal freshness and the pink introduces a romantic touch. The ensemble evokes a calm universe inspired by nature and elevated by design.<\/p>\n<p>Made of wool and botanical silk, this rug combines softness, discreet brilliance and solidity. It integrates seamlessly into both modern and classic interiors, bringing depth, light and serenity. More than a rug, it\u2019s a piece inspired by natural perfection bridging tradition and contemporary innovation.<\/p>\n<p>Add a touch of nature-inspired design to your interior with the \u201cLight\u201d rug.<\/p>\n<p><em>Delivery includes curbside delivery. For a white gloves delivery &amp; installation service, <span style=\"text-decoration: underline;\"><a href=\"https:\/\/softicated.com\/en\/contact\/\">contact us<\/a><\/span>.<\/em><\/p>","protected":false},"excerpt":{"rendered":"<p>Le tapis \u201cLight\u201d, issu de la collection \u201cWeightlessness\u201d incarne la rencontre entre la g\u00e9om\u00e9trie naturelle et l\u2019\u00e9l\u00e9gance contemporaine. Inspir\u00e9 des formes parfaites de la nature telles que l\u2019\u0153uf et les alv\u00e9oles des ruches d\u2019abeilles, il propose une composition \u00e0 la fois structur\u00e9e et po\u00e9tique. Au centre, une forme ovo\u00efde stylis\u00e9e accueille un motif d\u2019alv\u00e9oles hexagonales [&hellip;]<\/p>","protected":false},"featured_media":15197,"comment_status":"closed","ping_status":"closed","template":"","meta":{"_acf_changed":false},"product_brand":[],"product_cat":[300,299,27],"product_tag":[],"collections":[180],"awards":[],"by_color":[343],"class_list":{"0":"post-3753","1":"product","2":"type-product","3":"status-publish","4":"has-post-thumbnail","6":"product_cat-tapis-a-motifs","7":"product_cat-tapis-multicolores","8":"product_cat-rugs","9":"product_shipping_class-tapis","10":"collections-weightlessness","11":"by_color-rose-lilas","13":"first","14":"instock","15":"shipping-taxable","16":"purchasable","17":"product-type-variable"},"acf":[],"yoast_head":"<!-- This site is optimized with the Yoast SEO Premium plugin v25.7.1 (Yoast SEO v26.9) - https:\/\/yoast.com\/product\/yoast-seo-premium-wordpress\/ -->\n<title>Tapis Light - Softicated<\/title>\n<meta name=\"description\" content=\"Le tapis \u201cLight\u201d, issu de la collection \u201cWeightlessness\u201d incarne la rencontre entre la g\u00e9om\u00e9trie naturelle et l\u2019\u00e9l\u00e9gance contemporaine.\" \/>\n<meta name=\"robots\" content=\"index, follow, max-snippet:-1, max-image-preview:large, max-video-preview:-1\" \/>\n<link rel=\"canonical\" href=\"https:\/\/softicated.com\/en\/produit\/tapis-rectangulaire-sur-mesure-softicated\/\" \/>\n<meta property=\"og:locale\" content=\"en_GB\" \/>\n<meta property=\"og:type\" content=\"article\" \/>\n<meta property=\"og:title\" content=\"Tapis Light\" \/>\n<meta property=\"og:description\" content=\"Le tapis \u201cLight\u201d, issu de la collection \u201cWeightlessness\u201d incarne la rencontre entre la g\u00e9om\u00e9trie naturelle et l\u2019\u00e9l\u00e9gance contemporaine.\" \/>\n<meta property=\"og:url\" content=\"https:\/\/softicated.com\/en\/produit\/tapis-rectangulaire-sur-mesure-softicated\/\" \/>\n<meta property=\"og:site_name\" content=\"Softicated\" \/>\n<meta property=\"article:publisher\" content=\"https:\/\/www.facebook.com\/Softicated\" \/>\n<meta property=\"article:modified_time\" content=\"2026-03-16T05:28:31+00:00\" \/>\n<meta property=\"og:image\" content=\"https:\/\/softicated.com\/wp-content\/uploads\/2021\/03\/Light.png\" \/>\n\t<meta property=\"og:image:width\" content=\"188\" \/>\n\t<meta property=\"og:image:height\" content=\"260\" \/>\n\t<meta property=\"og:image:type\" content=\"image\/png\" \/>\n<meta name=\"twitter:card\" content=\"summary_large_image\" \/>\n<script type=\"application\/ld+json\" class=\"yoast-schema-graph\">{\"@context\":\"https:\/\/schema.org\",\"@graph\":[{\"@type\":\"WebPage\",\"@id\":\"https:\/\/softicated.com\/produit\/tapis-rectangulaire-sur-mesure-softicated\/\",\"url\":\"https:\/\/softicated.com\/produit\/tapis-rectangulaire-sur-mesure-softicated\/\",\"name\":\"Tapis Light - Softicated\",\"isPartOf\":{\"@id\":\"https:\/\/softicated.com\/#website\"},\"primaryImageOfPage\":{\"@id\":\"https:\/\/softicated.com\/produit\/tapis-rectangulaire-sur-mesure-softicated\/#primaryimage\"},\"image\":{\"@id\":\"https:\/\/softicated.com\/produit\/tapis-rectangulaire-sur-mesure-softicated\/#primaryimage\"},\"thumbnailUrl\":\"https:\/\/softicated.com\/wp-content\/uploads\/2021\/03\/Light.png\",\"datePublished\":\"2021-03-11T10:13:58+00:00\",\"dateModified\":\"2026-03-16T05:28:31+00:00\",\"description\":\"Le tapis \u201cLight\u201d, issu de la collection \u201cWeightlessness\u201d incarne la rencontre entre la g\u00e9om\u00e9trie naturelle et l\u2019\u00e9l\u00e9gance contemporaine.\",\"breadcrumb\":{\"@id\":\"https:\/\/softicated.com\/produit\/tapis-rectangulaire-sur-mesure-softicated\/#breadcrumb\"},\"inLanguage\":\"en-GB\",\"potentialAction\":[{\"@type\":\"ReadAction\",\"target\":[\"https:\/\/softicated.com\/produit\/tapis-rectangulaire-sur-mesure-softicated\/\"]}]},{\"@type\":\"ImageObject\",\"inLanguage\":\"en-GB\",\"@id\":\"https:\/\/softicated.com\/produit\/tapis-rectangulaire-sur-mesure-softicated\/#primaryimage\",\"url\":\"https:\/\/softicated.com\/wp-content\/uploads\/2021\/03\/Light.png\",\"contentUrl\":\"https:\/\/softicated.com\/wp-content\/uploads\/2021\/03\/Light.png\",\"width\":188,\"height\":260,\"caption\":\"Light\"},{\"@type\":\"BreadcrumbList\",\"@id\":\"https:\/\/softicated.com\/produit\/tapis-rectangulaire-sur-mesure-softicated\/#breadcrumb\",\"itemListElement\":[{\"@type\":\"ListItem\",\"position\":1,\"name\":\"Accueil\",\"item\":\"https:\/\/softicated.com\/\"},{\"@type\":\"ListItem\",\"position\":2,\"name\":\"Produits Mobilier Premium Softicated\",\"item\":\"https:\/\/softicated.com\/produits\/\"},{\"@type\":\"ListItem\",\"position\":3,\"name\":\"Tapis \u00e0 motifs\",\"item\":\"https:\/\/softicated.com\/categorie-produit\/tapis-a-motifs\/\"},{\"@type\":\"ListItem\",\"position\":4,\"name\":\"Tapis Design sur mesure\"}]},{\"@type\":\"WebSite\",\"@id\":\"https:\/\/softicated.com\/#website\",\"url\":\"https:\/\/softicated.com\/\",\"name\":\"Softicated\",\"description\":\"Cr\u00e9ateur de meubles, luminaires et tapis premium\",\"publisher\":{\"@id\":\"https:\/\/softicated.com\/#organization\"},\"potentialAction\":[{\"@type\":\"SearchAction\",\"target\":{\"@type\":\"EntryPoint\",\"urlTemplate\":\"https:\/\/softicated.com\/?s={search_term_string}\"},\"query-input\":{\"@type\":\"PropertyValueSpecification\",\"valueRequired\":true,\"valueName\":\"search_term_string\"}}],\"inLanguage\":\"en-GB\"},{\"@type\":\"Organization\",\"@id\":\"https:\/\/softicated.com\/#organization\",\"name\":\"Softicated\",\"url\":\"https:\/\/softicated.com\/\",\"logo\":{\"@type\":\"ImageObject\",\"inLanguage\":\"en-GB\",\"@id\":\"https:\/\/softicated.com\/#\/schema\/logo\/image\/\",\"url\":\"https:\/\/softicated.com\/wp-content\/uploads\/2025\/11\/logo-dark-2.svg\",\"contentUrl\":\"https:\/\/softicated.com\/wp-content\/uploads\/2025\/11\/logo-dark-2.svg\",\"caption\":\"Softicated\"},\"image\":{\"@id\":\"https:\/\/softicated.com\/#\/schema\/logo\/image\/\"},\"sameAs\":[\"https:\/\/www.facebook.com\/Softicated\",\"https:\/\/www.pinterest.com\/softicateddesign\",\"https:\/\/www.instagram.com\/softicated.design\"]}]}<\/script>\n<!-- \/ Yoast SEO Premium plugin. -->","yoast_head_json":{"title":"Rug Light - Softicated","description":"Le tapis \u201cLight\u201d, issu de la collection \u201cWeightlessness\u201d incarne la rencontre entre la g\u00e9om\u00e9trie naturelle et l\u2019\u00e9l\u00e9gance contemporaine.","robots":{"index":"index","follow":"follow","max-snippet":"max-snippet:-1","max-image-preview":"max-image-preview:large","max-video-preview":"max-video-preview:-1"},"canonical":"https:\/\/softicated.com\/en\/produit\/tapis-rectangulaire-sur-mesure-softicated\/","og_locale":"en_GB","og_type":"article","og_title":"Tapis Light","og_description":"Le tapis \u201cLight\u201d, issu de la collection \u201cWeightlessness\u201d incarne la rencontre entre la g\u00e9om\u00e9trie naturelle et l\u2019\u00e9l\u00e9gance contemporaine.","og_url":"https:\/\/softicated.com\/en\/produit\/tapis-rectangulaire-sur-mesure-softicated\/","og_site_name":"Softicated","article_publisher":"https:\/\/www.facebook.com\/Softicated","article_modified_time":"2026-03-16T05:28:31+00:00","og_image":[{"width":188,"height":260,"url":"https:\/\/softicated.com\/wp-content\/uploads\/2021\/03\/Light.png","type":"image\/png"}],"twitter_card":"summary_large_image","schema":{"@context":"https:\/\/schema.org","@graph":[{"@type":"WebPage","@id":"https:\/\/softicated.com\/produit\/tapis-rectangulaire-sur-mesure-softicated\/","url":"https:\/\/softicated.com\/produit\/tapis-rectangulaire-sur-mesure-softicated\/","name":"Rug Light - Softicated","isPartOf":{"@id":"https:\/\/softicated.com\/#website"},"primaryImageOfPage":{"@id":"https:\/\/softicated.com\/produit\/tapis-rectangulaire-sur-mesure-softicated\/#primaryimage"},"image":{"@id":"https:\/\/softicated.com\/produit\/tapis-rectangulaire-sur-mesure-softicated\/#primaryimage"},"thumbnailUrl":"https:\/\/softicated.com\/wp-content\/uploads\/2021\/03\/Light.png","datePublished":"2021-03-11T10:13:58+00:00","dateModified":"2026-03-16T05:28:31+00:00","description":"Le tapis \u201cLight\u201d, issu de la collection \u201cWeightlessness\u201d incarne la rencontre entre la g\u00e9om\u00e9trie naturelle et l\u2019\u00e9l\u00e9gance contemporaine.","breadcrumb":{"@id":"https:\/\/softicated.com\/produit\/tapis-rectangulaire-sur-mesure-softicated\/#breadcrumb"},"inLanguage":"en-GB","potentialAction":[{"@type":"ReadAction","target":["https:\/\/softicated.com\/produit\/tapis-rectangulaire-sur-mesure-softicated\/"]}]},{"@type":"ImageObject","inLanguage":"en-GB","@id":"https:\/\/softicated.com\/produit\/tapis-rectangulaire-sur-mesure-softicated\/#primaryimage","url":"https:\/\/softicated.com\/wp-content\/uploads\/2021\/03\/Light.png","contentUrl":"https:\/\/softicated.com\/wp-content\/uploads\/2021\/03\/Light.png","width":188,"height":260,"caption":"Light"},{"@type":"BreadcrumbList","@id":"https:\/\/softicated.com\/produit\/tapis-rectangulaire-sur-mesure-softicated\/#breadcrumb","itemListElement":[{"@type":"ListItem","position":1,"name":"Accueil","item":"https:\/\/softicated.com\/"},{"@type":"ListItem","position":2,"name":"Produits Mobilier Premium Softicated","item":"https:\/\/softicated.com\/produits\/"},{"@type":"ListItem","position":3,"name":"Tapis \u00e0 motifs","item":"https:\/\/softicated.com\/categorie-produit\/tapis-a-motifs\/"},{"@type":"ListItem","position":4,"name":"Tapis Design sur mesure"}]},{"@type":"WebSite","@id":"https:\/\/softicated.com\/#website","url":"https:\/\/softicated.com\/","name":"Softicated","description":"Designer of premium furniture, lighting and rugs","publisher":{"@id":"https:\/\/softicated.com\/#organization"},"potentialAction":[{"@type":"SearchAction","target":{"@type":"EntryPoint","urlTemplate":"https:\/\/softicated.com\/?s={search_term_string}"},"query-input":{"@type":"PropertyValueSpecification","valueRequired":true,"valueName":"search_term_string"}}],"inLanguage":"en-GB"},{"@type":"Organization","@id":"https:\/\/softicated.com\/#organization","name":"Softicated","url":"https:\/\/softicated.com\/","logo":{"@type":"ImageObject","inLanguage":"en-GB","@id":"https:\/\/softicated.com\/#\/schema\/logo\/image\/","url":"https:\/\/softicated.com\/wp-content\/uploads\/2025\/11\/logo-dark-2.svg","contentUrl":"https:\/\/softicated.com\/wp-content\/uploads\/2025\/11\/logo-dark-2.svg","caption":"Softicated"},"image":{"@id":"https:\/\/softicated.com\/#\/schema\/logo\/image\/"},"sameAs":["https:\/\/www.facebook.com\/Softicated","https:\/\/www.pinterest.com\/softicateddesign","https:\/\/www.instagram.com\/softicated.design"]}]}},"_links":{"self":[{"href":"https:\/\/softicated.com\/en\/wp-json\/wp\/v2\/product\/3753","targetHints":{"allow":["GET"]}}],"collection":[{"href":"https:\/\/softicated.com\/en\/wp-json\/wp\/v2\/product"}],"about":[{"href":"https:\/\/softicated.com\/en\/wp-json\/wp\/v2\/types\/product"}],"replies":[{"embeddable":true,"href":"https:\/\/softicated.com\/en\/wp-json\/wp\/v2\/comments?post=3753"}],"wp:featuredmedia":[{"embeddable":true,"href":"https:\/\/softicated.com\/en\/wp-json\/wp\/v2\/media\/15197"}],"wp:attachment":[{"href":"https:\/\/softicated.com\/en\/wp-json\/wp\/v2\/media?parent=3753"}],"wp:term":[{"taxonomy":"product_brand","embeddable":true,"href":"https:\/\/softicated.com\/en\/wp-json\/wp\/v2\/product_brand?post=3753"},{"taxonomy":"product_cat","embeddable":true,"href":"https:\/\/softicated.com\/en\/wp-json\/wp\/v2\/product_cat?post=3753"},{"taxonomy":"product_tag","embeddable":true,"href":"https:\/\/softicated.com\/en\/wp-json\/wp\/v2\/product_tag?post=3753"},{"taxonomy":"collections","embeddable":true,"href":"https:\/\/softicated.com\/en\/wp-json\/wp\/v2\/collections?post=3753"},{"taxonomy":"awards","embeddable":true,"href":"https:\/\/softicated.com\/en\/wp-json\/wp\/v2\/awards?post=3753"},{"taxonomy":"by_color","embeddable":true,"href":"https:\/\/softicated.com\/en\/wp-json\/wp\/v2\/by_color?post=3753"}],"curies":[{"name":"wp","href":"https:\/\/api.w.org\/{rel}","templated":true}]}}