{"id":3750,"date":"2021-03-11T11:13:19","date_gmt":"2021-03-11T10:13:19","guid":{"rendered":"https:\/\/softicated.com\/?post_type=product&#038;p=3750"},"modified":"2026-03-16T06:28:31","modified_gmt":"2026-03-16T05:28:31","slug":"tapis-rugs-softicated-structure-en-nid-dabeilles-orange","status":"publish","type":"product","link":"https:\/\/softicated.com\/en\/produit\/tapis-rugs-softicated-structure-en-nid-dabeilles-orange\/","title":{"rendered":"Rug Orange"},"content":{"rendered":"<p>The \u201cOrange\u201d rug from the \u201cWeightlessness\u201d collection represents a remarkable fusion of natural inspiration and contemporary boldness. The design draws from nature\u2019s perfect forms such as the egg and beehive structures. These figures known for their symmetry and balance structure the central motif: an elongated ovoid shape housing a composition of hexagonal cells faithfully inspired by wax structures. This juxtaposition of geometric and organic motifs creates an aesthetic that is both modern and timeless.<\/p>\n<p>The rug\u2019s understated yet deep gray background offers an elegant base that highlights the vibrant and contrasting central hues. Pink, turquoise, green-gray and orange unfold energetically forming a vibrant core. The predominant orange immediately captures attention, infusing dynamism and warmth. It\u2019s balanced by the softness of pink, the freshness of turquoise and the vegetal subtlety of green-gray.<\/p>\n<p>Thanks to the \u201cCut &amp; Loop\u201d technique, the motif gains relief and texture accentuating the central area\u2019s floating effect against the solid background. This method enhances the collection\u2019s characteristic sensation of suspension while emphasizing contrasts between different zones.<\/p>\n<p>Made of wool and botanical silk, this rug combines comfort, finesse and durability. Wool provides warmth and robustness while silk imparts a discreet sheen and delicate touch enhancing the colorful nuances and design details.<\/p>\n<p>Perfect for a contemporary living room, expressive bedroom or creative workspace, this rug stands out as a centerpiece. It embodies a refined balance between graphic rigor and chromatic freedom, nature and design, artisanal tradition and modernity.<\/p>\n<p>Assert your style with the Orange rug from the \u201cWeightlessness\u201d collection, a perfect alliance of nature, design and color.<\/p>\n<p><em>Delivery includes curbside delivery. For a white gloves delivery &amp; installation service, <span style=\"text-decoration: underline;\"><a href=\"https:\/\/softicated.com\/en\/contact\/\">contact us<\/a><\/span>.<\/em><\/p>","protected":false},"excerpt":{"rendered":"<p>Le tapis \u201cOrange\u201d, issu de la collection \u201cWeightlessness\u201d est une fusion remarquable entre inspiration naturelle et audace contemporaine. Le design puise sa source dans les formes parfaites de la nature telles que l\u2019\u0153uf et les alv\u00e9oles des ruches d\u2019abeilles. Ces figures, reconnues pour leur sym\u00e9trie et leur \u00e9quilibre structurent le motif central: une forme ovo\u00efde [&hellip;]<\/p>","protected":false},"featured_media":15198,"comment_status":"closed","ping_status":"closed","template":"","meta":{"_acf_changed":false},"product_brand":[],"product_cat":[300,299,27],"product_tag":[],"collections":[180],"awards":[],"by_color":[341],"class_list":{"0":"post-3750","1":"product","2":"type-product","3":"status-publish","4":"has-post-thumbnail","6":"product_cat-tapis-a-motifs","7":"product_cat-tapis-multicolores","8":"product_cat-rugs","9":"product_shipping_class-tapis","10":"collections-weightlessness","11":"by_color-orange-rouille","13":"first","14":"instock","15":"shipping-taxable","16":"purchasable","17":"product-type-variable","18":"has-default-attributes"},"acf":[],"yoast_head":"<!-- This site is optimized with the Yoast SEO Premium plugin v25.7.1 (Yoast SEO v26.9) - https:\/\/yoast.com\/product\/yoast-seo-premium-wordpress\/ -->\n<title>Tapis Orange - Softicated<\/title>\n<meta name=\"description\" content=\"L\u2019inspiration de cette collection vient de la nature. Nous y retrouvons l\u2019\u0153uf mais aussi les alv\u00e9oles des ruches cr\u00e9\u00e9es par les abeilles.\" \/>\n<meta name=\"robots\" content=\"index, follow, max-snippet:-1, max-image-preview:large, max-video-preview:-1\" \/>\n<link rel=\"canonical\" href=\"https:\/\/softicated.com\/en\/produit\/tapis-rugs-softicated-structure-en-nid-dabeilles-orange\/\" \/>\n<meta property=\"og:locale\" content=\"en_GB\" \/>\n<meta property=\"og:type\" content=\"article\" \/>\n<meta property=\"og:title\" content=\"Tapis Orange\" \/>\n<meta property=\"og:description\" content=\"L\u2019inspiration de cette collection vient de la nature. Nous y retrouvons l\u2019\u0153uf mais aussi les alv\u00e9oles des ruches cr\u00e9\u00e9es par les abeilles.\" \/>\n<meta property=\"og:url\" content=\"https:\/\/softicated.com\/en\/produit\/tapis-rugs-softicated-structure-en-nid-dabeilles-orange\/\" \/>\n<meta property=\"og:site_name\" content=\"Softicated\" \/>\n<meta property=\"article:publisher\" content=\"https:\/\/www.facebook.com\/Softicated\" \/>\n<meta property=\"article:modified_time\" content=\"2026-03-16T05:28:31+00:00\" \/>\n<meta property=\"og:image\" content=\"https:\/\/softicated.com\/wp-content\/uploads\/2021\/03\/Orange-1.png\" \/>\n\t<meta property=\"og:image:width\" content=\"188\" \/>\n\t<meta property=\"og:image:height\" content=\"260\" \/>\n\t<meta property=\"og:image:type\" content=\"image\/png\" \/>\n<meta name=\"twitter:card\" content=\"summary_large_image\" \/>\n<script type=\"application\/ld+json\" class=\"yoast-schema-graph\">{\"@context\":\"https:\/\/schema.org\",\"@graph\":[{\"@type\":\"WebPage\",\"@id\":\"https:\/\/softicated.com\/produit\/tapis-rugs-softicated-structure-en-nid-dabeilles-orange\/\",\"url\":\"https:\/\/softicated.com\/produit\/tapis-rugs-softicated-structure-en-nid-dabeilles-orange\/\",\"name\":\"Tapis Orange - Softicated\",\"isPartOf\":{\"@id\":\"https:\/\/softicated.com\/#website\"},\"primaryImageOfPage\":{\"@id\":\"https:\/\/softicated.com\/produit\/tapis-rugs-softicated-structure-en-nid-dabeilles-orange\/#primaryimage\"},\"image\":{\"@id\":\"https:\/\/softicated.com\/produit\/tapis-rugs-softicated-structure-en-nid-dabeilles-orange\/#primaryimage\"},\"thumbnailUrl\":\"https:\/\/softicated.com\/wp-content\/uploads\/2021\/03\/Orange-1.png\",\"datePublished\":\"2021-03-11T10:13:19+00:00\",\"dateModified\":\"2026-03-16T05:28:31+00:00\",\"description\":\"L\u2019inspiration de cette collection vient de la nature. Nous y retrouvons l\u2019\u0153uf mais aussi les alv\u00e9oles des ruches cr\u00e9\u00e9es par les abeilles.\",\"breadcrumb\":{\"@id\":\"https:\/\/softicated.com\/produit\/tapis-rugs-softicated-structure-en-nid-dabeilles-orange\/#breadcrumb\"},\"inLanguage\":\"en-GB\",\"potentialAction\":[{\"@type\":\"ReadAction\",\"target\":[\"https:\/\/softicated.com\/produit\/tapis-rugs-softicated-structure-en-nid-dabeilles-orange\/\"]}]},{\"@type\":\"ImageObject\",\"inLanguage\":\"en-GB\",\"@id\":\"https:\/\/softicated.com\/produit\/tapis-rugs-softicated-structure-en-nid-dabeilles-orange\/#primaryimage\",\"url\":\"https:\/\/softicated.com\/wp-content\/uploads\/2021\/03\/Orange-1.png\",\"contentUrl\":\"https:\/\/softicated.com\/wp-content\/uploads\/2021\/03\/Orange-1.png\",\"width\":188,\"height\":260,\"caption\":\"Orange\"},{\"@type\":\"BreadcrumbList\",\"@id\":\"https:\/\/softicated.com\/produit\/tapis-rugs-softicated-structure-en-nid-dabeilles-orange\/#breadcrumb\",\"itemListElement\":[{\"@type\":\"ListItem\",\"position\":1,\"name\":\"Accueil\",\"item\":\"https:\/\/softicated.com\/\"},{\"@type\":\"ListItem\",\"position\":2,\"name\":\"Produits Mobilier Premium Softicated\",\"item\":\"https:\/\/softicated.com\/produits\/\"},{\"@type\":\"ListItem\",\"position\":3,\"name\":\"Tapis \u00e0 motifs\",\"item\":\"https:\/\/softicated.com\/categorie-produit\/tapis-a-motifs\/\"},{\"@type\":\"ListItem\",\"position\":4,\"name\":\"Tapis design sur mesure\"}]},{\"@type\":\"WebSite\",\"@id\":\"https:\/\/softicated.com\/#website\",\"url\":\"https:\/\/softicated.com\/\",\"name\":\"Softicated\",\"description\":\"Cr\u00e9ateur de meubles, luminaires et tapis premium\",\"publisher\":{\"@id\":\"https:\/\/softicated.com\/#organization\"},\"potentialAction\":[{\"@type\":\"SearchAction\",\"target\":{\"@type\":\"EntryPoint\",\"urlTemplate\":\"https:\/\/softicated.com\/?s={search_term_string}\"},\"query-input\":{\"@type\":\"PropertyValueSpecification\",\"valueRequired\":true,\"valueName\":\"search_term_string\"}}],\"inLanguage\":\"en-GB\"},{\"@type\":\"Organization\",\"@id\":\"https:\/\/softicated.com\/#organization\",\"name\":\"Softicated\",\"url\":\"https:\/\/softicated.com\/\",\"logo\":{\"@type\":\"ImageObject\",\"inLanguage\":\"en-GB\",\"@id\":\"https:\/\/softicated.com\/#\/schema\/logo\/image\/\",\"url\":\"https:\/\/softicated.com\/wp-content\/uploads\/2025\/11\/logo-dark-2.svg\",\"contentUrl\":\"https:\/\/softicated.com\/wp-content\/uploads\/2025\/11\/logo-dark-2.svg\",\"caption\":\"Softicated\"},\"image\":{\"@id\":\"https:\/\/softicated.com\/#\/schema\/logo\/image\/\"},\"sameAs\":[\"https:\/\/www.facebook.com\/Softicated\",\"https:\/\/www.pinterest.com\/softicateddesign\",\"https:\/\/www.instagram.com\/softicated.design\"]}]}<\/script>\n<!-- \/ Yoast SEO Premium plugin. -->","yoast_head_json":{"title":"Rug Orange - Softicated","description":"The inspiration for this collection comes from nature. We find the egg there but also the honeycombs of the hives created by the bees.","robots":{"index":"index","follow":"follow","max-snippet":"max-snippet:-1","max-image-preview":"max-image-preview:large","max-video-preview":"max-video-preview:-1"},"canonical":"https:\/\/softicated.com\/en\/produit\/tapis-rugs-softicated-structure-en-nid-dabeilles-orange\/","og_locale":"en_GB","og_type":"article","og_title":"Tapis Orange","og_description":"L\u2019inspiration de cette collection vient de la nature. Nous y retrouvons l\u2019\u0153uf mais aussi les alv\u00e9oles des ruches cr\u00e9\u00e9es par les abeilles.","og_url":"https:\/\/softicated.com\/en\/produit\/tapis-rugs-softicated-structure-en-nid-dabeilles-orange\/","og_site_name":"Softicated","article_publisher":"https:\/\/www.facebook.com\/Softicated","article_modified_time":"2026-03-16T05:28:31+00:00","og_image":[{"width":188,"height":260,"url":"https:\/\/softicated.com\/wp-content\/uploads\/2021\/03\/Orange-1.png","type":"image\/png"}],"twitter_card":"summary_large_image","schema":{"@context":"https:\/\/schema.org","@graph":[{"@type":"WebPage","@id":"https:\/\/softicated.com\/produit\/tapis-rugs-softicated-structure-en-nid-dabeilles-orange\/","url":"https:\/\/softicated.com\/produit\/tapis-rugs-softicated-structure-en-nid-dabeilles-orange\/","name":"Rug Orange - Softicated","isPartOf":{"@id":"https:\/\/softicated.com\/#website"},"primaryImageOfPage":{"@id":"https:\/\/softicated.com\/produit\/tapis-rugs-softicated-structure-en-nid-dabeilles-orange\/#primaryimage"},"image":{"@id":"https:\/\/softicated.com\/produit\/tapis-rugs-softicated-structure-en-nid-dabeilles-orange\/#primaryimage"},"thumbnailUrl":"https:\/\/softicated.com\/wp-content\/uploads\/2021\/03\/Orange-1.png","datePublished":"2021-03-11T10:13:19+00:00","dateModified":"2026-03-16T05:28:31+00:00","description":"The inspiration for this collection comes from nature. We find the egg there but also the honeycombs of the hives created by the bees.","breadcrumb":{"@id":"https:\/\/softicated.com\/produit\/tapis-rugs-softicated-structure-en-nid-dabeilles-orange\/#breadcrumb"},"inLanguage":"en-GB","potentialAction":[{"@type":"ReadAction","target":["https:\/\/softicated.com\/produit\/tapis-rugs-softicated-structure-en-nid-dabeilles-orange\/"]}]},{"@type":"ImageObject","inLanguage":"en-GB","@id":"https:\/\/softicated.com\/produit\/tapis-rugs-softicated-structure-en-nid-dabeilles-orange\/#primaryimage","url":"https:\/\/softicated.com\/wp-content\/uploads\/2021\/03\/Orange-1.png","contentUrl":"https:\/\/softicated.com\/wp-content\/uploads\/2021\/03\/Orange-1.png","width":188,"height":260,"caption":"Orange"},{"@type":"BreadcrumbList","@id":"https:\/\/softicated.com\/produit\/tapis-rugs-softicated-structure-en-nid-dabeilles-orange\/#breadcrumb","itemListElement":[{"@type":"ListItem","position":1,"name":"Accueil","item":"https:\/\/softicated.com\/"},{"@type":"ListItem","position":2,"name":"Produits Mobilier Premium Softicated","item":"https:\/\/softicated.com\/produits\/"},{"@type":"ListItem","position":3,"name":"Tapis \u00e0 motifs","item":"https:\/\/softicated.com\/categorie-produit\/tapis-a-motifs\/"},{"@type":"ListItem","position":4,"name":"Tapis design sur mesure"}]},{"@type":"WebSite","@id":"https:\/\/softicated.com\/#website","url":"https:\/\/softicated.com\/","name":"Softicated","description":"Designer of premium furniture, lighting and rugs","publisher":{"@id":"https:\/\/softicated.com\/#organization"},"potentialAction":[{"@type":"SearchAction","target":{"@type":"EntryPoint","urlTemplate":"https:\/\/softicated.com\/?s={search_term_string}"},"query-input":{"@type":"PropertyValueSpecification","valueRequired":true,"valueName":"search_term_string"}}],"inLanguage":"en-GB"},{"@type":"Organization","@id":"https:\/\/softicated.com\/#organization","name":"Softicated","url":"https:\/\/softicated.com\/","logo":{"@type":"ImageObject","inLanguage":"en-GB","@id":"https:\/\/softicated.com\/#\/schema\/logo\/image\/","url":"https:\/\/softicated.com\/wp-content\/uploads\/2025\/11\/logo-dark-2.svg","contentUrl":"https:\/\/softicated.com\/wp-content\/uploads\/2025\/11\/logo-dark-2.svg","caption":"Softicated"},"image":{"@id":"https:\/\/softicated.com\/#\/schema\/logo\/image\/"},"sameAs":["https:\/\/www.facebook.com\/Softicated","https:\/\/www.pinterest.com\/softicateddesign","https:\/\/www.instagram.com\/softicated.design"]}]}},"_links":{"self":[{"href":"https:\/\/softicated.com\/en\/wp-json\/wp\/v2\/product\/3750","targetHints":{"allow":["GET"]}}],"collection":[{"href":"https:\/\/softicated.com\/en\/wp-json\/wp\/v2\/product"}],"about":[{"href":"https:\/\/softicated.com\/en\/wp-json\/wp\/v2\/types\/product"}],"replies":[{"embeddable":true,"href":"https:\/\/softicated.com\/en\/wp-json\/wp\/v2\/comments?post=3750"}],"wp:featuredmedia":[{"embeddable":true,"href":"https:\/\/softicated.com\/en\/wp-json\/wp\/v2\/media\/15198"}],"wp:attachment":[{"href":"https:\/\/softicated.com\/en\/wp-json\/wp\/v2\/media?parent=3750"}],"wp:term":[{"taxonomy":"product_brand","embeddable":true,"href":"https:\/\/softicated.com\/en\/wp-json\/wp\/v2\/product_brand?post=3750"},{"taxonomy":"product_cat","embeddable":true,"href":"https:\/\/softicated.com\/en\/wp-json\/wp\/v2\/product_cat?post=3750"},{"taxonomy":"product_tag","embeddable":true,"href":"https:\/\/softicated.com\/en\/wp-json\/wp\/v2\/product_tag?post=3750"},{"taxonomy":"collections","embeddable":true,"href":"https:\/\/softicated.com\/en\/wp-json\/wp\/v2\/collections?post=3750"},{"taxonomy":"awards","embeddable":true,"href":"https:\/\/softicated.com\/en\/wp-json\/wp\/v2\/awards?post=3750"},{"taxonomy":"by_color","embeddable":true,"href":"https:\/\/softicated.com\/en\/wp-json\/wp\/v2\/by_color?post=3750"}],"curies":[{"name":"wp","href":"https:\/\/api.w.org\/{rel}","templated":true}]}}