{"id":3747,"date":"2021-03-11T11:12:35","date_gmt":"2021-03-11T10:12:35","guid":{"rendered":"https:\/\/softicated.com\/?post_type=product&#038;p=3747"},"modified":"2026-03-16T06:31:47","modified_gmt":"2026-03-16T05:31:47","slug":"rectangular-yellow","status":"publish","type":"product","link":"https:\/\/softicated.com\/en\/produit\/rectangular-yellow\/","title":{"rendered":"Rug Yellow"},"content":{"rendered":"<p>This \u201cYellow\u201d rug from the \u201cWeightlessness\u201d collection embodies a subtle fusion of natural perfection and expressive color. Inspired by the harmonious forms of the egg and beehive structures, this collection pays homage to nature\u2019s geometry. At the heart of each rug, a composition of hexagonal cells, faithful to beehive structures is integrated within a stylized ovoid shape. This dialogue between organic and geometric lines gives rise to a design that is both modern and timeless.<\/p>\n<p>On a soft and luminous beige background, this central structure stands out through a bold play of colors: forest green, royal blue, turquoise and especially a predominance of golden yellow. The latter illuminates the composition bringing solar energy that draws the eye and creates a warm and refined ambiance. Forest green grounds the ensemble, royal blue adds depth and turquoise introduces a lively and airy touch, perfectly balancing the palette.<\/p>\n<p>Thanks to the \u201cCut &amp; Loop\u201d technique, the hexagons gain relief enhancing the central structure\u2019s floating effect against the neutral background. This subtle texture enriches the rug\u2019s surface accentuating contrasts between smooth and textured areas.<\/p>\n<p>Made of wool and botanical silk, this rug combines softness, discreet sheen and durability.<\/p>\n<p>Perfect for a contemporary, eclectic, or classic interior, this rug becomes a true centerpiece. It captures light, structures the space and invites contemplation.<\/p>\n<p>Choosing the \u201cYellow\u201d design means bringing into your home a textile artwork inspired by nature, blending innovation, design and visual poetry.<\/p>\n<p><em>Delivery includes curbside delivery. For a white gloves delivery &amp; installation service, <span style=\"text-decoration: underline;\"><a href=\"https:\/\/softicated.com\/en\/contact\/\">contact us<\/a><\/span>.<\/em><\/p>","protected":false},"excerpt":{"rendered":"<p>Le tapis \u201cYellow\u201d, issu de la collection \u201cWeightlessness\u201d repr\u00e9sente une fusion subtile entre perfection naturelle et expressivit\u00e9 color\u00e9e. Inspir\u00e9e des formes harmonieuses de l\u2019\u0153uf et des alv\u00e9oles des ruches, cette collection rend hommage \u00e0 la g\u00e9om\u00e9trie de la nature. Au c\u0153ur de chaque tapis, une composition d\u2019alv\u00e9oles hexagonales fid\u00e8le aux structures de cire d\u2019abeille est [&hellip;]<\/p>","protected":false},"featured_media":15199,"comment_status":"closed","ping_status":"closed","template":"","meta":{"_acf_changed":false},"product_brand":[],"product_cat":[300,299,27],"product_tag":[],"collections":[180],"awards":[140],"by_color":[339],"class_list":{"0":"post-3747","1":"product","2":"type-product","3":"status-publish","4":"has-post-thumbnail","6":"product_cat-tapis-a-motifs","7":"product_cat-tapis-multicolores","8":"product_cat-rugs","9":"product_shipping_class-tapis","10":"collections-weightlessness","11":"awards-archiproduct-2021-longlisted-product","12":"by_color-dore-jaune","14":"first","15":"instock","16":"shipping-taxable","17":"purchasable","18":"product-type-variable","19":"has-default-attributes"},"acf":[],"yoast_head":"<!-- This site is optimized with the Yoast SEO Premium plugin v25.7.1 (Yoast SEO v26.9) - https:\/\/yoast.com\/product\/yoast-seo-premium-wordpress\/ -->\n<title>Tapis Yellow - Softicated<\/title>\n<meta name=\"description\" content=\"L\u2019inspiration de cette collection vient de la nature. Nous y retrouvons l\u2019\u0153uf mais aussi les alv\u00e9oles des ruches cr\u00e9\u00e9es par les abeilles.\" \/>\n<meta name=\"robots\" content=\"index, follow, max-snippet:-1, max-image-preview:large, max-video-preview:-1\" \/>\n<link rel=\"canonical\" href=\"https:\/\/softicated.com\/en\/produit\/rectangular-yellow\/\" \/>\n<meta property=\"og:locale\" content=\"en_GB\" \/>\n<meta property=\"og:type\" content=\"article\" \/>\n<meta property=\"og:title\" content=\"Tapis Yellow\" \/>\n<meta property=\"og:description\" content=\"L\u2019inspiration de cette collection vient de la nature. Nous y retrouvons l\u2019\u0153uf mais aussi les alv\u00e9oles des ruches cr\u00e9\u00e9es par les abeilles.\" \/>\n<meta property=\"og:url\" content=\"https:\/\/softicated.com\/en\/produit\/rectangular-yellow\/\" \/>\n<meta property=\"og:site_name\" content=\"Softicated\" \/>\n<meta property=\"article:publisher\" content=\"https:\/\/www.facebook.com\/Softicated\" \/>\n<meta property=\"article:modified_time\" content=\"2026-03-16T05:31:47+00:00\" \/>\n<meta property=\"og:image\" content=\"https:\/\/softicated.com\/wp-content\/uploads\/2021\/03\/Yellow.png\" \/>\n\t<meta property=\"og:image:width\" content=\"188\" \/>\n\t<meta property=\"og:image:height\" content=\"260\" \/>\n\t<meta property=\"og:image:type\" content=\"image\/png\" \/>\n<meta name=\"twitter:card\" content=\"summary_large_image\" \/>\n<script type=\"application\/ld+json\" class=\"yoast-schema-graph\">{\"@context\":\"https:\/\/schema.org\",\"@graph\":[{\"@type\":\"WebPage\",\"@id\":\"https:\/\/softicated.com\/produit\/rectangular-yellow\/\",\"url\":\"https:\/\/softicated.com\/produit\/rectangular-yellow\/\",\"name\":\"Tapis Yellow - Softicated\",\"isPartOf\":{\"@id\":\"https:\/\/softicated.com\/#website\"},\"primaryImageOfPage\":{\"@id\":\"https:\/\/softicated.com\/produit\/rectangular-yellow\/#primaryimage\"},\"image\":{\"@id\":\"https:\/\/softicated.com\/produit\/rectangular-yellow\/#primaryimage\"},\"thumbnailUrl\":\"https:\/\/softicated.com\/wp-content\/uploads\/2021\/03\/Yellow.png\",\"datePublished\":\"2021-03-11T10:12:35+00:00\",\"dateModified\":\"2026-03-16T05:31:47+00:00\",\"description\":\"L\u2019inspiration de cette collection vient de la nature. Nous y retrouvons l\u2019\u0153uf mais aussi les alv\u00e9oles des ruches cr\u00e9\u00e9es par les abeilles.\",\"breadcrumb\":{\"@id\":\"https:\/\/softicated.com\/produit\/rectangular-yellow\/#breadcrumb\"},\"inLanguage\":\"en-GB\",\"potentialAction\":[{\"@type\":\"ReadAction\",\"target\":[\"https:\/\/softicated.com\/produit\/rectangular-yellow\/\"]}]},{\"@type\":\"ImageObject\",\"inLanguage\":\"en-GB\",\"@id\":\"https:\/\/softicated.com\/produit\/rectangular-yellow\/#primaryimage\",\"url\":\"https:\/\/softicated.com\/wp-content\/uploads\/2021\/03\/Yellow.png\",\"contentUrl\":\"https:\/\/softicated.com\/wp-content\/uploads\/2021\/03\/Yellow.png\",\"width\":188,\"height\":260,\"caption\":\"Yellow\"},{\"@type\":\"BreadcrumbList\",\"@id\":\"https:\/\/softicated.com\/produit\/rectangular-yellow\/#breadcrumb\",\"itemListElement\":[{\"@type\":\"ListItem\",\"position\":1,\"name\":\"Accueil\",\"item\":\"https:\/\/softicated.com\/\"},{\"@type\":\"ListItem\",\"position\":2,\"name\":\"Produits Mobilier Premium Softicated\",\"item\":\"https:\/\/softicated.com\/produits\/\"},{\"@type\":\"ListItem\",\"position\":3,\"name\":\"Tapis \u00e0 motifs\",\"item\":\"https:\/\/softicated.com\/categorie-produit\/tapis-a-motifs\/\"},{\"@type\":\"ListItem\",\"position\":4,\"name\":\"Tapis design sur mesure\"}]},{\"@type\":\"WebSite\",\"@id\":\"https:\/\/softicated.com\/#website\",\"url\":\"https:\/\/softicated.com\/\",\"name\":\"Softicated\",\"description\":\"Cr\u00e9ateur de meubles, luminaires et tapis premium\",\"publisher\":{\"@id\":\"https:\/\/softicated.com\/#organization\"},\"potentialAction\":[{\"@type\":\"SearchAction\",\"target\":{\"@type\":\"EntryPoint\",\"urlTemplate\":\"https:\/\/softicated.com\/?s={search_term_string}\"},\"query-input\":{\"@type\":\"PropertyValueSpecification\",\"valueRequired\":true,\"valueName\":\"search_term_string\"}}],\"inLanguage\":\"en-GB\"},{\"@type\":\"Organization\",\"@id\":\"https:\/\/softicated.com\/#organization\",\"name\":\"Softicated\",\"url\":\"https:\/\/softicated.com\/\",\"logo\":{\"@type\":\"ImageObject\",\"inLanguage\":\"en-GB\",\"@id\":\"https:\/\/softicated.com\/#\/schema\/logo\/image\/\",\"url\":\"https:\/\/softicated.com\/wp-content\/uploads\/2025\/11\/logo-dark-2.svg\",\"contentUrl\":\"https:\/\/softicated.com\/wp-content\/uploads\/2025\/11\/logo-dark-2.svg\",\"caption\":\"Softicated\"},\"image\":{\"@id\":\"https:\/\/softicated.com\/#\/schema\/logo\/image\/\"},\"sameAs\":[\"https:\/\/www.facebook.com\/Softicated\",\"https:\/\/www.pinterest.com\/softicateddesign\",\"https:\/\/www.instagram.com\/softicated.design\"]}]}<\/script>\n<!-- \/ Yoast SEO Premium plugin. -->","yoast_head_json":{"title":"Rug Yellow - Softicated","description":"The inspiration for this collection comes from nature. We find the egg there but also the honeycombs of the hives created by the bees.","robots":{"index":"index","follow":"follow","max-snippet":"max-snippet:-1","max-image-preview":"max-image-preview:large","max-video-preview":"max-video-preview:-1"},"canonical":"https:\/\/softicated.com\/en\/produit\/rectangular-yellow\/","og_locale":"en_GB","og_type":"article","og_title":"Tapis Yellow","og_description":"L\u2019inspiration de cette collection vient de la nature. Nous y retrouvons l\u2019\u0153uf mais aussi les alv\u00e9oles des ruches cr\u00e9\u00e9es par les abeilles.","og_url":"https:\/\/softicated.com\/en\/produit\/rectangular-yellow\/","og_site_name":"Softicated","article_publisher":"https:\/\/www.facebook.com\/Softicated","article_modified_time":"2026-03-16T05:31:47+00:00","og_image":[{"width":188,"height":260,"url":"https:\/\/softicated.com\/wp-content\/uploads\/2021\/03\/Yellow.png","type":"image\/png"}],"twitter_card":"summary_large_image","schema":{"@context":"https:\/\/schema.org","@graph":[{"@type":"WebPage","@id":"https:\/\/softicated.com\/produit\/rectangular-yellow\/","url":"https:\/\/softicated.com\/produit\/rectangular-yellow\/","name":"Rug Yellow - Softicated","isPartOf":{"@id":"https:\/\/softicated.com\/#website"},"primaryImageOfPage":{"@id":"https:\/\/softicated.com\/produit\/rectangular-yellow\/#primaryimage"},"image":{"@id":"https:\/\/softicated.com\/produit\/rectangular-yellow\/#primaryimage"},"thumbnailUrl":"https:\/\/softicated.com\/wp-content\/uploads\/2021\/03\/Yellow.png","datePublished":"2021-03-11T10:12:35+00:00","dateModified":"2026-03-16T05:31:47+00:00","description":"The inspiration for this collection comes from nature. We find the egg there but also the honeycombs of the hives created by the bees.","breadcrumb":{"@id":"https:\/\/softicated.com\/produit\/rectangular-yellow\/#breadcrumb"},"inLanguage":"en-GB","potentialAction":[{"@type":"ReadAction","target":["https:\/\/softicated.com\/produit\/rectangular-yellow\/"]}]},{"@type":"ImageObject","inLanguage":"en-GB","@id":"https:\/\/softicated.com\/produit\/rectangular-yellow\/#primaryimage","url":"https:\/\/softicated.com\/wp-content\/uploads\/2021\/03\/Yellow.png","contentUrl":"https:\/\/softicated.com\/wp-content\/uploads\/2021\/03\/Yellow.png","width":188,"height":260,"caption":"Yellow"},{"@type":"BreadcrumbList","@id":"https:\/\/softicated.com\/produit\/rectangular-yellow\/#breadcrumb","itemListElement":[{"@type":"ListItem","position":1,"name":"Accueil","item":"https:\/\/softicated.com\/"},{"@type":"ListItem","position":2,"name":"Produits Mobilier Premium Softicated","item":"https:\/\/softicated.com\/produits\/"},{"@type":"ListItem","position":3,"name":"Tapis \u00e0 motifs","item":"https:\/\/softicated.com\/categorie-produit\/tapis-a-motifs\/"},{"@type":"ListItem","position":4,"name":"Tapis design sur mesure"}]},{"@type":"WebSite","@id":"https:\/\/softicated.com\/#website","url":"https:\/\/softicated.com\/","name":"Softicated","description":"Designer of premium furniture, lighting and rugs","publisher":{"@id":"https:\/\/softicated.com\/#organization"},"potentialAction":[{"@type":"SearchAction","target":{"@type":"EntryPoint","urlTemplate":"https:\/\/softicated.com\/?s={search_term_string}"},"query-input":{"@type":"PropertyValueSpecification","valueRequired":true,"valueName":"search_term_string"}}],"inLanguage":"en-GB"},{"@type":"Organization","@id":"https:\/\/softicated.com\/#organization","name":"Softicated","url":"https:\/\/softicated.com\/","logo":{"@type":"ImageObject","inLanguage":"en-GB","@id":"https:\/\/softicated.com\/#\/schema\/logo\/image\/","url":"https:\/\/softicated.com\/wp-content\/uploads\/2025\/11\/logo-dark-2.svg","contentUrl":"https:\/\/softicated.com\/wp-content\/uploads\/2025\/11\/logo-dark-2.svg","caption":"Softicated"},"image":{"@id":"https:\/\/softicated.com\/#\/schema\/logo\/image\/"},"sameAs":["https:\/\/www.facebook.com\/Softicated","https:\/\/www.pinterest.com\/softicateddesign","https:\/\/www.instagram.com\/softicated.design"]}]}},"_links":{"self":[{"href":"https:\/\/softicated.com\/en\/wp-json\/wp\/v2\/product\/3747","targetHints":{"allow":["GET"]}}],"collection":[{"href":"https:\/\/softicated.com\/en\/wp-json\/wp\/v2\/product"}],"about":[{"href":"https:\/\/softicated.com\/en\/wp-json\/wp\/v2\/types\/product"}],"replies":[{"embeddable":true,"href":"https:\/\/softicated.com\/en\/wp-json\/wp\/v2\/comments?post=3747"}],"wp:featuredmedia":[{"embeddable":true,"href":"https:\/\/softicated.com\/en\/wp-json\/wp\/v2\/media\/15199"}],"wp:attachment":[{"href":"https:\/\/softicated.com\/en\/wp-json\/wp\/v2\/media?parent=3747"}],"wp:term":[{"taxonomy":"product_brand","embeddable":true,"href":"https:\/\/softicated.com\/en\/wp-json\/wp\/v2\/product_brand?post=3747"},{"taxonomy":"product_cat","embeddable":true,"href":"https:\/\/softicated.com\/en\/wp-json\/wp\/v2\/product_cat?post=3747"},{"taxonomy":"product_tag","embeddable":true,"href":"https:\/\/softicated.com\/en\/wp-json\/wp\/v2\/product_tag?post=3747"},{"taxonomy":"collections","embeddable":true,"href":"https:\/\/softicated.com\/en\/wp-json\/wp\/v2\/collections?post=3747"},{"taxonomy":"awards","embeddable":true,"href":"https:\/\/softicated.com\/en\/wp-json\/wp\/v2\/awards?post=3747"},{"taxonomy":"by_color","embeddable":true,"href":"https:\/\/softicated.com\/en\/wp-json\/wp\/v2\/by_color?post=3747"}],"curies":[{"name":"wp","href":"https:\/\/api.w.org\/{rel}","templated":true}]}}