{"id":3744,"date":"2021-03-11T11:11:42","date_gmt":"2021-03-11T10:11:42","guid":{"rendered":"https:\/\/softicated.com\/?post_type=product&#038;p=3744"},"modified":"2026-03-16T06:31:56","modified_gmt":"2026-03-16T05:31:56","slug":"rectangular-plain-beige","status":"publish","type":"product","link":"https:\/\/softicated.com\/en\/produit\/rectangular-plain-beige\/","title":{"rendered":"Rug beach"},"content":{"rendered":"<p>The \u201cBeach\u201d rug, inspired by coastal landscapes captures the essence of the shoreline where pale sand meets azure waters and rocks sculpted by the waves. Its beige, caramel and blue hues blend harmoniously evoking the softness of warm sand, the richness of rocky formations and the depth of the ocean.<\/p>\n<p>This rug represents a perfect fusion of nature and contemporary design. Its subtle pattern, crafted using the \u201cCut &amp; Loop\u201d technique creates a raised texture reminiscent of the ripples left behind by retreating waves. This textured surface interacts beautifully with light, offering delicate contrasts and captivating visual depth.<\/p>\n<p>Made from wool and botanical silk, the \u201cBeach\u201d rug combines comfort, durability and elegance. These high-quality materials enhance the richness of its colors while providing a soft and luxurious feel underfoot.<\/p>\n<p>Thanks to its versatility, the \u201cBeach\u201d rug naturally fits into a wide range of settings whether residential or professional. It brings a calming, natural atmosphere to a modern living room, bedroom or welcoming spaces such as hotels, restaurants, or offices where it contributes to an ambiance that is both elegant and comforting.<\/p>\n<p>Avenue du Cardinal-Mermillod, 36 \u2013 1227 Carouge \u2013 Gen\u00e8ve \u2013 Suisse Transformez votre int\u00e9rieur en un havre de paix inspir\u00e9 des plages en choisissant le tapis \u201cBeach\u201d. Ses teintes naturelles et son design \u00e9voquent la s\u00e9r\u00e9nit\u00e9 du littoral apportent une touche de nature et de lumi\u00e8re \u00e0 votre espace.<\/p>\n<p><em>Delivery includes curbside delivery. For a white gloves delivery &amp; installation service, <span style=\"text-decoration: underline;\"><a href=\"https:\/\/softicated.com\/en\/contact\/\">contact us<\/a><\/span>.<\/em><\/p>","protected":false},"excerpt":{"rendered":"<p>Le tapis \u201cBeach\u201d inspir\u00e9 par les paysages c\u00f4tiers capture l\u2019essence des rivages o\u00f9 le sable clair rencontre les eaux azur\u00e9es et les rochers sculpt\u00e9s par les vagues. Ses teintes beige, caramel et bleue s\u2019entrelacent harmonieusement, \u00e9voquant la douceur du sable chaud, la richesse des formations rocheuses et la profondeur de l\u2019oc\u00e9an. Ce tapis incarne une [&hellip;]<\/p>","protected":false},"featured_media":15189,"comment_status":"closed","ping_status":"closed","template":"","meta":{"_acf_changed":false},"product_brand":[],"product_cat":[300,299,27],"product_tag":[],"collections":[32],"awards":[],"by_color":[],"class_list":{"0":"post-3744","1":"product","2":"type-product","3":"status-publish","4":"has-post-thumbnail","6":"product_cat-tapis-a-motifs","7":"product_cat-tapis-multicolores","8":"product_cat-rugs","9":"product_shipping_class-tapis","10":"collections-ebb-flow","12":"first","13":"instock","14":"featured","15":"shipping-taxable","16":"purchasable","17":"product-type-variable"},"acf":[],"yoast_head":"<!-- This site is optimized with the Yoast SEO Premium plugin v25.7.1 (Yoast SEO v26.9) - https:\/\/yoast.com\/product\/yoast-seo-premium-wordpress\/ -->\n<title>Tapis Beach - Softicated<\/title>\n<meta name=\"description\" content=\"Le tapis \u201c Beach \u201d inspir\u00e9 par les paysages c\u00f4tiers capture l\u2019essence des rivages o\u00f9 le sable clair rencontre les eaux azur\u00e9es.\" \/>\n<meta name=\"robots\" content=\"index, follow, max-snippet:-1, max-image-preview:large, max-video-preview:-1\" \/>\n<link rel=\"canonical\" href=\"https:\/\/softicated.com\/en\/produit\/rectangular-plain-beige\/\" \/>\n<meta property=\"og:locale\" content=\"en_GB\" \/>\n<meta property=\"og:type\" content=\"article\" \/>\n<meta property=\"og:title\" content=\"Tapis Beach\" \/>\n<meta property=\"og:description\" content=\"Le tapis \u201c Beach \u201d inspir\u00e9 par les paysages c\u00f4tiers capture l\u2019essence des rivages o\u00f9 le sable clair rencontre les eaux azur\u00e9es.\" \/>\n<meta property=\"og:url\" content=\"https:\/\/softicated.com\/en\/produit\/rectangular-plain-beige\/\" \/>\n<meta property=\"og:site_name\" content=\"Softicated\" \/>\n<meta property=\"article:publisher\" content=\"https:\/\/www.facebook.com\/Softicated\" \/>\n<meta property=\"article:modified_time\" content=\"2026-03-16T05:31:56+00:00\" \/>\n<meta property=\"og:image\" content=\"https:\/\/softicated.com\/wp-content\/uploads\/2021\/03\/beach-resize.png\" \/>\n\t<meta property=\"og:image:width\" content=\"188\" \/>\n\t<meta property=\"og:image:height\" content=\"260\" \/>\n\t<meta property=\"og:image:type\" content=\"image\/png\" \/>\n<meta name=\"twitter:card\" content=\"summary_large_image\" \/>\n<script type=\"application\/ld+json\" class=\"yoast-schema-graph\">{\"@context\":\"https:\/\/schema.org\",\"@graph\":[{\"@type\":\"WebPage\",\"@id\":\"https:\/\/softicated.com\/produit\/rectangular-plain-beige\/\",\"url\":\"https:\/\/softicated.com\/produit\/rectangular-plain-beige\/\",\"name\":\"Tapis Beach - Softicated\",\"isPartOf\":{\"@id\":\"https:\/\/softicated.com\/#website\"},\"primaryImageOfPage\":{\"@id\":\"https:\/\/softicated.com\/produit\/rectangular-plain-beige\/#primaryimage\"},\"image\":{\"@id\":\"https:\/\/softicated.com\/produit\/rectangular-plain-beige\/#primaryimage\"},\"thumbnailUrl\":\"https:\/\/softicated.com\/wp-content\/uploads\/2021\/03\/beach-resize.png\",\"datePublished\":\"2021-03-11T10:11:42+00:00\",\"dateModified\":\"2026-03-16T05:31:56+00:00\",\"description\":\"Le tapis \u201c Beach \u201d inspir\u00e9 par les paysages c\u00f4tiers capture l\u2019essence des rivages o\u00f9 le sable clair rencontre les eaux azur\u00e9es.\",\"breadcrumb\":{\"@id\":\"https:\/\/softicated.com\/produit\/rectangular-plain-beige\/#breadcrumb\"},\"inLanguage\":\"en-GB\",\"potentialAction\":[{\"@type\":\"ReadAction\",\"target\":[\"https:\/\/softicated.com\/produit\/rectangular-plain-beige\/\"]}]},{\"@type\":\"ImageObject\",\"inLanguage\":\"en-GB\",\"@id\":\"https:\/\/softicated.com\/produit\/rectangular-plain-beige\/#primaryimage\",\"url\":\"https:\/\/softicated.com\/wp-content\/uploads\/2021\/03\/beach-resize.png\",\"contentUrl\":\"https:\/\/softicated.com\/wp-content\/uploads\/2021\/03\/beach-resize.png\",\"width\":188,\"height\":260,\"caption\":\"beach-resize\"},{\"@type\":\"BreadcrumbList\",\"@id\":\"https:\/\/softicated.com\/produit\/rectangular-plain-beige\/#breadcrumb\",\"itemListElement\":[{\"@type\":\"ListItem\",\"position\":1,\"name\":\"Accueil\",\"item\":\"https:\/\/softicated.com\/\"},{\"@type\":\"ListItem\",\"position\":2,\"name\":\"Produits Mobilier Premium Softicated\",\"item\":\"https:\/\/softicated.com\/produits\/\"},{\"@type\":\"ListItem\",\"position\":3,\"name\":\"Tapis \u00e0 motifs\",\"item\":\"https:\/\/softicated.com\/categorie-produit\/tapis-a-motifs\/\"},{\"@type\":\"ListItem\",\"position\":4,\"name\":\"Tapis design sur mesure\"}]},{\"@type\":\"WebSite\",\"@id\":\"https:\/\/softicated.com\/#website\",\"url\":\"https:\/\/softicated.com\/\",\"name\":\"Softicated\",\"description\":\"Cr\u00e9ateur de meubles, luminaires et tapis premium\",\"publisher\":{\"@id\":\"https:\/\/softicated.com\/#organization\"},\"potentialAction\":[{\"@type\":\"SearchAction\",\"target\":{\"@type\":\"EntryPoint\",\"urlTemplate\":\"https:\/\/softicated.com\/?s={search_term_string}\"},\"query-input\":{\"@type\":\"PropertyValueSpecification\",\"valueRequired\":true,\"valueName\":\"search_term_string\"}}],\"inLanguage\":\"en-GB\"},{\"@type\":\"Organization\",\"@id\":\"https:\/\/softicated.com\/#organization\",\"name\":\"Softicated\",\"url\":\"https:\/\/softicated.com\/\",\"logo\":{\"@type\":\"ImageObject\",\"inLanguage\":\"en-GB\",\"@id\":\"https:\/\/softicated.com\/#\/schema\/logo\/image\/\",\"url\":\"https:\/\/softicated.com\/wp-content\/uploads\/2025\/11\/logo-dark-2.svg\",\"contentUrl\":\"https:\/\/softicated.com\/wp-content\/uploads\/2025\/11\/logo-dark-2.svg\",\"caption\":\"Softicated\"},\"image\":{\"@id\":\"https:\/\/softicated.com\/#\/schema\/logo\/image\/\"},\"sameAs\":[\"https:\/\/www.facebook.com\/Softicated\",\"https:\/\/www.pinterest.com\/softicateddesign\",\"https:\/\/www.instagram.com\/softicated.design\"]}]}<\/script>\n<!-- \/ Yoast SEO Premium plugin. -->","yoast_head_json":{"title":"Rug Beach - Softicated","description":"Le tapis \u201c Beach \u201d inspir\u00e9 par les paysages c\u00f4tiers capture l\u2019essence des rivages o\u00f9 le sable clair rencontre les eaux azur\u00e9es.","robots":{"index":"index","follow":"follow","max-snippet":"max-snippet:-1","max-image-preview":"max-image-preview:large","max-video-preview":"max-video-preview:-1"},"canonical":"https:\/\/softicated.com\/en\/produit\/rectangular-plain-beige\/","og_locale":"en_GB","og_type":"article","og_title":"Tapis Beach","og_description":"Le tapis \u201c Beach \u201d inspir\u00e9 par les paysages c\u00f4tiers capture l\u2019essence des rivages o\u00f9 le sable clair rencontre les eaux azur\u00e9es.","og_url":"https:\/\/softicated.com\/en\/produit\/rectangular-plain-beige\/","og_site_name":"Softicated","article_publisher":"https:\/\/www.facebook.com\/Softicated","article_modified_time":"2026-03-16T05:31:56+00:00","og_image":[{"width":188,"height":260,"url":"https:\/\/softicated.com\/wp-content\/uploads\/2021\/03\/beach-resize.png","type":"image\/png"}],"twitter_card":"summary_large_image","schema":{"@context":"https:\/\/schema.org","@graph":[{"@type":"WebPage","@id":"https:\/\/softicated.com\/produit\/rectangular-plain-beige\/","url":"https:\/\/softicated.com\/produit\/rectangular-plain-beige\/","name":"Rug Beach - Softicated","isPartOf":{"@id":"https:\/\/softicated.com\/#website"},"primaryImageOfPage":{"@id":"https:\/\/softicated.com\/produit\/rectangular-plain-beige\/#primaryimage"},"image":{"@id":"https:\/\/softicated.com\/produit\/rectangular-plain-beige\/#primaryimage"},"thumbnailUrl":"https:\/\/softicated.com\/wp-content\/uploads\/2021\/03\/beach-resize.png","datePublished":"2021-03-11T10:11:42+00:00","dateModified":"2026-03-16T05:31:56+00:00","description":"Le tapis \u201c Beach \u201d inspir\u00e9 par les paysages c\u00f4tiers capture l\u2019essence des rivages o\u00f9 le sable clair rencontre les eaux azur\u00e9es.","breadcrumb":{"@id":"https:\/\/softicated.com\/produit\/rectangular-plain-beige\/#breadcrumb"},"inLanguage":"en-GB","potentialAction":[{"@type":"ReadAction","target":["https:\/\/softicated.com\/produit\/rectangular-plain-beige\/"]}]},{"@type":"ImageObject","inLanguage":"en-GB","@id":"https:\/\/softicated.com\/produit\/rectangular-plain-beige\/#primaryimage","url":"https:\/\/softicated.com\/wp-content\/uploads\/2021\/03\/beach-resize.png","contentUrl":"https:\/\/softicated.com\/wp-content\/uploads\/2021\/03\/beach-resize.png","width":188,"height":260,"caption":"beach-resize"},{"@type":"BreadcrumbList","@id":"https:\/\/softicated.com\/produit\/rectangular-plain-beige\/#breadcrumb","itemListElement":[{"@type":"ListItem","position":1,"name":"Accueil","item":"https:\/\/softicated.com\/"},{"@type":"ListItem","position":2,"name":"Produits Mobilier Premium Softicated","item":"https:\/\/softicated.com\/produits\/"},{"@type":"ListItem","position":3,"name":"Tapis \u00e0 motifs","item":"https:\/\/softicated.com\/categorie-produit\/tapis-a-motifs\/"},{"@type":"ListItem","position":4,"name":"Tapis design sur mesure"}]},{"@type":"WebSite","@id":"https:\/\/softicated.com\/#website","url":"https:\/\/softicated.com\/","name":"Softicated","description":"Designer of premium furniture, lighting and rugs","publisher":{"@id":"https:\/\/softicated.com\/#organization"},"potentialAction":[{"@type":"SearchAction","target":{"@type":"EntryPoint","urlTemplate":"https:\/\/softicated.com\/?s={search_term_string}"},"query-input":{"@type":"PropertyValueSpecification","valueRequired":true,"valueName":"search_term_string"}}],"inLanguage":"en-GB"},{"@type":"Organization","@id":"https:\/\/softicated.com\/#organization","name":"Softicated","url":"https:\/\/softicated.com\/","logo":{"@type":"ImageObject","inLanguage":"en-GB","@id":"https:\/\/softicated.com\/#\/schema\/logo\/image\/","url":"https:\/\/softicated.com\/wp-content\/uploads\/2025\/11\/logo-dark-2.svg","contentUrl":"https:\/\/softicated.com\/wp-content\/uploads\/2025\/11\/logo-dark-2.svg","caption":"Softicated"},"image":{"@id":"https:\/\/softicated.com\/#\/schema\/logo\/image\/"},"sameAs":["https:\/\/www.facebook.com\/Softicated","https:\/\/www.pinterest.com\/softicateddesign","https:\/\/www.instagram.com\/softicated.design"]}]}},"_links":{"self":[{"href":"https:\/\/softicated.com\/en\/wp-json\/wp\/v2\/product\/3744","targetHints":{"allow":["GET"]}}],"collection":[{"href":"https:\/\/softicated.com\/en\/wp-json\/wp\/v2\/product"}],"about":[{"href":"https:\/\/softicated.com\/en\/wp-json\/wp\/v2\/types\/product"}],"replies":[{"embeddable":true,"href":"https:\/\/softicated.com\/en\/wp-json\/wp\/v2\/comments?post=3744"}],"wp:featuredmedia":[{"embeddable":true,"href":"https:\/\/softicated.com\/en\/wp-json\/wp\/v2\/media\/15189"}],"wp:attachment":[{"href":"https:\/\/softicated.com\/en\/wp-json\/wp\/v2\/media?parent=3744"}],"wp:term":[{"taxonomy":"product_brand","embeddable":true,"href":"https:\/\/softicated.com\/en\/wp-json\/wp\/v2\/product_brand?post=3744"},{"taxonomy":"product_cat","embeddable":true,"href":"https:\/\/softicated.com\/en\/wp-json\/wp\/v2\/product_cat?post=3744"},{"taxonomy":"product_tag","embeddable":true,"href":"https:\/\/softicated.com\/en\/wp-json\/wp\/v2\/product_tag?post=3744"},{"taxonomy":"collections","embeddable":true,"href":"https:\/\/softicated.com\/en\/wp-json\/wp\/v2\/collections?post=3744"},{"taxonomy":"awards","embeddable":true,"href":"https:\/\/softicated.com\/en\/wp-json\/wp\/v2\/awards?post=3744"},{"taxonomy":"by_color","embeddable":true,"href":"https:\/\/softicated.com\/en\/wp-json\/wp\/v2\/by_color?post=3744"}],"curies":[{"name":"wp","href":"https:\/\/api.w.org\/{rel}","templated":true}]}}