{"id":3741,"date":"2021-03-11T11:11:06","date_gmt":"2021-03-11T10:11:06","guid":{"rendered":"https:\/\/softicated.com\/?post_type=product&#038;p=3741"},"modified":"2026-03-16T06:32:08","modified_gmt":"2026-03-16T05:32:08","slug":"tapis-design-sur-mesure-coast-softicated","status":"publish","type":"product","link":"https:\/\/softicated.com\/en\/produit\/tapis-design-sur-mesure-coast-softicated\/","title":{"rendered":"Rug Coast"},"content":{"rendered":"<p>The \u201cCoast\u201d rug from the Ebb &amp; Flow collection captures the essence of coastal landscapes where golden fields meet green meadows along the shoreline. Its yellow and green tones intertwine harmoniously evoking the shifting hues of grass swayed by the ocean breeze and the sunlight reflecting off summer crops.<\/p>\n<p>Inspired by the perpetual motion of the tides, the striated pattern of the \u201cCoast\u201d rug reflects the fusion of organic and geometric forms adding visual dynamism to any interior. Crafted using the \u201cCut &amp; Loop\u201d technique, the design creates a raised texture that plays with light offering subtle contrast and a unique sense of depth.<\/p>\n<p>Made of wool and botanical silk, the \u201cCoast\u201d rug blends comfort, durability, and elegance. These high-quality materials intensify the colors while providing a soft and luxurious feel.<\/p>\n<p>Versatile and adaptable, the \u201cCoast\u201d rug fits easily into both private and public spaces. It brings a touch of nature and tranquility to a contemporary living room, a peaceful bedroom or elegant settings such as hotels, restaurants and offices infusing the atmosphere with warmth and refinement.<\/p>\n<p>By choosing the \u201cCoast\u201d rug, you invite a fragment of the coast into your home, a piece that tells a story of nature, light and movement transforming your space into a peaceful haven inspired by the beauty of the shoreline.<\/p>\n<p><em>Delivery includes curbside delivery. For a white gloves delivery &amp; installation service, <span style=\"text-decoration: underline;\"><a href=\"https:\/\/softicated.com\/en\/contact\/\">contact us<\/a><\/span>.<\/em><\/p>","protected":false},"excerpt":{"rendered":"<p>Le tapis \u201cCoast\u201d issu de la collection \u201cEbb &amp; Flow\u201d capture l\u2019essence des paysages c\u00f4tiers o\u00f9 les champs dor\u00e9s rencontrent les prairies verdoyantes le long du littoral. Ses teintes jaunes et vertes s\u2019entrelacent harmonieusement, \u00e9voquant les nuances changeantes des herbes balay\u00e9es par le vent marin et les reflets du soleil sur les cultures estivales. Inspir\u00e9 [&hellip;]<\/p>","protected":false},"featured_media":15190,"comment_status":"closed","ping_status":"closed","template":"","meta":{"_acf_changed":false},"product_brand":[],"product_cat":[300,299,27],"product_tag":[],"collections":[32],"awards":[],"by_color":[341,344],"class_list":{"0":"post-3741","1":"product","2":"type-product","3":"status-publish","4":"has-post-thumbnail","6":"product_cat-tapis-a-motifs","7":"product_cat-tapis-multicolores","8":"product_cat-rugs","9":"product_shipping_class-tapis","10":"collections-ebb-flow","11":"by_color-orange-rouille","12":"by_color-vert","14":"first","15":"instock","16":"shipping-taxable","17":"purchasable","18":"product-type-variable"},"acf":[],"yoast_head":"<!-- This site is optimized with the Yoast SEO Premium plugin v25.7.1 (Yoast SEO v26.9) - https:\/\/yoast.com\/product\/yoast-seo-premium-wordpress\/ -->\n<title>Tapis Coast - Softicated<\/title>\n<meta name=\"description\" content=\"Le tapis \u201cCoast\u201d capture l\u2019essence des paysages c\u00f4tiers o\u00f9 les champs dor\u00e9s rencontrent les prairies verdoyantes le long du littoral.\" \/>\n<meta name=\"robots\" content=\"index, follow, max-snippet:-1, max-image-preview:large, max-video-preview:-1\" \/>\n<link rel=\"canonical\" href=\"https:\/\/softicated.com\/en\/produit\/tapis-design-sur-mesure-coast-softicated\/\" \/>\n<meta property=\"og:locale\" content=\"en_GB\" \/>\n<meta property=\"og:type\" content=\"article\" \/>\n<meta property=\"og:title\" content=\"Tapis Coast\" \/>\n<meta property=\"og:description\" content=\"Le tapis \u201cCoast\u201d capture l\u2019essence des paysages c\u00f4tiers o\u00f9 les champs dor\u00e9s rencontrent les prairies verdoyantes le long du littoral.\" \/>\n<meta property=\"og:url\" content=\"https:\/\/softicated.com\/en\/produit\/tapis-design-sur-mesure-coast-softicated\/\" \/>\n<meta property=\"og:site_name\" content=\"Softicated\" \/>\n<meta property=\"article:publisher\" content=\"https:\/\/www.facebook.com\/Softicated\" \/>\n<meta property=\"article:modified_time\" content=\"2026-03-16T05:32:08+00:00\" \/>\n<meta property=\"og:image\" content=\"https:\/\/softicated.com\/wp-content\/uploads\/2021\/03\/coast-resize.png\" \/>\n\t<meta property=\"og:image:width\" content=\"189\" \/>\n\t<meta property=\"og:image:height\" content=\"261\" \/>\n\t<meta property=\"og:image:type\" content=\"image\/png\" \/>\n<meta name=\"twitter:card\" content=\"summary_large_image\" \/>\n<script type=\"application\/ld+json\" class=\"yoast-schema-graph\">{\"@context\":\"https:\/\/schema.org\",\"@graph\":[{\"@type\":\"WebPage\",\"@id\":\"https:\/\/softicated.com\/en\/produit\/tapis-design-sur-mesure-coast-softicated\/\",\"url\":\"https:\/\/softicated.com\/en\/produit\/tapis-design-sur-mesure-coast-softicated\/\",\"name\":\"Tapis Coast - Softicated\",\"isPartOf\":{\"@id\":\"https:\/\/softicated.com\/#website\"},\"primaryImageOfPage\":{\"@id\":\"https:\/\/softicated.com\/en\/produit\/tapis-design-sur-mesure-coast-softicated\/#primaryimage\"},\"image\":{\"@id\":\"https:\/\/softicated.com\/en\/produit\/tapis-design-sur-mesure-coast-softicated\/#primaryimage\"},\"thumbnailUrl\":\"https:\/\/softicated.com\/wp-content\/uploads\/2021\/03\/coast-resize.png\",\"datePublished\":\"2021-03-11T10:11:06+00:00\",\"dateModified\":\"2026-03-16T05:32:08+00:00\",\"description\":\"Le tapis \u201cCoast\u201d capture l\u2019essence des paysages c\u00f4tiers o\u00f9 les champs dor\u00e9s rencontrent les prairies verdoyantes le long du littoral.\",\"breadcrumb\":{\"@id\":\"https:\/\/softicated.com\/en\/produit\/tapis-design-sur-mesure-coast-softicated\/#breadcrumb\"},\"inLanguage\":\"en-GB\",\"potentialAction\":[{\"@type\":\"ReadAction\",\"target\":[\"https:\/\/softicated.com\/en\/produit\/tapis-design-sur-mesure-coast-softicated\/\"]}]},{\"@type\":\"ImageObject\",\"inLanguage\":\"en-GB\",\"@id\":\"https:\/\/softicated.com\/en\/produit\/tapis-design-sur-mesure-coast-softicated\/#primaryimage\",\"url\":\"https:\/\/softicated.com\/wp-content\/uploads\/2021\/03\/coast-resize.png\",\"contentUrl\":\"https:\/\/softicated.com\/wp-content\/uploads\/2021\/03\/coast-resize.png\",\"width\":189,\"height\":261,\"caption\":\"coast-resize\"},{\"@type\":\"BreadcrumbList\",\"@id\":\"https:\/\/softicated.com\/en\/produit\/tapis-design-sur-mesure-coast-softicated\/#breadcrumb\",\"itemListElement\":[{\"@type\":\"ListItem\",\"position\":1,\"name\":\"Accueil\",\"item\":\"https:\/\/softicated.com\/\"},{\"@type\":\"ListItem\",\"position\":2,\"name\":\"Produits Mobilier Premium Softicated\",\"item\":\"https:\/\/softicated.com\/produits\/\"},{\"@type\":\"ListItem\",\"position\":3,\"name\":\"Tapis \u00e0 motifs\",\"item\":\"https:\/\/softicated.com\/categorie-produit\/tapis-a-motifs\/\"},{\"@type\":\"ListItem\",\"position\":4,\"name\":\"Tapis design sur mesure coast\"}]},{\"@type\":\"WebSite\",\"@id\":\"https:\/\/softicated.com\/#website\",\"url\":\"https:\/\/softicated.com\/\",\"name\":\"Softicated\",\"description\":\"Cr\u00e9ateur de meubles, luminaires et tapis premium\",\"publisher\":{\"@id\":\"https:\/\/softicated.com\/#organization\"},\"potentialAction\":[{\"@type\":\"SearchAction\",\"target\":{\"@type\":\"EntryPoint\",\"urlTemplate\":\"https:\/\/softicated.com\/?s={search_term_string}\"},\"query-input\":{\"@type\":\"PropertyValueSpecification\",\"valueRequired\":true,\"valueName\":\"search_term_string\"}}],\"inLanguage\":\"en-GB\"},{\"@type\":\"Organization\",\"@id\":\"https:\/\/softicated.com\/#organization\",\"name\":\"Softicated\",\"url\":\"https:\/\/softicated.com\/\",\"logo\":{\"@type\":\"ImageObject\",\"inLanguage\":\"en-GB\",\"@id\":\"https:\/\/softicated.com\/#\/schema\/logo\/image\/\",\"url\":\"https:\/\/softicated.com\/wp-content\/uploads\/2025\/11\/logo-dark-2.svg\",\"contentUrl\":\"https:\/\/softicated.com\/wp-content\/uploads\/2025\/11\/logo-dark-2.svg\",\"caption\":\"Softicated\"},\"image\":{\"@id\":\"https:\/\/softicated.com\/#\/schema\/logo\/image\/\"},\"sameAs\":[\"https:\/\/www.facebook.com\/Softicated\",\"https:\/\/www.pinterest.com\/softicateddesign\",\"https:\/\/www.instagram.com\/softicated.design\"]}]}<\/script>\n<!-- \/ Yoast SEO Premium plugin. -->","yoast_head_json":{"title":"Rug Coast - Softicated","description":"Le tapis \u201cCoast\u201d capture l\u2019essence des paysages c\u00f4tiers o\u00f9 les champs dor\u00e9s rencontrent les prairies verdoyantes le long du littoral.","robots":{"index":"index","follow":"follow","max-snippet":"max-snippet:-1","max-image-preview":"max-image-preview:large","max-video-preview":"max-video-preview:-1"},"canonical":"https:\/\/softicated.com\/en\/produit\/tapis-design-sur-mesure-coast-softicated\/","og_locale":"en_GB","og_type":"article","og_title":"Tapis Coast","og_description":"Le tapis \u201cCoast\u201d capture l\u2019essence des paysages c\u00f4tiers o\u00f9 les champs dor\u00e9s rencontrent les prairies verdoyantes le long du littoral.","og_url":"https:\/\/softicated.com\/en\/produit\/tapis-design-sur-mesure-coast-softicated\/","og_site_name":"Softicated","article_publisher":"https:\/\/www.facebook.com\/Softicated","article_modified_time":"2026-03-16T05:32:08+00:00","og_image":[{"width":189,"height":261,"url":"https:\/\/softicated.com\/wp-content\/uploads\/2021\/03\/coast-resize.png","type":"image\/png"}],"twitter_card":"summary_large_image","schema":{"@context":"https:\/\/schema.org","@graph":[{"@type":"WebPage","@id":"https:\/\/softicated.com\/en\/produit\/tapis-design-sur-mesure-coast-softicated\/","url":"https:\/\/softicated.com\/en\/produit\/tapis-design-sur-mesure-coast-softicated\/","name":"Rug Coast - Softicated","isPartOf":{"@id":"https:\/\/softicated.com\/#website"},"primaryImageOfPage":{"@id":"https:\/\/softicated.com\/en\/produit\/tapis-design-sur-mesure-coast-softicated\/#primaryimage"},"image":{"@id":"https:\/\/softicated.com\/en\/produit\/tapis-design-sur-mesure-coast-softicated\/#primaryimage"},"thumbnailUrl":"https:\/\/softicated.com\/wp-content\/uploads\/2021\/03\/coast-resize.png","datePublished":"2021-03-11T10:11:06+00:00","dateModified":"2026-03-16T05:32:08+00:00","description":"Le tapis \u201cCoast\u201d capture l\u2019essence des paysages c\u00f4tiers o\u00f9 les champs dor\u00e9s rencontrent les prairies verdoyantes le long du littoral.","breadcrumb":{"@id":"https:\/\/softicated.com\/en\/produit\/tapis-design-sur-mesure-coast-softicated\/#breadcrumb"},"inLanguage":"en-GB","potentialAction":[{"@type":"ReadAction","target":["https:\/\/softicated.com\/en\/produit\/tapis-design-sur-mesure-coast-softicated\/"]}]},{"@type":"ImageObject","inLanguage":"en-GB","@id":"https:\/\/softicated.com\/en\/produit\/tapis-design-sur-mesure-coast-softicated\/#primaryimage","url":"https:\/\/softicated.com\/wp-content\/uploads\/2021\/03\/coast-resize.png","contentUrl":"https:\/\/softicated.com\/wp-content\/uploads\/2021\/03\/coast-resize.png","width":189,"height":261,"caption":"coast-resize"},{"@type":"BreadcrumbList","@id":"https:\/\/softicated.com\/en\/produit\/tapis-design-sur-mesure-coast-softicated\/#breadcrumb","itemListElement":[{"@type":"ListItem","position":1,"name":"Accueil","item":"https:\/\/softicated.com\/"},{"@type":"ListItem","position":2,"name":"Produits Mobilier Premium Softicated","item":"https:\/\/softicated.com\/produits\/"},{"@type":"ListItem","position":3,"name":"Tapis \u00e0 motifs","item":"https:\/\/softicated.com\/categorie-produit\/tapis-a-motifs\/"},{"@type":"ListItem","position":4,"name":"Tapis design sur mesure coast"}]},{"@type":"WebSite","@id":"https:\/\/softicated.com\/#website","url":"https:\/\/softicated.com\/","name":"Softicated","description":"Designer of premium furniture, lighting and rugs","publisher":{"@id":"https:\/\/softicated.com\/#organization"},"potentialAction":[{"@type":"SearchAction","target":{"@type":"EntryPoint","urlTemplate":"https:\/\/softicated.com\/?s={search_term_string}"},"query-input":{"@type":"PropertyValueSpecification","valueRequired":true,"valueName":"search_term_string"}}],"inLanguage":"en-GB"},{"@type":"Organization","@id":"https:\/\/softicated.com\/#organization","name":"Softicated","url":"https:\/\/softicated.com\/","logo":{"@type":"ImageObject","inLanguage":"en-GB","@id":"https:\/\/softicated.com\/#\/schema\/logo\/image\/","url":"https:\/\/softicated.com\/wp-content\/uploads\/2025\/11\/logo-dark-2.svg","contentUrl":"https:\/\/softicated.com\/wp-content\/uploads\/2025\/11\/logo-dark-2.svg","caption":"Softicated"},"image":{"@id":"https:\/\/softicated.com\/#\/schema\/logo\/image\/"},"sameAs":["https:\/\/www.facebook.com\/Softicated","https:\/\/www.pinterest.com\/softicateddesign","https:\/\/www.instagram.com\/softicated.design"]}]}},"_links":{"self":[{"href":"https:\/\/softicated.com\/en\/wp-json\/wp\/v2\/product\/3741","targetHints":{"allow":["GET"]}}],"collection":[{"href":"https:\/\/softicated.com\/en\/wp-json\/wp\/v2\/product"}],"about":[{"href":"https:\/\/softicated.com\/en\/wp-json\/wp\/v2\/types\/product"}],"replies":[{"embeddable":true,"href":"https:\/\/softicated.com\/en\/wp-json\/wp\/v2\/comments?post=3741"}],"wp:featuredmedia":[{"embeddable":true,"href":"https:\/\/softicated.com\/en\/wp-json\/wp\/v2\/media\/15190"}],"wp:attachment":[{"href":"https:\/\/softicated.com\/en\/wp-json\/wp\/v2\/media?parent=3741"}],"wp:term":[{"taxonomy":"product_brand","embeddable":true,"href":"https:\/\/softicated.com\/en\/wp-json\/wp\/v2\/product_brand?post=3741"},{"taxonomy":"product_cat","embeddable":true,"href":"https:\/\/softicated.com\/en\/wp-json\/wp\/v2\/product_cat?post=3741"},{"taxonomy":"product_tag","embeddable":true,"href":"https:\/\/softicated.com\/en\/wp-json\/wp\/v2\/product_tag?post=3741"},{"taxonomy":"collections","embeddable":true,"href":"https:\/\/softicated.com\/en\/wp-json\/wp\/v2\/collections?post=3741"},{"taxonomy":"awards","embeddable":true,"href":"https:\/\/softicated.com\/en\/wp-json\/wp\/v2\/awards?post=3741"},{"taxonomy":"by_color","embeddable":true,"href":"https:\/\/softicated.com\/en\/wp-json\/wp\/v2\/by_color?post=3741"}],"curies":[{"name":"wp","href":"https:\/\/api.w.org\/{rel}","templated":true}]}}