{"id":3737,"date":"2021-03-11T11:09:55","date_gmt":"2021-03-11T10:09:55","guid":{"rendered":"https:\/\/softicated.com\/?post_type=product&#038;p=3737"},"modified":"2026-03-16T06:32:38","modified_gmt":"2026-03-16T05:32:38","slug":"tapis-design-sur-mesure-ocean-softicated","status":"publish","type":"product","link":"https:\/\/softicated.com\/en\/produit\/tapis-design-sur-mesure-ocean-softicated\/","title":{"rendered":"Rug Ocean"},"content":{"rendered":"<p>The \u201cOcean\u201d rug from the Ebb &amp; Flow collection poetically evokes the hypnotic movements of the sea and the shifting reflections of the ocean. Its shades of blue and green create a vibrant yet calming palette inspired by marine elements.<\/p>\n<p>This rug embodies the meeting of natural beauty and contemporary design featuring a subtle golden-yellow striated pattern crafted using the \u201cCut &amp; Loop\u201d technique. This method gives structure to the lines much like erosion shapes sand or rock. The result is a textured, living surface that catches the light and plays with contrast.<\/p>\n<p>Made of wool and botanical silk, the \u201cOcean\u201d rug combines softness, durability and refinement. These noble materials enhance the depth of the colors while offering unparalleled comfort underfoot.<\/p>\n<p>It fits perfectly in a contemporary living room, a tranquil bedroom or elegant public spaces such as hotels and offices. \u201cOcean\u201d is more than just a rug, it\u2019s an invitation to travel, a breath of calm, a fragment of nature captured in design.<\/p>\n<p>Let yourself be carried away by the quiet beauty of the \u201cOcean\u201d rug from the Ebb &amp; Flow collection and bring the natural elegance of the sea into your home.<\/p>\n<p><em>Delivery includes curbside delivery. For a white gloves delivery &amp; installation service, <span style=\"text-decoration: underline;\"><a href=\"https:\/\/softicated.com\/en\/contact\/\">contact us<\/a><\/span>.<\/em><\/p>","protected":false},"excerpt":{"rendered":"<p>Le tapis \u201cOcean\u201d issu de la collection \u201cEbb &amp; Flow\u201d \u00e9voque avec po\u00e9sie les mouvements hypnotiques de la mer et les reflets changeants de l\u2019oc\u00e9an. Ses nuances de bleus et de verts composent une palette vibrante et apaisante inspir\u00e9e par les \u00e9l\u00e9ments marins. Ce tapis incarne la rencontre entre le naturel et le design contemporain [&hellip;]<\/p>","protected":false},"featured_media":15200,"comment_status":"closed","ping_status":"closed","template":"","meta":{"_acf_changed":false},"product_brand":[],"product_cat":[300,299,27],"product_tag":[],"collections":[32],"awards":[],"by_color":[338,339,344],"class_list":{"0":"post-3737","1":"product","2":"type-product","3":"status-publish","4":"has-post-thumbnail","6":"product_cat-tapis-a-motifs","7":"product_cat-tapis-multicolores","8":"product_cat-rugs","9":"product_shipping_class-tapis","10":"collections-ebb-flow","11":"by_color-bleu-turquoise","12":"by_color-dore-jaune","13":"by_color-vert","15":"first","16":"instock","17":"shipping-taxable","18":"purchasable","19":"product-type-variable","20":"has-default-attributes"},"acf":[],"yoast_head":"<!-- This site is optimized with the Yoast SEO Premium plugin v25.7.1 (Yoast SEO v26.9) - https:\/\/yoast.com\/product\/yoast-seo-premium-wordpress\/ -->\n<title>Tapis Ocean - Softicated<\/title>\n<meta name=\"description\" content=\"Le tapis \u201c Ocean \u201d issu de la collection \u201cEbb &amp; Flow\u201d \u00e9voque avec po\u00e9sie les mouvements hypnotiques de la mer et les reflets changeants de l\u2019oc\u00e9an.\" \/>\n<meta name=\"robots\" content=\"index, follow, max-snippet:-1, max-image-preview:large, max-video-preview:-1\" \/>\n<link rel=\"canonical\" href=\"https:\/\/softicated.com\/en\/produit\/tapis-design-sur-mesure-ocean-softicated\/\" \/>\n<meta property=\"og:locale\" content=\"en_GB\" \/>\n<meta property=\"og:type\" content=\"article\" \/>\n<meta property=\"og:title\" content=\"Tapis Ocean\" \/>\n<meta property=\"og:description\" content=\"Le tapis \u201c Ocean \u201d issu de la collection \u201cEbb &amp; Flow\u201d \u00e9voque avec po\u00e9sie les mouvements hypnotiques de la mer et les reflets changeants de l\u2019oc\u00e9an.\" \/>\n<meta property=\"og:url\" content=\"https:\/\/softicated.com\/en\/produit\/tapis-design-sur-mesure-ocean-softicated\/\" \/>\n<meta property=\"og:site_name\" content=\"Softicated\" \/>\n<meta property=\"article:publisher\" content=\"https:\/\/www.facebook.com\/Softicated\" \/>\n<meta property=\"article:modified_time\" content=\"2026-03-16T05:32:38+00:00\" \/>\n<meta property=\"og:image\" content=\"https:\/\/softicated.com\/wp-content\/uploads\/2021\/03\/Ocean.png\" \/>\n\t<meta property=\"og:image:width\" content=\"188\" \/>\n\t<meta property=\"og:image:height\" content=\"260\" \/>\n\t<meta property=\"og:image:type\" content=\"image\/png\" \/>\n<meta name=\"twitter:card\" content=\"summary_large_image\" \/>\n<script type=\"application\/ld+json\" class=\"yoast-schema-graph\">{\"@context\":\"https:\/\/schema.org\",\"@graph\":[{\"@type\":\"WebPage\",\"@id\":\"https:\/\/softicated.com\/en\/produit\/tapis-design-sur-mesure-ocean-softicated\/\",\"url\":\"https:\/\/softicated.com\/en\/produit\/tapis-design-sur-mesure-ocean-softicated\/\",\"name\":\"Tapis Ocean - Softicated\",\"isPartOf\":{\"@id\":\"https:\/\/softicated.com\/#website\"},\"primaryImageOfPage\":{\"@id\":\"https:\/\/softicated.com\/en\/produit\/tapis-design-sur-mesure-ocean-softicated\/#primaryimage\"},\"image\":{\"@id\":\"https:\/\/softicated.com\/en\/produit\/tapis-design-sur-mesure-ocean-softicated\/#primaryimage\"},\"thumbnailUrl\":\"https:\/\/softicated.com\/wp-content\/uploads\/2021\/03\/Ocean.png\",\"datePublished\":\"2021-03-11T10:09:55+00:00\",\"dateModified\":\"2026-03-16T05:32:38+00:00\",\"description\":\"Le tapis \u201c Ocean \u201d issu de la collection \u201cEbb & Flow\u201d \u00e9voque avec po\u00e9sie les mouvements hypnotiques de la mer et les reflets changeants de l\u2019oc\u00e9an.\",\"breadcrumb\":{\"@id\":\"https:\/\/softicated.com\/en\/produit\/tapis-design-sur-mesure-ocean-softicated\/#breadcrumb\"},\"inLanguage\":\"en-GB\",\"potentialAction\":[{\"@type\":\"ReadAction\",\"target\":[\"https:\/\/softicated.com\/en\/produit\/tapis-design-sur-mesure-ocean-softicated\/\"]}]},{\"@type\":\"ImageObject\",\"inLanguage\":\"en-GB\",\"@id\":\"https:\/\/softicated.com\/en\/produit\/tapis-design-sur-mesure-ocean-softicated\/#primaryimage\",\"url\":\"https:\/\/softicated.com\/wp-content\/uploads\/2021\/03\/Ocean.png\",\"contentUrl\":\"https:\/\/softicated.com\/wp-content\/uploads\/2021\/03\/Ocean.png\",\"width\":188,\"height\":260,\"caption\":\"Ocean\"},{\"@type\":\"BreadcrumbList\",\"@id\":\"https:\/\/softicated.com\/en\/produit\/tapis-design-sur-mesure-ocean-softicated\/#breadcrumb\",\"itemListElement\":[{\"@type\":\"ListItem\",\"position\":1,\"name\":\"Accueil\",\"item\":\"https:\/\/softicated.com\/\"},{\"@type\":\"ListItem\",\"position\":2,\"name\":\"Produits Mobilier Premium Softicated\",\"item\":\"https:\/\/softicated.com\/produits\/\"},{\"@type\":\"ListItem\",\"position\":3,\"name\":\"Tapis \u00e0 motifs\",\"item\":\"https:\/\/softicated.com\/categorie-produit\/tapis-a-motifs\/\"},{\"@type\":\"ListItem\",\"position\":4,\"name\":\"Tapis design sur mesure oc\u00e9an\"}]},{\"@type\":\"WebSite\",\"@id\":\"https:\/\/softicated.com\/#website\",\"url\":\"https:\/\/softicated.com\/\",\"name\":\"Softicated\",\"description\":\"Cr\u00e9ateur de meubles, luminaires et tapis premium\",\"publisher\":{\"@id\":\"https:\/\/softicated.com\/#organization\"},\"potentialAction\":[{\"@type\":\"SearchAction\",\"target\":{\"@type\":\"EntryPoint\",\"urlTemplate\":\"https:\/\/softicated.com\/?s={search_term_string}\"},\"query-input\":{\"@type\":\"PropertyValueSpecification\",\"valueRequired\":true,\"valueName\":\"search_term_string\"}}],\"inLanguage\":\"en-GB\"},{\"@type\":\"Organization\",\"@id\":\"https:\/\/softicated.com\/#organization\",\"name\":\"Softicated\",\"url\":\"https:\/\/softicated.com\/\",\"logo\":{\"@type\":\"ImageObject\",\"inLanguage\":\"en-GB\",\"@id\":\"https:\/\/softicated.com\/#\/schema\/logo\/image\/\",\"url\":\"https:\/\/softicated.com\/wp-content\/uploads\/2025\/11\/logo-dark-2.svg\",\"contentUrl\":\"https:\/\/softicated.com\/wp-content\/uploads\/2025\/11\/logo-dark-2.svg\",\"caption\":\"Softicated\"},\"image\":{\"@id\":\"https:\/\/softicated.com\/#\/schema\/logo\/image\/\"},\"sameAs\":[\"https:\/\/www.facebook.com\/Softicated\",\"https:\/\/www.pinterest.com\/softicateddesign\",\"https:\/\/www.instagram.com\/softicated.design\"]}]}<\/script>\n<!-- \/ Yoast SEO Premium plugin. -->","yoast_head_json":{"title":"Rug Ocean - Softicated","description":"Le tapis \u201c Ocean \u201d issu de la collection \u201cEbb & Flow\u201d \u00e9voque avec po\u00e9sie les mouvements hypnotiques de la mer et les reflets changeants de l\u2019oc\u00e9an.","robots":{"index":"index","follow":"follow","max-snippet":"max-snippet:-1","max-image-preview":"max-image-preview:large","max-video-preview":"max-video-preview:-1"},"canonical":"https:\/\/softicated.com\/en\/produit\/tapis-design-sur-mesure-ocean-softicated\/","og_locale":"en_GB","og_type":"article","og_title":"Tapis Ocean","og_description":"Le tapis \u201c Ocean \u201d issu de la collection \u201cEbb & Flow\u201d \u00e9voque avec po\u00e9sie les mouvements hypnotiques de la mer et les reflets changeants de l\u2019oc\u00e9an.","og_url":"https:\/\/softicated.com\/en\/produit\/tapis-design-sur-mesure-ocean-softicated\/","og_site_name":"Softicated","article_publisher":"https:\/\/www.facebook.com\/Softicated","article_modified_time":"2026-03-16T05:32:38+00:00","og_image":[{"width":188,"height":260,"url":"https:\/\/softicated.com\/wp-content\/uploads\/2021\/03\/Ocean.png","type":"image\/png"}],"twitter_card":"summary_large_image","schema":{"@context":"https:\/\/schema.org","@graph":[{"@type":"WebPage","@id":"https:\/\/softicated.com\/en\/produit\/tapis-design-sur-mesure-ocean-softicated\/","url":"https:\/\/softicated.com\/en\/produit\/tapis-design-sur-mesure-ocean-softicated\/","name":"Rug Ocean - Softicated","isPartOf":{"@id":"https:\/\/softicated.com\/#website"},"primaryImageOfPage":{"@id":"https:\/\/softicated.com\/en\/produit\/tapis-design-sur-mesure-ocean-softicated\/#primaryimage"},"image":{"@id":"https:\/\/softicated.com\/en\/produit\/tapis-design-sur-mesure-ocean-softicated\/#primaryimage"},"thumbnailUrl":"https:\/\/softicated.com\/wp-content\/uploads\/2021\/03\/Ocean.png","datePublished":"2021-03-11T10:09:55+00:00","dateModified":"2026-03-16T05:32:38+00:00","description":"Le tapis \u201c Ocean \u201d issu de la collection \u201cEbb & Flow\u201d \u00e9voque avec po\u00e9sie les mouvements hypnotiques de la mer et les reflets changeants de l\u2019oc\u00e9an.","breadcrumb":{"@id":"https:\/\/softicated.com\/en\/produit\/tapis-design-sur-mesure-ocean-softicated\/#breadcrumb"},"inLanguage":"en-GB","potentialAction":[{"@type":"ReadAction","target":["https:\/\/softicated.com\/en\/produit\/tapis-design-sur-mesure-ocean-softicated\/"]}]},{"@type":"ImageObject","inLanguage":"en-GB","@id":"https:\/\/softicated.com\/en\/produit\/tapis-design-sur-mesure-ocean-softicated\/#primaryimage","url":"https:\/\/softicated.com\/wp-content\/uploads\/2021\/03\/Ocean.png","contentUrl":"https:\/\/softicated.com\/wp-content\/uploads\/2021\/03\/Ocean.png","width":188,"height":260,"caption":"Ocean"},{"@type":"BreadcrumbList","@id":"https:\/\/softicated.com\/en\/produit\/tapis-design-sur-mesure-ocean-softicated\/#breadcrumb","itemListElement":[{"@type":"ListItem","position":1,"name":"Accueil","item":"https:\/\/softicated.com\/"},{"@type":"ListItem","position":2,"name":"Produits Mobilier Premium Softicated","item":"https:\/\/softicated.com\/produits\/"},{"@type":"ListItem","position":3,"name":"Tapis \u00e0 motifs","item":"https:\/\/softicated.com\/categorie-produit\/tapis-a-motifs\/"},{"@type":"ListItem","position":4,"name":"Tapis design sur mesure oc\u00e9an"}]},{"@type":"WebSite","@id":"https:\/\/softicated.com\/#website","url":"https:\/\/softicated.com\/","name":"Softicated","description":"Designer of premium furniture, lighting and rugs","publisher":{"@id":"https:\/\/softicated.com\/#organization"},"potentialAction":[{"@type":"SearchAction","target":{"@type":"EntryPoint","urlTemplate":"https:\/\/softicated.com\/?s={search_term_string}"},"query-input":{"@type":"PropertyValueSpecification","valueRequired":true,"valueName":"search_term_string"}}],"inLanguage":"en-GB"},{"@type":"Organization","@id":"https:\/\/softicated.com\/#organization","name":"Softicated","url":"https:\/\/softicated.com\/","logo":{"@type":"ImageObject","inLanguage":"en-GB","@id":"https:\/\/softicated.com\/#\/schema\/logo\/image\/","url":"https:\/\/softicated.com\/wp-content\/uploads\/2025\/11\/logo-dark-2.svg","contentUrl":"https:\/\/softicated.com\/wp-content\/uploads\/2025\/11\/logo-dark-2.svg","caption":"Softicated"},"image":{"@id":"https:\/\/softicated.com\/#\/schema\/logo\/image\/"},"sameAs":["https:\/\/www.facebook.com\/Softicated","https:\/\/www.pinterest.com\/softicateddesign","https:\/\/www.instagram.com\/softicated.design"]}]}},"_links":{"self":[{"href":"https:\/\/softicated.com\/en\/wp-json\/wp\/v2\/product\/3737","targetHints":{"allow":["GET"]}}],"collection":[{"href":"https:\/\/softicated.com\/en\/wp-json\/wp\/v2\/product"}],"about":[{"href":"https:\/\/softicated.com\/en\/wp-json\/wp\/v2\/types\/product"}],"replies":[{"embeddable":true,"href":"https:\/\/softicated.com\/en\/wp-json\/wp\/v2\/comments?post=3737"}],"wp:featuredmedia":[{"embeddable":true,"href":"https:\/\/softicated.com\/en\/wp-json\/wp\/v2\/media\/15200"}],"wp:attachment":[{"href":"https:\/\/softicated.com\/en\/wp-json\/wp\/v2\/media?parent=3737"}],"wp:term":[{"taxonomy":"product_brand","embeddable":true,"href":"https:\/\/softicated.com\/en\/wp-json\/wp\/v2\/product_brand?post=3737"},{"taxonomy":"product_cat","embeddable":true,"href":"https:\/\/softicated.com\/en\/wp-json\/wp\/v2\/product_cat?post=3737"},{"taxonomy":"product_tag","embeddable":true,"href":"https:\/\/softicated.com\/en\/wp-json\/wp\/v2\/product_tag?post=3737"},{"taxonomy":"collections","embeddable":true,"href":"https:\/\/softicated.com\/en\/wp-json\/wp\/v2\/collections?post=3737"},{"taxonomy":"awards","embeddable":true,"href":"https:\/\/softicated.com\/en\/wp-json\/wp\/v2\/awards?post=3737"},{"taxonomy":"by_color","embeddable":true,"href":"https:\/\/softicated.com\/en\/wp-json\/wp\/v2\/by_color?post=3737"}],"curies":[{"name":"wp","href":"https:\/\/api.w.org\/{rel}","templated":true}]}}