{"id":3689,"date":"2021-03-08T17:06:59","date_gmt":"2021-03-08T16:06:59","guid":{"rendered":"https:\/\/softicated.com\/?post_type=product&#038;p=3689"},"modified":"2026-03-08T04:05:42","modified_gmt":"2026-03-08T03:05:42","slug":"buffet","status":"publish","type":"product","link":"https:\/\/softicated.com\/en\/produit\/buffet\/","title":{"rendered":"Solid wood design furniture"},"content":{"rendered":"<p class=\"p1\">Entirely made of walnut or oak, this sideboard will bring a raw kind of strength, nearly of organic nature, to any space. With a personality of its own, this sideboard will bring comfort to a living-room or dining-room and needs no adornment on or around it: it is a statement in itself. Its shape has been thought of as a Bento Box in which one can easily and precisely store silverware, dishes, table linens or glass-ware. The true beauty of this design lies in its details: tone-on-tone set squares, made of oak or walnut and positioned on the side-board\u2019s doors, gently smooth out the angles into gentle curves.<\/p>","protected":false},"excerpt":{"rendered":"<p>Le tout noyer ou ch\u00eane de ce buffet donne le sentiment d\u2019une force brute presqu\u2019organique install\u00e9e dans la pi\u00e8ce. Elle rassure et donne de la personnalit\u00e9 \u00e0 un salon ou salle \u00e0 manger sans qu\u2019il y ait besoin de rajouter quoique ce soit dessus ou autour. La forme a \u00e9t\u00e9 \u00e9tudi\u00e9e \u00e0 la fa\u00e7on d\u2019une [&hellip;]<\/p>","protected":false},"featured_media":12221,"comment_status":"closed","ping_status":"closed","template":"","meta":{"_acf_changed":false},"product_brand":[],"product_cat":[175],"product_tag":[],"collections":[],"awards":[],"by_color":[],"class_list":{"0":"post-3689","1":"product","2":"type-product","3":"status-publish","4":"has-post-thumbnail","6":"product_cat-sideboard","8":"first","9":"instock","10":"shipping-taxable","11":"product-type-simple"},"acf":[],"yoast_head":"<!-- This site is optimized with the Yoast SEO Premium plugin v25.7.1 (Yoast SEO v26.9) - https:\/\/yoast.com\/product\/yoast-seo-premium-wordpress\/ -->\n<title>Meuble design en bois massif - Softicated<\/title>\n<meta name=\"description\" content=\"La prouesse du design de ce buffet se loge dans les d\u00e9tails, ici, des \u00e9querres en bois, ton sur ton, positionn\u00e9es sur les portes soulignent discr\u00e8tement ...\" \/>\n<meta name=\"robots\" content=\"index, follow, max-snippet:-1, max-image-preview:large, max-video-preview:-1\" \/>\n<link rel=\"canonical\" href=\"https:\/\/softicated.com\/en\/produit\/buffet\/\" \/>\n<meta property=\"og:locale\" content=\"en_GB\" \/>\n<meta property=\"og:type\" content=\"article\" \/>\n<meta property=\"og:title\" content=\"Meuble design en bois massif\" \/>\n<meta property=\"og:description\" content=\"La prouesse du design de ce buffet se loge dans les d\u00e9tails, ici, des \u00e9querres en bois, ton sur ton, positionn\u00e9es sur les portes soulignent discr\u00e8tement ...\" \/>\n<meta property=\"og:url\" content=\"https:\/\/softicated.com\/en\/produit\/buffet\/\" \/>\n<meta property=\"og:site_name\" content=\"Softicated\" \/>\n<meta property=\"article:publisher\" content=\"https:\/\/www.facebook.com\/Softicated\" \/>\n<meta property=\"article:modified_time\" content=\"2026-03-08T03:05:42+00:00\" \/>\n<meta property=\"og:image\" content=\"https:\/\/softicated.com\/wp-content\/uploads\/2021\/03\/dinner-box-clair-01-scaled-1.webp\" \/>\n\t<meta property=\"og:image:width\" content=\"2560\" \/>\n\t<meta property=\"og:image:height\" content=\"1709\" \/>\n\t<meta property=\"og:image:type\" content=\"image\/webp\" \/>\n<meta name=\"twitter:card\" content=\"summary_large_image\" \/>\n<script type=\"application\/ld+json\" class=\"yoast-schema-graph\">{\"@context\":\"https:\/\/schema.org\",\"@graph\":[{\"@type\":\"WebPage\",\"@id\":\"https:\/\/softicated.com\/produit\/buffet\/\",\"url\":\"https:\/\/softicated.com\/produit\/buffet\/\",\"name\":\"Meuble design en bois massif - Softicated\",\"isPartOf\":{\"@id\":\"https:\/\/softicated.com\/#website\"},\"primaryImageOfPage\":{\"@id\":\"https:\/\/softicated.com\/produit\/buffet\/#primaryimage\"},\"image\":{\"@id\":\"https:\/\/softicated.com\/produit\/buffet\/#primaryimage\"},\"thumbnailUrl\":\"https:\/\/softicated.com\/wp-content\/uploads\/2021\/03\/dinner-box-clair-01-scaled-1.webp\",\"datePublished\":\"2021-03-08T16:06:59+00:00\",\"dateModified\":\"2026-03-08T03:05:42+00:00\",\"description\":\"La prouesse du design de ce buffet se loge dans les d\u00e9tails, ici, des \u00e9querres en bois, ton sur ton, positionn\u00e9es sur les portes soulignent discr\u00e8tement ...\",\"breadcrumb\":{\"@id\":\"https:\/\/softicated.com\/produit\/buffet\/#breadcrumb\"},\"inLanguage\":\"en-GB\",\"potentialAction\":[{\"@type\":\"ReadAction\",\"target\":[\"https:\/\/softicated.com\/produit\/buffet\/\"]}]},{\"@type\":\"ImageObject\",\"inLanguage\":\"en-GB\",\"@id\":\"https:\/\/softicated.com\/produit\/buffet\/#primaryimage\",\"url\":\"https:\/\/softicated.com\/wp-content\/uploads\/2021\/03\/dinner-box-clair-01-scaled-1.webp\",\"contentUrl\":\"https:\/\/softicated.com\/wp-content\/uploads\/2021\/03\/dinner-box-clair-01-scaled-1.webp\",\"width\":2560,\"height\":1709,\"caption\":\"Buffet\"},{\"@type\":\"BreadcrumbList\",\"@id\":\"https:\/\/softicated.com\/produit\/buffet\/#breadcrumb\",\"itemListElement\":[{\"@type\":\"ListItem\",\"position\":1,\"name\":\"Accueil\",\"item\":\"https:\/\/softicated.com\/\"},{\"@type\":\"ListItem\",\"position\":2,\"name\":\"Produits Mobilier Premium Softicated\",\"item\":\"https:\/\/softicated.com\/produits\/\"},{\"@type\":\"ListItem\",\"position\":3,\"name\":\"Meuble de qualit\u00e9 Suisse\",\"item\":\"https:\/\/softicated.com\/categorie-produit\/meuble-design\/\"},{\"@type\":\"ListItem\",\"position\":4,\"name\":\"rangements sideboard\",\"item\":\"https:\/\/softicated.com\/categorie-produit\/meuble-design\/sideboard\/\"},{\"@type\":\"ListItem\",\"position\":5,\"name\":\"Meuble design en bois massif\"}]},{\"@type\":\"WebSite\",\"@id\":\"https:\/\/softicated.com\/#website\",\"url\":\"https:\/\/softicated.com\/\",\"name\":\"Softicated\",\"description\":\"Cr\u00e9ateur de meubles, luminaires et tapis premium\",\"publisher\":{\"@id\":\"https:\/\/softicated.com\/#organization\"},\"potentialAction\":[{\"@type\":\"SearchAction\",\"target\":{\"@type\":\"EntryPoint\",\"urlTemplate\":\"https:\/\/softicated.com\/?s={search_term_string}\"},\"query-input\":{\"@type\":\"PropertyValueSpecification\",\"valueRequired\":true,\"valueName\":\"search_term_string\"}}],\"inLanguage\":\"en-GB\"},{\"@type\":\"Organization\",\"@id\":\"https:\/\/softicated.com\/#organization\",\"name\":\"Softicated\",\"url\":\"https:\/\/softicated.com\/\",\"logo\":{\"@type\":\"ImageObject\",\"inLanguage\":\"en-GB\",\"@id\":\"https:\/\/softicated.com\/#\/schema\/logo\/image\/\",\"url\":\"https:\/\/softicated.com\/wp-content\/uploads\/2025\/11\/logo-dark-2.svg\",\"contentUrl\":\"https:\/\/softicated.com\/wp-content\/uploads\/2025\/11\/logo-dark-2.svg\",\"caption\":\"Softicated\"},\"image\":{\"@id\":\"https:\/\/softicated.com\/#\/schema\/logo\/image\/\"},\"sameAs\":[\"https:\/\/www.facebook.com\/Softicated\",\"https:\/\/www.pinterest.com\/softicateddesign\",\"https:\/\/www.instagram.com\/softicated.design\"]}]}<\/script>\n<!-- \/ Yoast SEO Premium plugin. -->","yoast_head_json":{"title":"Solid wood design furniture - Softicated","description":"La prouesse du design de ce buffet se loge dans les d\u00e9tails, ici, des \u00e9querres en bois, ton sur ton, positionn\u00e9es sur les portes soulignent discr\u00e8tement ...","robots":{"index":"index","follow":"follow","max-snippet":"max-snippet:-1","max-image-preview":"max-image-preview:large","max-video-preview":"max-video-preview:-1"},"canonical":"https:\/\/softicated.com\/en\/produit\/buffet\/","og_locale":"en_GB","og_type":"article","og_title":"Meuble design en bois massif","og_description":"La prouesse du design de ce buffet se loge dans les d\u00e9tails, ici, des \u00e9querres en bois, ton sur ton, positionn\u00e9es sur les portes soulignent discr\u00e8tement ...","og_url":"https:\/\/softicated.com\/en\/produit\/buffet\/","og_site_name":"Softicated","article_publisher":"https:\/\/www.facebook.com\/Softicated","article_modified_time":"2026-03-08T03:05:42+00:00","og_image":[{"width":2560,"height":1709,"url":"https:\/\/softicated.com\/wp-content\/uploads\/2021\/03\/dinner-box-clair-01-scaled-1.webp","type":"image\/webp"}],"twitter_card":"summary_large_image","schema":{"@context":"https:\/\/schema.org","@graph":[{"@type":"WebPage","@id":"https:\/\/softicated.com\/produit\/buffet\/","url":"https:\/\/softicated.com\/produit\/buffet\/","name":"Solid wood design furniture - Softicated","isPartOf":{"@id":"https:\/\/softicated.com\/#website"},"primaryImageOfPage":{"@id":"https:\/\/softicated.com\/produit\/buffet\/#primaryimage"},"image":{"@id":"https:\/\/softicated.com\/produit\/buffet\/#primaryimage"},"thumbnailUrl":"https:\/\/softicated.com\/wp-content\/uploads\/2021\/03\/dinner-box-clair-01-scaled-1.webp","datePublished":"2021-03-08T16:06:59+00:00","dateModified":"2026-03-08T03:05:42+00:00","description":"La prouesse du design de ce buffet se loge dans les d\u00e9tails, ici, des \u00e9querres en bois, ton sur ton, positionn\u00e9es sur les portes soulignent discr\u00e8tement ...","breadcrumb":{"@id":"https:\/\/softicated.com\/produit\/buffet\/#breadcrumb"},"inLanguage":"en-GB","potentialAction":[{"@type":"ReadAction","target":["https:\/\/softicated.com\/produit\/buffet\/"]}]},{"@type":"ImageObject","inLanguage":"en-GB","@id":"https:\/\/softicated.com\/produit\/buffet\/#primaryimage","url":"https:\/\/softicated.com\/wp-content\/uploads\/2021\/03\/dinner-box-clair-01-scaled-1.webp","contentUrl":"https:\/\/softicated.com\/wp-content\/uploads\/2021\/03\/dinner-box-clair-01-scaled-1.webp","width":2560,"height":1709,"caption":"Buffet"},{"@type":"BreadcrumbList","@id":"https:\/\/softicated.com\/produit\/buffet\/#breadcrumb","itemListElement":[{"@type":"ListItem","position":1,"name":"Accueil","item":"https:\/\/softicated.com\/"},{"@type":"ListItem","position":2,"name":"Produits Mobilier Premium Softicated","item":"https:\/\/softicated.com\/produits\/"},{"@type":"ListItem","position":3,"name":"Meuble de qualit\u00e9 Suisse","item":"https:\/\/softicated.com\/categorie-produit\/meuble-design\/"},{"@type":"ListItem","position":4,"name":"rangements sideboard","item":"https:\/\/softicated.com\/categorie-produit\/meuble-design\/sideboard\/"},{"@type":"ListItem","position":5,"name":"Meuble design en bois massif"}]},{"@type":"WebSite","@id":"https:\/\/softicated.com\/#website","url":"https:\/\/softicated.com\/","name":"Softicated","description":"Designer of premium furniture, lighting and rugs","publisher":{"@id":"https:\/\/softicated.com\/#organization"},"potentialAction":[{"@type":"SearchAction","target":{"@type":"EntryPoint","urlTemplate":"https:\/\/softicated.com\/?s={search_term_string}"},"query-input":{"@type":"PropertyValueSpecification","valueRequired":true,"valueName":"search_term_string"}}],"inLanguage":"en-GB"},{"@type":"Organization","@id":"https:\/\/softicated.com\/#organization","name":"Softicated","url":"https:\/\/softicated.com\/","logo":{"@type":"ImageObject","inLanguage":"en-GB","@id":"https:\/\/softicated.com\/#\/schema\/logo\/image\/","url":"https:\/\/softicated.com\/wp-content\/uploads\/2025\/11\/logo-dark-2.svg","contentUrl":"https:\/\/softicated.com\/wp-content\/uploads\/2025\/11\/logo-dark-2.svg","caption":"Softicated"},"image":{"@id":"https:\/\/softicated.com\/#\/schema\/logo\/image\/"},"sameAs":["https:\/\/www.facebook.com\/Softicated","https:\/\/www.pinterest.com\/softicateddesign","https:\/\/www.instagram.com\/softicated.design"]}]}},"_links":{"self":[{"href":"https:\/\/softicated.com\/en\/wp-json\/wp\/v2\/product\/3689","targetHints":{"allow":["GET"]}}],"collection":[{"href":"https:\/\/softicated.com\/en\/wp-json\/wp\/v2\/product"}],"about":[{"href":"https:\/\/softicated.com\/en\/wp-json\/wp\/v2\/types\/product"}],"replies":[{"embeddable":true,"href":"https:\/\/softicated.com\/en\/wp-json\/wp\/v2\/comments?post=3689"}],"wp:featuredmedia":[{"embeddable":true,"href":"https:\/\/softicated.com\/en\/wp-json\/wp\/v2\/media\/12221"}],"wp:attachment":[{"href":"https:\/\/softicated.com\/en\/wp-json\/wp\/v2\/media?parent=3689"}],"wp:term":[{"taxonomy":"product_brand","embeddable":true,"href":"https:\/\/softicated.com\/en\/wp-json\/wp\/v2\/product_brand?post=3689"},{"taxonomy":"product_cat","embeddable":true,"href":"https:\/\/softicated.com\/en\/wp-json\/wp\/v2\/product_cat?post=3689"},{"taxonomy":"product_tag","embeddable":true,"href":"https:\/\/softicated.com\/en\/wp-json\/wp\/v2\/product_tag?post=3689"},{"taxonomy":"collections","embeddable":true,"href":"https:\/\/softicated.com\/en\/wp-json\/wp\/v2\/collections?post=3689"},{"taxonomy":"awards","embeddable":true,"href":"https:\/\/softicated.com\/en\/wp-json\/wp\/v2\/awards?post=3689"},{"taxonomy":"by_color","embeddable":true,"href":"https:\/\/softicated.com\/en\/wp-json\/wp\/v2\/by_color?post=3689"}],"curies":[{"name":"wp","href":"https:\/\/api.w.org\/{rel}","templated":true}]}}