{"id":2725,"date":"2021-03-03T09:51:39","date_gmt":"2021-03-03T08:51:39","guid":{"rendered":"https:\/\/softicated.com\/?post_type=product&#038;p=2725"},"modified":"2026-03-24T05:40:10","modified_gmt":"2026-03-24T04:40:10","slug":"coffee-table","status":"publish","type":"product","link":"https:\/\/softicated.com\/en\/produit\/coffee-table\/","title":{"rendered":"Design coffee table glass"},"content":{"rendered":"<p class=\"p1\">The Ebb &amp; Flow collection brings an organic and geometric touch to any interior. Ridged bands are carved in ultra-solid materials such as steel. Here, man has tried to replicate the natural erosion which often creates the most exquisite of sculptures, with time and perseverance as it\u2019s only tools. This collection is composed of a coffee table, rugs and a lamp: suspension.  The Ebb &amp; Flow line was conceived as a unique piece of art to choose as you like.<\/p>","protected":false},"excerpt":{"rendered":"<p>Flux et reflux, c\u2019est le nom de cette ligne fa\u00e7onn\u00e9e pour proposer une touche organique et g\u00e9om\u00e9trique dans n\u2019importe quel int\u00e9rieur. Les bandes stri\u00e9es sont trac\u00e9es dans des mat\u00e9riaux ultra-solides comme l\u2019acier. Ici, l\u2019homme a copi\u00e9 l\u2019\u00e9rosion naturelle capable d\u2019ex\u00e9cuter la plus parfaite des sculptures sans aucun autre effort que la pers\u00e9v\u00e9rance et le temps. [&hellip;]<\/p>","protected":false},"featured_media":12121,"comment_status":"closed","ping_status":"closed","template":"","meta":{"_acf_changed":false},"product_brand":[],"product_cat":[170,97],"product_tag":[],"collections":[],"awards":[],"by_color":[],"class_list":{"0":"post-2725","1":"product","2":"type-product","3":"status-publish","4":"has-post-thumbnail","6":"product_cat-table-basse","7":"product_cat-table","9":"first","10":"instock","11":"shipping-taxable","12":"product-type-simple"},"acf":[],"yoast_head":"<!-- This site is optimized with the Yoast SEO Premium plugin v25.7.1 (Yoast SEO v26.9) - https:\/\/yoast.com\/product\/yoast-seo-premium-wordpress\/ -->\n<title>Table basse en verre design - Softicated<\/title>\n<meta name=\"description\" content=\"La table basse est parfaitement \u00e9quilibr\u00e9e et harmonieuse. Le plateau de verre transparent repose sur le m\u00e9tal. Les blocs de m\u00e9tal \u00e9vid\u00e9s cr\u00e9ent ...\" \/>\n<meta name=\"robots\" content=\"index, follow, max-snippet:-1, max-image-preview:large, max-video-preview:-1\" \/>\n<link rel=\"canonical\" href=\"https:\/\/softicated.com\/en\/produit\/coffee-table\/\" \/>\n<meta property=\"og:locale\" content=\"en_GB\" \/>\n<meta property=\"og:type\" content=\"article\" \/>\n<meta property=\"og:title\" content=\"Table basse en verre design\" \/>\n<meta property=\"og:description\" content=\"La table basse est parfaitement \u00e9quilibr\u00e9e et harmonieuse. Le plateau de verre transparent repose sur le m\u00e9tal. Les blocs de m\u00e9tal \u00e9vid\u00e9s cr\u00e9ent ...\" \/>\n<meta property=\"og:url\" content=\"https:\/\/softicated.com\/en\/produit\/coffee-table\/\" \/>\n<meta property=\"og:site_name\" content=\"Softicated\" \/>\n<meta property=\"article:publisher\" content=\"https:\/\/www.facebook.com\/Softicated\" \/>\n<meta property=\"article:modified_time\" content=\"2026-03-24T04:40:10+00:00\" \/>\n<meta property=\"og:image\" content=\"https:\/\/softicated.com\/wp-content\/uploads\/2021\/03\/leaning_ebbs-flows_coffee-table_02-1.webp\" \/>\n\t<meta property=\"og:image:width\" content=\"1800\" \/>\n\t<meta property=\"og:image:height\" content=\"1800\" \/>\n\t<meta property=\"og:image:type\" content=\"image\/webp\" \/>\n<meta name=\"twitter:card\" content=\"summary_large_image\" \/>\n<script type=\"application\/ld+json\" class=\"yoast-schema-graph\">{\"@context\":\"https:\/\/schema.org\",\"@graph\":[{\"@type\":\"WebPage\",\"@id\":\"https:\/\/softicated.com\/produit\/coffee-table\/\",\"url\":\"https:\/\/softicated.com\/produit\/coffee-table\/\",\"name\":\"Table basse en verre design - Softicated\",\"isPartOf\":{\"@id\":\"https:\/\/softicated.com\/#website\"},\"primaryImageOfPage\":{\"@id\":\"https:\/\/softicated.com\/produit\/coffee-table\/#primaryimage\"},\"image\":{\"@id\":\"https:\/\/softicated.com\/produit\/coffee-table\/#primaryimage\"},\"thumbnailUrl\":\"https:\/\/softicated.com\/wp-content\/uploads\/2021\/03\/leaning_ebbs-flows_coffee-table_02-1.webp\",\"datePublished\":\"2021-03-03T08:51:39+00:00\",\"dateModified\":\"2026-03-24T04:40:10+00:00\",\"description\":\"La table basse est parfaitement \u00e9quilibr\u00e9e et harmonieuse. Le plateau de verre transparent repose sur le m\u00e9tal. Les blocs de m\u00e9tal \u00e9vid\u00e9s cr\u00e9ent ...\",\"breadcrumb\":{\"@id\":\"https:\/\/softicated.com\/produit\/coffee-table\/#breadcrumb\"},\"inLanguage\":\"en-GB\",\"potentialAction\":[{\"@type\":\"ReadAction\",\"target\":[\"https:\/\/softicated.com\/produit\/coffee-table\/\"]}]},{\"@type\":\"ImageObject\",\"inLanguage\":\"en-GB\",\"@id\":\"https:\/\/softicated.com\/produit\/coffee-table\/#primaryimage\",\"url\":\"https:\/\/softicated.com\/wp-content\/uploads\/2021\/03\/leaning_ebbs-flows_coffee-table_02-1.webp\",\"contentUrl\":\"https:\/\/softicated.com\/wp-content\/uploads\/2021\/03\/leaning_ebbs-flows_coffee-table_02-1.webp\",\"width\":1800,\"height\":1800,\"caption\":\"Table basse\"},{\"@type\":\"BreadcrumbList\",\"@id\":\"https:\/\/softicated.com\/produit\/coffee-table\/#breadcrumb\",\"itemListElement\":[{\"@type\":\"ListItem\",\"position\":1,\"name\":\"Accueil\",\"item\":\"https:\/\/softicated.com\/\"},{\"@type\":\"ListItem\",\"position\":2,\"name\":\"Produits Mobilier Premium Softicated\",\"item\":\"https:\/\/softicated.com\/produits\/\"},{\"@type\":\"ListItem\",\"position\":3,\"name\":\"Meuble de qualit\u00e9 Suisse\",\"item\":\"https:\/\/softicated.com\/categorie-produit\/meuble-design\/\"},{\"@type\":\"ListItem\",\"position\":4,\"name\":\"Table\",\"item\":\"https:\/\/softicated.com\/categorie-produit\/meuble-design\/table\/\"},{\"@type\":\"ListItem\",\"position\":5,\"name\":\"Table basse en verre design\"}]},{\"@type\":\"WebSite\",\"@id\":\"https:\/\/softicated.com\/#website\",\"url\":\"https:\/\/softicated.com\/\",\"name\":\"Softicated\",\"description\":\"Cr\u00e9ateur de meubles, luminaires et tapis premium\",\"publisher\":{\"@id\":\"https:\/\/softicated.com\/#organization\"},\"potentialAction\":[{\"@type\":\"SearchAction\",\"target\":{\"@type\":\"EntryPoint\",\"urlTemplate\":\"https:\/\/softicated.com\/?s={search_term_string}\"},\"query-input\":{\"@type\":\"PropertyValueSpecification\",\"valueRequired\":true,\"valueName\":\"search_term_string\"}}],\"inLanguage\":\"en-GB\"},{\"@type\":\"Organization\",\"@id\":\"https:\/\/softicated.com\/#organization\",\"name\":\"Softicated\",\"url\":\"https:\/\/softicated.com\/\",\"logo\":{\"@type\":\"ImageObject\",\"inLanguage\":\"en-GB\",\"@id\":\"https:\/\/softicated.com\/#\/schema\/logo\/image\/\",\"url\":\"https:\/\/softicated.com\/wp-content\/uploads\/2025\/11\/logo-dark-2.svg\",\"contentUrl\":\"https:\/\/softicated.com\/wp-content\/uploads\/2025\/11\/logo-dark-2.svg\",\"caption\":\"Softicated\"},\"image\":{\"@id\":\"https:\/\/softicated.com\/#\/schema\/logo\/image\/\"},\"sameAs\":[\"https:\/\/www.facebook.com\/Softicated\",\"https:\/\/www.pinterest.com\/softicateddesign\",\"https:\/\/www.instagram.com\/softicated.design\"]}]}<\/script>\n<!-- \/ Yoast SEO Premium plugin. -->","yoast_head_json":{"title":"Design coffee table glass - Softicated","description":"La table basse est parfaitement \u00e9quilibr\u00e9e et harmonieuse. Le plateau de verre transparent repose sur le m\u00e9tal. Les blocs de m\u00e9tal \u00e9vid\u00e9s cr\u00e9ent ...","robots":{"index":"index","follow":"follow","max-snippet":"max-snippet:-1","max-image-preview":"max-image-preview:large","max-video-preview":"max-video-preview:-1"},"canonical":"https:\/\/softicated.com\/en\/produit\/coffee-table\/","og_locale":"en_GB","og_type":"article","og_title":"Table basse en verre design","og_description":"La table basse est parfaitement \u00e9quilibr\u00e9e et harmonieuse. Le plateau de verre transparent repose sur le m\u00e9tal. Les blocs de m\u00e9tal \u00e9vid\u00e9s cr\u00e9ent ...","og_url":"https:\/\/softicated.com\/en\/produit\/coffee-table\/","og_site_name":"Softicated","article_publisher":"https:\/\/www.facebook.com\/Softicated","article_modified_time":"2026-03-24T04:40:10+00:00","og_image":[{"width":1800,"height":1800,"url":"https:\/\/softicated.com\/wp-content\/uploads\/2021\/03\/leaning_ebbs-flows_coffee-table_02-1.webp","type":"image\/webp"}],"twitter_card":"summary_large_image","schema":{"@context":"https:\/\/schema.org","@graph":[{"@type":"WebPage","@id":"https:\/\/softicated.com\/produit\/coffee-table\/","url":"https:\/\/softicated.com\/produit\/coffee-table\/","name":"Design coffee table glass - Softicated","isPartOf":{"@id":"https:\/\/softicated.com\/#website"},"primaryImageOfPage":{"@id":"https:\/\/softicated.com\/produit\/coffee-table\/#primaryimage"},"image":{"@id":"https:\/\/softicated.com\/produit\/coffee-table\/#primaryimage"},"thumbnailUrl":"https:\/\/softicated.com\/wp-content\/uploads\/2021\/03\/leaning_ebbs-flows_coffee-table_02-1.webp","datePublished":"2021-03-03T08:51:39+00:00","dateModified":"2026-03-24T04:40:10+00:00","description":"La table basse est parfaitement \u00e9quilibr\u00e9e et harmonieuse. Le plateau de verre transparent repose sur le m\u00e9tal. Les blocs de m\u00e9tal \u00e9vid\u00e9s cr\u00e9ent ...","breadcrumb":{"@id":"https:\/\/softicated.com\/produit\/coffee-table\/#breadcrumb"},"inLanguage":"en-GB","potentialAction":[{"@type":"ReadAction","target":["https:\/\/softicated.com\/produit\/coffee-table\/"]}]},{"@type":"ImageObject","inLanguage":"en-GB","@id":"https:\/\/softicated.com\/produit\/coffee-table\/#primaryimage","url":"https:\/\/softicated.com\/wp-content\/uploads\/2021\/03\/leaning_ebbs-flows_coffee-table_02-1.webp","contentUrl":"https:\/\/softicated.com\/wp-content\/uploads\/2021\/03\/leaning_ebbs-flows_coffee-table_02-1.webp","width":1800,"height":1800,"caption":"Table basse"},{"@type":"BreadcrumbList","@id":"https:\/\/softicated.com\/produit\/coffee-table\/#breadcrumb","itemListElement":[{"@type":"ListItem","position":1,"name":"Accueil","item":"https:\/\/softicated.com\/"},{"@type":"ListItem","position":2,"name":"Produits Mobilier Premium Softicated","item":"https:\/\/softicated.com\/produits\/"},{"@type":"ListItem","position":3,"name":"Meuble de qualit\u00e9 Suisse","item":"https:\/\/softicated.com\/categorie-produit\/meuble-design\/"},{"@type":"ListItem","position":4,"name":"Table","item":"https:\/\/softicated.com\/categorie-produit\/meuble-design\/table\/"},{"@type":"ListItem","position":5,"name":"Table basse en verre design"}]},{"@type":"WebSite","@id":"https:\/\/softicated.com\/#website","url":"https:\/\/softicated.com\/","name":"Softicated","description":"Designer of premium furniture, lighting and rugs","publisher":{"@id":"https:\/\/softicated.com\/#organization"},"potentialAction":[{"@type":"SearchAction","target":{"@type":"EntryPoint","urlTemplate":"https:\/\/softicated.com\/?s={search_term_string}"},"query-input":{"@type":"PropertyValueSpecification","valueRequired":true,"valueName":"search_term_string"}}],"inLanguage":"en-GB"},{"@type":"Organization","@id":"https:\/\/softicated.com\/#organization","name":"Softicated","url":"https:\/\/softicated.com\/","logo":{"@type":"ImageObject","inLanguage":"en-GB","@id":"https:\/\/softicated.com\/#\/schema\/logo\/image\/","url":"https:\/\/softicated.com\/wp-content\/uploads\/2025\/11\/logo-dark-2.svg","contentUrl":"https:\/\/softicated.com\/wp-content\/uploads\/2025\/11\/logo-dark-2.svg","caption":"Softicated"},"image":{"@id":"https:\/\/softicated.com\/#\/schema\/logo\/image\/"},"sameAs":["https:\/\/www.facebook.com\/Softicated","https:\/\/www.pinterest.com\/softicateddesign","https:\/\/www.instagram.com\/softicated.design"]}]}},"_links":{"self":[{"href":"https:\/\/softicated.com\/en\/wp-json\/wp\/v2\/product\/2725","targetHints":{"allow":["GET"]}}],"collection":[{"href":"https:\/\/softicated.com\/en\/wp-json\/wp\/v2\/product"}],"about":[{"href":"https:\/\/softicated.com\/en\/wp-json\/wp\/v2\/types\/product"}],"replies":[{"embeddable":true,"href":"https:\/\/softicated.com\/en\/wp-json\/wp\/v2\/comments?post=2725"}],"wp:featuredmedia":[{"embeddable":true,"href":"https:\/\/softicated.com\/en\/wp-json\/wp\/v2\/media\/12121"}],"wp:attachment":[{"href":"https:\/\/softicated.com\/en\/wp-json\/wp\/v2\/media?parent=2725"}],"wp:term":[{"taxonomy":"product_brand","embeddable":true,"href":"https:\/\/softicated.com\/en\/wp-json\/wp\/v2\/product_brand?post=2725"},{"taxonomy":"product_cat","embeddable":true,"href":"https:\/\/softicated.com\/en\/wp-json\/wp\/v2\/product_cat?post=2725"},{"taxonomy":"product_tag","embeddable":true,"href":"https:\/\/softicated.com\/en\/wp-json\/wp\/v2\/product_tag?post=2725"},{"taxonomy":"collections","embeddable":true,"href":"https:\/\/softicated.com\/en\/wp-json\/wp\/v2\/collections?post=2725"},{"taxonomy":"awards","embeddable":true,"href":"https:\/\/softicated.com\/en\/wp-json\/wp\/v2\/awards?post=2725"},{"taxonomy":"by_color","embeddable":true,"href":"https:\/\/softicated.com\/en\/wp-json\/wp\/v2\/by_color?post=2725"}],"curies":[{"name":"wp","href":"https:\/\/api.w.org\/{rel}","templated":true}]}}