{"id":2660,"date":"2021-03-02T17:25:16","date_gmt":"2021-03-02T16:25:16","guid":{"rendered":"https:\/\/softicated.com\/?post_type=product&#038;p=2660"},"modified":"2026-03-11T13:15:49","modified_gmt":"2026-03-11T12:15:49","slug":"canape-3-places-saddlebags","status":"publish","type":"product","link":"https:\/\/softicated.com\/en\/produit\/canape-3-places-saddlebags\/","title":{"rendered":"Modern 3-seater sofa Switzerland"},"content":{"rendered":"<p class=\"p1 translation-block\">You will discover many hidden secrets with this comfortable and elegant line of sofas. Indeed, the armrests are adorned with walnut compartments, or saddlebags, which will not only allow you to neatly stow away any object lying around, but which will also bring a cozy and enveloping feel to your room. Here, the inspiration is twofold: first it comes from the protective quality of nature \u2013 the saddlebags mimic the self-defense strategy used by frogs, by which they inflate their chests. It also draws its inspiration from the elegant and practical function of cavaliers\u2019 saddlebags. This line of sofas is available in different colors, materials and refined finishes (for seating, cabinets, the feet and the handles).<\/p>","protected":false},"excerpt":{"rendered":"<p>Litt\u00e9ralement sacoche en fran\u00e7ais, cette ligne de canap\u00e9s confortables et \u00e9l\u00e9gants promet des secrets bien cach\u00e9s. Puisque chaque accoudoir est doubl\u00e9 d\u2019un compartiment en noyer qui permet non seulement de ranger tout ce qui tra\u00eene d\u2019une mani\u00e8re esth\u00e9tique mais surtout de donner un aspect joufflu et cocooning unique. L\u2019inspiration est double\u00a0: d\u2019abord et surtout, la [&hellip;]<\/p>","protected":false},"featured_media":12110,"comment_status":"closed","ping_status":"closed","template":"","meta":{"_acf_changed":false},"product_brand":[],"product_cat":[103],"product_tag":[],"collections":[35],"awards":[],"by_color":[],"class_list":{"0":"post-2660","1":"product","2":"type-product","3":"status-publish","4":"has-post-thumbnail","6":"product_cat-canape","7":"collections-saddlebags","9":"first","10":"instock","11":"shipping-taxable","12":"product-type-simple"},"acf":[],"yoast_head":"<!-- This site is optimized with the Yoast SEO Premium plugin v25.7.1 (Yoast SEO v26.9) - https:\/\/yoast.com\/product\/yoast-seo-premium-wordpress\/ -->\n<title>Canap\u00e9 3 Places moderne suisse - Softicated<\/title>\n<meta name=\"description\" content=\"Cette collection cr\u00e9\u00e9 par Cyril Rumpler (Softicated) se d\u00e9cline en canap\u00e9s deux et trois places et en un fauteuil. Les coffres donnent leurs originalit\u00e9 \u00e0..\" \/>\n<meta name=\"robots\" content=\"index, follow, max-snippet:-1, max-image-preview:large, max-video-preview:-1\" \/>\n<link rel=\"canonical\" href=\"https:\/\/softicated.com\/en\/produit\/canape-3-places-saddlebags\/\" \/>\n<meta property=\"og:locale\" content=\"en_GB\" \/>\n<meta property=\"og:type\" content=\"article\" \/>\n<meta property=\"og:title\" content=\"Canap\u00e9 3 Places moderne suisse\" \/>\n<meta property=\"og:description\" content=\"Cette collection cr\u00e9\u00e9 par Cyril Rumpler (Softicated) se d\u00e9cline en canap\u00e9s deux et trois places et en un fauteuil. Les coffres donnent leurs originalit\u00e9 \u00e0..\" \/>\n<meta property=\"og:url\" content=\"https:\/\/softicated.com\/en\/produit\/canape-3-places-saddlebags\/\" \/>\n<meta property=\"og:site_name\" content=\"Softicated\" \/>\n<meta property=\"article:publisher\" content=\"https:\/\/www.facebook.com\/Softicated\" \/>\n<meta property=\"article:modified_time\" content=\"2026-03-11T12:15:49+00:00\" \/>\n<meta property=\"og:image\" content=\"https:\/\/softicated.com\/wp-content\/uploads\/2021\/03\/seating_saddlebags_sofa-3-seater_01-1-1.webp\" \/>\n\t<meta property=\"og:image:width\" content=\"1800\" \/>\n\t<meta property=\"og:image:height\" content=\"1800\" \/>\n\t<meta property=\"og:image:type\" content=\"image\/webp\" \/>\n<meta name=\"twitter:card\" content=\"summary_large_image\" \/>\n<script type=\"application\/ld+json\" class=\"yoast-schema-graph\">{\"@context\":\"https:\/\/schema.org\",\"@graph\":[{\"@type\":\"WebPage\",\"@id\":\"https:\/\/softicated.com\/produit\/canape-3-places-saddlebags\/\",\"url\":\"https:\/\/softicated.com\/produit\/canape-3-places-saddlebags\/\",\"name\":\"Canap\u00e9 3 Places moderne suisse - Softicated\",\"isPartOf\":{\"@id\":\"https:\/\/softicated.com\/#website\"},\"primaryImageOfPage\":{\"@id\":\"https:\/\/softicated.com\/produit\/canape-3-places-saddlebags\/#primaryimage\"},\"image\":{\"@id\":\"https:\/\/softicated.com\/produit\/canape-3-places-saddlebags\/#primaryimage\"},\"thumbnailUrl\":\"https:\/\/softicated.com\/wp-content\/uploads\/2021\/03\/seating_saddlebags_sofa-3-seater_01-1-1.webp\",\"datePublished\":\"2021-03-02T16:25:16+00:00\",\"dateModified\":\"2026-03-11T12:15:49+00:00\",\"description\":\"Cette collection cr\u00e9\u00e9 par Cyril Rumpler (Softicated) se d\u00e9cline en canap\u00e9s deux et trois places et en un fauteuil. Les coffres donnent leurs originalit\u00e9 \u00e0..\",\"breadcrumb\":{\"@id\":\"https:\/\/softicated.com\/produit\/canape-3-places-saddlebags\/#breadcrumb\"},\"inLanguage\":\"en-GB\",\"potentialAction\":[{\"@type\":\"ReadAction\",\"target\":[\"https:\/\/softicated.com\/produit\/canape-3-places-saddlebags\/\"]}]},{\"@type\":\"ImageObject\",\"inLanguage\":\"en-GB\",\"@id\":\"https:\/\/softicated.com\/produit\/canape-3-places-saddlebags\/#primaryimage\",\"url\":\"https:\/\/softicated.com\/wp-content\/uploads\/2021\/03\/seating_saddlebags_sofa-3-seater_01-1-1.webp\",\"contentUrl\":\"https:\/\/softicated.com\/wp-content\/uploads\/2021\/03\/seating_saddlebags_sofa-3-seater_01-1-1.webp\",\"width\":1800,\"height\":1800,\"caption\":\"Canap\u00e9 3 places\"},{\"@type\":\"BreadcrumbList\",\"@id\":\"https:\/\/softicated.com\/produit\/canape-3-places-saddlebags\/#breadcrumb\",\"itemListElement\":[{\"@type\":\"ListItem\",\"position\":1,\"name\":\"Accueil\",\"item\":\"https:\/\/softicated.com\/\"},{\"@type\":\"ListItem\",\"position\":2,\"name\":\"Produits Mobilier Premium Softicated\",\"item\":\"https:\/\/softicated.com\/produits\/\"},{\"@type\":\"ListItem\",\"position\":3,\"name\":\"Assise design\",\"item\":\"https:\/\/softicated.com\/categorie-produit\/assises\/\"},{\"@type\":\"ListItem\",\"position\":4,\"name\":\"Canap\u00e9 moderne Suisse\",\"item\":\"https:\/\/softicated.com\/categorie-produit\/assises\/canape\/\"},{\"@type\":\"ListItem\",\"position\":5,\"name\":\"Canap\u00e9 3 places moderne suisse saddlebags\"}]},{\"@type\":\"WebSite\",\"@id\":\"https:\/\/softicated.com\/#website\",\"url\":\"https:\/\/softicated.com\/\",\"name\":\"Softicated\",\"description\":\"Cr\u00e9ateur de meubles, luminaires et tapis premium\",\"publisher\":{\"@id\":\"https:\/\/softicated.com\/#organization\"},\"potentialAction\":[{\"@type\":\"SearchAction\",\"target\":{\"@type\":\"EntryPoint\",\"urlTemplate\":\"https:\/\/softicated.com\/?s={search_term_string}\"},\"query-input\":{\"@type\":\"PropertyValueSpecification\",\"valueRequired\":true,\"valueName\":\"search_term_string\"}}],\"inLanguage\":\"en-GB\"},{\"@type\":\"Organization\",\"@id\":\"https:\/\/softicated.com\/#organization\",\"name\":\"Softicated\",\"url\":\"https:\/\/softicated.com\/\",\"logo\":{\"@type\":\"ImageObject\",\"inLanguage\":\"en-GB\",\"@id\":\"https:\/\/softicated.com\/#\/schema\/logo\/image\/\",\"url\":\"https:\/\/softicated.com\/wp-content\/uploads\/2025\/11\/logo-dark-2.svg\",\"contentUrl\":\"https:\/\/softicated.com\/wp-content\/uploads\/2025\/11\/logo-dark-2.svg\",\"caption\":\"Softicated\"},\"image\":{\"@id\":\"https:\/\/softicated.com\/#\/schema\/logo\/image\/\"},\"sameAs\":[\"https:\/\/www.facebook.com\/Softicated\",\"https:\/\/www.pinterest.com\/softicateddesign\",\"https:\/\/www.instagram.com\/softicated.design\"]}]}<\/script>\n<!-- \/ Yoast SEO Premium plugin. -->","yoast_head_json":{"title":"Modern 3-seater sofa Switzerland - Softicated","description":"Cette collection cr\u00e9\u00e9 par Cyril Rumpler (Softicated) se d\u00e9cline en canap\u00e9s deux et trois places et en un fauteuil. Les coffres donnent leurs originalit\u00e9 \u00e0..","robots":{"index":"index","follow":"follow","max-snippet":"max-snippet:-1","max-image-preview":"max-image-preview:large","max-video-preview":"max-video-preview:-1"},"canonical":"https:\/\/softicated.com\/en\/produit\/canape-3-places-saddlebags\/","og_locale":"en_GB","og_type":"article","og_title":"Canap\u00e9 3 Places moderne suisse","og_description":"Cette collection cr\u00e9\u00e9 par Cyril Rumpler (Softicated) se d\u00e9cline en canap\u00e9s deux et trois places et en un fauteuil. Les coffres donnent leurs originalit\u00e9 \u00e0..","og_url":"https:\/\/softicated.com\/en\/produit\/canape-3-places-saddlebags\/","og_site_name":"Softicated","article_publisher":"https:\/\/www.facebook.com\/Softicated","article_modified_time":"2026-03-11T12:15:49+00:00","og_image":[{"width":1800,"height":1800,"url":"https:\/\/softicated.com\/wp-content\/uploads\/2021\/03\/seating_saddlebags_sofa-3-seater_01-1-1.webp","type":"image\/webp"}],"twitter_card":"summary_large_image","schema":{"@context":"https:\/\/schema.org","@graph":[{"@type":"WebPage","@id":"https:\/\/softicated.com\/produit\/canape-3-places-saddlebags\/","url":"https:\/\/softicated.com\/produit\/canape-3-places-saddlebags\/","name":"Modern 3-seater sofa Switzerland - Softicated","isPartOf":{"@id":"https:\/\/softicated.com\/#website"},"primaryImageOfPage":{"@id":"https:\/\/softicated.com\/produit\/canape-3-places-saddlebags\/#primaryimage"},"image":{"@id":"https:\/\/softicated.com\/produit\/canape-3-places-saddlebags\/#primaryimage"},"thumbnailUrl":"https:\/\/softicated.com\/wp-content\/uploads\/2021\/03\/seating_saddlebags_sofa-3-seater_01-1-1.webp","datePublished":"2021-03-02T16:25:16+00:00","dateModified":"2026-03-11T12:15:49+00:00","description":"Cette collection cr\u00e9\u00e9 par Cyril Rumpler (Softicated) se d\u00e9cline en canap\u00e9s deux et trois places et en un fauteuil. Les coffres donnent leurs originalit\u00e9 \u00e0..","breadcrumb":{"@id":"https:\/\/softicated.com\/produit\/canape-3-places-saddlebags\/#breadcrumb"},"inLanguage":"en-GB","potentialAction":[{"@type":"ReadAction","target":["https:\/\/softicated.com\/produit\/canape-3-places-saddlebags\/"]}]},{"@type":"ImageObject","inLanguage":"en-GB","@id":"https:\/\/softicated.com\/produit\/canape-3-places-saddlebags\/#primaryimage","url":"https:\/\/softicated.com\/wp-content\/uploads\/2021\/03\/seating_saddlebags_sofa-3-seater_01-1-1.webp","contentUrl":"https:\/\/softicated.com\/wp-content\/uploads\/2021\/03\/seating_saddlebags_sofa-3-seater_01-1-1.webp","width":1800,"height":1800,"caption":"Canap\u00e9 3 places"},{"@type":"BreadcrumbList","@id":"https:\/\/softicated.com\/produit\/canape-3-places-saddlebags\/#breadcrumb","itemListElement":[{"@type":"ListItem","position":1,"name":"Accueil","item":"https:\/\/softicated.com\/"},{"@type":"ListItem","position":2,"name":"Produits Mobilier Premium Softicated","item":"https:\/\/softicated.com\/produits\/"},{"@type":"ListItem","position":3,"name":"Assise design","item":"https:\/\/softicated.com\/categorie-produit\/assises\/"},{"@type":"ListItem","position":4,"name":"Canap\u00e9 moderne Suisse","item":"https:\/\/softicated.com\/categorie-produit\/assises\/canape\/"},{"@type":"ListItem","position":5,"name":"Canap\u00e9 3 places moderne suisse saddlebags"}]},{"@type":"WebSite","@id":"https:\/\/softicated.com\/#website","url":"https:\/\/softicated.com\/","name":"Softicated","description":"Designer of premium furniture, lighting and rugs","publisher":{"@id":"https:\/\/softicated.com\/#organization"},"potentialAction":[{"@type":"SearchAction","target":{"@type":"EntryPoint","urlTemplate":"https:\/\/softicated.com\/?s={search_term_string}"},"query-input":{"@type":"PropertyValueSpecification","valueRequired":true,"valueName":"search_term_string"}}],"inLanguage":"en-GB"},{"@type":"Organization","@id":"https:\/\/softicated.com\/#organization","name":"Softicated","url":"https:\/\/softicated.com\/","logo":{"@type":"ImageObject","inLanguage":"en-GB","@id":"https:\/\/softicated.com\/#\/schema\/logo\/image\/","url":"https:\/\/softicated.com\/wp-content\/uploads\/2025\/11\/logo-dark-2.svg","contentUrl":"https:\/\/softicated.com\/wp-content\/uploads\/2025\/11\/logo-dark-2.svg","caption":"Softicated"},"image":{"@id":"https:\/\/softicated.com\/#\/schema\/logo\/image\/"},"sameAs":["https:\/\/www.facebook.com\/Softicated","https:\/\/www.pinterest.com\/softicateddesign","https:\/\/www.instagram.com\/softicated.design"]}]}},"_links":{"self":[{"href":"https:\/\/softicated.com\/en\/wp-json\/wp\/v2\/product\/2660","targetHints":{"allow":["GET"]}}],"collection":[{"href":"https:\/\/softicated.com\/en\/wp-json\/wp\/v2\/product"}],"about":[{"href":"https:\/\/softicated.com\/en\/wp-json\/wp\/v2\/types\/product"}],"replies":[{"embeddable":true,"href":"https:\/\/softicated.com\/en\/wp-json\/wp\/v2\/comments?post=2660"}],"wp:featuredmedia":[{"embeddable":true,"href":"https:\/\/softicated.com\/en\/wp-json\/wp\/v2\/media\/12110"}],"wp:attachment":[{"href":"https:\/\/softicated.com\/en\/wp-json\/wp\/v2\/media?parent=2660"}],"wp:term":[{"taxonomy":"product_brand","embeddable":true,"href":"https:\/\/softicated.com\/en\/wp-json\/wp\/v2\/product_brand?post=2660"},{"taxonomy":"product_cat","embeddable":true,"href":"https:\/\/softicated.com\/en\/wp-json\/wp\/v2\/product_cat?post=2660"},{"taxonomy":"product_tag","embeddable":true,"href":"https:\/\/softicated.com\/en\/wp-json\/wp\/v2\/product_tag?post=2660"},{"taxonomy":"collections","embeddable":true,"href":"https:\/\/softicated.com\/en\/wp-json\/wp\/v2\/collections?post=2660"},{"taxonomy":"awards","embeddable":true,"href":"https:\/\/softicated.com\/en\/wp-json\/wp\/v2\/awards?post=2660"},{"taxonomy":"by_color","embeddable":true,"href":"https:\/\/softicated.com\/en\/wp-json\/wp\/v2\/by_color?post=2660"}],"curies":[{"name":"wp","href":"https:\/\/api.w.org\/{rel}","templated":true}]}}