{"id":15036,"date":"2026-02-23T12:56:44","date_gmt":"2026-02-23T11:56:44","guid":{"rendered":"https:\/\/softicated.com\/?post_type=product&#038;p=15036"},"modified":"2026-03-16T06:15:08","modified_gmt":"2026-03-16T05:15:08","slug":"tapis-seren","status":"publish","type":"product","link":"https:\/\/softicated.com\/en\/produit\/tapis-seren\/","title":{"rendered":"Rug Seren"},"content":{"rendered":"<p>Seren evokes a soft, enveloping presence in which movement is calm and almost imperceptible. The design, subtle and fluid, appears as if embedded within the material itself, suggesting a gentle, continuous inner rhythm.<\/p>\n<p>In its luminous beige tone, Seren unfolds a soothing movement. The colour acts as a warm, enveloping material, within which the design is sensed rather than asserted. This natural beige delicately captures the light, revealing a depth that accompanies the space without ever dominating it.<\/p>\n<p>Crafted from natural New Zealand wool, Seren is distinguished by its warm, luminous beige shade. This refined semi-plain reveals its full depth through variations in texture and the play of light. The cut &amp; loop technique subtly structures the surface, allowing the design to emerge in relief with restraint and elegance.<\/p>\n<p>Thanks to its soft and natural palette, Seren integrates seamlessly into serene and timeless interiors. It pairs effortlessly with a wide range of materials. Ideal for a living room, bedroom or restful space, it brings a sense of visual and tactile comfort, conducive to calm and contemplation.<\/p>\n<p>Choosing the Seren rug means creating a warm, balanced atmosphere where the softness of the beige tone and the subtlety of the relief invite tranquillity and serenity.<\/p>","protected":false},"excerpt":{"rendered":"<p>Seren \u00e9voque une pr\u00e9sence douce et enveloppante o\u00f9 le mouvement est apais\u00e9 et presque imperceptible. Le dessin, subtil et fluide appara\u00eet comme inscrite dans la mati\u00e8re sugg\u00e9rant un rythme int\u00e9rieur calme et continu. Dans sa teinte beige lumineuse, Seren d\u00e9ploie un mouvement apais\u00e9. La couleur agit comme une mati\u00e8re enveloppante, douce et chaleureuse, au sein [&hellip;]<\/p>","protected":false},"featured_media":15107,"comment_status":"open","ping_status":"closed","template":"","meta":{"_acf_changed":false},"product_brand":[],"product_cat":[298,27],"product_tag":[],"collections":[262],"awards":[],"by_color":[],"class_list":{"0":"post-15036","1":"product","2":"type-product","3":"status-publish","4":"has-post-thumbnail","6":"product_cat-tapis-faux-unis","7":"product_cat-rugs","8":"collections-lifelines","10":"first","11":"instock","12":"shipping-taxable","13":"purchasable","14":"product-type-variable"},"acf":[],"yoast_head":"<!-- This site is optimized with the Yoast SEO Premium plugin v25.7.1 (Yoast SEO v26.9) - https:\/\/yoast.com\/product\/yoast-seo-premium-wordpress\/ -->\n<title>Tapis design sur mesure Seren - Softicated<\/title>\n<meta name=\"description\" content=\"Seren \u00e9voque une pr\u00e9sence douce et enveloppante, le dessin, subtil et fluide appara\u00eet comme inscrite dans la mati\u00e8re sugg\u00e9rant un rythme int\u00e9rieur calme.\" \/>\n<meta name=\"robots\" content=\"index, follow, max-snippet:-1, max-image-preview:large, max-video-preview:-1\" \/>\n<link rel=\"canonical\" href=\"https:\/\/softicated.com\/en\/produit\/tapis-seren\/\" \/>\n<meta property=\"og:locale\" content=\"en_GB\" \/>\n<meta property=\"og:type\" content=\"article\" \/>\n<meta property=\"og:title\" content=\"Tapis Seren\" \/>\n<meta property=\"og:description\" content=\"Seren \u00e9voque une pr\u00e9sence douce et enveloppante, le dessin, subtil et fluide appara\u00eet comme inscrite dans la mati\u00e8re sugg\u00e9rant un rythme int\u00e9rieur calme.\" \/>\n<meta property=\"og:url\" content=\"https:\/\/softicated.com\/en\/produit\/tapis-seren\/\" \/>\n<meta property=\"og:site_name\" content=\"Softicated\" \/>\n<meta property=\"article:publisher\" content=\"https:\/\/www.facebook.com\/Softicated\" \/>\n<meta property=\"article:modified_time\" content=\"2026-03-16T05:15:08+00:00\" \/>\n<meta property=\"og:image\" content=\"https:\/\/softicated.com\/wp-content\/uploads\/2026\/02\/seren-main-scaled-e1772004452145.webp\" \/>\n\t<meta property=\"og:image:width\" content=\"174\" \/>\n\t<meta property=\"og:image:height\" content=\"260\" \/>\n\t<meta property=\"og:image:type\" content=\"image\/webp\" \/>\n<meta name=\"twitter:card\" content=\"summary_large_image\" \/>\n<script type=\"application\/ld+json\" class=\"yoast-schema-graph\">{\"@context\":\"https:\/\/schema.org\",\"@graph\":[{\"@type\":\"WebPage\",\"@id\":\"https:\/\/softicated.com\/en\/produit\/tapis-seren\/\",\"url\":\"https:\/\/softicated.com\/en\/produit\/tapis-seren\/\",\"name\":\"Tapis design sur mesure Seren - Softicated\",\"isPartOf\":{\"@id\":\"https:\/\/softicated.com\/#website\"},\"primaryImageOfPage\":{\"@id\":\"https:\/\/softicated.com\/en\/produit\/tapis-seren\/#primaryimage\"},\"image\":{\"@id\":\"https:\/\/softicated.com\/en\/produit\/tapis-seren\/#primaryimage\"},\"thumbnailUrl\":\"https:\/\/softicated.com\/wp-content\/uploads\/2026\/02\/seren-main-scaled-e1772004452145.webp\",\"datePublished\":\"2026-02-23T11:56:44+00:00\",\"dateModified\":\"2026-03-16T05:15:08+00:00\",\"description\":\"Seren \u00e9voque une pr\u00e9sence douce et enveloppante, le dessin, subtil et fluide appara\u00eet comme inscrite dans la mati\u00e8re sugg\u00e9rant un rythme int\u00e9rieur calme.\",\"breadcrumb\":{\"@id\":\"https:\/\/softicated.com\/en\/produit\/tapis-seren\/#breadcrumb\"},\"inLanguage\":\"en-GB\",\"potentialAction\":[{\"@type\":\"ReadAction\",\"target\":[\"https:\/\/softicated.com\/en\/produit\/tapis-seren\/\"]}]},{\"@type\":\"ImageObject\",\"inLanguage\":\"en-GB\",\"@id\":\"https:\/\/softicated.com\/en\/produit\/tapis-seren\/#primaryimage\",\"url\":\"https:\/\/softicated.com\/wp-content\/uploads\/2026\/02\/seren-main-scaled-e1772004452145.webp\",\"contentUrl\":\"https:\/\/softicated.com\/wp-content\/uploads\/2026\/02\/seren-main-scaled-e1772004452145.webp\",\"width\":174,\"height\":260},{\"@type\":\"BreadcrumbList\",\"@id\":\"https:\/\/softicated.com\/en\/produit\/tapis-seren\/#breadcrumb\",\"itemListElement\":[{\"@type\":\"ListItem\",\"position\":1,\"name\":\"Accueil\",\"item\":\"https:\/\/softicated.com\/\"},{\"@type\":\"ListItem\",\"position\":2,\"name\":\"Produits Mobilier Premium Softicated\",\"item\":\"https:\/\/softicated.com\/produits\/\"},{\"@type\":\"ListItem\",\"position\":3,\"name\":\"Tapis faux-unis\",\"item\":\"https:\/\/softicated.com\/categorie-produit\/tapis-faux-unis\/\"},{\"@type\":\"ListItem\",\"position\":4,\"name\":\"tapis swiss designer\"}]},{\"@type\":\"WebSite\",\"@id\":\"https:\/\/softicated.com\/#website\",\"url\":\"https:\/\/softicated.com\/\",\"name\":\"Softicated\",\"description\":\"Cr\u00e9ateur de meubles, luminaires et tapis premium\",\"publisher\":{\"@id\":\"https:\/\/softicated.com\/#organization\"},\"potentialAction\":[{\"@type\":\"SearchAction\",\"target\":{\"@type\":\"EntryPoint\",\"urlTemplate\":\"https:\/\/softicated.com\/?s={search_term_string}\"},\"query-input\":{\"@type\":\"PropertyValueSpecification\",\"valueRequired\":true,\"valueName\":\"search_term_string\"}}],\"inLanguage\":\"en-GB\"},{\"@type\":\"Organization\",\"@id\":\"https:\/\/softicated.com\/#organization\",\"name\":\"Softicated\",\"url\":\"https:\/\/softicated.com\/\",\"logo\":{\"@type\":\"ImageObject\",\"inLanguage\":\"en-GB\",\"@id\":\"https:\/\/softicated.com\/#\/schema\/logo\/image\/\",\"url\":\"https:\/\/softicated.com\/wp-content\/uploads\/2025\/11\/logo-dark-2.svg\",\"contentUrl\":\"https:\/\/softicated.com\/wp-content\/uploads\/2025\/11\/logo-dark-2.svg\",\"caption\":\"Softicated\"},\"image\":{\"@id\":\"https:\/\/softicated.com\/#\/schema\/logo\/image\/\"},\"sameAs\":[\"https:\/\/www.facebook.com\/Softicated\",\"https:\/\/www.pinterest.com\/softicateddesign\",\"https:\/\/www.instagram.com\/softicated.design\"]}]}<\/script>\n<!-- \/ Yoast SEO Premium plugin. -->","yoast_head_json":{"title":"Bespoke Designer Rug Seren - Softicated","description":"Seren \u00e9voque une pr\u00e9sence douce et enveloppante, le dessin, subtil et fluide appara\u00eet comme inscrite dans la mati\u00e8re sugg\u00e9rant un rythme int\u00e9rieur calme.","robots":{"index":"index","follow":"follow","max-snippet":"max-snippet:-1","max-image-preview":"max-image-preview:large","max-video-preview":"max-video-preview:-1"},"canonical":"https:\/\/softicated.com\/en\/produit\/tapis-seren\/","og_locale":"en_GB","og_type":"article","og_title":"Tapis Seren","og_description":"Seren \u00e9voque une pr\u00e9sence douce et enveloppante, le dessin, subtil et fluide appara\u00eet comme inscrite dans la mati\u00e8re sugg\u00e9rant un rythme int\u00e9rieur calme.","og_url":"https:\/\/softicated.com\/en\/produit\/tapis-seren\/","og_site_name":"Softicated","article_publisher":"https:\/\/www.facebook.com\/Softicated","article_modified_time":"2026-03-16T05:15:08+00:00","og_image":[{"width":174,"height":260,"url":"https:\/\/softicated.com\/wp-content\/uploads\/2026\/02\/seren-main-scaled-e1772004452145.webp","type":"image\/webp"}],"twitter_card":"summary_large_image","schema":{"@context":"https:\/\/schema.org","@graph":[{"@type":"WebPage","@id":"https:\/\/softicated.com\/en\/produit\/tapis-seren\/","url":"https:\/\/softicated.com\/en\/produit\/tapis-seren\/","name":"Bespoke Designer Rug Seren - Softicated","isPartOf":{"@id":"https:\/\/softicated.com\/#website"},"primaryImageOfPage":{"@id":"https:\/\/softicated.com\/en\/produit\/tapis-seren\/#primaryimage"},"image":{"@id":"https:\/\/softicated.com\/en\/produit\/tapis-seren\/#primaryimage"},"thumbnailUrl":"https:\/\/softicated.com\/wp-content\/uploads\/2026\/02\/seren-main-scaled-e1772004452145.webp","datePublished":"2026-02-23T11:56:44+00:00","dateModified":"2026-03-16T05:15:08+00:00","description":"Seren \u00e9voque une pr\u00e9sence douce et enveloppante, le dessin, subtil et fluide appara\u00eet comme inscrite dans la mati\u00e8re sugg\u00e9rant un rythme int\u00e9rieur calme.","breadcrumb":{"@id":"https:\/\/softicated.com\/en\/produit\/tapis-seren\/#breadcrumb"},"inLanguage":"en-GB","potentialAction":[{"@type":"ReadAction","target":["https:\/\/softicated.com\/en\/produit\/tapis-seren\/"]}]},{"@type":"ImageObject","inLanguage":"en-GB","@id":"https:\/\/softicated.com\/en\/produit\/tapis-seren\/#primaryimage","url":"https:\/\/softicated.com\/wp-content\/uploads\/2026\/02\/seren-main-scaled-e1772004452145.webp","contentUrl":"https:\/\/softicated.com\/wp-content\/uploads\/2026\/02\/seren-main-scaled-e1772004452145.webp","width":174,"height":260},{"@type":"BreadcrumbList","@id":"https:\/\/softicated.com\/en\/produit\/tapis-seren\/#breadcrumb","itemListElement":[{"@type":"ListItem","position":1,"name":"Accueil","item":"https:\/\/softicated.com\/"},{"@type":"ListItem","position":2,"name":"Produits Mobilier Premium Softicated","item":"https:\/\/softicated.com\/produits\/"},{"@type":"ListItem","position":3,"name":"Tapis faux-unis","item":"https:\/\/softicated.com\/categorie-produit\/tapis-faux-unis\/"},{"@type":"ListItem","position":4,"name":"tapis swiss designer"}]},{"@type":"WebSite","@id":"https:\/\/softicated.com\/#website","url":"https:\/\/softicated.com\/","name":"Softicated","description":"Designer of premium furniture, lighting and rugs","publisher":{"@id":"https:\/\/softicated.com\/#organization"},"potentialAction":[{"@type":"SearchAction","target":{"@type":"EntryPoint","urlTemplate":"https:\/\/softicated.com\/?s={search_term_string}"},"query-input":{"@type":"PropertyValueSpecification","valueRequired":true,"valueName":"search_term_string"}}],"inLanguage":"en-GB"},{"@type":"Organization","@id":"https:\/\/softicated.com\/#organization","name":"Softicated","url":"https:\/\/softicated.com\/","logo":{"@type":"ImageObject","inLanguage":"en-GB","@id":"https:\/\/softicated.com\/#\/schema\/logo\/image\/","url":"https:\/\/softicated.com\/wp-content\/uploads\/2025\/11\/logo-dark-2.svg","contentUrl":"https:\/\/softicated.com\/wp-content\/uploads\/2025\/11\/logo-dark-2.svg","caption":"Softicated"},"image":{"@id":"https:\/\/softicated.com\/#\/schema\/logo\/image\/"},"sameAs":["https:\/\/www.facebook.com\/Softicated","https:\/\/www.pinterest.com\/softicateddesign","https:\/\/www.instagram.com\/softicated.design"]}]}},"_links":{"self":[{"href":"https:\/\/softicated.com\/en\/wp-json\/wp\/v2\/product\/15036","targetHints":{"allow":["GET"]}}],"collection":[{"href":"https:\/\/softicated.com\/en\/wp-json\/wp\/v2\/product"}],"about":[{"href":"https:\/\/softicated.com\/en\/wp-json\/wp\/v2\/types\/product"}],"replies":[{"embeddable":true,"href":"https:\/\/softicated.com\/en\/wp-json\/wp\/v2\/comments?post=15036"}],"wp:featuredmedia":[{"embeddable":true,"href":"https:\/\/softicated.com\/en\/wp-json\/wp\/v2\/media\/15107"}],"wp:attachment":[{"href":"https:\/\/softicated.com\/en\/wp-json\/wp\/v2\/media?parent=15036"}],"wp:term":[{"taxonomy":"product_brand","embeddable":true,"href":"https:\/\/softicated.com\/en\/wp-json\/wp\/v2\/product_brand?post=15036"},{"taxonomy":"product_cat","embeddable":true,"href":"https:\/\/softicated.com\/en\/wp-json\/wp\/v2\/product_cat?post=15036"},{"taxonomy":"product_tag","embeddable":true,"href":"https:\/\/softicated.com\/en\/wp-json\/wp\/v2\/product_tag?post=15036"},{"taxonomy":"collections","embeddable":true,"href":"https:\/\/softicated.com\/en\/wp-json\/wp\/v2\/collections?post=15036"},{"taxonomy":"awards","embeddable":true,"href":"https:\/\/softicated.com\/en\/wp-json\/wp\/v2\/awards?post=15036"},{"taxonomy":"by_color","embeddable":true,"href":"https:\/\/softicated.com\/en\/wp-json\/wp\/v2\/by_color?post=15036"}],"curies":[{"name":"wp","href":"https:\/\/api.w.org\/{rel}","templated":true}]}}