{"id":15027,"date":"2026-02-23T12:56:47","date_gmt":"2026-02-23T11:56:47","guid":{"rendered":"https:\/\/softicated.com\/?post_type=product&#038;p=15027"},"modified":"2026-03-16T06:13:24","modified_gmt":"2026-03-16T05:13:24","slug":"tapis-hope","status":"publish","type":"product","link":"https:\/\/softicated.com\/en\/produit\/tapis-hope\/","title":{"rendered":"Rug Hope"},"content":{"rendered":"<p>Hope opens the Lifelines collection as a symbol of renewal and forward momentum. Its design is inspired by the lines of life as they intersect and extend, evoking open trajectories filled with movement and optimism. The lines, sometimes elongated, sometimes more condensed, form a fluid and vibrant rhythm that feels almost instinctive.<\/p>\n<p>Available in two shades of green, Hope echoes nature, growth and balance. These tones interact subtly, revealing the design without fixing it in place. Crafted from fine wool blended with lyocell, the rug offers a soft, luminous touch. The cut technique highlights the precision of the lines, giving them a clear and elegant presence while maintaining great visual softness.<\/p>\n<p>Hope naturally finds its place in bright, contemporary interiors. It pairs harmoniously with natural materials such as wood, oak, walnut or marble. Its green hues also make it an ideal choice for spaces open to the outdoors, plant-filled interiors or calm living environments where nature serves as a source of inspiration.<\/p>\n<p>Choosing the Hope rug means bringing into the interior a positive, fluid energy, where the line becomes a promise, a movement and a sense of balance.<\/p>\n<div id=\"simple-translate\" class=\"simple-translate-system-theme\">\n<div>\n<div class=\"simple-translate-button isShow\" style=\"background-image: url('chrome-extension:\/\/ibplnjkanclpjokhdolnendpplpjiace\/icons\/512.png'); height: 22px; width: 22px; top: 82px; left: 453px;\"><\/div>\n<div class=\"simple-translate-panel\" style=\"width: 300px; height: 200px; top: 0px; left: 0px; font-size: 13px;\">\n<div class=\"simple-translate-result-wrapper\" style=\"overflow: hidden;\">\n<div class=\"simple-translate-move\" draggable=\"true\"><\/div>\n<div class=\"simple-translate-result-contents\">\n<p class=\"simple-translate-candidate\" dir=\"auto\">\n<\/div>\n<\/div>\n<\/div>\n<\/div>\n<\/div>","protected":false},"excerpt":{"rendered":"<p>Hope ouvre la collection Lifelines comme un symbole de renouveau et d\u2019\u00e9lan. Son dessin s\u2019inspire des lignes de la vie qui se croisent et se prolongent, \u00e9voquant des trajectoires ouvertes, porteuses de mouvement et d\u2019optimisme. Les lignes, tant\u00f4t longues tant\u00f4t plus resserr\u00e9es composent un rythme fluide et vivant presque instinctif. D\u00e9clin\u00e9 en deux tonalit\u00e9s de [&hellip;]<\/p>","protected":false},"featured_media":15249,"comment_status":"open","ping_status":"closed","template":"","meta":{"_acf_changed":false},"product_brand":[],"product_cat":[27],"product_tag":[],"collections":[262],"awards":[],"by_color":[344],"class_list":{"0":"post-15027","1":"product","2":"type-product","3":"status-publish","4":"has-post-thumbnail","6":"product_cat-rugs","7":"collections-lifelines","8":"by_color-vert","10":"first","11":"instock","12":"shipping-taxable","13":"purchasable","14":"product-type-variable"},"acf":[],"yoast_head":"<!-- This site is optimized with the Yoast SEO Premium plugin v25.7.1 (Yoast SEO v26.9) - https:\/\/yoast.com\/product\/yoast-seo-premium-wordpress\/ -->\n<title>Tapis design sur mesure Hope - Softicated<\/title>\n<meta name=\"description\" content=\"Hope ouvre la collection Lifelines comme un symbole de renouveau et d\u2019\u00e9lan. Son dessin s\u2019inspire des lignes de la vie qui se croisent et se prolongent, ...\" \/>\n<meta name=\"robots\" content=\"index, follow, max-snippet:-1, max-image-preview:large, max-video-preview:-1\" \/>\n<link rel=\"canonical\" href=\"https:\/\/softicated.com\/en\/produit\/tapis-hope\/\" \/>\n<meta property=\"og:locale\" content=\"en_GB\" \/>\n<meta property=\"og:type\" content=\"article\" \/>\n<meta property=\"og:title\" content=\"Tapis Hope\" \/>\n<meta property=\"og:description\" content=\"Hope ouvre la collection Lifelines comme un symbole de renouveau et d\u2019\u00e9lan. Son dessin s\u2019inspire des lignes de la vie qui se croisent et se prolongent, ...\" \/>\n<meta property=\"og:url\" content=\"https:\/\/softicated.com\/en\/produit\/tapis-hope\/\" \/>\n<meta property=\"og:site_name\" content=\"Softicated\" \/>\n<meta property=\"article:publisher\" content=\"https:\/\/www.facebook.com\/Softicated\" \/>\n<meta property=\"article:modified_time\" content=\"2026-03-16T05:13:24+00:00\" \/>\n<meta property=\"og:image\" content=\"https:\/\/softicated.com\/wp-content\/uploads\/2026\/02\/0EA3EA6C-0372-4AA3-8391-6095EA3FE716-1.png\" \/>\n\t<meta property=\"og:image:width\" content=\"173\" \/>\n\t<meta property=\"og:image:height\" content=\"260\" \/>\n\t<meta property=\"og:image:type\" content=\"image\/png\" \/>\n<meta name=\"twitter:card\" content=\"summary_large_image\" \/>\n<script type=\"application\/ld+json\" class=\"yoast-schema-graph\">{\"@context\":\"https:\/\/schema.org\",\"@graph\":[{\"@type\":\"WebPage\",\"@id\":\"https:\/\/softicated.com\/produit\/tapis-hope\/\",\"url\":\"https:\/\/softicated.com\/produit\/tapis-hope\/\",\"name\":\"Tapis design sur mesure Hope - Softicated\",\"isPartOf\":{\"@id\":\"https:\/\/softicated.com\/#website\"},\"primaryImageOfPage\":{\"@id\":\"https:\/\/softicated.com\/produit\/tapis-hope\/#primaryimage\"},\"image\":{\"@id\":\"https:\/\/softicated.com\/produit\/tapis-hope\/#primaryimage\"},\"thumbnailUrl\":\"https:\/\/softicated.com\/wp-content\/uploads\/2026\/02\/0EA3EA6C-0372-4AA3-8391-6095EA3FE716-1.png\",\"datePublished\":\"2026-02-23T11:56:47+00:00\",\"dateModified\":\"2026-03-16T05:13:24+00:00\",\"description\":\"Hope ouvre la collection Lifelines comme un symbole de renouveau et d\u2019\u00e9lan. Son dessin s\u2019inspire des lignes de la vie qui se croisent et se prolongent, ...\",\"breadcrumb\":{\"@id\":\"https:\/\/softicated.com\/produit\/tapis-hope\/#breadcrumb\"},\"inLanguage\":\"en-GB\",\"potentialAction\":[{\"@type\":\"ReadAction\",\"target\":[\"https:\/\/softicated.com\/produit\/tapis-hope\/\"]}]},{\"@type\":\"ImageObject\",\"inLanguage\":\"en-GB\",\"@id\":\"https:\/\/softicated.com\/produit\/tapis-hope\/#primaryimage\",\"url\":\"https:\/\/softicated.com\/wp-content\/uploads\/2026\/02\/0EA3EA6C-0372-4AA3-8391-6095EA3FE716-1.png\",\"contentUrl\":\"https:\/\/softicated.com\/wp-content\/uploads\/2026\/02\/0EA3EA6C-0372-4AA3-8391-6095EA3FE716-1.png\",\"width\":173,\"height\":260,\"caption\":\"Hope\"},{\"@type\":\"BreadcrumbList\",\"@id\":\"https:\/\/softicated.com\/produit\/tapis-hope\/#breadcrumb\",\"itemListElement\":[{\"@type\":\"ListItem\",\"position\":1,\"name\":\"Accueil\",\"item\":\"https:\/\/softicated.com\/\"},{\"@type\":\"ListItem\",\"position\":2,\"name\":\"Produits Mobilier Premium Softicated\",\"item\":\"https:\/\/softicated.com\/produits\/\"},{\"@type\":\"ListItem\",\"position\":3,\"name\":\"Tapis design sur mesure\",\"item\":\"https:\/\/softicated.com\/categorie-produit\/rugs\/\"},{\"@type\":\"ListItem\",\"position\":4,\"name\":\"Swiss design tapis\"}]},{\"@type\":\"WebSite\",\"@id\":\"https:\/\/softicated.com\/#website\",\"url\":\"https:\/\/softicated.com\/\",\"name\":\"Softicated\",\"description\":\"Cr\u00e9ateur de meubles, luminaires et tapis premium\",\"publisher\":{\"@id\":\"https:\/\/softicated.com\/#organization\"},\"potentialAction\":[{\"@type\":\"SearchAction\",\"target\":{\"@type\":\"EntryPoint\",\"urlTemplate\":\"https:\/\/softicated.com\/?s={search_term_string}\"},\"query-input\":{\"@type\":\"PropertyValueSpecification\",\"valueRequired\":true,\"valueName\":\"search_term_string\"}}],\"inLanguage\":\"en-GB\"},{\"@type\":\"Organization\",\"@id\":\"https:\/\/softicated.com\/#organization\",\"name\":\"Softicated\",\"url\":\"https:\/\/softicated.com\/\",\"logo\":{\"@type\":\"ImageObject\",\"inLanguage\":\"en-GB\",\"@id\":\"https:\/\/softicated.com\/#\/schema\/logo\/image\/\",\"url\":\"https:\/\/softicated.com\/wp-content\/uploads\/2025\/11\/logo-dark-2.svg\",\"contentUrl\":\"https:\/\/softicated.com\/wp-content\/uploads\/2025\/11\/logo-dark-2.svg\",\"caption\":\"Softicated\"},\"image\":{\"@id\":\"https:\/\/softicated.com\/#\/schema\/logo\/image\/\"},\"sameAs\":[\"https:\/\/www.facebook.com\/Softicated\",\"https:\/\/www.pinterest.com\/softicateddesign\",\"https:\/\/www.instagram.com\/softicated.design\"]}]}<\/script>\n<!-- \/ Yoast SEO Premium plugin. -->","yoast_head_json":{"title":"Bespoke Designer Rug Hope - Softicated","description":"Hope ouvre la collection Lifelines comme un symbole de renouveau et d\u2019\u00e9lan. Son dessin s\u2019inspire des lignes de la vie qui se croisent et se prolongent, ...","robots":{"index":"index","follow":"follow","max-snippet":"max-snippet:-1","max-image-preview":"max-image-preview:large","max-video-preview":"max-video-preview:-1"},"canonical":"https:\/\/softicated.com\/en\/produit\/tapis-hope\/","og_locale":"en_GB","og_type":"article","og_title":"Tapis Hope","og_description":"Hope ouvre la collection Lifelines comme un symbole de renouveau et d\u2019\u00e9lan. Son dessin s\u2019inspire des lignes de la vie qui se croisent et se prolongent, ...","og_url":"https:\/\/softicated.com\/en\/produit\/tapis-hope\/","og_site_name":"Softicated","article_publisher":"https:\/\/www.facebook.com\/Softicated","article_modified_time":"2026-03-16T05:13:24+00:00","og_image":[{"width":173,"height":260,"url":"https:\/\/softicated.com\/wp-content\/uploads\/2026\/02\/0EA3EA6C-0372-4AA3-8391-6095EA3FE716-1.png","type":"image\/png"}],"twitter_card":"summary_large_image","schema":{"@context":"https:\/\/schema.org","@graph":[{"@type":"WebPage","@id":"https:\/\/softicated.com\/produit\/tapis-hope\/","url":"https:\/\/softicated.com\/produit\/tapis-hope\/","name":"Bespoke Designer Rug Hope - Softicated","isPartOf":{"@id":"https:\/\/softicated.com\/#website"},"primaryImageOfPage":{"@id":"https:\/\/softicated.com\/produit\/tapis-hope\/#primaryimage"},"image":{"@id":"https:\/\/softicated.com\/produit\/tapis-hope\/#primaryimage"},"thumbnailUrl":"https:\/\/softicated.com\/wp-content\/uploads\/2026\/02\/0EA3EA6C-0372-4AA3-8391-6095EA3FE716-1.png","datePublished":"2026-02-23T11:56:47+00:00","dateModified":"2026-03-16T05:13:24+00:00","description":"Hope ouvre la collection Lifelines comme un symbole de renouveau et d\u2019\u00e9lan. Son dessin s\u2019inspire des lignes de la vie qui se croisent et se prolongent, ...","breadcrumb":{"@id":"https:\/\/softicated.com\/produit\/tapis-hope\/#breadcrumb"},"inLanguage":"en-GB","potentialAction":[{"@type":"ReadAction","target":["https:\/\/softicated.com\/produit\/tapis-hope\/"]}]},{"@type":"ImageObject","inLanguage":"en-GB","@id":"https:\/\/softicated.com\/produit\/tapis-hope\/#primaryimage","url":"https:\/\/softicated.com\/wp-content\/uploads\/2026\/02\/0EA3EA6C-0372-4AA3-8391-6095EA3FE716-1.png","contentUrl":"https:\/\/softicated.com\/wp-content\/uploads\/2026\/02\/0EA3EA6C-0372-4AA3-8391-6095EA3FE716-1.png","width":173,"height":260,"caption":"Hope"},{"@type":"BreadcrumbList","@id":"https:\/\/softicated.com\/produit\/tapis-hope\/#breadcrumb","itemListElement":[{"@type":"ListItem","position":1,"name":"Accueil","item":"https:\/\/softicated.com\/"},{"@type":"ListItem","position":2,"name":"Produits Mobilier Premium Softicated","item":"https:\/\/softicated.com\/produits\/"},{"@type":"ListItem","position":3,"name":"Tapis design sur mesure","item":"https:\/\/softicated.com\/categorie-produit\/rugs\/"},{"@type":"ListItem","position":4,"name":"Swiss design tapis"}]},{"@type":"WebSite","@id":"https:\/\/softicated.com\/#website","url":"https:\/\/softicated.com\/","name":"Softicated","description":"Designer of premium furniture, lighting and rugs","publisher":{"@id":"https:\/\/softicated.com\/#organization"},"potentialAction":[{"@type":"SearchAction","target":{"@type":"EntryPoint","urlTemplate":"https:\/\/softicated.com\/?s={search_term_string}"},"query-input":{"@type":"PropertyValueSpecification","valueRequired":true,"valueName":"search_term_string"}}],"inLanguage":"en-GB"},{"@type":"Organization","@id":"https:\/\/softicated.com\/#organization","name":"Softicated","url":"https:\/\/softicated.com\/","logo":{"@type":"ImageObject","inLanguage":"en-GB","@id":"https:\/\/softicated.com\/#\/schema\/logo\/image\/","url":"https:\/\/softicated.com\/wp-content\/uploads\/2025\/11\/logo-dark-2.svg","contentUrl":"https:\/\/softicated.com\/wp-content\/uploads\/2025\/11\/logo-dark-2.svg","caption":"Softicated"},"image":{"@id":"https:\/\/softicated.com\/#\/schema\/logo\/image\/"},"sameAs":["https:\/\/www.facebook.com\/Softicated","https:\/\/www.pinterest.com\/softicateddesign","https:\/\/www.instagram.com\/softicated.design"]}]}},"_links":{"self":[{"href":"https:\/\/softicated.com\/en\/wp-json\/wp\/v2\/product\/15027","targetHints":{"allow":["GET"]}}],"collection":[{"href":"https:\/\/softicated.com\/en\/wp-json\/wp\/v2\/product"}],"about":[{"href":"https:\/\/softicated.com\/en\/wp-json\/wp\/v2\/types\/product"}],"replies":[{"embeddable":true,"href":"https:\/\/softicated.com\/en\/wp-json\/wp\/v2\/comments?post=15027"}],"wp:featuredmedia":[{"embeddable":true,"href":"https:\/\/softicated.com\/en\/wp-json\/wp\/v2\/media\/15249"}],"wp:attachment":[{"href":"https:\/\/softicated.com\/en\/wp-json\/wp\/v2\/media?parent=15027"}],"wp:term":[{"taxonomy":"product_brand","embeddable":true,"href":"https:\/\/softicated.com\/en\/wp-json\/wp\/v2\/product_brand?post=15027"},{"taxonomy":"product_cat","embeddable":true,"href":"https:\/\/softicated.com\/en\/wp-json\/wp\/v2\/product_cat?post=15027"},{"taxonomy":"product_tag","embeddable":true,"href":"https:\/\/softicated.com\/en\/wp-json\/wp\/v2\/product_tag?post=15027"},{"taxonomy":"collections","embeddable":true,"href":"https:\/\/softicated.com\/en\/wp-json\/wp\/v2\/collections?post=15027"},{"taxonomy":"awards","embeddable":true,"href":"https:\/\/softicated.com\/en\/wp-json\/wp\/v2\/awards?post=15027"},{"taxonomy":"by_color","embeddable":true,"href":"https:\/\/softicated.com\/en\/wp-json\/wp\/v2\/by_color?post=15027"}],"curies":[{"name":"wp","href":"https:\/\/api.w.org\/{rel}","templated":true}]}}