{"id":15024,"date":"2026-02-23T12:56:48","date_gmt":"2026-02-23T11:56:48","guid":{"rendered":"https:\/\/softicated.com\/?post_type=product&#038;p=15024"},"modified":"2026-03-20T13:00:54","modified_gmt":"2026-03-20T12:00:54","slug":"tapis-aspire","status":"publish","type":"product","link":"https:\/\/softicated.com\/en\/produit\/tapis-aspire\/","title":{"rendered":"Rug Aspire"},"content":{"rendered":"<p>Aspire embodies momentum and elevation. Its design is structured around taupe lines that rise, intersect and extend across a luminous beige background, expressing an ascending and fluid dynamic. The gentle contrast between the background and the lines creates a calm reading of the pattern, where movement reveals itself with subtlety.<\/p>\n<p>Against the luminous beige ground, the taupe lines trace delicate paths, evoking life journeys shaped by encounters, detours and continuities. The subtle contrast between the soothing beige and the mineral taupe gives the design a living depth, where balance emerges from the circulation of lines rather than from symmetry.<\/p>\n<p>Crafted from natural New Zealand wool, Aspire highlights the richness of the material and the depth of its natural tones. The cut technique emphasizes the precision of the taupe lines, giving them a clear presence while maintaining a soft and refined visual expression. The surface plays with light, allowing the design to emerge through relief and nuance rather than sharp contrast.<\/p>\n<p>The beige background allows Aspire to integrate effortlessly into a wide variety of interiors. It pairs elegantly with natural materials such as wood or raw textiles. The taupe lines bring structure and depth while preserving a calm and luminous atmosphere.<\/p>\n<p>Choosing the Aspire rug means creating a soft, light-filled environment where natural tones and flowing lines convey a sense of calm, clarity and inner uplift.<\/p>","protected":false},"excerpt":{"rendered":"<p>Aspire incarne l\u2019\u00e9lan et l\u2019\u00e9l\u00e9vation. Son dessin s\u2019organise autour de lignes taupe qui s\u2019\u00e9lancent, se croisent et se prolongent sur un fond beige lumineux, traduisant une dynamique ascendante et fluide. Le contraste doux entre le fond et le trac\u00e9 cr\u00e9e une lecture apais\u00e9e du motif o\u00f9 le mouvement se r\u00e9v\u00e8le avec subtilit\u00e9. Sur le fond [&hellip;]<\/p>","protected":false},"featured_media":15153,"comment_status":"open","ping_status":"closed","template":"","meta":{"_acf_changed":false},"product_brand":[],"product_cat":[300,27],"product_tag":[],"collections":[262],"awards":[],"by_color":[342],"class_list":{"0":"post-15024","1":"product","2":"type-product","3":"status-publish","4":"has-post-thumbnail","6":"product_cat-tapis-a-motifs","7":"product_cat-rugs","8":"collections-lifelines","9":"by_color-taupe-marron","11":"first","12":"instock","13":"shipping-taxable","14":"purchasable","15":"product-type-variable"},"acf":[],"yoast_head":"<!-- This site is optimized with the Yoast SEO Premium plugin v25.7.1 (Yoast SEO v26.9) - https:\/\/yoast.com\/product\/yoast-seo-premium-wordpress\/ -->\n<title>Tapis design sur mesure Aspire - Softicated<\/title>\n<meta name=\"description\" content=\"Son dessin s\u2019organise autour de lignes taupe qui s\u2019\u00e9lancent, se croisent et se prolongent sur un fond beige lumineux, traduisant une dynamique...\" \/>\n<meta name=\"robots\" content=\"index, follow, max-snippet:-1, max-image-preview:large, max-video-preview:-1\" \/>\n<link rel=\"canonical\" href=\"https:\/\/softicated.com\/en\/produit\/tapis-aspire\/\" \/>\n<meta property=\"og:locale\" content=\"en_GB\" \/>\n<meta property=\"og:type\" content=\"article\" \/>\n<meta property=\"og:title\" content=\"Tapis Aspire\" \/>\n<meta property=\"og:description\" content=\"Son dessin s\u2019organise autour de lignes taupe qui s\u2019\u00e9lancent, se croisent et se prolongent sur un fond beige lumineux, traduisant une dynamique...\" \/>\n<meta property=\"og:url\" content=\"https:\/\/softicated.com\/en\/produit\/tapis-aspire\/\" \/>\n<meta property=\"og:site_name\" content=\"Softicated\" \/>\n<meta property=\"article:publisher\" content=\"https:\/\/www.facebook.com\/Softicated\" \/>\n<meta property=\"article:modified_time\" content=\"2026-03-20T12:00:54+00:00\" \/>\n<meta property=\"og:image\" content=\"https:\/\/softicated.com\/wp-content\/uploads\/2026\/02\/aspire-new-e1772004195764.png\" \/>\n\t<meta property=\"og:image:width\" content=\"167\" \/>\n\t<meta property=\"og:image:height\" content=\"255\" \/>\n\t<meta property=\"og:image:type\" content=\"image\/png\" \/>\n<meta name=\"twitter:card\" content=\"summary_large_image\" \/>\n<script type=\"application\/ld+json\" class=\"yoast-schema-graph\">{\"@context\":\"https:\/\/schema.org\",\"@graph\":[{\"@type\":\"WebPage\",\"@id\":\"https:\/\/softicated.com\/produit\/tapis-aspire\/\",\"url\":\"https:\/\/softicated.com\/produit\/tapis-aspire\/\",\"name\":\"Tapis design sur mesure Aspire - Softicated\",\"isPartOf\":{\"@id\":\"https:\/\/softicated.com\/#website\"},\"primaryImageOfPage\":{\"@id\":\"https:\/\/softicated.com\/produit\/tapis-aspire\/#primaryimage\"},\"image\":{\"@id\":\"https:\/\/softicated.com\/produit\/tapis-aspire\/#primaryimage\"},\"thumbnailUrl\":\"https:\/\/softicated.com\/wp-content\/uploads\/2026\/02\/aspire-new-e1772004195764.png\",\"datePublished\":\"2026-02-23T11:56:48+00:00\",\"dateModified\":\"2026-03-20T12:00:54+00:00\",\"description\":\"Son dessin s\u2019organise autour de lignes taupe qui s\u2019\u00e9lancent, se croisent et se prolongent sur un fond beige lumineux, traduisant une dynamique...\",\"breadcrumb\":{\"@id\":\"https:\/\/softicated.com\/produit\/tapis-aspire\/#breadcrumb\"},\"inLanguage\":\"en-GB\",\"potentialAction\":[{\"@type\":\"ReadAction\",\"target\":[\"https:\/\/softicated.com\/produit\/tapis-aspire\/\"]}]},{\"@type\":\"ImageObject\",\"inLanguage\":\"en-GB\",\"@id\":\"https:\/\/softicated.com\/produit\/tapis-aspire\/#primaryimage\",\"url\":\"https:\/\/softicated.com\/wp-content\/uploads\/2026\/02\/aspire-new-e1772004195764.png\",\"contentUrl\":\"https:\/\/softicated.com\/wp-content\/uploads\/2026\/02\/aspire-new-e1772004195764.png\",\"width\":167,\"height\":255,\"caption\":\"aspire-new\"},{\"@type\":\"BreadcrumbList\",\"@id\":\"https:\/\/softicated.com\/produit\/tapis-aspire\/#breadcrumb\",\"itemListElement\":[{\"@type\":\"ListItem\",\"position\":1,\"name\":\"Accueil\",\"item\":\"https:\/\/softicated.com\/\"},{\"@type\":\"ListItem\",\"position\":2,\"name\":\"Produits Mobilier Premium Softicated\",\"item\":\"https:\/\/softicated.com\/produits\/\"},{\"@type\":\"ListItem\",\"position\":3,\"name\":\"Tapis \u00e0 motifs\",\"item\":\"https:\/\/softicated.com\/categorie-produit\/tapis-a-motifs\/\"},{\"@type\":\"ListItem\",\"position\":4,\"name\":\"swiss designer tapis\"}]},{\"@type\":\"WebSite\",\"@id\":\"https:\/\/softicated.com\/#website\",\"url\":\"https:\/\/softicated.com\/\",\"name\":\"Softicated\",\"description\":\"Cr\u00e9ateur de meubles, luminaires et tapis premium\",\"publisher\":{\"@id\":\"https:\/\/softicated.com\/#organization\"},\"potentialAction\":[{\"@type\":\"SearchAction\",\"target\":{\"@type\":\"EntryPoint\",\"urlTemplate\":\"https:\/\/softicated.com\/?s={search_term_string}\"},\"query-input\":{\"@type\":\"PropertyValueSpecification\",\"valueRequired\":true,\"valueName\":\"search_term_string\"}}],\"inLanguage\":\"en-GB\"},{\"@type\":\"Organization\",\"@id\":\"https:\/\/softicated.com\/#organization\",\"name\":\"Softicated\",\"url\":\"https:\/\/softicated.com\/\",\"logo\":{\"@type\":\"ImageObject\",\"inLanguage\":\"en-GB\",\"@id\":\"https:\/\/softicated.com\/#\/schema\/logo\/image\/\",\"url\":\"https:\/\/softicated.com\/wp-content\/uploads\/2025\/11\/logo-dark-2.svg\",\"contentUrl\":\"https:\/\/softicated.com\/wp-content\/uploads\/2025\/11\/logo-dark-2.svg\",\"caption\":\"Softicated\"},\"image\":{\"@id\":\"https:\/\/softicated.com\/#\/schema\/logo\/image\/\"},\"sameAs\":[\"https:\/\/www.facebook.com\/Softicated\",\"https:\/\/www.pinterest.com\/softicateddesign\",\"https:\/\/www.instagram.com\/softicated.design\"]}]}<\/script>\n<!-- \/ Yoast SEO Premium plugin. -->","yoast_head_json":{"title":"Bespoke Designer Rug Aspire - Softicated","description":"Son dessin s\u2019organise autour de lignes taupe qui s\u2019\u00e9lancent, se croisent et se prolongent sur un fond beige lumineux, traduisant une dynamique...","robots":{"index":"index","follow":"follow","max-snippet":"max-snippet:-1","max-image-preview":"max-image-preview:large","max-video-preview":"max-video-preview:-1"},"canonical":"https:\/\/softicated.com\/en\/produit\/tapis-aspire\/","og_locale":"en_GB","og_type":"article","og_title":"Tapis Aspire","og_description":"Son dessin s\u2019organise autour de lignes taupe qui s\u2019\u00e9lancent, se croisent et se prolongent sur un fond beige lumineux, traduisant une dynamique...","og_url":"https:\/\/softicated.com\/en\/produit\/tapis-aspire\/","og_site_name":"Softicated","article_publisher":"https:\/\/www.facebook.com\/Softicated","article_modified_time":"2026-03-20T12:00:54+00:00","og_image":[{"width":167,"height":255,"url":"https:\/\/softicated.com\/wp-content\/uploads\/2026\/02\/aspire-new-e1772004195764.png","type":"image\/png"}],"twitter_card":"summary_large_image","schema":{"@context":"https:\/\/schema.org","@graph":[{"@type":"WebPage","@id":"https:\/\/softicated.com\/produit\/tapis-aspire\/","url":"https:\/\/softicated.com\/produit\/tapis-aspire\/","name":"Bespoke Designer Rug Aspire - Softicated","isPartOf":{"@id":"https:\/\/softicated.com\/#website"},"primaryImageOfPage":{"@id":"https:\/\/softicated.com\/produit\/tapis-aspire\/#primaryimage"},"image":{"@id":"https:\/\/softicated.com\/produit\/tapis-aspire\/#primaryimage"},"thumbnailUrl":"https:\/\/softicated.com\/wp-content\/uploads\/2026\/02\/aspire-new-e1772004195764.png","datePublished":"2026-02-23T11:56:48+00:00","dateModified":"2026-03-20T12:00:54+00:00","description":"Son dessin s\u2019organise autour de lignes taupe qui s\u2019\u00e9lancent, se croisent et se prolongent sur un fond beige lumineux, traduisant une dynamique...","breadcrumb":{"@id":"https:\/\/softicated.com\/produit\/tapis-aspire\/#breadcrumb"},"inLanguage":"en-GB","potentialAction":[{"@type":"ReadAction","target":["https:\/\/softicated.com\/produit\/tapis-aspire\/"]}]},{"@type":"ImageObject","inLanguage":"en-GB","@id":"https:\/\/softicated.com\/produit\/tapis-aspire\/#primaryimage","url":"https:\/\/softicated.com\/wp-content\/uploads\/2026\/02\/aspire-new-e1772004195764.png","contentUrl":"https:\/\/softicated.com\/wp-content\/uploads\/2026\/02\/aspire-new-e1772004195764.png","width":167,"height":255,"caption":"aspire-new"},{"@type":"BreadcrumbList","@id":"https:\/\/softicated.com\/produit\/tapis-aspire\/#breadcrumb","itemListElement":[{"@type":"ListItem","position":1,"name":"Accueil","item":"https:\/\/softicated.com\/"},{"@type":"ListItem","position":2,"name":"Produits Mobilier Premium Softicated","item":"https:\/\/softicated.com\/produits\/"},{"@type":"ListItem","position":3,"name":"Tapis \u00e0 motifs","item":"https:\/\/softicated.com\/categorie-produit\/tapis-a-motifs\/"},{"@type":"ListItem","position":4,"name":"swiss designer tapis"}]},{"@type":"WebSite","@id":"https:\/\/softicated.com\/#website","url":"https:\/\/softicated.com\/","name":"Softicated","description":"Designer of premium furniture, lighting and rugs","publisher":{"@id":"https:\/\/softicated.com\/#organization"},"potentialAction":[{"@type":"SearchAction","target":{"@type":"EntryPoint","urlTemplate":"https:\/\/softicated.com\/?s={search_term_string}"},"query-input":{"@type":"PropertyValueSpecification","valueRequired":true,"valueName":"search_term_string"}}],"inLanguage":"en-GB"},{"@type":"Organization","@id":"https:\/\/softicated.com\/#organization","name":"Softicated","url":"https:\/\/softicated.com\/","logo":{"@type":"ImageObject","inLanguage":"en-GB","@id":"https:\/\/softicated.com\/#\/schema\/logo\/image\/","url":"https:\/\/softicated.com\/wp-content\/uploads\/2025\/11\/logo-dark-2.svg","contentUrl":"https:\/\/softicated.com\/wp-content\/uploads\/2025\/11\/logo-dark-2.svg","caption":"Softicated"},"image":{"@id":"https:\/\/softicated.com\/#\/schema\/logo\/image\/"},"sameAs":["https:\/\/www.facebook.com\/Softicated","https:\/\/www.pinterest.com\/softicateddesign","https:\/\/www.instagram.com\/softicated.design"]}]}},"_links":{"self":[{"href":"https:\/\/softicated.com\/en\/wp-json\/wp\/v2\/product\/15024","targetHints":{"allow":["GET"]}}],"collection":[{"href":"https:\/\/softicated.com\/en\/wp-json\/wp\/v2\/product"}],"about":[{"href":"https:\/\/softicated.com\/en\/wp-json\/wp\/v2\/types\/product"}],"replies":[{"embeddable":true,"href":"https:\/\/softicated.com\/en\/wp-json\/wp\/v2\/comments?post=15024"}],"wp:featuredmedia":[{"embeddable":true,"href":"https:\/\/softicated.com\/en\/wp-json\/wp\/v2\/media\/15153"}],"wp:attachment":[{"href":"https:\/\/softicated.com\/en\/wp-json\/wp\/v2\/media?parent=15024"}],"wp:term":[{"taxonomy":"product_brand","embeddable":true,"href":"https:\/\/softicated.com\/en\/wp-json\/wp\/v2\/product_brand?post=15024"},{"taxonomy":"product_cat","embeddable":true,"href":"https:\/\/softicated.com\/en\/wp-json\/wp\/v2\/product_cat?post=15024"},{"taxonomy":"product_tag","embeddable":true,"href":"https:\/\/softicated.com\/en\/wp-json\/wp\/v2\/product_tag?post=15024"},{"taxonomy":"collections","embeddable":true,"href":"https:\/\/softicated.com\/en\/wp-json\/wp\/v2\/collections?post=15024"},{"taxonomy":"awards","embeddable":true,"href":"https:\/\/softicated.com\/en\/wp-json\/wp\/v2\/awards?post=15024"},{"taxonomy":"by_color","embeddable":true,"href":"https:\/\/softicated.com\/en\/wp-json\/wp\/v2\/by_color?post=15024"}],"curies":[{"name":"wp","href":"https:\/\/api.w.org\/{rel}","templated":true}]}}