{"id":15018,"date":"2026-02-23T12:56:49","date_gmt":"2026-02-23T11:56:49","guid":{"rendered":"https:\/\/softicated.com\/?post_type=product&#038;p=15018"},"modified":"2026-03-16T06:07:18","modified_gmt":"2026-03-16T05:07:18","slug":"tapis-strata","status":"publish","type":"product","link":"https:\/\/softicated.com\/en\/produit\/tapis-strata\/","title":{"rendered":"Rug Strata"},"content":{"rendered":"<p>Strata is inspired by the furrows drawn by human hands in the fields, at the precise moment when day fades and the light becomes uncertain. At this intermediate hour between day and night the reliefs of the land soften contrasts dissolve and the landscape enters a silent, contemplative atmosphere.<\/p>\n<p>The lines unfold like traces left on the earth, regular yet never fixed. The shades of grey evoke the diffuse light of dusk, neither fully bright nor completely dark, where forms are revealed through nuance rather than contrast.<\/p>\n<p>The cut &amp; loop technique subtly emphasizes raised and recessed areas, allowing the design to appear depending on the angle of view and ambient light. Strata naturally dialogues with mineral, understated materials and integrates seamlessly into contemporary, pared-back interiors, where it brings depth, calm and a discreet yet structuring presence.<\/p>\n<p>Choosing the Strata rug means introducing into the interior space the richness of grey tones a subtle and profound palette that accompanies the design and reveals its rhythm, highlighting the structure of the lines with elegance and restraint.<\/p>\n<div id=\"simple-translate\" class=\"simple-translate-system-theme\">\n<div>\n<div class=\"simple-translate-button isShow\" style=\"background-image: url('chrome-extension:\/\/ibplnjkanclpjokhdolnendpplpjiace\/icons\/512.png'); height: 22px; width: 22px; top: 82px; left: 334px;\"><\/div>\n<div class=\"simple-translate-panel\" style=\"width: 300px; height: 200px; top: 0px; left: 0px; font-size: 13px;\">\n<div class=\"simple-translate-result-wrapper\" style=\"overflow: hidden;\">\n<div class=\"simple-translate-move\" draggable=\"true\"><\/div>\n<div class=\"simple-translate-result-contents\">\n<p class=\"simple-translate-candidate\" dir=\"auto\">\n<\/div>\n<\/div>\n<\/div>\n<\/div>\n<\/div>","protected":false},"excerpt":{"rendered":"<p>Strata s\u2019inspire des sillons trac\u00e9s par l\u2019homme dans les champs, \u00e0 l\u2019instant pr\u00e9cis o\u00f9 le jour d\u00e9cline et o\u00f9 la lumi\u00e8re devient incertaine. \u00c0 cette heure interm\u00e9diaire, entre chien et loup, les reliefs du sol s\u2019adoucissent, les contrastes s\u2019estompent et le paysage entre dans une atmosph\u00e8re silencieuse et contemplative. Les lignes se d\u00e9ploient comme des [&hellip;]<\/p>","protected":false},"featured_media":15247,"comment_status":"open","ping_status":"closed","template":"","meta":{"_acf_changed":false},"product_brand":[],"product_cat":[300,27],"product_tag":[],"collections":[261],"awards":[],"by_color":[340],"class_list":{"0":"post-15018","1":"product","2":"type-product","3":"status-publish","4":"has-post-thumbnail","6":"product_cat-tapis-a-motifs","7":"product_cat-rugs","8":"collections-furrows","9":"by_color-gris-noir","11":"first","12":"instock","13":"shipping-taxable","14":"purchasable","15":"product-type-variable"},"acf":[],"yoast_head":"<!-- This site is optimized with the Yoast SEO Premium plugin v25.7.1 (Yoast SEO v26.9) - https:\/\/yoast.com\/product\/yoast-seo-premium-wordpress\/ -->\n<title>Tapis design sur mesure Strata - Softicated<\/title>\n<meta name=\"description\" content=\"Strata s\u2019inspire des sillons trac\u00e9s par l\u2019homme dans les champs, \u00e0 l\u2019instant pr\u00e9cis o\u00f9 le jour d\u00e9cline et o\u00f9 la lumi\u00e8re devient incertaine.\" \/>\n<meta name=\"robots\" content=\"index, follow, max-snippet:-1, max-image-preview:large, max-video-preview:-1\" \/>\n<link rel=\"canonical\" href=\"https:\/\/softicated.com\/en\/produit\/tapis-strata\/\" \/>\n<meta property=\"og:locale\" content=\"en_GB\" \/>\n<meta property=\"og:type\" content=\"article\" \/>\n<meta property=\"og:title\" content=\"Tapis Strata\" \/>\n<meta property=\"og:description\" content=\"Strata s\u2019inspire des sillons trac\u00e9s par l\u2019homme dans les champs, \u00e0 l\u2019instant pr\u00e9cis o\u00f9 le jour d\u00e9cline et o\u00f9 la lumi\u00e8re devient incertaine.\" \/>\n<meta property=\"og:url\" content=\"https:\/\/softicated.com\/en\/produit\/tapis-strata\/\" \/>\n<meta property=\"og:site_name\" content=\"Softicated\" \/>\n<meta property=\"article:publisher\" content=\"https:\/\/www.facebook.com\/Softicated\" \/>\n<meta property=\"article:modified_time\" content=\"2026-03-16T05:07:18+00:00\" \/>\n<meta property=\"og:image\" content=\"https:\/\/softicated.com\/wp-content\/uploads\/2026\/02\/IMG_1348-1.png\" \/>\n\t<meta property=\"og:image:width\" content=\"180\" \/>\n\t<meta property=\"og:image:height\" content=\"260\" \/>\n\t<meta property=\"og:image:type\" content=\"image\/png\" \/>\n<meta name=\"twitter:card\" content=\"summary_large_image\" \/>\n<script type=\"application\/ld+json\" class=\"yoast-schema-graph\">{\"@context\":\"https:\/\/schema.org\",\"@graph\":[{\"@type\":\"WebPage\",\"@id\":\"https:\/\/softicated.com\/de\/produit\/tapis-strata\/\",\"url\":\"https:\/\/softicated.com\/de\/produit\/tapis-strata\/\",\"name\":\"Tapis design sur mesure Strata - Softicated\",\"isPartOf\":{\"@id\":\"https:\/\/softicated.com\/#website\"},\"primaryImageOfPage\":{\"@id\":\"https:\/\/softicated.com\/de\/produit\/tapis-strata\/#primaryimage\"},\"image\":{\"@id\":\"https:\/\/softicated.com\/de\/produit\/tapis-strata\/#primaryimage\"},\"thumbnailUrl\":\"https:\/\/softicated.com\/wp-content\/uploads\/2026\/02\/IMG_1348-1.png\",\"datePublished\":\"2026-02-23T11:56:49+00:00\",\"dateModified\":\"2026-03-16T05:07:18+00:00\",\"description\":\"Strata s\u2019inspire des sillons trac\u00e9s par l\u2019homme dans les champs, \u00e0 l\u2019instant pr\u00e9cis o\u00f9 le jour d\u00e9cline et o\u00f9 la lumi\u00e8re devient incertaine.\",\"breadcrumb\":{\"@id\":\"https:\/\/softicated.com\/de\/produit\/tapis-strata\/#breadcrumb\"},\"inLanguage\":\"en-GB\",\"potentialAction\":[{\"@type\":\"ReadAction\",\"target\":[\"https:\/\/softicated.com\/de\/produit\/tapis-strata\/\"]}]},{\"@type\":\"ImageObject\",\"inLanguage\":\"en-GB\",\"@id\":\"https:\/\/softicated.com\/de\/produit\/tapis-strata\/#primaryimage\",\"url\":\"https:\/\/softicated.com\/wp-content\/uploads\/2026\/02\/IMG_1348-1.png\",\"contentUrl\":\"https:\/\/softicated.com\/wp-content\/uploads\/2026\/02\/IMG_1348-1.png\",\"width\":180,\"height\":260,\"caption\":\"stara\"},{\"@type\":\"BreadcrumbList\",\"@id\":\"https:\/\/softicated.com\/de\/produit\/tapis-strata\/#breadcrumb\",\"itemListElement\":[{\"@type\":\"ListItem\",\"position\":1,\"name\":\"Accueil\",\"item\":\"https:\/\/softicated.com\/\"},{\"@type\":\"ListItem\",\"position\":2,\"name\":\"Produits Mobilier Premium Softicated\",\"item\":\"https:\/\/softicated.com\/produits\/\"},{\"@type\":\"ListItem\",\"position\":3,\"name\":\"Tapis \u00e0 motifs\",\"item\":\"https:\/\/softicated.com\/categorie-produit\/tapis-a-motifs\/\"},{\"@type\":\"ListItem\",\"position\":4,\"name\":\"Swiss design tapis\"}]},{\"@type\":\"WebSite\",\"@id\":\"https:\/\/softicated.com\/#website\",\"url\":\"https:\/\/softicated.com\/\",\"name\":\"Softicated\",\"description\":\"Cr\u00e9ateur de meubles, luminaires et tapis premium\",\"publisher\":{\"@id\":\"https:\/\/softicated.com\/#organization\"},\"potentialAction\":[{\"@type\":\"SearchAction\",\"target\":{\"@type\":\"EntryPoint\",\"urlTemplate\":\"https:\/\/softicated.com\/?s={search_term_string}\"},\"query-input\":{\"@type\":\"PropertyValueSpecification\",\"valueRequired\":true,\"valueName\":\"search_term_string\"}}],\"inLanguage\":\"en-GB\"},{\"@type\":\"Organization\",\"@id\":\"https:\/\/softicated.com\/#organization\",\"name\":\"Softicated\",\"url\":\"https:\/\/softicated.com\/\",\"logo\":{\"@type\":\"ImageObject\",\"inLanguage\":\"en-GB\",\"@id\":\"https:\/\/softicated.com\/#\/schema\/logo\/image\/\",\"url\":\"https:\/\/softicated.com\/wp-content\/uploads\/2025\/11\/logo-dark-2.svg\",\"contentUrl\":\"https:\/\/softicated.com\/wp-content\/uploads\/2025\/11\/logo-dark-2.svg\",\"caption\":\"Softicated\"},\"image\":{\"@id\":\"https:\/\/softicated.com\/#\/schema\/logo\/image\/\"},\"sameAs\":[\"https:\/\/www.facebook.com\/Softicated\",\"https:\/\/www.pinterest.com\/softicateddesign\",\"https:\/\/www.instagram.com\/softicated.design\"]}]}<\/script>\n<!-- \/ Yoast SEO Premium plugin. -->","yoast_head_json":{"title":"Bespoke Designer Rug Strata - Softicated","description":"Strata s\u2019inspire des sillons trac\u00e9s par l\u2019homme dans les champs, \u00e0 l\u2019instant pr\u00e9cis o\u00f9 le jour d\u00e9cline et o\u00f9 la lumi\u00e8re devient incertaine.","robots":{"index":"index","follow":"follow","max-snippet":"max-snippet:-1","max-image-preview":"max-image-preview:large","max-video-preview":"max-video-preview:-1"},"canonical":"https:\/\/softicated.com\/en\/produit\/tapis-strata\/","og_locale":"en_GB","og_type":"article","og_title":"Tapis Strata","og_description":"Strata s\u2019inspire des sillons trac\u00e9s par l\u2019homme dans les champs, \u00e0 l\u2019instant pr\u00e9cis o\u00f9 le jour d\u00e9cline et o\u00f9 la lumi\u00e8re devient incertaine.","og_url":"https:\/\/softicated.com\/en\/produit\/tapis-strata\/","og_site_name":"Softicated","article_publisher":"https:\/\/www.facebook.com\/Softicated","article_modified_time":"2026-03-16T05:07:18+00:00","og_image":[{"width":180,"height":260,"url":"https:\/\/softicated.com\/wp-content\/uploads\/2026\/02\/IMG_1348-1.png","type":"image\/png"}],"twitter_card":"summary_large_image","schema":{"@context":"https:\/\/schema.org","@graph":[{"@type":"WebPage","@id":"https:\/\/softicated.com\/de\/produit\/tapis-strata\/","url":"https:\/\/softicated.com\/de\/produit\/tapis-strata\/","name":"Bespoke Designer Rug Strata - Softicated","isPartOf":{"@id":"https:\/\/softicated.com\/#website"},"primaryImageOfPage":{"@id":"https:\/\/softicated.com\/de\/produit\/tapis-strata\/#primaryimage"},"image":{"@id":"https:\/\/softicated.com\/de\/produit\/tapis-strata\/#primaryimage"},"thumbnailUrl":"https:\/\/softicated.com\/wp-content\/uploads\/2026\/02\/IMG_1348-1.png","datePublished":"2026-02-23T11:56:49+00:00","dateModified":"2026-03-16T05:07:18+00:00","description":"Strata s\u2019inspire des sillons trac\u00e9s par l\u2019homme dans les champs, \u00e0 l\u2019instant pr\u00e9cis o\u00f9 le jour d\u00e9cline et o\u00f9 la lumi\u00e8re devient incertaine.","breadcrumb":{"@id":"https:\/\/softicated.com\/de\/produit\/tapis-strata\/#breadcrumb"},"inLanguage":"en-GB","potentialAction":[{"@type":"ReadAction","target":["https:\/\/softicated.com\/de\/produit\/tapis-strata\/"]}]},{"@type":"ImageObject","inLanguage":"en-GB","@id":"https:\/\/softicated.com\/de\/produit\/tapis-strata\/#primaryimage","url":"https:\/\/softicated.com\/wp-content\/uploads\/2026\/02\/IMG_1348-1.png","contentUrl":"https:\/\/softicated.com\/wp-content\/uploads\/2026\/02\/IMG_1348-1.png","width":180,"height":260,"caption":"stara"},{"@type":"BreadcrumbList","@id":"https:\/\/softicated.com\/de\/produit\/tapis-strata\/#breadcrumb","itemListElement":[{"@type":"ListItem","position":1,"name":"Accueil","item":"https:\/\/softicated.com\/"},{"@type":"ListItem","position":2,"name":"Produits Mobilier Premium Softicated","item":"https:\/\/softicated.com\/produits\/"},{"@type":"ListItem","position":3,"name":"Tapis \u00e0 motifs","item":"https:\/\/softicated.com\/categorie-produit\/tapis-a-motifs\/"},{"@type":"ListItem","position":4,"name":"Swiss design tapis"}]},{"@type":"WebSite","@id":"https:\/\/softicated.com\/#website","url":"https:\/\/softicated.com\/","name":"Softicated","description":"Designer of premium furniture, lighting and rugs","publisher":{"@id":"https:\/\/softicated.com\/#organization"},"potentialAction":[{"@type":"SearchAction","target":{"@type":"EntryPoint","urlTemplate":"https:\/\/softicated.com\/?s={search_term_string}"},"query-input":{"@type":"PropertyValueSpecification","valueRequired":true,"valueName":"search_term_string"}}],"inLanguage":"en-GB"},{"@type":"Organization","@id":"https:\/\/softicated.com\/#organization","name":"Softicated","url":"https:\/\/softicated.com\/","logo":{"@type":"ImageObject","inLanguage":"en-GB","@id":"https:\/\/softicated.com\/#\/schema\/logo\/image\/","url":"https:\/\/softicated.com\/wp-content\/uploads\/2025\/11\/logo-dark-2.svg","contentUrl":"https:\/\/softicated.com\/wp-content\/uploads\/2025\/11\/logo-dark-2.svg","caption":"Softicated"},"image":{"@id":"https:\/\/softicated.com\/#\/schema\/logo\/image\/"},"sameAs":["https:\/\/www.facebook.com\/Softicated","https:\/\/www.pinterest.com\/softicateddesign","https:\/\/www.instagram.com\/softicated.design"]}]}},"_links":{"self":[{"href":"https:\/\/softicated.com\/en\/wp-json\/wp\/v2\/product\/15018","targetHints":{"allow":["GET"]}}],"collection":[{"href":"https:\/\/softicated.com\/en\/wp-json\/wp\/v2\/product"}],"about":[{"href":"https:\/\/softicated.com\/en\/wp-json\/wp\/v2\/types\/product"}],"replies":[{"embeddable":true,"href":"https:\/\/softicated.com\/en\/wp-json\/wp\/v2\/comments?post=15018"}],"wp:featuredmedia":[{"embeddable":true,"href":"https:\/\/softicated.com\/en\/wp-json\/wp\/v2\/media\/15247"}],"wp:attachment":[{"href":"https:\/\/softicated.com\/en\/wp-json\/wp\/v2\/media?parent=15018"}],"wp:term":[{"taxonomy":"product_brand","embeddable":true,"href":"https:\/\/softicated.com\/en\/wp-json\/wp\/v2\/product_brand?post=15018"},{"taxonomy":"product_cat","embeddable":true,"href":"https:\/\/softicated.com\/en\/wp-json\/wp\/v2\/product_cat?post=15018"},{"taxonomy":"product_tag","embeddable":true,"href":"https:\/\/softicated.com\/en\/wp-json\/wp\/v2\/product_tag?post=15018"},{"taxonomy":"collections","embeddable":true,"href":"https:\/\/softicated.com\/en\/wp-json\/wp\/v2\/collections?post=15018"},{"taxonomy":"awards","embeddable":true,"href":"https:\/\/softicated.com\/en\/wp-json\/wp\/v2\/awards?post=15018"},{"taxonomy":"by_color","embeddable":true,"href":"https:\/\/softicated.com\/en\/wp-json\/wp\/v2\/by_color?post=15018"}],"curies":[{"name":"wp","href":"https:\/\/api.w.org\/{rel}","templated":true}]}}