{"id":15015,"date":"2026-02-23T12:56:50","date_gmt":"2026-02-23T11:56:50","guid":{"rendered":"https:\/\/softicated.com\/?post_type=product&#038;p=15015"},"modified":"2026-03-20T12:58:17","modified_gmt":"2026-03-20T11:58:17","slug":"tapis-sepia","status":"publish","type":"product","link":"https:\/\/softicated.com\/en\/produit\/tapis-sepia\/","title":{"rendered":"Rug Sepia"},"content":{"rendered":"<p>Sepia explores a more graphic and essential interpretation of the landscape. Its design draws inspiration from furrows observed as an abstract imprint, reduced to its very essence. The lines unfold in open loops, forming a continuous path that structures the surface with fluidity.<\/p>\n<p>The contrast between black and white reinforces the strength of the motif. The design asserts a clear and timeless presence. Deliberately irregular lines and curves create a subtle balance between control and spontaneity, echoing the repeated gesture of working the land.<\/p>\n<p>The cut &amp; loop technique highlights the play of reliefs and depths, allowing the pattern to emerge through the material itself and giving the rug an almost architectural dimension.<\/p>\n<p>Sepia naturally dialogues with contemporary, minimalist or graphic interiors. It complements clean spaces, assertive architectures and raw materials such as concrete, stone, metal or dark wood, bringing rhythm and structure without visual overload.<\/p>\n<p>Sepia thus offers a restrained yet powerful interpretation of cultivated land: a quiet presence that anchors the space with precision and character.<\/p>\n<p>Choosing the Sepia rug means embracing an essential and graphic aesthetic, where the design becomes trace, rhythm and balance.<\/p>","protected":false},"excerpt":{"rendered":"<p>S\u00e9pia explore une lecture plus graphique et essentielle du paysage. Son dessin s\u2019inspire des sillons observ\u00e9s comme une empreinte abstraite r\u00e9duite \u00e0 l\u2019essentiel. Les lignes s\u2019encha\u00eenent en boucles ouvertes, se d\u00e9ploient en un parcours qui structure la surface avec fluidit\u00e9. Le contraste du noir et du blanc renforce la force du motif. Le dessin affirme [&hellip;]<\/p>","protected":false},"featured_media":15251,"comment_status":"open","ping_status":"closed","template":"","meta":{"_acf_changed":false},"product_brand":[],"product_cat":[300,27],"product_tag":[],"collections":[261],"awards":[],"by_color":[337,336,335],"class_list":{"0":"post-15015","1":"product","2":"type-product","3":"status-publish","4":"has-post-thumbnail","6":"product_cat-tapis-a-motifs","7":"product_cat-rugs","8":"collections-furrows","9":"by_color-bicolore","10":"by_color-blanc","11":"by_color-noir-blanc","13":"first","14":"instock","15":"shipping-taxable","16":"purchasable","17":"product-type-variable"},"acf":[],"yoast_head":"<!-- This site is optimized with the Yoast SEO Premium plugin v25.7.1 (Yoast SEO v26.9) - https:\/\/yoast.com\/product\/yoast-seo-premium-wordpress\/ -->\n<title>Tapis design sur mesure Sepia - Softicated<\/title>\n<meta name=\"description\" content=\"S\u00e9pia explore une lecture plus graphique et essentielle du paysage. Son dessin s\u2019inspire des sillons observ\u00e9s comme une empreinte abstraite r\u00e9duite \u00e0 ...\" \/>\n<meta name=\"robots\" content=\"index, follow, max-snippet:-1, max-image-preview:large, max-video-preview:-1\" \/>\n<link rel=\"canonical\" href=\"https:\/\/softicated.com\/en\/produit\/tapis-sepia\/\" \/>\n<meta property=\"og:locale\" content=\"en_GB\" \/>\n<meta property=\"og:type\" content=\"article\" \/>\n<meta property=\"og:title\" content=\"Tapis Sepia\" \/>\n<meta property=\"og:description\" content=\"S\u00e9pia explore une lecture plus graphique et essentielle du paysage. Son dessin s\u2019inspire des sillons observ\u00e9s comme une empreinte abstraite r\u00e9duite \u00e0 ...\" \/>\n<meta property=\"og:url\" content=\"https:\/\/softicated.com\/en\/produit\/tapis-sepia\/\" \/>\n<meta property=\"og:site_name\" content=\"Softicated\" \/>\n<meta property=\"article:publisher\" content=\"https:\/\/www.facebook.com\/Softicated\" \/>\n<meta property=\"article:modified_time\" content=\"2026-03-20T11:58:17+00:00\" \/>\n<meta property=\"og:image\" content=\"https:\/\/softicated.com\/wp-content\/uploads\/2026\/02\/IMG_1349-1.png\" \/>\n\t<meta property=\"og:image:width\" content=\"175\" \/>\n\t<meta property=\"og:image:height\" content=\"260\" \/>\n\t<meta property=\"og:image:type\" content=\"image\/png\" \/>\n<meta name=\"twitter:card\" content=\"summary_large_image\" \/>\n<script type=\"application\/ld+json\" class=\"yoast-schema-graph\">{\"@context\":\"https:\/\/schema.org\",\"@graph\":[{\"@type\":\"WebPage\",\"@id\":\"https:\/\/softicated.com\/produit\/tapis-sepia\/\",\"url\":\"https:\/\/softicated.com\/produit\/tapis-sepia\/\",\"name\":\"Tapis design sur mesure Sepia - Softicated\",\"isPartOf\":{\"@id\":\"https:\/\/softicated.com\/#website\"},\"primaryImageOfPage\":{\"@id\":\"https:\/\/softicated.com\/produit\/tapis-sepia\/#primaryimage\"},\"image\":{\"@id\":\"https:\/\/softicated.com\/produit\/tapis-sepia\/#primaryimage\"},\"thumbnailUrl\":\"https:\/\/softicated.com\/wp-content\/uploads\/2026\/02\/IMG_1349-1.png\",\"datePublished\":\"2026-02-23T11:56:50+00:00\",\"dateModified\":\"2026-03-20T11:58:17+00:00\",\"description\":\"S\u00e9pia explore une lecture plus graphique et essentielle du paysage. Son dessin s\u2019inspire des sillons observ\u00e9s comme une empreinte abstraite r\u00e9duite \u00e0 ...\",\"breadcrumb\":{\"@id\":\"https:\/\/softicated.com\/produit\/tapis-sepia\/#breadcrumb\"},\"inLanguage\":\"en-GB\",\"potentialAction\":[{\"@type\":\"ReadAction\",\"target\":[\"https:\/\/softicated.com\/produit\/tapis-sepia\/\"]}]},{\"@type\":\"ImageObject\",\"inLanguage\":\"en-GB\",\"@id\":\"https:\/\/softicated.com\/produit\/tapis-sepia\/#primaryimage\",\"url\":\"https:\/\/softicated.com\/wp-content\/uploads\/2026\/02\/IMG_1349-1.png\",\"contentUrl\":\"https:\/\/softicated.com\/wp-content\/uploads\/2026\/02\/IMG_1349-1.png\",\"width\":175,\"height\":260,\"caption\":\"Sepia\"},{\"@type\":\"BreadcrumbList\",\"@id\":\"https:\/\/softicated.com\/produit\/tapis-sepia\/#breadcrumb\",\"itemListElement\":[{\"@type\":\"ListItem\",\"position\":1,\"name\":\"Accueil\",\"item\":\"https:\/\/softicated.com\/\"},{\"@type\":\"ListItem\",\"position\":2,\"name\":\"Produits Mobilier Premium Softicated\",\"item\":\"https:\/\/softicated.com\/produits\/\"},{\"@type\":\"ListItem\",\"position\":3,\"name\":\"Tapis \u00e0 motifs\",\"item\":\"https:\/\/softicated.com\/categorie-produit\/tapis-a-motifs\/\"},{\"@type\":\"ListItem\",\"position\":4,\"name\":\"Swiss design tapis\"}]},{\"@type\":\"WebSite\",\"@id\":\"https:\/\/softicated.com\/#website\",\"url\":\"https:\/\/softicated.com\/\",\"name\":\"Softicated\",\"description\":\"Cr\u00e9ateur de meubles, luminaires et tapis premium\",\"publisher\":{\"@id\":\"https:\/\/softicated.com\/#organization\"},\"potentialAction\":[{\"@type\":\"SearchAction\",\"target\":{\"@type\":\"EntryPoint\",\"urlTemplate\":\"https:\/\/softicated.com\/?s={search_term_string}\"},\"query-input\":{\"@type\":\"PropertyValueSpecification\",\"valueRequired\":true,\"valueName\":\"search_term_string\"}}],\"inLanguage\":\"en-GB\"},{\"@type\":\"Organization\",\"@id\":\"https:\/\/softicated.com\/#organization\",\"name\":\"Softicated\",\"url\":\"https:\/\/softicated.com\/\",\"logo\":{\"@type\":\"ImageObject\",\"inLanguage\":\"en-GB\",\"@id\":\"https:\/\/softicated.com\/#\/schema\/logo\/image\/\",\"url\":\"https:\/\/softicated.com\/wp-content\/uploads\/2025\/11\/logo-dark-2.svg\",\"contentUrl\":\"https:\/\/softicated.com\/wp-content\/uploads\/2025\/11\/logo-dark-2.svg\",\"caption\":\"Softicated\"},\"image\":{\"@id\":\"https:\/\/softicated.com\/#\/schema\/logo\/image\/\"},\"sameAs\":[\"https:\/\/www.facebook.com\/Softicated\",\"https:\/\/www.pinterest.com\/softicateddesign\",\"https:\/\/www.instagram.com\/softicated.design\"]}]}<\/script>\n<!-- \/ Yoast SEO Premium plugin. -->","yoast_head_json":{"title":"Bespoke Designer Rug Sepia - Softicated","description":"S\u00e9pia explore une lecture plus graphique et essentielle du paysage. Son dessin s\u2019inspire des sillons observ\u00e9s comme une empreinte abstraite r\u00e9duite \u00e0 ...","robots":{"index":"index","follow":"follow","max-snippet":"max-snippet:-1","max-image-preview":"max-image-preview:large","max-video-preview":"max-video-preview:-1"},"canonical":"https:\/\/softicated.com\/en\/produit\/tapis-sepia\/","og_locale":"en_GB","og_type":"article","og_title":"Tapis Sepia","og_description":"S\u00e9pia explore une lecture plus graphique et essentielle du paysage. Son dessin s\u2019inspire des sillons observ\u00e9s comme une empreinte abstraite r\u00e9duite \u00e0 ...","og_url":"https:\/\/softicated.com\/en\/produit\/tapis-sepia\/","og_site_name":"Softicated","article_publisher":"https:\/\/www.facebook.com\/Softicated","article_modified_time":"2026-03-20T11:58:17+00:00","og_image":[{"width":175,"height":260,"url":"https:\/\/softicated.com\/wp-content\/uploads\/2026\/02\/IMG_1349-1.png","type":"image\/png"}],"twitter_card":"summary_large_image","schema":{"@context":"https:\/\/schema.org","@graph":[{"@type":"WebPage","@id":"https:\/\/softicated.com\/produit\/tapis-sepia\/","url":"https:\/\/softicated.com\/produit\/tapis-sepia\/","name":"Bespoke Designer Rug Sepia - Softicated","isPartOf":{"@id":"https:\/\/softicated.com\/#website"},"primaryImageOfPage":{"@id":"https:\/\/softicated.com\/produit\/tapis-sepia\/#primaryimage"},"image":{"@id":"https:\/\/softicated.com\/produit\/tapis-sepia\/#primaryimage"},"thumbnailUrl":"https:\/\/softicated.com\/wp-content\/uploads\/2026\/02\/IMG_1349-1.png","datePublished":"2026-02-23T11:56:50+00:00","dateModified":"2026-03-20T11:58:17+00:00","description":"S\u00e9pia explore une lecture plus graphique et essentielle du paysage. Son dessin s\u2019inspire des sillons observ\u00e9s comme une empreinte abstraite r\u00e9duite \u00e0 ...","breadcrumb":{"@id":"https:\/\/softicated.com\/produit\/tapis-sepia\/#breadcrumb"},"inLanguage":"en-GB","potentialAction":[{"@type":"ReadAction","target":["https:\/\/softicated.com\/produit\/tapis-sepia\/"]}]},{"@type":"ImageObject","inLanguage":"en-GB","@id":"https:\/\/softicated.com\/produit\/tapis-sepia\/#primaryimage","url":"https:\/\/softicated.com\/wp-content\/uploads\/2026\/02\/IMG_1349-1.png","contentUrl":"https:\/\/softicated.com\/wp-content\/uploads\/2026\/02\/IMG_1349-1.png","width":175,"height":260,"caption":"Sepia"},{"@type":"BreadcrumbList","@id":"https:\/\/softicated.com\/produit\/tapis-sepia\/#breadcrumb","itemListElement":[{"@type":"ListItem","position":1,"name":"Accueil","item":"https:\/\/softicated.com\/"},{"@type":"ListItem","position":2,"name":"Produits Mobilier Premium Softicated","item":"https:\/\/softicated.com\/produits\/"},{"@type":"ListItem","position":3,"name":"Tapis \u00e0 motifs","item":"https:\/\/softicated.com\/categorie-produit\/tapis-a-motifs\/"},{"@type":"ListItem","position":4,"name":"Swiss design tapis"}]},{"@type":"WebSite","@id":"https:\/\/softicated.com\/#website","url":"https:\/\/softicated.com\/","name":"Softicated","description":"Designer of premium furniture, lighting and rugs","publisher":{"@id":"https:\/\/softicated.com\/#organization"},"potentialAction":[{"@type":"SearchAction","target":{"@type":"EntryPoint","urlTemplate":"https:\/\/softicated.com\/?s={search_term_string}"},"query-input":{"@type":"PropertyValueSpecification","valueRequired":true,"valueName":"search_term_string"}}],"inLanguage":"en-GB"},{"@type":"Organization","@id":"https:\/\/softicated.com\/#organization","name":"Softicated","url":"https:\/\/softicated.com\/","logo":{"@type":"ImageObject","inLanguage":"en-GB","@id":"https:\/\/softicated.com\/#\/schema\/logo\/image\/","url":"https:\/\/softicated.com\/wp-content\/uploads\/2025\/11\/logo-dark-2.svg","contentUrl":"https:\/\/softicated.com\/wp-content\/uploads\/2025\/11\/logo-dark-2.svg","caption":"Softicated"},"image":{"@id":"https:\/\/softicated.com\/#\/schema\/logo\/image\/"},"sameAs":["https:\/\/www.facebook.com\/Softicated","https:\/\/www.pinterest.com\/softicateddesign","https:\/\/www.instagram.com\/softicated.design"]}]}},"_links":{"self":[{"href":"https:\/\/softicated.com\/en\/wp-json\/wp\/v2\/product\/15015","targetHints":{"allow":["GET"]}}],"collection":[{"href":"https:\/\/softicated.com\/en\/wp-json\/wp\/v2\/product"}],"about":[{"href":"https:\/\/softicated.com\/en\/wp-json\/wp\/v2\/types\/product"}],"replies":[{"embeddable":true,"href":"https:\/\/softicated.com\/en\/wp-json\/wp\/v2\/comments?post=15015"}],"wp:featuredmedia":[{"embeddable":true,"href":"https:\/\/softicated.com\/en\/wp-json\/wp\/v2\/media\/15251"}],"wp:attachment":[{"href":"https:\/\/softicated.com\/en\/wp-json\/wp\/v2\/media?parent=15015"}],"wp:term":[{"taxonomy":"product_brand","embeddable":true,"href":"https:\/\/softicated.com\/en\/wp-json\/wp\/v2\/product_brand?post=15015"},{"taxonomy":"product_cat","embeddable":true,"href":"https:\/\/softicated.com\/en\/wp-json\/wp\/v2\/product_cat?post=15015"},{"taxonomy":"product_tag","embeddable":true,"href":"https:\/\/softicated.com\/en\/wp-json\/wp\/v2\/product_tag?post=15015"},{"taxonomy":"collections","embeddable":true,"href":"https:\/\/softicated.com\/en\/wp-json\/wp\/v2\/collections?post=15015"},{"taxonomy":"awards","embeddable":true,"href":"https:\/\/softicated.com\/en\/wp-json\/wp\/v2\/awards?post=15015"},{"taxonomy":"by_color","embeddable":true,"href":"https:\/\/softicated.com\/en\/wp-json\/wp\/v2\/by_color?post=15015"}],"curies":[{"name":"wp","href":"https:\/\/api.w.org\/{rel}","templated":true}]}}