{"id":11395,"date":"2023-10-03T17:43:03","date_gmt":"2023-10-03T15:43:03","guid":{"rendered":"https:\/\/softicated.com\/?post_type=product&#038;p=11395"},"modified":"2026-03-16T06:23:10","modified_gmt":"2026-03-16T05:23:10","slug":"tapis-design-sur-mesure-natural-softicated","status":"publish","type":"product","link":"https:\/\/softicated.com\/en\/produit\/tapis-design-sur-mesure-natural-softicated\/","title":{"rendered":"Rug Natural"},"content":{"rendered":"<p>The \u201cNatural\u201d rug, with its light tones is a true ode to nature, blending softness, elegance and botanical inspiration into a soothing composition. Presented in a refined palette where angora, light brown, champagne and pale green intertwine subtly, it gently captures light, imparting an immediate sense of calm and well-being. These natural hues form a luminous gradient that evokes the earth, the freshness of foliage and the golden warmth of morning light.<\/p>\n<p>The design draws inspiration from tropical flora featuring stylized monstera and banana leaves suspended from their stems as if gently floating in space. These organic forms are delicately outlined on a light background highlighting their graphic beauty. Discreet stripes rhythmically punctuate the composition adding a contemporary touch and subtle contrast to the supple shapes of the leaves.<\/p>\n<p>Each color, whether the vegetal pale green or the luminous champagne has been carefully chosen to enrich the ensemble without overwhelming it. The \u201cNatural\u201d rug evokes a peaceful garden bathed in light, a gentle and harmonious nature transposed into the textile realm.<\/p>\n<p>Made of wool and botanical silk, the \u201cNatural\u201d rug offers a silky touch, admirable durability and remarkable visual finesse. It integrates seamlessly into modern, Scandinavian, or classic interiors bringing a note of freshness and discreet exoticism. More than just a rug, it invites relaxation, balance and an appreciation for the natural beauty of the world.<\/p>\n<p>Bring the softness and light of nature into your home with the \u201cNatural\u201d rug and create a serene, elegant atmosphere delicately inspired by plant life.<\/p>\n<p><em>Delivery includes curbside delivery. For a white gloves delivery &amp; installation service, <span style=\"text-decoration: underline;\"><a href=\"https:\/\/softicated.com\/en\/contact\/\">contact us<\/a><\/span>.<\/em><\/p>","protected":false},"excerpt":{"rendered":"<p>Le tapis \u201cNatural\u201d aux tons clairs est une v\u00e9ritable ode \u00e0 la nature m\u00ealant douceur, \u00e9l\u00e9gance et inspiration v\u00e9g\u00e9tale dans une composition apaisante. D\u00e9clin\u00e9 dans une palette raffin\u00e9e o\u00f9 l\u2019angora, le marron clair, le champagne et le vert p\u00e2le s\u2019entrelacent avec subtilit\u00e9, il capte la lumi\u00e8re tout en d\u00e9licatesse, diffusant une sensation imm\u00e9diate de calme [&hellip;]<\/p>","protected":false},"featured_media":15202,"comment_status":"closed","ping_status":"closed","template":"","meta":{"_acf_changed":false},"product_brand":[],"product_cat":[300,27],"product_tag":[],"collections":[37],"awards":[],"by_color":[],"class_list":{"0":"post-11395","1":"product","2":"type-product","3":"status-publish","4":"has-post-thumbnail","6":"product_cat-tapis-a-motifs","7":"product_cat-rugs","8":"product_shipping_class-tapis","9":"collections-tinged-leaves","11":"first","12":"instock","13":"shipping-taxable","14":"purchasable","15":"product-type-variable","16":"has-default-attributes"},"acf":[],"yoast_head":"<!-- This site is optimized with the Yoast SEO Premium plugin v25.7.1 (Yoast SEO v26.9) - https:\/\/yoast.com\/product\/yoast-seo-premium-wordpress\/ -->\n<title>Tapis Naturel - Softicated<\/title>\n<meta name=\"description\" content=\"Le tapis &quot; Natural &quot; aux tons clairs est une v\u00e9ritable ode \u00e0 la nature m\u00ealant douceur, \u00e9l\u00e9gance et inspiration v\u00e9g\u00e9tale dans une composition apaisante.\" \/>\n<meta name=\"robots\" content=\"index, follow, max-snippet:-1, max-image-preview:large, max-video-preview:-1\" \/>\n<link rel=\"canonical\" href=\"https:\/\/softicated.com\/en\/produit\/tapis-design-sur-mesure-natural-softicated\/\" \/>\n<meta property=\"og:locale\" content=\"en_GB\" \/>\n<meta property=\"og:type\" content=\"article\" \/>\n<meta property=\"og:title\" content=\"Tapis Naturel\" \/>\n<meta property=\"og:description\" content=\"Le tapis &quot; Natural &quot; aux tons clairs est une v\u00e9ritable ode \u00e0 la nature m\u00ealant douceur, \u00e9l\u00e9gance et inspiration v\u00e9g\u00e9tale dans une composition apaisante.\" \/>\n<meta property=\"og:url\" content=\"https:\/\/softicated.com\/en\/produit\/tapis-design-sur-mesure-natural-softicated\/\" \/>\n<meta property=\"og:site_name\" content=\"Softicated\" \/>\n<meta property=\"article:publisher\" content=\"https:\/\/www.facebook.com\/Softicated\" \/>\n<meta property=\"article:modified_time\" content=\"2026-03-16T05:23:10+00:00\" \/>\n<meta property=\"og:image\" content=\"https:\/\/softicated.com\/wp-content\/uploads\/2023\/10\/Natural.png\" \/>\n\t<meta property=\"og:image:width\" content=\"188\" \/>\n\t<meta property=\"og:image:height\" content=\"260\" \/>\n\t<meta property=\"og:image:type\" content=\"image\/png\" \/>\n<meta name=\"twitter:card\" content=\"summary_large_image\" \/>\n<script type=\"application\/ld+json\" class=\"yoast-schema-graph\">{\"@context\":\"https:\/\/schema.org\",\"@graph\":[{\"@type\":\"WebPage\",\"@id\":\"https:\/\/softicated.com\/produit\/tapis-design-sur-mesure-natural-softicated\/\",\"url\":\"https:\/\/softicated.com\/produit\/tapis-design-sur-mesure-natural-softicated\/\",\"name\":\"Tapis Naturel - Softicated\",\"isPartOf\":{\"@id\":\"https:\/\/softicated.com\/#website\"},\"primaryImageOfPage\":{\"@id\":\"https:\/\/softicated.com\/produit\/tapis-design-sur-mesure-natural-softicated\/#primaryimage\"},\"image\":{\"@id\":\"https:\/\/softicated.com\/produit\/tapis-design-sur-mesure-natural-softicated\/#primaryimage\"},\"thumbnailUrl\":\"https:\/\/softicated.com\/wp-content\/uploads\/2023\/10\/Natural.png\",\"datePublished\":\"2023-10-03T15:43:03+00:00\",\"dateModified\":\"2026-03-16T05:23:10+00:00\",\"description\":\"Le tapis \\\" Natural \\\" aux tons clairs est une v\u00e9ritable ode \u00e0 la nature m\u00ealant douceur, \u00e9l\u00e9gance et inspiration v\u00e9g\u00e9tale dans une composition apaisante.\",\"breadcrumb\":{\"@id\":\"https:\/\/softicated.com\/produit\/tapis-design-sur-mesure-natural-softicated\/#breadcrumb\"},\"inLanguage\":\"en-GB\",\"potentialAction\":[{\"@type\":\"ReadAction\",\"target\":[\"https:\/\/softicated.com\/produit\/tapis-design-sur-mesure-natural-softicated\/\"]}]},{\"@type\":\"ImageObject\",\"inLanguage\":\"en-GB\",\"@id\":\"https:\/\/softicated.com\/produit\/tapis-design-sur-mesure-natural-softicated\/#primaryimage\",\"url\":\"https:\/\/softicated.com\/wp-content\/uploads\/2023\/10\/Natural.png\",\"contentUrl\":\"https:\/\/softicated.com\/wp-content\/uploads\/2023\/10\/Natural.png\",\"width\":188,\"height\":260,\"caption\":\"Natural\"},{\"@type\":\"BreadcrumbList\",\"@id\":\"https:\/\/softicated.com\/produit\/tapis-design-sur-mesure-natural-softicated\/#breadcrumb\",\"itemListElement\":[{\"@type\":\"ListItem\",\"position\":1,\"name\":\"Accueil\",\"item\":\"https:\/\/softicated.com\/\"},{\"@type\":\"ListItem\",\"position\":2,\"name\":\"Produits Mobilier Premium Softicated\",\"item\":\"https:\/\/softicated.com\/produits\/\"},{\"@type\":\"ListItem\",\"position\":3,\"name\":\"Tapis \u00e0 motifs\",\"item\":\"https:\/\/softicated.com\/categorie-produit\/tapis-a-motifs\/\"},{\"@type\":\"ListItem\",\"position\":4,\"name\":\"Tapis design sur mesure\"}]},{\"@type\":\"WebSite\",\"@id\":\"https:\/\/softicated.com\/#website\",\"url\":\"https:\/\/softicated.com\/\",\"name\":\"Softicated\",\"description\":\"Cr\u00e9ateur de meubles, luminaires et tapis premium\",\"publisher\":{\"@id\":\"https:\/\/softicated.com\/#organization\"},\"potentialAction\":[{\"@type\":\"SearchAction\",\"target\":{\"@type\":\"EntryPoint\",\"urlTemplate\":\"https:\/\/softicated.com\/?s={search_term_string}\"},\"query-input\":{\"@type\":\"PropertyValueSpecification\",\"valueRequired\":true,\"valueName\":\"search_term_string\"}}],\"inLanguage\":\"en-GB\"},{\"@type\":\"Organization\",\"@id\":\"https:\/\/softicated.com\/#organization\",\"name\":\"Softicated\",\"url\":\"https:\/\/softicated.com\/\",\"logo\":{\"@type\":\"ImageObject\",\"inLanguage\":\"en-GB\",\"@id\":\"https:\/\/softicated.com\/#\/schema\/logo\/image\/\",\"url\":\"https:\/\/softicated.com\/wp-content\/uploads\/2025\/11\/logo-dark-2.svg\",\"contentUrl\":\"https:\/\/softicated.com\/wp-content\/uploads\/2025\/11\/logo-dark-2.svg\",\"caption\":\"Softicated\"},\"image\":{\"@id\":\"https:\/\/softicated.com\/#\/schema\/logo\/image\/\"},\"sameAs\":[\"https:\/\/www.facebook.com\/Softicated\",\"https:\/\/www.pinterest.com\/softicateddesign\",\"https:\/\/www.instagram.com\/softicated.design\"]}]}<\/script>\n<!-- \/ Yoast SEO Premium plugin. -->","yoast_head_json":{"title":"Rug Natural - Softicated","description":"Le tapis \" Natural \" aux tons clairs est une v\u00e9ritable ode \u00e0 la nature m\u00ealant douceur, \u00e9l\u00e9gance et inspiration v\u00e9g\u00e9tale dans une composition apaisante.","robots":{"index":"index","follow":"follow","max-snippet":"max-snippet:-1","max-image-preview":"max-image-preview:large","max-video-preview":"max-video-preview:-1"},"canonical":"https:\/\/softicated.com\/en\/produit\/tapis-design-sur-mesure-natural-softicated\/","og_locale":"en_GB","og_type":"article","og_title":"Tapis Naturel","og_description":"Le tapis \" Natural \" aux tons clairs est une v\u00e9ritable ode \u00e0 la nature m\u00ealant douceur, \u00e9l\u00e9gance et inspiration v\u00e9g\u00e9tale dans une composition apaisante.","og_url":"https:\/\/softicated.com\/en\/produit\/tapis-design-sur-mesure-natural-softicated\/","og_site_name":"Softicated","article_publisher":"https:\/\/www.facebook.com\/Softicated","article_modified_time":"2026-03-16T05:23:10+00:00","og_image":[{"width":188,"height":260,"url":"https:\/\/softicated.com\/wp-content\/uploads\/2023\/10\/Natural.png","type":"image\/png"}],"twitter_card":"summary_large_image","schema":{"@context":"https:\/\/schema.org","@graph":[{"@type":"WebPage","@id":"https:\/\/softicated.com\/produit\/tapis-design-sur-mesure-natural-softicated\/","url":"https:\/\/softicated.com\/produit\/tapis-design-sur-mesure-natural-softicated\/","name":"Rug Natural - Softicated","isPartOf":{"@id":"https:\/\/softicated.com\/#website"},"primaryImageOfPage":{"@id":"https:\/\/softicated.com\/produit\/tapis-design-sur-mesure-natural-softicated\/#primaryimage"},"image":{"@id":"https:\/\/softicated.com\/produit\/tapis-design-sur-mesure-natural-softicated\/#primaryimage"},"thumbnailUrl":"https:\/\/softicated.com\/wp-content\/uploads\/2023\/10\/Natural.png","datePublished":"2023-10-03T15:43:03+00:00","dateModified":"2026-03-16T05:23:10+00:00","description":"Le tapis \" Natural \" aux tons clairs est une v\u00e9ritable ode \u00e0 la nature m\u00ealant douceur, \u00e9l\u00e9gance et inspiration v\u00e9g\u00e9tale dans une composition apaisante.","breadcrumb":{"@id":"https:\/\/softicated.com\/produit\/tapis-design-sur-mesure-natural-softicated\/#breadcrumb"},"inLanguage":"en-GB","potentialAction":[{"@type":"ReadAction","target":["https:\/\/softicated.com\/produit\/tapis-design-sur-mesure-natural-softicated\/"]}]},{"@type":"ImageObject","inLanguage":"en-GB","@id":"https:\/\/softicated.com\/produit\/tapis-design-sur-mesure-natural-softicated\/#primaryimage","url":"https:\/\/softicated.com\/wp-content\/uploads\/2023\/10\/Natural.png","contentUrl":"https:\/\/softicated.com\/wp-content\/uploads\/2023\/10\/Natural.png","width":188,"height":260,"caption":"Natural"},{"@type":"BreadcrumbList","@id":"https:\/\/softicated.com\/produit\/tapis-design-sur-mesure-natural-softicated\/#breadcrumb","itemListElement":[{"@type":"ListItem","position":1,"name":"Accueil","item":"https:\/\/softicated.com\/"},{"@type":"ListItem","position":2,"name":"Produits Mobilier Premium Softicated","item":"https:\/\/softicated.com\/produits\/"},{"@type":"ListItem","position":3,"name":"Tapis \u00e0 motifs","item":"https:\/\/softicated.com\/categorie-produit\/tapis-a-motifs\/"},{"@type":"ListItem","position":4,"name":"Tapis design sur mesure"}]},{"@type":"WebSite","@id":"https:\/\/softicated.com\/#website","url":"https:\/\/softicated.com\/","name":"Softicated","description":"Designer of premium furniture, lighting and rugs","publisher":{"@id":"https:\/\/softicated.com\/#organization"},"potentialAction":[{"@type":"SearchAction","target":{"@type":"EntryPoint","urlTemplate":"https:\/\/softicated.com\/?s={search_term_string}"},"query-input":{"@type":"PropertyValueSpecification","valueRequired":true,"valueName":"search_term_string"}}],"inLanguage":"en-GB"},{"@type":"Organization","@id":"https:\/\/softicated.com\/#organization","name":"Softicated","url":"https:\/\/softicated.com\/","logo":{"@type":"ImageObject","inLanguage":"en-GB","@id":"https:\/\/softicated.com\/#\/schema\/logo\/image\/","url":"https:\/\/softicated.com\/wp-content\/uploads\/2025\/11\/logo-dark-2.svg","contentUrl":"https:\/\/softicated.com\/wp-content\/uploads\/2025\/11\/logo-dark-2.svg","caption":"Softicated"},"image":{"@id":"https:\/\/softicated.com\/#\/schema\/logo\/image\/"},"sameAs":["https:\/\/www.facebook.com\/Softicated","https:\/\/www.pinterest.com\/softicateddesign","https:\/\/www.instagram.com\/softicated.design"]}]}},"_links":{"self":[{"href":"https:\/\/softicated.com\/en\/wp-json\/wp\/v2\/product\/11395","targetHints":{"allow":["GET"]}}],"collection":[{"href":"https:\/\/softicated.com\/en\/wp-json\/wp\/v2\/product"}],"about":[{"href":"https:\/\/softicated.com\/en\/wp-json\/wp\/v2\/types\/product"}],"replies":[{"embeddable":true,"href":"https:\/\/softicated.com\/en\/wp-json\/wp\/v2\/comments?post=11395"}],"wp:featuredmedia":[{"embeddable":true,"href":"https:\/\/softicated.com\/en\/wp-json\/wp\/v2\/media\/15202"}],"wp:attachment":[{"href":"https:\/\/softicated.com\/en\/wp-json\/wp\/v2\/media?parent=11395"}],"wp:term":[{"taxonomy":"product_brand","embeddable":true,"href":"https:\/\/softicated.com\/en\/wp-json\/wp\/v2\/product_brand?post=11395"},{"taxonomy":"product_cat","embeddable":true,"href":"https:\/\/softicated.com\/en\/wp-json\/wp\/v2\/product_cat?post=11395"},{"taxonomy":"product_tag","embeddable":true,"href":"https:\/\/softicated.com\/en\/wp-json\/wp\/v2\/product_tag?post=11395"},{"taxonomy":"collections","embeddable":true,"href":"https:\/\/softicated.com\/en\/wp-json\/wp\/v2\/collections?post=11395"},{"taxonomy":"awards","embeddable":true,"href":"https:\/\/softicated.com\/en\/wp-json\/wp\/v2\/awards?post=11395"},{"taxonomy":"by_color","embeddable":true,"href":"https:\/\/softicated.com\/en\/wp-json\/wp\/v2\/by_color?post=11395"}],"curies":[{"name":"wp","href":"https:\/\/api.w.org\/{rel}","templated":true}]}}