{"id":11384,"date":"2023-10-03T17:18:49","date_gmt":"2023-10-03T15:18:49","guid":{"rendered":"https:\/\/softicated.com\/?post_type=product&#038;p=11384"},"modified":"2026-03-16T06:23:31","modified_gmt":"2026-03-16T05:23:31","slug":"tapis-design-sur-mesure-milky-way-softicated","status":"publish","type":"product","link":"https:\/\/softicated.com\/en\/produit\/tapis-design-sur-mesure-milky-way-softicated\/","title":{"rendered":"Rug Milky Way"},"content":{"rendered":"<p>The \u201cMilky Way\u201d rug blends cosmic poetry with natural elegance in a design that is both aesthetic and symbolic. Inspired by the solar system, it presents the eight recognized planets from Mercury to Neptune, each portrayed as a colored sphere with a distinct identity united in overall harmony. Suspended in space, these forms appear as frozen moments as if the planets are peacefully orbiting the Sun.<\/p>\n<p>Set against a backdrop representing the universe, soft and beige tones dominate creating a gentle and luminous ambiance. Shades of cream, light grey, soft beige, angora, and pastel blend delicately forming a soothing gradient that subtly captures the light. This palette of muted tones enhances the feeling of serenity, lightness and balance resonating with the celestial order suggested by the composition.<\/p>\n<p>The rug\u2019s discreet and flowing pattern, inspired by the movement of the stars adds depth without overwhelming the space. It fits perfectly into minimalist, Scandinavian or natural interiors becoming both a visual anchor and a source of tranquility. By inviting the cosmos into the home, this rug transforms living spaces into a peaceful, modern and timeless cocoon.<\/p>\n<p>Made of premium materials, the \u201cMilky Way\u201d rug offers both comfort and elegance. More than a decorative object, it is a textile artwork that celebrates the beauty of the cosmos and a lifestyle rooted in softness.<\/p>\n<p>Let the softness of the cosmos into your home with the \u201cMilky Way\u201d rug where celestial harmony meets natural elegance. Treat yourself to this unique piece and elevate your interior with light, serenity and refinement.<\/p>\n<p><em>Delivery includes curbside delivery. For a white gloves delivery &amp; installation service, <span style=\"text-decoration: underline;\"><a href=\"https:\/\/softicated.com\/en\/contact\/\">contact us<\/a><\/span>.<\/em><\/p>","protected":false},"excerpt":{"rendered":"<p>Le tapis \u201cMilky Way\u201d allie po\u00e9sie cosmique et \u00e9l\u00e9gance naturelle dans une composition aussi esth\u00e9tique que symbolique. Inspir\u00e9 du syst\u00e8me solaire, il met en sc\u00e8ne les huit plan\u00e8tes reconnues de Mercure \u00e0 Neptune repr\u00e9sent\u00e9es sous forme de bulles aux dimensions et couleurs vari\u00e9es. Chacune poss\u00e8de une identit\u00e9 visuelle propre tout en s\u2019inscrivant dans une harmonie [&hellip;]<\/p>","protected":false},"featured_media":15203,"comment_status":"closed","ping_status":"closed","template":"","meta":{"_acf_changed":false},"product_brand":[],"product_cat":[300,27],"product_tag":[],"collections":[36],"awards":[],"by_color":[],"class_list":{"0":"post-11384","1":"product","2":"type-product","3":"status-publish","4":"has-post-thumbnail","6":"product_cat-tapis-a-motifs","7":"product_cat-rugs","8":"product_shipping_class-tapis","9":"collections-planets","11":"first","12":"instock","13":"shipping-taxable","14":"purchasable","15":"product-type-variable","16":"has-default-attributes"},"acf":[],"yoast_head":"<!-- This site is optimized with the Yoast SEO Premium plugin v25.7.1 (Yoast SEO v26.9) - https:\/\/yoast.com\/product\/yoast-seo-premium-wordpress\/ -->\n<title>Tapis Milky Way - Softicated<\/title>\n<meta name=\"description\" content=\"Le tapis \u201c Milky Way \u201d allie po\u00e9sie cosmique et \u00e9l\u00e9gance naturelle dans une composition aussi esth\u00e9tique que symbolique, Inspir\u00e9 du syst\u00e8me solaire.\" \/>\n<meta name=\"robots\" content=\"index, follow, max-snippet:-1, max-image-preview:large, max-video-preview:-1\" \/>\n<link rel=\"canonical\" href=\"https:\/\/softicated.com\/en\/produit\/tapis-design-sur-mesure-milky-way-softicated\/\" \/>\n<meta property=\"og:locale\" content=\"en_GB\" \/>\n<meta property=\"og:type\" content=\"article\" \/>\n<meta property=\"og:title\" content=\"Tapis Milky Way\" \/>\n<meta property=\"og:description\" content=\"Le tapis \u201c Milky Way \u201d allie po\u00e9sie cosmique et \u00e9l\u00e9gance naturelle dans une composition aussi esth\u00e9tique que symbolique, Inspir\u00e9 du syst\u00e8me solaire.\" \/>\n<meta property=\"og:url\" content=\"https:\/\/softicated.com\/en\/produit\/tapis-design-sur-mesure-milky-way-softicated\/\" \/>\n<meta property=\"og:site_name\" content=\"Softicated\" \/>\n<meta property=\"article:publisher\" content=\"https:\/\/www.facebook.com\/Softicated\" \/>\n<meta property=\"article:modified_time\" content=\"2026-03-16T05:23:31+00:00\" \/>\n<meta property=\"og:image\" content=\"https:\/\/softicated.com\/wp-content\/uploads\/2023\/10\/Milky-Way.png\" \/>\n\t<meta property=\"og:image:width\" content=\"188\" \/>\n\t<meta property=\"og:image:height\" content=\"260\" \/>\n\t<meta property=\"og:image:type\" content=\"image\/png\" \/>\n<meta name=\"twitter:card\" content=\"summary_large_image\" \/>\n<script type=\"application\/ld+json\" class=\"yoast-schema-graph\">{\"@context\":\"https:\/\/schema.org\",\"@graph\":[{\"@type\":\"WebPage\",\"@id\":\"https:\/\/softicated.com\/en\/produit\/tapis-design-sur-mesure-milky-way-softicated\/\",\"url\":\"https:\/\/softicated.com\/en\/produit\/tapis-design-sur-mesure-milky-way-softicated\/\",\"name\":\"Tapis Milky Way - Softicated\",\"isPartOf\":{\"@id\":\"https:\/\/softicated.com\/#website\"},\"primaryImageOfPage\":{\"@id\":\"https:\/\/softicated.com\/en\/produit\/tapis-design-sur-mesure-milky-way-softicated\/#primaryimage\"},\"image\":{\"@id\":\"https:\/\/softicated.com\/en\/produit\/tapis-design-sur-mesure-milky-way-softicated\/#primaryimage\"},\"thumbnailUrl\":\"https:\/\/softicated.com\/wp-content\/uploads\/2023\/10\/Milky-Way.png\",\"datePublished\":\"2023-10-03T15:18:49+00:00\",\"dateModified\":\"2026-03-16T05:23:31+00:00\",\"description\":\"Le tapis \u201c Milky Way \u201d allie po\u00e9sie cosmique et \u00e9l\u00e9gance naturelle dans une composition aussi esth\u00e9tique que symbolique, Inspir\u00e9 du syst\u00e8me solaire.\",\"breadcrumb\":{\"@id\":\"https:\/\/softicated.com\/en\/produit\/tapis-design-sur-mesure-milky-way-softicated\/#breadcrumb\"},\"inLanguage\":\"en-GB\",\"potentialAction\":[{\"@type\":\"ReadAction\",\"target\":[\"https:\/\/softicated.com\/en\/produit\/tapis-design-sur-mesure-milky-way-softicated\/\"]}]},{\"@type\":\"ImageObject\",\"inLanguage\":\"en-GB\",\"@id\":\"https:\/\/softicated.com\/en\/produit\/tapis-design-sur-mesure-milky-way-softicated\/#primaryimage\",\"url\":\"https:\/\/softicated.com\/wp-content\/uploads\/2023\/10\/Milky-Way.png\",\"contentUrl\":\"https:\/\/softicated.com\/wp-content\/uploads\/2023\/10\/Milky-Way.png\",\"width\":188,\"height\":260,\"caption\":\"Milky Way\"},{\"@type\":\"BreadcrumbList\",\"@id\":\"https:\/\/softicated.com\/en\/produit\/tapis-design-sur-mesure-milky-way-softicated\/#breadcrumb\",\"itemListElement\":[{\"@type\":\"ListItem\",\"position\":1,\"name\":\"Accueil\",\"item\":\"https:\/\/softicated.com\/\"},{\"@type\":\"ListItem\",\"position\":2,\"name\":\"Produits Mobilier Premium Softicated\",\"item\":\"https:\/\/softicated.com\/produits\/\"},{\"@type\":\"ListItem\",\"position\":3,\"name\":\"Tapis \u00e0 motifs\",\"item\":\"https:\/\/softicated.com\/categorie-produit\/tapis-a-motifs\/\"},{\"@type\":\"ListItem\",\"position\":4,\"name\":\"Tapis design sur mesure\"}]},{\"@type\":\"WebSite\",\"@id\":\"https:\/\/softicated.com\/#website\",\"url\":\"https:\/\/softicated.com\/\",\"name\":\"Softicated\",\"description\":\"Cr\u00e9ateur de meubles, luminaires et tapis premium\",\"publisher\":{\"@id\":\"https:\/\/softicated.com\/#organization\"},\"potentialAction\":[{\"@type\":\"SearchAction\",\"target\":{\"@type\":\"EntryPoint\",\"urlTemplate\":\"https:\/\/softicated.com\/?s={search_term_string}\"},\"query-input\":{\"@type\":\"PropertyValueSpecification\",\"valueRequired\":true,\"valueName\":\"search_term_string\"}}],\"inLanguage\":\"en-GB\"},{\"@type\":\"Organization\",\"@id\":\"https:\/\/softicated.com\/#organization\",\"name\":\"Softicated\",\"url\":\"https:\/\/softicated.com\/\",\"logo\":{\"@type\":\"ImageObject\",\"inLanguage\":\"en-GB\",\"@id\":\"https:\/\/softicated.com\/#\/schema\/logo\/image\/\",\"url\":\"https:\/\/softicated.com\/wp-content\/uploads\/2025\/11\/logo-dark-2.svg\",\"contentUrl\":\"https:\/\/softicated.com\/wp-content\/uploads\/2025\/11\/logo-dark-2.svg\",\"caption\":\"Softicated\"},\"image\":{\"@id\":\"https:\/\/softicated.com\/#\/schema\/logo\/image\/\"},\"sameAs\":[\"https:\/\/www.facebook.com\/Softicated\",\"https:\/\/www.pinterest.com\/softicateddesign\",\"https:\/\/www.instagram.com\/softicated.design\"]}]}<\/script>\n<!-- \/ Yoast SEO Premium plugin. -->","yoast_head_json":{"title":"Rug Milky Way - Softicated","description":"Le tapis \u201c Milky Way \u201d allie po\u00e9sie cosmique et \u00e9l\u00e9gance naturelle dans une composition aussi esth\u00e9tique que symbolique, Inspir\u00e9 du syst\u00e8me solaire.","robots":{"index":"index","follow":"follow","max-snippet":"max-snippet:-1","max-image-preview":"max-image-preview:large","max-video-preview":"max-video-preview:-1"},"canonical":"https:\/\/softicated.com\/en\/produit\/tapis-design-sur-mesure-milky-way-softicated\/","og_locale":"en_GB","og_type":"article","og_title":"Tapis Milky Way","og_description":"Le tapis \u201c Milky Way \u201d allie po\u00e9sie cosmique et \u00e9l\u00e9gance naturelle dans une composition aussi esth\u00e9tique que symbolique, Inspir\u00e9 du syst\u00e8me solaire.","og_url":"https:\/\/softicated.com\/en\/produit\/tapis-design-sur-mesure-milky-way-softicated\/","og_site_name":"Softicated","article_publisher":"https:\/\/www.facebook.com\/Softicated","article_modified_time":"2026-03-16T05:23:31+00:00","og_image":[{"width":188,"height":260,"url":"https:\/\/softicated.com\/wp-content\/uploads\/2023\/10\/Milky-Way.png","type":"image\/png"}],"twitter_card":"summary_large_image","schema":{"@context":"https:\/\/schema.org","@graph":[{"@type":"WebPage","@id":"https:\/\/softicated.com\/en\/produit\/tapis-design-sur-mesure-milky-way-softicated\/","url":"https:\/\/softicated.com\/en\/produit\/tapis-design-sur-mesure-milky-way-softicated\/","name":"Rug Milky Way - Softicated","isPartOf":{"@id":"https:\/\/softicated.com\/#website"},"primaryImageOfPage":{"@id":"https:\/\/softicated.com\/en\/produit\/tapis-design-sur-mesure-milky-way-softicated\/#primaryimage"},"image":{"@id":"https:\/\/softicated.com\/en\/produit\/tapis-design-sur-mesure-milky-way-softicated\/#primaryimage"},"thumbnailUrl":"https:\/\/softicated.com\/wp-content\/uploads\/2023\/10\/Milky-Way.png","datePublished":"2023-10-03T15:18:49+00:00","dateModified":"2026-03-16T05:23:31+00:00","description":"Le tapis \u201c Milky Way \u201d allie po\u00e9sie cosmique et \u00e9l\u00e9gance naturelle dans une composition aussi esth\u00e9tique que symbolique, Inspir\u00e9 du syst\u00e8me solaire.","breadcrumb":{"@id":"https:\/\/softicated.com\/en\/produit\/tapis-design-sur-mesure-milky-way-softicated\/#breadcrumb"},"inLanguage":"en-GB","potentialAction":[{"@type":"ReadAction","target":["https:\/\/softicated.com\/en\/produit\/tapis-design-sur-mesure-milky-way-softicated\/"]}]},{"@type":"ImageObject","inLanguage":"en-GB","@id":"https:\/\/softicated.com\/en\/produit\/tapis-design-sur-mesure-milky-way-softicated\/#primaryimage","url":"https:\/\/softicated.com\/wp-content\/uploads\/2023\/10\/Milky-Way.png","contentUrl":"https:\/\/softicated.com\/wp-content\/uploads\/2023\/10\/Milky-Way.png","width":188,"height":260,"caption":"Milky Way"},{"@type":"BreadcrumbList","@id":"https:\/\/softicated.com\/en\/produit\/tapis-design-sur-mesure-milky-way-softicated\/#breadcrumb","itemListElement":[{"@type":"ListItem","position":1,"name":"Accueil","item":"https:\/\/softicated.com\/"},{"@type":"ListItem","position":2,"name":"Produits Mobilier Premium Softicated","item":"https:\/\/softicated.com\/produits\/"},{"@type":"ListItem","position":3,"name":"Tapis \u00e0 motifs","item":"https:\/\/softicated.com\/categorie-produit\/tapis-a-motifs\/"},{"@type":"ListItem","position":4,"name":"Tapis design sur mesure"}]},{"@type":"WebSite","@id":"https:\/\/softicated.com\/#website","url":"https:\/\/softicated.com\/","name":"Softicated","description":"Designer of premium furniture, lighting and rugs","publisher":{"@id":"https:\/\/softicated.com\/#organization"},"potentialAction":[{"@type":"SearchAction","target":{"@type":"EntryPoint","urlTemplate":"https:\/\/softicated.com\/?s={search_term_string}"},"query-input":{"@type":"PropertyValueSpecification","valueRequired":true,"valueName":"search_term_string"}}],"inLanguage":"en-GB"},{"@type":"Organization","@id":"https:\/\/softicated.com\/#organization","name":"Softicated","url":"https:\/\/softicated.com\/","logo":{"@type":"ImageObject","inLanguage":"en-GB","@id":"https:\/\/softicated.com\/#\/schema\/logo\/image\/","url":"https:\/\/softicated.com\/wp-content\/uploads\/2025\/11\/logo-dark-2.svg","contentUrl":"https:\/\/softicated.com\/wp-content\/uploads\/2025\/11\/logo-dark-2.svg","caption":"Softicated"},"image":{"@id":"https:\/\/softicated.com\/#\/schema\/logo\/image\/"},"sameAs":["https:\/\/www.facebook.com\/Softicated","https:\/\/www.pinterest.com\/softicateddesign","https:\/\/www.instagram.com\/softicated.design"]}]}},"_links":{"self":[{"href":"https:\/\/softicated.com\/en\/wp-json\/wp\/v2\/product\/11384","targetHints":{"allow":["GET"]}}],"collection":[{"href":"https:\/\/softicated.com\/en\/wp-json\/wp\/v2\/product"}],"about":[{"href":"https:\/\/softicated.com\/en\/wp-json\/wp\/v2\/types\/product"}],"replies":[{"embeddable":true,"href":"https:\/\/softicated.com\/en\/wp-json\/wp\/v2\/comments?post=11384"}],"wp:featuredmedia":[{"embeddable":true,"href":"https:\/\/softicated.com\/en\/wp-json\/wp\/v2\/media\/15203"}],"wp:attachment":[{"href":"https:\/\/softicated.com\/en\/wp-json\/wp\/v2\/media?parent=11384"}],"wp:term":[{"taxonomy":"product_brand","embeddable":true,"href":"https:\/\/softicated.com\/en\/wp-json\/wp\/v2\/product_brand?post=11384"},{"taxonomy":"product_cat","embeddable":true,"href":"https:\/\/softicated.com\/en\/wp-json\/wp\/v2\/product_cat?post=11384"},{"taxonomy":"product_tag","embeddable":true,"href":"https:\/\/softicated.com\/en\/wp-json\/wp\/v2\/product_tag?post=11384"},{"taxonomy":"collections","embeddable":true,"href":"https:\/\/softicated.com\/en\/wp-json\/wp\/v2\/collections?post=11384"},{"taxonomy":"awards","embeddable":true,"href":"https:\/\/softicated.com\/en\/wp-json\/wp\/v2\/awards?post=11384"},{"taxonomy":"by_color","embeddable":true,"href":"https:\/\/softicated.com\/en\/wp-json\/wp\/v2\/by_color?post=11384"}],"curies":[{"name":"wp","href":"https:\/\/api.w.org\/{rel}","templated":true}]}}