{"id":11125,"date":"2023-08-29T18:49:37","date_gmt":"2023-08-29T16:49:37","guid":{"rendered":"https:\/\/softicated.com\/?post_type=product&#038;p=11125"},"modified":"2026-03-24T05:34:06","modified_gmt":"2026-03-24T04:34:06","slug":"tabouret-design-signet-ring-beige-softicated","status":"publish","type":"product","link":"https:\/\/softicated.com\/en\/produit\/tabouret-design-signet-ring-beige-softicated\/","title":{"rendered":"Beige designer stool"},"content":{"rendered":"<p>Beige immediately evokes nature and simplicity. Inspired by organic materials such as sand, linen, or light wood, it brings a calm and welcoming atmosphere to any interior.<\/p>\n<p>Both neutral and sophisticated, beige embodies perfect versatility. Its ability to blend harmoniously with other colors and materials makes it an essential shade for creating spaces that are both bright and inviting. Choosing beige for your interior design means opting for a universal tone that invites relaxation and elegance. This timeless color will subtly and harmoniously illuminate your spaces.<\/p>\n<p>The design of the Signet Ring stool combines functionality with decorative appeal, making it a practical seat and a decorative piece that adds warmth and elegant simplicity. Its understated and refined color lends a sophisticated touch to your space without ever feeling ostentatious.<\/p>\n<p>The beige stool will enhance your d\u00e9cor, highlighting every detail. It acts as a harmonious companion to your other decorative elements. Its soft, neutral tone allows it to blend effortlessly with all colors and materials, creating a calming atmosphere.<\/p>\n<p>In this beige variation, our iconic stool reinvents itself in a version that transcends trends. It becomes an essential decorative element for those seeking a touch of understated elegance and discreet modernity in their interiors.<\/p>\n<p>The Softicated beige stool embodies timeless harmony that integrates elegantly into any environment. Whether you have a contemporary space or a more traditional interior, the beige stool will fit in perfectly.<\/p>\n<p>Let yourself be charmed by the natural appeal of beige \u2014 a shade that brightens your spaces with softness and refinement. Choosing the beige stool means choosing effortless elegance. In this version, our iconic stool confirms its status as a timeless and essential piece, designed to enhance your everyday life with elegance.<\/p>","protected":false},"excerpt":{"rendered":"<p>Le beige \u00e9voque imm\u00e9diatement la nature et la simplicit\u00e9. Inspir\u00e9 par les mati\u00e8res organiques comme le sable, le lin ou le bois clair, il conf\u00e8re une atmosph\u00e8re calme et accueillante \u00e0 n\u2019importe quel int\u00e9rieur. Le beige, \u00e0 la fois neutre et sophistiqu\u00e9, incarne la polyvalence parfaite. Sa capacit\u00e9 \u00e0 s\u2019associer harmonieusement avec d\u2019autres teintes et [&hellip;]<\/p>","protected":false},"featured_media":13470,"comment_status":"closed","ping_status":"closed","template":"","meta":{"_acf_changed":false},"product_brand":[],"product_cat":[93],"product_tag":[],"collections":[181],"awards":[146,147,136,166,167],"by_color":[],"class_list":{"0":"post-11125","1":"product","2":"type-product","3":"status-publish","4":"has-post-thumbnail","6":"product_cat-tabouret-design-softicated","7":"product_shipping_class-mobilier-signet-ring","8":"collections-tabouret-design-softicated","9":"awards-big-see-awards-2023-softicated-signet-ring","10":"awards-iconic-award-2023-softicated-signet-ring","11":"awards-ida-design-award-honorable-mention-2022","12":"awards-luxury-lifestyle-awards-2024","13":"awards-archiproducts-2024-longlisted-product","15":"first","16":"instock","17":"shipping-taxable","18":"purchasable","19":"product-type-simple"},"acf":[],"yoast_head":"<!-- This site is optimized with the Yoast SEO Premium plugin v25.7.1 (Yoast SEO v26.9) - https:\/\/yoast.com\/product\/yoast-seo-premium-wordpress\/ -->\n<title>Tabouret design Beige - Softicated<\/title>\n<meta name=\"description\" content=\"Le tabouret iconique Signet Ring beige de Softicated incarne une harmonie intemporelle qui se marie avec \u00e9l\u00e9gance dans n&#039;importe quel environnement.\" \/>\n<meta name=\"robots\" content=\"index, follow, max-snippet:-1, max-image-preview:large, max-video-preview:-1\" \/>\n<link rel=\"canonical\" href=\"https:\/\/softicated.com\/en\/produit\/tabouret-design-signet-ring-beige-softicated\/\" \/>\n<meta property=\"og:locale\" content=\"en_GB\" \/>\n<meta property=\"og:type\" content=\"article\" \/>\n<meta property=\"og:title\" content=\"Tabouret design Beige\" \/>\n<meta property=\"og:description\" content=\"Le tabouret iconique Signet Ring beige de Softicated incarne une harmonie intemporelle qui se marie avec \u00e9l\u00e9gance dans n&#039;importe quel environnement.\" \/>\n<meta property=\"og:url\" content=\"https:\/\/softicated.com\/en\/produit\/tabouret-design-signet-ring-beige-softicated\/\" \/>\n<meta property=\"og:site_name\" content=\"Softicated\" \/>\n<meta property=\"article:publisher\" content=\"https:\/\/www.facebook.com\/Softicated\" \/>\n<meta property=\"article:modified_time\" content=\"2026-03-24T04:34:06+00:00\" \/>\n<meta property=\"og:image\" content=\"https:\/\/softicated.com\/wp-content\/uploads\/2023\/08\/STROLL_beige-1.png\" \/>\n\t<meta property=\"og:image:width\" content=\"350\" \/>\n\t<meta property=\"og:image:height\" content=\"350\" \/>\n\t<meta property=\"og:image:type\" content=\"image\/png\" \/>\n<meta name=\"twitter:card\" content=\"summary_large_image\" \/>\n<script type=\"application\/ld+json\" class=\"yoast-schema-graph\">{\"@context\":\"https:\/\/schema.org\",\"@graph\":[{\"@type\":\"WebPage\",\"@id\":\"https:\/\/softicated.com\/produit\/tabouret-design-signet-ring-beige-softicated\/\",\"url\":\"https:\/\/softicated.com\/produit\/tabouret-design-signet-ring-beige-softicated\/\",\"name\":\"Tabouret design Beige - Softicated\",\"isPartOf\":{\"@id\":\"https:\/\/softicated.com\/#website\"},\"primaryImageOfPage\":{\"@id\":\"https:\/\/softicated.com\/produit\/tabouret-design-signet-ring-beige-softicated\/#primaryimage\"},\"image\":{\"@id\":\"https:\/\/softicated.com\/produit\/tabouret-design-signet-ring-beige-softicated\/#primaryimage\"},\"thumbnailUrl\":\"https:\/\/softicated.com\/wp-content\/uploads\/2023\/08\/STROLL_beige-1.png\",\"datePublished\":\"2023-08-29T16:49:37+00:00\",\"dateModified\":\"2026-03-24T04:34:06+00:00\",\"description\":\"Le tabouret iconique Signet Ring beige de Softicated incarne une harmonie intemporelle qui se marie avec \u00e9l\u00e9gance dans n'importe quel environnement.\",\"breadcrumb\":{\"@id\":\"https:\/\/softicated.com\/produit\/tabouret-design-signet-ring-beige-softicated\/#breadcrumb\"},\"inLanguage\":\"en-GB\",\"potentialAction\":[{\"@type\":\"ReadAction\",\"target\":[\"https:\/\/softicated.com\/produit\/tabouret-design-signet-ring-beige-softicated\/\"]}]},{\"@type\":\"ImageObject\",\"inLanguage\":\"en-GB\",\"@id\":\"https:\/\/softicated.com\/produit\/tabouret-design-signet-ring-beige-softicated\/#primaryimage\",\"url\":\"https:\/\/softicated.com\/wp-content\/uploads\/2023\/08\/STROLL_beige-1.png\",\"contentUrl\":\"https:\/\/softicated.com\/wp-content\/uploads\/2023\/08\/STROLL_beige-1.png\",\"width\":350,\"height\":350,\"caption\":\"Beige\"},{\"@type\":\"BreadcrumbList\",\"@id\":\"https:\/\/softicated.com\/produit\/tabouret-design-signet-ring-beige-softicated\/#breadcrumb\",\"itemListElement\":[{\"@type\":\"ListItem\",\"position\":1,\"name\":\"Accueil\",\"item\":\"https:\/\/softicated.com\/\"},{\"@type\":\"ListItem\",\"position\":2,\"name\":\"Produits Mobilier Premium Softicated\",\"item\":\"https:\/\/softicated.com\/produits\/\"},{\"@type\":\"ListItem\",\"position\":3,\"name\":\"Assise design\",\"item\":\"https:\/\/softicated.com\/categorie-produit\/assises\/\"},{\"@type\":\"ListItem\",\"position\":4,\"name\":\"Tabouret design\",\"item\":\"https:\/\/softicated.com\/categorie-produit\/assises\/tabouret-design-softicated\/\"},{\"@type\":\"ListItem\",\"position\":5,\"name\":\"Tabouret design\"}]},{\"@type\":\"WebSite\",\"@id\":\"https:\/\/softicated.com\/#website\",\"url\":\"https:\/\/softicated.com\/\",\"name\":\"Softicated\",\"description\":\"Cr\u00e9ateur de meubles, luminaires et tapis premium\",\"publisher\":{\"@id\":\"https:\/\/softicated.com\/#organization\"},\"potentialAction\":[{\"@type\":\"SearchAction\",\"target\":{\"@type\":\"EntryPoint\",\"urlTemplate\":\"https:\/\/softicated.com\/?s={search_term_string}\"},\"query-input\":{\"@type\":\"PropertyValueSpecification\",\"valueRequired\":true,\"valueName\":\"search_term_string\"}}],\"inLanguage\":\"en-GB\"},{\"@type\":\"Organization\",\"@id\":\"https:\/\/softicated.com\/#organization\",\"name\":\"Softicated\",\"url\":\"https:\/\/softicated.com\/\",\"logo\":{\"@type\":\"ImageObject\",\"inLanguage\":\"en-GB\",\"@id\":\"https:\/\/softicated.com\/#\/schema\/logo\/image\/\",\"url\":\"https:\/\/softicated.com\/wp-content\/uploads\/2025\/11\/logo-dark-2.svg\",\"contentUrl\":\"https:\/\/softicated.com\/wp-content\/uploads\/2025\/11\/logo-dark-2.svg\",\"caption\":\"Softicated\"},\"image\":{\"@id\":\"https:\/\/softicated.com\/#\/schema\/logo\/image\/\"},\"sameAs\":[\"https:\/\/www.facebook.com\/Softicated\",\"https:\/\/www.pinterest.com\/softicateddesign\",\"https:\/\/www.instagram.com\/softicated.design\"]}]}<\/script>\n<!-- \/ Yoast SEO Premium plugin. -->","yoast_head_json":{"title":"Beige designer stool - Softicated","description":"Le tabouret iconique Signet Ring beige de Softicated incarne une harmonie intemporelle qui se marie avec \u00e9l\u00e9gance dans n'importe quel environnement.","robots":{"index":"index","follow":"follow","max-snippet":"max-snippet:-1","max-image-preview":"max-image-preview:large","max-video-preview":"max-video-preview:-1"},"canonical":"https:\/\/softicated.com\/en\/produit\/tabouret-design-signet-ring-beige-softicated\/","og_locale":"en_GB","og_type":"article","og_title":"Tabouret design Beige","og_description":"Le tabouret iconique Signet Ring beige de Softicated incarne une harmonie intemporelle qui se marie avec \u00e9l\u00e9gance dans n'importe quel environnement.","og_url":"https:\/\/softicated.com\/en\/produit\/tabouret-design-signet-ring-beige-softicated\/","og_site_name":"Softicated","article_publisher":"https:\/\/www.facebook.com\/Softicated","article_modified_time":"2026-03-24T04:34:06+00:00","og_image":[{"width":350,"height":350,"url":"https:\/\/softicated.com\/wp-content\/uploads\/2023\/08\/STROLL_beige-1.png","type":"image\/png"}],"twitter_card":"summary_large_image","schema":{"@context":"https:\/\/schema.org","@graph":[{"@type":"WebPage","@id":"https:\/\/softicated.com\/produit\/tabouret-design-signet-ring-beige-softicated\/","url":"https:\/\/softicated.com\/produit\/tabouret-design-signet-ring-beige-softicated\/","name":"Beige designer stool - Softicated","isPartOf":{"@id":"https:\/\/softicated.com\/#website"},"primaryImageOfPage":{"@id":"https:\/\/softicated.com\/produit\/tabouret-design-signet-ring-beige-softicated\/#primaryimage"},"image":{"@id":"https:\/\/softicated.com\/produit\/tabouret-design-signet-ring-beige-softicated\/#primaryimage"},"thumbnailUrl":"https:\/\/softicated.com\/wp-content\/uploads\/2023\/08\/STROLL_beige-1.png","datePublished":"2023-08-29T16:49:37+00:00","dateModified":"2026-03-24T04:34:06+00:00","description":"Le tabouret iconique Signet Ring beige de Softicated incarne une harmonie intemporelle qui se marie avec \u00e9l\u00e9gance dans n'importe quel environnement.","breadcrumb":{"@id":"https:\/\/softicated.com\/produit\/tabouret-design-signet-ring-beige-softicated\/#breadcrumb"},"inLanguage":"en-GB","potentialAction":[{"@type":"ReadAction","target":["https:\/\/softicated.com\/produit\/tabouret-design-signet-ring-beige-softicated\/"]}]},{"@type":"ImageObject","inLanguage":"en-GB","@id":"https:\/\/softicated.com\/produit\/tabouret-design-signet-ring-beige-softicated\/#primaryimage","url":"https:\/\/softicated.com\/wp-content\/uploads\/2023\/08\/STROLL_beige-1.png","contentUrl":"https:\/\/softicated.com\/wp-content\/uploads\/2023\/08\/STROLL_beige-1.png","width":350,"height":350,"caption":"Beige"},{"@type":"BreadcrumbList","@id":"https:\/\/softicated.com\/produit\/tabouret-design-signet-ring-beige-softicated\/#breadcrumb","itemListElement":[{"@type":"ListItem","position":1,"name":"Accueil","item":"https:\/\/softicated.com\/"},{"@type":"ListItem","position":2,"name":"Produits Mobilier Premium Softicated","item":"https:\/\/softicated.com\/produits\/"},{"@type":"ListItem","position":3,"name":"Assise design","item":"https:\/\/softicated.com\/categorie-produit\/assises\/"},{"@type":"ListItem","position":4,"name":"Tabouret design","item":"https:\/\/softicated.com\/categorie-produit\/assises\/tabouret-design-softicated\/"},{"@type":"ListItem","position":5,"name":"Tabouret design"}]},{"@type":"WebSite","@id":"https:\/\/softicated.com\/#website","url":"https:\/\/softicated.com\/","name":"Softicated","description":"Designer of premium furniture, lighting and rugs","publisher":{"@id":"https:\/\/softicated.com\/#organization"},"potentialAction":[{"@type":"SearchAction","target":{"@type":"EntryPoint","urlTemplate":"https:\/\/softicated.com\/?s={search_term_string}"},"query-input":{"@type":"PropertyValueSpecification","valueRequired":true,"valueName":"search_term_string"}}],"inLanguage":"en-GB"},{"@type":"Organization","@id":"https:\/\/softicated.com\/#organization","name":"Softicated","url":"https:\/\/softicated.com\/","logo":{"@type":"ImageObject","inLanguage":"en-GB","@id":"https:\/\/softicated.com\/#\/schema\/logo\/image\/","url":"https:\/\/softicated.com\/wp-content\/uploads\/2025\/11\/logo-dark-2.svg","contentUrl":"https:\/\/softicated.com\/wp-content\/uploads\/2025\/11\/logo-dark-2.svg","caption":"Softicated"},"image":{"@id":"https:\/\/softicated.com\/#\/schema\/logo\/image\/"},"sameAs":["https:\/\/www.facebook.com\/Softicated","https:\/\/www.pinterest.com\/softicateddesign","https:\/\/www.instagram.com\/softicated.design"]}]}},"_links":{"self":[{"href":"https:\/\/softicated.com\/en\/wp-json\/wp\/v2\/product\/11125","targetHints":{"allow":["GET"]}}],"collection":[{"href":"https:\/\/softicated.com\/en\/wp-json\/wp\/v2\/product"}],"about":[{"href":"https:\/\/softicated.com\/en\/wp-json\/wp\/v2\/types\/product"}],"replies":[{"embeddable":true,"href":"https:\/\/softicated.com\/en\/wp-json\/wp\/v2\/comments?post=11125"}],"wp:featuredmedia":[{"embeddable":true,"href":"https:\/\/softicated.com\/en\/wp-json\/wp\/v2\/media\/13470"}],"wp:attachment":[{"href":"https:\/\/softicated.com\/en\/wp-json\/wp\/v2\/media?parent=11125"}],"wp:term":[{"taxonomy":"product_brand","embeddable":true,"href":"https:\/\/softicated.com\/en\/wp-json\/wp\/v2\/product_brand?post=11125"},{"taxonomy":"product_cat","embeddable":true,"href":"https:\/\/softicated.com\/en\/wp-json\/wp\/v2\/product_cat?post=11125"},{"taxonomy":"product_tag","embeddable":true,"href":"https:\/\/softicated.com\/en\/wp-json\/wp\/v2\/product_tag?post=11125"},{"taxonomy":"collections","embeddable":true,"href":"https:\/\/softicated.com\/en\/wp-json\/wp\/v2\/collections?post=11125"},{"taxonomy":"awards","embeddable":true,"href":"https:\/\/softicated.com\/en\/wp-json\/wp\/v2\/awards?post=11125"},{"taxonomy":"by_color","embeddable":true,"href":"https:\/\/softicated.com\/en\/wp-json\/wp\/v2\/by_color?post=11125"}],"curies":[{"name":"wp","href":"https:\/\/api.w.org\/{rel}","templated":true}]}}