{"id":11101,"date":"2023-08-29T17:42:41","date_gmt":"2023-08-29T15:42:41","guid":{"rendered":"https:\/\/softicated.com\/?post_type=product&#038;p=11101"},"modified":"2026-03-24T05:38:15","modified_gmt":"2026-03-24T04:38:15","slug":"tabouret-vert-canard","status":"publish","type":"product","link":"https:\/\/softicated.com\/en\/produit\/tabouret-vert-canard\/","title":{"rendered":"Duck Green designer stool"},"content":{"rendered":"<p>Inspired by the iridescent sheen of duck feathers, this refined shade is both soothing and full of character. Versatile and timeless, teal green transforms any space into one imbued with elegance and modernity.<\/p>\n<p>Teal green, an intense and sophisticated hue blending the depth of green with the freshness of blue, has established itself as a standout color in the world of interior design. It stands out for its ability to combine visual intensity with softness, evoking nature in all its splendor.<\/p>\n<p>The Signet Ring stool in duck green is adorned with a truly refined color, a captivating shade that awakens the senses and creates a strong visual impact in any room. Its striking appearance will quickly draw attention.<\/p>\n<p>A magnificent color, its elegant and chic tone offers a subtle contrast with other decorative elements, creating an appealing and well-balanced visual aesthetic.<\/p>\n<p>The teal green design stool is more than just a color; it\u2019s an invitation to explore sophisticated, modern, or classic interiors imbued with serenity.<\/p>\n<p>Choosing the Softicated teal green stool means opting for a shade that is both bold and calming, bringing a touch of character and harmony to your decor. Whether used as a primary color or in smaller accents, this shade offers a unique visual richness that will enhance your spaces with elegance and personality.<\/p>","protected":false},"excerpt":{"rendered":"<p>Inspir\u00e9e des reflets iris\u00e9s des plumes de canard, cette nuance raffin\u00e9e est \u00e0 la fois apaisante et pleine de caract\u00e8re. Polyvalent et intemporel, le vert canard transforme n\u2019importe quel espace en un lieu empreint d\u2019\u00e9l\u00e9gance et de modernit\u00e9. Le vert canard, une teinte intense et sophistiqu\u00e9e m\u00ealant les profondeurs du vert et la fra\u00eecheur du [&hellip;]<\/p>","protected":false},"featured_media":13471,"comment_status":"closed","ping_status":"closed","template":"","meta":{"_acf_changed":false},"product_brand":[],"product_cat":[93],"product_tag":[],"collections":[181],"awards":[146,147,136,166,167],"by_color":[],"class_list":{"0":"post-11101","1":"product","2":"type-product","3":"status-publish","4":"has-post-thumbnail","6":"product_cat-tabouret-design-softicated","7":"product_shipping_class-mobilier-signet-ring","8":"collections-tabouret-design-softicated","9":"awards-big-see-awards-2023-softicated-signet-ring","10":"awards-iconic-award-2023-softicated-signet-ring","11":"awards-ida-design-award-honorable-mention-2022","12":"awards-luxury-lifestyle-awards-2024","13":"awards-archiproducts-2024-longlisted-product","15":"first","16":"instock","17":"shipping-taxable","18":"purchasable","19":"product-type-simple"},"acf":[],"yoast_head":"<!-- This site is optimized with the Yoast SEO Premium plugin v25.7.1 (Yoast SEO v26.9) - https:\/\/yoast.com\/product\/yoast-seo-premium-wordpress\/ -->\n<title>Tabouret design Vert Canard - Softicated<\/title>\n<meta name=\"description\" content=\"Le tabouret Signet Ring vert canard : magnifique couleur, sa teinte \u00e9l\u00e9gante et chic offre un contraste subtil avec d&#039;autres \u00e9l\u00e9ments de d\u00e9coration.\" \/>\n<meta name=\"robots\" content=\"index, follow, max-snippet:-1, max-image-preview:large, max-video-preview:-1\" \/>\n<link rel=\"canonical\" href=\"https:\/\/softicated.com\/en\/produit\/tabouret-vert-canard\/\" \/>\n<meta property=\"og:locale\" content=\"en_GB\" \/>\n<meta property=\"og:type\" content=\"article\" \/>\n<meta property=\"og:title\" content=\"Tabouret design Vert Canard\" \/>\n<meta property=\"og:description\" content=\"Le tabouret Signet Ring vert canard : magnifique couleur, sa teinte \u00e9l\u00e9gante et chic offre un contraste subtil avec d&#039;autres \u00e9l\u00e9ments de d\u00e9coration.\" \/>\n<meta property=\"og:url\" content=\"https:\/\/softicated.com\/en\/produit\/tabouret-vert-canard\/\" \/>\n<meta property=\"og:site_name\" content=\"Softicated\" \/>\n<meta property=\"article:publisher\" content=\"https:\/\/www.facebook.com\/Softicated\" \/>\n<meta property=\"article:modified_time\" content=\"2026-03-24T04:38:15+00:00\" \/>\n<meta property=\"og:image\" content=\"https:\/\/softicated.com\/wp-content\/uploads\/2023\/08\/vert-canard.png\" \/>\n\t<meta property=\"og:image:width\" content=\"350\" \/>\n\t<meta property=\"og:image:height\" content=\"350\" \/>\n\t<meta property=\"og:image:type\" content=\"image\/png\" \/>\n<meta name=\"twitter:card\" content=\"summary_large_image\" \/>\n<script type=\"application\/ld+json\" class=\"yoast-schema-graph\">{\"@context\":\"https:\/\/schema.org\",\"@graph\":[{\"@type\":\"WebPage\",\"@id\":\"https:\/\/softicated.com\/produit\/tabouret-vert-canard\/\",\"url\":\"https:\/\/softicated.com\/produit\/tabouret-vert-canard\/\",\"name\":\"Tabouret design Vert Canard - Softicated\",\"isPartOf\":{\"@id\":\"https:\/\/softicated.com\/#website\"},\"primaryImageOfPage\":{\"@id\":\"https:\/\/softicated.com\/produit\/tabouret-vert-canard\/#primaryimage\"},\"image\":{\"@id\":\"https:\/\/softicated.com\/produit\/tabouret-vert-canard\/#primaryimage\"},\"thumbnailUrl\":\"https:\/\/softicated.com\/wp-content\/uploads\/2023\/08\/vert-canard.png\",\"datePublished\":\"2023-08-29T15:42:41+00:00\",\"dateModified\":\"2026-03-24T04:38:15+00:00\",\"description\":\"Le tabouret Signet Ring vert canard : magnifique couleur, sa teinte \u00e9l\u00e9gante et chic offre un contraste subtil avec d'autres \u00e9l\u00e9ments de d\u00e9coration.\",\"breadcrumb\":{\"@id\":\"https:\/\/softicated.com\/produit\/tabouret-vert-canard\/#breadcrumb\"},\"inLanguage\":\"en-GB\",\"potentialAction\":[{\"@type\":\"ReadAction\",\"target\":[\"https:\/\/softicated.com\/produit\/tabouret-vert-canard\/\"]}]},{\"@type\":\"ImageObject\",\"inLanguage\":\"en-GB\",\"@id\":\"https:\/\/softicated.com\/produit\/tabouret-vert-canard\/#primaryimage\",\"url\":\"https:\/\/softicated.com\/wp-content\/uploads\/2023\/08\/vert-canard.png\",\"contentUrl\":\"https:\/\/softicated.com\/wp-content\/uploads\/2023\/08\/vert-canard.png\",\"width\":350,\"height\":350,\"caption\":\"vert canard\"},{\"@type\":\"BreadcrumbList\",\"@id\":\"https:\/\/softicated.com\/produit\/tabouret-vert-canard\/#breadcrumb\",\"itemListElement\":[{\"@type\":\"ListItem\",\"position\":1,\"name\":\"Accueil\",\"item\":\"https:\/\/softicated.com\/\"},{\"@type\":\"ListItem\",\"position\":2,\"name\":\"Produits Mobilier Premium Softicated\",\"item\":\"https:\/\/softicated.com\/produits\/\"},{\"@type\":\"ListItem\",\"position\":3,\"name\":\"Assise design\",\"item\":\"https:\/\/softicated.com\/categorie-produit\/assises\/\"},{\"@type\":\"ListItem\",\"position\":4,\"name\":\"Tabouret design\",\"item\":\"https:\/\/softicated.com\/categorie-produit\/assises\/tabouret-design-softicated\/\"},{\"@type\":\"ListItem\",\"position\":5,\"name\":\"Tabouret design vert canard\"}]},{\"@type\":\"WebSite\",\"@id\":\"https:\/\/softicated.com\/#website\",\"url\":\"https:\/\/softicated.com\/\",\"name\":\"Softicated\",\"description\":\"Cr\u00e9ateur de meubles, luminaires et tapis premium\",\"publisher\":{\"@id\":\"https:\/\/softicated.com\/#organization\"},\"potentialAction\":[{\"@type\":\"SearchAction\",\"target\":{\"@type\":\"EntryPoint\",\"urlTemplate\":\"https:\/\/softicated.com\/?s={search_term_string}\"},\"query-input\":{\"@type\":\"PropertyValueSpecification\",\"valueRequired\":true,\"valueName\":\"search_term_string\"}}],\"inLanguage\":\"en-GB\"},{\"@type\":\"Organization\",\"@id\":\"https:\/\/softicated.com\/#organization\",\"name\":\"Softicated\",\"url\":\"https:\/\/softicated.com\/\",\"logo\":{\"@type\":\"ImageObject\",\"inLanguage\":\"en-GB\",\"@id\":\"https:\/\/softicated.com\/#\/schema\/logo\/image\/\",\"url\":\"https:\/\/softicated.com\/wp-content\/uploads\/2025\/11\/logo-dark-2.svg\",\"contentUrl\":\"https:\/\/softicated.com\/wp-content\/uploads\/2025\/11\/logo-dark-2.svg\",\"caption\":\"Softicated\"},\"image\":{\"@id\":\"https:\/\/softicated.com\/#\/schema\/logo\/image\/\"},\"sameAs\":[\"https:\/\/www.facebook.com\/Softicated\",\"https:\/\/www.pinterest.com\/softicateddesign\",\"https:\/\/www.instagram.com\/softicated.design\"]}]}<\/script>\n<!-- \/ Yoast SEO Premium plugin. -->","yoast_head_json":{"title":"Duck Green designer stool - Softicated","description":"Le tabouret Signet Ring vert canard : magnifique couleur, sa teinte \u00e9l\u00e9gante et chic offre un contraste subtil avec d'autres \u00e9l\u00e9ments de d\u00e9coration.","robots":{"index":"index","follow":"follow","max-snippet":"max-snippet:-1","max-image-preview":"max-image-preview:large","max-video-preview":"max-video-preview:-1"},"canonical":"https:\/\/softicated.com\/en\/produit\/tabouret-vert-canard\/","og_locale":"en_GB","og_type":"article","og_title":"Tabouret design Vert Canard","og_description":"Le tabouret Signet Ring vert canard : magnifique couleur, sa teinte \u00e9l\u00e9gante et chic offre un contraste subtil avec d'autres \u00e9l\u00e9ments de d\u00e9coration.","og_url":"https:\/\/softicated.com\/en\/produit\/tabouret-vert-canard\/","og_site_name":"Softicated","article_publisher":"https:\/\/www.facebook.com\/Softicated","article_modified_time":"2026-03-24T04:38:15+00:00","og_image":[{"width":350,"height":350,"url":"https:\/\/softicated.com\/wp-content\/uploads\/2023\/08\/vert-canard.png","type":"image\/png"}],"twitter_card":"summary_large_image","schema":{"@context":"https:\/\/schema.org","@graph":[{"@type":"WebPage","@id":"https:\/\/softicated.com\/produit\/tabouret-vert-canard\/","url":"https:\/\/softicated.com\/produit\/tabouret-vert-canard\/","name":"Duck Green designer stool - Softicated","isPartOf":{"@id":"https:\/\/softicated.com\/#website"},"primaryImageOfPage":{"@id":"https:\/\/softicated.com\/produit\/tabouret-vert-canard\/#primaryimage"},"image":{"@id":"https:\/\/softicated.com\/produit\/tabouret-vert-canard\/#primaryimage"},"thumbnailUrl":"https:\/\/softicated.com\/wp-content\/uploads\/2023\/08\/vert-canard.png","datePublished":"2023-08-29T15:42:41+00:00","dateModified":"2026-03-24T04:38:15+00:00","description":"Le tabouret Signet Ring vert canard : magnifique couleur, sa teinte \u00e9l\u00e9gante et chic offre un contraste subtil avec d'autres \u00e9l\u00e9ments de d\u00e9coration.","breadcrumb":{"@id":"https:\/\/softicated.com\/produit\/tabouret-vert-canard\/#breadcrumb"},"inLanguage":"en-GB","potentialAction":[{"@type":"ReadAction","target":["https:\/\/softicated.com\/produit\/tabouret-vert-canard\/"]}]},{"@type":"ImageObject","inLanguage":"en-GB","@id":"https:\/\/softicated.com\/produit\/tabouret-vert-canard\/#primaryimage","url":"https:\/\/softicated.com\/wp-content\/uploads\/2023\/08\/vert-canard.png","contentUrl":"https:\/\/softicated.com\/wp-content\/uploads\/2023\/08\/vert-canard.png","width":350,"height":350,"caption":"vert canard"},{"@type":"BreadcrumbList","@id":"https:\/\/softicated.com\/produit\/tabouret-vert-canard\/#breadcrumb","itemListElement":[{"@type":"ListItem","position":1,"name":"Accueil","item":"https:\/\/softicated.com\/"},{"@type":"ListItem","position":2,"name":"Produits Mobilier Premium Softicated","item":"https:\/\/softicated.com\/produits\/"},{"@type":"ListItem","position":3,"name":"Assise design","item":"https:\/\/softicated.com\/categorie-produit\/assises\/"},{"@type":"ListItem","position":4,"name":"Tabouret design","item":"https:\/\/softicated.com\/categorie-produit\/assises\/tabouret-design-softicated\/"},{"@type":"ListItem","position":5,"name":"Tabouret design vert canard"}]},{"@type":"WebSite","@id":"https:\/\/softicated.com\/#website","url":"https:\/\/softicated.com\/","name":"Softicated","description":"Designer of premium furniture, lighting and rugs","publisher":{"@id":"https:\/\/softicated.com\/#organization"},"potentialAction":[{"@type":"SearchAction","target":{"@type":"EntryPoint","urlTemplate":"https:\/\/softicated.com\/?s={search_term_string}"},"query-input":{"@type":"PropertyValueSpecification","valueRequired":true,"valueName":"search_term_string"}}],"inLanguage":"en-GB"},{"@type":"Organization","@id":"https:\/\/softicated.com\/#organization","name":"Softicated","url":"https:\/\/softicated.com\/","logo":{"@type":"ImageObject","inLanguage":"en-GB","@id":"https:\/\/softicated.com\/#\/schema\/logo\/image\/","url":"https:\/\/softicated.com\/wp-content\/uploads\/2025\/11\/logo-dark-2.svg","contentUrl":"https:\/\/softicated.com\/wp-content\/uploads\/2025\/11\/logo-dark-2.svg","caption":"Softicated"},"image":{"@id":"https:\/\/softicated.com\/#\/schema\/logo\/image\/"},"sameAs":["https:\/\/www.facebook.com\/Softicated","https:\/\/www.pinterest.com\/softicateddesign","https:\/\/www.instagram.com\/softicated.design"]}]}},"_links":{"self":[{"href":"https:\/\/softicated.com\/en\/wp-json\/wp\/v2\/product\/11101","targetHints":{"allow":["GET"]}}],"collection":[{"href":"https:\/\/softicated.com\/en\/wp-json\/wp\/v2\/product"}],"about":[{"href":"https:\/\/softicated.com\/en\/wp-json\/wp\/v2\/types\/product"}],"replies":[{"embeddable":true,"href":"https:\/\/softicated.com\/en\/wp-json\/wp\/v2\/comments?post=11101"}],"wp:featuredmedia":[{"embeddable":true,"href":"https:\/\/softicated.com\/en\/wp-json\/wp\/v2\/media\/13471"}],"wp:attachment":[{"href":"https:\/\/softicated.com\/en\/wp-json\/wp\/v2\/media?parent=11101"}],"wp:term":[{"taxonomy":"product_brand","embeddable":true,"href":"https:\/\/softicated.com\/en\/wp-json\/wp\/v2\/product_brand?post=11101"},{"taxonomy":"product_cat","embeddable":true,"href":"https:\/\/softicated.com\/en\/wp-json\/wp\/v2\/product_cat?post=11101"},{"taxonomy":"product_tag","embeddable":true,"href":"https:\/\/softicated.com\/en\/wp-json\/wp\/v2\/product_tag?post=11101"},{"taxonomy":"collections","embeddable":true,"href":"https:\/\/softicated.com\/en\/wp-json\/wp\/v2\/collections?post=11101"},{"taxonomy":"awards","embeddable":true,"href":"https:\/\/softicated.com\/en\/wp-json\/wp\/v2\/awards?post=11101"},{"taxonomy":"by_color","embeddable":true,"href":"https:\/\/softicated.com\/en\/wp-json\/wp\/v2\/by_color?post=11101"}],"curies":[{"name":"wp","href":"https:\/\/api.w.org\/{rel}","templated":true}]}}