{"id":23,"date":"2020-11-05T16:23:19","date_gmt":"2020-11-05T15:23:19","guid":{"rendered":"https:\/\/softicated.com\/?page_id=23"},"modified":"2025-08-21T18:38:27","modified_gmt":"2025-08-21T16:38:27","slug":"mentions-legales","status":"publish","type":"page","link":"https:\/\/softicated.com\/en\/mentions-legales\/","title":{"rendered":"legals"},"content":{"rendered":"<h1>Legal Notice<\/h1>\n<p><img decoding=\"async\" src=\"https:\/\/softicated.com\/wp-content\/uploads\/2021\/06\/rond.svg\" alt=\"\" width=\"300\" height=\"300\" \/><\/p>\n<h2>Identification<\/h2>\n<p>&nbsp;<\/p>\n<p>Address<\/p>\n<p>Softicated S\u00e0rl<br \/>\nAv. Cardinal-Mermillod 36<br \/>\n1227 Carouge<br \/>\nGeneva, Switzerland<\/p>\n<p>Contact : Cyril Rumpler<\/p>\n<p>Mail : contact@softicated.com<\/p>\n<p>Phone number : +41 79 915 08 59<\/p>\n<p>Site internet : www.softicated.com<\/p>\n<p>Responsible of the publication\u00a0: Cyril Rumpler<\/p>\n<p>Legal information\u00a0:<\/p>\n<p>Company name\u00a0: Softicated S\u00e0rl<\/p>\n<p>Company identification number\u00a0: CHE-344.064.656-2<\/p>\n<p>VAT number\u00a0: CHE-344.064.656 TVA<\/p>\n<p>Num\u00e9ro de TVA intracommunautaire : FR94952307098<\/p>\n<p>Company registered in the commercial register of Geneva, Switzerland<\/p>\n<p>&nbsp;<\/p>\n<p>Website hosting :<\/p>\n<p>Cyon GmbH Brunng\u00e4sslein 12<br \/>\n4052 B\u00e2le<br \/>\nSwitzerland<\/p>\n<p>&nbsp;<\/p>\n<p>Cr\u00e9dit photos : <a href=\"https:\/\/www.charlotteaeb.ch\/architecture\">Charlotte Aeb<\/a><\/p>\n<p><a href=\"https:\/\/www.google.com\/maps\/search\/rue+st+Roch+30?entry=gmail&amp;source=g\">Rue Saint Roch 30<\/a><\/p>\n<p>1004 Lausanne<br \/>\nSwitzerland<br \/>\n(+41)79 584 43 62<\/p>\n<p>&nbsp;<\/p>\n<p>Design :<\/p>\n<p><a href=\"http:\/\/www.herissonstudio.ch\/\" target=\"_blank\" rel=\"noopener\">H\u00e9risson-Studio<\/a><\/p>\n<p>&nbsp;<\/p>\n<p>&nbsp;<\/p>","protected":false},"excerpt":{"rendered":"<p>MENTIONS LEGALES Identification &nbsp; Adresse : Softicated S\u00e0rl Av. Cardinal-Mermillod 36 1227 Carouge Gen\u00e8ve, Suisse Contact : Cyril Rumpler Mail : contact@softicated.com T\u00e9l\u00e9phone : +41 (0) 79 915 08 59 Site internet : www.softicated.com Responsable de la publication : Cyril Rumpler Informations juridiques : Raison sociale : Softicated S\u00e0rl Num\u00e9ro d\u2019identification de soci\u00e9t\u00e9 : CHE-344.064.656-2 [&hellip;]<\/p>","protected":false},"author":4,"featured_media":0,"parent":0,"menu_order":0,"comment_status":"closed","ping_status":"closed","template":"","meta":{"_acf_changed":false,"footnotes":""},"class_list":["post-23","page","type-page","status-publish","hentry"],"acf":[],"yoast_head":"<!-- This site is optimized with the Yoast SEO Premium plugin v25.7.1 (Yoast SEO v26.9) - https:\/\/yoast.com\/product\/yoast-seo-premium-wordpress\/ -->\n<title>Mentions l\u00e9gales - Softicated<\/title>\n<meta name=\"description\" content=\"Les mentions l\u00e9gales sont les renseignements \u00e0 faire figurer obligatoirement sur le site Web pour \u00eatre mis \u00e0 la connaissance du public.\" \/>\n<meta name=\"robots\" content=\"index, follow, max-snippet:-1, max-image-preview:large, max-video-preview:-1\" \/>\n<link rel=\"canonical\" href=\"https:\/\/softicated.com\/en\/mentions-legales\/\" \/>\n<meta property=\"og:locale\" content=\"en_GB\" \/>\n<meta property=\"og:type\" content=\"article\" \/>\n<meta property=\"og:title\" content=\"Mentions l\u00e9gales\" \/>\n<meta property=\"og:description\" content=\"Les mentions l\u00e9gales sont les renseignements \u00e0 faire figurer obligatoirement sur le site Web pour \u00eatre mis \u00e0 la connaissance du public.\" \/>\n<meta property=\"og:url\" content=\"https:\/\/softicated.com\/en\/mentions-legales\/\" \/>\n<meta property=\"og:site_name\" content=\"Softicated\" \/>\n<meta property=\"article:publisher\" content=\"https:\/\/www.facebook.com\/Softicated\" \/>\n<meta property=\"article:modified_time\" content=\"2025-08-21T16:38:27+00:00\" \/>\n<meta property=\"og:image\" content=\"https:\/\/softicated.com\/wp-content\/uploads\/2021\/06\/rond.svg\" \/>\n<meta name=\"twitter:card\" content=\"summary_large_image\" \/>\n<script type=\"application\/ld+json\" class=\"yoast-schema-graph\">{\"@context\":\"https:\/\/schema.org\",\"@graph\":[{\"@type\":\"WebPage\",\"@id\":\"https:\/\/softicated.com\/mentions-legales\/\",\"url\":\"https:\/\/softicated.com\/mentions-legales\/\",\"name\":\"Mentions l\u00e9gales - Softicated\",\"isPartOf\":{\"@id\":\"https:\/\/softicated.com\/#website\"},\"primaryImageOfPage\":{\"@id\":\"https:\/\/softicated.com\/mentions-legales\/#primaryimage\"},\"image\":{\"@id\":\"https:\/\/softicated.com\/mentions-legales\/#primaryimage\"},\"thumbnailUrl\":\"https:\/\/softicated.com\/wp-content\/uploads\/2021\/06\/rond.svg\",\"datePublished\":\"2020-11-05T15:23:19+00:00\",\"dateModified\":\"2025-08-21T16:38:27+00:00\",\"description\":\"Les mentions l\u00e9gales sont les renseignements \u00e0 faire figurer obligatoirement sur le site Web pour \u00eatre mis \u00e0 la connaissance du public.\",\"breadcrumb\":{\"@id\":\"https:\/\/softicated.com\/mentions-legales\/#breadcrumb\"},\"inLanguage\":\"en-GB\",\"potentialAction\":[{\"@type\":\"ReadAction\",\"target\":[\"https:\/\/softicated.com\/mentions-legales\/\"]}]},{\"@type\":\"ImageObject\",\"inLanguage\":\"en-GB\",\"@id\":\"https:\/\/softicated.com\/mentions-legales\/#primaryimage\",\"url\":\"https:\/\/softicated.com\/wp-content\/uploads\/2021\/06\/rond.svg\",\"contentUrl\":\"https:\/\/softicated.com\/wp-content\/uploads\/2021\/06\/rond.svg\"},{\"@type\":\"BreadcrumbList\",\"@id\":\"https:\/\/softicated.com\/mentions-legales\/#breadcrumb\",\"itemListElement\":[{\"@type\":\"ListItem\",\"position\":1,\"name\":\"Accueil\",\"item\":\"https:\/\/softicated.com\/\"},{\"@type\":\"ListItem\",\"position\":2,\"name\":\"mentions l\u00e9gales\"}]},{\"@type\":\"WebSite\",\"@id\":\"https:\/\/softicated.com\/#website\",\"url\":\"https:\/\/softicated.com\/\",\"name\":\"Softicated\",\"description\":\"Cr\u00e9ateur de meubles, luminaires et tapis premium\",\"publisher\":{\"@id\":\"https:\/\/softicated.com\/#organization\"},\"potentialAction\":[{\"@type\":\"SearchAction\",\"target\":{\"@type\":\"EntryPoint\",\"urlTemplate\":\"https:\/\/softicated.com\/?s={search_term_string}\"},\"query-input\":{\"@type\":\"PropertyValueSpecification\",\"valueRequired\":true,\"valueName\":\"search_term_string\"}}],\"inLanguage\":\"en-GB\"},{\"@type\":\"Organization\",\"@id\":\"https:\/\/softicated.com\/#organization\",\"name\":\"Softicated\",\"url\":\"https:\/\/softicated.com\/\",\"logo\":{\"@type\":\"ImageObject\",\"inLanguage\":\"en-GB\",\"@id\":\"https:\/\/softicated.com\/#\/schema\/logo\/image\/\",\"url\":\"https:\/\/softicated.com\/wp-content\/uploads\/2025\/11\/logo-dark-2.svg\",\"contentUrl\":\"https:\/\/softicated.com\/wp-content\/uploads\/2025\/11\/logo-dark-2.svg\",\"caption\":\"Softicated\"},\"image\":{\"@id\":\"https:\/\/softicated.com\/#\/schema\/logo\/image\/\"},\"sameAs\":[\"https:\/\/www.facebook.com\/Softicated\",\"https:\/\/www.pinterest.com\/softicateddesign\",\"https:\/\/www.instagram.com\/softicated.design\"]}]}<\/script>\n<!-- \/ Yoast SEO Premium plugin. -->","yoast_head_json":{"title":"Mentions l\u00e9gales - Softicated","description":"Les mentions l\u00e9gales sont les renseignements \u00e0 faire figurer obligatoirement sur le site Web pour \u00eatre mis \u00e0 la connaissance du public.","robots":{"index":"index","follow":"follow","max-snippet":"max-snippet:-1","max-image-preview":"max-image-preview:large","max-video-preview":"max-video-preview:-1"},"canonical":"https:\/\/softicated.com\/en\/mentions-legales\/","og_locale":"en_GB","og_type":"article","og_title":"Mentions l\u00e9gales","og_description":"Les mentions l\u00e9gales sont les renseignements \u00e0 faire figurer obligatoirement sur le site Web pour \u00eatre mis \u00e0 la connaissance du public.","og_url":"https:\/\/softicated.com\/en\/mentions-legales\/","og_site_name":"Softicated","article_publisher":"https:\/\/www.facebook.com\/Softicated","article_modified_time":"2025-08-21T16:38:27+00:00","og_image":[{"url":"https:\/\/softicated.com\/wp-content\/uploads\/2021\/06\/rond.svg","type":"","width":"","height":""}],"twitter_card":"summary_large_image","schema":{"@context":"https:\/\/schema.org","@graph":[{"@type":"WebPage","@id":"https:\/\/softicated.com\/mentions-legales\/","url":"https:\/\/softicated.com\/mentions-legales\/","name":"Mentions l\u00e9gales - Softicated","isPartOf":{"@id":"https:\/\/softicated.com\/#website"},"primaryImageOfPage":{"@id":"https:\/\/softicated.com\/mentions-legales\/#primaryimage"},"image":{"@id":"https:\/\/softicated.com\/mentions-legales\/#primaryimage"},"thumbnailUrl":"https:\/\/softicated.com\/wp-content\/uploads\/2021\/06\/rond.svg","datePublished":"2020-11-05T15:23:19+00:00","dateModified":"2025-08-21T16:38:27+00:00","description":"Les mentions l\u00e9gales sont les renseignements \u00e0 faire figurer obligatoirement sur le site Web pour \u00eatre mis \u00e0 la connaissance du public.","breadcrumb":{"@id":"https:\/\/softicated.com\/mentions-legales\/#breadcrumb"},"inLanguage":"en-GB","potentialAction":[{"@type":"ReadAction","target":["https:\/\/softicated.com\/mentions-legales\/"]}]},{"@type":"ImageObject","inLanguage":"en-GB","@id":"https:\/\/softicated.com\/mentions-legales\/#primaryimage","url":"https:\/\/softicated.com\/wp-content\/uploads\/2021\/06\/rond.svg","contentUrl":"https:\/\/softicated.com\/wp-content\/uploads\/2021\/06\/rond.svg"},{"@type":"BreadcrumbList","@id":"https:\/\/softicated.com\/mentions-legales\/#breadcrumb","itemListElement":[{"@type":"ListItem","position":1,"name":"Accueil","item":"https:\/\/softicated.com\/"},{"@type":"ListItem","position":2,"name":"mentions l\u00e9gales"}]},{"@type":"WebSite","@id":"https:\/\/softicated.com\/#website","url":"https:\/\/softicated.com\/","name":"Softicated","description":"Designer of premium furniture, lighting and rugs","publisher":{"@id":"https:\/\/softicated.com\/#organization"},"potentialAction":[{"@type":"SearchAction","target":{"@type":"EntryPoint","urlTemplate":"https:\/\/softicated.com\/?s={search_term_string}"},"query-input":{"@type":"PropertyValueSpecification","valueRequired":true,"valueName":"search_term_string"}}],"inLanguage":"en-GB"},{"@type":"Organization","@id":"https:\/\/softicated.com\/#organization","name":"Softicated","url":"https:\/\/softicated.com\/","logo":{"@type":"ImageObject","inLanguage":"en-GB","@id":"https:\/\/softicated.com\/#\/schema\/logo\/image\/","url":"https:\/\/softicated.com\/wp-content\/uploads\/2025\/11\/logo-dark-2.svg","contentUrl":"https:\/\/softicated.com\/wp-content\/uploads\/2025\/11\/logo-dark-2.svg","caption":"Softicated"},"image":{"@id":"https:\/\/softicated.com\/#\/schema\/logo\/image\/"},"sameAs":["https:\/\/www.facebook.com\/Softicated","https:\/\/www.pinterest.com\/softicateddesign","https:\/\/www.instagram.com\/softicated.design"]}]}},"_links":{"self":[{"href":"https:\/\/softicated.com\/en\/wp-json\/wp\/v2\/pages\/23","targetHints":{"allow":["GET"]}}],"collection":[{"href":"https:\/\/softicated.com\/en\/wp-json\/wp\/v2\/pages"}],"about":[{"href":"https:\/\/softicated.com\/en\/wp-json\/wp\/v2\/types\/page"}],"author":[{"embeddable":true,"href":"https:\/\/softicated.com\/en\/wp-json\/wp\/v2\/users\/4"}],"replies":[{"embeddable":true,"href":"https:\/\/softicated.com\/en\/wp-json\/wp\/v2\/comments?post=23"}],"version-history":[{"count":12,"href":"https:\/\/softicated.com\/en\/wp-json\/wp\/v2\/pages\/23\/revisions"}],"predecessor-version":[{"id":13927,"href":"https:\/\/softicated.com\/en\/wp-json\/wp\/v2\/pages\/23\/revisions\/13927"}],"wp:attachment":[{"href":"https:\/\/softicated.com\/en\/wp-json\/wp\/v2\/media?parent=23"}],"curies":[{"name":"wp","href":"https:\/\/api.w.org\/{rel}","templated":true}]}}