{"id":2159,"date":"2021-02-25T17:09:49","date_gmt":"2021-02-25T16:09:49","guid":{"rendered":"https:\/\/softicated.com\/?page_id=2159"},"modified":"2025-12-21T06:30:52","modified_gmt":"2025-12-21T05:30:52","slug":"e-catalogue","status":"publish","type":"page","link":"https:\/\/softicated.com\/en\/e-catalogue\/","title":{"rendered":"Catalogues \u00e9lectroniques"},"content":{"rendered":"<div class=\"wp-block-md-multipurpose-gutenberg-block is-block-center\">\n<div class=\"wp-block-md-multipurpose-gutenberg-block is-block-center has-background-size space\" style=\"background-image:url(https:\/\/softicated.com\/wp-content\/uploads\/2025\/12\/IMG_0104-1.webp);background-position:top\">\n<div class=\"wp-block-md-multipurpose-gutenberg-block is-block-center wrap\">\n<h1 class=\"wp-block-heading has-text-align-center has-white-color has-text-color has-link-color wp-elements-68402eee054ff5a0769aa644cfc3107a\">Electronic Catalogs<\/h1>\n<\/div>\n<\/div>\n<\/div>\n\n\n\n<div class=\"wp-block-md-multipurpose-gutenberg-block is-block-center space contact-col\">\n<div class=\"wp-block-md-multipurpose-gutenberg-block is-block-center space contact-col-bg\" style=\"background-color:#1d3045\">\n<div class=\"wp-block-columns wrap is-layout-flex wp-container-core-columns-is-layout-9d6595d7 wp-block-columns-is-layout-flex\">\n<div class=\"wp-block-column is-layout-flow wp-block-column-is-layout-flow\">\n<h2 class=\"wp-block-heading has-white-color has-text-color has-link-color wp-elements-8c58d2fce2249bb82fcce24385955f4f\" style=\"font-size:52px\">OUR ONLINE CATALOGS<\/h2>\n\n\n\n<p class=\"has-white-color has-text-color has-link-color wp-elements-0ec7ac9f457176cc9075f7171598df3e\">To view, please select a catalog and please complete the form below.<\/p>\n<\/div>\n\n\n\n<div class=\"wp-block-column has-white-background-color has-background is-layout-flow wp-block-column-is-layout-flow\">\n<div class=\"wp-block-contact-form-7-contact-form-selector\">\n<div class=\"wpcf7 no-js\" id=\"wpcf7-f14876-o1\" lang=\"en-US\" dir=\"ltr\" data-wpcf7-id=\"14876\">\n<div class=\"screen-reader-response\"><p role=\"status\" aria-live=\"polite\" aria-atomic=\"true\"><\/p> <ul><\/ul><\/div>\n<form action=\"\/en\/wp-json\/wp\/v2\/pages\/2159#wpcf7-f14876-o1\" method=\"post\" class=\"wpcf7-form init\" aria-label=\"Contact form\" novalidate=\"novalidate\" data-status=\"init\" data-trp-original-action=\"\/en\/wp-json\/wp\/v2\/pages\/2159#wpcf7-f14876-o1\">\n<fieldset class=\"hidden-fields-container\"><input type=\"hidden\" name=\"_wpcf7\" value=\"14876\" \/><input type=\"hidden\" name=\"_wpcf7_version\" value=\"6.1.4\" \/><input type=\"hidden\" name=\"_wpcf7_locale\" value=\"en_US\" \/><input type=\"hidden\" name=\"_wpcf7_unit_tag\" value=\"wpcf7-f14876-o1\" \/><input type=\"hidden\" name=\"_wpcf7_container_post\" value=\"0\" \/><input type=\"hidden\" name=\"_wpcf7_posted_data_hash\" value=\"\" \/><input type=\"hidden\" name=\"_wpcf7_recaptcha_response\" value=\"\" \/>\n<\/fieldset>\n<ul>\n\t<li>\n\t\t<p><span class=\"wpcf7-form-control-wrap\" data-name=\"catalogue\"><select class=\"wpcf7-form-control wpcf7-select wpcf7-validates-as-required\" aria-required=\"true\" aria-invalid=\"false\" name=\"catalogue\"><option value=\"Select\">Select<\/option><option value=\"16305f08-f175-4a19-9dd7-18ddbc5d9b67\">Collections &amp; Products Description (EN)<\/option><option value=\"d4cd408f-641b-427a-a032-f08fd83ceedc\">Collections &amp; Description Produits (FR)<\/option><option value=\"15ebd244-1bbc-47e7-bdf7-1aeaae2e051d\">Rugs Collections (EN)<\/option><option value=\"2fcb415d-fede-45fd-b449-cfd2e1e4f1cf\">Collections de Tapis (FR)<\/option><option value=\"d4838b24-a71b-4ecc-b615-38b470c0fda9\">Teppich Katalog (ALL)<\/option><option value=\"5fd241ba-97d5-49ed-b94e-9572bb2a7cf9\">Lighting collection (EN)<\/option><option value=\"792d89f8-2a1d-4384-97ee-a4dda994a14d\">Collection de luminaires (FR)<\/option><option value=\"af1bbf61-b5f5-4c32-9343-8539276b6ebe\">Leuchtenkollektion (DE)<\/option><option value=\"f6727725-5570-4c65-b70a-b612a3598d84\">STOOLS Collection (EN)<\/option><option value=\"c1d6699e-82a2-47a8-be2e-f5d18d7e396b\">Collection TABOURETS (FR)<\/option><\/select><\/span>\n\t\t<\/p>\n\t<\/li>\n\t<li>\n\t\t<p><span class=\"wpcf7-form-control-wrap\" data-name=\"first-name\"><input size=\"40\" maxlength=\"400\" class=\"wpcf7-form-control wpcf7-text wpcf7-validates-as-required first-name\" aria-required=\"true\" aria-invalid=\"false\" placeholder=\"First Name\" value=\"\" type=\"text\" name=\"first-name\" \/><\/span>\n\t\t<\/p>\n\t<\/li>\n\t<li>\n\t\t<p><span class=\"wpcf7-form-control-wrap\" data-name=\"last-name\"><input size=\"40\" maxlength=\"400\" class=\"wpcf7-form-control wpcf7-text wpcf7-validates-as-required last-name\" aria-required=\"true\" aria-invalid=\"false\" placeholder=\"Last Name\" value=\"\" type=\"text\" name=\"last-name\" \/><\/span>\n\t\t<\/p>\n\t<\/li>\n\t<li>\n\t\t<p><span class=\"wpcf7-form-control-wrap\" data-name=\"email\"><input size=\"40\" maxlength=\"400\" class=\"wpcf7-form-control wpcf7-email wpcf7-validates-as-required wpcf7-text wpcf7-validates-as-email email\" aria-required=\"true\" aria-invalid=\"false\" placeholder=\"Email\" value=\"\" type=\"email\" name=\"email\" \/><\/span>\n\t\t<\/p>\n\t<\/li>\n\t<li>\n\t\t<p><span class=\"wpcf7-form-control-wrap\" data-name=\"phone\"><input size=\"40\" maxlength=\"400\" class=\"wpcf7-form-control wpcf7-tel wpcf7-validates-as-required wpcf7-text wpcf7-validates-as-tel phone\" aria-required=\"true\" aria-invalid=\"false\" placeholder=\"Phone\" value=\"\" type=\"tel\" name=\"phone\" \/><\/span>\n\t\t<\/p>\n\t<\/li>\n\t<li>\n\t\t<p><div class=\"dswcf7_country_sel\">\n\t\t\t<input id=\"country\" type=\"text\" name=\"country\"  class=\"wpcf7-form-control wpcf7-country_select wpcf7-validates-as-required country_select_class\" default_country=\"fr\">\n        <\/div>\n\t\t<\/p>\n\t<\/li>\n\t<li>\n\t\t<p><input class=\"wpcf7-form-control wpcf7-submit has-spinner\" type=\"submit\" value=\"Download\" \/>\n\t\t<\/p>\n\t<\/li>\n<\/ul><div class=\"wpcf7-response-output\" aria-hidden=\"true\"><\/div>\n<input type=\"hidden\" name=\"trp-form-language\" value=\"en\"\/><\/form>\n<\/div>\n<\/div>\n<\/div>\n<\/div>\n<\/div>\n<\/div>","protected":false},"excerpt":{"rendered":"","protected":false},"author":4,"featured_media":0,"parent":0,"menu_order":0,"comment_status":"closed","ping_status":"closed","template":"template-parts\/home-page.php","meta":{"_acf_changed":false,"footnotes":""},"class_list":["post-2159","page","type-page","status-publish","hentry"],"acf":[],"yoast_head":"<!-- This site is optimized with the Yoast SEO Premium plugin v25.7.1 (Yoast SEO v26.9) - https:\/\/yoast.com\/product\/yoast-seo-premium-wordpress\/ -->\n<title>Catalogues \u00e9lectroniques - Softicated<\/title>\n<meta name=\"description\" content=\"Mise \u00e0 disposition pour les clients nos catalogues \u00e9lectroniques de nos produits : tabourets, tapis et luminaires sous format pdf.\" \/>\n<meta name=\"robots\" content=\"index, follow, max-snippet:-1, max-image-preview:large, max-video-preview:-1\" \/>\n<link rel=\"canonical\" href=\"https:\/\/softicated.com\/en\/e-catalogue\/\" \/>\n<meta property=\"og:locale\" content=\"en_GB\" \/>\n<meta property=\"og:type\" content=\"article\" \/>\n<meta property=\"og:title\" content=\"Catalogues \u00e9lectroniques\" \/>\n<meta property=\"og:description\" content=\"Mise \u00e0 disposition pour les clients nos catalogues \u00e9lectroniques de nos produits : tabourets, tapis et luminaires sous format pdf.\" \/>\n<meta property=\"og:url\" content=\"https:\/\/softicated.com\/en\/e-catalogue\/\" \/>\n<meta property=\"og:site_name\" content=\"Softicated\" \/>\n<meta property=\"article:publisher\" content=\"https:\/\/www.facebook.com\/Softicated\" \/>\n<meta property=\"article:modified_time\" content=\"2025-12-21T05:30:52+00:00\" \/>\n<meta name=\"twitter:card\" content=\"summary_large_image\" \/>\n<script type=\"application\/ld+json\" class=\"yoast-schema-graph\">{\"@context\":\"https:\/\/schema.org\",\"@graph\":[{\"@type\":\"WebPage\",\"@id\":\"https:\/\/softicated.com\/e-catalogue\/\",\"url\":\"https:\/\/softicated.com\/e-catalogue\/\",\"name\":\"Catalogues \u00e9lectroniques - Softicated\",\"isPartOf\":{\"@id\":\"https:\/\/softicated.com\/#website\"},\"datePublished\":\"2021-02-25T16:09:49+00:00\",\"dateModified\":\"2025-12-21T05:30:52+00:00\",\"description\":\"Mise \u00e0 disposition pour les clients nos catalogues \u00e9lectroniques de nos produits : tabourets, tapis et luminaires sous format pdf.\",\"breadcrumb\":{\"@id\":\"https:\/\/softicated.com\/e-catalogue\/#breadcrumb\"},\"inLanguage\":\"en-GB\",\"potentialAction\":[{\"@type\":\"ReadAction\",\"target\":[\"https:\/\/softicated.com\/e-catalogue\/\"]}]},{\"@type\":\"BreadcrumbList\",\"@id\":\"https:\/\/softicated.com\/e-catalogue\/#breadcrumb\",\"itemListElement\":[{\"@type\":\"ListItem\",\"position\":1,\"name\":\"Accueil\",\"item\":\"https:\/\/softicated.com\/\"},{\"@type\":\"ListItem\",\"position\":2,\"name\":\"catalogues \u00e9lectroniques\"}]},{\"@type\":\"WebSite\",\"@id\":\"https:\/\/softicated.com\/#website\",\"url\":\"https:\/\/softicated.com\/\",\"name\":\"Softicated\",\"description\":\"Cr\u00e9ateur de meubles, luminaires et tapis premium\",\"publisher\":{\"@id\":\"https:\/\/softicated.com\/#organization\"},\"potentialAction\":[{\"@type\":\"SearchAction\",\"target\":{\"@type\":\"EntryPoint\",\"urlTemplate\":\"https:\/\/softicated.com\/?s={search_term_string}\"},\"query-input\":{\"@type\":\"PropertyValueSpecification\",\"valueRequired\":true,\"valueName\":\"search_term_string\"}}],\"inLanguage\":\"en-GB\"},{\"@type\":\"Organization\",\"@id\":\"https:\/\/softicated.com\/#organization\",\"name\":\"Softicated\",\"url\":\"https:\/\/softicated.com\/\",\"logo\":{\"@type\":\"ImageObject\",\"inLanguage\":\"en-GB\",\"@id\":\"https:\/\/softicated.com\/#\/schema\/logo\/image\/\",\"url\":\"https:\/\/softicated.com\/wp-content\/uploads\/2025\/11\/logo-dark-2.svg\",\"contentUrl\":\"https:\/\/softicated.com\/wp-content\/uploads\/2025\/11\/logo-dark-2.svg\",\"caption\":\"Softicated\"},\"image\":{\"@id\":\"https:\/\/softicated.com\/#\/schema\/logo\/image\/\"},\"sameAs\":[\"https:\/\/www.facebook.com\/Softicated\",\"https:\/\/www.pinterest.com\/softicateddesign\",\"https:\/\/www.instagram.com\/softicated.design\"]}]}<\/script>\n<!-- \/ Yoast SEO Premium plugin. -->","yoast_head_json":{"title":"Catalogues \u00e9lectroniques - Softicated","description":"Mise \u00e0 disposition pour les clients nos catalogues \u00e9lectroniques de nos produits : tabourets, tapis et luminaires sous format pdf.","robots":{"index":"index","follow":"follow","max-snippet":"max-snippet:-1","max-image-preview":"max-image-preview:large","max-video-preview":"max-video-preview:-1"},"canonical":"https:\/\/softicated.com\/en\/e-catalogue\/","og_locale":"en_GB","og_type":"article","og_title":"Catalogues \u00e9lectroniques","og_description":"Mise \u00e0 disposition pour les clients nos catalogues \u00e9lectroniques de nos produits : tabourets, tapis et luminaires sous format pdf.","og_url":"https:\/\/softicated.com\/en\/e-catalogue\/","og_site_name":"Softicated","article_publisher":"https:\/\/www.facebook.com\/Softicated","article_modified_time":"2025-12-21T05:30:52+00:00","twitter_card":"summary_large_image","schema":{"@context":"https:\/\/schema.org","@graph":[{"@type":"WebPage","@id":"https:\/\/softicated.com\/e-catalogue\/","url":"https:\/\/softicated.com\/e-catalogue\/","name":"Catalogues \u00e9lectroniques - Softicated","isPartOf":{"@id":"https:\/\/softicated.com\/#website"},"datePublished":"2021-02-25T16:09:49+00:00","dateModified":"2025-12-21T05:30:52+00:00","description":"Mise \u00e0 disposition pour les clients nos catalogues \u00e9lectroniques de nos produits : tabourets, tapis et luminaires sous format pdf.","breadcrumb":{"@id":"https:\/\/softicated.com\/e-catalogue\/#breadcrumb"},"inLanguage":"en-GB","potentialAction":[{"@type":"ReadAction","target":["https:\/\/softicated.com\/e-catalogue\/"]}]},{"@type":"BreadcrumbList","@id":"https:\/\/softicated.com\/e-catalogue\/#breadcrumb","itemListElement":[{"@type":"ListItem","position":1,"name":"Accueil","item":"https:\/\/softicated.com\/"},{"@type":"ListItem","position":2,"name":"catalogues \u00e9lectroniques"}]},{"@type":"WebSite","@id":"https:\/\/softicated.com\/#website","url":"https:\/\/softicated.com\/","name":"Softicated","description":"Designer of premium furniture, lighting and rugs","publisher":{"@id":"https:\/\/softicated.com\/#organization"},"potentialAction":[{"@type":"SearchAction","target":{"@type":"EntryPoint","urlTemplate":"https:\/\/softicated.com\/?s={search_term_string}"},"query-input":{"@type":"PropertyValueSpecification","valueRequired":true,"valueName":"search_term_string"}}],"inLanguage":"en-GB"},{"@type":"Organization","@id":"https:\/\/softicated.com\/#organization","name":"Softicated","url":"https:\/\/softicated.com\/","logo":{"@type":"ImageObject","inLanguage":"en-GB","@id":"https:\/\/softicated.com\/#\/schema\/logo\/image\/","url":"https:\/\/softicated.com\/wp-content\/uploads\/2025\/11\/logo-dark-2.svg","contentUrl":"https:\/\/softicated.com\/wp-content\/uploads\/2025\/11\/logo-dark-2.svg","caption":"Softicated"},"image":{"@id":"https:\/\/softicated.com\/#\/schema\/logo\/image\/"},"sameAs":["https:\/\/www.facebook.com\/Softicated","https:\/\/www.pinterest.com\/softicateddesign","https:\/\/www.instagram.com\/softicated.design"]}]}},"_links":{"self":[{"href":"https:\/\/softicated.com\/en\/wp-json\/wp\/v2\/pages\/2159","targetHints":{"allow":["GET"]}}],"collection":[{"href":"https:\/\/softicated.com\/en\/wp-json\/wp\/v2\/pages"}],"about":[{"href":"https:\/\/softicated.com\/en\/wp-json\/wp\/v2\/types\/page"}],"author":[{"embeddable":true,"href":"https:\/\/softicated.com\/en\/wp-json\/wp\/v2\/users\/4"}],"replies":[{"embeddable":true,"href":"https:\/\/softicated.com\/en\/wp-json\/wp\/v2\/comments?post=2159"}],"version-history":[{"count":19,"href":"https:\/\/softicated.com\/en\/wp-json\/wp\/v2\/pages\/2159\/revisions"}],"predecessor-version":[{"id":14879,"href":"https:\/\/softicated.com\/en\/wp-json\/wp\/v2\/pages\/2159\/revisions\/14879"}],"wp:attachment":[{"href":"https:\/\/softicated.com\/en\/wp-json\/wp\/v2\/media?parent=2159"}],"curies":[{"name":"wp","href":"https:\/\/api.w.org\/{rel}","templated":true}]}}