{"id":2110,"date":"2021-02-25T16:30:30","date_gmt":"2021-02-25T15:30:30","guid":{"rendered":"https:\/\/softicated.com\/?page_id=2110"},"modified":"2026-03-05T21:45:45","modified_gmt":"2026-03-05T20:45:45","slug":"nos-valeurs","status":"publish","type":"page","link":"https:\/\/softicated.com\/en\/qui-sommes-nous\/nos-valeurs\/","title":{"rendered":"Our values"},"content":{"rendered":"<div class=\"wp-block-md-multipurpose-gutenberg-block is-block-center\">\n<div class=\"wp-block-md-multipurpose-gutenberg-block is-block-center has-background-size space\" style=\"background-color:#1d3045;background-position:top\">\n<div class=\"wp-block-md-multipurpose-gutenberg-block is-block-center wrap\">\n<h1 class=\"wp-block-heading has-text-align-center has-white-color has-text-color has-link-color wp-elements-a65dd6c2c22b46b92af787ac094a8f9c\" id=\"h-nos-valeurs\">Our values<\/h1>\n<\/div>\n<\/div>\n<\/div>\n\n\n\n<div class=\"wp-block-md-multipurpose-gutenberg-block is-block-center space our-values\">\n<div class=\"wp-block-md-multipurpose-gutenberg-block is-block-center wrap\">\n<div class=\"wp-block-columns is-layout-flex wp-container-core-columns-is-layout-9d6595d7 wp-block-columns-is-layout-flex\">\n<div class=\"wp-block-column has-background is-layout-flow wp-block-column-is-layout-flow\" style=\"background-color:#f3f4f6;flex-basis:60%\">\n<h2 class=\"wp-block-heading\" id=\"h-creativite\">Creativity<\/h2>\n\n\n\n<p>We let go of our imagination to create original, useful, innovative, comfortable and durable objects.<\/p>\n\n\n\n<p>Our creative ideas are not limited to aesthetics. Our creativity applies to the manufacture, materials used, shapes, colors, packaging and distribution of our furniture and lighting.<\/p>\n\n\n\n<p>Our creativity inspires and sublimates the creativity of our customers who stage our furniture and lighting in their interiors.<\/p>\n<\/div>\n\n\n\n<div class=\"wp-block-column has-background is-layout-flow wp-block-column-is-layout-flow\" style=\"background-color:#f9f2de;flex-basis:40%\">\n<h2 class=\"wp-block-heading\" id=\"h-qualite\">Quality<\/h2>\n\n\n\n<p>Our offered products and services meet or exceed the expectations and demands of our customers.<\/p>\n\n\n\n<p>Our customers are our priority: we work for and with them, they are our primary motivation.<\/p>\n<\/div>\n<\/div>\n\n\n\n<div class=\"wp-block-columns is-layout-flex wp-container-core-columns-is-layout-9d6595d7 wp-block-columns-is-layout-flex\">\n<div class=\"wp-block-column has-background is-layout-flow wp-block-column-is-layout-flow\" style=\"background-color:#f9f2de;flex-basis:40%\">\n<h2 class=\"wp-block-heading\" id=\"h-prendre-soin\">Caring<\/h2>\n\n\n\n<p>We take care of our employees, our customers and the environment by working on the long term.<\/p>\n\n\n\n<p>We seek the well-being of our employees and customers.<\/p>\n\n\n\n<p>We design products that create atmospheres to feel at home.<\/p>\n<\/div>\n\n\n\n<div class=\"wp-block-column has-background is-layout-flow wp-block-column-is-layout-flow\" style=\"background-color:#f3f4f6;flex-basis:60%\">\n<h2 class=\"wp-block-heading\" id=\"h-integrite\">Integrity<\/h2>\n\n\n\n<p>Our customers are our priority: we work for and with them, they are our primary motivation.<\/p>\n\n\n\n<p>We will do everything in our power to meet the expectations of our customers.<\/p>\n\n\n\n<p>When challenged, we work together, study the best solutions and make decisions with confidence with our customers and partners to achieve the best result.<\/p>\n<\/div>\n<\/div>\n<\/div>\n<\/div>","protected":false},"excerpt":{"rendered":"","protected":false},"author":4,"featured_media":0,"parent":19,"menu_order":0,"comment_status":"closed","ping_status":"closed","template":"template-parts\/home-page.php","meta":{"_acf_changed":false,"footnotes":""},"class_list":["post-2110","page","type-page","status-publish","hentry"],"acf":[],"yoast_head":"<!-- This site is optimized with the Yoast SEO Premium plugin v25.7.1 (Yoast SEO v26.9) - https:\/\/yoast.com\/product\/yoast-seo-premium-wordpress\/ -->\n<title>Nos valeurs - Softicated<\/title>\n<meta name=\"description\" content=\"Nous agissons avec honn\u00eatet\u00e9, loyaut\u00e9, transparence et respect aussi bien en interne qu\u2019avec nos clients et partenaires.\" \/>\n<meta name=\"robots\" content=\"index, follow, max-snippet:-1, max-image-preview:large, max-video-preview:-1\" \/>\n<link rel=\"canonical\" href=\"https:\/\/softicated.com\/en\/qui-sommes-nous\/nos-valeurs\/\" \/>\n<meta property=\"og:locale\" content=\"en_GB\" \/>\n<meta property=\"og:type\" content=\"article\" \/>\n<meta property=\"og:title\" content=\"Nos valeurs\" \/>\n<meta property=\"og:description\" content=\"Nous agissons avec honn\u00eatet\u00e9, loyaut\u00e9, transparence et respect aussi bien en interne qu\u2019avec nos clients et partenaires.\" \/>\n<meta property=\"og:url\" content=\"https:\/\/softicated.com\/en\/qui-sommes-nous\/nos-valeurs\/\" \/>\n<meta property=\"og:site_name\" content=\"Softicated\" \/>\n<meta property=\"article:publisher\" content=\"https:\/\/www.facebook.com\/Softicated\" \/>\n<meta property=\"article:modified_time\" content=\"2026-03-05T20:45:45+00:00\" \/>\n<meta name=\"twitter:card\" content=\"summary_large_image\" \/>\n<script type=\"application\/ld+json\" class=\"yoast-schema-graph\">{\"@context\":\"https:\/\/schema.org\",\"@graph\":[{\"@type\":\"WebPage\",\"@id\":\"https:\/\/softicated.com\/qui-sommes-nous\/nos-valeurs\/\",\"url\":\"https:\/\/softicated.com\/qui-sommes-nous\/nos-valeurs\/\",\"name\":\"Nos valeurs - Softicated\",\"isPartOf\":{\"@id\":\"https:\/\/softicated.com\/#website\"},\"datePublished\":\"2021-02-25T15:30:30+00:00\",\"dateModified\":\"2026-03-05T20:45:45+00:00\",\"description\":\"Nous agissons avec honn\u00eatet\u00e9, loyaut\u00e9, transparence et respect aussi bien en interne qu\u2019avec nos clients et partenaires.\",\"breadcrumb\":{\"@id\":\"https:\/\/softicated.com\/qui-sommes-nous\/nos-valeurs\/#breadcrumb\"},\"inLanguage\":\"en-GB\",\"potentialAction\":[{\"@type\":\"ReadAction\",\"target\":[\"https:\/\/softicated.com\/qui-sommes-nous\/nos-valeurs\/\"]}]},{\"@type\":\"BreadcrumbList\",\"@id\":\"https:\/\/softicated.com\/qui-sommes-nous\/nos-valeurs\/#breadcrumb\",\"itemListElement\":[{\"@type\":\"ListItem\",\"position\":1,\"name\":\"Accueil\",\"item\":\"https:\/\/softicated.com\/\"},{\"@type\":\"ListItem\",\"position\":2,\"name\":\"Editeur de mobilier luminaires et tapis suisse Softicated\",\"item\":\"https:\/\/softicated.com\/qui-sommes-nous\/\"},{\"@type\":\"ListItem\",\"position\":3,\"name\":\"Nos valeurs\"}]},{\"@type\":\"WebSite\",\"@id\":\"https:\/\/softicated.com\/#website\",\"url\":\"https:\/\/softicated.com\/\",\"name\":\"Softicated\",\"description\":\"Cr\u00e9ateur de meubles, luminaires et tapis premium\",\"publisher\":{\"@id\":\"https:\/\/softicated.com\/#organization\"},\"potentialAction\":[{\"@type\":\"SearchAction\",\"target\":{\"@type\":\"EntryPoint\",\"urlTemplate\":\"https:\/\/softicated.com\/?s={search_term_string}\"},\"query-input\":{\"@type\":\"PropertyValueSpecification\",\"valueRequired\":true,\"valueName\":\"search_term_string\"}}],\"inLanguage\":\"en-GB\"},{\"@type\":\"Organization\",\"@id\":\"https:\/\/softicated.com\/#organization\",\"name\":\"Softicated\",\"url\":\"https:\/\/softicated.com\/\",\"logo\":{\"@type\":\"ImageObject\",\"inLanguage\":\"en-GB\",\"@id\":\"https:\/\/softicated.com\/#\/schema\/logo\/image\/\",\"url\":\"https:\/\/softicated.com\/wp-content\/uploads\/2025\/11\/logo-dark-2.svg\",\"contentUrl\":\"https:\/\/softicated.com\/wp-content\/uploads\/2025\/11\/logo-dark-2.svg\",\"caption\":\"Softicated\"},\"image\":{\"@id\":\"https:\/\/softicated.com\/#\/schema\/logo\/image\/\"},\"sameAs\":[\"https:\/\/www.facebook.com\/Softicated\",\"https:\/\/www.pinterest.com\/softicateddesign\",\"https:\/\/www.instagram.com\/softicated.design\"]}]}<\/script>\n<!-- \/ Yoast SEO Premium plugin. -->","yoast_head_json":{"title":"Nos valeurs - Softicated","description":"Our customers are our priority: we work for and with them, they are our primary motivation.","robots":{"index":"index","follow":"follow","max-snippet":"max-snippet:-1","max-image-preview":"max-image-preview:large","max-video-preview":"max-video-preview:-1"},"canonical":"https:\/\/softicated.com\/en\/qui-sommes-nous\/nos-valeurs\/","og_locale":"en_GB","og_type":"article","og_title":"Nos valeurs","og_description":"Nous agissons avec honn\u00eatet\u00e9, loyaut\u00e9, transparence et respect aussi bien en interne qu\u2019avec nos clients et partenaires.","og_url":"https:\/\/softicated.com\/en\/qui-sommes-nous\/nos-valeurs\/","og_site_name":"Softicated","article_publisher":"https:\/\/www.facebook.com\/Softicated","article_modified_time":"2026-03-05T20:45:45+00:00","twitter_card":"summary_large_image","schema":{"@context":"https:\/\/schema.org","@graph":[{"@type":"WebPage","@id":"https:\/\/softicated.com\/qui-sommes-nous\/nos-valeurs\/","url":"https:\/\/softicated.com\/qui-sommes-nous\/nos-valeurs\/","name":"Nos valeurs - Softicated","isPartOf":{"@id":"https:\/\/softicated.com\/#website"},"datePublished":"2021-02-25T15:30:30+00:00","dateModified":"2026-03-05T20:45:45+00:00","description":"Our customers are our priority: we work for and with them, they are our primary motivation.","breadcrumb":{"@id":"https:\/\/softicated.com\/qui-sommes-nous\/nos-valeurs\/#breadcrumb"},"inLanguage":"en-GB","potentialAction":[{"@type":"ReadAction","target":["https:\/\/softicated.com\/qui-sommes-nous\/nos-valeurs\/"]}]},{"@type":"BreadcrumbList","@id":"https:\/\/softicated.com\/qui-sommes-nous\/nos-valeurs\/#breadcrumb","itemListElement":[{"@type":"ListItem","position":1,"name":"Accueil","item":"https:\/\/softicated.com\/"},{"@type":"ListItem","position":2,"name":"Editeur de mobilier luminaires et tapis suisse Softicated","item":"https:\/\/softicated.com\/qui-sommes-nous\/"},{"@type":"ListItem","position":3,"name":"Nos valeurs"}]},{"@type":"WebSite","@id":"https:\/\/softicated.com\/#website","url":"https:\/\/softicated.com\/","name":"Softicated","description":"Designer of premium furniture, lighting and rugs","publisher":{"@id":"https:\/\/softicated.com\/#organization"},"potentialAction":[{"@type":"SearchAction","target":{"@type":"EntryPoint","urlTemplate":"https:\/\/softicated.com\/?s={search_term_string}"},"query-input":{"@type":"PropertyValueSpecification","valueRequired":true,"valueName":"search_term_string"}}],"inLanguage":"en-GB"},{"@type":"Organization","@id":"https:\/\/softicated.com\/#organization","name":"Softicated","url":"https:\/\/softicated.com\/","logo":{"@type":"ImageObject","inLanguage":"en-GB","@id":"https:\/\/softicated.com\/#\/schema\/logo\/image\/","url":"https:\/\/softicated.com\/wp-content\/uploads\/2025\/11\/logo-dark-2.svg","contentUrl":"https:\/\/softicated.com\/wp-content\/uploads\/2025\/11\/logo-dark-2.svg","caption":"Softicated"},"image":{"@id":"https:\/\/softicated.com\/#\/schema\/logo\/image\/"},"sameAs":["https:\/\/www.facebook.com\/Softicated","https:\/\/www.pinterest.com\/softicateddesign","https:\/\/www.instagram.com\/softicated.design"]}]}},"_links":{"self":[{"href":"https:\/\/softicated.com\/en\/wp-json\/wp\/v2\/pages\/2110","targetHints":{"allow":["GET"]}}],"collection":[{"href":"https:\/\/softicated.com\/en\/wp-json\/wp\/v2\/pages"}],"about":[{"href":"https:\/\/softicated.com\/en\/wp-json\/wp\/v2\/types\/page"}],"author":[{"embeddable":true,"href":"https:\/\/softicated.com\/en\/wp-json\/wp\/v2\/users\/4"}],"replies":[{"embeddable":true,"href":"https:\/\/softicated.com\/en\/wp-json\/wp\/v2\/comments?post=2110"}],"version-history":[{"count":13,"href":"https:\/\/softicated.com\/en\/wp-json\/wp\/v2\/pages\/2110\/revisions"}],"predecessor-version":[{"id":14979,"href":"https:\/\/softicated.com\/en\/wp-json\/wp\/v2\/pages\/2110\/revisions\/14979"}],"up":[{"embeddable":true,"href":"https:\/\/softicated.com\/en\/wp-json\/wp\/v2\/pages\/19"}],"wp:attachment":[{"href":"https:\/\/softicated.com\/en\/wp-json\/wp\/v2\/media?parent=2110"}],"curies":[{"name":"wp","href":"https:\/\/api.w.org\/{rel}","templated":true}]}}