{"id":2104,"date":"2021-02-25T16:29:55","date_gmt":"2021-02-25T15:29:55","guid":{"rendered":"https:\/\/softicated.com\/?page_id=2104"},"modified":"2026-02-09T21:13:18","modified_gmt":"2026-02-09T20:13:18","slug":"cyril-rumpler","status":"publish","type":"page","link":"https:\/\/softicated.com\/en\/qui-sommes-nous\/cyril-rumpler\/","title":{"rendered":"Cyril Rumpler, designer de mobilier, luminaires et tapis Suisse"},"content":{"rendered":"<div class=\"wp-block-md-multipurpose-gutenberg-block is-block-center about-me\">\n<div class=\"wp-block-columns is-layout-flex wp-container-core-columns-is-layout-9d6595d7 wp-block-columns-is-layout-flex\">\n<div class=\"wp-block-column space has-background is-layout-flow wp-block-column-is-layout-flow\" style=\"background-color:#1d3045;flex-basis:55%\">\n<h1 class=\"wp-block-heading has-text-align-left has-white-color has-text-color has-link-color wp-elements-57e48f18087e68160eedae9f377a2c2e\">Cyril Rumpler<\/h1>\n\n\n\n<p class=\"has-text-align-left has-white-color has-text-color has-link-color wp-elements-4b496cd08847eb2376b263b217b73675\">Cyril Rumpler entered the realm of furniture design by that most beautiful of doors: that of his dream! Self-taught, he spent his entire career promoting packaging for the pharmaceutical industry. He has always been fascinated by the impact an object can have on the mood and emotions of the purchaser. In his spare time, he designs objects, infusing them with the power to convey happiness: carpets, light fixtures and seating. A few years ago, after a life-changing accident, he accelerated destiny by devoting himself to his passion by creating Softicated, the brand that brings well-being to one\u2019s inner-self and one\u2019s Home interior.<\/p>\n\n\n\n<h2 class=\"wp-block-heading has-text-align-left has-white-color has-text-color has-link-color wp-elements-1e4a52d6e145928dac5e23817c5ece35 translation-block\" style=\"font-style:normal;font-weight:600\">Creation, <br> Style and Emotions<\/h2>\n\n\n\n<p class=\"has-text-align-left has-white-color has-text-color has-link-color wp-elements-2cc36896b6899b11ada31ece2d94e4b1\">Each creation begins with a line, a curve. This is where Cyril Rumpler\u2019s inspiration comes from. It is the pureness of a personal perspective that is emerging, and not of a master or a style, in particular. The starting point is the shaping of the material to give a feeling of tranquility, calmness, balance and comfort with generous and reassuring dimensions. But not only... An emotion, the awakening of the senses also emerges from these objects, challenged by details unique to each creation.<\/p>\n\n\n\n<p class=\"has-text-align-left has-white-color has-text-color has-link-color wp-elements-3a4b951ead4b44145edd1ed9313808a2\">\u201c You can linger and always find something interesting to look at, from any angle, even the least visible, it is what gives personality to these objects.\u201d<\/p>\n\n\n\n<h2 class=\"wp-block-heading has-text-align-left has-white-color has-text-color has-link-color wp-elements-fc598fed591773865fd84771417f4acf translation-block\" style=\"font-style:normal;font-weight:600\">Sustainable development<\/h2>\n\n\n\n<p class=\"has-text-align-left has-white-color has-text-color has-link-color wp-elements-16964c5457a3fa269249995c4d9cd1fc\">\u201cI hope that objects can be truly linked to those who buy them, that they can become points of attachment in increasingly challenging, complicated lives\u201d\u2026 Cyril Rumpler has always felt a responsibility in the sustainable development and recycling of materials. Limiting the number of manufacturing steps of an object and recycling are major components of its design and manufacturing specifications.Designed with a minimum of materials and without mixed materials: wood, glass, steel, by artisans who manufacture high-quality objects, a long storage of furniture that can be repaired and renovated.<\/p>\n<\/div>\n\n\n\n<div class=\"wp-block-column is-layout-flow wp-block-column-is-layout-flow\" style=\"flex-basis:45%\">\n<figure class=\"wp-block-image size-large\"><img decoding=\"async\" width=\"650\" height=\"800\" src=\"https:\/\/softicated.com\/wp-content\/uploads\/2025\/12\/cyril-rumpler-1-650x800.jpg\" alt=\"cyril-rumpler\" class=\"wp-image-14779\" srcset=\"https:\/\/softicated.com\/wp-content\/uploads\/2025\/12\/cyril-rumpler-1-650x800.jpg 650w, https:\/\/softicated.com\/wp-content\/uploads\/2025\/12\/cyril-rumpler-1-244x300.jpg 244w, https:\/\/softicated.com\/wp-content\/uploads\/2025\/12\/cyril-rumpler-1-768x945.jpg 768w, https:\/\/softicated.com\/wp-content\/uploads\/2025\/12\/cyril-rumpler-1-1249x1536.jpg 1249w, https:\/\/softicated.com\/wp-content\/uploads\/2025\/12\/cyril-rumpler-1-10x12.jpg 10w, https:\/\/softicated.com\/wp-content\/uploads\/2025\/12\/cyril-rumpler-1-600x738.jpg 600w, https:\/\/softicated.com\/wp-content\/uploads\/2025\/12\/cyril-rumpler-1.jpg 1300w\" sizes=\"(max-width: 650px) 100vw, 650px\" \/><\/figure>\n<\/div>\n<\/div>\n<\/div>","protected":false},"excerpt":{"rendered":"","protected":false},"author":4,"featured_media":0,"parent":19,"menu_order":0,"comment_status":"closed","ping_status":"closed","template":"template-parts\/home-page.php","meta":{"_acf_changed":false,"footnotes":""},"class_list":["post-2104","page","type-page","status-publish","hentry"],"acf":[],"yoast_head":"<!-- This site is optimized with the Yoast SEO Premium plugin v25.7.1 (Yoast SEO v26.9) - https:\/\/yoast.com\/product\/yoast-seo-premium-wordpress\/ -->\n<title>Cyril Rumpler designer de mobilier, luminaire et tapis FrancoSuisse- Softicated<\/title>\n<meta name=\"description\" content=\"Autodidacte, Cyril Rumpler est entr\u00e9 dans la cr\u00e9ation de meubles par la plus belle des portes : celle du r\u00eave !\" \/>\n<meta name=\"robots\" content=\"index, follow, max-snippet:-1, max-image-preview:large, max-video-preview:-1\" \/>\n<link rel=\"canonical\" href=\"https:\/\/softicated.com\/en\/qui-sommes-nous\/cyril-rumpler\/\" \/>\n<meta property=\"og:locale\" content=\"en_GB\" \/>\n<meta property=\"og:type\" content=\"article\" \/>\n<meta property=\"og:title\" content=\"Cyril Rumpler, designer de mobilier, luminaires et tapis Suisse\" \/>\n<meta property=\"og:description\" content=\"Autodidacte, Cyril Rumpler est entr\u00e9 dans la cr\u00e9ation de meubles par la plus belle des portes : celle du r\u00eave !\" \/>\n<meta property=\"og:url\" content=\"https:\/\/softicated.com\/en\/qui-sommes-nous\/cyril-rumpler\/\" \/>\n<meta property=\"og:site_name\" content=\"Softicated\" \/>\n<meta property=\"article:publisher\" content=\"https:\/\/www.facebook.com\/Softicated\" \/>\n<meta property=\"article:modified_time\" content=\"2026-02-09T20:13:18+00:00\" \/>\n<meta property=\"og:image\" content=\"https:\/\/softicated.com\/wp-content\/uploads\/2025\/12\/cyril-rumpler-1.jpg\" \/>\n\t<meta property=\"og:image:width\" content=\"1300\" \/>\n\t<meta property=\"og:image:height\" content=\"1599\" \/>\n\t<meta property=\"og:image:type\" content=\"image\/jpeg\" \/>\n<meta name=\"twitter:card\" content=\"summary_large_image\" \/>\n<script type=\"application\/ld+json\" class=\"yoast-schema-graph\">{\"@context\":\"https:\/\/schema.org\",\"@graph\":[{\"@type\":\"WebPage\",\"@id\":\"https:\/\/softicated.com\/qui-sommes-nous\/cyril-rumpler\/\",\"url\":\"https:\/\/softicated.com\/qui-sommes-nous\/cyril-rumpler\/\",\"name\":\"Cyril Rumpler designer de mobilier, luminaire et tapis FrancoSuisse- Softicated\",\"isPartOf\":{\"@id\":\"https:\/\/softicated.com\/#website\"},\"primaryImageOfPage\":{\"@id\":\"https:\/\/softicated.com\/qui-sommes-nous\/cyril-rumpler\/#primaryimage\"},\"image\":{\"@id\":\"https:\/\/softicated.com\/qui-sommes-nous\/cyril-rumpler\/#primaryimage\"},\"thumbnailUrl\":\"https:\/\/softicated.com\/wp-content\/uploads\/2025\/12\/cyril-rumpler-1-650x800.jpg\",\"datePublished\":\"2021-02-25T15:29:55+00:00\",\"dateModified\":\"2026-02-09T20:13:18+00:00\",\"description\":\"Autodidacte, Cyril Rumpler est entr\u00e9 dans la cr\u00e9ation de meubles par la plus belle des portes : celle du r\u00eave !\",\"breadcrumb\":{\"@id\":\"https:\/\/softicated.com\/qui-sommes-nous\/cyril-rumpler\/#breadcrumb\"},\"inLanguage\":\"en-GB\",\"potentialAction\":[{\"@type\":\"ReadAction\",\"target\":[\"https:\/\/softicated.com\/qui-sommes-nous\/cyril-rumpler\/\"]}]},{\"@type\":\"ImageObject\",\"inLanguage\":\"en-GB\",\"@id\":\"https:\/\/softicated.com\/qui-sommes-nous\/cyril-rumpler\/#primaryimage\",\"url\":\"https:\/\/softicated.com\/wp-content\/uploads\/2025\/12\/cyril-rumpler-1-650x800.jpg\",\"contentUrl\":\"https:\/\/softicated.com\/wp-content\/uploads\/2025\/12\/cyril-rumpler-1-650x800.jpg\"},{\"@type\":\"BreadcrumbList\",\"@id\":\"https:\/\/softicated.com\/qui-sommes-nous\/cyril-rumpler\/#breadcrumb\",\"itemListElement\":[{\"@type\":\"ListItem\",\"position\":1,\"name\":\"Accueil\",\"item\":\"https:\/\/softicated.com\/\"},{\"@type\":\"ListItem\",\"position\":2,\"name\":\"Editeur de mobilier luminaires et tapis suisse Softicated\",\"item\":\"https:\/\/softicated.com\/qui-sommes-nous\/\"},{\"@type\":\"ListItem\",\"position\":3,\"name\":\"Cyril Rumpler designer franco suisse\"}]},{\"@type\":\"WebSite\",\"@id\":\"https:\/\/softicated.com\/#website\",\"url\":\"https:\/\/softicated.com\/\",\"name\":\"Softicated\",\"description\":\"Cr\u00e9ateur de meubles, luminaires et tapis premium\",\"publisher\":{\"@id\":\"https:\/\/softicated.com\/#organization\"},\"potentialAction\":[{\"@type\":\"SearchAction\",\"target\":{\"@type\":\"EntryPoint\",\"urlTemplate\":\"https:\/\/softicated.com\/?s={search_term_string}\"},\"query-input\":{\"@type\":\"PropertyValueSpecification\",\"valueRequired\":true,\"valueName\":\"search_term_string\"}}],\"inLanguage\":\"en-GB\"},{\"@type\":\"Organization\",\"@id\":\"https:\/\/softicated.com\/#organization\",\"name\":\"Softicated\",\"url\":\"https:\/\/softicated.com\/\",\"logo\":{\"@type\":\"ImageObject\",\"inLanguage\":\"en-GB\",\"@id\":\"https:\/\/softicated.com\/#\/schema\/logo\/image\/\",\"url\":\"https:\/\/softicated.com\/wp-content\/uploads\/2025\/11\/logo-dark-2.svg\",\"contentUrl\":\"https:\/\/softicated.com\/wp-content\/uploads\/2025\/11\/logo-dark-2.svg\",\"caption\":\"Softicated\"},\"image\":{\"@id\":\"https:\/\/softicated.com\/#\/schema\/logo\/image\/\"},\"sameAs\":[\"https:\/\/www.facebook.com\/Softicated\",\"https:\/\/www.pinterest.com\/softicateddesign\",\"https:\/\/www.instagram.com\/softicated.design\"]}]}<\/script>\n<!-- \/ Yoast SEO Premium plugin. -->","yoast_head_json":{"title":"Cyril Rumpler designer de mobilier, luminaire et tapis FrancoSuisse- Softicated","description":"Autodidacte, Cyril Rumpler est entr\u00e9 dans la cr\u00e9ation de meubles par la plus belle des portes : celle du r\u00eave !","robots":{"index":"index","follow":"follow","max-snippet":"max-snippet:-1","max-image-preview":"max-image-preview:large","max-video-preview":"max-video-preview:-1"},"canonical":"https:\/\/softicated.com\/en\/qui-sommes-nous\/cyril-rumpler\/","og_locale":"en_GB","og_type":"article","og_title":"Cyril Rumpler, designer de mobilier, luminaires et tapis Suisse","og_description":"Autodidacte, Cyril Rumpler est entr\u00e9 dans la cr\u00e9ation de meubles par la plus belle des portes : celle du r\u00eave !","og_url":"https:\/\/softicated.com\/en\/qui-sommes-nous\/cyril-rumpler\/","og_site_name":"Softicated","article_publisher":"https:\/\/www.facebook.com\/Softicated","article_modified_time":"2026-02-09T20:13:18+00:00","og_image":[{"width":1300,"height":1599,"url":"https:\/\/softicated.com\/wp-content\/uploads\/2025\/12\/cyril-rumpler-1.jpg","type":"image\/jpeg"}],"twitter_card":"summary_large_image","schema":{"@context":"https:\/\/schema.org","@graph":[{"@type":"WebPage","@id":"https:\/\/softicated.com\/qui-sommes-nous\/cyril-rumpler\/","url":"https:\/\/softicated.com\/qui-sommes-nous\/cyril-rumpler\/","name":"Cyril Rumpler designer de mobilier, luminaire et tapis FrancoSuisse- Softicated","isPartOf":{"@id":"https:\/\/softicated.com\/#website"},"primaryImageOfPage":{"@id":"https:\/\/softicated.com\/qui-sommes-nous\/cyril-rumpler\/#primaryimage"},"image":{"@id":"https:\/\/softicated.com\/qui-sommes-nous\/cyril-rumpler\/#primaryimage"},"thumbnailUrl":"https:\/\/softicated.com\/wp-content\/uploads\/2025\/12\/cyril-rumpler-1-650x800.jpg","datePublished":"2021-02-25T15:29:55+00:00","dateModified":"2026-02-09T20:13:18+00:00","description":"Autodidacte, Cyril Rumpler est entr\u00e9 dans la cr\u00e9ation de meubles par la plus belle des portes : celle du r\u00eave !","breadcrumb":{"@id":"https:\/\/softicated.com\/qui-sommes-nous\/cyril-rumpler\/#breadcrumb"},"inLanguage":"en-GB","potentialAction":[{"@type":"ReadAction","target":["https:\/\/softicated.com\/qui-sommes-nous\/cyril-rumpler\/"]}]},{"@type":"ImageObject","inLanguage":"en-GB","@id":"https:\/\/softicated.com\/qui-sommes-nous\/cyril-rumpler\/#primaryimage","url":"https:\/\/softicated.com\/wp-content\/uploads\/2025\/12\/cyril-rumpler-1-650x800.jpg","contentUrl":"https:\/\/softicated.com\/wp-content\/uploads\/2025\/12\/cyril-rumpler-1-650x800.jpg"},{"@type":"BreadcrumbList","@id":"https:\/\/softicated.com\/qui-sommes-nous\/cyril-rumpler\/#breadcrumb","itemListElement":[{"@type":"ListItem","position":1,"name":"Accueil","item":"https:\/\/softicated.com\/"},{"@type":"ListItem","position":2,"name":"Editeur de mobilier luminaires et tapis suisse Softicated","item":"https:\/\/softicated.com\/qui-sommes-nous\/"},{"@type":"ListItem","position":3,"name":"Cyril Rumpler designer franco suisse"}]},{"@type":"WebSite","@id":"https:\/\/softicated.com\/#website","url":"https:\/\/softicated.com\/","name":"Softicated","description":"Designer of premium furniture, lighting and rugs","publisher":{"@id":"https:\/\/softicated.com\/#organization"},"potentialAction":[{"@type":"SearchAction","target":{"@type":"EntryPoint","urlTemplate":"https:\/\/softicated.com\/?s={search_term_string}"},"query-input":{"@type":"PropertyValueSpecification","valueRequired":true,"valueName":"search_term_string"}}],"inLanguage":"en-GB"},{"@type":"Organization","@id":"https:\/\/softicated.com\/#organization","name":"Softicated","url":"https:\/\/softicated.com\/","logo":{"@type":"ImageObject","inLanguage":"en-GB","@id":"https:\/\/softicated.com\/#\/schema\/logo\/image\/","url":"https:\/\/softicated.com\/wp-content\/uploads\/2025\/11\/logo-dark-2.svg","contentUrl":"https:\/\/softicated.com\/wp-content\/uploads\/2025\/11\/logo-dark-2.svg","caption":"Softicated"},"image":{"@id":"https:\/\/softicated.com\/#\/schema\/logo\/image\/"},"sameAs":["https:\/\/www.facebook.com\/Softicated","https:\/\/www.pinterest.com\/softicateddesign","https:\/\/www.instagram.com\/softicated.design"]}]}},"_links":{"self":[{"href":"https:\/\/softicated.com\/en\/wp-json\/wp\/v2\/pages\/2104","targetHints":{"allow":["GET"]}}],"collection":[{"href":"https:\/\/softicated.com\/en\/wp-json\/wp\/v2\/pages"}],"about":[{"href":"https:\/\/softicated.com\/en\/wp-json\/wp\/v2\/types\/page"}],"author":[{"embeddable":true,"href":"https:\/\/softicated.com\/en\/wp-json\/wp\/v2\/users\/4"}],"replies":[{"embeddable":true,"href":"https:\/\/softicated.com\/en\/wp-json\/wp\/v2\/comments?post=2104"}],"version-history":[{"count":32,"href":"https:\/\/softicated.com\/en\/wp-json\/wp\/v2\/pages\/2104\/revisions"}],"predecessor-version":[{"id":14988,"href":"https:\/\/softicated.com\/en\/wp-json\/wp\/v2\/pages\/2104\/revisions\/14988"}],"up":[{"embeddable":true,"href":"https:\/\/softicated.com\/en\/wp-json\/wp\/v2\/pages\/19"}],"wp:attachment":[{"href":"https:\/\/softicated.com\/en\/wp-json\/wp\/v2\/media?parent=2104"}],"curies":[{"name":"wp","href":"https:\/\/api.w.org\/{rel}","templated":true}]}}