{"id":19,"date":"2020-11-05T16:22:53","date_gmt":"2020-11-05T15:22:53","guid":{"rendered":"https:\/\/softicated.com\/?page_id=19"},"modified":"2026-03-05T21:48:32","modified_gmt":"2026-03-05T20:48:32","slug":"qui-sommes-nous","status":"publish","type":"page","link":"https:\/\/softicated.com\/en\/qui-sommes-nous\/","title":{"rendered":"About us"},"content":{"rendered":"<div class=\"wp-block-md-multipurpose-gutenberg-block is-block-center\">\n<div class=\"wp-block-md-multipurpose-gutenberg-block is-block-center has-background-size space\" style=\"background-color:#1d3045;background-position:top\">\n<div class=\"wp-block-md-multipurpose-gutenberg-block is-block-center wrap\">\n<h1 class=\"wp-block-heading has-text-align-center has-white-color has-text-color has-link-color wp-elements-0313253e24af090c8a85edd261764ebf\" id=\"h-qui-sommes-nous\">About us<\/h1>\n<\/div>\n<\/div>\n<\/div>\n\n\n\n<div class=\"wp-block-md-multipurpose-gutenberg-block is-block-center spacing\">\n<div class=\"wp-block-md-multipurpose-gutenberg-block is-block-center space our-mission\" style=\"background-color:#f3f4f6\">\n<div class=\"wp-block-columns wrap is-layout-flex wp-container-core-columns-is-layout-9d6595d7 wp-block-columns-is-layout-flex\">\n<div class=\"wp-block-column is-layout-flow wp-block-column-is-layout-flow\">\n<figure class=\"wp-block-image size-large\"><img decoding=\"async\" width=\"650\" height=\"800\" src=\"https:\/\/softicated.com\/wp-content\/uploads\/2025\/12\/cyril-rumpler-1-650x800.jpg\" alt=\"\" class=\"wp-image-14779\" srcset=\"https:\/\/softicated.com\/wp-content\/uploads\/2025\/12\/cyril-rumpler-1-650x800.jpg 650w, https:\/\/softicated.com\/wp-content\/uploads\/2025\/12\/cyril-rumpler-1-244x300.jpg 244w, https:\/\/softicated.com\/wp-content\/uploads\/2025\/12\/cyril-rumpler-1-768x945.jpg 768w, https:\/\/softicated.com\/wp-content\/uploads\/2025\/12\/cyril-rumpler-1-1249x1536.jpg 1249w, https:\/\/softicated.com\/wp-content\/uploads\/2025\/12\/cyril-rumpler-1-10x12.jpg 10w, https:\/\/softicated.com\/wp-content\/uploads\/2025\/12\/cyril-rumpler-1-600x738.jpg 600w, https:\/\/softicated.com\/wp-content\/uploads\/2025\/12\/cyril-rumpler-1.jpg 1300w\" sizes=\"(max-width: 650px) 100vw, 650px\" \/><\/figure>\n<\/div>\n\n\n\n<div class=\"wp-block-column is-layout-flow wp-block-column-is-layout-flow\">\n<h2 class=\"wp-block-heading has-text-align-left\" id=\"h-cyril-rumpler\" style=\"font-style:normal;font-weight:600\">Cyril Rumpler<\/h2>\n\n\n\n<p>Autodidacte, Cyril Rumpler est entr\u00e9 dans la cr\u00e9ation de meubles par la plus belle des portes&nbsp;: celle du r\u00eave ! Il passera toute sa carri\u00e8re \u00e0 promouvoir des packagings pour l\u2019industrie pharmaceutique. <\/p>\n\n\n\n<p>Fascinated by the impact an object has on the mood and feelings of its buyer, he designs, in his spare time, objects that he believes have the power to make people happy: rugs, lighting, and seating. A few years ago, after an accident, he seized his destiny and dedicated himself full-time to his passion, creating Softicated, the brand that makes people happy both inside and out.&nbsp;<\/p>\n\n\n\n<h4 class=\"wp-block-heading\" id=\"h-cyril-rumpler-fondateur\" style=\"font-style:normal;font-weight:500\">Cyril Rumpler, Founder<\/h4>\n<\/div>\n<\/div>\n<\/div>\n<\/div>\n\n\n\n<div class=\"wp-block-md-multipurpose-gutenberg-block is-block-center space our-mission\">\n<div class=\"wp-block-columns wrap is-layout-flex wp-container-core-columns-is-layout-9d6595d7 wp-block-columns-is-layout-flex\">\n<div class=\"wp-block-column is-layout-flow wp-block-column-is-layout-flow\">\n<h2 class=\"wp-block-heading has-text-align-left\" id=\"h-softicated-createur-de-chez-soi\" style=\"font-style:normal;font-weight:600\">Softicated,<br>creator from home!<\/h2>\n\n\n\n<p>Softicated is a brand of contemporary furniture and lighting designed to promote feelings of happiness, contentedness and well-being in our home, a vital quest in this day and age. Cyril Rumpler sought inspiration from two notions: comfort and audacity. We seek beauty and serenity via the home interior that we create and Cyril Rumpler believes this is best achieved through the somewhat paradoxical symbiosis of modern sophistication with the gentle inspiration from Nature. Hence the name \u201cSofticated\u201d, a contraction of \u00abSophistication\u00bb and \u00abSoftness\u00bb.This contrast between the use of elegant materials and our interpretation of a comforting Nature is the essence of what makes a Home.<\/p>\n<\/div>\n\n\n\n<div class=\"wp-block-column is-layout-flow wp-block-column-is-layout-flow\">\n<figure class=\"wp-block-image size-large\"><img decoding=\"async\" width=\"800\" height=\"789\" src=\"https:\/\/softicated.com\/wp-content\/uploads\/2021\/02\/sem-titulo-2-7-scaled-1-4-800x789.webp\" alt=\"\" class=\"wp-image-13776\" srcset=\"https:\/\/softicated.com\/wp-content\/uploads\/2021\/02\/sem-titulo-2-7-scaled-1-4-800x789.webp 800w, https:\/\/softicated.com\/wp-content\/uploads\/2021\/02\/sem-titulo-2-7-scaled-1-4-300x296.webp 300w, https:\/\/softicated.com\/wp-content\/uploads\/2021\/02\/sem-titulo-2-7-scaled-1-4-600x592.webp 600w, https:\/\/softicated.com\/wp-content\/uploads\/2021\/02\/sem-titulo-2-7-scaled-1-4-1536x1515.webp 1536w, https:\/\/softicated.com\/wp-content\/uploads\/2021\/02\/sem-titulo-2-7-scaled-1-4-2048x2020.webp 2048w, https:\/\/softicated.com\/wp-content\/uploads\/2021\/02\/sem-titulo-2-7-scaled-1-4-12x12.webp 12w, https:\/\/softicated.com\/wp-content\/uploads\/2021\/02\/sem-titulo-2-7-scaled-1-4-100x100.webp 100w\" sizes=\"(max-width: 800px) 100vw, 800px\" \/><\/figure>\n<\/div>\n<\/div>\n<\/div>\n\n\n\n<div class=\"wp-block-md-multipurpose-gutenberg-block is-block-center space follow-insta\" style=\"background-color:#1d3045\">\n<div class=\"wp-block-md-multipurpose-gutenberg-block is-block-center wrap\">\n<h2 class=\"wp-block-heading has-text-align-left has-white-color has-text-color has-link-color wp-elements-44c4881b46b4ae35d1c6282fc07f9548\" id=\"h-suivez-nous-sur-instagram\" style=\"font-size:28px;font-style:normal;font-weight:600\">Follow us on Instagram<\/h2>\n\n\n\n<div class=\"wp-block-columns is-layout-flex wp-container-core-columns-is-layout-9d6595d7 wp-block-columns-is-layout-flex\">\n<div class=\"wp-block-column is-layout-flow wp-block-column-is-layout-flow\">\n<figure class=\"wp-block-image size-full\"><img decoding=\"async\" width=\"338\" height=\"327\" src=\"https:\/\/softicated.com\/wp-content\/uploads\/2021\/02\/MO_0125_stand_booth_Nuno-Feria_09_blanc_lampes-scaled-1.webp\" alt=\"MO_0125_stand_booth_Nuno-Feria_09_blanc_lampes\" class=\"wp-image-14236\" srcset=\"https:\/\/softicated.com\/wp-content\/uploads\/2021\/02\/MO_0125_stand_booth_Nuno-Feria_09_blanc_lampes-scaled-1.webp 338w, https:\/\/softicated.com\/wp-content\/uploads\/2021\/02\/MO_0125_stand_booth_Nuno-Feria_09_blanc_lampes-scaled-1-300x290.webp 300w, https:\/\/softicated.com\/wp-content\/uploads\/2021\/02\/MO_0125_stand_booth_Nuno-Feria_09_blanc_lampes-scaled-1-12x12.webp 12w\" sizes=\"(max-width: 338px) 100vw, 338px\" \/><\/figure>\n<\/div>\n\n\n\n<div class=\"wp-block-column is-layout-flow wp-block-column-is-layout-flow\">\n<figure class=\"wp-block-image size-full\"><img decoding=\"async\" width=\"338\" height=\"327\" src=\"https:\/\/softicated.com\/wp-content\/uploads\/2021\/02\/Group-1000010723-10.webp\" alt=\"Rug\" class=\"wp-image-14247\" srcset=\"https:\/\/softicated.com\/wp-content\/uploads\/2021\/02\/Group-1000010723-10.webp 338w, https:\/\/softicated.com\/wp-content\/uploads\/2021\/02\/Group-1000010723-10-300x290.webp 300w, https:\/\/softicated.com\/wp-content\/uploads\/2021\/02\/Group-1000010723-10-12x12.webp 12w\" sizes=\"(max-width: 338px) 100vw, 338px\" \/><\/figure>\n<\/div>\n\n\n\n<div class=\"wp-block-column is-layout-flow wp-block-column-is-layout-flow\">\n<figure class=\"wp-block-image size-full\"><img decoding=\"async\" width=\"338\" height=\"327\" src=\"https:\/\/softicated.com\/wp-content\/uploads\/2021\/02\/MO_0125_stand_booth_Nuno-Feria_09_blanc_lampes-scaled-1.webp\" alt=\"MO_0125_stand_booth_Nuno-Feria_09_blanc_lampes\" class=\"wp-image-14236\" srcset=\"https:\/\/softicated.com\/wp-content\/uploads\/2021\/02\/MO_0125_stand_booth_Nuno-Feria_09_blanc_lampes-scaled-1.webp 338w, https:\/\/softicated.com\/wp-content\/uploads\/2021\/02\/MO_0125_stand_booth_Nuno-Feria_09_blanc_lampes-scaled-1-300x290.webp 300w, https:\/\/softicated.com\/wp-content\/uploads\/2021\/02\/MO_0125_stand_booth_Nuno-Feria_09_blanc_lampes-scaled-1-12x12.webp 12w\" sizes=\"(max-width: 338px) 100vw, 338px\" \/><\/figure>\n<\/div>\n<\/div>\n<\/div>\n<\/div>","protected":false},"excerpt":{"rendered":"","protected":false},"author":4,"featured_media":0,"parent":0,"menu_order":0,"comment_status":"closed","ping_status":"closed","template":"template-parts\/home-page.php","meta":{"_acf_changed":false,"footnotes":""},"class_list":["post-19","page","type-page","status-publish","hentry"],"acf":[],"yoast_head":"<!-- This site is optimized with the Yoast SEO Premium plugin v25.7.1 (Yoast SEO v26.9) - https:\/\/yoast.com\/product\/yoast-seo-premium-wordpress\/ -->\n<title>Qui sommes-nous - Softicated<\/title>\n<meta name=\"description\" content=\"SOFTICATED \u00e9dite du mobilier, luminaires et tapis pour des int\u00e9rieurs d&#039;exception pour les passionn\u00e9s du design \u00e0 la recherche de nouveaut\u00e9s.\" \/>\n<meta name=\"robots\" content=\"index, follow, max-snippet:-1, max-image-preview:large, max-video-preview:-1\" \/>\n<link rel=\"canonical\" href=\"https:\/\/softicated.com\/en\/qui-sommes-nous\/\" \/>\n<meta property=\"og:locale\" content=\"en_GB\" \/>\n<meta property=\"og:type\" content=\"article\" \/>\n<meta property=\"og:title\" content=\"Qui sommes-nous\" \/>\n<meta property=\"og:description\" content=\"SOFTICATED \u00e9dite du mobilier, luminaires et tapis pour des int\u00e9rieurs d&#039;exception pour les passionn\u00e9s du design \u00e0 la recherche de nouveaut\u00e9s.\" \/>\n<meta property=\"og:url\" content=\"https:\/\/softicated.com\/en\/qui-sommes-nous\/\" \/>\n<meta property=\"og:site_name\" content=\"Softicated\" \/>\n<meta property=\"article:publisher\" content=\"https:\/\/www.facebook.com\/Softicated\" \/>\n<meta property=\"article:modified_time\" content=\"2026-03-05T20:48:32+00:00\" \/>\n<meta property=\"og:image\" content=\"https:\/\/softicated.com\/wp-content\/uploads\/2025\/12\/cyril-rumpler-1.jpg\" \/>\n\t<meta property=\"og:image:width\" content=\"1300\" \/>\n\t<meta property=\"og:image:height\" content=\"1599\" \/>\n\t<meta property=\"og:image:type\" content=\"image\/jpeg\" \/>\n<meta name=\"twitter:card\" content=\"summary_large_image\" \/>\n<script type=\"application\/ld+json\" class=\"yoast-schema-graph\">{\"@context\":\"https:\/\/schema.org\",\"@graph\":[{\"@type\":\"WebPage\",\"@id\":\"https:\/\/softicated.com\/qui-sommes-nous\/\",\"url\":\"https:\/\/softicated.com\/qui-sommes-nous\/\",\"name\":\"Qui sommes-nous - Softicated\",\"isPartOf\":{\"@id\":\"https:\/\/softicated.com\/#website\"},\"primaryImageOfPage\":{\"@id\":\"https:\/\/softicated.com\/qui-sommes-nous\/#primaryimage\"},\"image\":{\"@id\":\"https:\/\/softicated.com\/qui-sommes-nous\/#primaryimage\"},\"thumbnailUrl\":\"https:\/\/softicated.com\/wp-content\/uploads\/2025\/12\/cyril-rumpler-1-650x800.jpg\",\"datePublished\":\"2020-11-05T15:22:53+00:00\",\"dateModified\":\"2026-03-05T20:48:32+00:00\",\"description\":\"SOFTICATED \u00e9dite du mobilier, luminaires et tapis pour des int\u00e9rieurs d'exception pour les passionn\u00e9s du design \u00e0 la recherche de nouveaut\u00e9s.\",\"breadcrumb\":{\"@id\":\"https:\/\/softicated.com\/qui-sommes-nous\/#breadcrumb\"},\"inLanguage\":\"en-GB\",\"potentialAction\":[{\"@type\":\"ReadAction\",\"target\":[\"https:\/\/softicated.com\/qui-sommes-nous\/\"]}]},{\"@type\":\"ImageObject\",\"inLanguage\":\"en-GB\",\"@id\":\"https:\/\/softicated.com\/qui-sommes-nous\/#primaryimage\",\"url\":\"https:\/\/softicated.com\/wp-content\/uploads\/2025\/12\/cyril-rumpler-1-650x800.jpg\",\"contentUrl\":\"https:\/\/softicated.com\/wp-content\/uploads\/2025\/12\/cyril-rumpler-1-650x800.jpg\"},{\"@type\":\"BreadcrumbList\",\"@id\":\"https:\/\/softicated.com\/qui-sommes-nous\/#breadcrumb\",\"itemListElement\":[{\"@type\":\"ListItem\",\"position\":1,\"name\":\"Accueil\",\"item\":\"https:\/\/softicated.com\/\"},{\"@type\":\"ListItem\",\"position\":2,\"name\":\"Editeur de mobilier luminaires et tapis suisse Softicated\"}]},{\"@type\":\"WebSite\",\"@id\":\"https:\/\/softicated.com\/#website\",\"url\":\"https:\/\/softicated.com\/\",\"name\":\"Softicated\",\"description\":\"Cr\u00e9ateur de meubles, luminaires et tapis premium\",\"publisher\":{\"@id\":\"https:\/\/softicated.com\/#organization\"},\"potentialAction\":[{\"@type\":\"SearchAction\",\"target\":{\"@type\":\"EntryPoint\",\"urlTemplate\":\"https:\/\/softicated.com\/?s={search_term_string}\"},\"query-input\":{\"@type\":\"PropertyValueSpecification\",\"valueRequired\":true,\"valueName\":\"search_term_string\"}}],\"inLanguage\":\"en-GB\"},{\"@type\":\"Organization\",\"@id\":\"https:\/\/softicated.com\/#organization\",\"name\":\"Softicated\",\"url\":\"https:\/\/softicated.com\/\",\"logo\":{\"@type\":\"ImageObject\",\"inLanguage\":\"en-GB\",\"@id\":\"https:\/\/softicated.com\/#\/schema\/logo\/image\/\",\"url\":\"https:\/\/softicated.com\/wp-content\/uploads\/2025\/11\/logo-dark-2.svg\",\"contentUrl\":\"https:\/\/softicated.com\/wp-content\/uploads\/2025\/11\/logo-dark-2.svg\",\"caption\":\"Softicated\"},\"image\":{\"@id\":\"https:\/\/softicated.com\/#\/schema\/logo\/image\/\"},\"sameAs\":[\"https:\/\/www.facebook.com\/Softicated\",\"https:\/\/www.pinterest.com\/softicateddesign\",\"https:\/\/www.instagram.com\/softicated.design\"]}]}<\/script>\n<!-- \/ Yoast SEO Premium plugin. -->","yoast_head_json":{"title":"Who we are \u2014 Softicated","description":"SOFTICATED \u00e9dite du mobilier, luminaires et tapis pour des int\u00e9rieurs d'exception pour les passionn\u00e9s du design \u00e0 la recherche de nouveaut\u00e9s.","robots":{"index":"index","follow":"follow","max-snippet":"max-snippet:-1","max-image-preview":"max-image-preview:large","max-video-preview":"max-video-preview:-1"},"canonical":"https:\/\/softicated.com\/en\/qui-sommes-nous\/","og_locale":"en_GB","og_type":"article","og_title":"Qui sommes-nous","og_description":"SOFTICATED \u00e9dite du mobilier, luminaires et tapis pour des int\u00e9rieurs d'exception pour les passionn\u00e9s du design \u00e0 la recherche de nouveaut\u00e9s.","og_url":"https:\/\/softicated.com\/en\/qui-sommes-nous\/","og_site_name":"Softicated","article_publisher":"https:\/\/www.facebook.com\/Softicated","article_modified_time":"2026-03-05T20:48:32+00:00","og_image":[{"width":1300,"height":1599,"url":"https:\/\/softicated.com\/wp-content\/uploads\/2025\/12\/cyril-rumpler-1.jpg","type":"image\/jpeg"}],"twitter_card":"summary_large_image","schema":{"@context":"https:\/\/schema.org","@graph":[{"@type":"WebPage","@id":"https:\/\/softicated.com\/qui-sommes-nous\/","url":"https:\/\/softicated.com\/qui-sommes-nous\/","name":"Who we are \u2014 Softicated","isPartOf":{"@id":"https:\/\/softicated.com\/#website"},"primaryImageOfPage":{"@id":"https:\/\/softicated.com\/qui-sommes-nous\/#primaryimage"},"image":{"@id":"https:\/\/softicated.com\/qui-sommes-nous\/#primaryimage"},"thumbnailUrl":"https:\/\/softicated.com\/wp-content\/uploads\/2025\/12\/cyril-rumpler-1-650x800.jpg","datePublished":"2020-11-05T15:22:53+00:00","dateModified":"2026-03-05T20:48:32+00:00","description":"SOFTICATED \u00e9dite du mobilier, luminaires et tapis pour des int\u00e9rieurs d'exception pour les passionn\u00e9s du design \u00e0 la recherche de nouveaut\u00e9s.","breadcrumb":{"@id":"https:\/\/softicated.com\/qui-sommes-nous\/#breadcrumb"},"inLanguage":"en-GB","potentialAction":[{"@type":"ReadAction","target":["https:\/\/softicated.com\/qui-sommes-nous\/"]}]},{"@type":"ImageObject","inLanguage":"en-GB","@id":"https:\/\/softicated.com\/qui-sommes-nous\/#primaryimage","url":"https:\/\/softicated.com\/wp-content\/uploads\/2025\/12\/cyril-rumpler-1-650x800.jpg","contentUrl":"https:\/\/softicated.com\/wp-content\/uploads\/2025\/12\/cyril-rumpler-1-650x800.jpg"},{"@type":"BreadcrumbList","@id":"https:\/\/softicated.com\/qui-sommes-nous\/#breadcrumb","itemListElement":[{"@type":"ListItem","position":1,"name":"Accueil","item":"https:\/\/softicated.com\/"},{"@type":"ListItem","position":2,"name":"Editeur de mobilier luminaires et tapis suisse Softicated"}]},{"@type":"WebSite","@id":"https:\/\/softicated.com\/#website","url":"https:\/\/softicated.com\/","name":"Softicated","description":"Designer of premium furniture, lighting and rugs","publisher":{"@id":"https:\/\/softicated.com\/#organization"},"potentialAction":[{"@type":"SearchAction","target":{"@type":"EntryPoint","urlTemplate":"https:\/\/softicated.com\/?s={search_term_string}"},"query-input":{"@type":"PropertyValueSpecification","valueRequired":true,"valueName":"search_term_string"}}],"inLanguage":"en-GB"},{"@type":"Organization","@id":"https:\/\/softicated.com\/#organization","name":"Softicated","url":"https:\/\/softicated.com\/","logo":{"@type":"ImageObject","inLanguage":"en-GB","@id":"https:\/\/softicated.com\/#\/schema\/logo\/image\/","url":"https:\/\/softicated.com\/wp-content\/uploads\/2025\/11\/logo-dark-2.svg","contentUrl":"https:\/\/softicated.com\/wp-content\/uploads\/2025\/11\/logo-dark-2.svg","caption":"Softicated"},"image":{"@id":"https:\/\/softicated.com\/#\/schema\/logo\/image\/"},"sameAs":["https:\/\/www.facebook.com\/Softicated","https:\/\/www.pinterest.com\/softicateddesign","https:\/\/www.instagram.com\/softicated.design"]}]}},"_links":{"self":[{"href":"https:\/\/softicated.com\/en\/wp-json\/wp\/v2\/pages\/19","targetHints":{"allow":["GET"]}}],"collection":[{"href":"https:\/\/softicated.com\/en\/wp-json\/wp\/v2\/pages"}],"about":[{"href":"https:\/\/softicated.com\/en\/wp-json\/wp\/v2\/types\/page"}],"author":[{"embeddable":true,"href":"https:\/\/softicated.com\/en\/wp-json\/wp\/v2\/users\/4"}],"replies":[{"embeddable":true,"href":"https:\/\/softicated.com\/en\/wp-json\/wp\/v2\/comments?post=19"}],"version-history":[{"count":38,"href":"https:\/\/softicated.com\/en\/wp-json\/wp\/v2\/pages\/19\/revisions"}],"predecessor-version":[{"id":15219,"href":"https:\/\/softicated.com\/en\/wp-json\/wp\/v2\/pages\/19\/revisions\/15219"}],"wp:attachment":[{"href":"https:\/\/softicated.com\/en\/wp-json\/wp\/v2\/media?parent=19"}],"curies":[{"name":"wp","href":"https:\/\/api.w.org\/{rel}","templated":true}]}}