{"id":8799,"date":"2022-11-03T16:02:36","date_gmt":"2022-11-03T15:02:36","guid":{"rendered":"https:\/\/softicated.com\/?post_type=product&#038;p=8799"},"modified":"2026-03-11T12:29:16","modified_gmt":"2026-03-11T11:29:16","slug":"silhouette-cuivre","status":"publish","type":"product","link":"https:\/\/softicated.com\/de\/produit\/silhouette-cuivre\/","title":{"rendered":"Silhouette \u2013 Kupfer"},"content":{"rendered":"<p>Die kupferne Silhouette-Tischleuchte entfaltet ein vom Modeuniversum inspiriertes Design, das an die Eleganz eines K\u00f6rpers in einem flie\u00dfenden, figurbetonten Gewand erinnert. Ihr vertikales Profil mit feinen Kurven erinnert an die Silhouette eines skulpturierten Kleides, das Bewegung und Leichtigkeit ausdr\u00fcckt. Der Fu\u00df, fein verbreitert, deutet eine Schleppe an, die ihre Pr\u00e4senz verst\u00e4rkt.<\/p>\n<p>In dieser kupfernen Version nimmt Silhouette einen warmen, umh\u00fcllenden Ton an, zwischen Raffinesse und K\u00fchnheit. Kupfer, mit seinem leicht rosigen Glanz, erzeugt eine besondere Lichtschwingung : Es f\u00e4ngt das Umgebungslicht ein und reflektiert es, um die flie\u00dfenden Linien des Objekts hervorzuheben. Der Lichtschlitz wird zu einem subtilen Kontrastpunkt, der Material und Licht ausbalanciert.<\/p>\n<p>Die Aluminiumstruktur sorgt f\u00fcr Stabilit\u00e4t und bewahrt gleichzeitig visuelle Leichtigkeit. Ihre kupferfarbene Oberfl\u00e4che betont die Volumen ohne Schwere und verleiht der Leuchte einen zeitgen\u00f6ssischen, handwerklichen Charakter. Die 7W-LED, verborgen hinter einem opalenen Diffusor, sorgt f\u00fcr weiches, diffuses Licht ideal, um eine elegante und komfortable Atmosph\u00e4re zu schaffen.<\/p>\n<p>Mit Casambi-Bluetooth l\u00e4sst sich die Lichtintensit\u00e4t je nach Bedarf variieren von stimmungsvoll bis klarer. Die Kupfer-Version passt perfekt zu zeitgen\u00f6ssischen, industriellen oder auch vintage-inspirierten Interieurs dank ihres markanten, zeitlosen Charakters.<\/p>\n<p>G\u00f6nnen Sie sich diese raffinierte Kreation und lassen Sie die Silhouette Bronze Ihre R\u00e4ume mit Subtilit\u00e4t und Charakter erhellen.<\/p>","protected":false},"excerpt":{"rendered":"<p>La lampe de table Silhouette cuivr\u00e9e d\u00e9ploie un design inspir\u00e9 du monde de la mode, \u00e9voquant l\u2019\u00e9l\u00e9gance d\u2019un corps habill\u00e9 d\u2019un v\u00eatement fluide et ajust\u00e9. Son profil vertical, rythm\u00e9 par des courbes subtiles rappelle la silhouette d\u2019une robe sculpt\u00e9e qui \u00e9pouse les formes tout en exprimant mouvement et l\u00e9g\u00e8ret\u00e9. La partie inf\u00e9rieure, \u00e9largie avec finesse [&hellip;]<\/p>","protected":false},"featured_media":12205,"comment_status":"closed","ping_status":"closed","template":"","meta":{"_acf_changed":false},"product_brand":[],"product_cat":[168],"product_tag":[],"collections":[],"awards":[],"by_color":[],"class_list":{"0":"post-8799","1":"product","2":"type-product","3":"status-publish","4":"has-post-thumbnail","6":"product_cat-lampe-de-table","7":"product_shipping_class-luminaire-silhouette","9":"first","10":"instock","11":"shipping-taxable","12":"purchasable","13":"product-type-simple"},"acf":[],"yoast_head":"<!-- This site is optimized with the Yoast SEO Premium plugin v25.7.1 (Yoast SEO v26.9) - https:\/\/yoast.com\/product\/yoast-seo-premium-wordpress\/ -->\n<title>Silhouette - Cuivre - Softicated<\/title>\n<meta name=\"description\" content=\"La lampe de table silhouette est \u00e9quip\u00e9e d\u2019une source LED de 7W. Le ruban LEDS est recouvert d\u2019une mati\u00e8re translucide qui permet d\u2019att\u00e9nuer l\u2019intensit\u00e9 ...\" \/>\n<meta name=\"robots\" content=\"index, follow, max-snippet:-1, max-image-preview:large, max-video-preview:-1\" \/>\n<link rel=\"canonical\" href=\"https:\/\/softicated.com\/de\/produit\/silhouette-cuivre\/\" \/>\n<meta property=\"og:locale\" content=\"de_DE\" \/>\n<meta property=\"og:type\" content=\"article\" \/>\n<meta property=\"og:title\" content=\"Silhouette - Cuivre\" \/>\n<meta property=\"og:description\" content=\"La lampe de table silhouette est \u00e9quip\u00e9e d\u2019une source LED de 7W. Le ruban LEDS est recouvert d\u2019une mati\u00e8re translucide qui permet d\u2019att\u00e9nuer l\u2019intensit\u00e9 ...\" \/>\n<meta property=\"og:url\" content=\"https:\/\/softicated.com\/de\/produit\/silhouette-cuivre\/\" \/>\n<meta property=\"og:site_name\" content=\"Softicated\" \/>\n<meta property=\"article:publisher\" content=\"https:\/\/www.facebook.com\/Softicated\" \/>\n<meta property=\"article:modified_time\" content=\"2026-03-11T11:29:16+00:00\" \/>\n<meta property=\"og:image\" content=\"https:\/\/softicated.com\/wp-content\/uploads\/2022\/11\/preview_silhouette_cuivre_on_01-1-scaled-1.webp\" \/>\n\t<meta property=\"og:image:width\" content=\"1829\" \/>\n\t<meta property=\"og:image:height\" content=\"2560\" \/>\n\t<meta property=\"og:image:type\" content=\"image\/webp\" \/>\n<meta name=\"twitter:card\" content=\"summary_large_image\" \/>\n<script type=\"application\/ld+json\" class=\"yoast-schema-graph\">{\"@context\":\"https:\/\/schema.org\",\"@graph\":[{\"@type\":\"WebPage\",\"@id\":\"https:\/\/softicated.com\/produit\/silhouette-cuivre\/\",\"url\":\"https:\/\/softicated.com\/produit\/silhouette-cuivre\/\",\"name\":\"Silhouette - Cuivre - Softicated\",\"isPartOf\":{\"@id\":\"https:\/\/softicated.com\/#website\"},\"primaryImageOfPage\":{\"@id\":\"https:\/\/softicated.com\/produit\/silhouette-cuivre\/#primaryimage\"},\"image\":{\"@id\":\"https:\/\/softicated.com\/produit\/silhouette-cuivre\/#primaryimage\"},\"thumbnailUrl\":\"https:\/\/softicated.com\/wp-content\/uploads\/2022\/11\/preview_silhouette_cuivre_on_01-1-scaled-1.webp\",\"datePublished\":\"2022-11-03T15:02:36+00:00\",\"dateModified\":\"2026-03-11T11:29:16+00:00\",\"description\":\"La lampe de table silhouette est \u00e9quip\u00e9e d\u2019une source LED de 7W. Le ruban LEDS est recouvert d\u2019une mati\u00e8re translucide qui permet d\u2019att\u00e9nuer l\u2019intensit\u00e9 ...\",\"breadcrumb\":{\"@id\":\"https:\/\/softicated.com\/produit\/silhouette-cuivre\/#breadcrumb\"},\"inLanguage\":\"de-CH\",\"potentialAction\":[{\"@type\":\"ReadAction\",\"target\":[\"https:\/\/softicated.com\/produit\/silhouette-cuivre\/\"]}]},{\"@type\":\"ImageObject\",\"inLanguage\":\"de-CH\",\"@id\":\"https:\/\/softicated.com\/produit\/silhouette-cuivre\/#primaryimage\",\"url\":\"https:\/\/softicated.com\/wp-content\/uploads\/2022\/11\/preview_silhouette_cuivre_on_01-1-scaled-1.webp\",\"contentUrl\":\"https:\/\/softicated.com\/wp-content\/uploads\/2022\/11\/preview_silhouette_cuivre_on_01-1-scaled-1.webp\",\"width\":1829,\"height\":2560,\"caption\":\"Silhouette - Cuivre\"},{\"@type\":\"BreadcrumbList\",\"@id\":\"https:\/\/softicated.com\/produit\/silhouette-cuivre\/#breadcrumb\",\"itemListElement\":[{\"@type\":\"ListItem\",\"position\":1,\"name\":\"Accueil\",\"item\":\"https:\/\/softicated.com\/\"},{\"@type\":\"ListItem\",\"position\":2,\"name\":\"Produits Mobilier Premium Softicated\",\"item\":\"https:\/\/softicated.com\/produits\/\"},{\"@type\":\"ListItem\",\"position\":3,\"name\":\"Luminaire Design\",\"item\":\"https:\/\/softicated.com\/categorie-produit\/luminaire\/\"},{\"@type\":\"ListItem\",\"position\":4,\"name\":\"Lampe de table design\",\"item\":\"https:\/\/softicated.com\/categorie-produit\/luminaire\/lampe-de-table\/\"},{\"@type\":\"ListItem\",\"position\":5,\"name\":\"Silhouette cuivre\"}]},{\"@type\":\"WebSite\",\"@id\":\"https:\/\/softicated.com\/#website\",\"url\":\"https:\/\/softicated.com\/\",\"name\":\"Softicated\",\"description\":\"Cr\u00e9ateur de meubles, luminaires et tapis premium\",\"publisher\":{\"@id\":\"https:\/\/softicated.com\/#organization\"},\"potentialAction\":[{\"@type\":\"SearchAction\",\"target\":{\"@type\":\"EntryPoint\",\"urlTemplate\":\"https:\/\/softicated.com\/?s={search_term_string}\"},\"query-input\":{\"@type\":\"PropertyValueSpecification\",\"valueRequired\":true,\"valueName\":\"search_term_string\"}}],\"inLanguage\":\"de-CH\"},{\"@type\":\"Organization\",\"@id\":\"https:\/\/softicated.com\/#organization\",\"name\":\"Softicated\",\"url\":\"https:\/\/softicated.com\/\",\"logo\":{\"@type\":\"ImageObject\",\"inLanguage\":\"de-CH\",\"@id\":\"https:\/\/softicated.com\/#\/schema\/logo\/image\/\",\"url\":\"https:\/\/softicated.com\/wp-content\/uploads\/2025\/11\/logo-dark-2.svg\",\"contentUrl\":\"https:\/\/softicated.com\/wp-content\/uploads\/2025\/11\/logo-dark-2.svg\",\"caption\":\"Softicated\"},\"image\":{\"@id\":\"https:\/\/softicated.com\/#\/schema\/logo\/image\/\"},\"sameAs\":[\"https:\/\/www.facebook.com\/Softicated\",\"https:\/\/www.pinterest.com\/softicateddesign\",\"https:\/\/www.instagram.com\/softicated.design\"]}]}<\/script>\n<!-- \/ Yoast SEO Premium plugin. -->","yoast_head_json":{"title":"Design-Tischlampe - Silhouette Kupfer - Softicated","description":"La lampe de table silhouette est \u00e9quip\u00e9e d\u2019une source LED de 7W. Le ruban LEDS est recouvert d\u2019une mati\u00e8re translucide qui permet d\u2019att\u00e9nuer l\u2019intensit\u00e9 ...","robots":{"index":"index","follow":"follow","max-snippet":"max-snippet:-1","max-image-preview":"max-image-preview:large","max-video-preview":"max-video-preview:-1"},"canonical":"https:\/\/softicated.com\/de\/produit\/silhouette-cuivre\/","og_locale":"de_DE","og_type":"article","og_title":"Silhouette - Cuivre","og_description":"La lampe de table silhouette est \u00e9quip\u00e9e d\u2019une source LED de 7W. Le ruban LEDS est recouvert d\u2019une mati\u00e8re translucide qui permet d\u2019att\u00e9nuer l\u2019intensit\u00e9 ...","og_url":"https:\/\/softicated.com\/de\/produit\/silhouette-cuivre\/","og_site_name":"Softicated","article_publisher":"https:\/\/www.facebook.com\/Softicated","article_modified_time":"2026-03-11T11:29:16+00:00","og_image":[{"width":1829,"height":2560,"url":"https:\/\/softicated.com\/wp-content\/uploads\/2022\/11\/preview_silhouette_cuivre_on_01-1-scaled-1.webp","type":"image\/webp"}],"twitter_card":"summary_large_image","schema":{"@context":"https:\/\/schema.org","@graph":[{"@type":"WebPage","@id":"https:\/\/softicated.com\/produit\/silhouette-cuivre\/","url":"https:\/\/softicated.com\/produit\/silhouette-cuivre\/","name":"Design-Tischlampe - Silhouette Kupfer - Softicated","isPartOf":{"@id":"https:\/\/softicated.com\/#website"},"primaryImageOfPage":{"@id":"https:\/\/softicated.com\/produit\/silhouette-cuivre\/#primaryimage"},"image":{"@id":"https:\/\/softicated.com\/produit\/silhouette-cuivre\/#primaryimage"},"thumbnailUrl":"https:\/\/softicated.com\/wp-content\/uploads\/2022\/11\/preview_silhouette_cuivre_on_01-1-scaled-1.webp","datePublished":"2022-11-03T15:02:36+00:00","dateModified":"2026-03-11T11:29:16+00:00","description":"La lampe de table silhouette est \u00e9quip\u00e9e d\u2019une source LED de 7W. Le ruban LEDS est recouvert d\u2019une mati\u00e8re translucide qui permet d\u2019att\u00e9nuer l\u2019intensit\u00e9 ...","breadcrumb":{"@id":"https:\/\/softicated.com\/produit\/silhouette-cuivre\/#breadcrumb"},"inLanguage":"de-CH","potentialAction":[{"@type":"ReadAction","target":["https:\/\/softicated.com\/produit\/silhouette-cuivre\/"]}]},{"@type":"ImageObject","inLanguage":"de-CH","@id":"https:\/\/softicated.com\/produit\/silhouette-cuivre\/#primaryimage","url":"https:\/\/softicated.com\/wp-content\/uploads\/2022\/11\/preview_silhouette_cuivre_on_01-1-scaled-1.webp","contentUrl":"https:\/\/softicated.com\/wp-content\/uploads\/2022\/11\/preview_silhouette_cuivre_on_01-1-scaled-1.webp","width":1829,"height":2560,"caption":"Silhouette - Cuivre"},{"@type":"BreadcrumbList","@id":"https:\/\/softicated.com\/produit\/silhouette-cuivre\/#breadcrumb","itemListElement":[{"@type":"ListItem","position":1,"name":"Accueil","item":"https:\/\/softicated.com\/"},{"@type":"ListItem","position":2,"name":"Produits Mobilier Premium Softicated","item":"https:\/\/softicated.com\/produits\/"},{"@type":"ListItem","position":3,"name":"Luminaire Design","item":"https:\/\/softicated.com\/categorie-produit\/luminaire\/"},{"@type":"ListItem","position":4,"name":"Lampe de table design","item":"https:\/\/softicated.com\/categorie-produit\/luminaire\/lampe-de-table\/"},{"@type":"ListItem","position":5,"name":"Silhouette cuivre"}]},{"@type":"WebSite","@id":"https:\/\/softicated.com\/#website","url":"https:\/\/softicated.com\/","name":"Softicated","description":"Sch\u00f6pfer hochwertiger M\u00f6bel, Leuchten und Teppiche","publisher":{"@id":"https:\/\/softicated.com\/#organization"},"potentialAction":[{"@type":"SearchAction","target":{"@type":"EntryPoint","urlTemplate":"https:\/\/softicated.com\/?s={search_term_string}"},"query-input":{"@type":"PropertyValueSpecification","valueRequired":true,"valueName":"search_term_string"}}],"inLanguage":"de-CH"},{"@type":"Organization","@id":"https:\/\/softicated.com\/#organization","name":"Softicated","url":"https:\/\/softicated.com\/","logo":{"@type":"ImageObject","inLanguage":"de-CH","@id":"https:\/\/softicated.com\/#\/schema\/logo\/image\/","url":"https:\/\/softicated.com\/wp-content\/uploads\/2025\/11\/logo-dark-2.svg","contentUrl":"https:\/\/softicated.com\/wp-content\/uploads\/2025\/11\/logo-dark-2.svg","caption":"Softicated"},"image":{"@id":"https:\/\/softicated.com\/#\/schema\/logo\/image\/"},"sameAs":["https:\/\/www.facebook.com\/Softicated","https:\/\/www.pinterest.com\/softicateddesign","https:\/\/www.instagram.com\/softicated.design"]}]}},"_links":{"self":[{"href":"https:\/\/softicated.com\/de\/wp-json\/wp\/v2\/product\/8799","targetHints":{"allow":["GET"]}}],"collection":[{"href":"https:\/\/softicated.com\/de\/wp-json\/wp\/v2\/product"}],"about":[{"href":"https:\/\/softicated.com\/de\/wp-json\/wp\/v2\/types\/product"}],"replies":[{"embeddable":true,"href":"https:\/\/softicated.com\/de\/wp-json\/wp\/v2\/comments?post=8799"}],"wp:featuredmedia":[{"embeddable":true,"href":"https:\/\/softicated.com\/de\/wp-json\/wp\/v2\/media\/12205"}],"wp:attachment":[{"href":"https:\/\/softicated.com\/de\/wp-json\/wp\/v2\/media?parent=8799"}],"wp:term":[{"taxonomy":"product_brand","embeddable":true,"href":"https:\/\/softicated.com\/de\/wp-json\/wp\/v2\/product_brand?post=8799"},{"taxonomy":"product_cat","embeddable":true,"href":"https:\/\/softicated.com\/de\/wp-json\/wp\/v2\/product_cat?post=8799"},{"taxonomy":"product_tag","embeddable":true,"href":"https:\/\/softicated.com\/de\/wp-json\/wp\/v2\/product_tag?post=8799"},{"taxonomy":"collections","embeddable":true,"href":"https:\/\/softicated.com\/de\/wp-json\/wp\/v2\/collections?post=8799"},{"taxonomy":"awards","embeddable":true,"href":"https:\/\/softicated.com\/de\/wp-json\/wp\/v2\/awards?post=8799"},{"taxonomy":"by_color","embeddable":true,"href":"https:\/\/softicated.com\/de\/wp-json\/wp\/v2\/by_color?post=8799"}],"curies":[{"name":"wp","href":"https:\/\/api.w.org\/{rel}","templated":true}]}}