{"id":8794,"date":"2022-11-03T16:01:40","date_gmt":"2022-11-03T15:01:40","guid":{"rendered":"https:\/\/softicated.com\/?post_type=product&#038;p=8794"},"modified":"2026-03-11T12:55:20","modified_gmt":"2026-03-11T11:55:20","slug":"silhouette-dore","status":"publish","type":"product","link":"https:\/\/softicated.com\/de\/produit\/silhouette-dore\/","title":{"rendered":"Design-Tischlampe - Silhouette Gold"},"content":{"rendered":"<p>Die goldene Silhouette-Tischleuchte ist von der Haute Couture inspiriert und erinnert an die Anmut einer weiblichen Silhouette im Abendkleid. Ihre schlanke Form folgt den Linien eines figurbetonten Gewands und vereint dabei flie\u00dfende Leichtigkeit und Haltung. Am Fu\u00df deutet eine dezente Verl\u00e4ngerung eine Schleppe an, die ihre vertikale Pr\u00e4senz verst\u00e4rkt.<\/p>\n<p>Ihr Profil, strukturiert und zugleich sanft geschwungen, ruft Bewegung hervor. In dieser Version ist die Silhouette in Gold gekleidet ein warmer, leuchtender Farbton, der das Spiel von Licht und Schatten auf ihren Fl\u00e4chen verst\u00e4rkt. Der zentrale Schlitz wird zu einem grafischen Element, einem Lichtstrich, der die Leuchte zur Signatur verwandelt.<br \/>\nDie goldene Oberfl\u00e4che reflektiert subtil ihre Umgebung und verleiht der Leuchte eine kostbare Dimension ohne \u00dcbertreibung. Aus Aluminium gefertigt, verbindet sie Stabilit\u00e4t mit visueller Eleganz. Das 7W-LED-Licht, verborgen hinter einem satinierten Diffusor, sorgt f\u00fcr weiches, umh\u00fcllendes und gleichm\u00e4\u00dfiges Licht.<\/p>\n<p>Mit Casambi-Bluetooth l\u00e4sst sich die Leuchte intuitiv per Smartphone oder Tablet steuern. Von intim bis einladend oder dynamischer die Lichtstimmung passt sich den Bed\u00fcrfnissen an. Sie f\u00fcgt sich nat\u00fcrlich in sorgf\u00e4ltig gestaltete Interieurs ein, ob zeitgen\u00f6ssisch oder klassisch.<\/p>\n<p>Die Wahl der Silhouette in Gold bedeutet, eine noble, warme Lichtquelle in den Raum zu bringen ein leuchtendes Schmuckst\u00fcck, das Eleganz, Weichheit und magnetische Pr\u00e4senz verleiht.<\/p>","protected":false},"excerpt":{"rendered":"<p>La lampe de table Silhouette dor\u00e9e s\u2019inspire du monde de la haute couture \u00e9voquant la gr\u00e2ce d\u2019une silhouette f\u00e9minine drap\u00e9e dans une robe de soir\u00e9e. Sa forme \u00e9lanc\u00e9e reprend les codes d\u2019un v\u00eatement ajust\u00e9 sugg\u00e9rant \u00e0 la fois fluidit\u00e9 et tenue. \u00c0 sa base, une extension d\u00e9licate fait \u00e9cho \u00e0 une tra\u00eene accentuant la verticalit\u00e9 [&hellip;]<\/p>","protected":false},"featured_media":12223,"comment_status":"closed","ping_status":"closed","template":"","meta":{"_acf_changed":false},"product_brand":[],"product_cat":[168],"product_tag":[],"collections":[],"awards":[151],"by_color":[],"by_style":[],"class_list":{"0":"post-8794","1":"product","2":"type-product","3":"status-publish","4":"has-post-thumbnail","6":"product_cat-lampe-de-table","7":"product_shipping_class-luminaire-silhouette","8":"awards-archiproducts-2023-longlisted-product","10":"first","11":"instock","12":"shipping-taxable","13":"purchasable","14":"product-type-simple"},"acf":[],"yoast_head":"<!-- This site is optimized with the Yoast SEO Premium plugin v25.7.1 (Yoast SEO v26.9) - https:\/\/yoast.com\/product\/yoast-seo-premium-wordpress\/ -->\n<title>Lampe de table design - Silhouette Dore - Softicated<\/title>\n<meta name=\"description\" content=\"La lampe de table silhouette est \u00e9quip\u00e9e d\u2019une source LED de 7W. Le ruban LED est recouvert d\u2019une mati\u00e8re translucide qui permet d\u2019att\u00e9nuer l\u2019intensit\u00e9 ...\" \/>\n<meta name=\"robots\" content=\"index, follow, max-snippet:-1, max-image-preview:large, max-video-preview:-1\" \/>\n<link rel=\"canonical\" href=\"https:\/\/softicated.com\/de\/produit\/lampe-de-table\/\" \/>\n<meta property=\"og:locale\" content=\"de_DE\" \/>\n<meta property=\"og:type\" content=\"article\" \/>\n<meta property=\"og:title\" content=\"Lampe de table design - Silhouette Dore\" \/>\n<meta property=\"og:description\" content=\"La lampe de table silhouette est \u00e9quip\u00e9e d\u2019une source LED de 7W. Le ruban LED est recouvert d\u2019une mati\u00e8re translucide qui permet d\u2019att\u00e9nuer l\u2019intensit\u00e9 ...\" \/>\n<meta property=\"og:url\" content=\"https:\/\/softicated.com\/de\/produit\/lampe-de-table\/\" \/>\n<meta property=\"og:site_name\" content=\"Softicated\" \/>\n<meta property=\"article:publisher\" content=\"https:\/\/www.facebook.com\/Softicated\" \/>\n<meta property=\"article:modified_time\" content=\"2026-03-11T11:55:20+00:00\" \/>\n<meta property=\"og:image\" content=\"https:\/\/softicated.com\/wp-content\/uploads\/2022\/11\/preview_silhouette_dore_on_01-1-scaled-1.webp\" \/>\n\t<meta property=\"og:image:width\" content=\"1829\" \/>\n\t<meta property=\"og:image:height\" content=\"2560\" \/>\n\t<meta property=\"og:image:type\" content=\"image\/webp\" \/>\n<meta name=\"twitter:card\" content=\"summary_large_image\" \/>\n<script type=\"application\/ld+json\" class=\"yoast-schema-graph\">{\"@context\":\"https:\/\/schema.org\",\"@graph\":[{\"@type\":\"WebPage\",\"@id\":\"https:\/\/softicated.com\/de\/produit\/silhouette-dore\/\",\"url\":\"https:\/\/softicated.com\/fr\/produit\/lampe-de-table\",\"name\":\"Lampe de table design - Silhouette Dore - Softicated\",\"isPartOf\":{\"@id\":\"https:\/\/softicated.com\/#website\"},\"primaryImageOfPage\":{\"@id\":\"https:\/\/softicated.com\/fr\/produit\/lampe-de-table#primaryimage\"},\"image\":{\"@id\":\"https:\/\/softicated.com\/fr\/produit\/lampe-de-table#primaryimage\"},\"thumbnailUrl\":\"https:\/\/softicated.com\/wp-content\/uploads\/2022\/11\/preview_silhouette_dore_on_01-1-scaled-1.webp\",\"datePublished\":\"2022-11-03T15:01:40+00:00\",\"dateModified\":\"2026-03-11T11:55:20+00:00\",\"description\":\"La lampe de table silhouette est \u00e9quip\u00e9e d\u2019une source LED de 7W. Le ruban LED est recouvert d\u2019une mati\u00e8re translucide qui permet d\u2019att\u00e9nuer l\u2019intensit\u00e9 ...\",\"breadcrumb\":{\"@id\":\"https:\/\/softicated.com\/fr\/produit\/lampe-de-table#breadcrumb\"},\"inLanguage\":\"de-CH\",\"potentialAction\":[{\"@type\":\"ReadAction\",\"target\":[\"https:\/\/softicated.com\/fr\/produit\/lampe-de-table\"]}]},{\"@type\":\"ImageObject\",\"inLanguage\":\"de-CH\",\"@id\":\"https:\/\/softicated.com\/fr\/produit\/lampe-de-table#primaryimage\",\"url\":\"https:\/\/softicated.com\/wp-content\/uploads\/2022\/11\/preview_silhouette_dore_on_01-1-scaled-1.webp\",\"contentUrl\":\"https:\/\/softicated.com\/wp-content\/uploads\/2022\/11\/preview_silhouette_dore_on_01-1-scaled-1.webp\",\"width\":1829,\"height\":2560,\"caption\":\"Silhouette - Dor\u00e9\"},{\"@type\":\"BreadcrumbList\",\"@id\":\"https:\/\/softicated.com\/fr\/produit\/lampe-de-table#breadcrumb\",\"itemListElement\":[{\"@type\":\"ListItem\",\"position\":1,\"name\":\"Accueil\",\"item\":\"https:\/\/softicated.com\/\"},{\"@type\":\"ListItem\",\"position\":2,\"name\":\"Produits Mobilier Premium Softicated\",\"item\":\"https:\/\/softicated.com\/produits\/\"},{\"@type\":\"ListItem\",\"position\":3,\"name\":\"Luminaire Design\",\"item\":\"https:\/\/softicated.com\/categorie-produit\/luminaire\/\"},{\"@type\":\"ListItem\",\"position\":4,\"name\":\"Lampe de table design\",\"item\":\"https:\/\/softicated.com\/categorie-produit\/luminaire\/lampe-de-table\/\"},{\"@type\":\"ListItem\",\"position\":5,\"name\":\"Silhouette Dor\u00e9\"}]},{\"@type\":\"WebSite\",\"@id\":\"https:\/\/softicated.com\/#website\",\"url\":\"https:\/\/softicated.com\/\",\"name\":\"Softicated\",\"description\":\"Cr\u00e9ateur de meubles, luminaires et tapis premium\",\"publisher\":{\"@id\":\"https:\/\/softicated.com\/#organization\"},\"potentialAction\":[{\"@type\":\"SearchAction\",\"target\":{\"@type\":\"EntryPoint\",\"urlTemplate\":\"https:\/\/softicated.com\/?s={search_term_string}\"},\"query-input\":{\"@type\":\"PropertyValueSpecification\",\"valueRequired\":true,\"valueName\":\"search_term_string\"}}],\"inLanguage\":\"de-CH\"},{\"@type\":\"Organization\",\"@id\":\"https:\/\/softicated.com\/#organization\",\"name\":\"Softicated\",\"url\":\"https:\/\/softicated.com\/\",\"logo\":{\"@type\":\"ImageObject\",\"inLanguage\":\"de-CH\",\"@id\":\"https:\/\/softicated.com\/#\/schema\/logo\/image\/\",\"url\":\"https:\/\/softicated.com\/wp-content\/uploads\/2025\/11\/logo-dark-2.svg\",\"contentUrl\":\"https:\/\/softicated.com\/wp-content\/uploads\/2025\/11\/logo-dark-2.svg\",\"caption\":\"Softicated\"},\"image\":{\"@id\":\"https:\/\/softicated.com\/#\/schema\/logo\/image\/\"},\"sameAs\":[\"https:\/\/www.facebook.com\/Softicated\",\"https:\/\/www.pinterest.com\/softicateddesign\",\"https:\/\/www.instagram.com\/softicated.design\"]}]}<\/script>\n<!-- \/ Yoast SEO Premium plugin. -->","yoast_head_json":{"title":"Design-Tischlampe - Silhouette Gold - Softicated","description":"La lampe de table silhouette est \u00e9quip\u00e9e d\u2019une source LED de 7W. Le ruban LED est recouvert d\u2019une mati\u00e8re translucide qui permet d\u2019att\u00e9nuer l\u2019intensit\u00e9 ...","robots":{"index":"index","follow":"follow","max-snippet":"max-snippet:-1","max-image-preview":"max-image-preview:large","max-video-preview":"max-video-preview:-1"},"canonical":"https:\/\/softicated.com\/de\/produit\/lampe-de-table\/","og_locale":"de_DE","og_type":"article","og_title":"Lampe de table design - Silhouette Dore","og_description":"La lampe de table silhouette est \u00e9quip\u00e9e d\u2019une source LED de 7W. Le ruban LED est recouvert d\u2019une mati\u00e8re translucide qui permet d\u2019att\u00e9nuer l\u2019intensit\u00e9 ...","og_url":"https:\/\/softicated.com\/de\/produit\/lampe-de-table\/","og_site_name":"Softicated","article_publisher":"https:\/\/www.facebook.com\/Softicated","article_modified_time":"2026-03-11T11:55:20+00:00","og_image":[{"width":1829,"height":2560,"url":"https:\/\/softicated.com\/wp-content\/uploads\/2022\/11\/preview_silhouette_dore_on_01-1-scaled-1.webp","type":"image\/webp"}],"twitter_card":"summary_large_image","schema":{"@context":"https:\/\/schema.org","@graph":[{"@type":"WebPage","@id":"https:\/\/softicated.com\/de\/produit\/silhouette-dore\/","url":"https:\/\/softicated.com\/fr\/produit\/lampe-de-table","name":"Design-Tischlampe - Silhouette Gold - Softicated","isPartOf":{"@id":"https:\/\/softicated.com\/#website"},"primaryImageOfPage":{"@id":"https:\/\/softicated.com\/fr\/produit\/lampe-de-table#primaryimage"},"image":{"@id":"https:\/\/softicated.com\/fr\/produit\/lampe-de-table#primaryimage"},"thumbnailUrl":"https:\/\/softicated.com\/wp-content\/uploads\/2022\/11\/preview_silhouette_dore_on_01-1-scaled-1.webp","datePublished":"2022-11-03T15:01:40+00:00","dateModified":"2026-03-11T11:55:20+00:00","description":"La lampe de table silhouette est \u00e9quip\u00e9e d\u2019une source LED de 7W. Le ruban LED est recouvert d\u2019une mati\u00e8re translucide qui permet d\u2019att\u00e9nuer l\u2019intensit\u00e9 ...","breadcrumb":{"@id":"https:\/\/softicated.com\/fr\/produit\/lampe-de-table#breadcrumb"},"inLanguage":"de-CH","potentialAction":[{"@type":"ReadAction","target":["https:\/\/softicated.com\/fr\/produit\/lampe-de-table"]}]},{"@type":"ImageObject","inLanguage":"de-CH","@id":"https:\/\/softicated.com\/fr\/produit\/lampe-de-table#primaryimage","url":"https:\/\/softicated.com\/wp-content\/uploads\/2022\/11\/preview_silhouette_dore_on_01-1-scaled-1.webp","contentUrl":"https:\/\/softicated.com\/wp-content\/uploads\/2022\/11\/preview_silhouette_dore_on_01-1-scaled-1.webp","width":1829,"height":2560,"caption":"Silhouette - Dor\u00e9"},{"@type":"BreadcrumbList","@id":"https:\/\/softicated.com\/fr\/produit\/lampe-de-table#breadcrumb","itemListElement":[{"@type":"ListItem","position":1,"name":"Accueil","item":"https:\/\/softicated.com\/"},{"@type":"ListItem","position":2,"name":"Produits Mobilier Premium Softicated","item":"https:\/\/softicated.com\/produits\/"},{"@type":"ListItem","position":3,"name":"Luminaire Design","item":"https:\/\/softicated.com\/categorie-produit\/luminaire\/"},{"@type":"ListItem","position":4,"name":"Lampe de table design","item":"https:\/\/softicated.com\/categorie-produit\/luminaire\/lampe-de-table\/"},{"@type":"ListItem","position":5,"name":"Silhouette Dor\u00e9"}]},{"@type":"WebSite","@id":"https:\/\/softicated.com\/#website","url":"https:\/\/softicated.com\/","name":"Softicated","description":"Sch\u00f6pfer hochwertiger M\u00f6bel, Leuchten und Teppiche","publisher":{"@id":"https:\/\/softicated.com\/#organization"},"potentialAction":[{"@type":"SearchAction","target":{"@type":"EntryPoint","urlTemplate":"https:\/\/softicated.com\/?s={search_term_string}"},"query-input":{"@type":"PropertyValueSpecification","valueRequired":true,"valueName":"search_term_string"}}],"inLanguage":"de-CH"},{"@type":"Organization","@id":"https:\/\/softicated.com\/#organization","name":"Softicated","url":"https:\/\/softicated.com\/","logo":{"@type":"ImageObject","inLanguage":"de-CH","@id":"https:\/\/softicated.com\/#\/schema\/logo\/image\/","url":"https:\/\/softicated.com\/wp-content\/uploads\/2025\/11\/logo-dark-2.svg","contentUrl":"https:\/\/softicated.com\/wp-content\/uploads\/2025\/11\/logo-dark-2.svg","caption":"Softicated"},"image":{"@id":"https:\/\/softicated.com\/#\/schema\/logo\/image\/"},"sameAs":["https:\/\/www.facebook.com\/Softicated","https:\/\/www.pinterest.com\/softicateddesign","https:\/\/www.instagram.com\/softicated.design"]}]}},"_links":{"self":[{"href":"https:\/\/softicated.com\/de\/wp-json\/wp\/v2\/product\/8794","targetHints":{"allow":["GET"]}}],"collection":[{"href":"https:\/\/softicated.com\/de\/wp-json\/wp\/v2\/product"}],"about":[{"href":"https:\/\/softicated.com\/de\/wp-json\/wp\/v2\/types\/product"}],"replies":[{"embeddable":true,"href":"https:\/\/softicated.com\/de\/wp-json\/wp\/v2\/comments?post=8794"}],"wp:featuredmedia":[{"embeddable":true,"href":"https:\/\/softicated.com\/de\/wp-json\/wp\/v2\/media\/12223"}],"wp:attachment":[{"href":"https:\/\/softicated.com\/de\/wp-json\/wp\/v2\/media?parent=8794"}],"wp:term":[{"taxonomy":"product_brand","embeddable":true,"href":"https:\/\/softicated.com\/de\/wp-json\/wp\/v2\/product_brand?post=8794"},{"taxonomy":"product_cat","embeddable":true,"href":"https:\/\/softicated.com\/de\/wp-json\/wp\/v2\/product_cat?post=8794"},{"taxonomy":"product_tag","embeddable":true,"href":"https:\/\/softicated.com\/de\/wp-json\/wp\/v2\/product_tag?post=8794"},{"taxonomy":"collections","embeddable":true,"href":"https:\/\/softicated.com\/de\/wp-json\/wp\/v2\/collections?post=8794"},{"taxonomy":"awards","embeddable":true,"href":"https:\/\/softicated.com\/de\/wp-json\/wp\/v2\/awards?post=8794"},{"taxonomy":"by_color","embeddable":true,"href":"https:\/\/softicated.com\/de\/wp-json\/wp\/v2\/by_color?post=8794"},{"taxonomy":"by_style","embeddable":true,"href":"https:\/\/softicated.com\/de\/wp-json\/wp\/v2\/by_style?post=8794"}],"curies":[{"name":"wp","href":"https:\/\/api.w.org\/{rel}","templated":true}]}}