{"id":8789,"date":"2022-11-03T15:58:13","date_gmt":"2022-11-03T14:58:13","guid":{"rendered":"https:\/\/softicated.com\/?post_type=product&#038;p=8789"},"modified":"2026-03-11T12:34:02","modified_gmt":"2026-03-11T11:34:02","slug":"silhouette-blanc","status":"publish","type":"product","link":"https:\/\/softicated.com\/de\/produit\/silhouette-blanc\/","title":{"rendered":"Design-Tischlampe - Silhouette Weiss"},"content":{"rendered":"<p>Die wei\u00dfe Silhouette-Tischleuchte erinnert anmutig an die schlanke Silhouette einer Frau im Abendkleid. Ihr feines, vertikales Design ist von den Linien eines figurbetonten Etuikleids inspiriert, das den K\u00f6rper sanft umschmeichelt und die Kurven subtil hervorhebt. Am Fu\u00df deutet eine Schleppe die vertikale Linie an und verleiht dem Objekt zugleich Anmut und Ausdruckskraft.<\/p>\n<p>Ihre langgestreckte, leicht geschwungene Form erinnert an eine Laufstegpose \u2013 aufrecht, doch niemals starr. Die Silhouette spielt hier mit dem Kontrast zwischen geometrischer Strenge und flie\u00dfender Bewegung. Der dezent integrierte Frontschlitz, wie ein Couture-Detail, verwandelt das Licht in eine \u00e4sthetische Geste und betont die Reinheit der Linie. Wei\u00df wirkt hier wie ein Verst\u00e4rker: Es akzentuiert die Konturen, beruhigt die Volumen und reflektiert das Licht sanft.<\/p>\n<p>Das f\u00fcr die Struktur gew\u00e4hlte Aluminium verleiht Robustheit und Modernit\u00e4t. Seine glatten, klaren Fl\u00e4chen verst\u00e4rken den Eindruck von Feinheit, w\u00e4hrend Farbe und Licht diese materielle St\u00e4rke sanft ausgleichen. Die Kombination aus Material, Proportionen und Lichtverteilung macht Silhouette zu einer Leuchte, die \u00fcber reine N\u00fctzlichkeit hinausgeht und zu einer zeitgen\u00f6ssischen Skulptur wird dekorativ und zeitlos.<\/p>\n<p>Dank der Bluetooth-Funktion kann die Leuchte \u00fcber die Casambi-App gesteuert werden. Diese Technologie erm\u00f6glicht es, die Lichtintensit\u00e4t je nach Stimmung anzupassen von einer intimen, ged\u00e4mpften Atmosph\u00e4re bis hin zu einem klareren, dynamischeren Licht. \u00dcber Smartphone oder Tablet l\u00e4sst sich die Leuchte auch in der N\u00e4he ein- oder ausschalten. F\u00fcr noch mehr Benutzerfreundlichkeit ist Silhouette zudem mit einem integrierten Schalter erh\u00e4ltlich.<\/p>\n<p>Die Wahl der Silhouette in Wei\u00df bedeutet, sich f\u00fcr pures Design zu entscheiden eine intelligente, poetische Lichtquelle, diskret und dennoch kraftvoll, zeitlos und elegant.<\/p>","protected":false},"excerpt":{"rendered":"<p>La lampe de table Silhouette blanche \u00e9voque avec gr\u00e2ce la silhouette \u00e9lanc\u00e9e d\u2019une femme en robe de soir\u00e9e. Son design fin et vertical s\u2019inspire des lignes d\u2019un fourreau ajust\u00e9 \u00e9pousant d\u00e9licatement les formes et soulignant les courbes avec subtilit\u00e9. \u00c0 sa base, une \u00e9vocation de tra\u00eene prolonge cette verticalit\u00e9 avec une touche sculpturale conf\u00e9rant \u00e0 [&hellip;]<\/p>","protected":false},"featured_media":12236,"comment_status":"closed","ping_status":"closed","template":"","meta":{"_acf_changed":false},"product_brand":[],"product_cat":[168],"product_tag":[],"collections":[],"awards":[151],"by_color":[],"class_list":{"0":"post-8789","1":"product","2":"type-product","3":"status-publish","4":"has-post-thumbnail","6":"product_cat-lampe-de-table","7":"product_shipping_class-luminaire-silhouette","8":"awards-archiproducts-2023-longlisted-product","10":"first","11":"instock","12":"shipping-taxable","13":"purchasable","14":"product-type-simple"},"acf":[],"yoast_head":"<!-- This site is optimized with the Yoast SEO Premium plugin v25.7.1 (Yoast SEO v26.9) - https:\/\/yoast.com\/product\/yoast-seo-premium-wordpress\/ -->\n<title>Lampe de table design - Silhouette Blanc<\/title>\n<meta name=\"description\" content=\"La lampe de table silhouette est \u00e9quip\u00e9e d\u2019une source LED de 7W. Le ruban LED est recouvert d\u2019une mati\u00e8re translucide qui permet d\u2019att\u00e9nuer l\u2019intensit\u00e9...\" \/>\n<meta name=\"robots\" content=\"index, follow, max-snippet:-1, max-image-preview:large, max-video-preview:-1\" \/>\n<link rel=\"canonical\" href=\"https:\/\/softicated.com\/de\/produit\/lampe-de-table\/\" \/>\n<meta property=\"og:locale\" content=\"de_DE\" \/>\n<meta property=\"og:type\" content=\"article\" \/>\n<meta property=\"og:title\" content=\"Lampe de table design - Silhouette Blanc\" \/>\n<meta property=\"og:description\" content=\"La lampe de table silhouette est \u00e9quip\u00e9e d\u2019une source LED de 7W. Le ruban LED est recouvert d\u2019une mati\u00e8re translucide qui permet d\u2019att\u00e9nuer l\u2019intensit\u00e9...\" \/>\n<meta property=\"og:url\" content=\"https:\/\/softicated.com\/de\/produit\/lampe-de-table\/\" \/>\n<meta property=\"og:site_name\" content=\"Softicated\" \/>\n<meta property=\"article:publisher\" content=\"https:\/\/www.facebook.com\/Softicated\" \/>\n<meta property=\"article:modified_time\" content=\"2026-03-11T11:34:02+00:00\" \/>\n<meta property=\"og:image\" content=\"https:\/\/softicated.com\/wp-content\/uploads\/2022\/11\/preview_silhouette_white_on_01-1-scaled-1.webp\" \/>\n\t<meta property=\"og:image:width\" content=\"1829\" \/>\n\t<meta property=\"og:image:height\" content=\"2560\" \/>\n\t<meta property=\"og:image:type\" content=\"image\/webp\" \/>\n<meta name=\"twitter:card\" content=\"summary_large_image\" \/>\n<script type=\"application\/ld+json\" class=\"yoast-schema-graph\">{\"@context\":\"https:\/\/schema.org\",\"@graph\":[{\"@type\":\"WebPage\",\"@id\":\"https:\/\/softicated.com\/produit\/silhouette-blanc\/\",\"url\":\"https:\/\/softicated.com\/fr\/produit\/lampe-de-table\",\"name\":\"Lampe de table design - Silhouette Blanc\",\"isPartOf\":{\"@id\":\"https:\/\/softicated.com\/#website\"},\"primaryImageOfPage\":{\"@id\":\"https:\/\/softicated.com\/fr\/produit\/lampe-de-table#primaryimage\"},\"image\":{\"@id\":\"https:\/\/softicated.com\/fr\/produit\/lampe-de-table#primaryimage\"},\"thumbnailUrl\":\"https:\/\/softicated.com\/wp-content\/uploads\/2022\/11\/preview_silhouette_white_on_01-1-scaled-1.webp\",\"datePublished\":\"2022-11-03T14:58:13+00:00\",\"dateModified\":\"2026-03-11T11:34:02+00:00\",\"description\":\"La lampe de table silhouette est \u00e9quip\u00e9e d\u2019une source LED de 7W. Le ruban LED est recouvert d\u2019une mati\u00e8re translucide qui permet d\u2019att\u00e9nuer l\u2019intensit\u00e9...\",\"breadcrumb\":{\"@id\":\"https:\/\/softicated.com\/fr\/produit\/lampe-de-table#breadcrumb\"},\"inLanguage\":\"de-CH\",\"potentialAction\":[{\"@type\":\"ReadAction\",\"target\":[\"https:\/\/softicated.com\/fr\/produit\/lampe-de-table\"]}]},{\"@type\":\"ImageObject\",\"inLanguage\":\"de-CH\",\"@id\":\"https:\/\/softicated.com\/fr\/produit\/lampe-de-table#primaryimage\",\"url\":\"https:\/\/softicated.com\/wp-content\/uploads\/2022\/11\/preview_silhouette_white_on_01-1-scaled-1.webp\",\"contentUrl\":\"https:\/\/softicated.com\/wp-content\/uploads\/2022\/11\/preview_silhouette_white_on_01-1-scaled-1.webp\",\"width\":1829,\"height\":2560,\"caption\":\"Silhouette - Blanc\"},{\"@type\":\"BreadcrumbList\",\"@id\":\"https:\/\/softicated.com\/fr\/produit\/lampe-de-table#breadcrumb\",\"itemListElement\":[{\"@type\":\"ListItem\",\"position\":1,\"name\":\"Accueil\",\"item\":\"https:\/\/softicated.com\/\"},{\"@type\":\"ListItem\",\"position\":2,\"name\":\"Produits Mobilier Premium Softicated\",\"item\":\"https:\/\/softicated.com\/produits\/\"},{\"@type\":\"ListItem\",\"position\":3,\"name\":\"Luminaire Design\",\"item\":\"https:\/\/softicated.com\/categorie-produit\/luminaire\/\"},{\"@type\":\"ListItem\",\"position\":4,\"name\":\"Lampe de table design\",\"item\":\"https:\/\/softicated.com\/categorie-produit\/luminaire\/lampe-de-table\/\"},{\"@type\":\"ListItem\",\"position\":5,\"name\":\"Silhouette Blanc\"}]},{\"@type\":\"WebSite\",\"@id\":\"https:\/\/softicated.com\/#website\",\"url\":\"https:\/\/softicated.com\/\",\"name\":\"Softicated\",\"description\":\"Cr\u00e9ateur de meubles, luminaires et tapis premium\",\"publisher\":{\"@id\":\"https:\/\/softicated.com\/#organization\"},\"potentialAction\":[{\"@type\":\"SearchAction\",\"target\":{\"@type\":\"EntryPoint\",\"urlTemplate\":\"https:\/\/softicated.com\/?s={search_term_string}\"},\"query-input\":{\"@type\":\"PropertyValueSpecification\",\"valueRequired\":true,\"valueName\":\"search_term_string\"}}],\"inLanguage\":\"de-CH\"},{\"@type\":\"Organization\",\"@id\":\"https:\/\/softicated.com\/#organization\",\"name\":\"Softicated\",\"url\":\"https:\/\/softicated.com\/\",\"logo\":{\"@type\":\"ImageObject\",\"inLanguage\":\"de-CH\",\"@id\":\"https:\/\/softicated.com\/#\/schema\/logo\/image\/\",\"url\":\"https:\/\/softicated.com\/wp-content\/uploads\/2025\/11\/logo-dark-2.svg\",\"contentUrl\":\"https:\/\/softicated.com\/wp-content\/uploads\/2025\/11\/logo-dark-2.svg\",\"caption\":\"Softicated\"},\"image\":{\"@id\":\"https:\/\/softicated.com\/#\/schema\/logo\/image\/\"},\"sameAs\":[\"https:\/\/www.facebook.com\/Softicated\",\"https:\/\/www.pinterest.com\/softicateddesign\",\"https:\/\/www.instagram.com\/softicated.design\"]}]}<\/script>\n<!-- \/ Yoast SEO Premium plugin. -->","yoast_head_json":{"title":"Design-Tischlampe - Silhouette Weiss","description":"La lampe de table silhouette est \u00e9quip\u00e9e d\u2019une source LED de 7W. Le ruban LED est recouvert d\u2019une mati\u00e8re translucide qui permet d\u2019att\u00e9nuer l\u2019intensit\u00e9...","robots":{"index":"index","follow":"follow","max-snippet":"max-snippet:-1","max-image-preview":"max-image-preview:large","max-video-preview":"max-video-preview:-1"},"canonical":"https:\/\/softicated.com\/de\/produit\/lampe-de-table\/","og_locale":"de_DE","og_type":"article","og_title":"Lampe de table design - Silhouette Blanc","og_description":"La lampe de table silhouette est \u00e9quip\u00e9e d\u2019une source LED de 7W. Le ruban LED est recouvert d\u2019une mati\u00e8re translucide qui permet d\u2019att\u00e9nuer l\u2019intensit\u00e9...","og_url":"https:\/\/softicated.com\/de\/produit\/lampe-de-table\/","og_site_name":"Softicated","article_publisher":"https:\/\/www.facebook.com\/Softicated","article_modified_time":"2026-03-11T11:34:02+00:00","og_image":[{"width":1829,"height":2560,"url":"https:\/\/softicated.com\/wp-content\/uploads\/2022\/11\/preview_silhouette_white_on_01-1-scaled-1.webp","type":"image\/webp"}],"twitter_card":"summary_large_image","schema":{"@context":"https:\/\/schema.org","@graph":[{"@type":"WebPage","@id":"https:\/\/softicated.com\/produit\/silhouette-blanc\/","url":"https:\/\/softicated.com\/fr\/produit\/lampe-de-table","name":"Design-Tischlampe - Silhouette Weiss","isPartOf":{"@id":"https:\/\/softicated.com\/#website"},"primaryImageOfPage":{"@id":"https:\/\/softicated.com\/fr\/produit\/lampe-de-table#primaryimage"},"image":{"@id":"https:\/\/softicated.com\/fr\/produit\/lampe-de-table#primaryimage"},"thumbnailUrl":"https:\/\/softicated.com\/wp-content\/uploads\/2022\/11\/preview_silhouette_white_on_01-1-scaled-1.webp","datePublished":"2022-11-03T14:58:13+00:00","dateModified":"2026-03-11T11:34:02+00:00","description":"La lampe de table silhouette est \u00e9quip\u00e9e d\u2019une source LED de 7W. Le ruban LED est recouvert d\u2019une mati\u00e8re translucide qui permet d\u2019att\u00e9nuer l\u2019intensit\u00e9...","breadcrumb":{"@id":"https:\/\/softicated.com\/fr\/produit\/lampe-de-table#breadcrumb"},"inLanguage":"de-CH","potentialAction":[{"@type":"ReadAction","target":["https:\/\/softicated.com\/fr\/produit\/lampe-de-table"]}]},{"@type":"ImageObject","inLanguage":"de-CH","@id":"https:\/\/softicated.com\/fr\/produit\/lampe-de-table#primaryimage","url":"https:\/\/softicated.com\/wp-content\/uploads\/2022\/11\/preview_silhouette_white_on_01-1-scaled-1.webp","contentUrl":"https:\/\/softicated.com\/wp-content\/uploads\/2022\/11\/preview_silhouette_white_on_01-1-scaled-1.webp","width":1829,"height":2560,"caption":"Silhouette - Blanc"},{"@type":"BreadcrumbList","@id":"https:\/\/softicated.com\/fr\/produit\/lampe-de-table#breadcrumb","itemListElement":[{"@type":"ListItem","position":1,"name":"Accueil","item":"https:\/\/softicated.com\/"},{"@type":"ListItem","position":2,"name":"Produits Mobilier Premium Softicated","item":"https:\/\/softicated.com\/produits\/"},{"@type":"ListItem","position":3,"name":"Luminaire Design","item":"https:\/\/softicated.com\/categorie-produit\/luminaire\/"},{"@type":"ListItem","position":4,"name":"Lampe de table design","item":"https:\/\/softicated.com\/categorie-produit\/luminaire\/lampe-de-table\/"},{"@type":"ListItem","position":5,"name":"Silhouette Blanc"}]},{"@type":"WebSite","@id":"https:\/\/softicated.com\/#website","url":"https:\/\/softicated.com\/","name":"Softicated","description":"Sch\u00f6pfer hochwertiger M\u00f6bel, Leuchten und Teppiche","publisher":{"@id":"https:\/\/softicated.com\/#organization"},"potentialAction":[{"@type":"SearchAction","target":{"@type":"EntryPoint","urlTemplate":"https:\/\/softicated.com\/?s={search_term_string}"},"query-input":{"@type":"PropertyValueSpecification","valueRequired":true,"valueName":"search_term_string"}}],"inLanguage":"de-CH"},{"@type":"Organization","@id":"https:\/\/softicated.com\/#organization","name":"Softicated","url":"https:\/\/softicated.com\/","logo":{"@type":"ImageObject","inLanguage":"de-CH","@id":"https:\/\/softicated.com\/#\/schema\/logo\/image\/","url":"https:\/\/softicated.com\/wp-content\/uploads\/2025\/11\/logo-dark-2.svg","contentUrl":"https:\/\/softicated.com\/wp-content\/uploads\/2025\/11\/logo-dark-2.svg","caption":"Softicated"},"image":{"@id":"https:\/\/softicated.com\/#\/schema\/logo\/image\/"},"sameAs":["https:\/\/www.facebook.com\/Softicated","https:\/\/www.pinterest.com\/softicateddesign","https:\/\/www.instagram.com\/softicated.design"]}]}},"_links":{"self":[{"href":"https:\/\/softicated.com\/de\/wp-json\/wp\/v2\/product\/8789","targetHints":{"allow":["GET"]}}],"collection":[{"href":"https:\/\/softicated.com\/de\/wp-json\/wp\/v2\/product"}],"about":[{"href":"https:\/\/softicated.com\/de\/wp-json\/wp\/v2\/types\/product"}],"replies":[{"embeddable":true,"href":"https:\/\/softicated.com\/de\/wp-json\/wp\/v2\/comments?post=8789"}],"wp:featuredmedia":[{"embeddable":true,"href":"https:\/\/softicated.com\/de\/wp-json\/wp\/v2\/media\/12236"}],"wp:attachment":[{"href":"https:\/\/softicated.com\/de\/wp-json\/wp\/v2\/media?parent=8789"}],"wp:term":[{"taxonomy":"product_brand","embeddable":true,"href":"https:\/\/softicated.com\/de\/wp-json\/wp\/v2\/product_brand?post=8789"},{"taxonomy":"product_cat","embeddable":true,"href":"https:\/\/softicated.com\/de\/wp-json\/wp\/v2\/product_cat?post=8789"},{"taxonomy":"product_tag","embeddable":true,"href":"https:\/\/softicated.com\/de\/wp-json\/wp\/v2\/product_tag?post=8789"},{"taxonomy":"collections","embeddable":true,"href":"https:\/\/softicated.com\/de\/wp-json\/wp\/v2\/collections?post=8789"},{"taxonomy":"awards","embeddable":true,"href":"https:\/\/softicated.com\/de\/wp-json\/wp\/v2\/awards?post=8789"},{"taxonomy":"by_color","embeddable":true,"href":"https:\/\/softicated.com\/de\/wp-json\/wp\/v2\/by_color?post=8789"}],"curies":[{"name":"wp","href":"https:\/\/api.w.org\/{rel}","templated":true}]}}