{"id":8781,"date":"2022-11-03T15:58:05","date_gmt":"2022-11-03T14:58:05","guid":{"rendered":"https:\/\/softicated.com\/?post_type=product&#038;p=8781"},"modified":"2026-03-16T11:04:05","modified_gmt":"2026-03-16T10:04:05","slug":"silhouette-bronze","status":"publish","type":"product","link":"https:\/\/softicated.com\/de\/produit\/silhouette-bronze\/","title":{"rendered":"Design-Tischlampe - Silhouette Bronze"},"content":{"rendered":"<p>Bronze, mit seinem dunklen, satinierten Ton, verleiht Silhouette eine ged\u00e4mpfte, fast mineralische Intensit\u00e4t. Im Gegensatz zu helleren Oberfl\u00e4chen absorbiert es mehr Licht und gibt der Leuchte eine geheimnisvolle Eleganz, diskret und zugleich imposant. Der feine, vertikale Lichtschlitz hebt sich subtil vom dunklen Hintergrund ab wie ein zarter, leuchtender Strich.<\/p>\n<p>Bronze, mit seinem dunklen, satinierten Ton, verleiht Silhouette eine ged\u00e4mpfte, fast mineralische Intensit\u00e4t. Im Gegensatz zu helleren Oberfl\u00e4chen absorbiert es mehr Licht und gibt der Leuchte eine geheimnisvolle Eleganz, diskret und zugleich imposant. Der feine, vertikale Lichtschlitz hebt sich subtil vom dunklen Hintergrund ab wie ein zarter, leuchtender Strich.<\/p>\n<p>Diese Oberfl\u00e4che betont den taktilen und visuellen Charakter des Objekts. Das bronzefarbene Aluminium bietet ein leicht strukturiertes, mattes Finish, das angenehm zu ber\u00fchren ist und unempfindlich gegen\u00fcber Spuren bleibt. Die 7W-LED, verborgen hinter einem Diffusor, schafft weiches, stabiles und schattenfreies Licht.<\/p>\n<p>Mit Casambi-Bluetooth-Technologie l\u00e4sst sich die Helligkeit aus der Ferne anpassen \u00fcber Smartphone oder Tablet. Mit ihrer schlichten, raffinierten \u00c4sthetik findet die Bronze-Version ihren Platz in Interieurs, die kontrolliertes Licht und subtile Pr\u00e4senz suchen : gem\u00fctliche Salons, elegante Schlafzimmer oder intime Empfangsr\u00e4ume.<\/p>\n<p>G\u00f6nnen Sie sich diese raffinierte Kreation und lassen Sie die Silhouette Bronze Ihre R\u00e4ume mit Subtilit\u00e4t und Charakter erhellen.<\/p>","protected":false},"excerpt":{"rendered":"<p>La lampe Silhouette en finition bronze r\u00e9interpr\u00e8te le geste couture dans un registre plus profond, plus dense. Sa ligne verticale, affin\u00e9e par une courbure l\u00e9g\u00e8re \u00e9voque la silhouette noble et intemporelle d\u2019un corps en mouvement. Elle se dresse comme une figure sculpt\u00e9e, sobre mais expressive avec \u00e0 sa base une extension qui renforce sa stabilit\u00e9 [&hellip;]<\/p>","protected":false},"featured_media":12245,"comment_status":"closed","ping_status":"closed","template":"","meta":{"_acf_changed":false},"product_brand":[],"product_cat":[168],"product_tag":[],"collections":[],"awards":[151],"by_color":[],"class_list":{"0":"post-8781","1":"product","2":"type-product","3":"status-publish","4":"has-post-thumbnail","6":"product_cat-lampe-de-table","7":"product_shipping_class-luminaire-silhouette","8":"awards-archiproducts-2023-longlisted-product","10":"first","11":"instock","12":"shipping-taxable","13":"purchasable","14":"product-type-simple"},"acf":[],"yoast_head":"<!-- This site is optimized with the Yoast SEO Premium plugin v25.7.1 (Yoast SEO v26.9) - https:\/\/yoast.com\/product\/yoast-seo-premium-wordpress\/ -->\n<title>Lampe de table design - Silhouette Bronze - Softicated<\/title>\n<meta name=\"description\" content=\"La lampe de table silhouette est \u00e9quip\u00e9e d\u2019une source LED de 7W. Le ruban LED est recouvert d\u2019une mati\u00e8re translucide qui permet d\u2019att\u00e9nuer l&#039;intensit\u00e9...\" \/>\n<meta name=\"robots\" content=\"index, follow, max-snippet:-1, max-image-preview:large, max-video-preview:-1\" \/>\n<link rel=\"canonical\" href=\"https:\/\/softicated.com\/de\/produit\/silhouette-bronze\/\" \/>\n<meta property=\"og:locale\" content=\"de_DE\" \/>\n<meta property=\"og:type\" content=\"article\" \/>\n<meta property=\"og:title\" content=\"Lampe de table design - Silhouette Bronze\" \/>\n<meta property=\"og:description\" content=\"La lampe de table silhouette est \u00e9quip\u00e9e d\u2019une source LED de 7W. Le ruban LED est recouvert d\u2019une mati\u00e8re translucide qui permet d\u2019att\u00e9nuer l&#039;intensit\u00e9...\" \/>\n<meta property=\"og:url\" content=\"https:\/\/softicated.com\/de\/produit\/silhouette-bronze\/\" \/>\n<meta property=\"og:site_name\" content=\"Softicated\" \/>\n<meta property=\"article:publisher\" content=\"https:\/\/www.facebook.com\/Softicated\" \/>\n<meta property=\"article:modified_time\" content=\"2026-03-16T10:04:05+00:00\" \/>\n<meta property=\"og:image\" content=\"https:\/\/softicated.com\/wp-content\/uploads\/2022\/11\/preview_silhouette_bronze_on_01-1-scaled-1.webp\" \/>\n\t<meta property=\"og:image:width\" content=\"1829\" \/>\n\t<meta property=\"og:image:height\" content=\"2560\" \/>\n\t<meta property=\"og:image:type\" content=\"image\/webp\" \/>\n<meta name=\"twitter:card\" content=\"summary_large_image\" \/>\n<script type=\"application\/ld+json\" class=\"yoast-schema-graph\">{\"@context\":\"https:\/\/schema.org\",\"@graph\":[{\"@type\":\"WebPage\",\"@id\":\"https:\/\/softicated.com\/produit\/silhouette-bronze\/\",\"url\":\"https:\/\/softicated.com\/produit\/silhouette-bronze\/\",\"name\":\"Lampe de table design - Silhouette Bronze - Softicated\",\"isPartOf\":{\"@id\":\"https:\/\/softicated.com\/#website\"},\"primaryImageOfPage\":{\"@id\":\"https:\/\/softicated.com\/produit\/silhouette-bronze\/#primaryimage\"},\"image\":{\"@id\":\"https:\/\/softicated.com\/produit\/silhouette-bronze\/#primaryimage\"},\"thumbnailUrl\":\"https:\/\/softicated.com\/wp-content\/uploads\/2022\/11\/preview_silhouette_bronze_on_01-1-scaled-1.webp\",\"datePublished\":\"2022-11-03T14:58:05+00:00\",\"dateModified\":\"2026-03-16T10:04:05+00:00\",\"description\":\"La lampe de table silhouette est \u00e9quip\u00e9e d\u2019une source LED de 7W. Le ruban LED est recouvert d\u2019une mati\u00e8re translucide qui permet d\u2019att\u00e9nuer l'intensit\u00e9...\",\"breadcrumb\":{\"@id\":\"https:\/\/softicated.com\/produit\/silhouette-bronze\/#breadcrumb\"},\"inLanguage\":\"de-CH\",\"potentialAction\":[{\"@type\":\"ReadAction\",\"target\":[\"https:\/\/softicated.com\/produit\/silhouette-bronze\/\"]}]},{\"@type\":\"ImageObject\",\"inLanguage\":\"de-CH\",\"@id\":\"https:\/\/softicated.com\/produit\/silhouette-bronze\/#primaryimage\",\"url\":\"https:\/\/softicated.com\/wp-content\/uploads\/2022\/11\/preview_silhouette_bronze_on_01-1-scaled-1.webp\",\"contentUrl\":\"https:\/\/softicated.com\/wp-content\/uploads\/2022\/11\/preview_silhouette_bronze_on_01-1-scaled-1.webp\",\"width\":1829,\"height\":2560,\"caption\":\"Silhouette - Bronze\"},{\"@type\":\"BreadcrumbList\",\"@id\":\"https:\/\/softicated.com\/produit\/silhouette-bronze\/#breadcrumb\",\"itemListElement\":[{\"@type\":\"ListItem\",\"position\":1,\"name\":\"Accueil\",\"item\":\"https:\/\/softicated.com\/\"},{\"@type\":\"ListItem\",\"position\":2,\"name\":\"Produits Mobilier Premium Softicated\",\"item\":\"https:\/\/softicated.com\/produits\/\"},{\"@type\":\"ListItem\",\"position\":3,\"name\":\"Luminaire Design\",\"item\":\"https:\/\/softicated.com\/categorie-produit\/luminaire\/\"},{\"@type\":\"ListItem\",\"position\":4,\"name\":\"Lampe de table design\",\"item\":\"https:\/\/softicated.com\/categorie-produit\/luminaire\/lampe-de-table\/\"},{\"@type\":\"ListItem\",\"position\":5,\"name\":\"Silhouette Bronze\"}]},{\"@type\":\"WebSite\",\"@id\":\"https:\/\/softicated.com\/#website\",\"url\":\"https:\/\/softicated.com\/\",\"name\":\"Softicated\",\"description\":\"Cr\u00e9ateur de meubles, luminaires et tapis premium\",\"publisher\":{\"@id\":\"https:\/\/softicated.com\/#organization\"},\"potentialAction\":[{\"@type\":\"SearchAction\",\"target\":{\"@type\":\"EntryPoint\",\"urlTemplate\":\"https:\/\/softicated.com\/?s={search_term_string}\"},\"query-input\":{\"@type\":\"PropertyValueSpecification\",\"valueRequired\":true,\"valueName\":\"search_term_string\"}}],\"inLanguage\":\"de-CH\"},{\"@type\":\"Organization\",\"@id\":\"https:\/\/softicated.com\/#organization\",\"name\":\"Softicated\",\"url\":\"https:\/\/softicated.com\/\",\"logo\":{\"@type\":\"ImageObject\",\"inLanguage\":\"de-CH\",\"@id\":\"https:\/\/softicated.com\/#\/schema\/logo\/image\/\",\"url\":\"https:\/\/softicated.com\/wp-content\/uploads\/2025\/11\/logo-dark-2.svg\",\"contentUrl\":\"https:\/\/softicated.com\/wp-content\/uploads\/2025\/11\/logo-dark-2.svg\",\"caption\":\"Softicated\"},\"image\":{\"@id\":\"https:\/\/softicated.com\/#\/schema\/logo\/image\/\"},\"sameAs\":[\"https:\/\/www.facebook.com\/Softicated\",\"https:\/\/www.pinterest.com\/softicateddesign\",\"https:\/\/www.instagram.com\/softicated.design\"]}]}<\/script>\n<!-- \/ Yoast SEO Premium plugin. -->","yoast_head_json":{"title":"Design-Tischlampe - Silhouette Bronze - Softicated","description":"La lampe de table silhouette est \u00e9quip\u00e9e d\u2019une source LED de 7W. Le ruban LED est recouvert d\u2019une mati\u00e8re translucide qui permet d\u2019att\u00e9nuer l'intensit\u00e9...","robots":{"index":"index","follow":"follow","max-snippet":"max-snippet:-1","max-image-preview":"max-image-preview:large","max-video-preview":"max-video-preview:-1"},"canonical":"https:\/\/softicated.com\/de\/produit\/silhouette-bronze\/","og_locale":"de_DE","og_type":"article","og_title":"Lampe de table design - Silhouette Bronze","og_description":"La lampe de table silhouette est \u00e9quip\u00e9e d\u2019une source LED de 7W. Le ruban LED est recouvert d\u2019une mati\u00e8re translucide qui permet d\u2019att\u00e9nuer l'intensit\u00e9...","og_url":"https:\/\/softicated.com\/de\/produit\/silhouette-bronze\/","og_site_name":"Softicated","article_publisher":"https:\/\/www.facebook.com\/Softicated","article_modified_time":"2026-03-16T10:04:05+00:00","og_image":[{"width":1829,"height":2560,"url":"https:\/\/softicated.com\/wp-content\/uploads\/2022\/11\/preview_silhouette_bronze_on_01-1-scaled-1.webp","type":"image\/webp"}],"twitter_card":"summary_large_image","schema":{"@context":"https:\/\/schema.org","@graph":[{"@type":"WebPage","@id":"https:\/\/softicated.com\/produit\/silhouette-bronze\/","url":"https:\/\/softicated.com\/produit\/silhouette-bronze\/","name":"Design-Tischlampe - Silhouette Bronze - Softicated","isPartOf":{"@id":"https:\/\/softicated.com\/#website"},"primaryImageOfPage":{"@id":"https:\/\/softicated.com\/produit\/silhouette-bronze\/#primaryimage"},"image":{"@id":"https:\/\/softicated.com\/produit\/silhouette-bronze\/#primaryimage"},"thumbnailUrl":"https:\/\/softicated.com\/wp-content\/uploads\/2022\/11\/preview_silhouette_bronze_on_01-1-scaled-1.webp","datePublished":"2022-11-03T14:58:05+00:00","dateModified":"2026-03-16T10:04:05+00:00","description":"La lampe de table silhouette est \u00e9quip\u00e9e d\u2019une source LED de 7W. Le ruban LED est recouvert d\u2019une mati\u00e8re translucide qui permet d\u2019att\u00e9nuer l'intensit\u00e9...","breadcrumb":{"@id":"https:\/\/softicated.com\/produit\/silhouette-bronze\/#breadcrumb"},"inLanguage":"de-CH","potentialAction":[{"@type":"ReadAction","target":["https:\/\/softicated.com\/produit\/silhouette-bronze\/"]}]},{"@type":"ImageObject","inLanguage":"de-CH","@id":"https:\/\/softicated.com\/produit\/silhouette-bronze\/#primaryimage","url":"https:\/\/softicated.com\/wp-content\/uploads\/2022\/11\/preview_silhouette_bronze_on_01-1-scaled-1.webp","contentUrl":"https:\/\/softicated.com\/wp-content\/uploads\/2022\/11\/preview_silhouette_bronze_on_01-1-scaled-1.webp","width":1829,"height":2560,"caption":"Silhouette - Bronze"},{"@type":"BreadcrumbList","@id":"https:\/\/softicated.com\/produit\/silhouette-bronze\/#breadcrumb","itemListElement":[{"@type":"ListItem","position":1,"name":"Accueil","item":"https:\/\/softicated.com\/"},{"@type":"ListItem","position":2,"name":"Produits Mobilier Premium Softicated","item":"https:\/\/softicated.com\/produits\/"},{"@type":"ListItem","position":3,"name":"Luminaire Design","item":"https:\/\/softicated.com\/categorie-produit\/luminaire\/"},{"@type":"ListItem","position":4,"name":"Lampe de table design","item":"https:\/\/softicated.com\/categorie-produit\/luminaire\/lampe-de-table\/"},{"@type":"ListItem","position":5,"name":"Silhouette Bronze"}]},{"@type":"WebSite","@id":"https:\/\/softicated.com\/#website","url":"https:\/\/softicated.com\/","name":"Softicated","description":"Sch\u00f6pfer hochwertiger M\u00f6bel, Leuchten und Teppiche","publisher":{"@id":"https:\/\/softicated.com\/#organization"},"potentialAction":[{"@type":"SearchAction","target":{"@type":"EntryPoint","urlTemplate":"https:\/\/softicated.com\/?s={search_term_string}"},"query-input":{"@type":"PropertyValueSpecification","valueRequired":true,"valueName":"search_term_string"}}],"inLanguage":"de-CH"},{"@type":"Organization","@id":"https:\/\/softicated.com\/#organization","name":"Softicated","url":"https:\/\/softicated.com\/","logo":{"@type":"ImageObject","inLanguage":"de-CH","@id":"https:\/\/softicated.com\/#\/schema\/logo\/image\/","url":"https:\/\/softicated.com\/wp-content\/uploads\/2025\/11\/logo-dark-2.svg","contentUrl":"https:\/\/softicated.com\/wp-content\/uploads\/2025\/11\/logo-dark-2.svg","caption":"Softicated"},"image":{"@id":"https:\/\/softicated.com\/#\/schema\/logo\/image\/"},"sameAs":["https:\/\/www.facebook.com\/Softicated","https:\/\/www.pinterest.com\/softicateddesign","https:\/\/www.instagram.com\/softicated.design"]}]}},"_links":{"self":[{"href":"https:\/\/softicated.com\/de\/wp-json\/wp\/v2\/product\/8781","targetHints":{"allow":["GET"]}}],"collection":[{"href":"https:\/\/softicated.com\/de\/wp-json\/wp\/v2\/product"}],"about":[{"href":"https:\/\/softicated.com\/de\/wp-json\/wp\/v2\/types\/product"}],"replies":[{"embeddable":true,"href":"https:\/\/softicated.com\/de\/wp-json\/wp\/v2\/comments?post=8781"}],"wp:featuredmedia":[{"embeddable":true,"href":"https:\/\/softicated.com\/de\/wp-json\/wp\/v2\/media\/12245"}],"wp:attachment":[{"href":"https:\/\/softicated.com\/de\/wp-json\/wp\/v2\/media?parent=8781"}],"wp:term":[{"taxonomy":"product_brand","embeddable":true,"href":"https:\/\/softicated.com\/de\/wp-json\/wp\/v2\/product_brand?post=8781"},{"taxonomy":"product_cat","embeddable":true,"href":"https:\/\/softicated.com\/de\/wp-json\/wp\/v2\/product_cat?post=8781"},{"taxonomy":"product_tag","embeddable":true,"href":"https:\/\/softicated.com\/de\/wp-json\/wp\/v2\/product_tag?post=8781"},{"taxonomy":"collections","embeddable":true,"href":"https:\/\/softicated.com\/de\/wp-json\/wp\/v2\/collections?post=8781"},{"taxonomy":"awards","embeddable":true,"href":"https:\/\/softicated.com\/de\/wp-json\/wp\/v2\/awards?post=8781"},{"taxonomy":"by_color","embeddable":true,"href":"https:\/\/softicated.com\/de\/wp-json\/wp\/v2\/by_color?post=8781"}],"curies":[{"name":"wp","href":"https:\/\/api.w.org\/{rel}","templated":true}]}}