{"id":8716,"date":"2022-10-19T09:50:13","date_gmt":"2022-10-19T07:50:13","guid":{"rendered":"https:\/\/softicated.com\/?post_type=product&#038;p=8716"},"modified":"2026-03-24T05:36:01","modified_gmt":"2026-03-24T04:36:01","slug":"flying-fish-dore","status":"publish","type":"product","link":"https:\/\/softicated.com\/de\/produit\/flying-fish-dore\/","title":{"rendered":"Design-Nachtischlampe Flying Fish Dor\u00e9"},"content":{"rendered":"<p>Die Kombination aus schwarzem Marmor und goldener Keramik mit gl\u00e4nzender Oberfl\u00e4che verk\u00f6rpert eine einzigartige \u00c4sthetik, die Raffinesse und Modernit\u00e4t vereint. Der schwarze Marmor mit seiner intensiven Tiefe strahlt zeitlose Eleganz und eine wahrhaft edle \u00c4sthetik aus.<\/p>\n<p>Die goldene Keramik in gl\u00e4nzender Ausf\u00fchrung verleiht der Tisch- oder Schreibtischlampe Flying Fish eine strahlende Note und einen Hauch von Glamour. Ihre glatte, reflektierende Oberfl\u00e4che f\u00e4ngt das Licht subtil ein und erzeugt ein Spiel goldener Reflexe, das jedes Detail hervorhebt.<\/p>\n<p>Zusammen verschmelzen diese beiden Materialien harmonisch. Der matte schwarze Marmor verankert das Design in einer schlichten, zeitlosen \u00c4sthetik, w\u00e4hrend die goldene Keramik mit ihrem modernen und raffinierten Glanz Akzente setzt. Der Kontrast zwischen der matten, tiefen Textur des schwarzen Marmors und dem warmen Glanz der goldenen Keramik verleiht dieser Lampe ein bemerkenswertes visuelles Gleichgewicht.<\/p>\n<p>Diese edlen Materialien stehen f\u00fcr Luxus und gelten als wahre Klassiker in der Welt der Inneneinrichtung. Diese Kombination passt sowohl zu modernen, minimalistischen Interieurs als auch zu klassischeren und opulenteren Atmosph\u00e4ren.<\/p>\n<p>Die Flying Fish Lampe in dieser goldenen Ausf\u00fchrung verk\u00f6rpert die perfekte Verbindung von W\u00e4rme, Eleganz und Modernit\u00e4t. Mit der Wahl dieser Tisch- oder Schreibtischlampe entscheiden Sie sich f\u00fcr ein au\u00dfergew\u00f6hnliches, einzigartiges Objekt voller Charakter.<\/p>","protected":false},"excerpt":{"rendered":"<p>L\u2019association du marbre noir et de la c\u00e9ramique dor\u00e9e en finition brillante incarne une esth\u00e9tique unique alliant sophistication et modernit\u00e9. Le marbre noir et sa profondeur intense d\u00e9gage une \u00e9l\u00e9gance intemporelle et une r\u00e9elle esth\u00e9tique. De son c\u00f4t\u00e9, la c\u00e9ramique dor\u00e9e en finition brillante apporte \u00e0 la lampe de table ou de bureau Flying Fish [&hellip;]<\/p>","protected":false},"featured_media":12270,"comment_status":"closed","ping_status":"closed","template":"","meta":{"_acf_changed":false},"product_brand":[],"product_cat":[169,168],"product_tag":[],"collections":[],"awards":[148,149,139,138,150],"by_color":[],"class_list":{"0":"post-8716","1":"product","2":"type-product","3":"status-publish","4":"has-post-thumbnail","6":"product_cat-lampe-de-chevet","7":"product_cat-lampe-de-table","8":"product_shipping_class-luminaire-flying-fish","9":"awards-big-see-awards-2023-softicated-flyingfish","10":"awards-iconic-awards-2023-softicated-flying-fish","11":"awards-ida-design-awards-gold-winner-2022","12":"awards-ida-design-awards-silver-winner-2022","13":"awards-kyoto-global-design-awards-2023-softicated-flying-fish","15":"first","16":"instock","17":"shipping-taxable","18":"purchasable","19":"product-type-simple"},"acf":[],"yoast_head":"<!-- This site is optimized with the Yoast SEO Premium plugin v25.7.1 (Yoast SEO v26.9) - https:\/\/yoast.com\/product\/yoast-seo-premium-wordpress\/ -->\n<title>Lampe de chevet design Flying Fish Dor\u00e9 - Softicated<\/title>\n<meta name=\"description\" content=\"Comme son nom l\u2019indique, cette lampe de table ressemble \u00e0 un poisson volant et plus particuli\u00e8rement \u00e0 une baleine. Elle est disponible en cinq coloris.\" \/>\n<meta name=\"robots\" content=\"index, follow, max-snippet:-1, max-image-preview:large, max-video-preview:-1\" \/>\n<link rel=\"canonical\" href=\"https:\/\/softicated.com\/de\/produit\/flying-fish-dore\/\" \/>\n<meta property=\"og:locale\" content=\"de_DE\" \/>\n<meta property=\"og:type\" content=\"article\" \/>\n<meta property=\"og:title\" content=\"Lampe de chevet design Flying Fish Dor\u00e9\" \/>\n<meta property=\"og:description\" content=\"Comme son nom l\u2019indique, cette lampe de table ressemble \u00e0 un poisson volant et plus particuli\u00e8rement \u00e0 une baleine. Elle est disponible en cinq coloris.\" \/>\n<meta property=\"og:url\" content=\"https:\/\/softicated.com\/de\/produit\/flying-fish-dore\/\" \/>\n<meta property=\"og:site_name\" content=\"Softicated\" \/>\n<meta property=\"article:publisher\" content=\"https:\/\/www.facebook.com\/Softicated\" \/>\n<meta property=\"article:modified_time\" content=\"2026-03-24T04:36:01+00:00\" \/>\n<meta property=\"og:image\" content=\"https:\/\/softicated.com\/wp-content\/uploads\/2022\/10\/photo_2022-11-04_11-37-20.webp\" \/>\n\t<meta property=\"og:image:width\" content=\"1280\" \/>\n\t<meta property=\"og:image:height\" content=\"1280\" \/>\n\t<meta property=\"og:image:type\" content=\"image\/webp\" \/>\n<meta name=\"twitter:card\" content=\"summary_large_image\" \/>\n<script type=\"application\/ld+json\" class=\"yoast-schema-graph\">{\"@context\":\"https:\/\/schema.org\",\"@graph\":[{\"@type\":\"WebPage\",\"@id\":\"https:\/\/softicated.com\/produit\/flying-fish-dore\/\",\"url\":\"https:\/\/softicated.com\/produit\/flying-fish-dore\/\",\"name\":\"Lampe de chevet design Flying Fish Dor\u00e9 - Softicated\",\"isPartOf\":{\"@id\":\"https:\/\/softicated.com\/#website\"},\"primaryImageOfPage\":{\"@id\":\"https:\/\/softicated.com\/produit\/flying-fish-dore\/#primaryimage\"},\"image\":{\"@id\":\"https:\/\/softicated.com\/produit\/flying-fish-dore\/#primaryimage\"},\"thumbnailUrl\":\"https:\/\/softicated.com\/wp-content\/uploads\/2022\/10\/photo_2022-11-04_11-37-20.webp\",\"datePublished\":\"2022-10-19T07:50:13+00:00\",\"dateModified\":\"2026-03-24T04:36:01+00:00\",\"description\":\"Comme son nom l\u2019indique, cette lampe de table ressemble \u00e0 un poisson volant et plus particuli\u00e8rement \u00e0 une baleine. Elle est disponible en cinq coloris.\",\"breadcrumb\":{\"@id\":\"https:\/\/softicated.com\/produit\/flying-fish-dore\/#breadcrumb\"},\"inLanguage\":\"de-CH\",\"potentialAction\":[{\"@type\":\"ReadAction\",\"target\":[\"https:\/\/softicated.com\/produit\/flying-fish-dore\/\"]}]},{\"@type\":\"ImageObject\",\"inLanguage\":\"de-CH\",\"@id\":\"https:\/\/softicated.com\/produit\/flying-fish-dore\/#primaryimage\",\"url\":\"https:\/\/softicated.com\/wp-content\/uploads\/2022\/10\/photo_2022-11-04_11-37-20.webp\",\"contentUrl\":\"https:\/\/softicated.com\/wp-content\/uploads\/2022\/10\/photo_2022-11-04_11-37-20.webp\",\"width\":1280,\"height\":1280,\"caption\":\"Flying Fish - Dor\u00e9\"},{\"@type\":\"BreadcrumbList\",\"@id\":\"https:\/\/softicated.com\/produit\/flying-fish-dore\/#breadcrumb\",\"itemListElement\":[{\"@type\":\"ListItem\",\"position\":1,\"name\":\"Accueil\",\"item\":\"https:\/\/softicated.com\/\"},{\"@type\":\"ListItem\",\"position\":2,\"name\":\"Produits Mobilier Premium Softicated\",\"item\":\"https:\/\/softicated.com\/produits\/\"},{\"@type\":\"ListItem\",\"position\":3,\"name\":\"Luminaire Design\",\"item\":\"https:\/\/softicated.com\/categorie-produit\/luminaire\/\"},{\"@type\":\"ListItem\",\"position\":4,\"name\":\"Lampe de chevet design\",\"item\":\"https:\/\/softicated.com\/categorie-produit\/luminaire\/lampe-de-chevet\/\"},{\"@type\":\"ListItem\",\"position\":5,\"name\":\"Flying Fish Dore\"}]},{\"@type\":\"WebSite\",\"@id\":\"https:\/\/softicated.com\/#website\",\"url\":\"https:\/\/softicated.com\/\",\"name\":\"Softicated\",\"description\":\"Cr\u00e9ateur de meubles, luminaires et tapis premium\",\"publisher\":{\"@id\":\"https:\/\/softicated.com\/#organization\"},\"potentialAction\":[{\"@type\":\"SearchAction\",\"target\":{\"@type\":\"EntryPoint\",\"urlTemplate\":\"https:\/\/softicated.com\/?s={search_term_string}\"},\"query-input\":{\"@type\":\"PropertyValueSpecification\",\"valueRequired\":true,\"valueName\":\"search_term_string\"}}],\"inLanguage\":\"de-CH\"},{\"@type\":\"Organization\",\"@id\":\"https:\/\/softicated.com\/#organization\",\"name\":\"Softicated\",\"url\":\"https:\/\/softicated.com\/\",\"logo\":{\"@type\":\"ImageObject\",\"inLanguage\":\"de-CH\",\"@id\":\"https:\/\/softicated.com\/#\/schema\/logo\/image\/\",\"url\":\"https:\/\/softicated.com\/wp-content\/uploads\/2025\/11\/logo-dark-2.svg\",\"contentUrl\":\"https:\/\/softicated.com\/wp-content\/uploads\/2025\/11\/logo-dark-2.svg\",\"caption\":\"Softicated\"},\"image\":{\"@id\":\"https:\/\/softicated.com\/#\/schema\/logo\/image\/\"},\"sameAs\":[\"https:\/\/www.facebook.com\/Softicated\",\"https:\/\/www.pinterest.com\/softicateddesign\",\"https:\/\/www.instagram.com\/softicated.design\"]}]}<\/script>\n<!-- \/ Yoast SEO Premium plugin. -->","yoast_head_json":{"title":"Design-Nachtischlampe Flying Fish Dor\u00e9 - Softicated","description":"Comme son nom l\u2019indique, cette lampe de table ressemble \u00e0 un poisson volant et plus particuli\u00e8rement \u00e0 une baleine. Elle est disponible en cinq coloris.","robots":{"index":"index","follow":"follow","max-snippet":"max-snippet:-1","max-image-preview":"max-image-preview:large","max-video-preview":"max-video-preview:-1"},"canonical":"https:\/\/softicated.com\/de\/produit\/flying-fish-dore\/","og_locale":"de_DE","og_type":"article","og_title":"Lampe de chevet design Flying Fish Dor\u00e9","og_description":"Comme son nom l\u2019indique, cette lampe de table ressemble \u00e0 un poisson volant et plus particuli\u00e8rement \u00e0 une baleine. Elle est disponible en cinq coloris.","og_url":"https:\/\/softicated.com\/de\/produit\/flying-fish-dore\/","og_site_name":"Softicated","article_publisher":"https:\/\/www.facebook.com\/Softicated","article_modified_time":"2026-03-24T04:36:01+00:00","og_image":[{"width":1280,"height":1280,"url":"https:\/\/softicated.com\/wp-content\/uploads\/2022\/10\/photo_2022-11-04_11-37-20.webp","type":"image\/webp"}],"twitter_card":"summary_large_image","schema":{"@context":"https:\/\/schema.org","@graph":[{"@type":"WebPage","@id":"https:\/\/softicated.com\/produit\/flying-fish-dore\/","url":"https:\/\/softicated.com\/produit\/flying-fish-dore\/","name":"Design-Nachtischlampe Flying Fish Dor\u00e9 - Softicated","isPartOf":{"@id":"https:\/\/softicated.com\/#website"},"primaryImageOfPage":{"@id":"https:\/\/softicated.com\/produit\/flying-fish-dore\/#primaryimage"},"image":{"@id":"https:\/\/softicated.com\/produit\/flying-fish-dore\/#primaryimage"},"thumbnailUrl":"https:\/\/softicated.com\/wp-content\/uploads\/2022\/10\/photo_2022-11-04_11-37-20.webp","datePublished":"2022-10-19T07:50:13+00:00","dateModified":"2026-03-24T04:36:01+00:00","description":"Comme son nom l\u2019indique, cette lampe de table ressemble \u00e0 un poisson volant et plus particuli\u00e8rement \u00e0 une baleine. Elle est disponible en cinq coloris.","breadcrumb":{"@id":"https:\/\/softicated.com\/produit\/flying-fish-dore\/#breadcrumb"},"inLanguage":"de-CH","potentialAction":[{"@type":"ReadAction","target":["https:\/\/softicated.com\/produit\/flying-fish-dore\/"]}]},{"@type":"ImageObject","inLanguage":"de-CH","@id":"https:\/\/softicated.com\/produit\/flying-fish-dore\/#primaryimage","url":"https:\/\/softicated.com\/wp-content\/uploads\/2022\/10\/photo_2022-11-04_11-37-20.webp","contentUrl":"https:\/\/softicated.com\/wp-content\/uploads\/2022\/10\/photo_2022-11-04_11-37-20.webp","width":1280,"height":1280,"caption":"Flying Fish - Dor\u00e9"},{"@type":"BreadcrumbList","@id":"https:\/\/softicated.com\/produit\/flying-fish-dore\/#breadcrumb","itemListElement":[{"@type":"ListItem","position":1,"name":"Accueil","item":"https:\/\/softicated.com\/"},{"@type":"ListItem","position":2,"name":"Produits Mobilier Premium Softicated","item":"https:\/\/softicated.com\/produits\/"},{"@type":"ListItem","position":3,"name":"Luminaire Design","item":"https:\/\/softicated.com\/categorie-produit\/luminaire\/"},{"@type":"ListItem","position":4,"name":"Lampe de chevet design","item":"https:\/\/softicated.com\/categorie-produit\/luminaire\/lampe-de-chevet\/"},{"@type":"ListItem","position":5,"name":"Flying Fish Dore"}]},{"@type":"WebSite","@id":"https:\/\/softicated.com\/#website","url":"https:\/\/softicated.com\/","name":"Softicated","description":"Sch\u00f6pfer hochwertiger M\u00f6bel, Leuchten und Teppiche","publisher":{"@id":"https:\/\/softicated.com\/#organization"},"potentialAction":[{"@type":"SearchAction","target":{"@type":"EntryPoint","urlTemplate":"https:\/\/softicated.com\/?s={search_term_string}"},"query-input":{"@type":"PropertyValueSpecification","valueRequired":true,"valueName":"search_term_string"}}],"inLanguage":"de-CH"},{"@type":"Organization","@id":"https:\/\/softicated.com\/#organization","name":"Softicated","url":"https:\/\/softicated.com\/","logo":{"@type":"ImageObject","inLanguage":"de-CH","@id":"https:\/\/softicated.com\/#\/schema\/logo\/image\/","url":"https:\/\/softicated.com\/wp-content\/uploads\/2025\/11\/logo-dark-2.svg","contentUrl":"https:\/\/softicated.com\/wp-content\/uploads\/2025\/11\/logo-dark-2.svg","caption":"Softicated"},"image":{"@id":"https:\/\/softicated.com\/#\/schema\/logo\/image\/"},"sameAs":["https:\/\/www.facebook.com\/Softicated","https:\/\/www.pinterest.com\/softicateddesign","https:\/\/www.instagram.com\/softicated.design"]}]}},"_links":{"self":[{"href":"https:\/\/softicated.com\/de\/wp-json\/wp\/v2\/product\/8716","targetHints":{"allow":["GET"]}}],"collection":[{"href":"https:\/\/softicated.com\/de\/wp-json\/wp\/v2\/product"}],"about":[{"href":"https:\/\/softicated.com\/de\/wp-json\/wp\/v2\/types\/product"}],"replies":[{"embeddable":true,"href":"https:\/\/softicated.com\/de\/wp-json\/wp\/v2\/comments?post=8716"}],"wp:featuredmedia":[{"embeddable":true,"href":"https:\/\/softicated.com\/de\/wp-json\/wp\/v2\/media\/12270"}],"wp:attachment":[{"href":"https:\/\/softicated.com\/de\/wp-json\/wp\/v2\/media?parent=8716"}],"wp:term":[{"taxonomy":"product_brand","embeddable":true,"href":"https:\/\/softicated.com\/de\/wp-json\/wp\/v2\/product_brand?post=8716"},{"taxonomy":"product_cat","embeddable":true,"href":"https:\/\/softicated.com\/de\/wp-json\/wp\/v2\/product_cat?post=8716"},{"taxonomy":"product_tag","embeddable":true,"href":"https:\/\/softicated.com\/de\/wp-json\/wp\/v2\/product_tag?post=8716"},{"taxonomy":"collections","embeddable":true,"href":"https:\/\/softicated.com\/de\/wp-json\/wp\/v2\/collections?post=8716"},{"taxonomy":"awards","embeddable":true,"href":"https:\/\/softicated.com\/de\/wp-json\/wp\/v2\/awards?post=8716"},{"taxonomy":"by_color","embeddable":true,"href":"https:\/\/softicated.com\/de\/wp-json\/wp\/v2\/by_color?post=8716"}],"curies":[{"name":"wp","href":"https:\/\/api.w.org\/{rel}","templated":true}]}}