{"id":8672,"date":"2022-10-18T16:55:12","date_gmt":"2022-10-18T14:55:12","guid":{"rendered":"https:\/\/softicated.com\/?post_type=product&#038;p=8672"},"modified":"2026-03-11T12:32:34","modified_gmt":"2026-03-11T11:32:34","slug":"head-in-stars-dore","status":"publish","type":"product","link":"https:\/\/softicated.com\/de\/produit\/head-in-stars-dore\/","title":{"rendered":"Design-Tischlampe - Head in Stars Gold"},"content":{"rendered":"<p>In Gold erstrahlt die Head in Stars-Leuchte mit solarer Energie. Sie f\u00e4ngt die W\u00e4rme eines Sonnenaufgangs ein und h\u00e4lt sie in ihrer schlanken Silhouette fest als ob die Sonne selbst ins Innere gekommen w\u00e4re, um unendlich zu strahlen. Ihr Glanz ist nicht grell, sondern gro\u00dfz\u00fcgig: ein Licht, das umh\u00fcllt und die Atmosph\u00e4re verwandelt.<\/p>\n<p>Das matte, goldene Aluminiumgestell erhebt sich wie metallische Strahlen, fest im Boden verankert und zugleich elegant. An der Spitze wird der satiniert Glaszylinder zu einem gl\u00fchenden Herzen, das sanftes, vibrierendes Licht in alle Richtungen streut. Das Ergebnis: ein feines Gleichgewicht zwischen Intensit\u00e4t und Zartheit, St\u00e4rke und Sanftheit.<\/p>\n<p>Die matte Goldoberfl\u00e4che vermeidet jede \u00dcbertreibung. Sie blendet nicht, sondern streichelt das Licht und hebt es hervor die Leuchte erscheint wie ein zeitgen\u00f6ssisches Schmuckst\u00fcck. Jedes Detail reflektiert eine beherrschte Raffinesse, zieht die Blicke auf sich, ohne den Raum zu dominieren.<\/p>\n<p>Diese goldene Version passt sich m\u00fchelos an verschiedene Umgebungen an : Im warmen Wohnzimmer wird sie zum leuchtenden Anker; im Schlafzimmer schenkt sie beruhigende Klarheit; im B\u00fcro bringt sie Inspiration und Dynamik. Wo auch immer sie steht, verspricht die Head in Stars Gold Glanz und Raffinesse.<\/p>\n<p>Die Wahl dieser Leuchte bedeutet, ein St\u00fcck Sonne ins Haus zu holen eine Leuchte, die jeden Moment in ein Erlebnis aus W\u00e4rme und Sch\u00f6nheit verwandelt.<\/p>\n<p>Mit dieser Lampe in Raketenform k\u00f6nnen Sie sich zwar nicht im Raum bewegen, sie beleuchtet jedoch Ihren Raum.<\/p>","protected":false},"excerpt":{"rendered":"<p>La lampe Head in Stars en finition dor\u00e9e s\u2019illumine d\u2019une \u00e9nergie solaire. Elle capte la chaleur d\u2019un lever de soleil et l\u2019enferme dans sa silhouette \u00e9lanc\u00e9e, comme si l\u2019astre venait s\u2019inviter \u00e0 l\u2019int\u00e9rieur pour rayonner sans fin. Son \u00e9clat n\u2019est pas brutal mais g\u00e9n\u00e9reux offrant une lumi\u00e8re enveloppante qui transforme l\u2019atmosph\u00e8re. Le tr\u00e9pied en aluminium [&hellip;]<\/p>","protected":false},"featured_media":12341,"comment_status":"closed","ping_status":"closed","template":"","meta":{"_acf_changed":false},"product_brand":[],"product_cat":[168],"product_tag":[],"collections":[],"awards":[141,137],"by_color":[],"class_list":{"0":"post-8672","1":"product","2":"type-product","3":"status-publish","4":"has-post-thumbnail","6":"product_cat-lampe-de-table","7":"product_shipping_class-luminaire-head-in-stars","8":"awards-archiproducts-2022-longlisted-product","9":"awards-ida-design-bronze-winner-2022","11":"first","12":"instock","13":"shipping-taxable","14":"purchasable","15":"product-type-simple"},"acf":[],"yoast_head":"<!-- This site is optimized with the Yoast SEO Premium plugin v25.7.1 (Yoast SEO v26.9) - https:\/\/yoast.com\/product\/yoast-seo-premium-wordpress\/ -->\n<title>Lampe de table design - Head in Stars Dore - Softicated<\/title>\n<meta name=\"description\" content=\"L\u2019inspiration de cette lampe de table Head in Stars est double: la fus\u00e9e (de Tintin) pour la base et le phare maritime pour la partie \u00e9clairante.\" \/>\n<meta name=\"robots\" content=\"index, follow, max-snippet:-1, max-image-preview:large, max-video-preview:-1\" \/>\n<link rel=\"canonical\" href=\"https:\/\/softicated.com\/de\/produit\/head-in-stars-dore\/\" \/>\n<meta property=\"og:locale\" content=\"de_DE\" \/>\n<meta property=\"og:type\" content=\"article\" \/>\n<meta property=\"og:title\" content=\"Lampe de table design - Head in Stars Dore\" \/>\n<meta property=\"og:description\" content=\"L\u2019inspiration de cette lampe de table Head in Stars est double: la fus\u00e9e (de Tintin) pour la base et le phare maritime pour la partie \u00e9clairante.\" \/>\n<meta property=\"og:url\" content=\"https:\/\/softicated.com\/de\/produit\/head-in-stars-dore\/\" \/>\n<meta property=\"og:site_name\" content=\"Softicated\" \/>\n<meta property=\"article:publisher\" content=\"https:\/\/www.facebook.com\/Softicated\" \/>\n<meta property=\"article:modified_time\" content=\"2026-03-11T11:32:34+00:00\" \/>\n<meta property=\"og:image\" content=\"https:\/\/softicated.com\/wp-content\/uploads\/2022\/10\/Head-in-Stars_gold_off_softicated.webp\" \/>\n\t<meta property=\"og:image:width\" content=\"1800\" \/>\n\t<meta property=\"og:image:height\" content=\"1300\" \/>\n\t<meta property=\"og:image:type\" content=\"image\/webp\" \/>\n<meta name=\"twitter:card\" content=\"summary_large_image\" \/>\n<script type=\"application\/ld+json\" class=\"yoast-schema-graph\">{\"@context\":\"https:\/\/schema.org\",\"@graph\":[{\"@type\":\"WebPage\",\"@id\":\"https:\/\/softicated.com\/produit\/head-in-stars-dore\/\",\"url\":\"https:\/\/softicated.com\/produit\/head-in-stars-dore\/\",\"name\":\"Lampe de table design - Head in Stars Dore - Softicated\",\"isPartOf\":{\"@id\":\"https:\/\/softicated.com\/#website\"},\"primaryImageOfPage\":{\"@id\":\"https:\/\/softicated.com\/produit\/head-in-stars-dore\/#primaryimage\"},\"image\":{\"@id\":\"https:\/\/softicated.com\/produit\/head-in-stars-dore\/#primaryimage\"},\"thumbnailUrl\":\"https:\/\/softicated.com\/wp-content\/uploads\/2022\/10\/Head-in-Stars_gold_off_softicated.webp\",\"datePublished\":\"2022-10-18T14:55:12+00:00\",\"dateModified\":\"2026-03-11T11:32:34+00:00\",\"description\":\"L\u2019inspiration de cette lampe de table Head in Stars est double: la fus\u00e9e (de Tintin) pour la base et le phare maritime pour la partie \u00e9clairante.\",\"breadcrumb\":{\"@id\":\"https:\/\/softicated.com\/produit\/head-in-stars-dore\/#breadcrumb\"},\"inLanguage\":\"de-CH\",\"potentialAction\":[{\"@type\":\"ReadAction\",\"target\":[\"https:\/\/softicated.com\/produit\/head-in-stars-dore\/\"]}]},{\"@type\":\"ImageObject\",\"inLanguage\":\"de-CH\",\"@id\":\"https:\/\/softicated.com\/produit\/head-in-stars-dore\/#primaryimage\",\"url\":\"https:\/\/softicated.com\/wp-content\/uploads\/2022\/10\/Head-in-Stars_gold_off_softicated.webp\",\"contentUrl\":\"https:\/\/softicated.com\/wp-content\/uploads\/2022\/10\/Head-in-Stars_gold_off_softicated.webp\",\"width\":1800,\"height\":1300,\"caption\":\"Head in Stars - Dor\u00e9 Main\"},{\"@type\":\"BreadcrumbList\",\"@id\":\"https:\/\/softicated.com\/produit\/head-in-stars-dore\/#breadcrumb\",\"itemListElement\":[{\"@type\":\"ListItem\",\"position\":1,\"name\":\"Accueil\",\"item\":\"https:\/\/softicated.com\/\"},{\"@type\":\"ListItem\",\"position\":2,\"name\":\"Produits Mobilier Premium Softicated\",\"item\":\"https:\/\/softicated.com\/produits\/\"},{\"@type\":\"ListItem\",\"position\":3,\"name\":\"Luminaire Design\",\"item\":\"https:\/\/softicated.com\/categorie-produit\/luminaire\/\"},{\"@type\":\"ListItem\",\"position\":4,\"name\":\"Lampe de table design\",\"item\":\"https:\/\/softicated.com\/categorie-produit\/luminaire\/lampe-de-table\/\"},{\"@type\":\"ListItem\",\"position\":5,\"name\":\"Head in Stars Dor\u00e9\"}]},{\"@type\":\"WebSite\",\"@id\":\"https:\/\/softicated.com\/#website\",\"url\":\"https:\/\/softicated.com\/\",\"name\":\"Softicated\",\"description\":\"Cr\u00e9ateur de meubles, luminaires et tapis premium\",\"publisher\":{\"@id\":\"https:\/\/softicated.com\/#organization\"},\"potentialAction\":[{\"@type\":\"SearchAction\",\"target\":{\"@type\":\"EntryPoint\",\"urlTemplate\":\"https:\/\/softicated.com\/?s={search_term_string}\"},\"query-input\":{\"@type\":\"PropertyValueSpecification\",\"valueRequired\":true,\"valueName\":\"search_term_string\"}}],\"inLanguage\":\"de-CH\"},{\"@type\":\"Organization\",\"@id\":\"https:\/\/softicated.com\/#organization\",\"name\":\"Softicated\",\"url\":\"https:\/\/softicated.com\/\",\"logo\":{\"@type\":\"ImageObject\",\"inLanguage\":\"de-CH\",\"@id\":\"https:\/\/softicated.com\/#\/schema\/logo\/image\/\",\"url\":\"https:\/\/softicated.com\/wp-content\/uploads\/2025\/11\/logo-dark-2.svg\",\"contentUrl\":\"https:\/\/softicated.com\/wp-content\/uploads\/2025\/11\/logo-dark-2.svg\",\"caption\":\"Softicated\"},\"image\":{\"@id\":\"https:\/\/softicated.com\/#\/schema\/logo\/image\/\"},\"sameAs\":[\"https:\/\/www.facebook.com\/Softicated\",\"https:\/\/www.pinterest.com\/softicateddesign\",\"https:\/\/www.instagram.com\/softicated.design\"]}]}<\/script>\n<!-- \/ Yoast SEO Premium plugin. -->","yoast_head_json":{"title":"Design-Tischlampe - Head in Stars Gold - Softicated","description":"Die Inspiration f\u00fcr diese Tischlampe \u201eHead in Stars\u201c ist zweifach: die Rakete (aus Tim und Struppi) f\u00fcr den Sockel und der maritime Leuchtturm f\u00fcr den leuchtenden Teil.","robots":{"index":"index","follow":"follow","max-snippet":"max-snippet:-1","max-image-preview":"max-image-preview:large","max-video-preview":"max-video-preview:-1"},"canonical":"https:\/\/softicated.com\/de\/produit\/head-in-stars-dore\/","og_locale":"de_DE","og_type":"article","og_title":"Lampe de table design - Head in Stars Dore","og_description":"L\u2019inspiration de cette lampe de table Head in Stars est double: la fus\u00e9e (de Tintin) pour la base et le phare maritime pour la partie \u00e9clairante.","og_url":"https:\/\/softicated.com\/de\/produit\/head-in-stars-dore\/","og_site_name":"Softicated","article_publisher":"https:\/\/www.facebook.com\/Softicated","article_modified_time":"2026-03-11T11:32:34+00:00","og_image":[{"width":1800,"height":1300,"url":"https:\/\/softicated.com\/wp-content\/uploads\/2022\/10\/Head-in-Stars_gold_off_softicated.webp","type":"image\/webp"}],"twitter_card":"summary_large_image","schema":{"@context":"https:\/\/schema.org","@graph":[{"@type":"WebPage","@id":"https:\/\/softicated.com\/produit\/head-in-stars-dore\/","url":"https:\/\/softicated.com\/produit\/head-in-stars-dore\/","name":"Design-Tischlampe - Head in Stars Gold - Softicated","isPartOf":{"@id":"https:\/\/softicated.com\/#website"},"primaryImageOfPage":{"@id":"https:\/\/softicated.com\/produit\/head-in-stars-dore\/#primaryimage"},"image":{"@id":"https:\/\/softicated.com\/produit\/head-in-stars-dore\/#primaryimage"},"thumbnailUrl":"https:\/\/softicated.com\/wp-content\/uploads\/2022\/10\/Head-in-Stars_gold_off_softicated.webp","datePublished":"2022-10-18T14:55:12+00:00","dateModified":"2026-03-11T11:32:34+00:00","description":"Die Inspiration f\u00fcr diese Tischlampe \u201eHead in Stars\u201c ist zweifach: die Rakete (aus Tim und Struppi) f\u00fcr den Sockel und der maritime Leuchtturm f\u00fcr den leuchtenden Teil.","breadcrumb":{"@id":"https:\/\/softicated.com\/produit\/head-in-stars-dore\/#breadcrumb"},"inLanguage":"de-CH","potentialAction":[{"@type":"ReadAction","target":["https:\/\/softicated.com\/produit\/head-in-stars-dore\/"]}]},{"@type":"ImageObject","inLanguage":"de-CH","@id":"https:\/\/softicated.com\/produit\/head-in-stars-dore\/#primaryimage","url":"https:\/\/softicated.com\/wp-content\/uploads\/2022\/10\/Head-in-Stars_gold_off_softicated.webp","contentUrl":"https:\/\/softicated.com\/wp-content\/uploads\/2022\/10\/Head-in-Stars_gold_off_softicated.webp","width":1800,"height":1300,"caption":"Head in Stars - Dor\u00e9 Main"},{"@type":"BreadcrumbList","@id":"https:\/\/softicated.com\/produit\/head-in-stars-dore\/#breadcrumb","itemListElement":[{"@type":"ListItem","position":1,"name":"Accueil","item":"https:\/\/softicated.com\/"},{"@type":"ListItem","position":2,"name":"Produits Mobilier Premium Softicated","item":"https:\/\/softicated.com\/produits\/"},{"@type":"ListItem","position":3,"name":"Luminaire Design","item":"https:\/\/softicated.com\/categorie-produit\/luminaire\/"},{"@type":"ListItem","position":4,"name":"Lampe de table design","item":"https:\/\/softicated.com\/categorie-produit\/luminaire\/lampe-de-table\/"},{"@type":"ListItem","position":5,"name":"Head in Stars Dor\u00e9"}]},{"@type":"WebSite","@id":"https:\/\/softicated.com\/#website","url":"https:\/\/softicated.com\/","name":"Softicated","description":"Sch\u00f6pfer hochwertiger M\u00f6bel, Leuchten und Teppiche","publisher":{"@id":"https:\/\/softicated.com\/#organization"},"potentialAction":[{"@type":"SearchAction","target":{"@type":"EntryPoint","urlTemplate":"https:\/\/softicated.com\/?s={search_term_string}"},"query-input":{"@type":"PropertyValueSpecification","valueRequired":true,"valueName":"search_term_string"}}],"inLanguage":"de-CH"},{"@type":"Organization","@id":"https:\/\/softicated.com\/#organization","name":"Softicated","url":"https:\/\/softicated.com\/","logo":{"@type":"ImageObject","inLanguage":"de-CH","@id":"https:\/\/softicated.com\/#\/schema\/logo\/image\/","url":"https:\/\/softicated.com\/wp-content\/uploads\/2025\/11\/logo-dark-2.svg","contentUrl":"https:\/\/softicated.com\/wp-content\/uploads\/2025\/11\/logo-dark-2.svg","caption":"Softicated"},"image":{"@id":"https:\/\/softicated.com\/#\/schema\/logo\/image\/"},"sameAs":["https:\/\/www.facebook.com\/Softicated","https:\/\/www.pinterest.com\/softicateddesign","https:\/\/www.instagram.com\/softicated.design"]}]}},"_links":{"self":[{"href":"https:\/\/softicated.com\/de\/wp-json\/wp\/v2\/product\/8672","targetHints":{"allow":["GET"]}}],"collection":[{"href":"https:\/\/softicated.com\/de\/wp-json\/wp\/v2\/product"}],"about":[{"href":"https:\/\/softicated.com\/de\/wp-json\/wp\/v2\/types\/product"}],"replies":[{"embeddable":true,"href":"https:\/\/softicated.com\/de\/wp-json\/wp\/v2\/comments?post=8672"}],"wp:featuredmedia":[{"embeddable":true,"href":"https:\/\/softicated.com\/de\/wp-json\/wp\/v2\/media\/12341"}],"wp:attachment":[{"href":"https:\/\/softicated.com\/de\/wp-json\/wp\/v2\/media?parent=8672"}],"wp:term":[{"taxonomy":"product_brand","embeddable":true,"href":"https:\/\/softicated.com\/de\/wp-json\/wp\/v2\/product_brand?post=8672"},{"taxonomy":"product_cat","embeddable":true,"href":"https:\/\/softicated.com\/de\/wp-json\/wp\/v2\/product_cat?post=8672"},{"taxonomy":"product_tag","embeddable":true,"href":"https:\/\/softicated.com\/de\/wp-json\/wp\/v2\/product_tag?post=8672"},{"taxonomy":"collections","embeddable":true,"href":"https:\/\/softicated.com\/de\/wp-json\/wp\/v2\/collections?post=8672"},{"taxonomy":"awards","embeddable":true,"href":"https:\/\/softicated.com\/de\/wp-json\/wp\/v2\/awards?post=8672"},{"taxonomy":"by_color","embeddable":true,"href":"https:\/\/softicated.com\/de\/wp-json\/wp\/v2\/by_color?post=8672"}],"curies":[{"name":"wp","href":"https:\/\/api.w.org\/{rel}","templated":true}]}}